{"id":9206,"date":"2022-10-15T20:17:57","date_gmt":"2022-10-15T18:17:57","guid":{"rendered":"https:\/\/www.lraloeverashop.eu\/product\/figu-active-frappe-fragola-banana\/"},"modified":"2026-02-03T20:22:25","modified_gmt":"2026-02-03T19:22:25","slug":"figu-active-frappe-fragola-banana","status":"publish","type":"product","link":"https:\/\/www.lraloeverashop.eu\/it\/prodotto\/figu-active-frappe-fragola-banana\/","title":{"rendered":"Frullato Dimagrante Alla Fragola"},"content":{"rendered":"<h2><span style=\"font-size: 16pt;\"><strong>Frullato Dimagrante Alla Fragolaa<\/strong><\/span><\/h2>\n<p><span style=\"font-size: 14pt;\"><strong>Frullato Dimagrante Alla Fragola con solo 217 calorie per porzione<\/strong><\/span><\/p>\n<p>Vuoi perdere peso? Figu Active Prodotti ti aiutano a raggiungere il peso desiderato senza sforzo. per quelli che amano la frutta, si consiglia il Frullato Dimagrante alla Fragola!<\/p>\n<p>La bevanda dimagrante fruttata \u00e8 deliziosa, si mescola rapidamente e facilmente e sostituisce un pasto completo: una porzione fornisce al corpo tutti i nutrienti necessari, come vitamine, minerali, oligoelementi e aminoacidi, proprio come un pasto &#8220;normale&#8221; ma contenente meno calorie, non \u00e8 pi\u00f9 necessario cucinare, contare le calorie consumate e seguire complicati piani dietetici..<\/p>\n<p>Il Figu Active Frullato Dimagrante alla Fragola contiene inulina. Poich\u00e9 l&#8217;inulina ha un effetto stimolante sulla funzione intestinale e sulla flora intestinale, un&#8217;assunzione maggiore pu\u00f2 portare a problemi digestivi (flatulenza, diarrea). Le persone con un tratto gastrointestinale sensibile dovrebbero consultare il proprio medico prima di consumare il prodotto.<\/p>\n<p><strong>Gestione del peso:<\/strong><\/p>\n<h3><a style=\"transition-property: all; outline: 0px;\" href=\"https:\/\/www.lraloeverashop.eu\/it\/sostituto-del-pasto-figu-active-la-dieta-intelligente-per-la-perdita-di-peso\/\"><span style=\"font-size: 16pt;\"><strong><img loading=\"lazy\" decoding=\"async\" class=\"alignright size-full wp-image-9048\" style=\"margin-left: var(--global-md-spacing);\" src=\"https:\/\/www.lraloeverashop.eu\/wp-content\/uploads\/2022\/12\/Lifetakt-Weight-loss-diet.jpg\" alt=\"Lifetakt Weight loss diet\" width=\"248\" height=\"379\" srcset=\"https:\/\/www.lraloeverashop.eu\/wp-content\/uploads\/2022\/12\/Lifetakt-Weight-loss-diet.jpg 248w, https:\/\/www.lraloeverashop.eu\/wp-content\/uploads\/2022\/12\/Lifetakt-Weight-loss-diet-196x300.jpg 196w\" sizes=\"auto, (max-width: 248px) 100vw, 248px\" \/><\/strong><\/span><\/a><\/h3>\n<p>Sostituire due dei vostri pasti quotidiani con il Frullato Dimagrante alla Fragola contribuisce alla perdita di peso. Il Frullato Dimagrante Figu Active \u00e8 un ottimo <a href=\"https:\/\/www.lraloeverashop.eu\/it\/sostituto-del-pasto-figu-active-la-dieta-intelligente-per-la-perdita-di-peso\/\"><strong>sostituto del pasto<\/strong><\/a> che pu\u00f2 essere utilizzato per lunghi periodi di tempo..<\/p>\n<p><strong>Mantenimento del peso:<\/strong><br \/>\nSostituire due dei tuoi pasti giornalieri con il Frullato Dimagrante Alla Fragola aiuta a mantenere il peso desiderato dopo la perdita di peso. Basta sostituire uno dei tuoi pasti quotidiani con esso.<\/p>\n<p>I Figu Active prodotti ti aiutano a fare della perdita di peso un&#8217;esperienza equilibrata, facile e divertente. Godetevi Frullato Dimagrante Alla Fragola come una colazione equilibrata, a mezzogiorno o come una cena soddisfacente.<\/p>\n<p>&nbsp;<\/p>\n<h3><span style=\"font-size: 16pt;\"><strong>Preparazione di Frullato Dimagrante Alla Fragola<\/strong><\/span><\/h3>\n<p>Mescolare 3 cucchiai (28 g di polvere) in 300 ml di latte magro privo di lattosio (1,5% di grasso) in un bicchiere grande di almeno 350 ml di capacit\u00e0. Si consiglia inoltre di utilizzare l\u2019agitatore da <a href=\"https:\/\/shop.lrworld.com\/home\/IT\/it?PHP=0vFlt7jT938BEnBI3a6e9w%3D%3D\"><strong>Lr Health &amp; Beauty<\/strong><\/a>. Lascia riposare un po \u2018, mescola ancora e la colazione, il pranzo o la cena sono pronti! Consumare immediatamente dopo la preparazione.<\/p>\n<p>Assicurati di bere molti liquidi durante la dieta. Bere preferibilmente 2-3 litri di t\u00e8 senza calorie o senza zucchero. Il prodotto soddisfa il suo scopo solo nel contesto di una <a href=\"https:\/\/www.lraloeverashop.eu\/it\/prodotto\/zuppa-di-patate-dolci\/\"><strong>dieta a basso contenuto calorico<\/strong><\/a>. Garantire una dieta ricca e bilanciata e uno stile di vita sano.<\/p>\n<p>La tua dieta dovrebbe includere anche altri alimenti. Il pasto preparato contiene tutti i nutrienti necessari in quantit\u00e0 sufficienti. Contiene zuccheri naturali. Lo Frullato Dimagrante Alla Fragola preparato contiene tracce di proteine \u200b\u200bdel latte prive di lattosio.<\/p>\n<p>Agitare il pacchetto prima dell\u2019uso. Il volume di riempimento del prodotto \u00e8 soggetto a variazioni di natura tecnica. Conservare in luogo fresco e asciutto e consumare poco dopo l\u2019apertura.<\/p>\n<p><strong>Suggerimento importante:<\/strong> se non si seguono le istruzioni per la preparazione, il valore nutrizionale del pasto preparato cambia. Ci\u00f2 pu\u00f2 influire sull\u2019esito della tua dieta. L\u2019uso dei prodotti Figu Active diventa pi\u00f9 efficace quando vengono seguite le istruzioni sulla confezione.<\/p>\n<p>&nbsp;<\/p>\n<h4><span style=\"font-size: 16pt;\"><strong><a href=\"https:\/\/www.lraloeverashop.eu\/wp-content\/uploads\/2024\/09\/weight-loss-diet-review-300x300.jpeg\"><img loading=\"lazy\" decoding=\"async\" class=\"alignleft wp-image-16351 size-medium\" src=\"https:\/\/www.lraloeverashop.eu\/wp-content\/uploads\/2024\/09\/weight-loss-diet-review-300x300.jpeg\" alt=\"Recensione della dieta dimagrante\" width=\"300\" height=\"300\" srcset=\"https:\/\/www.lraloeverashop.eu\/wp-content\/uploads\/2024\/09\/weight-loss-diet-review-300x300.jpeg 300w, https:\/\/www.lraloeverashop.eu\/wp-content\/uploads\/2024\/09\/weight-loss-diet-review-1024x1024.jpeg 1024w, https:\/\/www.lraloeverashop.eu\/wp-content\/uploads\/2024\/09\/weight-loss-diet-review-150x150.jpeg 150w, https:\/\/www.lraloeverashop.eu\/wp-content\/uploads\/2024\/09\/weight-loss-diet-review-768x768.jpeg 768w, https:\/\/www.lraloeverashop.eu\/wp-content\/uploads\/2024\/09\/weight-loss-diet-review-600x600.jpeg 600w, https:\/\/www.lraloeverashop.eu\/wp-content\/uploads\/2024\/09\/weight-loss-diet-review-100x100.jpeg 100w, https:\/\/www.lraloeverashop.eu\/wp-content\/uploads\/2024\/09\/weight-loss-diet-review.jpeg 1200w\" sizes=\"auto, (max-width: 300px) 100vw, 300px\" \/><\/a>Domande e Risposte<\/strong><\/span><\/h4>\n<h3><span style=\"font-size: 14pt;\"><strong>Cos\u2019\u00e8 Figu Active?<\/strong><\/span><\/h3>\n<p>Figu Active \u00e8 una gamma di prodotti che consente una sana gestione del peso. La gamma di prodotti Figu Active comprende <a href=\"https:\/\/www.lraloeverashop.eu\/it\/prodotto\/figu-active-frappe-vaniglia\/\">frullati<\/a>, fiochi, zuppe e barrette. I prodotti sostitutivi del pasto possono sostituire un pasto completo, contenente tutti i nutrienti necessari come vitamine, minerali, aminoacidi, oligoelementi, ecc. Che sono essenziali per il corpo.<\/p>\n<p>Tuttavia, contengono meno calorie di un pasto normale. I prodotti sostitutivi dei pasti sono integrati da altri prodotti che rendono pi\u00f9 facile e pi\u00f9 efficace la gestione del peso, come il Figu Active <a href=\"https:\/\/www.lraloeverashop.eu\/it\/le-tisane-dimagranti-possono-aiutarti-a-perdere-peso\/\">Te alle erbe<\/a>, Aloe Vera gel da bere alla pesca e il potenziamento delle fibre che supportano la perdita di peso.<\/p>\n<p>&nbsp;<\/p>\n<h3><span style=\"font-size: 14pt;\"><strong> <a href=\"https:\/\/www.lraloeverashop.eu\/wp-content\/uploads\/2024\/09\/man-weight-loss-before-and-after-300x300.jpeg\"><img loading=\"lazy\" decoding=\"async\" class=\"alignleft wp-image-16358 size-medium\" src=\"https:\/\/www.lraloeverashop.eu\/wp-content\/uploads\/2024\/09\/man-weight-loss-before-and-after-300x300.jpeg\" alt=\"Dieta dimagrante prima e dopo\" width=\"300\" height=\"300\" srcset=\"https:\/\/www.lraloeverashop.eu\/wp-content\/uploads\/2024\/09\/man-weight-loss-before-and-after-300x300.jpeg 300w, https:\/\/www.lraloeverashop.eu\/wp-content\/uploads\/2024\/09\/man-weight-loss-before-and-after-1024x1024.jpeg 1024w, https:\/\/www.lraloeverashop.eu\/wp-content\/uploads\/2024\/09\/man-weight-loss-before-and-after-150x150.jpeg 150w, https:\/\/www.lraloeverashop.eu\/wp-content\/uploads\/2024\/09\/man-weight-loss-before-and-after-768x768.jpeg 768w, https:\/\/www.lraloeverashop.eu\/wp-content\/uploads\/2024\/09\/man-weight-loss-before-and-after-600x600.jpeg 600w, https:\/\/www.lraloeverashop.eu\/wp-content\/uploads\/2024\/09\/man-weight-loss-before-and-after-100x100.jpeg 100w, https:\/\/www.lraloeverashop.eu\/wp-content\/uploads\/2024\/09\/man-weight-loss-before-and-after.jpeg 1200w\" sizes=\"auto, (max-width: 300px) 100vw, 300px\" \/><\/a>Quali e quanti pasti posso sostituire con Figu Active?<\/strong><\/span><\/h3>\n<p>Hai molte opzioni: con i prodotti Figu Active puoi sostituire tutto o solo uno dei tuoi tre pasti giornalieri.<\/p>\n<p>Ti consigliamo di sostituire uno dei tuoi pasti giornalieri con Frullato Dimagrante per mantenere il peso desiderato, sostituendo due dei tuoi pasti giornalieri con Figu Active per la <a href=\"https:\/\/www.lraloeverashop.eu\/it\/prodotto\/figu-active-frappe-cioccolato-cremoso\/\">perdita di peso<\/a>, in combinazione con un terzo pasto a basso contenuto di grassi bilanciato.<\/p>\n<p>Puoi decidere liberamente quali pasti desideri sostituire.<\/p>\n<p>Puoi scegliere un Frullato Dimagrante Alla Fragola per colazione, un pasto bilanciato, a basso contenuto di grassi (ad es. Pesce, verdure o insalata) per il pranzo e una deliziosa zuppa di Figu Active per cena.<\/p>\n<p>&nbsp;<\/p>\n<p>Assicurati di non perdere mai la colazione. La colazione stimola il metabolismo e impedisce l\u2019attivazione di meccanismi difensivi di risparmio energetico (calorie). Figu Active Frullato o <a href=\"https:\/\/www.lraloeverashop.eu\/it\/prodotto\/figu-active-fiocchi-di-mirtillo-croccante\/\">Figu Active Fiochi<\/a> sono una scelta eccellente per una colazione equilibrata.<\/p>\n","protected":false},"excerpt":{"rendered":"<ul>\n<li>Frullato cremoso al gusto di fragola<\/li>\n<li>Ogni porzione sostituisce un pasto completo<\/li>\n<li>Per perdere e mantenere il peso<\/li>\n<li>Supporta la perdita di peso con solo 217 calorie per porzione<\/li>\n<li>100% vegano, dolcificato con stevia, solo aromi naturali<\/li>\n<li>Alto contenuto di fibre e proteine<\/li>\n<li>Quantit\u00e0: 496 g<\/li>\n<\/ul>\n<p><span style=\"color: #ff0000;\"><a style=\"color: #ff0000;\" href=\"https:\/\/shop.lrworld.com\/openpao?PHP=0vFlt7jT938BEnBI3a6e9w%3D%3D\"><span style=\"font-size: 14pt;\"><strong>Registrati ora e risparmia il 35% su ogni ordine<\/strong><\/span><\/a><\/span><\/p>\n","protected":false},"featured_media":9737,"comment_status":"open","ping_status":"closed","template":"","meta":{"_kad_blocks_custom_css":"","_kad_blocks_head_custom_js":"","_kad_blocks_body_custom_js":"","_kad_blocks_footer_custom_js":"","_kadence_starter_templates_imported_post":false,"_kad_post_transparent":"default","_kad_post_title":"","_kad_post_layout":"default","_kad_post_sidebar_id":"","_kad_post_content_style":"default","_kad_post_vertical_padding":"default","_kad_post_feature":"","_kad_post_feature_position":"","_kad_post_header":false,"_kad_post_footer":false,"_kad_post_classname":""},"product_brand":[],"product_cat":[311,335],"product_tag":[603],"class_list":{"0":"post-9206","1":"product","2":"type-product","3":"status-publish","4":"has-post-thumbnail","6":"product_cat-body-mission-frappe","7":"product_cat-supplementi-dietetici","8":"product_tag-dieta","10":"first","11":"instock","12":"taxable","13":"shipping-taxable","14":"purchasable","15":"product-type-simple","16":"entry","17":"content-bg","18":"loop-entry"},"yoast_head":"<!-- This site is optimized with the Yoast SEO Premium plugin v27.5 (Yoast SEO v27.5) - https:\/\/yoast.com\/product\/yoast-seo-premium-wordpress\/ -->\n<title>Frullato Dimagrante Alla Fragola con solo 217 calorie per porzione<\/title>\n<meta name=\"description\" content=\"Frullato Dimagrante Alla Fragola con alto contenuto di fibre e proteine supporta perdere il peso. 100% vegano, dolcificato con stevia, solo aromi naturali.\" \/>\n<meta name=\"robots\" content=\"index, follow, max-snippet:-1, max-image-preview:large, max-video-preview:-1\" \/>\n<link rel=\"canonical\" href=\"https:\/\/www.lraloeverashop.eu\/it\/prodotto\/figu-active-frappe-fragola-banana\/\" \/>\n<meta property=\"og:locale\" content=\"it_IT\" \/>\n<meta property=\"og:type\" content=\"article\" \/>\n<meta property=\"og:title\" content=\"Frullato Dimagrante Alla Fragola\" \/>\n<meta property=\"og:description\" content=\"Frullato Dimagrante Alla Fragola con alto contenuto di fibre e proteine supporta perdere il peso. 100% vegano, dolcificato con stevia, solo aromi naturali.\" \/>\n<meta property=\"og:url\" content=\"https:\/\/www.lraloeverashop.eu\/it\/prodotto\/figu-active-frappe-fragola-banana\/\" \/>\n<meta property=\"og:site_name\" content=\"Lr Negozio di Aloe Vera\" \/>\n<meta property=\"article:publisher\" content=\"https:\/\/www.facebook.com\/lraloeverashop.eu\" \/>\n<meta property=\"article:modified_time\" content=\"2026-02-03T19:22:25+00:00\" \/>\n<meta property=\"og:image\" content=\"https:\/\/www.lraloeverashop.eu\/wp-content\/uploads\/2023\/01\/Figuactive-Shake-Strawberry.jpg\" \/>\n\t<meta property=\"og:image:width\" content=\"1200\" \/>\n\t<meta property=\"og:image:height\" content=\"1200\" \/>\n\t<meta property=\"og:image:type\" content=\"image\/jpeg\" \/>\n<meta name=\"twitter:card\" content=\"summary_large_image\" \/>\n<meta name=\"twitter:site\" content=\"@natur__kosmetik\" \/>\n<script type=\"application\/ld+json\" class=\"yoast-schema-graph\">{\"@context\":\"https:\\\/\\\/schema.org\",\"@graph\":[{\"@type\":[\"WebPage\",\"ItemPage\"],\"@id\":\"https:\\\/\\\/www.lraloeverashop.eu\\\/it\\\/prodotto\\\/figu-active-frappe-fragola-banana\\\/\",\"url\":\"https:\\\/\\\/www.lraloeverashop.eu\\\/it\\\/prodotto\\\/figu-active-frappe-fragola-banana\\\/\",\"name\":\"Frullato Dimagrante Alla Fragola con solo 217 calorie per porzione\",\"isPartOf\":{\"@id\":\"https:\\\/\\\/www.lraloeverashop.eu\\\/it\\\/#website\"},\"primaryImageOfPage\":{\"@id\":\"https:\\\/\\\/www.lraloeverashop.eu\\\/it\\\/prodotto\\\/figu-active-frappe-fragola-banana\\\/#primaryimage\"},\"image\":{\"@id\":\"https:\\\/\\\/www.lraloeverashop.eu\\\/it\\\/prodotto\\\/figu-active-frappe-fragola-banana\\\/#primaryimage\"},\"thumbnailUrl\":\"https:\\\/\\\/www.lraloeverashop.eu\\\/wp-content\\\/uploads\\\/2023\\\/01\\\/Figuactive-Shake-Strawberry.jpg\",\"datePublished\":\"2022-10-15T18:17:57+00:00\",\"dateModified\":\"2026-02-03T19:22:25+00:00\",\"description\":\"Frullato Dimagrante Alla Fragola con alto contenuto di fibre e proteine supporta perdere il peso. 100% vegano, dolcificato con stevia, solo aromi naturali.\",\"breadcrumb\":{\"@id\":\"https:\\\/\\\/www.lraloeverashop.eu\\\/it\\\/prodotto\\\/figu-active-frappe-fragola-banana\\\/#breadcrumb\"},\"inLanguage\":\"it-IT\",\"potentialAction\":[{\"@type\":\"ReadAction\",\"target\":[\"https:\\\/\\\/www.lraloeverashop.eu\\\/it\\\/prodotto\\\/figu-active-frappe-fragola-banana\\\/\"]}]},{\"@type\":\"ImageObject\",\"inLanguage\":\"it-IT\",\"@id\":\"https:\\\/\\\/www.lraloeverashop.eu\\\/it\\\/prodotto\\\/figu-active-frappe-fragola-banana\\\/#primaryimage\",\"url\":\"https:\\\/\\\/www.lraloeverashop.eu\\\/wp-content\\\/uploads\\\/2023\\\/01\\\/Figuactive-Shake-Strawberry.jpg\",\"contentUrl\":\"https:\\\/\\\/www.lraloeverashop.eu\\\/wp-content\\\/uploads\\\/2023\\\/01\\\/Figuactive-Shake-Strawberry.jpg\",\"width\":1200,\"height\":1200,\"caption\":\"Figu Active Frullato di Fragola\"},{\"@type\":\"BreadcrumbList\",\"@id\":\"https:\\\/\\\/www.lraloeverashop.eu\\\/it\\\/prodotto\\\/figu-active-frappe-fragola-banana\\\/#breadcrumb\",\"itemListElement\":[{\"@type\":\"ListItem\",\"position\":1,\"name\":\"Home\",\"item\":\"https:\\\/\\\/www.lraloeverashop.eu\\\/it\\\/\"},{\"@type\":\"ListItem\",\"position\":2,\"name\":\"Negozio\",\"item\":\"https:\\\/\\\/www.lraloeverashop.eu\\\/it\\\/negozio\\\/\"},{\"@type\":\"ListItem\",\"position\":3,\"name\":\"Frullato Dimagrante Alla Fragola\"}]},{\"@type\":\"WebSite\",\"@id\":\"https:\\\/\\\/www.lraloeverashop.eu\\\/it\\\/#website\",\"url\":\"https:\\\/\\\/www.lraloeverashop.eu\\\/it\\\/\",\"name\":\"Lr Negozio di Aloe Vera\",\"description\":\"High Quality Lr Aloe Vera Gel, Aloe Vera Cream and Shampoo\",\"publisher\":{\"@id\":\"https:\\\/\\\/www.lraloeverashop.eu\\\/it\\\/#organization\"},\"alternateName\":\"LR\",\"potentialAction\":[{\"@type\":\"SearchAction\",\"target\":{\"@type\":\"EntryPoint\",\"urlTemplate\":\"https:\\\/\\\/www.lraloeverashop.eu\\\/it\\\/?s={search_term_string}\"},\"query-input\":{\"@type\":\"PropertyValueSpecification\",\"valueRequired\":true,\"valueName\":\"search_term_string\"}}],\"inLanguage\":\"it-IT\"},{\"@type\":\"Organization\",\"@id\":\"https:\\\/\\\/www.lraloeverashop.eu\\\/it\\\/#organization\",\"name\":\"Negozio di Lr Aloe Vera\",\"alternateName\":\"LR\",\"url\":\"https:\\\/\\\/www.lraloeverashop.eu\\\/it\\\/\",\"logo\":{\"@type\":\"ImageObject\",\"inLanguage\":\"it-IT\",\"@id\":\"https:\\\/\\\/www.lraloeverashop.eu\\\/it\\\/#\\\/schema\\\/logo\\\/image\\\/\",\"url\":\"https:\\\/\\\/www.lraloeverashop.eu\\\/wp-content\\\/uploads\\\/2022\\\/09\\\/cropped-Lr-Aloe-Vera-Shop.jpg\",\"contentUrl\":\"https:\\\/\\\/www.lraloeverashop.eu\\\/wp-content\\\/uploads\\\/2022\\\/09\\\/cropped-Lr-Aloe-Vera-Shop.jpg\",\"width\":228,\"height\":76,\"caption\":\"Negozio di Lr Aloe Vera\"},\"image\":{\"@id\":\"https:\\\/\\\/www.lraloeverashop.eu\\\/it\\\/#\\\/schema\\\/logo\\\/image\\\/\"},\"sameAs\":[\"https:\\\/\\\/www.facebook.com\\\/lraloeverashop.eu\",\"https:\\\/\\\/x.com\\\/natur__kosmetik\",\"https:\\\/\\\/www.youtube.com\\\/channel\\\/UC5oN7BJ8nfYb8RpVtjwDEBA\",\"https:\\\/\\\/www.instagram.com\\\/lrbeautyeu\\\/\"],\"description\":\"Negozio di Lr Aloe Vera \u00e8 il tuo punto di riferimento per i prodotti LR Health & Beauty di alta qualit\u00e0, realizzati in Germania. Offriamo soluzioni per la cura della pelle, l'alimentazione e l'anti-et\u00e0 a base di Aloe Vera, formulate con ingredienti puri e supportate da ricerche scientifiche. Scopri una cura naturale che rigenera, protegge e rivitalizza la tua pelle e approfitta delle esclusive offerte mensili sui nostri prodotti LR Aloe Vera pi\u00f9 venduti.\\nInizia oggi il tuo percorso di cura della pelle naturale e senti la differenza.\",\"email\":\"info@lraloeverashop.eu\",\"telephone\":\"+49 17670609653\",\"legalName\":\"Lr Aloe Vera Shop\",\"foundingDate\":\"2018-04-21\",\"numberOfEmployees\":{\"@type\":\"QuantitativeValue\",\"minValue\":\"1\",\"maxValue\":\"10\"}}]}<\/script>\n<meta property=\"product:price:amount\" content=\"48.59\" \/>\n<meta property=\"product:price:currency\" content=\"EUR\" \/>\n<meta property=\"og:availability\" content=\"instock\" \/>\n<meta property=\"product:availability\" content=\"instock\" \/>\n<meta property=\"product:retailer_item_id\" content=\"81241-1IT\" \/>\n<meta property=\"product:condition\" content=\"new\" \/>\n<!-- \/ Yoast SEO Premium plugin. -->","yoast_head_json":{"title":"Frullato Dimagrante Alla Fragola con solo 217 calorie per porzione","description":"Frullato Dimagrante Alla Fragola con alto contenuto di fibre e proteine supporta perdere il peso. 100% vegano, dolcificato con stevia, solo aromi naturali.","robots":{"index":"index","follow":"follow","max-snippet":"max-snippet:-1","max-image-preview":"max-image-preview:large","max-video-preview":"max-video-preview:-1"},"canonical":"https:\/\/www.lraloeverashop.eu\/it\/prodotto\/figu-active-frappe-fragola-banana\/","og_locale":"it_IT","og_type":"article","og_title":"Frullato Dimagrante Alla Fragola","og_description":"Frullato Dimagrante Alla Fragola con alto contenuto di fibre e proteine supporta perdere il peso. 100% vegano, dolcificato con stevia, solo aromi naturali.","og_url":"https:\/\/www.lraloeverashop.eu\/it\/prodotto\/figu-active-frappe-fragola-banana\/","og_site_name":"Lr Negozio di Aloe Vera","article_publisher":"https:\/\/www.facebook.com\/lraloeverashop.eu","article_modified_time":"2026-02-03T19:22:25+00:00","og_image":[{"width":1200,"height":1200,"url":"https:\/\/www.lraloeverashop.eu\/wp-content\/uploads\/2023\/01\/Figuactive-Shake-Strawberry.jpg","type":"image\/jpeg"}],"twitter_card":"summary_large_image","twitter_site":"@natur__kosmetik","schema":{"@context":"https:\/\/schema.org","@graph":[{"@type":["WebPage","ItemPage"],"@id":"https:\/\/www.lraloeverashop.eu\/it\/prodotto\/figu-active-frappe-fragola-banana\/","url":"https:\/\/www.lraloeverashop.eu\/it\/prodotto\/figu-active-frappe-fragola-banana\/","name":"Frullato Dimagrante Alla Fragola con solo 217 calorie per porzione","isPartOf":{"@id":"https:\/\/www.lraloeverashop.eu\/it\/#website"},"primaryImageOfPage":{"@id":"https:\/\/www.lraloeverashop.eu\/it\/prodotto\/figu-active-frappe-fragola-banana\/#primaryimage"},"image":{"@id":"https:\/\/www.lraloeverashop.eu\/it\/prodotto\/figu-active-frappe-fragola-banana\/#primaryimage"},"thumbnailUrl":"https:\/\/www.lraloeverashop.eu\/wp-content\/uploads\/2023\/01\/Figuactive-Shake-Strawberry.jpg","datePublished":"2022-10-15T18:17:57+00:00","dateModified":"2026-02-03T19:22:25+00:00","description":"Frullato Dimagrante Alla Fragola con alto contenuto di fibre e proteine supporta perdere il peso. 100% vegano, dolcificato con stevia, solo aromi naturali.","breadcrumb":{"@id":"https:\/\/www.lraloeverashop.eu\/it\/prodotto\/figu-active-frappe-fragola-banana\/#breadcrumb"},"inLanguage":"it-IT","potentialAction":[{"@type":"ReadAction","target":["https:\/\/www.lraloeverashop.eu\/it\/prodotto\/figu-active-frappe-fragola-banana\/"]}]},{"@type":"ImageObject","inLanguage":"it-IT","@id":"https:\/\/www.lraloeverashop.eu\/it\/prodotto\/figu-active-frappe-fragola-banana\/#primaryimage","url":"https:\/\/www.lraloeverashop.eu\/wp-content\/uploads\/2023\/01\/Figuactive-Shake-Strawberry.jpg","contentUrl":"https:\/\/www.lraloeverashop.eu\/wp-content\/uploads\/2023\/01\/Figuactive-Shake-Strawberry.jpg","width":1200,"height":1200,"caption":"Figu Active Frullato di Fragola"},{"@type":"BreadcrumbList","@id":"https:\/\/www.lraloeverashop.eu\/it\/prodotto\/figu-active-frappe-fragola-banana\/#breadcrumb","itemListElement":[{"@type":"ListItem","position":1,"name":"Home","item":"https:\/\/www.lraloeverashop.eu\/it\/"},{"@type":"ListItem","position":2,"name":"Negozio","item":"https:\/\/www.lraloeverashop.eu\/it\/negozio\/"},{"@type":"ListItem","position":3,"name":"Frullato Dimagrante Alla Fragola"}]},{"@type":"WebSite","@id":"https:\/\/www.lraloeverashop.eu\/it\/#website","url":"https:\/\/www.lraloeverashop.eu\/it\/","name":"Lr Negozio di Aloe Vera","description":"High Quality Lr Aloe Vera Gel, Aloe Vera Cream and Shampoo","publisher":{"@id":"https:\/\/www.lraloeverashop.eu\/it\/#organization"},"alternateName":"LR","potentialAction":[{"@type":"SearchAction","target":{"@type":"EntryPoint","urlTemplate":"https:\/\/www.lraloeverashop.eu\/it\/?s={search_term_string}"},"query-input":{"@type":"PropertyValueSpecification","valueRequired":true,"valueName":"search_term_string"}}],"inLanguage":"it-IT"},{"@type":"Organization","@id":"https:\/\/www.lraloeverashop.eu\/it\/#organization","name":"Negozio di Lr Aloe Vera","alternateName":"LR","url":"https:\/\/www.lraloeverashop.eu\/it\/","logo":{"@type":"ImageObject","inLanguage":"it-IT","@id":"https:\/\/www.lraloeverashop.eu\/it\/#\/schema\/logo\/image\/","url":"https:\/\/www.lraloeverashop.eu\/wp-content\/uploads\/2022\/09\/cropped-Lr-Aloe-Vera-Shop.jpg","contentUrl":"https:\/\/www.lraloeverashop.eu\/wp-content\/uploads\/2022\/09\/cropped-Lr-Aloe-Vera-Shop.jpg","width":228,"height":76,"caption":"Negozio di Lr Aloe Vera"},"image":{"@id":"https:\/\/www.lraloeverashop.eu\/it\/#\/schema\/logo\/image\/"},"sameAs":["https:\/\/www.facebook.com\/lraloeverashop.eu","https:\/\/x.com\/natur__kosmetik","https:\/\/www.youtube.com\/channel\/UC5oN7BJ8nfYb8RpVtjwDEBA","https:\/\/www.instagram.com\/lrbeautyeu\/"],"description":"Negozio di Lr Aloe Vera \u00e8 il tuo punto di riferimento per i prodotti LR Health & Beauty di alta qualit\u00e0, realizzati in Germania. Offriamo soluzioni per la cura della pelle, l'alimentazione e l'anti-et\u00e0 a base di Aloe Vera, formulate con ingredienti puri e supportate da ricerche scientifiche. Scopri una cura naturale che rigenera, protegge e rivitalizza la tua pelle e approfitta delle esclusive offerte mensili sui nostri prodotti LR Aloe Vera pi\u00f9 venduti.\nInizia oggi il tuo percorso di cura della pelle naturale e senti la differenza.","email":"info@lraloeverashop.eu","telephone":"+49 17670609653","legalName":"Lr Aloe Vera Shop","foundingDate":"2018-04-21","numberOfEmployees":{"@type":"QuantitativeValue","minValue":"1","maxValue":"10"}}]},"product_price_amount":"48.59","product_price_currency":"EUR","og_availability":"instock","product_availability":"instock","product_retailer_item_id":"81241-1IT","product_condition":"new"},"taxonomy_info":{"product_cat":[{"value":311,"label":"Frapp\u00e9"},{"value":335,"label":"Pasto sostitutivo"}],"product_tag":[{"value":603,"label":"Dieta"}]},"featured_image_src_large":["https:\/\/www.lraloeverashop.eu\/wp-content\/uploads\/2023\/01\/Figuactive-Shake-Strawberry-1024x1024.jpg",1024,1024,true],"author_info":[],"comment_info":0,"_links":{"self":[{"href":"https:\/\/www.lraloeverashop.eu\/it\/wp-json\/wp\/v2\/product\/9206","targetHints":{"allow":["GET"]}}],"collection":[{"href":"https:\/\/www.lraloeverashop.eu\/it\/wp-json\/wp\/v2\/product"}],"about":[{"href":"https:\/\/www.lraloeverashop.eu\/it\/wp-json\/wp\/v2\/types\/product"}],"replies":[{"embeddable":true,"href":"https:\/\/www.lraloeverashop.eu\/it\/wp-json\/wp\/v2\/comments?post=9206"}],"wp:featuredmedia":[{"embeddable":true,"href":"https:\/\/www.lraloeverashop.eu\/it\/wp-json\/wp\/v2\/media\/9737"}],"wp:attachment":[{"href":"https:\/\/www.lraloeverashop.eu\/it\/wp-json\/wp\/v2\/media?parent=9206"}],"wp:term":[{"taxonomy":"product_brand","embeddable":true,"href":"https:\/\/www.lraloeverashop.eu\/it\/wp-json\/wp\/v2\/product_brand?post=9206"},{"taxonomy":"product_cat","embeddable":true,"href":"https:\/\/www.lraloeverashop.eu\/it\/wp-json\/wp\/v2\/product_cat?post=9206"},{"taxonomy":"product_tag","embeddable":true,"href":"https:\/\/www.lraloeverashop.eu\/it\/wp-json\/wp\/v2\/product_tag?post=9206"}],"curies":[{"name":"wp","href":"https:\/\/api.w.org\/{rel}","templated":true}]}}