{"id":9170,"date":"2022-10-15T20:46:47","date_gmt":"2022-10-15T18:46:47","guid":{"rendered":"https:\/\/www.lraloeverashop.eu\/product\/figu-active-zuppa-di-patate-auberge\/"},"modified":"2026-02-03T20:21:39","modified_gmt":"2026-02-03T19:21:39","slug":"figu-active-zuppa-di-patate-auberge","status":"publish","type":"product","link":"https:\/\/www.lraloeverashop.eu\/it\/prodotto\/figu-active-zuppa-di-patate-auberge\/","title":{"rendered":"Zuppa di Verdure Figu Active"},"content":{"rendered":"<h2><span style=\"font-size: 16pt;\"><strong>Zuppa di verdure Figu Active Yummy Veggie<\/strong><\/span><\/h2>\n<p><span style=\"font-size: 14pt;\"><strong>Zuppa di Verdure Figu Active Yummy Veggie con ricco, sapore delizioso!<\/strong><\/span><\/p>\n<p>Zuppa di verdure meravigliosamente cremosa con broccoli, patate e porri porta energia nella tua vita quotidiana! Sostituisce un pasto completo e <a href=\"https:\/\/www.lraloeverashop.eu\/it\/prodotto\/figu-active-zuppa-di-pomodoro-mediterranee\/\">aiuta a perdere peso<\/a> o mantenerlo.<\/p>\n<p>La Zuppa Figu Active fornisce al corpo tutte le vitamine, i minerali, gli oligoelementi e gli amminoacidi essenziali. Una dieta bilanciata con <a href=\"https:\/\/www.lraloeverashop.eu\/it\/categoria-prodotto\/supplementi-dietetici\/\">Prodotti per dimagrire<\/a> Figu Active \u00e8 un modo semplice e facile per perdere peso. Se desideri un pasto caldo e delizioso, le <a href=\"https:\/\/www.lraloeverashop.eu\/it\/categoria-prodotto\/supplementi-dietetici\/body-mission-minestre\/\">Zuppe Figu Active<\/a> sono una scelta eccellente per soddisfare il tuo appetito.<\/p>\n<p>Questa Zuppa di verdure dimagrante da <a href=\"https:\/\/shop.lrworld.com\/home\/IT\/it?PHP=0vFlt7jT938BEnBI3a6e9w%3D%3D\"><strong>Lr Health &amp; Beauty<\/strong><\/a> contiene inulina. Poich\u00e9 l&#8217;inulina ha un effetto stimolante sulla funzione intestinale e sulla flora intestinale, un&#8217;assunzione maggiore pu\u00f2 portare a problemi digestivi (flatulenza, diarrea). Le persone con un tratto gastrointestinale sensibile dovrebbero consultare il proprio medico prima di consumare il prodotto.<\/p>\n<p>Pasti particolarmente deliziosi, vari e <a href=\"https:\/\/www.lraloeverashop.eu\/it\/prodotto\/zuppa-di-patate-dolci\/\"><strong>100% vegani<\/strong><\/a> con aromi naturali assicurano molta variet\u00e0 nel menu. Un alto contenuto di preziose fibre alimentari e un mix accuratamente selezionato di proteine \u200b\u200bvegetali ti supportano nella tua <strong><a href=\"https:\/\/www.lraloeverashop.eu\/it\/sostituto-del-pasto-figu-active-la-dieta-intelligente-per-la-perdita-di-peso\/\">dieta<\/a><\/strong> in modo naturale.<\/p>\n<p>&nbsp;<\/p>\n<h3><span style=\"font-size: 16pt;\"><strong><a href=\"https:\/\/www.lraloeverashop.eu\/wp-content\/uploads\/2024\/09\/weight-loss-diet-review-300x300.jpeg\"><img loading=\"lazy\" decoding=\"async\" class=\"alignleft wp-image-16351 size-medium\" src=\"https:\/\/www.lraloeverashop.eu\/wp-content\/uploads\/2024\/09\/weight-loss-diet-review-300x300.jpeg\" alt=\"Recensione della dieta dimagrante\" width=\"300\" height=\"300\" srcset=\"https:\/\/www.lraloeverashop.eu\/wp-content\/uploads\/2024\/09\/weight-loss-diet-review-300x300.jpeg 300w, https:\/\/www.lraloeverashop.eu\/wp-content\/uploads\/2024\/09\/weight-loss-diet-review-1024x1024.jpeg 1024w, https:\/\/www.lraloeverashop.eu\/wp-content\/uploads\/2024\/09\/weight-loss-diet-review-150x150.jpeg 150w, https:\/\/www.lraloeverashop.eu\/wp-content\/uploads\/2024\/09\/weight-loss-diet-review-768x768.jpeg 768w, https:\/\/www.lraloeverashop.eu\/wp-content\/uploads\/2024\/09\/weight-loss-diet-review-600x600.jpeg 600w, https:\/\/www.lraloeverashop.eu\/wp-content\/uploads\/2024\/09\/weight-loss-diet-review-100x100.jpeg 100w, https:\/\/www.lraloeverashop.eu\/wp-content\/uploads\/2024\/09\/weight-loss-diet-review.jpeg 1200w\" sizes=\"auto, (max-width: 300px) 100vw, 300px\" \/><\/a>Preparazione <\/strong><\/span><\/h3>\n<p>Mescolare 7 cucchiai pieni di Zuppa di verdure Figu Active con una frusta in 350 ml di acqua calda. Utilizzare una ciotola con una capacit\u00e0 di oltre 350 ml. Lascia che si sieda per un po\u2018, mescola ancora e il sostituto per il tuo pranzo o la cena \u00e8 pronta.<\/p>\n<p>Assicurati di bere molti liquidi durante la dieta. Bere preferibilmente 2-3 litri di <a href=\"https:\/\/www.lraloeverashop.eu\/it\/prodotto\/te-per-dimagrire-a-base-di-erbe\/\">t\u00e8 senza calorie o senza zucchero<\/a>. Il prodotto soddisfa il suo scopo solo nel contesto di una dieta a basso o ridotto contenuto calorico.<\/p>\n<p>Garantire una dieta ricca e bilanciata e uno stile di vita sana. La tua dieta dovrebbe includere altri alimenti. Il pasto preparato contiene tutti i nutrienti necessari in quantit\u00e0 sufficienti.<\/p>\n<p>&nbsp;<\/p>\n<p>&nbsp;<\/p>\n<p><strong> <a href=\"https:\/\/www.lraloeverashop.eu\/wp-content\/uploads\/2024\/09\/man-weight-loss-before-and-after-300x300.jpeg\"><img loading=\"lazy\" decoding=\"async\" class=\"alignleft wp-image-16358 size-medium\" src=\"https:\/\/www.lraloeverashop.eu\/wp-content\/uploads\/2024\/09\/man-weight-loss-before-and-after-300x300.jpeg\" alt=\"Dieta dimagrante prima e dopo\" width=\"300\" height=\"300\" srcset=\"https:\/\/www.lraloeverashop.eu\/wp-content\/uploads\/2024\/09\/man-weight-loss-before-and-after-300x300.jpeg 300w, https:\/\/www.lraloeverashop.eu\/wp-content\/uploads\/2024\/09\/man-weight-loss-before-and-after-1024x1024.jpeg 1024w, https:\/\/www.lraloeverashop.eu\/wp-content\/uploads\/2024\/09\/man-weight-loss-before-and-after-150x150.jpeg 150w, https:\/\/www.lraloeverashop.eu\/wp-content\/uploads\/2024\/09\/man-weight-loss-before-and-after-768x768.jpeg 768w, https:\/\/www.lraloeverashop.eu\/wp-content\/uploads\/2024\/09\/man-weight-loss-before-and-after-600x600.jpeg 600w, https:\/\/www.lraloeverashop.eu\/wp-content\/uploads\/2024\/09\/man-weight-loss-before-and-after-100x100.jpeg 100w, https:\/\/www.lraloeverashop.eu\/wp-content\/uploads\/2024\/09\/man-weight-loss-before-and-after.jpeg 1200w\" sizes=\"auto, (max-width: 300px) 100vw, 300px\" \/><\/a>Osserva le istruzioni per la preparazione di Zuppa di verdure<\/strong>.<\/p>\n<p>Agitare il pacchetto di Zuppa di verdure prima dell\u2019uso.<\/p>\n<p>Il volume di riempimento del prodotto \u00e8 soggetto a variazioni di natura tecnica.<\/p>\n<p>Conservare in luogo fresco e asciutto e consumare poco dopo l\u2019apertura.<\/p>\n<p>1. Sostituire due dei tuoi pasti giornalieri con una dieta ipocalorica contribuisce alla <a href=\"https:\/\/www.lraloeverashop.eu\/it\/prodotto\/figu-active-zuppa-di-verdure-curry-india\/\">perdita di peso<\/a>.<\/p>\n<p>2. Sostituire uno dei tuoi pasti giornalieri con una dieta ipocalorica aiuta a mantenere il peso dopo la perdita di peso.<\/p>\n","protected":false},"excerpt":{"rendered":"<ul>\n<li>Zuppa dimagrante con verdure<\/li>\n<li>Ogni porzione sostituisce un pasto completo<\/li>\n<li>Per perdere peso e mantenere il peso<\/li>\n<li>100% vegano, dolcificato con stevia, solo aromi naturali<\/li>\n<li>Alto contenuto di fibre e proteine \u200b\u200bda piselli, soia e fave<\/li>\n<li>Privo di glutine, lattosio, olio di palma<\/li>\n<li>Quantit\u00e0: 488 g<\/li>\n<\/ul>\n<p><span style=\"color: #ff0000;\"><a style=\"color: #ff0000;\" href=\"https:\/\/shop.lrworld.com\/openpao?PHP=0vFlt7jT938BEnBI3a6e9w%3D%3D\"><span style=\"font-size: 14pt;\"><strong>Registrati ora e risparmia il 35% su ogni ordine<\/strong><\/span><\/a><\/span><\/p>\n","protected":false},"featured_media":9751,"comment_status":"open","ping_status":"closed","template":"","meta":{"_kad_blocks_custom_css":"","_kad_blocks_head_custom_js":"","_kad_blocks_body_custom_js":"","_kad_blocks_footer_custom_js":"","_kadence_starter_templates_imported_post":false,"_kad_post_transparent":"default","_kad_post_title":"","_kad_post_layout":"default","_kad_post_sidebar_id":"","_kad_post_content_style":"default","_kad_post_vertical_padding":"default","_kad_post_feature":"","_kad_post_feature_position":"","_kad_post_header":false,"_kad_post_footer":false,"_kad_post_classname":""},"product_brand":[],"product_cat":[305,335],"product_tag":[603],"class_list":{"0":"post-9170","1":"product","2":"type-product","3":"status-publish","4":"has-post-thumbnail","6":"product_cat-body-mission-minestre","7":"product_cat-supplementi-dietetici","8":"product_tag-dieta","10":"first","11":"instock","12":"taxable","13":"shipping-taxable","14":"purchasable","15":"product-type-simple","16":"entry","17":"content-bg","18":"loop-entry"},"yoast_head":"<!-- This site is optimized with the Yoast SEO Premium plugin v27.5 (Yoast SEO v27.5) - https:\/\/yoast.com\/product\/yoast-seo-premium-wordpress\/ -->\n<title>Zuppa di Verdure Figu Active Yummy Veggie con sapore delizioso!<\/title>\n<meta name=\"description\" content=\"Zuppa di verdure Figu Active Yummy Veggie con broccoli, patate e porri porta energia nella tua vita quotidiana! Aiuta a perdere peso o mantenerlo.\" \/>\n<meta name=\"robots\" content=\"index, follow, max-snippet:-1, max-image-preview:large, max-video-preview:-1\" \/>\n<link rel=\"canonical\" href=\"https:\/\/www.lraloeverashop.eu\/it\/prodotto\/figu-active-zuppa-di-patate-auberge\/\" \/>\n<meta property=\"og:locale\" content=\"it_IT\" \/>\n<meta property=\"og:type\" content=\"article\" \/>\n<meta property=\"og:title\" content=\"Zuppa di Verdure Figu Active\" \/>\n<meta property=\"og:description\" content=\"Zuppa di verdure Figu Active Yummy Veggie con broccoli, patate e porri porta energia nella tua vita quotidiana! Aiuta a perdere peso o mantenerlo.\" \/>\n<meta property=\"og:url\" content=\"https:\/\/www.lraloeverashop.eu\/it\/prodotto\/figu-active-zuppa-di-patate-auberge\/\" \/>\n<meta property=\"og:site_name\" content=\"Lr Negozio di Aloe Vera\" \/>\n<meta property=\"article:publisher\" content=\"https:\/\/www.facebook.com\/lraloeverashop.eu\" \/>\n<meta property=\"article:modified_time\" content=\"2026-02-03T19:21:39+00:00\" \/>\n<meta property=\"og:image\" content=\"https:\/\/www.lraloeverashop.eu\/wp-content\/uploads\/2023\/01\/FiguActive-vegetable-soup.jpg\" \/>\n\t<meta property=\"og:image:width\" content=\"1200\" \/>\n\t<meta property=\"og:image:height\" content=\"1200\" \/>\n\t<meta property=\"og:image:type\" content=\"image\/jpeg\" \/>\n<meta name=\"twitter:card\" content=\"summary_large_image\" \/>\n<meta name=\"twitter:site\" content=\"@natur__kosmetik\" \/>\n<script type=\"application\/ld+json\" class=\"yoast-schema-graph\">{\"@context\":\"https:\\\/\\\/schema.org\",\"@graph\":[{\"@type\":[\"WebPage\",\"ItemPage\"],\"@id\":\"https:\\\/\\\/www.lraloeverashop.eu\\\/it\\\/prodotto\\\/figu-active-zuppa-di-patate-auberge\\\/\",\"url\":\"https:\\\/\\\/www.lraloeverashop.eu\\\/it\\\/prodotto\\\/figu-active-zuppa-di-patate-auberge\\\/\",\"name\":\"Zuppa di Verdure Figu Active Yummy Veggie con sapore delizioso!\",\"isPartOf\":{\"@id\":\"https:\\\/\\\/www.lraloeverashop.eu\\\/it\\\/#website\"},\"primaryImageOfPage\":{\"@id\":\"https:\\\/\\\/www.lraloeverashop.eu\\\/it\\\/prodotto\\\/figu-active-zuppa-di-patate-auberge\\\/#primaryimage\"},\"image\":{\"@id\":\"https:\\\/\\\/www.lraloeverashop.eu\\\/it\\\/prodotto\\\/figu-active-zuppa-di-patate-auberge\\\/#primaryimage\"},\"thumbnailUrl\":\"https:\\\/\\\/www.lraloeverashop.eu\\\/wp-content\\\/uploads\\\/2023\\\/01\\\/FiguActive-vegetable-soup.jpg\",\"datePublished\":\"2022-10-15T18:46:47+00:00\",\"dateModified\":\"2026-02-03T19:21:39+00:00\",\"description\":\"Zuppa di verdure Figu Active Yummy Veggie con broccoli, patate e porri porta energia nella tua vita quotidiana! Aiuta a perdere peso o mantenerlo.\",\"breadcrumb\":{\"@id\":\"https:\\\/\\\/www.lraloeverashop.eu\\\/it\\\/prodotto\\\/figu-active-zuppa-di-patate-auberge\\\/#breadcrumb\"},\"inLanguage\":\"it-IT\",\"potentialAction\":[{\"@type\":\"ReadAction\",\"target\":[\"https:\\\/\\\/www.lraloeverashop.eu\\\/it\\\/prodotto\\\/figu-active-zuppa-di-patate-auberge\\\/\"]}]},{\"@type\":\"ImageObject\",\"inLanguage\":\"it-IT\",\"@id\":\"https:\\\/\\\/www.lraloeverashop.eu\\\/it\\\/prodotto\\\/figu-active-zuppa-di-patate-auberge\\\/#primaryimage\",\"url\":\"https:\\\/\\\/www.lraloeverashop.eu\\\/wp-content\\\/uploads\\\/2023\\\/01\\\/FiguActive-vegetable-soup.jpg\",\"contentUrl\":\"https:\\\/\\\/www.lraloeverashop.eu\\\/wp-content\\\/uploads\\\/2023\\\/01\\\/FiguActive-vegetable-soup.jpg\",\"width\":1200,\"height\":1200,\"caption\":\"FiguActive zuppa di verdure\"},{\"@type\":\"BreadcrumbList\",\"@id\":\"https:\\\/\\\/www.lraloeverashop.eu\\\/it\\\/prodotto\\\/figu-active-zuppa-di-patate-auberge\\\/#breadcrumb\",\"itemListElement\":[{\"@type\":\"ListItem\",\"position\":1,\"name\":\"Home\",\"item\":\"https:\\\/\\\/www.lraloeverashop.eu\\\/it\\\/\"},{\"@type\":\"ListItem\",\"position\":2,\"name\":\"Negozio\",\"item\":\"https:\\\/\\\/www.lraloeverashop.eu\\\/it\\\/negozio\\\/\"},{\"@type\":\"ListItem\",\"position\":3,\"name\":\"Zuppa di Verdure Figu Active\"}]},{\"@type\":\"WebSite\",\"@id\":\"https:\\\/\\\/www.lraloeverashop.eu\\\/it\\\/#website\",\"url\":\"https:\\\/\\\/www.lraloeverashop.eu\\\/it\\\/\",\"name\":\"Lr Negozio di Aloe Vera\",\"description\":\"High Quality Lr Aloe Vera Gel, Aloe Vera Cream and Shampoo\",\"publisher\":{\"@id\":\"https:\\\/\\\/www.lraloeverashop.eu\\\/it\\\/#organization\"},\"alternateName\":\"LR\",\"potentialAction\":[{\"@type\":\"SearchAction\",\"target\":{\"@type\":\"EntryPoint\",\"urlTemplate\":\"https:\\\/\\\/www.lraloeverashop.eu\\\/it\\\/?s={search_term_string}\"},\"query-input\":{\"@type\":\"PropertyValueSpecification\",\"valueRequired\":true,\"valueName\":\"search_term_string\"}}],\"inLanguage\":\"it-IT\"},{\"@type\":\"Organization\",\"@id\":\"https:\\\/\\\/www.lraloeverashop.eu\\\/it\\\/#organization\",\"name\":\"Negozio di Lr Aloe Vera\",\"alternateName\":\"LR\",\"url\":\"https:\\\/\\\/www.lraloeverashop.eu\\\/it\\\/\",\"logo\":{\"@type\":\"ImageObject\",\"inLanguage\":\"it-IT\",\"@id\":\"https:\\\/\\\/www.lraloeverashop.eu\\\/it\\\/#\\\/schema\\\/logo\\\/image\\\/\",\"url\":\"https:\\\/\\\/www.lraloeverashop.eu\\\/wp-content\\\/uploads\\\/2022\\\/09\\\/cropped-Lr-Aloe-Vera-Shop.jpg\",\"contentUrl\":\"https:\\\/\\\/www.lraloeverashop.eu\\\/wp-content\\\/uploads\\\/2022\\\/09\\\/cropped-Lr-Aloe-Vera-Shop.jpg\",\"width\":228,\"height\":76,\"caption\":\"Negozio di Lr Aloe Vera\"},\"image\":{\"@id\":\"https:\\\/\\\/www.lraloeverashop.eu\\\/it\\\/#\\\/schema\\\/logo\\\/image\\\/\"},\"sameAs\":[\"https:\\\/\\\/www.facebook.com\\\/lraloeverashop.eu\",\"https:\\\/\\\/x.com\\\/natur__kosmetik\",\"https:\\\/\\\/www.youtube.com\\\/channel\\\/UC5oN7BJ8nfYb8RpVtjwDEBA\",\"https:\\\/\\\/www.instagram.com\\\/lrbeautyeu\\\/\"],\"description\":\"Negozio di Lr Aloe Vera \u00e8 il tuo punto di riferimento per i prodotti LR Health & Beauty di alta qualit\u00e0, realizzati in Germania. Offriamo soluzioni per la cura della pelle, l'alimentazione e l'anti-et\u00e0 a base di Aloe Vera, formulate con ingredienti puri e supportate da ricerche scientifiche. Scopri una cura naturale che rigenera, protegge e rivitalizza la tua pelle e approfitta delle esclusive offerte mensili sui nostri prodotti LR Aloe Vera pi\u00f9 venduti.\\nInizia oggi il tuo percorso di cura della pelle naturale e senti la differenza.\",\"email\":\"info@lraloeverashop.eu\",\"telephone\":\"+49 17670609653\",\"legalName\":\"Lr Aloe Vera Shop\",\"foundingDate\":\"2018-04-21\",\"numberOfEmployees\":{\"@type\":\"QuantitativeValue\",\"minValue\":\"1\",\"maxValue\":\"10\"}}]}<\/script>\n<meta property=\"product:price:amount\" content=\"48.59\" \/>\n<meta property=\"product:price:currency\" content=\"EUR\" \/>\n<meta property=\"og:availability\" content=\"instock\" \/>\n<meta property=\"product:availability\" content=\"instock\" \/>\n<meta property=\"product:retailer_item_id\" content=\"81246-1IT\" \/>\n<meta property=\"product:condition\" content=\"new\" \/>\n<!-- \/ Yoast SEO Premium plugin. -->","yoast_head_json":{"title":"Zuppa di Verdure Figu Active Yummy Veggie con sapore delizioso!","description":"Zuppa di verdure Figu Active Yummy Veggie con broccoli, patate e porri porta energia nella tua vita quotidiana! Aiuta a perdere peso o mantenerlo.","robots":{"index":"index","follow":"follow","max-snippet":"max-snippet:-1","max-image-preview":"max-image-preview:large","max-video-preview":"max-video-preview:-1"},"canonical":"https:\/\/www.lraloeverashop.eu\/it\/prodotto\/figu-active-zuppa-di-patate-auberge\/","og_locale":"it_IT","og_type":"article","og_title":"Zuppa di Verdure Figu Active","og_description":"Zuppa di verdure Figu Active Yummy Veggie con broccoli, patate e porri porta energia nella tua vita quotidiana! Aiuta a perdere peso o mantenerlo.","og_url":"https:\/\/www.lraloeverashop.eu\/it\/prodotto\/figu-active-zuppa-di-patate-auberge\/","og_site_name":"Lr Negozio di Aloe Vera","article_publisher":"https:\/\/www.facebook.com\/lraloeverashop.eu","article_modified_time":"2026-02-03T19:21:39+00:00","og_image":[{"width":1200,"height":1200,"url":"https:\/\/www.lraloeverashop.eu\/wp-content\/uploads\/2023\/01\/FiguActive-vegetable-soup.jpg","type":"image\/jpeg"}],"twitter_card":"summary_large_image","twitter_site":"@natur__kosmetik","schema":{"@context":"https:\/\/schema.org","@graph":[{"@type":["WebPage","ItemPage"],"@id":"https:\/\/www.lraloeverashop.eu\/it\/prodotto\/figu-active-zuppa-di-patate-auberge\/","url":"https:\/\/www.lraloeverashop.eu\/it\/prodotto\/figu-active-zuppa-di-patate-auberge\/","name":"Zuppa di Verdure Figu Active Yummy Veggie con sapore delizioso!","isPartOf":{"@id":"https:\/\/www.lraloeverashop.eu\/it\/#website"},"primaryImageOfPage":{"@id":"https:\/\/www.lraloeverashop.eu\/it\/prodotto\/figu-active-zuppa-di-patate-auberge\/#primaryimage"},"image":{"@id":"https:\/\/www.lraloeverashop.eu\/it\/prodotto\/figu-active-zuppa-di-patate-auberge\/#primaryimage"},"thumbnailUrl":"https:\/\/www.lraloeverashop.eu\/wp-content\/uploads\/2023\/01\/FiguActive-vegetable-soup.jpg","datePublished":"2022-10-15T18:46:47+00:00","dateModified":"2026-02-03T19:21:39+00:00","description":"Zuppa di verdure Figu Active Yummy Veggie con broccoli, patate e porri porta energia nella tua vita quotidiana! Aiuta a perdere peso o mantenerlo.","breadcrumb":{"@id":"https:\/\/www.lraloeverashop.eu\/it\/prodotto\/figu-active-zuppa-di-patate-auberge\/#breadcrumb"},"inLanguage":"it-IT","potentialAction":[{"@type":"ReadAction","target":["https:\/\/www.lraloeverashop.eu\/it\/prodotto\/figu-active-zuppa-di-patate-auberge\/"]}]},{"@type":"ImageObject","inLanguage":"it-IT","@id":"https:\/\/www.lraloeverashop.eu\/it\/prodotto\/figu-active-zuppa-di-patate-auberge\/#primaryimage","url":"https:\/\/www.lraloeverashop.eu\/wp-content\/uploads\/2023\/01\/FiguActive-vegetable-soup.jpg","contentUrl":"https:\/\/www.lraloeverashop.eu\/wp-content\/uploads\/2023\/01\/FiguActive-vegetable-soup.jpg","width":1200,"height":1200,"caption":"FiguActive zuppa di verdure"},{"@type":"BreadcrumbList","@id":"https:\/\/www.lraloeverashop.eu\/it\/prodotto\/figu-active-zuppa-di-patate-auberge\/#breadcrumb","itemListElement":[{"@type":"ListItem","position":1,"name":"Home","item":"https:\/\/www.lraloeverashop.eu\/it\/"},{"@type":"ListItem","position":2,"name":"Negozio","item":"https:\/\/www.lraloeverashop.eu\/it\/negozio\/"},{"@type":"ListItem","position":3,"name":"Zuppa di Verdure Figu Active"}]},{"@type":"WebSite","@id":"https:\/\/www.lraloeverashop.eu\/it\/#website","url":"https:\/\/www.lraloeverashop.eu\/it\/","name":"Lr Negozio di Aloe Vera","description":"High Quality Lr Aloe Vera Gel, Aloe Vera Cream and Shampoo","publisher":{"@id":"https:\/\/www.lraloeverashop.eu\/it\/#organization"},"alternateName":"LR","potentialAction":[{"@type":"SearchAction","target":{"@type":"EntryPoint","urlTemplate":"https:\/\/www.lraloeverashop.eu\/it\/?s={search_term_string}"},"query-input":{"@type":"PropertyValueSpecification","valueRequired":true,"valueName":"search_term_string"}}],"inLanguage":"it-IT"},{"@type":"Organization","@id":"https:\/\/www.lraloeverashop.eu\/it\/#organization","name":"Negozio di Lr Aloe Vera","alternateName":"LR","url":"https:\/\/www.lraloeverashop.eu\/it\/","logo":{"@type":"ImageObject","inLanguage":"it-IT","@id":"https:\/\/www.lraloeverashop.eu\/it\/#\/schema\/logo\/image\/","url":"https:\/\/www.lraloeverashop.eu\/wp-content\/uploads\/2022\/09\/cropped-Lr-Aloe-Vera-Shop.jpg","contentUrl":"https:\/\/www.lraloeverashop.eu\/wp-content\/uploads\/2022\/09\/cropped-Lr-Aloe-Vera-Shop.jpg","width":228,"height":76,"caption":"Negozio di Lr Aloe Vera"},"image":{"@id":"https:\/\/www.lraloeverashop.eu\/it\/#\/schema\/logo\/image\/"},"sameAs":["https:\/\/www.facebook.com\/lraloeverashop.eu","https:\/\/x.com\/natur__kosmetik","https:\/\/www.youtube.com\/channel\/UC5oN7BJ8nfYb8RpVtjwDEBA","https:\/\/www.instagram.com\/lrbeautyeu\/"],"description":"Negozio di Lr Aloe Vera \u00e8 il tuo punto di riferimento per i prodotti LR Health & Beauty di alta qualit\u00e0, realizzati in Germania. Offriamo soluzioni per la cura della pelle, l'alimentazione e l'anti-et\u00e0 a base di Aloe Vera, formulate con ingredienti puri e supportate da ricerche scientifiche. Scopri una cura naturale che rigenera, protegge e rivitalizza la tua pelle e approfitta delle esclusive offerte mensili sui nostri prodotti LR Aloe Vera pi\u00f9 venduti.\nInizia oggi il tuo percorso di cura della pelle naturale e senti la differenza.","email":"info@lraloeverashop.eu","telephone":"+49 17670609653","legalName":"Lr Aloe Vera Shop","foundingDate":"2018-04-21","numberOfEmployees":{"@type":"QuantitativeValue","minValue":"1","maxValue":"10"}}]},"product_price_amount":"48.59","product_price_currency":"EUR","og_availability":"instock","product_availability":"instock","product_retailer_item_id":"81246-1IT","product_condition":"new"},"taxonomy_info":{"product_cat":[{"value":305,"label":"Minestre"},{"value":335,"label":"Pasto sostitutivo"}],"product_tag":[{"value":603,"label":"Dieta"}]},"featured_image_src_large":["https:\/\/www.lraloeverashop.eu\/wp-content\/uploads\/2023\/01\/FiguActive-vegetable-soup-1024x1024.jpg",1024,1024,true],"author_info":[],"comment_info":0,"_links":{"self":[{"href":"https:\/\/www.lraloeverashop.eu\/it\/wp-json\/wp\/v2\/product\/9170","targetHints":{"allow":["GET"]}}],"collection":[{"href":"https:\/\/www.lraloeverashop.eu\/it\/wp-json\/wp\/v2\/product"}],"about":[{"href":"https:\/\/www.lraloeverashop.eu\/it\/wp-json\/wp\/v2\/types\/product"}],"replies":[{"embeddable":true,"href":"https:\/\/www.lraloeverashop.eu\/it\/wp-json\/wp\/v2\/comments?post=9170"}],"wp:featuredmedia":[{"embeddable":true,"href":"https:\/\/www.lraloeverashop.eu\/it\/wp-json\/wp\/v2\/media\/9751"}],"wp:attachment":[{"href":"https:\/\/www.lraloeverashop.eu\/it\/wp-json\/wp\/v2\/media?parent=9170"}],"wp:term":[{"taxonomy":"product_brand","embeddable":true,"href":"https:\/\/www.lraloeverashop.eu\/it\/wp-json\/wp\/v2\/product_brand?post=9170"},{"taxonomy":"product_cat","embeddable":true,"href":"https:\/\/www.lraloeverashop.eu\/it\/wp-json\/wp\/v2\/product_cat?post=9170"},{"taxonomy":"product_tag","embeddable":true,"href":"https:\/\/www.lraloeverashop.eu\/it\/wp-json\/wp\/v2\/product_tag?post=9170"}],"curies":[{"name":"wp","href":"https:\/\/api.w.org\/{rel}","templated":true}]}}