{"id":8974,"date":"2022-10-17T20:04:35","date_gmt":"2022-10-17T18:04:35","guid":{"rendered":"https:\/\/www.lraloeverashop.eu\/product\/creme-antirughe-nanogold-set\/"},"modified":"2026-02-03T20:12:39","modified_gmt":"2026-02-03T19:12:39","slug":"creme-antirughe-nanogold-set","status":"publish","type":"product","link":"https:\/\/www.lraloeverashop.eu\/it\/prodotto\/creme-antirughe-nanogold-set\/","title":{"rendered":"Creme Antirughe Nanogold Set"},"content":{"rendered":"<h2><span style=\"font-size: 16pt;\"><strong>Creme Antirughe Nanogold Set<\/strong><\/span><\/h2>\n<p><span style=\"font-size: 14pt;\"><strong>Creme Antirughe Nanogold Set Con Crema giorno e notte di alta qualit\u00e0 per la cura del viso<\/strong><\/span><\/p>\n<p><a href=\"https:\/\/www.lraloeverashop.eu\/it\/prodotto\/crema-da-giorno-antieta-nanogold\/\">Crema giorno antiet\u00e0 Nanogold<\/a> protegge la pelle e previene l&#8217;invecchiamento precoce. La lussuosa consistenza della crema Silky aumenta l&#8217;elasticit\u00e0 e la resilienza della pelle e costruisce la sua barriera contro l&#8217;umidit\u00e0. L&#8217;olio di nocciolo di albicocca, le proteine, le glicoproteine e i polisaccaridi della soia stimolano le funzioni rigenerative della pelle e promuovono la formazione del collagene, che migliora la <a href=\"https:\/\/www.lraloeverashop.eu\/it\/prodotto\/crema-antirughe-serox\/\">resistenza della pelle<\/a>.<\/p>\n<p><a href=\"https:\/\/www.lraloeverashop.eu\/it\/prodotto\/crema-da-notte-antieta-nanogold\/\">Crema notte antiet\u00e0 Nanogold<\/a> \u00e8 una crema di alta qualit\u00e0 che nutre e rigenera la pelle durante la notte. Grazie all&#8217;estratto di Euglena Gracilis dalla microalga, la ricca crema da notte aiuta a sostenere la rigenerazione naturale della pelle e a migliorare la struttura della pelle, in modo che le <a href=\"https:\/\/www.lraloeverashop.eu\/it\/prodotto\/crema-notte-antirughe-beauty-diamonds\/\">rughe e le linee sottili<\/a> siano visibilmente ridotte.<\/p>\n<p>La combinazione di jojoba e olio d&#8217;oliva, burro di karit\u00e8 e vitamina E nelle Creme Antirughe Nanogold da <a href=\"https:\/\/shop.lrworld.com\/home\/IT\/it?PHP=0vFlt7jT938BEnBI3a6e9w%3D%3D\"><strong>Lr Health &amp; Beauty<\/strong><\/a> rende la tua pelle pi\u00f9 liscia, fresca e rilassata, proprio come se avessi dormito un po&#8217; pi\u00f9 a lungo. Per una pelle rigenerata e levigata dal colorito fresco.<\/p>\n<h3><span style=\"font-size: 16pt;\"><strong>Creme Nanogold Set per le donne<\/strong><\/span><\/h3>\n<p>\u2026 da 30 anni<br \/>\n\u2026 che vogliono prevenire le prime rughe<br \/>\n\u2026 che vogliono proteggere la pelle del viso dall&#8217;invecchiamento cutaneo<br \/>\n\u2026 che danno importanza alla cura del viso con prodotti di alta qualit\u00e0<\/p>\n<p>&nbsp;<\/p>\n<h4><strong><span style=\"font-size: 16pt;\">Come usare Creme Antirughe Nanogold<\/span><\/strong><\/h4>\n<p>Applicare la Crema giorno antiet\u00e0 Nanogold ogni mattina dopo la pulizia del viso. Dopo puoi continuare con il tuo trucco. La Crema Notte Nanogold va applicata generosamente ogni sera sul viso pulito.<\/p>\n<p><span style=\"font-size: 14pt;\"><strong>Per la massima efficacia, usa in combinazione con Zeitgard Pro Kit Anti Rughe.<\/strong><\/span><\/p>\n<p><strong>PASSAGGIO 1:<\/strong> Pulisci la pelle del viso con acqua o usa la spazzola per la pulizia del viso Zeitgard Pro o lo strumento per il peeling del viso Zeitgard Pro.<\/p>\n<p><strong>PASSAGGIO 2:<\/strong> Applicare Creme Antirughe Nanogold e massaggiarli con le mani o utilizzando lo <a href=\"https:\/\/www.lraloeverashop.eu\/it\/prodotto\/zeitgard-pro-kit-anti-rughe\/\">Zeitgard Pro Kit Anti Rughe<\/a>. Tratta i lati sinistro e destro del viso e la fronte per 30 secondi ciascuno. Prestare attenzione ai movimenti circolari dall\u2019interno verso l\u2019esterno e dal basso verso l\u2019alto.<\/p>\n","protected":false},"excerpt":{"rendered":"<ul>\n<li>Lussuoso set antiet\u00e0<\/li>\n<li>Contro l&#8217;invecchiamento precoce della pelle<\/li>\n<li>Contiene 1 crema da giorno, 1 crema da notte<\/li>\n<li>Cura di alta qualit\u00e0 con proteine dell&#8217;oro e della seta<\/li>\n<li>Set della serie ZEITGARD Care System<\/li>\n<li>Fatto in Germania<\/li>\n<\/ul>\n<p><span style=\"color: #ff0000;\"><a style=\"color: #ff0000;\" href=\"https:\/\/shop.lrworld.com\/openpao?PHP=0vFlt7jT938BEnBI3a6e9w%3D%3D\"><span style=\"font-size: 14pt;\"><strong>Registrati ora e risparmia il 35% su ogni ordine<\/strong><\/span><\/a><\/span><\/p>\n","protected":false},"featured_media":5954,"comment_status":"open","ping_status":"closed","template":"","meta":{"_kad_blocks_custom_css":"","_kad_blocks_head_custom_js":"","_kad_blocks_body_custom_js":"","_kad_blocks_footer_custom_js":"","_kadence_starter_templates_imported_post":false,"_kad_post_transparent":"default","_kad_post_title":"","_kad_post_layout":"default","_kad_post_sidebar_id":"","_kad_post_content_style":"default","_kad_post_vertical_padding":"default","_kad_post_feature":"","_kad_post_feature_position":"","_kad_post_header":false,"_kad_post_footer":false,"_kad_post_classname":""},"product_brand":[],"product_cat":[268,286,370,353,329],"product_tag":[702],"class_list":{"0":"post-8974","1":"product","2":"type-product","3":"status-publish","4":"has-post-thumbnail","6":"product_cat-cura-antieta","7":"product_cat-donne-fino-a-40-anni","8":"product_cat-nano-gold-it","9":"product_cat-offerte","10":"product_cat-prodotti-antieta","11":"product_tag-per-le-rughe-del-viso","13":"first","14":"outofstock","15":"sale","16":"taxable","17":"shipping-taxable","18":"purchasable","19":"product-type-simple","20":"entry","21":"content-bg","22":"loop-entry"},"yoast_head":"<!-- This site is optimized with the Yoast SEO Premium plugin v27.5 (Yoast SEO v27.5) - https:\/\/yoast.com\/product\/yoast-seo-premium-wordpress\/ -->\n<title>Creme Antirughe nanogold set - Crema giorno e notte<\/title>\n<meta name=\"description\" content=\"Creme Antirughe Nanogold Set contro l&#039;invecchiamento precoce della pelle. Per le donne di 30 anni che vogliono prevenire le prime rughe\" \/>\n<meta name=\"robots\" content=\"index, follow, max-snippet:-1, max-image-preview:large, max-video-preview:-1\" \/>\n<link rel=\"canonical\" href=\"https:\/\/www.lraloeverashop.eu\/it\/prodotto\/creme-antirughe-nanogold-set\/\" \/>\n<meta property=\"og:locale\" content=\"it_IT\" \/>\n<meta property=\"og:type\" content=\"article\" \/>\n<meta property=\"og:title\" content=\"Creme Antirughe Nanogold Set\" \/>\n<meta property=\"og:description\" content=\"Creme Antirughe Nanogold Set contro l&#039;invecchiamento precoce della pelle. Per le donne di 30 anni che vogliono prevenire le prime rughe\" \/>\n<meta property=\"og:url\" content=\"https:\/\/www.lraloeverashop.eu\/it\/prodotto\/creme-antirughe-nanogold-set\/\" \/>\n<meta property=\"og:site_name\" content=\"Lr Negozio di Aloe Vera\" \/>\n<meta property=\"article:publisher\" content=\"https:\/\/www.facebook.com\/lraloeverashop.eu\" \/>\n<meta property=\"article:modified_time\" content=\"2026-02-03T19:12:39+00:00\" \/>\n<meta property=\"og:image\" content=\"https:\/\/www.lraloeverashop.eu\/wp-content\/uploads\/2022\/10\/Nano-Gold-set.jpg\" \/>\n\t<meta property=\"og:image:width\" content=\"1200\" \/>\n\t<meta property=\"og:image:height\" content=\"1200\" \/>\n\t<meta property=\"og:image:type\" content=\"image\/jpeg\" \/>\n<meta name=\"twitter:card\" content=\"summary_large_image\" \/>\n<meta name=\"twitter:site\" content=\"@natur__kosmetik\" \/>\n<script type=\"application\/ld+json\" class=\"yoast-schema-graph\">{\"@context\":\"https:\\\/\\\/schema.org\",\"@graph\":[{\"@type\":[\"WebPage\",\"ItemPage\"],\"@id\":\"https:\\\/\\\/www.lraloeverashop.eu\\\/it\\\/prodotto\\\/creme-antirughe-nanogold-set\\\/\",\"url\":\"https:\\\/\\\/www.lraloeverashop.eu\\\/it\\\/prodotto\\\/creme-antirughe-nanogold-set\\\/\",\"name\":\"Creme Antirughe nanogold set - Crema giorno e notte\",\"isPartOf\":{\"@id\":\"https:\\\/\\\/www.lraloeverashop.eu\\\/it\\\/#website\"},\"primaryImageOfPage\":{\"@id\":\"https:\\\/\\\/www.lraloeverashop.eu\\\/it\\\/prodotto\\\/creme-antirughe-nanogold-set\\\/#primaryimage\"},\"image\":{\"@id\":\"https:\\\/\\\/www.lraloeverashop.eu\\\/it\\\/prodotto\\\/creme-antirughe-nanogold-set\\\/#primaryimage\"},\"thumbnailUrl\":\"https:\\\/\\\/www.lraloeverashop.eu\\\/wp-content\\\/uploads\\\/2022\\\/10\\\/Nano-Gold-set.jpg\",\"datePublished\":\"2022-10-17T18:04:35+00:00\",\"dateModified\":\"2026-02-03T19:12:39+00:00\",\"description\":\"Creme Antirughe Nanogold Set contro l'invecchiamento precoce della pelle. Per le donne di 30 anni che vogliono prevenire le prime rughe\",\"breadcrumb\":{\"@id\":\"https:\\\/\\\/www.lraloeverashop.eu\\\/it\\\/prodotto\\\/creme-antirughe-nanogold-set\\\/#breadcrumb\"},\"inLanguage\":\"it-IT\",\"potentialAction\":[{\"@type\":\"ReadAction\",\"target\":[\"https:\\\/\\\/www.lraloeverashop.eu\\\/it\\\/prodotto\\\/creme-antirughe-nanogold-set\\\/\"]}]},{\"@type\":\"ImageObject\",\"inLanguage\":\"it-IT\",\"@id\":\"https:\\\/\\\/www.lraloeverashop.eu\\\/it\\\/prodotto\\\/creme-antirughe-nanogold-set\\\/#primaryimage\",\"url\":\"https:\\\/\\\/www.lraloeverashop.eu\\\/wp-content\\\/uploads\\\/2022\\\/10\\\/Nano-Gold-set.jpg\",\"contentUrl\":\"https:\\\/\\\/www.lraloeverashop.eu\\\/wp-content\\\/uploads\\\/2022\\\/10\\\/Nano-Gold-set.jpg\",\"width\":1200,\"height\":1200,\"caption\":\"Creme Antirughe Nanogold Set per le donne da 30 anni\"},{\"@type\":\"BreadcrumbList\",\"@id\":\"https:\\\/\\\/www.lraloeverashop.eu\\\/it\\\/prodotto\\\/creme-antirughe-nanogold-set\\\/#breadcrumb\",\"itemListElement\":[{\"@type\":\"ListItem\",\"position\":1,\"name\":\"Home\",\"item\":\"https:\\\/\\\/www.lraloeverashop.eu\\\/it\\\/\"},{\"@type\":\"ListItem\",\"position\":2,\"name\":\"Negozio\",\"item\":\"https:\\\/\\\/www.lraloeverashop.eu\\\/it\\\/negozio\\\/\"},{\"@type\":\"ListItem\",\"position\":3,\"name\":\"Creme Antirughe Nanogold Set\"}]},{\"@type\":\"WebSite\",\"@id\":\"https:\\\/\\\/www.lraloeverashop.eu\\\/it\\\/#website\",\"url\":\"https:\\\/\\\/www.lraloeverashop.eu\\\/it\\\/\",\"name\":\"Lr Negozio di Aloe Vera\",\"description\":\"High Quality Lr Aloe Vera Gel, Aloe Vera Cream and Shampoo\",\"publisher\":{\"@id\":\"https:\\\/\\\/www.lraloeverashop.eu\\\/it\\\/#organization\"},\"alternateName\":\"LR\",\"potentialAction\":[{\"@type\":\"SearchAction\",\"target\":{\"@type\":\"EntryPoint\",\"urlTemplate\":\"https:\\\/\\\/www.lraloeverashop.eu\\\/it\\\/?s={search_term_string}\"},\"query-input\":{\"@type\":\"PropertyValueSpecification\",\"valueRequired\":true,\"valueName\":\"search_term_string\"}}],\"inLanguage\":\"it-IT\"},{\"@type\":\"Organization\",\"@id\":\"https:\\\/\\\/www.lraloeverashop.eu\\\/it\\\/#organization\",\"name\":\"Negozio di Lr Aloe Vera\",\"alternateName\":\"LR\",\"url\":\"https:\\\/\\\/www.lraloeverashop.eu\\\/it\\\/\",\"logo\":{\"@type\":\"ImageObject\",\"inLanguage\":\"it-IT\",\"@id\":\"https:\\\/\\\/www.lraloeverashop.eu\\\/it\\\/#\\\/schema\\\/logo\\\/image\\\/\",\"url\":\"https:\\\/\\\/www.lraloeverashop.eu\\\/wp-content\\\/uploads\\\/2022\\\/09\\\/cropped-Lr-Aloe-Vera-Shop.jpg\",\"contentUrl\":\"https:\\\/\\\/www.lraloeverashop.eu\\\/wp-content\\\/uploads\\\/2022\\\/09\\\/cropped-Lr-Aloe-Vera-Shop.jpg\",\"width\":228,\"height\":76,\"caption\":\"Negozio di Lr Aloe Vera\"},\"image\":{\"@id\":\"https:\\\/\\\/www.lraloeverashop.eu\\\/it\\\/#\\\/schema\\\/logo\\\/image\\\/\"},\"sameAs\":[\"https:\\\/\\\/www.facebook.com\\\/lraloeverashop.eu\",\"https:\\\/\\\/x.com\\\/natur__kosmetik\",\"https:\\\/\\\/www.youtube.com\\\/channel\\\/UC5oN7BJ8nfYb8RpVtjwDEBA\",\"https:\\\/\\\/www.instagram.com\\\/lrbeautyeu\\\/\"],\"description\":\"Negozio di Lr Aloe Vera \u00e8 il tuo punto di riferimento per i prodotti LR Health & Beauty di alta qualit\u00e0, realizzati in Germania. Offriamo soluzioni per la cura della pelle, l'alimentazione e l'anti-et\u00e0 a base di Aloe Vera, formulate con ingredienti puri e supportate da ricerche scientifiche. Scopri una cura naturale che rigenera, protegge e rivitalizza la tua pelle e approfitta delle esclusive offerte mensili sui nostri prodotti LR Aloe Vera pi\u00f9 venduti.\\nInizia oggi il tuo percorso di cura della pelle naturale e senti la differenza.\",\"email\":\"info@lraloeverashop.eu\",\"telephone\":\"+49 17670609653\",\"legalName\":\"Lr Aloe Vera Shop\",\"foundingDate\":\"2018-04-21\",\"numberOfEmployees\":{\"@type\":\"QuantitativeValue\",\"minValue\":\"1\",\"maxValue\":\"10\"}}]}<\/script>\n<meta property=\"product:price:amount\" content=\"65.99\" \/>\n<meta property=\"product:price:currency\" content=\"EUR\" \/>\n<meta property=\"og:availability\" content=\"out of stock\" \/>\n<meta property=\"product:availability\" content=\"out of stock\" \/>\n<meta property=\"product:retailer_item_id\" content=\"28196-1IT\" \/>\n<meta property=\"product:condition\" content=\"new\" \/>\n<!-- \/ Yoast SEO Premium plugin. -->","yoast_head_json":{"title":"Creme Antirughe nanogold set - Crema giorno e notte","description":"Creme Antirughe Nanogold Set contro l'invecchiamento precoce della pelle. Per le donne di 30 anni che vogliono prevenire le prime rughe","robots":{"index":"index","follow":"follow","max-snippet":"max-snippet:-1","max-image-preview":"max-image-preview:large","max-video-preview":"max-video-preview:-1"},"canonical":"https:\/\/www.lraloeverashop.eu\/it\/prodotto\/creme-antirughe-nanogold-set\/","og_locale":"it_IT","og_type":"article","og_title":"Creme Antirughe Nanogold Set","og_description":"Creme Antirughe Nanogold Set contro l'invecchiamento precoce della pelle. Per le donne di 30 anni che vogliono prevenire le prime rughe","og_url":"https:\/\/www.lraloeverashop.eu\/it\/prodotto\/creme-antirughe-nanogold-set\/","og_site_name":"Lr Negozio di Aloe Vera","article_publisher":"https:\/\/www.facebook.com\/lraloeverashop.eu","article_modified_time":"2026-02-03T19:12:39+00:00","og_image":[{"width":1200,"height":1200,"url":"https:\/\/www.lraloeverashop.eu\/wp-content\/uploads\/2022\/10\/Nano-Gold-set.jpg","type":"image\/jpeg"}],"twitter_card":"summary_large_image","twitter_site":"@natur__kosmetik","schema":{"@context":"https:\/\/schema.org","@graph":[{"@type":["WebPage","ItemPage"],"@id":"https:\/\/www.lraloeverashop.eu\/it\/prodotto\/creme-antirughe-nanogold-set\/","url":"https:\/\/www.lraloeverashop.eu\/it\/prodotto\/creme-antirughe-nanogold-set\/","name":"Creme Antirughe nanogold set - Crema giorno e notte","isPartOf":{"@id":"https:\/\/www.lraloeverashop.eu\/it\/#website"},"primaryImageOfPage":{"@id":"https:\/\/www.lraloeverashop.eu\/it\/prodotto\/creme-antirughe-nanogold-set\/#primaryimage"},"image":{"@id":"https:\/\/www.lraloeverashop.eu\/it\/prodotto\/creme-antirughe-nanogold-set\/#primaryimage"},"thumbnailUrl":"https:\/\/www.lraloeverashop.eu\/wp-content\/uploads\/2022\/10\/Nano-Gold-set.jpg","datePublished":"2022-10-17T18:04:35+00:00","dateModified":"2026-02-03T19:12:39+00:00","description":"Creme Antirughe Nanogold Set contro l'invecchiamento precoce della pelle. Per le donne di 30 anni che vogliono prevenire le prime rughe","breadcrumb":{"@id":"https:\/\/www.lraloeverashop.eu\/it\/prodotto\/creme-antirughe-nanogold-set\/#breadcrumb"},"inLanguage":"it-IT","potentialAction":[{"@type":"ReadAction","target":["https:\/\/www.lraloeverashop.eu\/it\/prodotto\/creme-antirughe-nanogold-set\/"]}]},{"@type":"ImageObject","inLanguage":"it-IT","@id":"https:\/\/www.lraloeverashop.eu\/it\/prodotto\/creme-antirughe-nanogold-set\/#primaryimage","url":"https:\/\/www.lraloeverashop.eu\/wp-content\/uploads\/2022\/10\/Nano-Gold-set.jpg","contentUrl":"https:\/\/www.lraloeverashop.eu\/wp-content\/uploads\/2022\/10\/Nano-Gold-set.jpg","width":1200,"height":1200,"caption":"Creme Antirughe Nanogold Set per le donne da 30 anni"},{"@type":"BreadcrumbList","@id":"https:\/\/www.lraloeverashop.eu\/it\/prodotto\/creme-antirughe-nanogold-set\/#breadcrumb","itemListElement":[{"@type":"ListItem","position":1,"name":"Home","item":"https:\/\/www.lraloeverashop.eu\/it\/"},{"@type":"ListItem","position":2,"name":"Negozio","item":"https:\/\/www.lraloeverashop.eu\/it\/negozio\/"},{"@type":"ListItem","position":3,"name":"Creme Antirughe Nanogold Set"}]},{"@type":"WebSite","@id":"https:\/\/www.lraloeverashop.eu\/it\/#website","url":"https:\/\/www.lraloeverashop.eu\/it\/","name":"Lr Negozio di Aloe Vera","description":"High Quality Lr Aloe Vera Gel, Aloe Vera Cream and Shampoo","publisher":{"@id":"https:\/\/www.lraloeverashop.eu\/it\/#organization"},"alternateName":"LR","potentialAction":[{"@type":"SearchAction","target":{"@type":"EntryPoint","urlTemplate":"https:\/\/www.lraloeverashop.eu\/it\/?s={search_term_string}"},"query-input":{"@type":"PropertyValueSpecification","valueRequired":true,"valueName":"search_term_string"}}],"inLanguage":"it-IT"},{"@type":"Organization","@id":"https:\/\/www.lraloeverashop.eu\/it\/#organization","name":"Negozio di Lr Aloe Vera","alternateName":"LR","url":"https:\/\/www.lraloeverashop.eu\/it\/","logo":{"@type":"ImageObject","inLanguage":"it-IT","@id":"https:\/\/www.lraloeverashop.eu\/it\/#\/schema\/logo\/image\/","url":"https:\/\/www.lraloeverashop.eu\/wp-content\/uploads\/2022\/09\/cropped-Lr-Aloe-Vera-Shop.jpg","contentUrl":"https:\/\/www.lraloeverashop.eu\/wp-content\/uploads\/2022\/09\/cropped-Lr-Aloe-Vera-Shop.jpg","width":228,"height":76,"caption":"Negozio di Lr Aloe Vera"},"image":{"@id":"https:\/\/www.lraloeverashop.eu\/it\/#\/schema\/logo\/image\/"},"sameAs":["https:\/\/www.facebook.com\/lraloeverashop.eu","https:\/\/x.com\/natur__kosmetik","https:\/\/www.youtube.com\/channel\/UC5oN7BJ8nfYb8RpVtjwDEBA","https:\/\/www.instagram.com\/lrbeautyeu\/"],"description":"Negozio di Lr Aloe Vera \u00e8 il tuo punto di riferimento per i prodotti LR Health & Beauty di alta qualit\u00e0, realizzati in Germania. Offriamo soluzioni per la cura della pelle, l'alimentazione e l'anti-et\u00e0 a base di Aloe Vera, formulate con ingredienti puri e supportate da ricerche scientifiche. Scopri una cura naturale che rigenera, protegge e rivitalizza la tua pelle e approfitta delle esclusive offerte mensili sui nostri prodotti LR Aloe Vera pi\u00f9 venduti.\nInizia oggi il tuo percorso di cura della pelle naturale e senti la differenza.","email":"info@lraloeverashop.eu","telephone":"+49 17670609653","legalName":"Lr Aloe Vera Shop","foundingDate":"2018-04-21","numberOfEmployees":{"@type":"QuantitativeValue","minValue":"1","maxValue":"10"}}]},"product_price_amount":"65.99","product_price_currency":"EUR","og_availability":"out of stock","product_availability":"out of stock","product_retailer_item_id":"28196-1IT","product_condition":"new"},"taxonomy_info":{"product_cat":[{"value":268,"label":"Cura antiet\u00e0"},{"value":286,"label":"Donne fino a 40 anni"},{"value":370,"label":"Nano Gold"},{"value":353,"label":"Offerte"},{"value":329,"label":"Prodotti antiet\u00e0"}],"product_tag":[{"value":702,"label":"per le rughe del viso"}]},"featured_image_src_large":["https:\/\/www.lraloeverashop.eu\/wp-content\/uploads\/2022\/10\/Nano-Gold-set-1024x1024.jpg",1024,1024,true],"author_info":[],"comment_info":0,"_links":{"self":[{"href":"https:\/\/www.lraloeverashop.eu\/it\/wp-json\/wp\/v2\/product\/8974","targetHints":{"allow":["GET"]}}],"collection":[{"href":"https:\/\/www.lraloeverashop.eu\/it\/wp-json\/wp\/v2\/product"}],"about":[{"href":"https:\/\/www.lraloeverashop.eu\/it\/wp-json\/wp\/v2\/types\/product"}],"replies":[{"embeddable":true,"href":"https:\/\/www.lraloeverashop.eu\/it\/wp-json\/wp\/v2\/comments?post=8974"}],"wp:featuredmedia":[{"embeddable":true,"href":"https:\/\/www.lraloeverashop.eu\/it\/wp-json\/wp\/v2\/media\/5954"}],"wp:attachment":[{"href":"https:\/\/www.lraloeverashop.eu\/it\/wp-json\/wp\/v2\/media?parent=8974"}],"wp:term":[{"taxonomy":"product_brand","embeddable":true,"href":"https:\/\/www.lraloeverashop.eu\/it\/wp-json\/wp\/v2\/product_brand?post=8974"},{"taxonomy":"product_cat","embeddable":true,"href":"https:\/\/www.lraloeverashop.eu\/it\/wp-json\/wp\/v2\/product_cat?post=8974"},{"taxonomy":"product_tag","embeddable":true,"href":"https:\/\/www.lraloeverashop.eu\/it\/wp-json\/wp\/v2\/product_tag?post=8974"}],"curies":[{"name":"wp","href":"https:\/\/api.w.org\/{rel}","templated":true}]}}