{"id":8882,"date":"2022-10-19T20:05:25","date_gmt":"2022-10-19T18:05:25","guid":{"rendered":"https:\/\/www.lraloeverashop.eu\/product\/serox-perfezionatore-istantaneo-della-pelle\/"},"modified":"2026-02-03T20:10:55","modified_gmt":"2026-02-03T19:10:55","slug":"serox-perfezionatore-istantaneo-della-pelle","status":"publish","type":"product","link":"https:\/\/www.lraloeverashop.eu\/it\/prodotto\/serox-perfezionatore-istantaneo-della-pelle\/","title":{"rendered":"Serox Perfezionatore Istantaneo della pelle"},"content":{"rendered":"<h2><span style=\"font-size: 16pt;\"><strong>Serox Perfezionatore Istantaneo della pelle<\/strong><\/span><\/h2>\n<p><span style=\"font-size: 14pt;\"><strong>Serox Perfezionatore Istantaneo della pelle per Ringiovanimento ottico della carnagione in pochi secondi!<\/strong><\/span><\/p>\n<p>Per le donne, per le quali l&#8217;et\u00e0 \u00e8 una questione minore, ma il bell&#8217;aspetto no.<br \/>\nPer coloro che desiderano una cura della pelle nella vita di tutti i giorni, che assicuri in pochi secondi un aspetto perfetto della pelle e faccia scomparire piccole rughe e protuberanze.<\/p>\n<p>Una pelle perfetta, con poche rughe e bella tesa, questi sono i segni di un <a href=\"https:\/\/www.lraloeverashop.eu\/it\/prodotto\/aloe-vera-special-care-box\/\">aspetto giovanile<\/a>, che vogliamo preservare o ripristinare.<\/p>\n<p>L&#8217;aspetto della pelle cambia con l&#8217;et\u00e0, le irregolarit\u00e0 della pelle aumentano ei pori si allargano. Inoltre, la pelle perde sempre pi\u00f9 elasticit\u00e0 e compattezza. Per contrastare i segni dell&#8217;invecchiamento cutaneo, Serox Perfezionatore Istantaneo della pelle \u00e8 il compagno ideale per la <a href=\"https:\/\/www.lraloeverashop.eu\/it\/prodotto\/racine-q10-set-antieta\/\">cura quotidiana del viso<\/a>.<\/p>\n<p>La tecnologia degli effetti con il doppio effetto anti-invecchiamento colpisce per la perfezione immediata: un ringiovanimento visivo della pelle in pochi secondi! La formula vellutata e morbida del perfezionatore di laminazione con sottili pigmenti di colore lascia la pelle come <a href=\"https:\/\/www.lraloeverashop.eu\/it\/prodotto\/aloe-vera-spray-di-emergenza-istantaneo\/\">trasformata<\/a>.<\/p>\n<p>Pori, protuberanze e rughe sono ridotti al minimo e la pelle lucida \u00e8 opaca. Dall&#8217;altro attraverso la perfezione sostenibile \u2013 una rigenerazione della struttura della pelle giorno dopo giorno!<\/p>\n<p>Ci\u00f2 si ottiene grazie agli ingredienti attivi antiet\u00e0 ad azione profonda Gatuline\u00ae In-Tense e alle Ultra Filling SpheresTM. Rafforzano in modo sostenibile la compattezza e l&#8217;elasticit\u00e0 della pelle, rendendola pi\u00f9 liscia ed elastica.<\/p>\n<p>Per supportare l&#8217;effetto antiet\u00e0, si consiglia il seguente rituale di cura: iniziare con <a href=\"https:\/\/www.lraloeverashop.eu\/it\/prodotto\/siero-viso-antirughe-serox\/\">Siero Viso Antirughe Serox<\/a>, seguito dalla crema intensiva antiet\u00e0 e terminare con ISerox Perfezionatore Istantaneo della pelle<\/p>\n<p>&nbsp;<\/p>\n<h3><span style=\"font-size: 16pt;\"><strong>Come usare<\/strong><\/span><\/h3>\n<p>Serox Perfezionatore Istantaneo della pelle da <a href=\"https:\/\/shop.lrworld.com\/home\/IT\/it?PHP=0vFlt7jT938BEnBI3a6e9w%3D%3D\"><strong>Lr health &amp; Beauty<\/strong><\/a> pu\u00f2 essere utilizzato in qualsiasi momento della giornata. Applicare la solita crema da giorno e poi applicare una noce Instant Skin Perfector distribuendola bene su tutto il viso. Aspetta qualche secondo prima di continuare con il trucco.<\/p>\n<p>&nbsp;<\/p>\n<h4><span style=\"font-size: 16pt;\"><strong>Did you know?<\/strong><\/span><\/h4>\n<p><strong>Gatuline\u00ae In-Tense<\/strong><br \/>\nQuesto \u00e8 un estratto oleoso concentrato della pianta Spilanthes Acmella, chiamata anche Paracress.<br \/>\nGatuline\u00ae In-Tense agisce stimolando i fibroblasti (cellule del tessuto connettivo), riorganizzando la struttura e la densit\u00e0 dello strato dermico. La densit\u00e0 e la compattezza della pelle sono aumentate e fanno risplendere la pelle in modo uniforme.<\/p>\n<p><strong>Sfere ultra riempitive<\/strong><br \/>\nQuesta tecnologia sfrutta la capacit\u00e0 delle sfere disidratate e reticolate (costituite da biopolimeri), che penetrano nello strato cutaneo superiore (epidermide) di assorbire l&#8217;acqua che evapora dallo strato cutaneo sottostante (derma). Il volume delle palline aumenta e cos\u00ec la pelle \u00e8 tesa, levigata e idratata.<\/p>\n","protected":false},"excerpt":{"rendered":"<ul>\n<li>Tecnologia innovativa con doppio effetto antiet\u00e0<\/li>\n<li>Perfezione sostenibile della struttura della pelle<\/li>\n<li>Adatto in combinazione con il trucco<\/li>\n<li>Immediata perfezione della pelle<\/li>\n<li>Cura antiet\u00e0 per l&#8217;uso quotidiano<\/li>\n<li>Ingredienti di alta qualit\u00e0<\/li>\n<li>Quantit\u00e0: 30 ml<\/li>\n<\/ul>\n<p><span style=\"color: #ff0000;\"><a style=\"color: #ff0000;\" href=\"https:\/\/shop.lrworld.com\/openpao?PHP=0vFlt7jT938BEnBI3a6e9w%3D%3D\"><span style=\"font-size: 14pt;\"><strong>Registrati ora e risparmia il 35% su ogni ordine<\/strong><\/span><\/a><\/span><\/p>\n","protected":false},"featured_media":5858,"comment_status":"open","ping_status":"closed","template":"","meta":{"_kad_blocks_custom_css":"","_kad_blocks_head_custom_js":"","_kad_blocks_body_custom_js":"","_kad_blocks_footer_custom_js":"","_kadence_starter_templates_imported_post":false,"_kad_post_transparent":"default","_kad_post_title":"","_kad_post_layout":"default","_kad_post_sidebar_id":"","_kad_post_content_style":"default","_kad_post_vertical_padding":"default","_kad_post_feature":"","_kad_post_feature_position":"","_kad_post_header":false,"_kad_post_footer":false,"_kad_post_classname":""},"product_brand":[],"product_cat":[268,286,280,329,388],"product_tag":[702],"class_list":{"0":"post-8882","1":"product","2":"type-product","3":"status-publish","4":"has-post-thumbnail","6":"product_cat-cura-antieta","7":"product_cat-donne-fino-a-40-anni","8":"product_cat-donne-sopra-i-40-anni","9":"product_cat-prodotti-antieta","10":"product_cat-serox-it","11":"product_tag-per-le-rughe-del-viso","13":"first","14":"instock","15":"taxable","16":"shipping-taxable","17":"purchasable","18":"product-type-simple","19":"entry","20":"content-bg","21":"loop-entry"},"yoast_head":"<!-- This site is optimized with the Yoast SEO Premium plugin v27.5 (Yoast SEO v27.5) - https:\/\/yoast.com\/product\/yoast-seo-premium-wordpress\/ -->\n<title>Serox Perfezionatore Istantaneo della pelle in pochi secondi!<\/title>\n<meta name=\"description\" content=\"Serox Perfezionatore Istantaneo per le donne, per le quali l&#039;et\u00e0 \u00e8 una questione minore, ma il bell&#039;aspetto no. Adatto anche in combinazione con il trucco\" \/>\n<meta name=\"robots\" content=\"index, follow, max-snippet:-1, max-image-preview:large, max-video-preview:-1\" \/>\n<link rel=\"canonical\" href=\"https:\/\/www.lraloeverashop.eu\/it\/prodotto\/serox-perfezionatore-istantaneo-della-pelle\/\" \/>\n<meta property=\"og:locale\" content=\"it_IT\" \/>\n<meta property=\"og:type\" content=\"article\" \/>\n<meta property=\"og:title\" content=\"Serox Perfezionatore Istantaneo della pelle\" \/>\n<meta property=\"og:description\" content=\"Serox Perfezionatore Istantaneo per le donne, per le quali l&#039;et\u00e0 \u00e8 una questione minore, ma il bell&#039;aspetto no. Adatto anche in combinazione con il trucco\" \/>\n<meta property=\"og:url\" content=\"https:\/\/www.lraloeverashop.eu\/it\/prodotto\/serox-perfezionatore-istantaneo-della-pelle\/\" \/>\n<meta property=\"og:site_name\" content=\"Lr Negozio di Aloe Vera\" \/>\n<meta property=\"article:publisher\" content=\"https:\/\/www.facebook.com\/lraloeverashop.eu\" \/>\n<meta property=\"article:modified_time\" content=\"2026-02-03T19:10:55+00:00\" \/>\n<meta property=\"og:image\" content=\"https:\/\/www.lraloeverashop.eu\/wp-content\/uploads\/2022\/10\/Serox-Instant-Skin-Perfector.jpg\" \/>\n\t<meta property=\"og:image:width\" content=\"1200\" \/>\n\t<meta property=\"og:image:height\" content=\"1200\" \/>\n\t<meta property=\"og:image:type\" content=\"image\/jpeg\" \/>\n<meta name=\"twitter:card\" content=\"summary_large_image\" \/>\n<meta name=\"twitter:site\" content=\"@natur__kosmetik\" \/>\n<script type=\"application\/ld+json\" class=\"yoast-schema-graph\">{\"@context\":\"https:\\\/\\\/schema.org\",\"@graph\":[{\"@type\":[\"WebPage\",\"ItemPage\"],\"@id\":\"https:\\\/\\\/www.lraloeverashop.eu\\\/it\\\/prodotto\\\/serox-perfezionatore-istantaneo-della-pelle\\\/\",\"url\":\"https:\\\/\\\/www.lraloeverashop.eu\\\/it\\\/prodotto\\\/serox-perfezionatore-istantaneo-della-pelle\\\/\",\"name\":\"Serox Perfezionatore Istantaneo della pelle in pochi secondi!\",\"isPartOf\":{\"@id\":\"https:\\\/\\\/www.lraloeverashop.eu\\\/it\\\/#website\"},\"primaryImageOfPage\":{\"@id\":\"https:\\\/\\\/www.lraloeverashop.eu\\\/it\\\/prodotto\\\/serox-perfezionatore-istantaneo-della-pelle\\\/#primaryimage\"},\"image\":{\"@id\":\"https:\\\/\\\/www.lraloeverashop.eu\\\/it\\\/prodotto\\\/serox-perfezionatore-istantaneo-della-pelle\\\/#primaryimage\"},\"thumbnailUrl\":\"https:\\\/\\\/www.lraloeverashop.eu\\\/wp-content\\\/uploads\\\/2022\\\/10\\\/Serox-Instant-Skin-Perfector.jpg\",\"datePublished\":\"2022-10-19T18:05:25+00:00\",\"dateModified\":\"2026-02-03T19:10:55+00:00\",\"description\":\"Serox Perfezionatore Istantaneo per le donne, per le quali l'et\u00e0 \u00e8 una questione minore, ma il bell'aspetto no. Adatto anche in combinazione con il trucco\",\"breadcrumb\":{\"@id\":\"https:\\\/\\\/www.lraloeverashop.eu\\\/it\\\/prodotto\\\/serox-perfezionatore-istantaneo-della-pelle\\\/#breadcrumb\"},\"inLanguage\":\"it-IT\",\"potentialAction\":[{\"@type\":\"ReadAction\",\"target\":[\"https:\\\/\\\/www.lraloeverashop.eu\\\/it\\\/prodotto\\\/serox-perfezionatore-istantaneo-della-pelle\\\/\"]}]},{\"@type\":\"ImageObject\",\"inLanguage\":\"it-IT\",\"@id\":\"https:\\\/\\\/www.lraloeverashop.eu\\\/it\\\/prodotto\\\/serox-perfezionatore-istantaneo-della-pelle\\\/#primaryimage\",\"url\":\"https:\\\/\\\/www.lraloeverashop.eu\\\/wp-content\\\/uploads\\\/2022\\\/10\\\/Serox-Instant-Skin-Perfector.jpg\",\"contentUrl\":\"https:\\\/\\\/www.lraloeverashop.eu\\\/wp-content\\\/uploads\\\/2022\\\/10\\\/Serox-Instant-Skin-Perfector.jpg\",\"width\":1200,\"height\":1200,\"caption\":\"Serox Perfezionatore Istantaneo Con Doppio Effetto Antiet\u00e0\"},{\"@type\":\"BreadcrumbList\",\"@id\":\"https:\\\/\\\/www.lraloeverashop.eu\\\/it\\\/prodotto\\\/serox-perfezionatore-istantaneo-della-pelle\\\/#breadcrumb\",\"itemListElement\":[{\"@type\":\"ListItem\",\"position\":1,\"name\":\"Home\",\"item\":\"https:\\\/\\\/www.lraloeverashop.eu\\\/it\\\/\"},{\"@type\":\"ListItem\",\"position\":2,\"name\":\"Negozio\",\"item\":\"https:\\\/\\\/www.lraloeverashop.eu\\\/it\\\/negozio\\\/\"},{\"@type\":\"ListItem\",\"position\":3,\"name\":\"Serox Perfezionatore Istantaneo della pelle\"}]},{\"@type\":\"WebSite\",\"@id\":\"https:\\\/\\\/www.lraloeverashop.eu\\\/it\\\/#website\",\"url\":\"https:\\\/\\\/www.lraloeverashop.eu\\\/it\\\/\",\"name\":\"Lr Negozio di Aloe Vera\",\"description\":\"High Quality Lr Aloe Vera Gel, Aloe Vera Cream and Shampoo\",\"publisher\":{\"@id\":\"https:\\\/\\\/www.lraloeverashop.eu\\\/it\\\/#organization\"},\"alternateName\":\"LR\",\"potentialAction\":[{\"@type\":\"SearchAction\",\"target\":{\"@type\":\"EntryPoint\",\"urlTemplate\":\"https:\\\/\\\/www.lraloeverashop.eu\\\/it\\\/?s={search_term_string}\"},\"query-input\":{\"@type\":\"PropertyValueSpecification\",\"valueRequired\":true,\"valueName\":\"search_term_string\"}}],\"inLanguage\":\"it-IT\"},{\"@type\":\"Organization\",\"@id\":\"https:\\\/\\\/www.lraloeverashop.eu\\\/it\\\/#organization\",\"name\":\"Negozio di Lr Aloe Vera\",\"alternateName\":\"LR\",\"url\":\"https:\\\/\\\/www.lraloeverashop.eu\\\/it\\\/\",\"logo\":{\"@type\":\"ImageObject\",\"inLanguage\":\"it-IT\",\"@id\":\"https:\\\/\\\/www.lraloeverashop.eu\\\/it\\\/#\\\/schema\\\/logo\\\/image\\\/\",\"url\":\"https:\\\/\\\/www.lraloeverashop.eu\\\/wp-content\\\/uploads\\\/2022\\\/09\\\/cropped-Lr-Aloe-Vera-Shop.jpg\",\"contentUrl\":\"https:\\\/\\\/www.lraloeverashop.eu\\\/wp-content\\\/uploads\\\/2022\\\/09\\\/cropped-Lr-Aloe-Vera-Shop.jpg\",\"width\":228,\"height\":76,\"caption\":\"Negozio di Lr Aloe Vera\"},\"image\":{\"@id\":\"https:\\\/\\\/www.lraloeverashop.eu\\\/it\\\/#\\\/schema\\\/logo\\\/image\\\/\"},\"sameAs\":[\"https:\\\/\\\/www.facebook.com\\\/lraloeverashop.eu\",\"https:\\\/\\\/x.com\\\/natur__kosmetik\",\"https:\\\/\\\/www.youtube.com\\\/channel\\\/UC5oN7BJ8nfYb8RpVtjwDEBA\",\"https:\\\/\\\/www.instagram.com\\\/lrbeautyeu\\\/\"],\"description\":\"Negozio di Lr Aloe Vera \u00e8 il tuo punto di riferimento per i prodotti LR Health & Beauty di alta qualit\u00e0, realizzati in Germania. Offriamo soluzioni per la cura della pelle, l'alimentazione e l'anti-et\u00e0 a base di Aloe Vera, formulate con ingredienti puri e supportate da ricerche scientifiche. Scopri una cura naturale che rigenera, protegge e rivitalizza la tua pelle e approfitta delle esclusive offerte mensili sui nostri prodotti LR Aloe Vera pi\u00f9 venduti.\\nInizia oggi il tuo percorso di cura della pelle naturale e senti la differenza.\",\"email\":\"info@lraloeverashop.eu\",\"telephone\":\"+49 17670609653\",\"legalName\":\"Lr Aloe Vera Shop\",\"foundingDate\":\"2018-04-21\",\"numberOfEmployees\":{\"@type\":\"QuantitativeValue\",\"minValue\":\"1\",\"maxValue\":\"10\"}}]}<\/script>\n<meta property=\"product:price:amount\" content=\"58.10\" \/>\n<meta property=\"product:price:currency\" content=\"EUR\" \/>\n<meta property=\"og:availability\" content=\"instock\" \/>\n<meta property=\"product:availability\" content=\"instock\" \/>\n<meta property=\"product:retailer_item_id\" content=\"28250-1IT\" \/>\n<meta property=\"product:condition\" content=\"new\" \/>\n<!-- \/ Yoast SEO Premium plugin. -->","yoast_head_json":{"title":"Serox Perfezionatore Istantaneo della pelle in pochi secondi!","description":"Serox Perfezionatore Istantaneo per le donne, per le quali l'et\u00e0 \u00e8 una questione minore, ma il bell'aspetto no. Adatto anche in combinazione con il trucco","robots":{"index":"index","follow":"follow","max-snippet":"max-snippet:-1","max-image-preview":"max-image-preview:large","max-video-preview":"max-video-preview:-1"},"canonical":"https:\/\/www.lraloeverashop.eu\/it\/prodotto\/serox-perfezionatore-istantaneo-della-pelle\/","og_locale":"it_IT","og_type":"article","og_title":"Serox Perfezionatore Istantaneo della pelle","og_description":"Serox Perfezionatore Istantaneo per le donne, per le quali l'et\u00e0 \u00e8 una questione minore, ma il bell'aspetto no. Adatto anche in combinazione con il trucco","og_url":"https:\/\/www.lraloeverashop.eu\/it\/prodotto\/serox-perfezionatore-istantaneo-della-pelle\/","og_site_name":"Lr Negozio di Aloe Vera","article_publisher":"https:\/\/www.facebook.com\/lraloeverashop.eu","article_modified_time":"2026-02-03T19:10:55+00:00","og_image":[{"width":1200,"height":1200,"url":"https:\/\/www.lraloeverashop.eu\/wp-content\/uploads\/2022\/10\/Serox-Instant-Skin-Perfector.jpg","type":"image\/jpeg"}],"twitter_card":"summary_large_image","twitter_site":"@natur__kosmetik","schema":{"@context":"https:\/\/schema.org","@graph":[{"@type":["WebPage","ItemPage"],"@id":"https:\/\/www.lraloeverashop.eu\/it\/prodotto\/serox-perfezionatore-istantaneo-della-pelle\/","url":"https:\/\/www.lraloeverashop.eu\/it\/prodotto\/serox-perfezionatore-istantaneo-della-pelle\/","name":"Serox Perfezionatore Istantaneo della pelle in pochi secondi!","isPartOf":{"@id":"https:\/\/www.lraloeverashop.eu\/it\/#website"},"primaryImageOfPage":{"@id":"https:\/\/www.lraloeverashop.eu\/it\/prodotto\/serox-perfezionatore-istantaneo-della-pelle\/#primaryimage"},"image":{"@id":"https:\/\/www.lraloeverashop.eu\/it\/prodotto\/serox-perfezionatore-istantaneo-della-pelle\/#primaryimage"},"thumbnailUrl":"https:\/\/www.lraloeverashop.eu\/wp-content\/uploads\/2022\/10\/Serox-Instant-Skin-Perfector.jpg","datePublished":"2022-10-19T18:05:25+00:00","dateModified":"2026-02-03T19:10:55+00:00","description":"Serox Perfezionatore Istantaneo per le donne, per le quali l'et\u00e0 \u00e8 una questione minore, ma il bell'aspetto no. Adatto anche in combinazione con il trucco","breadcrumb":{"@id":"https:\/\/www.lraloeverashop.eu\/it\/prodotto\/serox-perfezionatore-istantaneo-della-pelle\/#breadcrumb"},"inLanguage":"it-IT","potentialAction":[{"@type":"ReadAction","target":["https:\/\/www.lraloeverashop.eu\/it\/prodotto\/serox-perfezionatore-istantaneo-della-pelle\/"]}]},{"@type":"ImageObject","inLanguage":"it-IT","@id":"https:\/\/www.lraloeverashop.eu\/it\/prodotto\/serox-perfezionatore-istantaneo-della-pelle\/#primaryimage","url":"https:\/\/www.lraloeverashop.eu\/wp-content\/uploads\/2022\/10\/Serox-Instant-Skin-Perfector.jpg","contentUrl":"https:\/\/www.lraloeverashop.eu\/wp-content\/uploads\/2022\/10\/Serox-Instant-Skin-Perfector.jpg","width":1200,"height":1200,"caption":"Serox Perfezionatore Istantaneo Con Doppio Effetto Antiet\u00e0"},{"@type":"BreadcrumbList","@id":"https:\/\/www.lraloeverashop.eu\/it\/prodotto\/serox-perfezionatore-istantaneo-della-pelle\/#breadcrumb","itemListElement":[{"@type":"ListItem","position":1,"name":"Home","item":"https:\/\/www.lraloeverashop.eu\/it\/"},{"@type":"ListItem","position":2,"name":"Negozio","item":"https:\/\/www.lraloeverashop.eu\/it\/negozio\/"},{"@type":"ListItem","position":3,"name":"Serox Perfezionatore Istantaneo della pelle"}]},{"@type":"WebSite","@id":"https:\/\/www.lraloeverashop.eu\/it\/#website","url":"https:\/\/www.lraloeverashop.eu\/it\/","name":"Lr Negozio di Aloe Vera","description":"High Quality Lr Aloe Vera Gel, Aloe Vera Cream and Shampoo","publisher":{"@id":"https:\/\/www.lraloeverashop.eu\/it\/#organization"},"alternateName":"LR","potentialAction":[{"@type":"SearchAction","target":{"@type":"EntryPoint","urlTemplate":"https:\/\/www.lraloeverashop.eu\/it\/?s={search_term_string}"},"query-input":{"@type":"PropertyValueSpecification","valueRequired":true,"valueName":"search_term_string"}}],"inLanguage":"it-IT"},{"@type":"Organization","@id":"https:\/\/www.lraloeverashop.eu\/it\/#organization","name":"Negozio di Lr Aloe Vera","alternateName":"LR","url":"https:\/\/www.lraloeverashop.eu\/it\/","logo":{"@type":"ImageObject","inLanguage":"it-IT","@id":"https:\/\/www.lraloeverashop.eu\/it\/#\/schema\/logo\/image\/","url":"https:\/\/www.lraloeverashop.eu\/wp-content\/uploads\/2022\/09\/cropped-Lr-Aloe-Vera-Shop.jpg","contentUrl":"https:\/\/www.lraloeverashop.eu\/wp-content\/uploads\/2022\/09\/cropped-Lr-Aloe-Vera-Shop.jpg","width":228,"height":76,"caption":"Negozio di Lr Aloe Vera"},"image":{"@id":"https:\/\/www.lraloeverashop.eu\/it\/#\/schema\/logo\/image\/"},"sameAs":["https:\/\/www.facebook.com\/lraloeverashop.eu","https:\/\/x.com\/natur__kosmetik","https:\/\/www.youtube.com\/channel\/UC5oN7BJ8nfYb8RpVtjwDEBA","https:\/\/www.instagram.com\/lrbeautyeu\/"],"description":"Negozio di Lr Aloe Vera \u00e8 il tuo punto di riferimento per i prodotti LR Health & Beauty di alta qualit\u00e0, realizzati in Germania. Offriamo soluzioni per la cura della pelle, l'alimentazione e l'anti-et\u00e0 a base di Aloe Vera, formulate con ingredienti puri e supportate da ricerche scientifiche. Scopri una cura naturale che rigenera, protegge e rivitalizza la tua pelle e approfitta delle esclusive offerte mensili sui nostri prodotti LR Aloe Vera pi\u00f9 venduti.\nInizia oggi il tuo percorso di cura della pelle naturale e senti la differenza.","email":"info@lraloeverashop.eu","telephone":"+49 17670609653","legalName":"Lr Aloe Vera Shop","foundingDate":"2018-04-21","numberOfEmployees":{"@type":"QuantitativeValue","minValue":"1","maxValue":"10"}}]},"product_price_amount":"58.10","product_price_currency":"EUR","og_availability":"instock","product_availability":"instock","product_retailer_item_id":"28250-1IT","product_condition":"new"},"taxonomy_info":{"product_cat":[{"value":268,"label":"Cura antiet\u00e0"},{"value":286,"label":"Donne fino a 40 anni"},{"value":280,"label":"Donne sopra i 40 anni"},{"value":329,"label":"Prodotti antiet\u00e0"},{"value":388,"label":"Serox"}],"product_tag":[{"value":702,"label":"per le rughe del viso"}]},"featured_image_src_large":["https:\/\/www.lraloeverashop.eu\/wp-content\/uploads\/2022\/10\/Serox-Instant-Skin-Perfector-1024x1024.jpg",1024,1024,true],"author_info":[],"comment_info":0,"_links":{"self":[{"href":"https:\/\/www.lraloeverashop.eu\/it\/wp-json\/wp\/v2\/product\/8882","targetHints":{"allow":["GET"]}}],"collection":[{"href":"https:\/\/www.lraloeverashop.eu\/it\/wp-json\/wp\/v2\/product"}],"about":[{"href":"https:\/\/www.lraloeverashop.eu\/it\/wp-json\/wp\/v2\/types\/product"}],"replies":[{"embeddable":true,"href":"https:\/\/www.lraloeverashop.eu\/it\/wp-json\/wp\/v2\/comments?post=8882"}],"wp:featuredmedia":[{"embeddable":true,"href":"https:\/\/www.lraloeverashop.eu\/it\/wp-json\/wp\/v2\/media\/5858"}],"wp:attachment":[{"href":"https:\/\/www.lraloeverashop.eu\/it\/wp-json\/wp\/v2\/media?parent=8882"}],"wp:term":[{"taxonomy":"product_brand","embeddable":true,"href":"https:\/\/www.lraloeverashop.eu\/it\/wp-json\/wp\/v2\/product_brand?post=8882"},{"taxonomy":"product_cat","embeddable":true,"href":"https:\/\/www.lraloeverashop.eu\/it\/wp-json\/wp\/v2\/product_cat?post=8882"},{"taxonomy":"product_tag","embeddable":true,"href":"https:\/\/www.lraloeverashop.eu\/it\/wp-json\/wp\/v2\/product_tag?post=8882"}],"curies":[{"name":"wp","href":"https:\/\/api.w.org\/{rel}","templated":true}]}}