{"id":8806,"date":"2022-10-20T11:57:25","date_gmt":"2022-10-20T09:57:25","guid":{"rendered":"https:\/\/www.lraloeverashop.eu\/product\/beauty-diamonds-set-di-crema-antirughe\/"},"modified":"2026-02-03T20:09:49","modified_gmt":"2026-02-03T19:09:49","slug":"beauty-diamonds-set-di-crema-antirughe","status":"publish","type":"product","link":"https:\/\/www.lraloeverashop.eu\/it\/prodotto\/beauty-diamonds-set-di-crema-antirughe\/","title":{"rendered":"Beauty Diamonds Set di Crema Antirughe"},"content":{"rendered":"<h2><span style=\"font-size: 16pt;\"><strong>Beauty Diamonds Set di Crema Antirughe<\/strong><\/span><\/h2>\n<p><span style=\"font-size: 14pt;\"><strong>Beauty Diamonds Set di Crema Antirughe per pelli esigenti<\/strong><\/span><\/p>\n<p>Beauty Diamonds Set di Crema Antirughe da <a href=\"https:\/\/shop.lrworld.com\/home\/IT\/it?PHP=0vFlt7jT938BEnBI3a6e9w%3D%3D\"><strong>Lr Health &amp; beauty<\/strong><\/a> fornisce alla tua pelle luminosit\u00e0 e cura ottimale ogni giorno.<\/p>\n<p>La <a href=\"https:\/\/www.lraloeverashop.eu\/it\/prodotto\/crema-notte-antirughe-beauty-diamonds\/\">Crema Notte Nutriente Beauty Diamonds<\/a> aiuta la pelle a ridurre i segni visibili dell&#8217;invecchiamento durante la notte. Mentre dormi, il meccanismo naturale di protezione cellulare della tua pelle viene stimolato da un complesso sinergico di due peptidi brevettati (Replexium\u2122), in modo che la tua pelle si senta soda, elastica e morbida la mattina successiva.<\/p>\n<p>La <a href=\"https:\/\/www.lraloeverashop.eu\/it\/prodotto\/crema-giorno-antirughe-beauty-diamonds\/\">Crema Giorno Antiet\u00e0 Beauty Diamonds<\/a> nutre la pelle intensamente e la rafforza giorno dopo giorno stimolando la produzione di collagene: la pelle appare rimpolpata. Rende anche la pelle liscia come la seta e riduce le rughe. L&#8217;estratto di olivello spinoso rassoda la pelle e assicura <a href=\"https:\/\/www.lraloeverashop.eu\/it\/prodotto\/siero-viso-antirughe-serox\/\">contorni del viso<\/a> armoniosi. Per una pelle compatta e una sensazione di pelle liscia come la seta.<\/p>\n<p><strong>Per donne\u2026<\/strong><br \/>\n\u2026 da circa 40 anni<br \/>\n\u2026 con la <a href=\"https:\/\/www.lraloeverashop.eu\/it\/prodotto\/aloe-vera-special-care-box\/\">pelle secca<\/a> ed esigente<br \/>\n\u2026 porre l&#8217;accento sulle cure di lusso<br \/>\n\u2026 che vogliono un grande carisma<br \/>\n\u2026 vuoi ridurre le rughe<br \/>\n\u2026 che desiderano una maggiore elasticit\u00e0 della pelle<\/p>\n<p>Il set antiet\u00e0 rassodante Beauty Diamonds rinforza la pelle a partire dai 40 anni e riduce visibilmente le rughe. Basato sulle propriet\u00e0 dei diamanti in combinazione con le proteine, assicura che il processo di invecchiamento della pelle sia rallentato e il meccanismo di protezione cellulare sia rafforzato.<\/p>\n<p>Ora riformulato con l&#8217;innovativo sistema di trasporto del principio attivo e un principio attivo incapsulato che <a href=\"https:\/\/www.lraloeverashop.eu\/it\/prodotto\/creme-antirughe-nanogold-set\/\">riduce le rughe<\/a> e la profondit\u00e0 delle rughe.<\/p>\n<p>Per la massima efficacia, usa in combinazione con <a href=\"https:\/\/www.lraloeverashop.eu\/it\/prodotto\/zeitgard-pro-kit-anti-rughe\/\">Zeitgard Pro Kit Anti Rughe<\/a>.<\/p>\n<p>&nbsp;<\/p>\n<h3><span style=\"font-size: 16pt;\"><strong>Come usare<\/strong><\/span><\/h3>\n<p><strong>PASSAGGIO 1:<\/strong> Pulisci la pelle del viso con acqua o usa la spazzola per la pulizia del viso Zeitgard Pro o lo strumento per il peeling del viso Zeitgard Pro.<\/p>\n<p><strong>PASSAGGIO 2:<\/strong> Applicare i prodotti Beauty Diamonds e massaggiarli con le mani o utilizzando lo Zeitgard Pro Kit Anti Rughe. Tratta i lati sinistro e destro del viso e la fronte per 30 secondi ciascuno. Prestare attenzione ai movimenti circolari dall&#8217;interno verso l&#8217;esterno e dal basso verso l&#8217;alto.<\/p>\n","protected":false},"excerpt":{"rendered":"<ul>\n<li>Set per pelli esigenti<\/li>\n<li>Il set include 1 crema da giorno, 1 crema da notte<\/li>\n<li>Combinazione di principi attivi a base di diamante e peptidi<\/li>\n<li>Con un innovativo sistema di trasporto del principio attivo<\/li>\n<li>Consigliato per l&#8217;uso con Zeitgard Pro Kit Anti Rughe<\/li>\n<\/ul>\n<p><span style=\"color: #ff0000;\"><a style=\"color: #ff0000;\" href=\"https:\/\/shop.lrworld.com\/openpao?PHP=0vFlt7jT938BEnBI3a6e9w%3D%3D\"><span style=\"font-size: 14pt;\"><strong>Registrati ora e risparmia il 35% su ogni ordine<\/strong><\/span><\/a><\/span><\/p>\n","protected":false},"featured_media":6074,"comment_status":"open","ping_status":"closed","template":"","meta":{"_kad_blocks_custom_css":"","_kad_blocks_head_custom_js":"","_kad_blocks_body_custom_js":"","_kad_blocks_footer_custom_js":"","_kadence_starter_templates_imported_post":false,"_kad_post_transparent":"default","_kad_post_title":"","_kad_post_layout":"default","_kad_post_sidebar_id":"","_kad_post_content_style":"default","_kad_post_vertical_padding":"default","_kad_post_feature":"","_kad_post_feature_position":"","_kad_post_header":false,"_kad_post_footer":false,"_kad_post_classname":""},"product_brand":[],"product_cat":[364,268,280,329],"product_tag":[702],"class_list":{"0":"post-8806","1":"product","2":"type-product","3":"status-publish","4":"has-post-thumbnail","6":"product_cat-beauty-diamonds-it","7":"product_cat-cura-antieta","8":"product_cat-donne-sopra-i-40-anni","9":"product_cat-prodotti-antieta","10":"product_tag-per-le-rughe-del-viso","12":"first","13":"outofstock","14":"taxable","15":"shipping-taxable","16":"purchasable","17":"product-type-simple","18":"entry","19":"content-bg","20":"loop-entry"},"yoast_head":"<!-- This site is optimized with the Yoast SEO Premium plugin v27.5 (Yoast SEO v27.5) - https:\/\/yoast.com\/product\/yoast-seo-premium-wordpress\/ -->\n<title>Beauty Diamonds Set di Crema Antirughe per pelli esigenti<\/title>\n<meta name=\"description\" content=\"Beauty Diamonds Set di Crema Antirughe per le donne da circa 40 anni con la pelle secca quale vogliono ridurre le rughe e maggiore elasticit\u00e0 della pelle.\" \/>\n<meta name=\"robots\" content=\"index, follow, max-snippet:-1, max-image-preview:large, max-video-preview:-1\" \/>\n<link rel=\"canonical\" href=\"https:\/\/www.lraloeverashop.eu\/it\/prodotto\/beauty-diamonds-set-di-crema-antirughe\/\" \/>\n<meta property=\"og:locale\" content=\"it_IT\" \/>\n<meta property=\"og:type\" content=\"article\" \/>\n<meta property=\"og:title\" content=\"Beauty Diamonds Set di Crema Antirughe\" \/>\n<meta property=\"og:description\" content=\"Beauty Diamonds Set di Crema Antirughe per le donne da circa 40 anni con la pelle secca quale vogliono ridurre le rughe e maggiore elasticit\u00e0 della pelle.\" \/>\n<meta property=\"og:url\" content=\"https:\/\/www.lraloeverashop.eu\/it\/prodotto\/beauty-diamonds-set-di-crema-antirughe\/\" \/>\n<meta property=\"og:site_name\" content=\"Lr Negozio di Aloe Vera\" \/>\n<meta property=\"article:publisher\" content=\"https:\/\/www.facebook.com\/lraloeverashop.eu\" \/>\n<meta property=\"article:modified_time\" content=\"2026-02-03T19:09:49+00:00\" \/>\n<meta property=\"og:image\" content=\"https:\/\/www.lraloeverashop.eu\/wp-content\/uploads\/2022\/10\/Beauty-Diamonds-Anti-Aging-Set.jpg\" \/>\n\t<meta property=\"og:image:width\" content=\"1200\" \/>\n\t<meta property=\"og:image:height\" content=\"1200\" \/>\n\t<meta property=\"og:image:type\" content=\"image\/jpeg\" \/>\n<meta name=\"twitter:card\" content=\"summary_large_image\" \/>\n<meta name=\"twitter:site\" content=\"@natur__kosmetik\" \/>\n<script type=\"application\/ld+json\" class=\"yoast-schema-graph\">{\"@context\":\"https:\\\/\\\/schema.org\",\"@graph\":[{\"@type\":[\"WebPage\",\"ItemPage\"],\"@id\":\"https:\\\/\\\/www.lraloeverashop.eu\\\/it\\\/prodotto\\\/beauty-diamonds-set-di-crema-antirughe\\\/\",\"url\":\"https:\\\/\\\/www.lraloeverashop.eu\\\/it\\\/prodotto\\\/beauty-diamonds-set-di-crema-antirughe\\\/\",\"name\":\"Beauty Diamonds Set di Crema Antirughe per pelli esigenti\",\"isPartOf\":{\"@id\":\"https:\\\/\\\/www.lraloeverashop.eu\\\/it\\\/#website\"},\"primaryImageOfPage\":{\"@id\":\"https:\\\/\\\/www.lraloeverashop.eu\\\/it\\\/prodotto\\\/beauty-diamonds-set-di-crema-antirughe\\\/#primaryimage\"},\"image\":{\"@id\":\"https:\\\/\\\/www.lraloeverashop.eu\\\/it\\\/prodotto\\\/beauty-diamonds-set-di-crema-antirughe\\\/#primaryimage\"},\"thumbnailUrl\":\"https:\\\/\\\/www.lraloeverashop.eu\\\/wp-content\\\/uploads\\\/2022\\\/10\\\/Beauty-Diamonds-Anti-Aging-Set.jpg\",\"datePublished\":\"2022-10-20T09:57:25+00:00\",\"dateModified\":\"2026-02-03T19:09:49+00:00\",\"description\":\"Beauty Diamonds Set di Crema Antirughe per le donne da circa 40 anni con la pelle secca quale vogliono ridurre le rughe e maggiore elasticit\u00e0 della pelle.\",\"breadcrumb\":{\"@id\":\"https:\\\/\\\/www.lraloeverashop.eu\\\/it\\\/prodotto\\\/beauty-diamonds-set-di-crema-antirughe\\\/#breadcrumb\"},\"inLanguage\":\"it-IT\",\"potentialAction\":[{\"@type\":\"ReadAction\",\"target\":[\"https:\\\/\\\/www.lraloeverashop.eu\\\/it\\\/prodotto\\\/beauty-diamonds-set-di-crema-antirughe\\\/\"]}]},{\"@type\":\"ImageObject\",\"inLanguage\":\"it-IT\",\"@id\":\"https:\\\/\\\/www.lraloeverashop.eu\\\/it\\\/prodotto\\\/beauty-diamonds-set-di-crema-antirughe\\\/#primaryimage\",\"url\":\"https:\\\/\\\/www.lraloeverashop.eu\\\/wp-content\\\/uploads\\\/2022\\\/10\\\/Beauty-Diamonds-Anti-Aging-Set.jpg\",\"contentUrl\":\"https:\\\/\\\/www.lraloeverashop.eu\\\/wp-content\\\/uploads\\\/2022\\\/10\\\/Beauty-Diamonds-Anti-Aging-Set.jpg\",\"width\":1200,\"height\":1200,\"caption\":\"Beauty Diamonds anti et\u00e0 set\"},{\"@type\":\"BreadcrumbList\",\"@id\":\"https:\\\/\\\/www.lraloeverashop.eu\\\/it\\\/prodotto\\\/beauty-diamonds-set-di-crema-antirughe\\\/#breadcrumb\",\"itemListElement\":[{\"@type\":\"ListItem\",\"position\":1,\"name\":\"Home\",\"item\":\"https:\\\/\\\/www.lraloeverashop.eu\\\/it\\\/\"},{\"@type\":\"ListItem\",\"position\":2,\"name\":\"Negozio\",\"item\":\"https:\\\/\\\/www.lraloeverashop.eu\\\/it\\\/negozio\\\/\"},{\"@type\":\"ListItem\",\"position\":3,\"name\":\"Beauty Diamonds Set di Crema Antirughe\"}]},{\"@type\":\"WebSite\",\"@id\":\"https:\\\/\\\/www.lraloeverashop.eu\\\/it\\\/#website\",\"url\":\"https:\\\/\\\/www.lraloeverashop.eu\\\/it\\\/\",\"name\":\"Lr Negozio di Aloe Vera\",\"description\":\"High Quality Lr Aloe Vera Gel, Aloe Vera Cream and Shampoo\",\"publisher\":{\"@id\":\"https:\\\/\\\/www.lraloeverashop.eu\\\/it\\\/#organization\"},\"alternateName\":\"LR\",\"potentialAction\":[{\"@type\":\"SearchAction\",\"target\":{\"@type\":\"EntryPoint\",\"urlTemplate\":\"https:\\\/\\\/www.lraloeverashop.eu\\\/it\\\/?s={search_term_string}\"},\"query-input\":{\"@type\":\"PropertyValueSpecification\",\"valueRequired\":true,\"valueName\":\"search_term_string\"}}],\"inLanguage\":\"it-IT\"},{\"@type\":\"Organization\",\"@id\":\"https:\\\/\\\/www.lraloeverashop.eu\\\/it\\\/#organization\",\"name\":\"Negozio di Lr Aloe Vera\",\"alternateName\":\"LR\",\"url\":\"https:\\\/\\\/www.lraloeverashop.eu\\\/it\\\/\",\"logo\":{\"@type\":\"ImageObject\",\"inLanguage\":\"it-IT\",\"@id\":\"https:\\\/\\\/www.lraloeverashop.eu\\\/it\\\/#\\\/schema\\\/logo\\\/image\\\/\",\"url\":\"https:\\\/\\\/www.lraloeverashop.eu\\\/wp-content\\\/uploads\\\/2022\\\/09\\\/cropped-Lr-Aloe-Vera-Shop.jpg\",\"contentUrl\":\"https:\\\/\\\/www.lraloeverashop.eu\\\/wp-content\\\/uploads\\\/2022\\\/09\\\/cropped-Lr-Aloe-Vera-Shop.jpg\",\"width\":228,\"height\":76,\"caption\":\"Negozio di Lr Aloe Vera\"},\"image\":{\"@id\":\"https:\\\/\\\/www.lraloeverashop.eu\\\/it\\\/#\\\/schema\\\/logo\\\/image\\\/\"},\"sameAs\":[\"https:\\\/\\\/www.facebook.com\\\/lraloeverashop.eu\",\"https:\\\/\\\/x.com\\\/natur__kosmetik\",\"https:\\\/\\\/www.youtube.com\\\/channel\\\/UC5oN7BJ8nfYb8RpVtjwDEBA\",\"https:\\\/\\\/www.instagram.com\\\/lrbeautyeu\\\/\"],\"description\":\"Negozio di Lr Aloe Vera \u00e8 il tuo punto di riferimento per i prodotti LR Health & Beauty di alta qualit\u00e0, realizzati in Germania. Offriamo soluzioni per la cura della pelle, l'alimentazione e l'anti-et\u00e0 a base di Aloe Vera, formulate con ingredienti puri e supportate da ricerche scientifiche. Scopri una cura naturale che rigenera, protegge e rivitalizza la tua pelle e approfitta delle esclusive offerte mensili sui nostri prodotti LR Aloe Vera pi\u00f9 venduti.\\nInizia oggi il tuo percorso di cura della pelle naturale e senti la differenza.\",\"email\":\"info@lraloeverashop.eu\",\"telephone\":\"+49 17670609653\",\"legalName\":\"Lr Aloe Vera Shop\",\"foundingDate\":\"2018-04-21\",\"numberOfEmployees\":{\"@type\":\"QuantitativeValue\",\"minValue\":\"1\",\"maxValue\":\"10\"}}]}<\/script>\n<meta property=\"product:price:amount\" content=\"92.98\" \/>\n<meta property=\"product:price:currency\" content=\"EUR\" \/>\n<meta property=\"og:availability\" content=\"out of stock\" \/>\n<meta property=\"product:availability\" content=\"out of stock\" \/>\n<meta property=\"product:retailer_item_id\" content=\"28326IT\" \/>\n<meta property=\"product:condition\" content=\"new\" \/>\n<!-- \/ Yoast SEO Premium plugin. -->","yoast_head_json":{"title":"Beauty Diamonds Set di Crema Antirughe per pelli esigenti","description":"Beauty Diamonds Set di Crema Antirughe per le donne da circa 40 anni con la pelle secca quale vogliono ridurre le rughe e maggiore elasticit\u00e0 della pelle.","robots":{"index":"index","follow":"follow","max-snippet":"max-snippet:-1","max-image-preview":"max-image-preview:large","max-video-preview":"max-video-preview:-1"},"canonical":"https:\/\/www.lraloeverashop.eu\/it\/prodotto\/beauty-diamonds-set-di-crema-antirughe\/","og_locale":"it_IT","og_type":"article","og_title":"Beauty Diamonds Set di Crema Antirughe","og_description":"Beauty Diamonds Set di Crema Antirughe per le donne da circa 40 anni con la pelle secca quale vogliono ridurre le rughe e maggiore elasticit\u00e0 della pelle.","og_url":"https:\/\/www.lraloeverashop.eu\/it\/prodotto\/beauty-diamonds-set-di-crema-antirughe\/","og_site_name":"Lr Negozio di Aloe Vera","article_publisher":"https:\/\/www.facebook.com\/lraloeverashop.eu","article_modified_time":"2026-02-03T19:09:49+00:00","og_image":[{"width":1200,"height":1200,"url":"https:\/\/www.lraloeverashop.eu\/wp-content\/uploads\/2022\/10\/Beauty-Diamonds-Anti-Aging-Set.jpg","type":"image\/jpeg"}],"twitter_card":"summary_large_image","twitter_site":"@natur__kosmetik","schema":{"@context":"https:\/\/schema.org","@graph":[{"@type":["WebPage","ItemPage"],"@id":"https:\/\/www.lraloeverashop.eu\/it\/prodotto\/beauty-diamonds-set-di-crema-antirughe\/","url":"https:\/\/www.lraloeverashop.eu\/it\/prodotto\/beauty-diamonds-set-di-crema-antirughe\/","name":"Beauty Diamonds Set di Crema Antirughe per pelli esigenti","isPartOf":{"@id":"https:\/\/www.lraloeverashop.eu\/it\/#website"},"primaryImageOfPage":{"@id":"https:\/\/www.lraloeverashop.eu\/it\/prodotto\/beauty-diamonds-set-di-crema-antirughe\/#primaryimage"},"image":{"@id":"https:\/\/www.lraloeverashop.eu\/it\/prodotto\/beauty-diamonds-set-di-crema-antirughe\/#primaryimage"},"thumbnailUrl":"https:\/\/www.lraloeverashop.eu\/wp-content\/uploads\/2022\/10\/Beauty-Diamonds-Anti-Aging-Set.jpg","datePublished":"2022-10-20T09:57:25+00:00","dateModified":"2026-02-03T19:09:49+00:00","description":"Beauty Diamonds Set di Crema Antirughe per le donne da circa 40 anni con la pelle secca quale vogliono ridurre le rughe e maggiore elasticit\u00e0 della pelle.","breadcrumb":{"@id":"https:\/\/www.lraloeverashop.eu\/it\/prodotto\/beauty-diamonds-set-di-crema-antirughe\/#breadcrumb"},"inLanguage":"it-IT","potentialAction":[{"@type":"ReadAction","target":["https:\/\/www.lraloeverashop.eu\/it\/prodotto\/beauty-diamonds-set-di-crema-antirughe\/"]}]},{"@type":"ImageObject","inLanguage":"it-IT","@id":"https:\/\/www.lraloeverashop.eu\/it\/prodotto\/beauty-diamonds-set-di-crema-antirughe\/#primaryimage","url":"https:\/\/www.lraloeverashop.eu\/wp-content\/uploads\/2022\/10\/Beauty-Diamonds-Anti-Aging-Set.jpg","contentUrl":"https:\/\/www.lraloeverashop.eu\/wp-content\/uploads\/2022\/10\/Beauty-Diamonds-Anti-Aging-Set.jpg","width":1200,"height":1200,"caption":"Beauty Diamonds anti et\u00e0 set"},{"@type":"BreadcrumbList","@id":"https:\/\/www.lraloeverashop.eu\/it\/prodotto\/beauty-diamonds-set-di-crema-antirughe\/#breadcrumb","itemListElement":[{"@type":"ListItem","position":1,"name":"Home","item":"https:\/\/www.lraloeverashop.eu\/it\/"},{"@type":"ListItem","position":2,"name":"Negozio","item":"https:\/\/www.lraloeverashop.eu\/it\/negozio\/"},{"@type":"ListItem","position":3,"name":"Beauty Diamonds Set di Crema Antirughe"}]},{"@type":"WebSite","@id":"https:\/\/www.lraloeverashop.eu\/it\/#website","url":"https:\/\/www.lraloeverashop.eu\/it\/","name":"Lr Negozio di Aloe Vera","description":"High Quality Lr Aloe Vera Gel, Aloe Vera Cream and Shampoo","publisher":{"@id":"https:\/\/www.lraloeverashop.eu\/it\/#organization"},"alternateName":"LR","potentialAction":[{"@type":"SearchAction","target":{"@type":"EntryPoint","urlTemplate":"https:\/\/www.lraloeverashop.eu\/it\/?s={search_term_string}"},"query-input":{"@type":"PropertyValueSpecification","valueRequired":true,"valueName":"search_term_string"}}],"inLanguage":"it-IT"},{"@type":"Organization","@id":"https:\/\/www.lraloeverashop.eu\/it\/#organization","name":"Negozio di Lr Aloe Vera","alternateName":"LR","url":"https:\/\/www.lraloeverashop.eu\/it\/","logo":{"@type":"ImageObject","inLanguage":"it-IT","@id":"https:\/\/www.lraloeverashop.eu\/it\/#\/schema\/logo\/image\/","url":"https:\/\/www.lraloeverashop.eu\/wp-content\/uploads\/2022\/09\/cropped-Lr-Aloe-Vera-Shop.jpg","contentUrl":"https:\/\/www.lraloeverashop.eu\/wp-content\/uploads\/2022\/09\/cropped-Lr-Aloe-Vera-Shop.jpg","width":228,"height":76,"caption":"Negozio di Lr Aloe Vera"},"image":{"@id":"https:\/\/www.lraloeverashop.eu\/it\/#\/schema\/logo\/image\/"},"sameAs":["https:\/\/www.facebook.com\/lraloeverashop.eu","https:\/\/x.com\/natur__kosmetik","https:\/\/www.youtube.com\/channel\/UC5oN7BJ8nfYb8RpVtjwDEBA","https:\/\/www.instagram.com\/lrbeautyeu\/"],"description":"Negozio di Lr Aloe Vera \u00e8 il tuo punto di riferimento per i prodotti LR Health & Beauty di alta qualit\u00e0, realizzati in Germania. Offriamo soluzioni per la cura della pelle, l'alimentazione e l'anti-et\u00e0 a base di Aloe Vera, formulate con ingredienti puri e supportate da ricerche scientifiche. Scopri una cura naturale che rigenera, protegge e rivitalizza la tua pelle e approfitta delle esclusive offerte mensili sui nostri prodotti LR Aloe Vera pi\u00f9 venduti.\nInizia oggi il tuo percorso di cura della pelle naturale e senti la differenza.","email":"info@lraloeverashop.eu","telephone":"+49 17670609653","legalName":"Lr Aloe Vera Shop","foundingDate":"2018-04-21","numberOfEmployees":{"@type":"QuantitativeValue","minValue":"1","maxValue":"10"}}]},"product_price_amount":"92.98","product_price_currency":"EUR","og_availability":"out of stock","product_availability":"out of stock","product_retailer_item_id":"28326IT","product_condition":"new"},"taxonomy_info":{"product_cat":[{"value":364,"label":"Beauty Diamonds"},{"value":268,"label":"Cura antiet\u00e0"},{"value":280,"label":"Donne sopra i 40 anni"},{"value":329,"label":"Prodotti antiet\u00e0"}],"product_tag":[{"value":702,"label":"per le rughe del viso"}]},"featured_image_src_large":["https:\/\/www.lraloeverashop.eu\/wp-content\/uploads\/2022\/10\/Beauty-Diamonds-Anti-Aging-Set-1024x1024.jpg",1024,1024,true],"author_info":[],"comment_info":0,"_links":{"self":[{"href":"https:\/\/www.lraloeverashop.eu\/it\/wp-json\/wp\/v2\/product\/8806","targetHints":{"allow":["GET"]}}],"collection":[{"href":"https:\/\/www.lraloeverashop.eu\/it\/wp-json\/wp\/v2\/product"}],"about":[{"href":"https:\/\/www.lraloeverashop.eu\/it\/wp-json\/wp\/v2\/types\/product"}],"replies":[{"embeddable":true,"href":"https:\/\/www.lraloeverashop.eu\/it\/wp-json\/wp\/v2\/comments?post=8806"}],"wp:featuredmedia":[{"embeddable":true,"href":"https:\/\/www.lraloeverashop.eu\/it\/wp-json\/wp\/v2\/media\/6074"}],"wp:attachment":[{"href":"https:\/\/www.lraloeverashop.eu\/it\/wp-json\/wp\/v2\/media?parent=8806"}],"wp:term":[{"taxonomy":"product_brand","embeddable":true,"href":"https:\/\/www.lraloeverashop.eu\/it\/wp-json\/wp\/v2\/product_brand?post=8806"},{"taxonomy":"product_cat","embeddable":true,"href":"https:\/\/www.lraloeverashop.eu\/it\/wp-json\/wp\/v2\/product_cat?post=8806"},{"taxonomy":"product_tag","embeddable":true,"href":"https:\/\/www.lraloeverashop.eu\/it\/wp-json\/wp\/v2\/product_tag?post=8806"}],"curies":[{"name":"wp","href":"https:\/\/api.w.org\/{rel}","templated":true}]}}