{"id":8797,"date":"2022-10-20T12:26:37","date_gmt":"2022-10-20T10:26:37","guid":{"rendered":"https:\/\/www.lraloeverashop.eu\/product\/crema-antieta-platinum\/"},"modified":"2026-02-03T20:09:40","modified_gmt":"2026-02-03T19:09:40","slug":"crema-antieta-platinum","status":"publish","type":"product","link":"https:\/\/www.lraloeverashop.eu\/it\/prodotto\/crema-antieta-platinum\/","title":{"rendered":"Crema antiet\u00e0 Platinum"},"content":{"rendered":"<h2><span style=\"font-size: 16pt;\"><strong>Crema antiet\u00e0 Platinum<\/strong><\/span><\/h2>\n<p><span style=\"font-size: 14pt;\"><strong>Crema antiet\u00e0 Platinum per pi\u00f9 energia e ringiovanimento<\/strong><\/span><\/p>\n<p>Crema Platinum si assorbe rapidamente e offre pi\u00f9 energia, <a href=\"https:\/\/www.lraloeverashop.eu\/it\/prodotto\/beauty-shot-per-uomo-set\/\">ringiovanimento<\/a> e luminosit\u00e0 alla pelle, grazie alla sua azione idratante. Il sistema di trasporto degli ingredienti attivi aumenta la produzione di acido ialuronico e protegge le cellule. La combinazione di principi attivi Platinum aumenta la produzione di collagene, idrata intensamente e riduce la profondit\u00e0 delle rughe.<\/p>\n<p>Crema Antiet\u00e0 da <a href=\"https:\/\/shop.lrworld.com\/home\/IT\/it?PHP=0vFlt7jT938BEnBI3a6e9w%3D%3D\"><strong>Lr Health &amp; Beauty<\/strong><\/a> contiene un estratto di batteri derivati dall&#8217;acqua dei ghiacciai svizzeri, che riduce la profondit\u00e0 delle rughe. L&#8217;olio di jojoba ha propriet\u00e0 idratanti e nutrienti, mentre la vitamina E previene la formazione di nuove rughe.<\/p>\n<p>La provitamina B5 (pantenolo) aumenta il livello di <a href=\"https:\/\/www.lraloeverashop.eu\/it\/prodotto\/crema-da-giorno-antieta-nanogold\/\">idratazione<\/a> e favorisce la produzione di cellule cutanee. Con una combinazione di peptidi che aumentano la produzione di acido ialuronico e <a href=\"https:\/\/www.lraloeverashop.eu\/it\/prodotto\/racine-q10-set-antieta\/\">riducono le rughe<\/a>.<\/p>\n<p><strong>Crema Antiet\u00e0 Per uomni\u2026<\/strong><br \/>\n\u2026 da circa 25 anni<br \/>\n\u2026 con la pelle secca ed esigente<br \/>\n\u2026 porre l&#8217;accento sulle cure di lusso<br \/>\n\u2026 che vogliono <a href=\"https:\/\/www.lraloeverashop.eu\/it\/prodotto\/crema-da-notte-antieta-nanogold\/\">ridurre le rughe<\/a><br \/>\n\u2026 che desiderano una maggiore elasticit\u00e0 della pelle<\/p>\n<p>Per la massima efficacia in combinazione con Zeitgard Pro Kit Anti Rughe.<\/p>\n<p>&nbsp;<\/p>\n<h3><span style=\"font-size: 16pt;\"><strong>Come usare<\/strong><\/span><\/h3>\n<p><strong>Passaggio 1:<\/strong> pulisci il viso con acqua o con lo strumento di pulizia o peeling Zeitgard Pro.<\/p>\n<p><strong>Passaggio 2:<\/strong> applicare la crema antiet\u00e0 Platinum e stenderla con la mano o lo strumento levigante <a href=\"https:\/\/www.lraloeverashop.eu\/it\/prodotto\/zeitgard-pro-kit-anti-rughe\/\">Zeitgard Pro<\/a>, 30 secondi per ciascun lato del viso. Scorri lo strumento con movimenti circolari dall&#8217;interno verso l&#8217;esterno e dal basso verso l&#8217;alto.<\/p>\n<p><strong>Suggerimento:<\/strong> prima di applicare Crema Antiet\u00e0 Platinum, applica Blue Light Defender per proteggere efficacemente la pelle dall&#8217;invecchiamento causato dall&#8217;esposizione alla luce blu!<\/p>\n","protected":false},"excerpt":{"rendered":"<ul>\n<li>Crema all-in-one per uomo<\/li>\n<li>Con azione idratante, per pi\u00f9 energia e ringiovanimento<\/li>\n<li>Aumenta la produzione di collagene e riduce la profondit\u00e0 delle rughe<\/li>\n<li>Con vitamina E che migliora il volume della pelle<\/li>\n<li>Consigliato per l&#8217;uso con Zeitgard Pro Kit Anti Rughe<\/li>\n<li>Quantit\u00e0: 30 ml<\/li>\n<\/ul>\n<p><span style=\"color: #ff0000;\"><a style=\"color: #ff0000;\" href=\"https:\/\/shop.lrworld.com\/openpao?PHP=0vFlt7jT938BEnBI3a6e9w%3D%3D\"><span style=\"font-size: 14pt;\"><strong>Registrati ora e risparmia il 35% su ogni ordine<\/strong><\/span><\/a><\/span><\/p>\n","protected":false},"featured_media":5924,"comment_status":"open","ping_status":"closed","template":"","meta":{"_kad_blocks_custom_css":"","_kad_blocks_head_custom_js":"","_kad_blocks_body_custom_js":"","_kad_blocks_footer_custom_js":"","_kadence_starter_templates_imported_post":false,"_kad_post_transparent":"default","_kad_post_title":"","_kad_post_layout":"default","_kad_post_sidebar_id":"","_kad_post_content_style":"default","_kad_post_vertical_padding":"default","_kad_post_feature":"","_kad_post_feature_position":"","_kad_post_header":false,"_kad_post_footer":false,"_kad_post_classname":""},"product_brand":[],"product_cat":[268,376,329,274],"product_tag":[702],"class_list":{"0":"post-8797","1":"product","2":"type-product","3":"status-publish","4":"has-post-thumbnail","6":"product_cat-cura-antieta","7":"product_cat-platinum-it","8":"product_cat-prodotti-antieta","9":"product_cat-uomini-sopra-i-25-anni","10":"product_tag-per-le-rughe-del-viso","12":"first","13":"instock","14":"taxable","15":"shipping-taxable","16":"purchasable","17":"product-type-simple","18":"entry","19":"content-bg","20":"loop-entry"},"yoast_head":"<!-- This site is optimized with the Yoast SEO Premium plugin v27.4 (Yoast SEO v27.4) - https:\/\/yoast.com\/product\/yoast-seo-premium-wordpress\/ -->\n<title>Crema Antiet\u00e0 Platinum Uomo per pi\u00f9 energia e ringiovanimento<\/title>\n<meta name=\"description\" content=\"Crema antiet\u00e0 Platinum aumenta la produzione di collagene e riduce la profondit\u00e0 delle rughe. Crema all-in-one per uomo con vitamina E che migliora la pelle\" \/>\n<meta name=\"robots\" content=\"index, follow, max-snippet:-1, max-image-preview:large, max-video-preview:-1\" \/>\n<link rel=\"canonical\" href=\"https:\/\/www.lraloeverashop.eu\/it\/prodotto\/crema-antieta-platinum\/\" \/>\n<meta property=\"og:locale\" content=\"it_IT\" \/>\n<meta property=\"og:type\" content=\"article\" \/>\n<meta property=\"og:title\" content=\"Crema antiet\u00e0 Platinum\" \/>\n<meta property=\"og:description\" content=\"Crema antiet\u00e0 Platinum aumenta la produzione di collagene e riduce la profondit\u00e0 delle rughe. Crema all-in-one per uomo con vitamina E che migliora la pelle\" \/>\n<meta property=\"og:url\" content=\"https:\/\/www.lraloeverashop.eu\/it\/prodotto\/crema-antieta-platinum\/\" \/>\n<meta property=\"og:site_name\" content=\"Lr Negozio di Aloe Vera\" \/>\n<meta property=\"article:publisher\" content=\"https:\/\/www.facebook.com\/lraloeverashop.eu\" \/>\n<meta property=\"article:modified_time\" content=\"2026-02-03T19:09:40+00:00\" \/>\n<meta property=\"og:image\" content=\"https:\/\/www.lraloeverashop.eu\/wp-content\/uploads\/2022\/10\/Platinum-Men-Cream.jpg\" \/>\n\t<meta property=\"og:image:width\" content=\"1200\" \/>\n\t<meta property=\"og:image:height\" content=\"1200\" \/>\n\t<meta property=\"og:image:type\" content=\"image\/jpeg\" \/>\n<meta name=\"twitter:card\" content=\"summary_large_image\" \/>\n<meta name=\"twitter:site\" content=\"@natur__kosmetik\" \/>\n<script type=\"application\/ld+json\" class=\"yoast-schema-graph\">{\"@context\":\"https:\\\/\\\/schema.org\",\"@graph\":[{\"@type\":[\"WebPage\",\"ItemPage\"],\"@id\":\"https:\\\/\\\/www.lraloeverashop.eu\\\/it\\\/prodotto\\\/crema-antieta-platinum\\\/\",\"url\":\"https:\\\/\\\/www.lraloeverashop.eu\\\/it\\\/prodotto\\\/crema-antieta-platinum\\\/\",\"name\":\"Crema Antiet\u00e0 Platinum Uomo per pi\u00f9 energia e ringiovanimento\",\"isPartOf\":{\"@id\":\"https:\\\/\\\/www.lraloeverashop.eu\\\/it\\\/#website\"},\"primaryImageOfPage\":{\"@id\":\"https:\\\/\\\/www.lraloeverashop.eu\\\/it\\\/prodotto\\\/crema-antieta-platinum\\\/#primaryimage\"},\"image\":{\"@id\":\"https:\\\/\\\/www.lraloeverashop.eu\\\/it\\\/prodotto\\\/crema-antieta-platinum\\\/#primaryimage\"},\"thumbnailUrl\":\"https:\\\/\\\/www.lraloeverashop.eu\\\/wp-content\\\/uploads\\\/2022\\\/10\\\/Platinum-Men-Cream.jpg\",\"datePublished\":\"2022-10-20T10:26:37+00:00\",\"dateModified\":\"2026-02-03T19:09:40+00:00\",\"description\":\"Crema antiet\u00e0 Platinum aumenta la produzione di collagene e riduce la profondit\u00e0 delle rughe. Crema all-in-one per uomo con vitamina E che migliora la pelle\",\"breadcrumb\":{\"@id\":\"https:\\\/\\\/www.lraloeverashop.eu\\\/it\\\/prodotto\\\/crema-antieta-platinum\\\/#breadcrumb\"},\"inLanguage\":\"it-IT\",\"potentialAction\":[{\"@type\":\"ReadAction\",\"target\":[\"https:\\\/\\\/www.lraloeverashop.eu\\\/it\\\/prodotto\\\/crema-antieta-platinum\\\/\"]}]},{\"@type\":\"ImageObject\",\"inLanguage\":\"it-IT\",\"@id\":\"https:\\\/\\\/www.lraloeverashop.eu\\\/it\\\/prodotto\\\/crema-antieta-platinum\\\/#primaryimage\",\"url\":\"https:\\\/\\\/www.lraloeverashop.eu\\\/wp-content\\\/uploads\\\/2022\\\/10\\\/Platinum-Men-Cream.jpg\",\"contentUrl\":\"https:\\\/\\\/www.lraloeverashop.eu\\\/wp-content\\\/uploads\\\/2022\\\/10\\\/Platinum-Men-Cream.jpg\",\"width\":1200,\"height\":1200,\"caption\":\"Crema antiet\u00e0 da uomo Platinum\"},{\"@type\":\"BreadcrumbList\",\"@id\":\"https:\\\/\\\/www.lraloeverashop.eu\\\/it\\\/prodotto\\\/crema-antieta-platinum\\\/#breadcrumb\",\"itemListElement\":[{\"@type\":\"ListItem\",\"position\":1,\"name\":\"Home\",\"item\":\"https:\\\/\\\/www.lraloeverashop.eu\\\/it\\\/\"},{\"@type\":\"ListItem\",\"position\":2,\"name\":\"Negozio\",\"item\":\"https:\\\/\\\/www.lraloeverashop.eu\\\/it\\\/negozio\\\/\"},{\"@type\":\"ListItem\",\"position\":3,\"name\":\"Crema antiet\u00e0 Platinum\"}]},{\"@type\":\"WebSite\",\"@id\":\"https:\\\/\\\/www.lraloeverashop.eu\\\/it\\\/#website\",\"url\":\"https:\\\/\\\/www.lraloeverashop.eu\\\/it\\\/\",\"name\":\"Lr Negozio di Aloe Vera\",\"description\":\"High Quality Lr Aloe Vera Gel, Aloe Vera Cream and Shampoo\",\"publisher\":{\"@id\":\"https:\\\/\\\/www.lraloeverashop.eu\\\/it\\\/#organization\"},\"potentialAction\":[{\"@type\":\"SearchAction\",\"target\":{\"@type\":\"EntryPoint\",\"urlTemplate\":\"https:\\\/\\\/www.lraloeverashop.eu\\\/it\\\/?s={search_term_string}\"},\"query-input\":{\"@type\":\"PropertyValueSpecification\",\"valueRequired\":true,\"valueName\":\"search_term_string\"}}],\"inLanguage\":\"it-IT\"},{\"@type\":\"Organization\",\"@id\":\"https:\\\/\\\/www.lraloeverashop.eu\\\/it\\\/#organization\",\"name\":\"Negozio di Lr Aloe Vera\",\"alternateName\":\"LR\",\"url\":\"https:\\\/\\\/www.lraloeverashop.eu\\\/it\\\/\",\"logo\":{\"@type\":\"ImageObject\",\"inLanguage\":\"it-IT\",\"@id\":\"https:\\\/\\\/www.lraloeverashop.eu\\\/it\\\/#\\\/schema\\\/logo\\\/image\\\/\",\"url\":\"https:\\\/\\\/www.lraloeverashop.eu\\\/wp-content\\\/uploads\\\/2022\\\/09\\\/cropped-Lr-Aloe-Vera-Shop.jpg\",\"contentUrl\":\"https:\\\/\\\/www.lraloeverashop.eu\\\/wp-content\\\/uploads\\\/2022\\\/09\\\/cropped-Lr-Aloe-Vera-Shop.jpg\",\"width\":228,\"height\":76,\"caption\":\"Negozio di Lr Aloe Vera\"},\"image\":{\"@id\":\"https:\\\/\\\/www.lraloeverashop.eu\\\/it\\\/#\\\/schema\\\/logo\\\/image\\\/\"},\"sameAs\":[\"https:\\\/\\\/www.facebook.com\\\/lraloeverashop.eu\",\"https:\\\/\\\/x.com\\\/natur__kosmetik\",\"https:\\\/\\\/www.youtube.com\\\/channel\\\/UC5oN7BJ8nfYb8RpVtjwDEBA\",\"https:\\\/\\\/www.instagram.com\\\/lrbeautyeu\\\/\"],\"description\":\"Negozio di Lr Aloe Vera \u00e8 il tuo punto di riferimento per i prodotti LR Health & Beauty di alta qualit\u00e0, realizzati in Germania. Offriamo soluzioni per la cura della pelle, l'alimentazione e l'anti-et\u00e0 a base di Aloe Vera, formulate con ingredienti puri e supportate da ricerche scientifiche. Scopri una cura naturale che rigenera, protegge e rivitalizza la tua pelle e approfitta delle esclusive offerte mensili sui nostri prodotti LR Aloe Vera pi\u00f9 venduti.\\nInizia oggi il tuo percorso di cura della pelle naturale e senti la differenza.\",\"email\":\"info@lraloeverashop.eu\",\"telephone\":\"+49 17670609653\",\"legalName\":\"Lr Aloe Vera Shop\",\"foundingDate\":\"2018-04-21\",\"numberOfEmployees\":{\"@type\":\"QuantitativeValue\",\"minValue\":\"1\",\"maxValue\":\"10\"}}]}<\/script>\n<meta property=\"product:price:amount\" content=\"48.59\" \/>\n<meta property=\"product:price:currency\" content=\"EUR\" \/>\n<meta property=\"og:availability\" content=\"instock\" \/>\n<meta property=\"product:availability\" content=\"instock\" \/>\n<meta property=\"product:retailer_item_id\" content=\"28449-1IT\" \/>\n<meta property=\"product:condition\" content=\"new\" \/>\n<!-- \/ Yoast SEO Premium plugin. -->","yoast_head_json":{"title":"Crema Antiet\u00e0 Platinum Uomo per pi\u00f9 energia e ringiovanimento","description":"Crema antiet\u00e0 Platinum aumenta la produzione di collagene e riduce la profondit\u00e0 delle rughe. Crema all-in-one per uomo con vitamina E che migliora la pelle","robots":{"index":"index","follow":"follow","max-snippet":"max-snippet:-1","max-image-preview":"max-image-preview:large","max-video-preview":"max-video-preview:-1"},"canonical":"https:\/\/www.lraloeverashop.eu\/it\/prodotto\/crema-antieta-platinum\/","og_locale":"it_IT","og_type":"article","og_title":"Crema antiet\u00e0 Platinum","og_description":"Crema antiet\u00e0 Platinum aumenta la produzione di collagene e riduce la profondit\u00e0 delle rughe. Crema all-in-one per uomo con vitamina E che migliora la pelle","og_url":"https:\/\/www.lraloeverashop.eu\/it\/prodotto\/crema-antieta-platinum\/","og_site_name":"Lr Negozio di Aloe Vera","article_publisher":"https:\/\/www.facebook.com\/lraloeverashop.eu","article_modified_time":"2026-02-03T19:09:40+00:00","og_image":[{"width":1200,"height":1200,"url":"https:\/\/www.lraloeverashop.eu\/wp-content\/uploads\/2022\/10\/Platinum-Men-Cream.jpg","type":"image\/jpeg"}],"twitter_card":"summary_large_image","twitter_site":"@natur__kosmetik","schema":{"@context":"https:\/\/schema.org","@graph":[{"@type":["WebPage","ItemPage"],"@id":"https:\/\/www.lraloeverashop.eu\/it\/prodotto\/crema-antieta-platinum\/","url":"https:\/\/www.lraloeverashop.eu\/it\/prodotto\/crema-antieta-platinum\/","name":"Crema Antiet\u00e0 Platinum Uomo per pi\u00f9 energia e ringiovanimento","isPartOf":{"@id":"https:\/\/www.lraloeverashop.eu\/it\/#website"},"primaryImageOfPage":{"@id":"https:\/\/www.lraloeverashop.eu\/it\/prodotto\/crema-antieta-platinum\/#primaryimage"},"image":{"@id":"https:\/\/www.lraloeverashop.eu\/it\/prodotto\/crema-antieta-platinum\/#primaryimage"},"thumbnailUrl":"https:\/\/www.lraloeverashop.eu\/wp-content\/uploads\/2022\/10\/Platinum-Men-Cream.jpg","datePublished":"2022-10-20T10:26:37+00:00","dateModified":"2026-02-03T19:09:40+00:00","description":"Crema antiet\u00e0 Platinum aumenta la produzione di collagene e riduce la profondit\u00e0 delle rughe. Crema all-in-one per uomo con vitamina E che migliora la pelle","breadcrumb":{"@id":"https:\/\/www.lraloeverashop.eu\/it\/prodotto\/crema-antieta-platinum\/#breadcrumb"},"inLanguage":"it-IT","potentialAction":[{"@type":"ReadAction","target":["https:\/\/www.lraloeverashop.eu\/it\/prodotto\/crema-antieta-platinum\/"]}]},{"@type":"ImageObject","inLanguage":"it-IT","@id":"https:\/\/www.lraloeverashop.eu\/it\/prodotto\/crema-antieta-platinum\/#primaryimage","url":"https:\/\/www.lraloeverashop.eu\/wp-content\/uploads\/2022\/10\/Platinum-Men-Cream.jpg","contentUrl":"https:\/\/www.lraloeverashop.eu\/wp-content\/uploads\/2022\/10\/Platinum-Men-Cream.jpg","width":1200,"height":1200,"caption":"Crema antiet\u00e0 da uomo Platinum"},{"@type":"BreadcrumbList","@id":"https:\/\/www.lraloeverashop.eu\/it\/prodotto\/crema-antieta-platinum\/#breadcrumb","itemListElement":[{"@type":"ListItem","position":1,"name":"Home","item":"https:\/\/www.lraloeverashop.eu\/it\/"},{"@type":"ListItem","position":2,"name":"Negozio","item":"https:\/\/www.lraloeverashop.eu\/it\/negozio\/"},{"@type":"ListItem","position":3,"name":"Crema antiet\u00e0 Platinum"}]},{"@type":"WebSite","@id":"https:\/\/www.lraloeverashop.eu\/it\/#website","url":"https:\/\/www.lraloeverashop.eu\/it\/","name":"Lr Negozio di Aloe Vera","description":"High Quality Lr Aloe Vera Gel, Aloe Vera Cream and Shampoo","publisher":{"@id":"https:\/\/www.lraloeverashop.eu\/it\/#organization"},"potentialAction":[{"@type":"SearchAction","target":{"@type":"EntryPoint","urlTemplate":"https:\/\/www.lraloeverashop.eu\/it\/?s={search_term_string}"},"query-input":{"@type":"PropertyValueSpecification","valueRequired":true,"valueName":"search_term_string"}}],"inLanguage":"it-IT"},{"@type":"Organization","@id":"https:\/\/www.lraloeverashop.eu\/it\/#organization","name":"Negozio di Lr Aloe Vera","alternateName":"LR","url":"https:\/\/www.lraloeverashop.eu\/it\/","logo":{"@type":"ImageObject","inLanguage":"it-IT","@id":"https:\/\/www.lraloeverashop.eu\/it\/#\/schema\/logo\/image\/","url":"https:\/\/www.lraloeverashop.eu\/wp-content\/uploads\/2022\/09\/cropped-Lr-Aloe-Vera-Shop.jpg","contentUrl":"https:\/\/www.lraloeverashop.eu\/wp-content\/uploads\/2022\/09\/cropped-Lr-Aloe-Vera-Shop.jpg","width":228,"height":76,"caption":"Negozio di Lr Aloe Vera"},"image":{"@id":"https:\/\/www.lraloeverashop.eu\/it\/#\/schema\/logo\/image\/"},"sameAs":["https:\/\/www.facebook.com\/lraloeverashop.eu","https:\/\/x.com\/natur__kosmetik","https:\/\/www.youtube.com\/channel\/UC5oN7BJ8nfYb8RpVtjwDEBA","https:\/\/www.instagram.com\/lrbeautyeu\/"],"description":"Negozio di Lr Aloe Vera \u00e8 il tuo punto di riferimento per i prodotti LR Health & Beauty di alta qualit\u00e0, realizzati in Germania. Offriamo soluzioni per la cura della pelle, l'alimentazione e l'anti-et\u00e0 a base di Aloe Vera, formulate con ingredienti puri e supportate da ricerche scientifiche. Scopri una cura naturale che rigenera, protegge e rivitalizza la tua pelle e approfitta delle esclusive offerte mensili sui nostri prodotti LR Aloe Vera pi\u00f9 venduti.\nInizia oggi il tuo percorso di cura della pelle naturale e senti la differenza.","email":"info@lraloeverashop.eu","telephone":"+49 17670609653","legalName":"Lr Aloe Vera Shop","foundingDate":"2018-04-21","numberOfEmployees":{"@type":"QuantitativeValue","minValue":"1","maxValue":"10"}}]},"product_price_amount":"48.59","product_price_currency":"EUR","og_availability":"instock","product_availability":"instock","product_retailer_item_id":"28449-1IT","product_condition":"new"},"taxonomy_info":{"product_cat":[{"value":268,"label":"Cura antiet\u00e0"},{"value":376,"label":"Platinum"},{"value":329,"label":"Prodotti antiet\u00e0"},{"value":274,"label":"Uomini sopra i 25 anni"}],"product_tag":[{"value":702,"label":"per le rughe del viso"}]},"featured_image_src_large":["https:\/\/www.lraloeverashop.eu\/wp-content\/uploads\/2022\/10\/Platinum-Men-Cream-1024x1024.jpg",1024,1024,true],"author_info":[],"comment_info":0,"_links":{"self":[{"href":"https:\/\/www.lraloeverashop.eu\/it\/wp-json\/wp\/v2\/product\/8797","targetHints":{"allow":["GET"]}}],"collection":[{"href":"https:\/\/www.lraloeverashop.eu\/it\/wp-json\/wp\/v2\/product"}],"about":[{"href":"https:\/\/www.lraloeverashop.eu\/it\/wp-json\/wp\/v2\/types\/product"}],"replies":[{"embeddable":true,"href":"https:\/\/www.lraloeverashop.eu\/it\/wp-json\/wp\/v2\/comments?post=8797"}],"wp:featuredmedia":[{"embeddable":true,"href":"https:\/\/www.lraloeverashop.eu\/it\/wp-json\/wp\/v2\/media\/5924"}],"wp:attachment":[{"href":"https:\/\/www.lraloeverashop.eu\/it\/wp-json\/wp\/v2\/media?parent=8797"}],"wp:term":[{"taxonomy":"product_brand","embeddable":true,"href":"https:\/\/www.lraloeverashop.eu\/it\/wp-json\/wp\/v2\/product_brand?post=8797"},{"taxonomy":"product_cat","embeddable":true,"href":"https:\/\/www.lraloeverashop.eu\/it\/wp-json\/wp\/v2\/product_cat?post=8797"},{"taxonomy":"product_tag","embeddable":true,"href":"https:\/\/www.lraloeverashop.eu\/it\/wp-json\/wp\/v2\/product_tag?post=8797"}],"curies":[{"name":"wp","href":"https:\/\/api.w.org\/{rel}","templated":true}]}}