{"id":8723,"date":"2022-10-22T07:09:06","date_gmt":"2022-10-22T05:09:06","guid":{"rendered":"https:\/\/www.lraloeverashop.eu\/product\/zeitgard-pro-set-pulizia-del-viso\/"},"modified":"2026-02-03T20:08:41","modified_gmt":"2026-02-03T19:08:41","slug":"zeitgard-pro-set-pulizia-del-viso","status":"publish","type":"product","link":"https:\/\/www.lraloeverashop.eu\/it\/prodotto\/zeitgard-pro-set-pulizia-del-viso\/","title":{"rendered":"Zeitgard Pro Set Pulizia del Viso"},"content":{"rendered":"<h2><span style=\"font-size: 16pt; color: #000000;\"><strong>Zeitgard Pro Set Pulizia del Viso<\/strong><\/span><\/h2>\n<p><span style=\"font-size: 14pt;\"><strong>Zeitgard Pro Set Pulizia del Viso pulisce fino a 10 volte pi\u00f9 efficacemente come la pulizia manuale<\/strong><\/span><\/p>\n<p>La pulizia manuale convenzionale lascia spesso sul nostro viso le particelle pi\u00f9 fini di sporco e residui di trucco. Zeitgard Pro Set Pulizia del Viso da <a href=\"https:\/\/shop.lrworld.com\/home\/IT\/it?PHP=0vFlt7jT938BEnBI3a6e9w%3D%3D\"><strong>Lr Health &amp; Beauty<\/strong><\/a> ottimizza la nostra pulizia quotidiana del viso, lasciando solo la pelle pulita in profondit\u00e0 con un effetto &#8220;wow&#8221;.<\/p>\n<p>Centinaia di innovativi filamenti del pennello (setole) scivolano sulla pelle, rimuovendo i residui che possono ostruire i pori e rendere l&#8217;incarnato pallido. Il trattamento quotidiano deterge efficacemente la pelle e rinfresca l&#8217;incarnato. \u00c8 dimostrato che la sua efficacia \u00e8 fino a 10 volte superiore rispetto alla pulizia manuale. *<\/p>\n<p>&nbsp;<\/p>\n<h3><span style=\"font-size: 16pt;\"><strong>Come usare<\/strong><\/span><\/h3>\n<p>Idealmente, dovresti iniziare la giornata con il Zeitgard Pro Set Pulizia del Viso. Inizia inumidendo il viso e applicando la tua crema detergente Lr Zeitgard. La crema detergente Lr Zeitgard \u00e8 stato progettato per funzionare perfettamente con la spazzola per la pulizia del viso. I movimenti oscillanti del dispositivo creano una morbida schiuma che rimuove delicatamente ed efficacemente lo sporco e il sebo in eccesso.<\/p>\n<p>La <a href=\"https:\/\/www.lraloeverashop.eu\/it\/prodotto\/crema-detergente-viso-zeitgard-pro\/\">Crema Detergente Lr Zeitgard<\/a> protegge lo strato protettivo naturale della pelle e, in combinazione con la spazzola detergente viso, \u00e8 10 volte pi\u00f9 efficace della pulizia manuale.<\/p>\n<p>Monta <a href=\"https:\/\/www.lraloeverashop.eu\/it\/prodotto\/zeitgard-pro-adattatore-con-spazzola\/\">l&#8217;adattatore per la spazzola<\/a> detergente e poi la spazzola per la pulizia del viso sul tuo dispositivo. I filamenti antibatterici e arrotondati della spazzola per la pulizia del viso si muovono avanti e indietro alla velocit\u00e0 della luce, come uno spazzolino elettrico, e donano alla tua pelle una pulizia profonda ma delicata.<\/p>\n<p>Accendi il tuo Zeitgard Pro e usa la spazzola per la <a href=\"https:\/\/www.lraloeverashop.eu\/it\/prodotto\/kit-pulizia-viso-zeitgard-pro\/\">pulizia del viso<\/a> per trattare delicatamente le sezioni desiderate del tuo viso.<\/p>\n<p>Dipende da te per quanto tempo e con quanta pressione muovi la Spazzola sul viso. Se la sensazione \u00e8 sgradevole, riduci la pressione o passa alla sezione successiva del viso. Il movimento oscillante e vibrante della spazzola per la pulizia del viso Zeitgard Pro stimola il flusso sanguigno, facendo risplendere la pelle e facendola apparire sana.<\/p>\n<p>Completa la tua routine di pulizia con il tonico per il viso Lr Zeitgard. La tua pelle ora \u00e8 sveglia e pronta per la tua routine di cura quotidiana.<\/p>\n<p>La sera, dovresti pulire ogni sezione del viso per 20-30 secondi, a seconda del trucco che hai usato. Ancora una volta completa la tua routine di pulizia con il tonico per il viso Lr Zeitgard, che consentir\u00e0 a qualsiasi crema da notte che usi di avere pieno effetto sulla tua pelle perfettamente pulita.<\/p>\n<p>Ti consigliamo di sostituire la <a href=\"https:\/\/www.lraloeverashop.eu\/it\/prodotto\/spazzola-pulizia-viso-zeitgard-pro\/\">spazzola per la pulizia del viso<\/a> con l&#8217;accessorio per il peeling del viso per un&#8217;intensa disintossicazione due volte a settimana.<\/p>\n<h3><span style=\"font-size: 16pt;\"><strong>Il risultato:<\/strong><\/span><\/h3>\n<ul>\n<li>Miglioramento della struttura della pelle attraverso una pulizia profonda<\/li>\n<li>Migliore preparazione per ulteriori fasi di cura<\/li>\n<li>Incarnato fresco dopo la stimolazione della circolazione sanguigna<\/li>\n<\/ul>\n<p>La tecnologia antibatterica Microsilver nei filamenti della spazzola \u00e8 unica: mantiene la spazzola igienicamente pulita fino a 3 mesi<\/p>\n<p>Sperimenta l&#8217;effetto di una pulizia efficace con la spazzola detergente Zeitgard Pro per una bellezza senza tempo.<\/p>\n<p>*Secondo uno studio scientifico condotto dal rinomato Dermatest Institute GmbH. Periodo di applicazione: 6 settimane (da fine gennaio a inizio marzo 2015), numero di soggetti: 40<\/p>\n","protected":false},"excerpt":{"rendered":"<ul>\n<li>Il set include uno Zeitgard Pro, un adattatore, una Spazzola e una crema detergente<\/li>\n<li>Pulisce fino a 10 volte pi\u00f9 efficacemente della pulizia manuale<\/li>\n<li>Raggiunge una carnagione raffinata e levigata<\/li>\n<li>Indicato per la pulizia quotidiana del viso<\/li>\n<li>Ideale per tutti i tipi di pelle<\/li>\n<li>Prodotto in Germania<\/li>\n<\/ul>\n<p><span style=\"color: #ff0000;\"><a style=\"color: #ff0000;\" href=\"https:\/\/shop.lrworld.com\/openpao?PHP=0vFlt7jT938BEnBI3a6e9w%3D%3D\"><span style=\"font-size: 14pt;\"><strong>Registrati ora e risparmia il 35% su ogni ordine<\/strong><\/span><\/a><\/span><\/p>\n","protected":false},"featured_media":6044,"comment_status":"open","ping_status":"closed","template":"","meta":{"_kad_blocks_custom_css":"","_kad_blocks_head_custom_js":"","_kad_blocks_body_custom_js":"","_kad_blocks_footer_custom_js":"","_kadence_starter_templates_imported_post":false,"_kad_post_transparent":"default","_kad_post_title":"","_kad_post_layout":"default","_kad_post_sidebar_id":"","_kad_post_content_style":"default","_kad_post_vertical_padding":"default","_kad_post_feature":"","_kad_post_feature_position":"","_kad_post_header":false,"_kad_post_footer":false,"_kad_post_classname":""},"product_brand":[],"product_cat":[268,286,280,274,394,358],"product_tag":[660],"class_list":{"0":"post-8723","1":"product","2":"type-product","3":"status-publish","4":"has-post-thumbnail","6":"product_cat-cura-antieta","7":"product_cat-donne-fino-a-40-anni","8":"product_cat-donne-sopra-i-40-anni","9":"product_cat-uomini-sopra-i-25-anni","10":"product_cat-zeitgard-it","11":"product_cat-zeitgard-pro-it","12":"product_tag-pulizia-del-viso","14":"first","15":"instock","16":"taxable","17":"shipping-taxable","18":"purchasable","19":"product-type-simple","20":"entry","21":"content-bg","22":"loop-entry"},"yoast_head":"<!-- This site is optimized with the Yoast SEO Premium plugin v27.4 (Yoast SEO v27.4) - https:\/\/yoast.com\/product\/yoast-seo-premium-wordpress\/ -->\n<title>Zeitgard Pro Set Pulizia del Viso 10 volte pi\u00f9 efficace<\/title>\n<meta name=\"description\" content=\"Zeitgard Pro Set Pulizia del Viso Indicato per la pulizia quotidiana del viso include uno Dispositivo, adattatore, Spazzola e una crema detergente.\" \/>\n<meta name=\"robots\" content=\"index, follow, max-snippet:-1, max-image-preview:large, max-video-preview:-1\" \/>\n<link rel=\"canonical\" href=\"https:\/\/www.lraloeverashop.eu\/it\/prodotto\/zeitgard-pro-set-pulizia-del-viso\/\" \/>\n<meta property=\"og:locale\" content=\"it_IT\" \/>\n<meta property=\"og:type\" content=\"article\" \/>\n<meta property=\"og:title\" content=\"Zeitgard Pro Set Pulizia del Viso\" \/>\n<meta property=\"og:description\" content=\"Zeitgard Pro Set Pulizia del Viso Indicato per la pulizia quotidiana del viso include uno Dispositivo, adattatore, Spazzola e una crema detergente.\" \/>\n<meta property=\"og:url\" content=\"https:\/\/www.lraloeverashop.eu\/it\/prodotto\/zeitgard-pro-set-pulizia-del-viso\/\" \/>\n<meta property=\"og:site_name\" content=\"Lr Negozio di Aloe Vera\" \/>\n<meta property=\"article:publisher\" content=\"https:\/\/www.facebook.com\/lraloeverashop.eu\" \/>\n<meta property=\"article:modified_time\" content=\"2026-02-03T19:08:41+00:00\" \/>\n<meta property=\"og:image\" content=\"https:\/\/www.lraloeverashop.eu\/wp-content\/uploads\/2022\/10\/Zeitgard-Pro-Cleansing-Set.jpg\" \/>\n\t<meta property=\"og:image:width\" content=\"1200\" \/>\n\t<meta property=\"og:image:height\" content=\"1200\" \/>\n\t<meta property=\"og:image:type\" content=\"image\/jpeg\" \/>\n<meta name=\"twitter:card\" content=\"summary_large_image\" \/>\n<meta name=\"twitter:site\" content=\"@natur__kosmetik\" \/>\n<script type=\"application\/ld+json\" class=\"yoast-schema-graph\">{\"@context\":\"https:\\\/\\\/schema.org\",\"@graph\":[{\"@type\":[\"WebPage\",\"ItemPage\"],\"@id\":\"https:\\\/\\\/www.lraloeverashop.eu\\\/it\\\/prodotto\\\/zeitgard-pro-set-pulizia-del-viso\\\/\",\"url\":\"https:\\\/\\\/www.lraloeverashop.eu\\\/it\\\/prodotto\\\/zeitgard-pro-set-pulizia-del-viso\\\/\",\"name\":\"Zeitgard Pro Set Pulizia del Viso 10 volte pi\u00f9 efficace\",\"isPartOf\":{\"@id\":\"https:\\\/\\\/www.lraloeverashop.eu\\\/it\\\/#website\"},\"primaryImageOfPage\":{\"@id\":\"https:\\\/\\\/www.lraloeverashop.eu\\\/it\\\/prodotto\\\/zeitgard-pro-set-pulizia-del-viso\\\/#primaryimage\"},\"image\":{\"@id\":\"https:\\\/\\\/www.lraloeverashop.eu\\\/it\\\/prodotto\\\/zeitgard-pro-set-pulizia-del-viso\\\/#primaryimage\"},\"thumbnailUrl\":\"https:\\\/\\\/www.lraloeverashop.eu\\\/wp-content\\\/uploads\\\/2022\\\/10\\\/Zeitgard-Pro-Cleansing-Set.jpg\",\"datePublished\":\"2022-10-22T05:09:06+00:00\",\"dateModified\":\"2026-02-03T19:08:41+00:00\",\"description\":\"Zeitgard Pro Set Pulizia del Viso Indicato per la pulizia quotidiana del viso include uno Dispositivo, adattatore, Spazzola e una crema detergente.\",\"breadcrumb\":{\"@id\":\"https:\\\/\\\/www.lraloeverashop.eu\\\/it\\\/prodotto\\\/zeitgard-pro-set-pulizia-del-viso\\\/#breadcrumb\"},\"inLanguage\":\"it-IT\",\"potentialAction\":[{\"@type\":\"ReadAction\",\"target\":[\"https:\\\/\\\/www.lraloeverashop.eu\\\/it\\\/prodotto\\\/zeitgard-pro-set-pulizia-del-viso\\\/\"]}]},{\"@type\":\"ImageObject\",\"inLanguage\":\"it-IT\",\"@id\":\"https:\\\/\\\/www.lraloeverashop.eu\\\/it\\\/prodotto\\\/zeitgard-pro-set-pulizia-del-viso\\\/#primaryimage\",\"url\":\"https:\\\/\\\/www.lraloeverashop.eu\\\/wp-content\\\/uploads\\\/2022\\\/10\\\/Zeitgard-Pro-Cleansing-Set.jpg\",\"contentUrl\":\"https:\\\/\\\/www.lraloeverashop.eu\\\/wp-content\\\/uploads\\\/2022\\\/10\\\/Zeitgard-Pro-Cleansing-Set.jpg\",\"width\":1200,\"height\":1200,\"caption\":\"Set per la pulizia del viso Zeitgard Pro\"},{\"@type\":\"BreadcrumbList\",\"@id\":\"https:\\\/\\\/www.lraloeverashop.eu\\\/it\\\/prodotto\\\/zeitgard-pro-set-pulizia-del-viso\\\/#breadcrumb\",\"itemListElement\":[{\"@type\":\"ListItem\",\"position\":1,\"name\":\"Home\",\"item\":\"https:\\\/\\\/www.lraloeverashop.eu\\\/it\\\/\"},{\"@type\":\"ListItem\",\"position\":2,\"name\":\"Negozio\",\"item\":\"https:\\\/\\\/www.lraloeverashop.eu\\\/it\\\/negozio\\\/\"},{\"@type\":\"ListItem\",\"position\":3,\"name\":\"Zeitgard Pro Set Pulizia del Viso\"}]},{\"@type\":\"WebSite\",\"@id\":\"https:\\\/\\\/www.lraloeverashop.eu\\\/it\\\/#website\",\"url\":\"https:\\\/\\\/www.lraloeverashop.eu\\\/it\\\/\",\"name\":\"Lr Negozio di Aloe Vera\",\"description\":\"High Quality Lr Aloe Vera Gel, Aloe Vera Cream and Shampoo\",\"publisher\":{\"@id\":\"https:\\\/\\\/www.lraloeverashop.eu\\\/it\\\/#organization\"},\"potentialAction\":[{\"@type\":\"SearchAction\",\"target\":{\"@type\":\"EntryPoint\",\"urlTemplate\":\"https:\\\/\\\/www.lraloeverashop.eu\\\/it\\\/?s={search_term_string}\"},\"query-input\":{\"@type\":\"PropertyValueSpecification\",\"valueRequired\":true,\"valueName\":\"search_term_string\"}}],\"inLanguage\":\"it-IT\"},{\"@type\":\"Organization\",\"@id\":\"https:\\\/\\\/www.lraloeverashop.eu\\\/it\\\/#organization\",\"name\":\"Negozio di Lr Aloe Vera\",\"alternateName\":\"LR\",\"url\":\"https:\\\/\\\/www.lraloeverashop.eu\\\/it\\\/\",\"logo\":{\"@type\":\"ImageObject\",\"inLanguage\":\"it-IT\",\"@id\":\"https:\\\/\\\/www.lraloeverashop.eu\\\/it\\\/#\\\/schema\\\/logo\\\/image\\\/\",\"url\":\"https:\\\/\\\/www.lraloeverashop.eu\\\/wp-content\\\/uploads\\\/2022\\\/09\\\/cropped-Lr-Aloe-Vera-Shop.jpg\",\"contentUrl\":\"https:\\\/\\\/www.lraloeverashop.eu\\\/wp-content\\\/uploads\\\/2022\\\/09\\\/cropped-Lr-Aloe-Vera-Shop.jpg\",\"width\":228,\"height\":76,\"caption\":\"Negozio di Lr Aloe Vera\"},\"image\":{\"@id\":\"https:\\\/\\\/www.lraloeverashop.eu\\\/it\\\/#\\\/schema\\\/logo\\\/image\\\/\"},\"sameAs\":[\"https:\\\/\\\/www.facebook.com\\\/lraloeverashop.eu\",\"https:\\\/\\\/x.com\\\/natur__kosmetik\",\"https:\\\/\\\/www.youtube.com\\\/channel\\\/UC5oN7BJ8nfYb8RpVtjwDEBA\",\"https:\\\/\\\/www.instagram.com\\\/lrbeautyeu\\\/\"],\"description\":\"Negozio di Lr Aloe Vera \u00e8 il tuo punto di riferimento per i prodotti LR Health & Beauty di alta qualit\u00e0, realizzati in Germania. Offriamo soluzioni per la cura della pelle, l'alimentazione e l'anti-et\u00e0 a base di Aloe Vera, formulate con ingredienti puri e supportate da ricerche scientifiche. Scopri una cura naturale che rigenera, protegge e rivitalizza la tua pelle e approfitta delle esclusive offerte mensili sui nostri prodotti LR Aloe Vera pi\u00f9 venduti.\\nInizia oggi il tuo percorso di cura della pelle naturale e senti la differenza.\",\"email\":\"info@lraloeverashop.eu\",\"telephone\":\"+49 17670609653\",\"legalName\":\"Lr Aloe Vera Shop\",\"foundingDate\":\"2018-04-21\",\"numberOfEmployees\":{\"@type\":\"QuantitativeValue\",\"minValue\":\"1\",\"maxValue\":\"10\"}}]}<\/script>\n<meta property=\"product:price:amount\" content=\"340.99\" \/>\n<meta property=\"product:price:currency\" content=\"EUR\" \/>\n<meta property=\"og:availability\" content=\"instock\" \/>\n<meta property=\"product:availability\" content=\"instock\" \/>\n<meta property=\"product:retailer_item_id\" content=\"70106-1IT\" \/>\n<meta property=\"product:condition\" content=\"new\" \/>\n<!-- \/ Yoast SEO Premium plugin. -->","yoast_head_json":{"title":"Zeitgard Pro Set Pulizia del Viso 10 volte pi\u00f9 efficace","description":"Zeitgard Pro Set Pulizia del Viso Indicato per la pulizia quotidiana del viso include uno Dispositivo, adattatore, Spazzola e una crema detergente.","robots":{"index":"index","follow":"follow","max-snippet":"max-snippet:-1","max-image-preview":"max-image-preview:large","max-video-preview":"max-video-preview:-1"},"canonical":"https:\/\/www.lraloeverashop.eu\/it\/prodotto\/zeitgard-pro-set-pulizia-del-viso\/","og_locale":"it_IT","og_type":"article","og_title":"Zeitgard Pro Set Pulizia del Viso","og_description":"Zeitgard Pro Set Pulizia del Viso Indicato per la pulizia quotidiana del viso include uno Dispositivo, adattatore, Spazzola e una crema detergente.","og_url":"https:\/\/www.lraloeverashop.eu\/it\/prodotto\/zeitgard-pro-set-pulizia-del-viso\/","og_site_name":"Lr Negozio di Aloe Vera","article_publisher":"https:\/\/www.facebook.com\/lraloeverashop.eu","article_modified_time":"2026-02-03T19:08:41+00:00","og_image":[{"width":1200,"height":1200,"url":"https:\/\/www.lraloeverashop.eu\/wp-content\/uploads\/2022\/10\/Zeitgard-Pro-Cleansing-Set.jpg","type":"image\/jpeg"}],"twitter_card":"summary_large_image","twitter_site":"@natur__kosmetik","schema":{"@context":"https:\/\/schema.org","@graph":[{"@type":["WebPage","ItemPage"],"@id":"https:\/\/www.lraloeverashop.eu\/it\/prodotto\/zeitgard-pro-set-pulizia-del-viso\/","url":"https:\/\/www.lraloeverashop.eu\/it\/prodotto\/zeitgard-pro-set-pulizia-del-viso\/","name":"Zeitgard Pro Set Pulizia del Viso 10 volte pi\u00f9 efficace","isPartOf":{"@id":"https:\/\/www.lraloeverashop.eu\/it\/#website"},"primaryImageOfPage":{"@id":"https:\/\/www.lraloeverashop.eu\/it\/prodotto\/zeitgard-pro-set-pulizia-del-viso\/#primaryimage"},"image":{"@id":"https:\/\/www.lraloeverashop.eu\/it\/prodotto\/zeitgard-pro-set-pulizia-del-viso\/#primaryimage"},"thumbnailUrl":"https:\/\/www.lraloeverashop.eu\/wp-content\/uploads\/2022\/10\/Zeitgard-Pro-Cleansing-Set.jpg","datePublished":"2022-10-22T05:09:06+00:00","dateModified":"2026-02-03T19:08:41+00:00","description":"Zeitgard Pro Set Pulizia del Viso Indicato per la pulizia quotidiana del viso include uno Dispositivo, adattatore, Spazzola e una crema detergente.","breadcrumb":{"@id":"https:\/\/www.lraloeverashop.eu\/it\/prodotto\/zeitgard-pro-set-pulizia-del-viso\/#breadcrumb"},"inLanguage":"it-IT","potentialAction":[{"@type":"ReadAction","target":["https:\/\/www.lraloeverashop.eu\/it\/prodotto\/zeitgard-pro-set-pulizia-del-viso\/"]}]},{"@type":"ImageObject","inLanguage":"it-IT","@id":"https:\/\/www.lraloeverashop.eu\/it\/prodotto\/zeitgard-pro-set-pulizia-del-viso\/#primaryimage","url":"https:\/\/www.lraloeverashop.eu\/wp-content\/uploads\/2022\/10\/Zeitgard-Pro-Cleansing-Set.jpg","contentUrl":"https:\/\/www.lraloeverashop.eu\/wp-content\/uploads\/2022\/10\/Zeitgard-Pro-Cleansing-Set.jpg","width":1200,"height":1200,"caption":"Set per la pulizia del viso Zeitgard Pro"},{"@type":"BreadcrumbList","@id":"https:\/\/www.lraloeverashop.eu\/it\/prodotto\/zeitgard-pro-set-pulizia-del-viso\/#breadcrumb","itemListElement":[{"@type":"ListItem","position":1,"name":"Home","item":"https:\/\/www.lraloeverashop.eu\/it\/"},{"@type":"ListItem","position":2,"name":"Negozio","item":"https:\/\/www.lraloeverashop.eu\/it\/negozio\/"},{"@type":"ListItem","position":3,"name":"Zeitgard Pro Set Pulizia del Viso"}]},{"@type":"WebSite","@id":"https:\/\/www.lraloeverashop.eu\/it\/#website","url":"https:\/\/www.lraloeverashop.eu\/it\/","name":"Lr Negozio di Aloe Vera","description":"High Quality Lr Aloe Vera Gel, Aloe Vera Cream and Shampoo","publisher":{"@id":"https:\/\/www.lraloeverashop.eu\/it\/#organization"},"potentialAction":[{"@type":"SearchAction","target":{"@type":"EntryPoint","urlTemplate":"https:\/\/www.lraloeverashop.eu\/it\/?s={search_term_string}"},"query-input":{"@type":"PropertyValueSpecification","valueRequired":true,"valueName":"search_term_string"}}],"inLanguage":"it-IT"},{"@type":"Organization","@id":"https:\/\/www.lraloeverashop.eu\/it\/#organization","name":"Negozio di Lr Aloe Vera","alternateName":"LR","url":"https:\/\/www.lraloeverashop.eu\/it\/","logo":{"@type":"ImageObject","inLanguage":"it-IT","@id":"https:\/\/www.lraloeverashop.eu\/it\/#\/schema\/logo\/image\/","url":"https:\/\/www.lraloeverashop.eu\/wp-content\/uploads\/2022\/09\/cropped-Lr-Aloe-Vera-Shop.jpg","contentUrl":"https:\/\/www.lraloeverashop.eu\/wp-content\/uploads\/2022\/09\/cropped-Lr-Aloe-Vera-Shop.jpg","width":228,"height":76,"caption":"Negozio di Lr Aloe Vera"},"image":{"@id":"https:\/\/www.lraloeverashop.eu\/it\/#\/schema\/logo\/image\/"},"sameAs":["https:\/\/www.facebook.com\/lraloeverashop.eu","https:\/\/x.com\/natur__kosmetik","https:\/\/www.youtube.com\/channel\/UC5oN7BJ8nfYb8RpVtjwDEBA","https:\/\/www.instagram.com\/lrbeautyeu\/"],"description":"Negozio di Lr Aloe Vera \u00e8 il tuo punto di riferimento per i prodotti LR Health & Beauty di alta qualit\u00e0, realizzati in Germania. Offriamo soluzioni per la cura della pelle, l'alimentazione e l'anti-et\u00e0 a base di Aloe Vera, formulate con ingredienti puri e supportate da ricerche scientifiche. Scopri una cura naturale che rigenera, protegge e rivitalizza la tua pelle e approfitta delle esclusive offerte mensili sui nostri prodotti LR Aloe Vera pi\u00f9 venduti.\nInizia oggi il tuo percorso di cura della pelle naturale e senti la differenza.","email":"info@lraloeverashop.eu","telephone":"+49 17670609653","legalName":"Lr Aloe Vera Shop","foundingDate":"2018-04-21","numberOfEmployees":{"@type":"QuantitativeValue","minValue":"1","maxValue":"10"}}]},"product_price_amount":"340.99","product_price_currency":"EUR","og_availability":"instock","product_availability":"instock","product_retailer_item_id":"70106-1IT","product_condition":"new"},"taxonomy_info":{"product_cat":[{"value":268,"label":"Cura antiet\u00e0"},{"value":286,"label":"Donne fino a 40 anni"},{"value":280,"label":"Donne sopra i 40 anni"},{"value":274,"label":"Uomini sopra i 25 anni"},{"value":394,"label":"Zeitgard"},{"value":358,"label":"Zeitgard Pro"}],"product_tag":[{"value":660,"label":"Pulizia del viso"}]},"featured_image_src_large":["https:\/\/www.lraloeverashop.eu\/wp-content\/uploads\/2022\/10\/Zeitgard-Pro-Cleansing-Set-1024x1024.jpg",1024,1024,true],"author_info":[],"comment_info":0,"_links":{"self":[{"href":"https:\/\/www.lraloeverashop.eu\/it\/wp-json\/wp\/v2\/product\/8723","targetHints":{"allow":["GET"]}}],"collection":[{"href":"https:\/\/www.lraloeverashop.eu\/it\/wp-json\/wp\/v2\/product"}],"about":[{"href":"https:\/\/www.lraloeverashop.eu\/it\/wp-json\/wp\/v2\/types\/product"}],"replies":[{"embeddable":true,"href":"https:\/\/www.lraloeverashop.eu\/it\/wp-json\/wp\/v2\/comments?post=8723"}],"wp:featuredmedia":[{"embeddable":true,"href":"https:\/\/www.lraloeverashop.eu\/it\/wp-json\/wp\/v2\/media\/6044"}],"wp:attachment":[{"href":"https:\/\/www.lraloeverashop.eu\/it\/wp-json\/wp\/v2\/media?parent=8723"}],"wp:term":[{"taxonomy":"product_brand","embeddable":true,"href":"https:\/\/www.lraloeverashop.eu\/it\/wp-json\/wp\/v2\/product_brand?post=8723"},{"taxonomy":"product_cat","embeddable":true,"href":"https:\/\/www.lraloeverashop.eu\/it\/wp-json\/wp\/v2\/product_cat?post=8723"},{"taxonomy":"product_tag","embeddable":true,"href":"https:\/\/www.lraloeverashop.eu\/it\/wp-json\/wp\/v2\/product_tag?post=8723"}],"curies":[{"name":"wp","href":"https:\/\/api.w.org\/{rel}","templated":true}]}}