{"id":8654,"date":"2022-12-03T18:43:25","date_gmt":"2022-12-03T17:43:25","guid":{"rendered":"https:\/\/www.lraloeverashop.eu\/product\/siero-viso-idratante-aloe-vera\/"},"modified":"2026-02-03T20:06:53","modified_gmt":"2026-02-03T19:06:53","slug":"siero-viso-idratante-aloe-vera","status":"publish","type":"product","link":"https:\/\/www.lraloeverashop.eu\/it\/prodotto\/siero-viso-idratante-aloe-vera\/","title":{"rendered":"Siero Viso Idratante Aloe Vera"},"content":{"rendered":"<h2><span style=\"font-size: 16pt;\"><strong>Siero Viso Idratante Aloe Vera<\/strong><\/span><\/h2>\n<p><span style=\"font-size: 16px;\"><strong>Siero Viso Idratante Aloe Vera per un aspetto fresco tutto il giorno<\/strong><\/span><\/p>\n<p>Il siero viso idratante 24 ore all&#8217;aloe vera con il 50% di gel di foglie di aloe vera assicura che la pelle sia idratata in modo ottimale. Il <a href=\"https:\/\/www.lraloeverashop.eu\/it\/prodotto\/siero-viso-antirughe-serox\/\">siero idratante<\/a> dona alla pelle pi\u00f9 elasticit\u00e0, vitalit\u00e0 e una fresca luminosit\u00e0. L&#8217;innovativa tecnologia Moisture Trap\u2122 supporta la capacit\u00e0 della pelle di trattenere l&#8217;umidit\u00e0 per 24 ore e funge quindi da base perfetta per la <a href=\"https:\/\/www.lraloeverashop.eu\/it\/prodotto\/siero-per-il-viso-skin-balance\/\">cura quotidiana<\/a>.<\/p>\n<p>&nbsp;<\/p>\n<h3><strong><span style=\"font-size: 16pt;\">Come usare<\/span><\/strong><\/h3>\n<p><strong>Fase 1:<\/strong> applicare il siero viso idratante Lr Aloe Vera sul viso una volta al giorno dopo la pulizia. Se hai la pelle piuttosto disidratata, due volte al giorno, ad es. mattina e sera dopo la detersione.<\/p>\n<p><strong>Fase 2:<\/strong> applicare la crema gel rinfrescante Lr Aloe Vera o la crema giorno Aloe Vera. Per la notte, la crema da notte all&#8217;aloe vera \u00e8 l&#8217;ideale per la <a href=\"https:\/\/www.lraloeverashop.eu\/it\/prodotto\/aloe-vera-idra-express-maschera-viso\/\">cura del viso<\/a>.<\/p>\n<p>&nbsp;<\/p>\n<h4><strong><span style=\"font-size: 16pt;\">Lo sapevate?<\/span><\/strong><\/h4>\n<p>Alcuni anni fa, <a href=\"https:\/\/www.lraloeverashop.eu\/it\/aloe-vera-gel-per-viso-capelli-e-corpo\/\">aloe vera<\/a> \u00e8 stata scoperta anche per l&#8217;uso nei prodotti per la cura. Nel frattempo, le propriet\u00e0 positive della pianta sono diventate parte integrante dei programmi di cura di molte persone.<\/p>\n<p>Nel corso della nostra pluriennale esperienza nella lavorazione di questa pianta versatile, abbiamo sviluppato processi per poter utilizzare in modo ottimale i preziosi ingredienti dell&#8217;aloe vera nei nostri prodotti per la cura. Ci\u00f2 include, ad esempio, che <a href=\"https:\/\/shop.lrworld.com\/home\/IT\/it?PHP=0vFlt7jT938BEnBI3a6e9w%3D%3D\"><strong>Lr Health &amp; Beauty<\/strong><\/a> lavora solo piante di aloe vera provenienti dagli altopiani messicani, coltivate con la massima attenzione alle condizioni di crescita ottimali.<\/p>\n<p>La raccolta viene effettuata esclusivamente a mano per non danneggiare il pregiato filetto fogliare.<\/p>\n<p><strong>Il Siero Viso Idratante Aloe Vera e realizzato in Germania. In questo modo garantiamo la massima qualit\u00e0.<\/strong><\/p>\n","protected":false},"excerpt":{"rendered":"<ul>\n<li>Con il 50% di gel di foglie di aloe vera ed estratto di oliva biologico<\/li>\n<li>Garantisce una penetrazione ottimale dell&#8217;umidit\u00e0 della pelle<\/li>\n<li>Aiuta la pelle a trattenere l&#8217;umidit\u00e0 per 24 ore<\/li>\n<li>Per un look fresco tutto il giorno<\/li>\n<li>Migliorare l&#8217;elasticit\u00e0 della pelle<\/li>\n<li>Quantit\u00e0: 30 ml<\/li>\n<\/ul>\n<p><span style=\"color: #ff0000;\"><a style=\"color: #ff0000;\" href=\"https:\/\/shop.lrworld.com\/openpao?PHP=0vFlt7jT938BEnBI3a6e9w%3D%3D\"><span style=\"font-size: 14pt;\"><strong>Registrati ora e risparmia il 35% su ogni ordine<\/strong><\/span><\/a><\/span><\/p>\n","protected":false},"featured_media":8462,"comment_status":"open","ping_status":"closed","template":"","meta":{"_kad_blocks_custom_css":"","_kad_blocks_head_custom_js":"","_kad_blocks_body_custom_js":"","_kad_blocks_footer_custom_js":"","_kadence_starter_templates_imported_post":false,"_kad_post_transparent":"default","_kad_post_title":"","_kad_post_layout":"default","_kad_post_sidebar_id":"","_kad_post_content_style":"default","_kad_post_vertical_padding":"default","_kad_post_feature":"","_kad_post_feature_position":"","_kad_post_header":false,"_kad_post_footer":false,"_kad_post_classname":""},"product_brand":[],"product_cat":[214,239,353],"product_tag":[604],"class_list":{"0":"post-8654","1":"product","2":"type-product","3":"status-publish","4":"has-post-thumbnail","6":"product_cat-aloe-vera-it","7":"product_cat-cura-del-viso","8":"product_cat-offerte","9":"product_tag-faccia-secca","11":"first","12":"outofstock","13":"sale","14":"taxable","15":"shipping-taxable","16":"purchasable","17":"product-type-simple","18":"entry","19":"content-bg","20":"loop-entry"},"yoast_head":"<!-- This site is optimized with the Yoast SEO Premium plugin v27.4 (Yoast SEO v27.4) - https:\/\/yoast.com\/product\/yoast-seo-premium-wordpress\/ -->\n<title>Siero Viso Idratante Aloe Vera per un aspetto fresco 24 ore<\/title>\n<meta name=\"description\" content=\"Siero Viso Idratante Aloe Vera con il 50% di gel di foglie di aloe vera ed estratto di oliva biologico aiuta la pelle a trattenere l&#039;umidit\u00e0 per 24 ore.\" \/>\n<meta name=\"robots\" content=\"index, follow, max-snippet:-1, max-image-preview:large, max-video-preview:-1\" \/>\n<link rel=\"canonical\" href=\"https:\/\/www.lraloeverashop.eu\/it\/prodotto\/siero-viso-idratante-aloe-vera\/\" \/>\n<meta property=\"og:locale\" content=\"it_IT\" \/>\n<meta property=\"og:type\" content=\"article\" \/>\n<meta property=\"og:title\" content=\"Siero Viso Idratante Aloe Vera\" \/>\n<meta property=\"og:description\" content=\"Siero Viso Idratante Aloe Vera con il 50% di gel di foglie di aloe vera ed estratto di oliva biologico aiuta la pelle a trattenere l&#039;umidit\u00e0 per 24 ore.\" \/>\n<meta property=\"og:url\" content=\"https:\/\/www.lraloeverashop.eu\/it\/prodotto\/siero-viso-idratante-aloe-vera\/\" \/>\n<meta property=\"og:site_name\" content=\"Lr Negozio di Aloe Vera\" \/>\n<meta property=\"article:publisher\" content=\"https:\/\/www.facebook.com\/lraloeverashop.eu\" \/>\n<meta property=\"article:modified_time\" content=\"2026-02-03T19:06:53+00:00\" \/>\n<meta property=\"og:image\" content=\"https:\/\/www.lraloeverashop.eu\/wp-content\/uploads\/2022\/12\/Aloe-Vera-Face-Serum.jpg\" \/>\n\t<meta property=\"og:image:width\" content=\"1200\" \/>\n\t<meta property=\"og:image:height\" content=\"1200\" \/>\n\t<meta property=\"og:image:type\" content=\"image\/jpeg\" \/>\n<meta name=\"twitter:card\" content=\"summary_large_image\" \/>\n<meta name=\"twitter:site\" content=\"@natur__kosmetik\" \/>\n<script type=\"application\/ld+json\" class=\"yoast-schema-graph\">{\"@context\":\"https:\\\/\\\/schema.org\",\"@graph\":[{\"@type\":[\"WebPage\",\"ItemPage\"],\"@id\":\"https:\\\/\\\/www.lraloeverashop.eu\\\/it\\\/prodotto\\\/siero-viso-idratante-aloe-vera\\\/\",\"url\":\"https:\\\/\\\/www.lraloeverashop.eu\\\/it\\\/prodotto\\\/siero-viso-idratante-aloe-vera\\\/\",\"name\":\"Siero Viso Idratante Aloe Vera per un aspetto fresco 24 ore\",\"isPartOf\":{\"@id\":\"https:\\\/\\\/www.lraloeverashop.eu\\\/it\\\/#website\"},\"primaryImageOfPage\":{\"@id\":\"https:\\\/\\\/www.lraloeverashop.eu\\\/it\\\/prodotto\\\/siero-viso-idratante-aloe-vera\\\/#primaryimage\"},\"image\":{\"@id\":\"https:\\\/\\\/www.lraloeverashop.eu\\\/it\\\/prodotto\\\/siero-viso-idratante-aloe-vera\\\/#primaryimage\"},\"thumbnailUrl\":\"https:\\\/\\\/www.lraloeverashop.eu\\\/wp-content\\\/uploads\\\/2022\\\/12\\\/Aloe-Vera-Face-Serum.jpg\",\"datePublished\":\"2022-12-03T17:43:25+00:00\",\"dateModified\":\"2026-02-03T19:06:53+00:00\",\"description\":\"Siero Viso Idratante Aloe Vera con il 50% di gel di foglie di aloe vera ed estratto di oliva biologico aiuta la pelle a trattenere l'umidit\u00e0 per 24 ore.\",\"breadcrumb\":{\"@id\":\"https:\\\/\\\/www.lraloeverashop.eu\\\/it\\\/prodotto\\\/siero-viso-idratante-aloe-vera\\\/#breadcrumb\"},\"inLanguage\":\"it-IT\",\"potentialAction\":[{\"@type\":\"ReadAction\",\"target\":[\"https:\\\/\\\/www.lraloeverashop.eu\\\/it\\\/prodotto\\\/siero-viso-idratante-aloe-vera\\\/\"]}]},{\"@type\":\"ImageObject\",\"inLanguage\":\"it-IT\",\"@id\":\"https:\\\/\\\/www.lraloeverashop.eu\\\/it\\\/prodotto\\\/siero-viso-idratante-aloe-vera\\\/#primaryimage\",\"url\":\"https:\\\/\\\/www.lraloeverashop.eu\\\/wp-content\\\/uploads\\\/2022\\\/12\\\/Aloe-Vera-Face-Serum.jpg\",\"contentUrl\":\"https:\\\/\\\/www.lraloeverashop.eu\\\/wp-content\\\/uploads\\\/2022\\\/12\\\/Aloe-Vera-Face-Serum.jpg\",\"width\":1200,\"height\":1200,\"caption\":\"Siero viso idratante all'aloe vera\"},{\"@type\":\"BreadcrumbList\",\"@id\":\"https:\\\/\\\/www.lraloeverashop.eu\\\/it\\\/prodotto\\\/siero-viso-idratante-aloe-vera\\\/#breadcrumb\",\"itemListElement\":[{\"@type\":\"ListItem\",\"position\":1,\"name\":\"Home\",\"item\":\"https:\\\/\\\/www.lraloeverashop.eu\\\/it\\\/\"},{\"@type\":\"ListItem\",\"position\":2,\"name\":\"Negozio\",\"item\":\"https:\\\/\\\/www.lraloeverashop.eu\\\/it\\\/negozio\\\/\"},{\"@type\":\"ListItem\",\"position\":3,\"name\":\"Siero Viso Idratante Aloe Vera\"}]},{\"@type\":\"WebSite\",\"@id\":\"https:\\\/\\\/www.lraloeverashop.eu\\\/it\\\/#website\",\"url\":\"https:\\\/\\\/www.lraloeverashop.eu\\\/it\\\/\",\"name\":\"Lr Negozio di Aloe Vera\",\"description\":\"High Quality Lr Aloe Vera Gel, Aloe Vera Cream and Shampoo\",\"publisher\":{\"@id\":\"https:\\\/\\\/www.lraloeverashop.eu\\\/it\\\/#organization\"},\"potentialAction\":[{\"@type\":\"SearchAction\",\"target\":{\"@type\":\"EntryPoint\",\"urlTemplate\":\"https:\\\/\\\/www.lraloeverashop.eu\\\/it\\\/?s={search_term_string}\"},\"query-input\":{\"@type\":\"PropertyValueSpecification\",\"valueRequired\":true,\"valueName\":\"search_term_string\"}}],\"inLanguage\":\"it-IT\"},{\"@type\":\"Organization\",\"@id\":\"https:\\\/\\\/www.lraloeverashop.eu\\\/it\\\/#organization\",\"name\":\"Negozio di Lr Aloe Vera\",\"alternateName\":\"LR\",\"url\":\"https:\\\/\\\/www.lraloeverashop.eu\\\/it\\\/\",\"logo\":{\"@type\":\"ImageObject\",\"inLanguage\":\"it-IT\",\"@id\":\"https:\\\/\\\/www.lraloeverashop.eu\\\/it\\\/#\\\/schema\\\/logo\\\/image\\\/\",\"url\":\"https:\\\/\\\/www.lraloeverashop.eu\\\/wp-content\\\/uploads\\\/2022\\\/09\\\/cropped-Lr-Aloe-Vera-Shop.jpg\",\"contentUrl\":\"https:\\\/\\\/www.lraloeverashop.eu\\\/wp-content\\\/uploads\\\/2022\\\/09\\\/cropped-Lr-Aloe-Vera-Shop.jpg\",\"width\":228,\"height\":76,\"caption\":\"Negozio di Lr Aloe Vera\"},\"image\":{\"@id\":\"https:\\\/\\\/www.lraloeverashop.eu\\\/it\\\/#\\\/schema\\\/logo\\\/image\\\/\"},\"sameAs\":[\"https:\\\/\\\/www.facebook.com\\\/lraloeverashop.eu\",\"https:\\\/\\\/x.com\\\/natur__kosmetik\",\"https:\\\/\\\/www.youtube.com\\\/channel\\\/UC5oN7BJ8nfYb8RpVtjwDEBA\",\"https:\\\/\\\/www.instagram.com\\\/lrbeautyeu\\\/\"],\"description\":\"Negozio di Lr Aloe Vera \u00e8 il tuo punto di riferimento per i prodotti LR Health & Beauty di alta qualit\u00e0, realizzati in Germania. Offriamo soluzioni per la cura della pelle, l'alimentazione e l'anti-et\u00e0 a base di Aloe Vera, formulate con ingredienti puri e supportate da ricerche scientifiche. Scopri una cura naturale che rigenera, protegge e rivitalizza la tua pelle e approfitta delle esclusive offerte mensili sui nostri prodotti LR Aloe Vera pi\u00f9 venduti.\\nInizia oggi il tuo percorso di cura della pelle naturale e senti la differenza.\",\"email\":\"info@lraloeverashop.eu\",\"telephone\":\"+49 17670609653\",\"legalName\":\"Lr Aloe Vera Shop\",\"foundingDate\":\"2018-04-21\",\"numberOfEmployees\":{\"@type\":\"QuantitativeValue\",\"minValue\":\"1\",\"maxValue\":\"10\"}}]}<\/script>\n<meta property=\"product:price:amount\" content=\"19.99\" \/>\n<meta property=\"product:price:currency\" content=\"EUR\" \/>\n<meta property=\"og:availability\" content=\"out of stock\" \/>\n<meta property=\"product:availability\" content=\"out of stock\" \/>\n<meta property=\"product:retailer_item_id\" content=\"20685-201IT\" \/>\n<meta property=\"product:condition\" content=\"new\" \/>\n<!-- \/ Yoast SEO Premium plugin. -->","yoast_head_json":{"title":"Siero Viso Idratante Aloe Vera per un aspetto fresco 24 ore","description":"Siero Viso Idratante Aloe Vera con il 50% di gel di foglie di aloe vera ed estratto di oliva biologico aiuta la pelle a trattenere l'umidit\u00e0 per 24 ore.","robots":{"index":"index","follow":"follow","max-snippet":"max-snippet:-1","max-image-preview":"max-image-preview:large","max-video-preview":"max-video-preview:-1"},"canonical":"https:\/\/www.lraloeverashop.eu\/it\/prodotto\/siero-viso-idratante-aloe-vera\/","og_locale":"it_IT","og_type":"article","og_title":"Siero Viso Idratante Aloe Vera","og_description":"Siero Viso Idratante Aloe Vera con il 50% di gel di foglie di aloe vera ed estratto di oliva biologico aiuta la pelle a trattenere l'umidit\u00e0 per 24 ore.","og_url":"https:\/\/www.lraloeverashop.eu\/it\/prodotto\/siero-viso-idratante-aloe-vera\/","og_site_name":"Lr Negozio di Aloe Vera","article_publisher":"https:\/\/www.facebook.com\/lraloeverashop.eu","article_modified_time":"2026-02-03T19:06:53+00:00","og_image":[{"width":1200,"height":1200,"url":"https:\/\/www.lraloeverashop.eu\/wp-content\/uploads\/2022\/12\/Aloe-Vera-Face-Serum.jpg","type":"image\/jpeg"}],"twitter_card":"summary_large_image","twitter_site":"@natur__kosmetik","schema":{"@context":"https:\/\/schema.org","@graph":[{"@type":["WebPage","ItemPage"],"@id":"https:\/\/www.lraloeverashop.eu\/it\/prodotto\/siero-viso-idratante-aloe-vera\/","url":"https:\/\/www.lraloeverashop.eu\/it\/prodotto\/siero-viso-idratante-aloe-vera\/","name":"Siero Viso Idratante Aloe Vera per un aspetto fresco 24 ore","isPartOf":{"@id":"https:\/\/www.lraloeverashop.eu\/it\/#website"},"primaryImageOfPage":{"@id":"https:\/\/www.lraloeverashop.eu\/it\/prodotto\/siero-viso-idratante-aloe-vera\/#primaryimage"},"image":{"@id":"https:\/\/www.lraloeverashop.eu\/it\/prodotto\/siero-viso-idratante-aloe-vera\/#primaryimage"},"thumbnailUrl":"https:\/\/www.lraloeverashop.eu\/wp-content\/uploads\/2022\/12\/Aloe-Vera-Face-Serum.jpg","datePublished":"2022-12-03T17:43:25+00:00","dateModified":"2026-02-03T19:06:53+00:00","description":"Siero Viso Idratante Aloe Vera con il 50% di gel di foglie di aloe vera ed estratto di oliva biologico aiuta la pelle a trattenere l'umidit\u00e0 per 24 ore.","breadcrumb":{"@id":"https:\/\/www.lraloeverashop.eu\/it\/prodotto\/siero-viso-idratante-aloe-vera\/#breadcrumb"},"inLanguage":"it-IT","potentialAction":[{"@type":"ReadAction","target":["https:\/\/www.lraloeverashop.eu\/it\/prodotto\/siero-viso-idratante-aloe-vera\/"]}]},{"@type":"ImageObject","inLanguage":"it-IT","@id":"https:\/\/www.lraloeverashop.eu\/it\/prodotto\/siero-viso-idratante-aloe-vera\/#primaryimage","url":"https:\/\/www.lraloeverashop.eu\/wp-content\/uploads\/2022\/12\/Aloe-Vera-Face-Serum.jpg","contentUrl":"https:\/\/www.lraloeverashop.eu\/wp-content\/uploads\/2022\/12\/Aloe-Vera-Face-Serum.jpg","width":1200,"height":1200,"caption":"Siero viso idratante all'aloe vera"},{"@type":"BreadcrumbList","@id":"https:\/\/www.lraloeverashop.eu\/it\/prodotto\/siero-viso-idratante-aloe-vera\/#breadcrumb","itemListElement":[{"@type":"ListItem","position":1,"name":"Home","item":"https:\/\/www.lraloeverashop.eu\/it\/"},{"@type":"ListItem","position":2,"name":"Negozio","item":"https:\/\/www.lraloeverashop.eu\/it\/negozio\/"},{"@type":"ListItem","position":3,"name":"Siero Viso Idratante Aloe Vera"}]},{"@type":"WebSite","@id":"https:\/\/www.lraloeverashop.eu\/it\/#website","url":"https:\/\/www.lraloeverashop.eu\/it\/","name":"Lr Negozio di Aloe Vera","description":"High Quality Lr Aloe Vera Gel, Aloe Vera Cream and Shampoo","publisher":{"@id":"https:\/\/www.lraloeverashop.eu\/it\/#organization"},"potentialAction":[{"@type":"SearchAction","target":{"@type":"EntryPoint","urlTemplate":"https:\/\/www.lraloeverashop.eu\/it\/?s={search_term_string}"},"query-input":{"@type":"PropertyValueSpecification","valueRequired":true,"valueName":"search_term_string"}}],"inLanguage":"it-IT"},{"@type":"Organization","@id":"https:\/\/www.lraloeverashop.eu\/it\/#organization","name":"Negozio di Lr Aloe Vera","alternateName":"LR","url":"https:\/\/www.lraloeverashop.eu\/it\/","logo":{"@type":"ImageObject","inLanguage":"it-IT","@id":"https:\/\/www.lraloeverashop.eu\/it\/#\/schema\/logo\/image\/","url":"https:\/\/www.lraloeverashop.eu\/wp-content\/uploads\/2022\/09\/cropped-Lr-Aloe-Vera-Shop.jpg","contentUrl":"https:\/\/www.lraloeverashop.eu\/wp-content\/uploads\/2022\/09\/cropped-Lr-Aloe-Vera-Shop.jpg","width":228,"height":76,"caption":"Negozio di Lr Aloe Vera"},"image":{"@id":"https:\/\/www.lraloeverashop.eu\/it\/#\/schema\/logo\/image\/"},"sameAs":["https:\/\/www.facebook.com\/lraloeverashop.eu","https:\/\/x.com\/natur__kosmetik","https:\/\/www.youtube.com\/channel\/UC5oN7BJ8nfYb8RpVtjwDEBA","https:\/\/www.instagram.com\/lrbeautyeu\/"],"description":"Negozio di Lr Aloe Vera \u00e8 il tuo punto di riferimento per i prodotti LR Health & Beauty di alta qualit\u00e0, realizzati in Germania. Offriamo soluzioni per la cura della pelle, l'alimentazione e l'anti-et\u00e0 a base di Aloe Vera, formulate con ingredienti puri e supportate da ricerche scientifiche. Scopri una cura naturale che rigenera, protegge e rivitalizza la tua pelle e approfitta delle esclusive offerte mensili sui nostri prodotti LR Aloe Vera pi\u00f9 venduti.\nInizia oggi il tuo percorso di cura della pelle naturale e senti la differenza.","email":"info@lraloeverashop.eu","telephone":"+49 17670609653","legalName":"Lr Aloe Vera Shop","foundingDate":"2018-04-21","numberOfEmployees":{"@type":"QuantitativeValue","minValue":"1","maxValue":"10"}}]},"product_price_amount":"19.99","product_price_currency":"EUR","og_availability":"out of stock","product_availability":"out of stock","product_retailer_item_id":"20685-201IT","product_condition":"new"},"taxonomy_info":{"product_cat":[{"value":214,"label":"Aloe Vera"},{"value":239,"label":"Cura del Viso"},{"value":353,"label":"Offerte"}],"product_tag":[{"value":604,"label":"Faccia secca"}]},"featured_image_src_large":["https:\/\/www.lraloeverashop.eu\/wp-content\/uploads\/2022\/12\/Aloe-Vera-Face-Serum-1024x1024.jpg",1024,1024,true],"author_info":[],"comment_info":0,"_links":{"self":[{"href":"https:\/\/www.lraloeverashop.eu\/it\/wp-json\/wp\/v2\/product\/8654","targetHints":{"allow":["GET"]}}],"collection":[{"href":"https:\/\/www.lraloeverashop.eu\/it\/wp-json\/wp\/v2\/product"}],"about":[{"href":"https:\/\/www.lraloeverashop.eu\/it\/wp-json\/wp\/v2\/types\/product"}],"replies":[{"embeddable":true,"href":"https:\/\/www.lraloeverashop.eu\/it\/wp-json\/wp\/v2\/comments?post=8654"}],"wp:featuredmedia":[{"embeddable":true,"href":"https:\/\/www.lraloeverashop.eu\/it\/wp-json\/wp\/v2\/media\/8462"}],"wp:attachment":[{"href":"https:\/\/www.lraloeverashop.eu\/it\/wp-json\/wp\/v2\/media?parent=8654"}],"wp:term":[{"taxonomy":"product_brand","embeddable":true,"href":"https:\/\/www.lraloeverashop.eu\/it\/wp-json\/wp\/v2\/product_brand?post=8654"},{"taxonomy":"product_cat","embeddable":true,"href":"https:\/\/www.lraloeverashop.eu\/it\/wp-json\/wp\/v2\/product_cat?post=8654"},{"taxonomy":"product_tag","embeddable":true,"href":"https:\/\/www.lraloeverashop.eu\/it\/wp-json\/wp\/v2\/product_tag?post=8654"}],"curies":[{"name":"wp","href":"https:\/\/api.w.org\/{rel}","templated":true}]}}