{"id":30165,"date":"2026-04-05T18:42:55","date_gmt":"2026-04-05T16:42:55","guid":{"rendered":"https:\/\/www.lraloeverashop.eu\/?post_type=product&#038;p=30165"},"modified":"2026-04-05T20:51:58","modified_gmt":"2026-04-05T18:51:58","slug":"aloe-vera-da-bere-acai-pro","status":"publish","type":"product","link":"https:\/\/www.lraloeverashop.eu\/it\/prodotto\/aloe-vera-da-bere-acai-pro\/","title":{"rendered":"Aloe Vera da Bere Acai Pro"},"content":{"rendered":"<h2><strong>Aloe Vera da bere Acai Pro<\/strong><\/h2>\n<p><span style=\"font-size: 18px;\"><strong>Aloe Vera Da Bere Acai Pro \u2013 Equilibrio, energia e protezione in modo naturale<\/strong><\/span><\/p>\n<p>Stai cercando un modo rinfrescante per sostenere il tuo corpo durante i mesi pi\u00f9 caldi? Aloe Vera Da Bere Acai Pro \u00e8 molto pi\u00f9 di una semplice bevanda \u2013 \u00e8 un\u2019abitudine quotidiana semplice ed efficace pensata per aiutarti a rimanere idratato, supportare la tua pelle e rafforzare il sistema immunitario dall\u2019interno.<\/p>\n<p>Realizzato con 85% di gel puro di aloe vera (polpa interna della foglia), combinato con bacche di a\u00e7a\u00ed ricche di antiossidanti, frutti di bosco, ribes e un tocco di miele, questa formula premium offre un gusto eccellente e benefici funzionali reali ad ogni sorso.<\/p>\n<p>&nbsp;<\/p>\n<h2>Perch\u00e9 scegliere Aloe Vera Da Bere Acai Pro?<\/h2>\n<p>Quando il caldo estivo, l\u2019esposizione al sole e le giornate attive mettono sotto pressione il tuo corpo, hai bisogno di un supporto affidabile. Questa bevanda avanzata a base di aloe vera agisce in tre modi fondamentali:<\/p>\n<ul>\n<li>Aiuta a mantenere l\u2019equilibrio elettrolitico e un normale metabolismo energetico, grazie a magnesio, zinco e vitamina C \u2013 ideale durante il caldo o in caso di maggiore attivit\u00e0.<\/li>\n<li>Supporta la salute della pelle e la pigmentazione naturale, aiutando il corpo a proteggersi dallo <a href=\"https:\/\/www.lraloeverashop.eu\/it\/prodotto\/pro-balance-compresse\/\">stress ossidativo<\/a> causato dall\u2019esposizione al sole.<\/li>\n<li>Contribuisce a un sistema immunitario forte, offrendo un supporto quotidiano sia in viaggio, sia durante il relax o l\u2019attivit\u00e0 fisica.<\/li>\n<\/ul>\n<p>&nbsp;<\/p>\n<h2>Cosa rende diversa questa bevanda all\u2019aloe vera?<\/h2>\n<p>A differenza degli integratori standard, Aloe Vera Da Bere Acai Pro si concentra su qualit\u00e0 ed efficacia. L\u2019aloe vera proviene da piante selezionate con cura in Messico ed \u00e8 lavorata delicatamente per preservarne le propriet\u00e0 naturali.<\/p>\n<p>Certificata da SGS Institut Fresenius e dal International Aloe Science Council (IASC), questa formula garantisce:<\/p>\n<ul>\n<li>gel puro dalla polpa interna, senza aloina<\/li>\n<li>standard produttivi di alta qualit\u00e0 in Germania<\/li>\n<li>una composizione pulita e attentamente sviluppata, adatta all\u2019uso quotidiano<\/li>\n<\/ul>\n<p>&nbsp;<\/p>\n<h2>Domande frequenti<\/h2>\n<h3>A cosa serve Aloe Vera Da Bere Acai Pro?<\/h3>\n<p>\u00c8 progettato per supportare l\u2019idratazione, la salute della pelle e le difese immunitarie, soprattutto durante l\u2019estate quando il corpo \u00e8 esposto a calore, sole e maggiore attivit\u00e0.<\/p>\n<h3>Il gel di aloe vera da bere funziona davvero?<\/h3>\n<p>S\u00ec, se formulato correttamente. Questo prodotto combina aloe vera con nutrienti essenziali come vitamina C, zinco e magnesio, noti per supportare il metabolismo, il <a href=\"https:\/\/www.lraloeverashop.eu\/it\/prodotto\/aloe-vera-gel-da-bere-immune-plus\/\">sistema immunitario<\/a> e la salute della pelle.<\/p>\n<h3>\u00c8 sicuro bere aloe vera ogni giorno?<\/h3>\n<p>S\u00ec, se utilizzato secondo le indicazioni. Questo gel di aloe vera \u00e8 adatto all\u2019uso quotidiano come parte di uno stile di vita equilibrato.<\/p>\n<h3>Come migliora la formula l\u2019a\u00e7a\u00ed?<\/h3>\n<p>Le bacche di a\u00e7a\u00ed sono naturalmente ricche di antiossidanti, aiutando a proteggere le cellule dallo stress ossidativo e a supportare il benessere generale.<\/p>\n<h3>Come assumerlo per ottenere i migliori risultati?<\/h3>\n<p>Assumere 30 ml tre volte al giorno. Il suo gusto leggero e fruttato lo rende piacevole da bere da solo o miscelato con acqua o succo.<\/p>\n<h2>Una semplice abitudine quotidiana che funziona<\/h2>\n<p>Con il suo gusto fresco e fruttato e la sua facilit\u00e0 d\u2019uso, Aloe Vera Da Bere Acai Pro si integra perfettamente nella tua routine quotidiana. Al mattino, dopo l\u2019attivit\u00e0 o durante la giornata, <a href=\"https:\/\/www.lraloeverashop.eu\/it\/prodotto\/bevanda-aloe-vera-acai-pro\/\">questa bevanda<\/a> ti aiuta a mantenere costanza nei tuoi obiettivi di benessere.<\/p>\n","protected":false},"excerpt":{"rendered":"<ul>\n<li>85% gel di aloe vera con a\u00e7a\u00ed ricco di antiossidanti<\/li>\n<li>Supporta idratazione, energia ed equilibrio elettrolitico<\/li>\n<li>Aiuta a mantenere pelle sana e sistema immunitario efficiente<\/li>\n<li>Con vitamina C, zinco e magnesio<\/li>\n<li>Qualit\u00e0 premium, prodotto in Germania (6 x 1000 ml)<\/li>\n<\/ul>\n<p style=\"text-align: left;\"><span style=\"color: #ff0000;\"><a style=\"color: #ff0000;\" href=\"https:\/\/shop.lrworld.com\/openpao?PHP=0vFlt7jT938BEnBI3a6e9w%3D%3D\"><span style=\"font-size: 14pt;\"><strong>Registrati ora e risparmia il 35% su ogni ordine<\/strong><\/span><\/a><\/span><\/p>\n","protected":false},"featured_media":14746,"comment_status":"open","ping_status":"closed","template":"","meta":{"_kad_blocks_custom_css":"","_kad_blocks_head_custom_js":"","_kad_blocks_body_custom_js":"","_kad_blocks_footer_custom_js":"","_kadence_starter_templates_imported_post":false,"_kad_post_transparent":"default","_kad_post_title":"","_kad_post_layout":"default","_kad_post_sidebar_id":"","_kad_post_content_style":"default","_kad_post_vertical_padding":"default","_kad_post_feature":"","_kad_post_feature_position":"","_kad_post_header":false,"_kad_post_footer":false,"_kad_post_classname":""},"product_brand":[],"product_cat":[400,293,436,418,466],"product_tag":[602],"class_list":{"0":"post-30165","1":"product","2":"type-product","3":"status-publish","4":"has-post-thumbnail","6":"product_cat-base-it","7":"product_cat-gel-da-bere-allaloe-vera","8":"product_cat-intestino-e-digestione","9":"product_cat-ossa-articolazioni-e-muscoli","10":"product_cat-nutrizionisti","11":"product_tag-bevande-disintossicanti","13":"first","14":"instock","15":"taxable","16":"shipping-taxable","17":"purchasable","18":"product-type-simple","19":"entry","20":"content-bg","21":"loop-entry"},"yoast_head":"<!-- This site is optimized with the Yoast SEO Premium plugin v27.3 (Yoast SEO v27.3) - https:\/\/yoast.com\/product\/yoast-seo-premium-wordpress\/ -->\n<title>Aloe Vera Da Bere Acai Pro \u2013 Energia e Difese Naturali | Lr Health<\/title>\n<meta name=\"description\" content=\"Aloe Vera Da Bere Acai Pro idrata, protegge la pelle e rafforza il sistema immunitario. Formula premium con a\u00e7a\u00ed ricco di antiossidanti. Acquista ora\" \/>\n<meta name=\"robots\" content=\"index, follow, max-snippet:-1, max-image-preview:large, max-video-preview:-1\" \/>\n<link rel=\"canonical\" href=\"https:\/\/www.lraloeverashop.eu\/it\/prodotto\/aloe-vera-da-bere-acai-pro\/\" \/>\n<meta property=\"og:locale\" content=\"it_IT\" \/>\n<meta property=\"og:type\" content=\"article\" \/>\n<meta property=\"og:title\" content=\"Aloe Vera da Bere Acai Pro\" \/>\n<meta property=\"og:description\" content=\"Aloe Vera Da Bere Acai Pro idrata, protegge la pelle e rafforza il sistema immunitario. Formula premium con a\u00e7a\u00ed ricco di antiossidanti. Acquista ora\" \/>\n<meta property=\"og:url\" content=\"https:\/\/www.lraloeverashop.eu\/it\/prodotto\/aloe-vera-da-bere-acai-pro\/\" \/>\n<meta property=\"og:site_name\" content=\"Lr Negozio di Aloe Vera\" \/>\n<meta property=\"article:publisher\" content=\"https:\/\/www.facebook.com\/lraloeverashop.eu\" \/>\n<meta property=\"article:modified_time\" content=\"2026-04-05T18:51:58+00:00\" \/>\n<meta property=\"og:image\" content=\"https:\/\/www.lraloeverashop.eu\/wp-content\/uploads\/2024\/04\/Aloe-Vera-To-Drink-Acai-6-Pieces-Set.jpeg\" \/>\n\t<meta property=\"og:image:width\" content=\"1200\" \/>\n\t<meta property=\"og:image:height\" content=\"1200\" \/>\n\t<meta property=\"og:image:type\" content=\"image\/jpeg\" \/>\n<meta name=\"twitter:card\" content=\"summary_large_image\" \/>\n<meta name=\"twitter:site\" content=\"@natur__kosmetik\" \/>\n<script type=\"application\/ld+json\" class=\"yoast-schema-graph\">{\"@context\":\"https:\\\/\\\/schema.org\",\"@graph\":[{\"@type\":[\"WebPage\",\"ItemPage\"],\"@id\":\"https:\\\/\\\/www.lraloeverashop.eu\\\/it\\\/prodotto\\\/aloe-vera-da-bere-acai-pro\\\/\",\"url\":\"https:\\\/\\\/www.lraloeverashop.eu\\\/it\\\/prodotto\\\/aloe-vera-da-bere-acai-pro\\\/\",\"name\":\"Aloe Vera Da Bere Acai Pro \u2013 Energia e Difese Naturali | Lr Health\",\"isPartOf\":{\"@id\":\"https:\\\/\\\/www.lraloeverashop.eu\\\/it\\\/#website\"},\"primaryImageOfPage\":{\"@id\":\"https:\\\/\\\/www.lraloeverashop.eu\\\/it\\\/prodotto\\\/aloe-vera-da-bere-acai-pro\\\/#primaryimage\"},\"image\":{\"@id\":\"https:\\\/\\\/www.lraloeverashop.eu\\\/it\\\/prodotto\\\/aloe-vera-da-bere-acai-pro\\\/#primaryimage\"},\"thumbnailUrl\":\"https:\\\/\\\/www.lraloeverashop.eu\\\/wp-content\\\/uploads\\\/2024\\\/04\\\/Aloe-Vera-To-Drink-Acai-6-Pieces-Set.jpeg\",\"datePublished\":\"2026-04-05T16:42:55+00:00\",\"dateModified\":\"2026-04-05T18:51:58+00:00\",\"description\":\"Aloe Vera Da Bere Acai Pro idrata, protegge la pelle e rafforza il sistema immunitario. Formula premium con a\u00e7a\u00ed ricco di antiossidanti. Acquista ora\",\"breadcrumb\":{\"@id\":\"https:\\\/\\\/www.lraloeverashop.eu\\\/it\\\/prodotto\\\/aloe-vera-da-bere-acai-pro\\\/#breadcrumb\"},\"inLanguage\":\"it-IT\",\"potentialAction\":[{\"@type\":\"ReadAction\",\"target\":[\"https:\\\/\\\/www.lraloeverashop.eu\\\/it\\\/prodotto\\\/aloe-vera-da-bere-acai-pro\\\/\"]}]},{\"@type\":\"ImageObject\",\"inLanguage\":\"it-IT\",\"@id\":\"https:\\\/\\\/www.lraloeverashop.eu\\\/it\\\/prodotto\\\/aloe-vera-da-bere-acai-pro\\\/#primaryimage\",\"url\":\"https:\\\/\\\/www.lraloeverashop.eu\\\/wp-content\\\/uploads\\\/2024\\\/04\\\/Aloe-Vera-To-Drink-Acai-6-Pieces-Set.jpeg\",\"contentUrl\":\"https:\\\/\\\/www.lraloeverashop.eu\\\/wp-content\\\/uploads\\\/2024\\\/04\\\/Aloe-Vera-To-Drink-Acai-6-Pieces-Set.jpeg\",\"width\":1200,\"height\":1200,\"caption\":\"Aloe Vera da bere Acai Pro Set 6 pezzi con vitamina C e minerali\"},{\"@type\":\"BreadcrumbList\",\"@id\":\"https:\\\/\\\/www.lraloeverashop.eu\\\/it\\\/prodotto\\\/aloe-vera-da-bere-acai-pro\\\/#breadcrumb\",\"itemListElement\":[{\"@type\":\"ListItem\",\"position\":1,\"name\":\"Home\",\"item\":\"https:\\\/\\\/www.lraloeverashop.eu\\\/it\\\/\"},{\"@type\":\"ListItem\",\"position\":2,\"name\":\"Negozio\",\"item\":\"https:\\\/\\\/www.lraloeverashop.eu\\\/it\\\/negozio\\\/\"},{\"@type\":\"ListItem\",\"position\":3,\"name\":\"Aloe Vera da Bere Acai Pro\"}]},{\"@type\":\"WebSite\",\"@id\":\"https:\\\/\\\/www.lraloeverashop.eu\\\/it\\\/#website\",\"url\":\"https:\\\/\\\/www.lraloeverashop.eu\\\/it\\\/\",\"name\":\"Lr Negozio di Aloe Vera\",\"description\":\"High Quality Lr Aloe Vera Gel, Aloe Vera Cream and Shampoo\",\"publisher\":{\"@id\":\"https:\\\/\\\/www.lraloeverashop.eu\\\/it\\\/#organization\"},\"potentialAction\":[{\"@type\":\"SearchAction\",\"target\":{\"@type\":\"EntryPoint\",\"urlTemplate\":\"https:\\\/\\\/www.lraloeverashop.eu\\\/it\\\/?s={search_term_string}\"},\"query-input\":{\"@type\":\"PropertyValueSpecification\",\"valueRequired\":true,\"valueName\":\"search_term_string\"}}],\"inLanguage\":\"it-IT\"},{\"@type\":\"Organization\",\"@id\":\"https:\\\/\\\/www.lraloeverashop.eu\\\/it\\\/#organization\",\"name\":\"Lr Negozio di Aloe Vera\",\"alternateName\":\"LR\",\"url\":\"https:\\\/\\\/www.lraloeverashop.eu\\\/it\\\/\",\"logo\":{\"@type\":\"ImageObject\",\"inLanguage\":\"it-IT\",\"@id\":\"https:\\\/\\\/www.lraloeverashop.eu\\\/it\\\/#\\\/schema\\\/logo\\\/image\\\/\",\"url\":\"https:\\\/\\\/www.lraloeverashop.eu\\\/wp-content\\\/uploads\\\/2022\\\/09\\\/cropped-Lr-Aloe-Vera-Shop.jpg\",\"contentUrl\":\"https:\\\/\\\/www.lraloeverashop.eu\\\/wp-content\\\/uploads\\\/2022\\\/09\\\/cropped-Lr-Aloe-Vera-Shop.jpg\",\"width\":228,\"height\":76,\"caption\":\"Lr Negozio di Aloe Vera\"},\"image\":{\"@id\":\"https:\\\/\\\/www.lraloeverashop.eu\\\/it\\\/#\\\/schema\\\/logo\\\/image\\\/\"},\"sameAs\":[\"https:\\\/\\\/www.facebook.com\\\/lraloeverashop.eu\",\"https:\\\/\\\/x.com\\\/natur__kosmetik\",\"https:\\\/\\\/www.youtube.com\\\/channel\\\/UC5oN7BJ8nfYb8RpVtjwDEBA\",\"https:\\\/\\\/www.instagram.com\\\/lrbeautyeu\\\/\"]}]}<\/script>\n<meta property=\"product:price:amount\" content=\"245.99\" \/>\n<meta property=\"product:price:currency\" content=\"EUR\" \/>\n<meta property=\"og:availability\" content=\"instock\" \/>\n<meta property=\"product:availability\" content=\"instock\" \/>\n<meta property=\"product:retailer_item_id\" content=\"81106-2IT\" \/>\n<meta property=\"product:condition\" content=\"new\" \/>\n<!-- \/ Yoast SEO Premium plugin. -->","yoast_head_json":{"title":"Aloe Vera Da Bere Acai Pro \u2013 Energia e Difese Naturali | Lr Health","description":"Aloe Vera Da Bere Acai Pro idrata, protegge la pelle e rafforza il sistema immunitario. Formula premium con a\u00e7a\u00ed ricco di antiossidanti. Acquista ora","robots":{"index":"index","follow":"follow","max-snippet":"max-snippet:-1","max-image-preview":"max-image-preview:large","max-video-preview":"max-video-preview:-1"},"canonical":"https:\/\/www.lraloeverashop.eu\/it\/prodotto\/aloe-vera-da-bere-acai-pro\/","og_locale":"it_IT","og_type":"article","og_title":"Aloe Vera da Bere Acai Pro","og_description":"Aloe Vera Da Bere Acai Pro idrata, protegge la pelle e rafforza il sistema immunitario. Formula premium con a\u00e7a\u00ed ricco di antiossidanti. Acquista ora","og_url":"https:\/\/www.lraloeverashop.eu\/it\/prodotto\/aloe-vera-da-bere-acai-pro\/","og_site_name":"Lr Negozio di Aloe Vera","article_publisher":"https:\/\/www.facebook.com\/lraloeverashop.eu","article_modified_time":"2026-04-05T18:51:58+00:00","og_image":[{"width":1200,"height":1200,"url":"https:\/\/www.lraloeverashop.eu\/wp-content\/uploads\/2024\/04\/Aloe-Vera-To-Drink-Acai-6-Pieces-Set.jpeg","type":"image\/jpeg"}],"twitter_card":"summary_large_image","twitter_site":"@natur__kosmetik","schema":{"@context":"https:\/\/schema.org","@graph":[{"@type":["WebPage","ItemPage"],"@id":"https:\/\/www.lraloeverashop.eu\/it\/prodotto\/aloe-vera-da-bere-acai-pro\/","url":"https:\/\/www.lraloeverashop.eu\/it\/prodotto\/aloe-vera-da-bere-acai-pro\/","name":"Aloe Vera Da Bere Acai Pro \u2013 Energia e Difese Naturali | Lr Health","isPartOf":{"@id":"https:\/\/www.lraloeverashop.eu\/it\/#website"},"primaryImageOfPage":{"@id":"https:\/\/www.lraloeverashop.eu\/it\/prodotto\/aloe-vera-da-bere-acai-pro\/#primaryimage"},"image":{"@id":"https:\/\/www.lraloeverashop.eu\/it\/prodotto\/aloe-vera-da-bere-acai-pro\/#primaryimage"},"thumbnailUrl":"https:\/\/www.lraloeverashop.eu\/wp-content\/uploads\/2024\/04\/Aloe-Vera-To-Drink-Acai-6-Pieces-Set.jpeg","datePublished":"2026-04-05T16:42:55+00:00","dateModified":"2026-04-05T18:51:58+00:00","description":"Aloe Vera Da Bere Acai Pro idrata, protegge la pelle e rafforza il sistema immunitario. Formula premium con a\u00e7a\u00ed ricco di antiossidanti. Acquista ora","breadcrumb":{"@id":"https:\/\/www.lraloeverashop.eu\/it\/prodotto\/aloe-vera-da-bere-acai-pro\/#breadcrumb"},"inLanguage":"it-IT","potentialAction":[{"@type":"ReadAction","target":["https:\/\/www.lraloeverashop.eu\/it\/prodotto\/aloe-vera-da-bere-acai-pro\/"]}]},{"@type":"ImageObject","inLanguage":"it-IT","@id":"https:\/\/www.lraloeverashop.eu\/it\/prodotto\/aloe-vera-da-bere-acai-pro\/#primaryimage","url":"https:\/\/www.lraloeverashop.eu\/wp-content\/uploads\/2024\/04\/Aloe-Vera-To-Drink-Acai-6-Pieces-Set.jpeg","contentUrl":"https:\/\/www.lraloeverashop.eu\/wp-content\/uploads\/2024\/04\/Aloe-Vera-To-Drink-Acai-6-Pieces-Set.jpeg","width":1200,"height":1200,"caption":"Aloe Vera da bere Acai Pro Set 6 pezzi con vitamina C e minerali"},{"@type":"BreadcrumbList","@id":"https:\/\/www.lraloeverashop.eu\/it\/prodotto\/aloe-vera-da-bere-acai-pro\/#breadcrumb","itemListElement":[{"@type":"ListItem","position":1,"name":"Home","item":"https:\/\/www.lraloeverashop.eu\/it\/"},{"@type":"ListItem","position":2,"name":"Negozio","item":"https:\/\/www.lraloeverashop.eu\/it\/negozio\/"},{"@type":"ListItem","position":3,"name":"Aloe Vera da Bere Acai Pro"}]},{"@type":"WebSite","@id":"https:\/\/www.lraloeverashop.eu\/it\/#website","url":"https:\/\/www.lraloeverashop.eu\/it\/","name":"Lr Negozio di Aloe Vera","description":"High Quality Lr Aloe Vera Gel, Aloe Vera Cream and Shampoo","publisher":{"@id":"https:\/\/www.lraloeverashop.eu\/it\/#organization"},"potentialAction":[{"@type":"SearchAction","target":{"@type":"EntryPoint","urlTemplate":"https:\/\/www.lraloeverashop.eu\/it\/?s={search_term_string}"},"query-input":{"@type":"PropertyValueSpecification","valueRequired":true,"valueName":"search_term_string"}}],"inLanguage":"it-IT"},{"@type":"Organization","@id":"https:\/\/www.lraloeverashop.eu\/it\/#organization","name":"Lr Negozio di Aloe Vera","alternateName":"LR","url":"https:\/\/www.lraloeverashop.eu\/it\/","logo":{"@type":"ImageObject","inLanguage":"it-IT","@id":"https:\/\/www.lraloeverashop.eu\/it\/#\/schema\/logo\/image\/","url":"https:\/\/www.lraloeverashop.eu\/wp-content\/uploads\/2022\/09\/cropped-Lr-Aloe-Vera-Shop.jpg","contentUrl":"https:\/\/www.lraloeverashop.eu\/wp-content\/uploads\/2022\/09\/cropped-Lr-Aloe-Vera-Shop.jpg","width":228,"height":76,"caption":"Lr Negozio di Aloe Vera"},"image":{"@id":"https:\/\/www.lraloeverashop.eu\/it\/#\/schema\/logo\/image\/"},"sameAs":["https:\/\/www.facebook.com\/lraloeverashop.eu","https:\/\/x.com\/natur__kosmetik","https:\/\/www.youtube.com\/channel\/UC5oN7BJ8nfYb8RpVtjwDEBA","https:\/\/www.instagram.com\/lrbeautyeu\/"]}]},"product_price_amount":"245.99","product_price_currency":"EUR","og_availability":"instock","product_availability":"instock","product_retailer_item_id":"81106-2IT","product_condition":"new"},"taxonomy_info":{"product_cat":[{"value":400,"label":"Base"},{"value":293,"label":"Gel da bere Aloe Vera"},{"value":436,"label":"Intestino e Digestione"},{"value":418,"label":"Ossa, Articolazioni e Muscoli"},{"value":466,"label":"Specialisti"}],"product_tag":[{"value":602,"label":"Bevande disintossicanti"}]},"featured_image_src_large":["https:\/\/www.lraloeverashop.eu\/wp-content\/uploads\/2024\/04\/Aloe-Vera-To-Drink-Acai-6-Pieces-Set-1024x1024.jpeg",1024,1024,true],"author_info":[],"comment_info":0,"_links":{"self":[{"href":"https:\/\/www.lraloeverashop.eu\/it\/wp-json\/wp\/v2\/product\/30165","targetHints":{"allow":["GET"]}}],"collection":[{"href":"https:\/\/www.lraloeverashop.eu\/it\/wp-json\/wp\/v2\/product"}],"about":[{"href":"https:\/\/www.lraloeverashop.eu\/it\/wp-json\/wp\/v2\/types\/product"}],"replies":[{"embeddable":true,"href":"https:\/\/www.lraloeverashop.eu\/it\/wp-json\/wp\/v2\/comments?post=30165"}],"wp:featuredmedia":[{"embeddable":true,"href":"https:\/\/www.lraloeverashop.eu\/it\/wp-json\/wp\/v2\/media\/14746"}],"wp:attachment":[{"href":"https:\/\/www.lraloeverashop.eu\/it\/wp-json\/wp\/v2\/media?parent=30165"}],"wp:term":[{"taxonomy":"product_brand","embeddable":true,"href":"https:\/\/www.lraloeverashop.eu\/it\/wp-json\/wp\/v2\/product_brand?post=30165"},{"taxonomy":"product_cat","embeddable":true,"href":"https:\/\/www.lraloeverashop.eu\/it\/wp-json\/wp\/v2\/product_cat?post=30165"},{"taxonomy":"product_tag","embeddable":true,"href":"https:\/\/www.lraloeverashop.eu\/it\/wp-json\/wp\/v2\/product_tag?post=30165"}],"curies":[{"name":"wp","href":"https:\/\/api.w.org\/{rel}","templated":true}]}}