{"id":28064,"date":"2025-05-04T14:08:17","date_gmt":"2025-05-04T12:08:17","guid":{"rendered":"https:\/\/www.lraloeverashop.eu\/product\/crema-per-smagliature-in-gravidanza\/"},"modified":"2026-02-03T19:57:17","modified_gmt":"2026-02-03T18:57:17","slug":"crema-per-smagliature-in-gravidanza","status":"publish","type":"product","link":"https:\/\/www.lraloeverashop.eu\/it\/prodotto\/crema-per-smagliature-in-gravidanza\/","title":{"rendered":"Crema per Smagliature in Gravidanza"},"content":{"rendered":"<h2><span style=\"font-size: 16pt;\"><strong>Crema per Smagliature in Gravidanza<\/strong><\/span><\/h2>\n<p><span style=\"font-size: 14pt;\"><strong>Crema per Smagliature in Gravidanza Lr Aloe Vera riduce la visibilit\u00e0 delle smagliature da gravidanza. <\/strong><\/span><\/p>\n<p>La Crema per Smagliature sostiene la pelle durante i cambiamenti. La pelle pu\u00f2 allungarsi durante la gravidanza, i cambi di peso, la crescita muscolare o dopo un intervento chirurgico. Questi cambiamenti spesso causano smagliature e perdita di tonicit\u00e0. Questa lozione \u00e8 formulata per ridurre l\u2019aspetto e la sensazione delle smagliature, mantenendo la pelle morbida e ben idratata.<\/p>\n<p>Centella asiatica (nota anche come CICA o erba tigre) \u00e8 uno degli ingredienti principali. Utilizzata nei trattamenti tradizionali cinesi per la pelle, aiuta la rigenerazione cutanea. La formula contiene un\u2019elevata concentrazione di 15% di aloe vera, oltre a gel di aloe vera fermentato, che lavora in sinergia con Regestril\u2122 per migliorare le aree di pelle soggette a stiramento.<\/p>\n<p>Risultati visibili sono stati osservati gi\u00e0 dopo 8 settimane. In studi recenti, gli utenti hanno riportato una riduzione del 18% del volume e della pigmentazione delle smagliature, con una diminuzione del 13% dell\u2019aspetto complessivo.<\/p>\n<p>La Migliore Crema per Smagliature in Gravidanza dovrebbe fare pi\u00f9 che coprire. Questa formula va oltre. Idrata in profondit\u00e0 per mantenere la pelle elastica. Supporta la forza e l\u2019elasticit\u00e0 della pelle. \u00c8 senza profumo, quindi abbastanza delicata per l\u2019uso quotidiano su tutti i tipi di pelle, incluse quelle sensibili. Pu\u00f2 essere utilizzata sia su smagliature nuove che vecchie, rosse o bianche.<\/p>\n<p>La Crema per Smagliature in Gravidanza ha una consistenza liscia, facile da applicare e a rapido assorbimento. Massaggiare due volte al giorno per ottenere i migliori risultati. Lascia la pelle nutrita e aiuta a prevenire la comparsa di nuove smagliature.<\/p>\n<p><a href=\"https:\/\/www.lraloeverashop.eu\/wp-content\/uploads\/2025\/05\/Lotion-for-pregnancy-stretch-marks.jpg\"><img loading=\"lazy\" decoding=\"async\" class=\"alignleft size-full wp-image-28046\" src=\"https:\/\/www.lraloeverashop.eu\/wp-content\/uploads\/2025\/05\/Lotion-for-pregnancy-stretch-marks.jpg\" alt=\"Crema per le smagliature della gravidanza con gel di aloe vera fermentato\" width=\"1280\" height=\"720\" srcset=\"https:\/\/www.lraloeverashop.eu\/wp-content\/uploads\/2025\/05\/Lotion-for-pregnancy-stretch-marks.jpg 1280w, https:\/\/www.lraloeverashop.eu\/wp-content\/uploads\/2025\/05\/Lotion-for-pregnancy-stretch-marks-300x169.jpg 300w, https:\/\/www.lraloeverashop.eu\/wp-content\/uploads\/2025\/05\/Lotion-for-pregnancy-stretch-marks-1024x576.jpg 1024w, https:\/\/www.lraloeverashop.eu\/wp-content\/uploads\/2025\/05\/Lotion-for-pregnancy-stretch-marks-768x432.jpg 768w, https:\/\/www.lraloeverashop.eu\/wp-content\/uploads\/2025\/05\/Lotion-for-pregnancy-stretch-marks-600x338.jpg 600w\" sizes=\"auto, (max-width: 1280px) 100vw, 1280px\" \/><\/a><\/p>\n<h3><strong><span style=\"font-size: 16pt;\">Caratteristiche del prodotto<\/span><\/strong><\/h3>\n<ul>\n<li>Aloe vera al 15%, pi\u00f9 gel di aloe vera fermentato per un maggiore supporto alla pelle<\/li>\n<li>Crema per Smagliature in Gravidanza contiene Regestril\u2122 e Centella asiatica (CICA) per favorire la rigenerazione cutanea<\/li>\n<li>Clinicamente testato per ridurre volume, colore e aspetto delle smagliature<\/li>\n<li>Idrata in profondit\u00e0 per una pelle morbida ed elastica<\/li>\n<li>Senza profumo e sicuro per le <a href=\"https:\/\/www.lraloeverashop.eu\/it\/prodotto\/aloe-vera-gel-di-emergenza\/\">pelli sensibili<\/a><\/li>\n<li>Lozione per smagliature adatta durante la gravidanza, dopo interventi chirurgici, per diete o per l&#8217;aumento della massa muscolare<\/li>\n<li>Ideale da portare in viaggio o da tenere in borsa<\/li>\n<li>Pu\u00f2 essere utilizzata sia per la prevenzione che per il trattamento delle smagliature<\/li>\n<li>Formula leggera e a rapido assorbimento per uso quotidiano<\/li>\n<li>Dermatologicamente testato, con effetti visibili confermati da studi<\/li>\n<\/ul>\n<h4><strong><span style=\"font-size: 16pt;\">Modalit\u00e0 d\u2019uso<\/span><\/strong><\/h4>\n<p>Applicare due volte al giorno sulle zone interessate. Massaggiare delicatamente fino a completo assorbimento. Per un effetto potenziato, utilizzare uno <a href=\"https:\/\/www.lraloeverashop.eu\/it\/prodotto\/zeitgard-pro-kit-massaggio-corpo\/\">strumento da massaggio<\/a> per la pelle.<\/p>\n<p>Per una pelle pi\u00f9 liscia, completare il trattamento con una <a href=\"https:\/\/www.lraloeverashop.eu\/it\/prodotto\/aloe-vera-crema-pelle-delicata\/\">Crema Idratante Aloe Vera<\/a>.<\/p>\n<p>La Crema per Smagliature in Gravidanza \u00e8 una lozione efficace contro le smagliature da gravidanza e adatta anche a chi desidera ridurre le smagliature causate da altri cambiamenti corporei. I suoi ingredienti comprovati e la formula delicata la rendono una scelta affidabile.<\/p>\n<p>Scegli questa lozione per le smagliature e nota la differenza in termini di morbidezza, elasticit\u00e0 e aspetto generale della tua pelle.<\/p>\n<p>* Confermato da test di applicazione della durata di 8 settimane su 20 soggetti, seguiti da valutazione dermatologica, analisi cutanea 3D e corneometria, ottobre 2024<\/p>\n","protected":false},"excerpt":{"rendered":"<ul>\n<li>Aloe vera al 15%, incluso gel di aloe vera fermentato per un&#8217;azione migliore<\/li>\n<li>Con Regestril\u2122 e Centella asiatica (CICA) per favorire la rigenerazione cutanea<\/li>\n<li>Dermatologicamente testato, con miglioramenti visibili confermati<\/li>\n<li>Adatto all&#8217;uso durante e dopo la gravidanza<\/li>\n<li>Senza profumo e delicato per le pelli sensibili<\/li>\n<li>Quantit\u00e0: 150 ml<\/li>\n<\/ul>\n<p><span style=\"color: #ff0000;\"><a style=\"color: #ff0000;\" href=\"https:\/\/shop.lrworld.com\/openpao?PHP=0vFlt7jT938BEnBI3a6e9w%3D%3D\"><span style=\"font-size: 14pt;\"><strong>Registrati ora e risparmia il 35% su ogni ordine<\/strong><\/span><\/a><\/span><\/p>\n","protected":false},"featured_media":27917,"comment_status":"open","ping_status":"closed","template":"","meta":{"_kad_blocks_custom_css":"","_kad_blocks_head_custom_js":"","_kad_blocks_body_custom_js":"","_kad_blocks_footer_custom_js":"","_kadence_starter_templates_imported_post":false,"_kad_post_transparent":"default","_kad_post_title":"","_kad_post_layout":"default","_kad_post_sidebar_id":"","_kad_post_content_style":"default","_kad_post_vertical_padding":"default","_kad_post_feature":"","_kad_post_feature_position":"","_kad_post_header":false,"_kad_post_footer":false,"_kad_post_classname":""},"product_brand":[],"product_cat":[214,229],"product_tag":[1206,546,1197],"class_list":{"0":"post-28064","1":"product","2":"type-product","3":"status-publish","4":"has-post-thumbnail","6":"product_cat-aloe-vera-it","7":"product_cat-cura-del-corpo","8":"product_tag-gel-di-aloe-fermentato","9":"product_tag-massaggio","10":"product_tag-smagliature","12":"first","13":"instock","14":"taxable","15":"shipping-taxable","16":"purchasable","17":"product-type-simple","18":"entry","19":"content-bg","20":"loop-entry"},"yoast_head":"<!-- This site is optimized with the Yoast SEO Premium plugin v27.6 (Yoast SEO v27.6) - https:\/\/yoast.com\/product\/yoast-seo-premium-wordpress\/ -->\n<title>Crema per Smagliature con Regestril\u2122 e Centella Asiatica<\/title>\n<meta name=\"description\" content=\"Crema per Smagliature aiuta a ridurre la visibilit\u00e0 delle smagliature post-chirurgiche o da gravidanza. Con miglioramenti visibili confermati\" \/>\n<meta name=\"robots\" content=\"index, follow, max-snippet:-1, max-image-preview:large, max-video-preview:-1\" \/>\n<link rel=\"canonical\" href=\"https:\/\/www.lraloeverashop.eu\/it\/prodotto\/crema-per-smagliature-in-gravidanza\/\" \/>\n<meta property=\"og:locale\" content=\"it_IT\" \/>\n<meta property=\"og:type\" content=\"article\" \/>\n<meta property=\"og:title\" content=\"Crema per Smagliature in Gravidanza\" \/>\n<meta property=\"og:description\" content=\"Crema per Smagliature aiuta a ridurre la visibilit\u00e0 delle smagliature post-chirurgiche o da gravidanza. Con miglioramenti visibili confermati\" \/>\n<meta property=\"og:url\" content=\"https:\/\/www.lraloeverashop.eu\/it\/prodotto\/crema-per-smagliature-in-gravidanza\/\" \/>\n<meta property=\"og:site_name\" content=\"Lr Negozio di Aloe Vera\" \/>\n<meta property=\"article:publisher\" content=\"https:\/\/www.facebook.com\/lraloeverashop.eu\" \/>\n<meta property=\"article:modified_time\" content=\"2026-02-03T18:57:17+00:00\" \/>\n<meta property=\"og:image\" content=\"https:\/\/www.lraloeverashop.eu\/wp-content\/uploads\/2025\/05\/Lotion-for-Stretch-Marks.jpeg\" \/>\n\t<meta property=\"og:image:width\" content=\"1200\" \/>\n\t<meta property=\"og:image:height\" content=\"1200\" \/>\n\t<meta property=\"og:image:type\" content=\"image\/jpeg\" \/>\n<meta name=\"twitter:card\" content=\"summary_large_image\" \/>\n<meta name=\"twitter:site\" content=\"@natur__kosmetik\" \/>\n<script type=\"application\/ld+json\" class=\"yoast-schema-graph\">{\"@context\":\"https:\\\/\\\/schema.org\",\"@graph\":[{\"@type\":[\"WebPage\",\"ItemPage\"],\"@id\":\"https:\\\/\\\/www.lraloeverashop.eu\\\/it\\\/prodotto\\\/crema-per-smagliature-in-gravidanza\\\/\",\"url\":\"https:\\\/\\\/www.lraloeverashop.eu\\\/it\\\/prodotto\\\/crema-per-smagliature-in-gravidanza\\\/\",\"name\":\"Crema per Smagliature con Regestril\u2122 e Centella Asiatica\",\"isPartOf\":{\"@id\":\"https:\\\/\\\/www.lraloeverashop.eu\\\/it\\\/#website\"},\"primaryImageOfPage\":{\"@id\":\"https:\\\/\\\/www.lraloeverashop.eu\\\/it\\\/prodotto\\\/crema-per-smagliature-in-gravidanza\\\/#primaryimage\"},\"image\":{\"@id\":\"https:\\\/\\\/www.lraloeverashop.eu\\\/it\\\/prodotto\\\/crema-per-smagliature-in-gravidanza\\\/#primaryimage\"},\"thumbnailUrl\":\"https:\\\/\\\/www.lraloeverashop.eu\\\/wp-content\\\/uploads\\\/2025\\\/05\\\/Lotion-for-Stretch-Marks.jpeg\",\"datePublished\":\"2025-05-04T12:08:17+00:00\",\"dateModified\":\"2026-02-03T18:57:17+00:00\",\"description\":\"Crema per Smagliature aiuta a ridurre la visibilit\u00e0 delle smagliature post-chirurgiche o da gravidanza. Con miglioramenti visibili confermati\",\"breadcrumb\":{\"@id\":\"https:\\\/\\\/www.lraloeverashop.eu\\\/it\\\/prodotto\\\/crema-per-smagliature-in-gravidanza\\\/#breadcrumb\"},\"inLanguage\":\"it-IT\",\"potentialAction\":[{\"@type\":\"ReadAction\",\"target\":[\"https:\\\/\\\/www.lraloeverashop.eu\\\/it\\\/prodotto\\\/crema-per-smagliature-in-gravidanza\\\/\"]}]},{\"@type\":\"ImageObject\",\"inLanguage\":\"it-IT\",\"@id\":\"https:\\\/\\\/www.lraloeverashop.eu\\\/it\\\/prodotto\\\/crema-per-smagliature-in-gravidanza\\\/#primaryimage\",\"url\":\"https:\\\/\\\/www.lraloeverashop.eu\\\/wp-content\\\/uploads\\\/2025\\\/05\\\/Lotion-for-Stretch-Marks.jpeg\",\"contentUrl\":\"https:\\\/\\\/www.lraloeverashop.eu\\\/wp-content\\\/uploads\\\/2025\\\/05\\\/Lotion-for-Stretch-Marks.jpeg\",\"width\":1200,\"height\":1200,\"caption\":\"crema per smagliature Lr Aloe Vera rigenera la struttura della pelle\"},{\"@type\":\"BreadcrumbList\",\"@id\":\"https:\\\/\\\/www.lraloeverashop.eu\\\/it\\\/prodotto\\\/crema-per-smagliature-in-gravidanza\\\/#breadcrumb\",\"itemListElement\":[{\"@type\":\"ListItem\",\"position\":1,\"name\":\"Home\",\"item\":\"https:\\\/\\\/www.lraloeverashop.eu\\\/it\\\/\"},{\"@type\":\"ListItem\",\"position\":2,\"name\":\"Negozio\",\"item\":\"https:\\\/\\\/www.lraloeverashop.eu\\\/it\\\/negozio\\\/\"},{\"@type\":\"ListItem\",\"position\":3,\"name\":\"Crema per Smagliature in Gravidanza\"}]},{\"@type\":\"WebSite\",\"@id\":\"https:\\\/\\\/www.lraloeverashop.eu\\\/it\\\/#website\",\"url\":\"https:\\\/\\\/www.lraloeverashop.eu\\\/it\\\/\",\"name\":\"Lr Negozio di Aloe Vera\",\"description\":\"High Quality Lr Aloe Vera Gel, Aloe Vera Cream and Shampoo\",\"publisher\":{\"@id\":\"https:\\\/\\\/www.lraloeverashop.eu\\\/it\\\/#organization\"},\"alternateName\":\"LR\",\"potentialAction\":[{\"@type\":\"SearchAction\",\"target\":{\"@type\":\"EntryPoint\",\"urlTemplate\":\"https:\\\/\\\/www.lraloeverashop.eu\\\/it\\\/?s={search_term_string}\"},\"query-input\":{\"@type\":\"PropertyValueSpecification\",\"valueRequired\":true,\"valueName\":\"search_term_string\"}}],\"inLanguage\":\"it-IT\"},{\"@type\":\"Organization\",\"@id\":\"https:\\\/\\\/www.lraloeverashop.eu\\\/it\\\/#organization\",\"name\":\"Negozio di Lr Aloe Vera\",\"alternateName\":\"LR\",\"url\":\"https:\\\/\\\/www.lraloeverashop.eu\\\/it\\\/\",\"logo\":{\"@type\":\"ImageObject\",\"inLanguage\":\"it-IT\",\"@id\":\"https:\\\/\\\/www.lraloeverashop.eu\\\/it\\\/#\\\/schema\\\/logo\\\/image\\\/\",\"url\":\"https:\\\/\\\/www.lraloeverashop.eu\\\/wp-content\\\/uploads\\\/2022\\\/09\\\/cropped-Lr-Aloe-Vera-Shop.jpg\",\"contentUrl\":\"https:\\\/\\\/www.lraloeverashop.eu\\\/wp-content\\\/uploads\\\/2022\\\/09\\\/cropped-Lr-Aloe-Vera-Shop.jpg\",\"width\":228,\"height\":76,\"caption\":\"Negozio di Lr Aloe Vera\"},\"image\":{\"@id\":\"https:\\\/\\\/www.lraloeverashop.eu\\\/it\\\/#\\\/schema\\\/logo\\\/image\\\/\"},\"sameAs\":[\"https:\\\/\\\/www.facebook.com\\\/lraloeverashop.eu\",\"https:\\\/\\\/x.com\\\/natur__kosmetik\",\"https:\\\/\\\/www.youtube.com\\\/channel\\\/UC5oN7BJ8nfYb8RpVtjwDEBA\",\"https:\\\/\\\/www.instagram.com\\\/lrbeautyeu\\\/\"],\"description\":\"Negozio di Lr Aloe Vera \u00e8 il tuo punto di riferimento per i prodotti LR Health & Beauty di alta qualit\u00e0, realizzati in Germania. Offriamo soluzioni per la cura della pelle, l'alimentazione e l'anti-et\u00e0 a base di Aloe Vera, formulate con ingredienti puri e supportate da ricerche scientifiche. Scopri una cura naturale che rigenera, protegge e rivitalizza la tua pelle e approfitta delle esclusive offerte mensili sui nostri prodotti LR Aloe Vera pi\u00f9 venduti.\\nInizia oggi il tuo percorso di cura della pelle naturale e senti la differenza.\",\"email\":\"info@lraloeverashop.eu\",\"telephone\":\"+49 17670609653\",\"legalName\":\"Lr Aloe Vera Shop\",\"foundingDate\":\"2018-04-21\",\"numberOfEmployees\":{\"@type\":\"QuantitativeValue\",\"minValue\":\"1\",\"maxValue\":\"10\"}}]}<\/script>\n<meta property=\"product:price:amount\" content=\"42.99\" \/>\n<meta property=\"product:price:currency\" content=\"EUR\" \/>\n<meta property=\"og:availability\" content=\"instock\" \/>\n<meta property=\"product:availability\" content=\"instock\" \/>\n<meta property=\"product:retailer_item_id\" content=\"20920-1IT\" \/>\n<meta property=\"product:condition\" content=\"new\" \/>\n<!-- \/ Yoast SEO Premium plugin. -->","yoast_head_json":{"title":"Crema per Smagliature con Regestril\u2122 e Centella Asiatica","description":"Crema per Smagliature aiuta a ridurre la visibilit\u00e0 delle smagliature post-chirurgiche o da gravidanza. Con miglioramenti visibili confermati","robots":{"index":"index","follow":"follow","max-snippet":"max-snippet:-1","max-image-preview":"max-image-preview:large","max-video-preview":"max-video-preview:-1"},"canonical":"https:\/\/www.lraloeverashop.eu\/it\/prodotto\/crema-per-smagliature-in-gravidanza\/","og_locale":"it_IT","og_type":"article","og_title":"Crema per Smagliature in Gravidanza","og_description":"Crema per Smagliature aiuta a ridurre la visibilit\u00e0 delle smagliature post-chirurgiche o da gravidanza. Con miglioramenti visibili confermati","og_url":"https:\/\/www.lraloeverashop.eu\/it\/prodotto\/crema-per-smagliature-in-gravidanza\/","og_site_name":"Lr Negozio di Aloe Vera","article_publisher":"https:\/\/www.facebook.com\/lraloeverashop.eu","article_modified_time":"2026-02-03T18:57:17+00:00","og_image":[{"width":1200,"height":1200,"url":"https:\/\/www.lraloeverashop.eu\/wp-content\/uploads\/2025\/05\/Lotion-for-Stretch-Marks.jpeg","type":"image\/jpeg"}],"twitter_card":"summary_large_image","twitter_site":"@natur__kosmetik","schema":{"@context":"https:\/\/schema.org","@graph":[{"@type":["WebPage","ItemPage"],"@id":"https:\/\/www.lraloeverashop.eu\/it\/prodotto\/crema-per-smagliature-in-gravidanza\/","url":"https:\/\/www.lraloeverashop.eu\/it\/prodotto\/crema-per-smagliature-in-gravidanza\/","name":"Crema per Smagliature con Regestril\u2122 e Centella Asiatica","isPartOf":{"@id":"https:\/\/www.lraloeverashop.eu\/it\/#website"},"primaryImageOfPage":{"@id":"https:\/\/www.lraloeverashop.eu\/it\/prodotto\/crema-per-smagliature-in-gravidanza\/#primaryimage"},"image":{"@id":"https:\/\/www.lraloeverashop.eu\/it\/prodotto\/crema-per-smagliature-in-gravidanza\/#primaryimage"},"thumbnailUrl":"https:\/\/www.lraloeverashop.eu\/wp-content\/uploads\/2025\/05\/Lotion-for-Stretch-Marks.jpeg","datePublished":"2025-05-04T12:08:17+00:00","dateModified":"2026-02-03T18:57:17+00:00","description":"Crema per Smagliature aiuta a ridurre la visibilit\u00e0 delle smagliature post-chirurgiche o da gravidanza. Con miglioramenti visibili confermati","breadcrumb":{"@id":"https:\/\/www.lraloeverashop.eu\/it\/prodotto\/crema-per-smagliature-in-gravidanza\/#breadcrumb"},"inLanguage":"it-IT","potentialAction":[{"@type":"ReadAction","target":["https:\/\/www.lraloeverashop.eu\/it\/prodotto\/crema-per-smagliature-in-gravidanza\/"]}]},{"@type":"ImageObject","inLanguage":"it-IT","@id":"https:\/\/www.lraloeverashop.eu\/it\/prodotto\/crema-per-smagliature-in-gravidanza\/#primaryimage","url":"https:\/\/www.lraloeverashop.eu\/wp-content\/uploads\/2025\/05\/Lotion-for-Stretch-Marks.jpeg","contentUrl":"https:\/\/www.lraloeverashop.eu\/wp-content\/uploads\/2025\/05\/Lotion-for-Stretch-Marks.jpeg","width":1200,"height":1200,"caption":"crema per smagliature Lr Aloe Vera rigenera la struttura della pelle"},{"@type":"BreadcrumbList","@id":"https:\/\/www.lraloeverashop.eu\/it\/prodotto\/crema-per-smagliature-in-gravidanza\/#breadcrumb","itemListElement":[{"@type":"ListItem","position":1,"name":"Home","item":"https:\/\/www.lraloeverashop.eu\/it\/"},{"@type":"ListItem","position":2,"name":"Negozio","item":"https:\/\/www.lraloeverashop.eu\/it\/negozio\/"},{"@type":"ListItem","position":3,"name":"Crema per Smagliature in Gravidanza"}]},{"@type":"WebSite","@id":"https:\/\/www.lraloeverashop.eu\/it\/#website","url":"https:\/\/www.lraloeverashop.eu\/it\/","name":"Lr Negozio di Aloe Vera","description":"High Quality Lr Aloe Vera Gel, Aloe Vera Cream and Shampoo","publisher":{"@id":"https:\/\/www.lraloeverashop.eu\/it\/#organization"},"alternateName":"LR","potentialAction":[{"@type":"SearchAction","target":{"@type":"EntryPoint","urlTemplate":"https:\/\/www.lraloeverashop.eu\/it\/?s={search_term_string}"},"query-input":{"@type":"PropertyValueSpecification","valueRequired":true,"valueName":"search_term_string"}}],"inLanguage":"it-IT"},{"@type":"Organization","@id":"https:\/\/www.lraloeverashop.eu\/it\/#organization","name":"Negozio di Lr Aloe Vera","alternateName":"LR","url":"https:\/\/www.lraloeverashop.eu\/it\/","logo":{"@type":"ImageObject","inLanguage":"it-IT","@id":"https:\/\/www.lraloeverashop.eu\/it\/#\/schema\/logo\/image\/","url":"https:\/\/www.lraloeverashop.eu\/wp-content\/uploads\/2022\/09\/cropped-Lr-Aloe-Vera-Shop.jpg","contentUrl":"https:\/\/www.lraloeverashop.eu\/wp-content\/uploads\/2022\/09\/cropped-Lr-Aloe-Vera-Shop.jpg","width":228,"height":76,"caption":"Negozio di Lr Aloe Vera"},"image":{"@id":"https:\/\/www.lraloeverashop.eu\/it\/#\/schema\/logo\/image\/"},"sameAs":["https:\/\/www.facebook.com\/lraloeverashop.eu","https:\/\/x.com\/natur__kosmetik","https:\/\/www.youtube.com\/channel\/UC5oN7BJ8nfYb8RpVtjwDEBA","https:\/\/www.instagram.com\/lrbeautyeu\/"],"description":"Negozio di Lr Aloe Vera \u00e8 il tuo punto di riferimento per i prodotti LR Health & Beauty di alta qualit\u00e0, realizzati in Germania. Offriamo soluzioni per la cura della pelle, l'alimentazione e l'anti-et\u00e0 a base di Aloe Vera, formulate con ingredienti puri e supportate da ricerche scientifiche. Scopri una cura naturale che rigenera, protegge e rivitalizza la tua pelle e approfitta delle esclusive offerte mensili sui nostri prodotti LR Aloe Vera pi\u00f9 venduti.\nInizia oggi il tuo percorso di cura della pelle naturale e senti la differenza.","email":"info@lraloeverashop.eu","telephone":"+49 17670609653","legalName":"Lr Aloe Vera Shop","foundingDate":"2018-04-21","numberOfEmployees":{"@type":"QuantitativeValue","minValue":"1","maxValue":"10"}}]},"product_price_amount":"42.99","product_price_currency":"EUR","og_availability":"instock","product_availability":"instock","product_retailer_item_id":"20920-1IT","product_condition":"new"},"taxonomy_info":{"product_cat":[{"value":214,"label":"Aloe Vera"},{"value":229,"label":"Cura del Corpo"}],"product_tag":[{"value":1206,"label":"Gel di aloe fermentato"},{"value":546,"label":"Massaggio"},{"value":1197,"label":"smagliature"}]},"featured_image_src_large":["https:\/\/www.lraloeverashop.eu\/wp-content\/uploads\/2025\/05\/Lotion-for-Stretch-Marks-1024x1024.jpeg",1024,1024,true],"author_info":[],"comment_info":0,"_links":{"self":[{"href":"https:\/\/www.lraloeverashop.eu\/it\/wp-json\/wp\/v2\/product\/28064","targetHints":{"allow":["GET"]}}],"collection":[{"href":"https:\/\/www.lraloeverashop.eu\/it\/wp-json\/wp\/v2\/product"}],"about":[{"href":"https:\/\/www.lraloeverashop.eu\/it\/wp-json\/wp\/v2\/types\/product"}],"replies":[{"embeddable":true,"href":"https:\/\/www.lraloeverashop.eu\/it\/wp-json\/wp\/v2\/comments?post=28064"}],"wp:featuredmedia":[{"embeddable":true,"href":"https:\/\/www.lraloeverashop.eu\/it\/wp-json\/wp\/v2\/media\/27917"}],"wp:attachment":[{"href":"https:\/\/www.lraloeverashop.eu\/it\/wp-json\/wp\/v2\/media?parent=28064"}],"wp:term":[{"taxonomy":"product_brand","embeddable":true,"href":"https:\/\/www.lraloeverashop.eu\/it\/wp-json\/wp\/v2\/product_brand?post=28064"},{"taxonomy":"product_cat","embeddable":true,"href":"https:\/\/www.lraloeverashop.eu\/it\/wp-json\/wp\/v2\/product_cat?post=28064"},{"taxonomy":"product_tag","embeddable":true,"href":"https:\/\/www.lraloeverashop.eu\/it\/wp-json\/wp\/v2\/product_tag?post=28064"}],"curies":[{"name":"wp","href":"https:\/\/api.w.org\/{rel}","templated":true}]}}