{"id":22847,"date":"2025-01-29T03:41:16","date_gmt":"2025-01-29T02:41:16","guid":{"rendered":"https:\/\/www.lraloeverashop.eu\/?post_type=product&#038;p=22847"},"modified":"2026-02-03T19:58:05","modified_gmt":"2026-02-03T18:58:05","slug":"lr-cbd-roll-on-per-massaggio","status":"publish","type":"product","link":"https:\/\/www.lraloeverashop.eu\/it\/prodotto\/lr-cbd-roll-on-per-massaggio\/","title":{"rendered":"Lr CBD Roll-On per Massaggio"},"content":{"rendered":"<h2><span style=\"font-size: 16pt;\"><strong>Lr CBD Roll-On per Massaggio<\/strong><\/span><\/h2>\n<p><span style=\"font-size: 14pt;\"><strong>Lr CBD Roll-On per Massaggio &#8211; Soluzione di massaggio facile per dolori e muscoli stanchi<\/strong><\/span><\/p>\n<p>Il rilassante Lr CBD Roll-On per Massaggio con il 20% di Aloe Vera, olio di semi di cannabis sativa biologico, CBD, estratto di curcuma biologico e incenso ha un effetto benefico sulle parti del corpo particolarmente stressate.<\/p>\n<p>Ingredienti preziosi come aloe vera, olio di semi di canapa con CBD, curcuma e incenso si prendono cura intensamente della pelle, la idratano, ne favoriscono la rigenerazione e garantiscono una scorrevolezza ottimale. Questo li rende compagni ideali sia durante che dopo un rilassante massaggio manuale, che pu\u00f2 <strong><a href=\"https:\/\/www.lraloeverashop.eu\/it\/prodotto\/aloe-vera-thermolotion\/\">alleviare le parti<\/a><\/strong> del corpo stressate come muscoli, articolazioni e la <strong><a href=\"https:\/\/www.lraloeverashop.eu\/it\/prodotto\/gel-doccia-aloe-vera-cbd\/\">pelle<\/a><\/strong>.<\/p>\n<p><strong>La particolarit\u00e0 del Lr CBD Roll-On per Massaggio:<\/strong> il <strong><a href=\"https:\/\/www.lraloeverashop.eu\/it\/prodotto\/cbd-roll-on-per-massaggio\/\">complesso caldo-freddo<\/a><\/strong> attivante contenuto nella ricetta assicura un rilassamento ottimale stimolando la microcircolazione e sciogliendo i tessuti, una vera delizia, soprattutto dopo l&#8217;attivit\u00e0 sportiva o altri sforzi fisici.<\/p>\n<p>Massaggia le parti del corpo stressate con una leggera pressione e senti l&#8217;effetto piacevolmente rilassante!<\/p>\n<p>&nbsp;<\/p>\n<h3><strong><span style=\"font-size: 16pt;\">Come Usare<\/span><\/strong><\/h3>\n<p><strong>Passaggio 1:<\/strong> ruotare il tappo in senso antiorario.<\/p>\n<p><strong>Passaggio 2:<\/strong> applicare la lozione sulle parti del corpo stressate con movimenti circolari utilizzando il roll-on da massaggio.<\/p>\n<p><strong>Passaggio 3:<\/strong> quindi richiudere il tappo e concedersi un massaggio rilassante e godersi un momento di relax!<\/p>\n<p><strong>Passaggio 4:<\/strong> consiglio per chi \u00e8 sempre in giro: massaggiare la lozione con il tappo del roll-on richiuso, in modo da non dover lavare le mani dopo.<\/p>\n<p><span style=\"color: #ff0000;\"><strong>Avvertenze:<\/strong><\/span> lavare le mani dopo il contatto con il liquido. Evitare il contatto con occhi e mucose. In caso di contatto accidentale, sciacquare immediatamente con acqua. Tenere il prodotto fuori dalla portata dei bambini.<\/p>\n<p>&nbsp;<\/p>\n<h3><strong><span style=\"font-size: 16pt;\">Lo sapevi?<\/span><\/strong><\/h3>\n<p>Lr CBD Roll-On per Massaggio fa parte della serie CBD premium care con preziosi principi attivi di Aloe Vera Barbadensis e Cannabis Sativa. La combinazione di Aloe Vera e olio di semi di Cannabis Sativa biologico, miscelato con CBD, ha un effetto lenitivo e di cura intensiva sulla pelle particolarmente stressata e stressata, poich\u00e9 supporta il processo di <strong><a href=\"https:\/\/www.lraloeverashop.eu\/it\/aloe-vera-crema-con-propoli\/\">rigenerazione della pelle<\/a><\/strong> e la nutre.<\/p>\n<p>Il cannabidiolo, in breve CBD, \u00e8 un ingrediente naturale della pianta di canapa ed \u00e8 estratto dalle sue foglie e dai suoi piccioli. L&#8217;olio di semi di cannabis sativa biologico miscelato con CBD pu\u00f2 prendersi cura della pelle stressata in modo particolarmente efficace grazie alle sue propriet\u00e0 lenitive.<\/p>\n","protected":false},"excerpt":{"rendered":"<ul>\n<li><strong><span style=\"color: #ff0000;\">Offerta limitata<\/span><\/strong><\/li>\n<li>Roll-on rilassante con il 20% di aloe vera, olio di semi di cannabis sativa biologico, CBD, estratto di curcuma biologico e incenso<\/li>\n<li>Lenitivo per le parti del corpo stressate<\/li>\n<li>Con complesso caldo-freddo, attiva e rilassa allo stesso tempo<\/li>\n<li>Quantit\u00e0: 2 x 50 ml<\/li>\n<\/ul>\n<p><span style=\"color: #ff0000;\"><a style=\"color: #ff0000;\" href=\"https:\/\/shop.lrworld.com\/openpao?PHP=0vFlt7jT938BEnBI3a6e9w%3D%3D\"><span style=\"font-size: 14pt;\"><strong>Registrati ora e risparmia il 35% su ogni ordine<\/strong><\/span><\/a><\/span><\/p>\n","protected":false},"featured_media":21828,"comment_status":"open","ping_status":"closed","template":"","meta":{"_kad_blocks_custom_css":"","_kad_blocks_head_custom_js":"","_kad_blocks_body_custom_js":"","_kad_blocks_footer_custom_js":"","_kadence_starter_templates_imported_post":false,"_kad_post_transparent":"default","_kad_post_title":"","_kad_post_layout":"default","_kad_post_sidebar_id":"","_kad_post_content_style":"default","_kad_post_vertical_padding":"default","_kad_post_feature":"","_kad_post_feature_position":"","_kad_post_header":false,"_kad_post_footer":false,"_kad_post_classname":""},"product_brand":[],"product_cat":[214,234,229,353],"product_tag":[546,599,548],"class_list":{"0":"post-22847","1":"product","2":"type-product","3":"status-publish","4":"has-post-thumbnail","6":"product_cat-aloe-vera-it","7":"product_cat-cbd-it","8":"product_cat-cura-del-corpo","9":"product_cat-offerte","10":"product_tag-massaggio","11":"product_tag-prodotti-cbd","12":"product_tag-tensione-muscolare","14":"first","15":"outofstock","16":"sale","17":"taxable","18":"shipping-taxable","19":"purchasable","20":"product-type-simple","21":"entry","22":"content-bg","23":"loop-entry"},"yoast_head":"<!-- This site is optimized with the Yoast SEO Premium plugin v27.4 (Yoast SEO v27.4) - https:\/\/yoast.com\/product\/yoast-seo-premium-wordpress\/ -->\n<title>Lr CBD Roll-On per Massaggio calma articolazioni stressate e muscoli tesi<\/title>\n<meta name=\"description\" content=\"Lenisci muscoli e articolazioni stressati con il nostro Lr CBD Roll-On per Massaggio. Ricco di aloe vera, CBD, curcuma e incenso per un relax totale.\" \/>\n<meta name=\"robots\" content=\"index, follow, max-snippet:-1, max-image-preview:large, max-video-preview:-1\" \/>\n<link rel=\"canonical\" href=\"https:\/\/www.lraloeverashop.eu\/it\/prodotto\/lr-cbd-roll-on-per-massaggio\/\" \/>\n<meta property=\"og:locale\" content=\"it_IT\" \/>\n<meta property=\"og:type\" content=\"article\" \/>\n<meta property=\"og:title\" content=\"Lr CBD Roll-On per Massaggio\" \/>\n<meta property=\"og:description\" content=\"Lenisci muscoli e articolazioni stressati con il nostro Lr CBD Roll-On per Massaggio. Ricco di aloe vera, CBD, curcuma e incenso per un relax totale.\" \/>\n<meta property=\"og:url\" content=\"https:\/\/www.lraloeverashop.eu\/it\/prodotto\/lr-cbd-roll-on-per-massaggio\/\" \/>\n<meta property=\"og:site_name\" content=\"Lr Negozio di Aloe Vera\" \/>\n<meta property=\"article:publisher\" content=\"https:\/\/www.facebook.com\/lraloeverashop.eu\" \/>\n<meta property=\"article:modified_time\" content=\"2026-02-03T18:58:05+00:00\" \/>\n<meta property=\"og:image\" content=\"https:\/\/www.lraloeverashop.eu\/wp-content\/uploads\/2025\/01\/CBD-Aloe-Vera-Massage-roll-on.jpg\" \/>\n\t<meta property=\"og:image:width\" content=\"1200\" \/>\n\t<meta property=\"og:image:height\" content=\"1200\" \/>\n\t<meta property=\"og:image:type\" content=\"image\/jpeg\" \/>\n<meta name=\"twitter:card\" content=\"summary_large_image\" \/>\n<meta name=\"twitter:site\" content=\"@natur__kosmetik\" \/>\n<script type=\"application\/ld+json\" class=\"yoast-schema-graph\">{\"@context\":\"https:\\\/\\\/schema.org\",\"@graph\":[{\"@type\":[\"WebPage\",\"ItemPage\"],\"@id\":\"https:\\\/\\\/www.lraloeverashop.eu\\\/it\\\/prodotto\\\/lr-cbd-roll-on-per-massaggio\\\/\",\"url\":\"https:\\\/\\\/www.lraloeverashop.eu\\\/it\\\/prodotto\\\/lr-cbd-roll-on-per-massaggio\\\/\",\"name\":\"Lr CBD Roll-On per Massaggio calma articolazioni stressate e muscoli tesi\",\"isPartOf\":{\"@id\":\"https:\\\/\\\/www.lraloeverashop.eu\\\/it\\\/#website\"},\"primaryImageOfPage\":{\"@id\":\"https:\\\/\\\/www.lraloeverashop.eu\\\/it\\\/prodotto\\\/lr-cbd-roll-on-per-massaggio\\\/#primaryimage\"},\"image\":{\"@id\":\"https:\\\/\\\/www.lraloeverashop.eu\\\/it\\\/prodotto\\\/lr-cbd-roll-on-per-massaggio\\\/#primaryimage\"},\"thumbnailUrl\":\"https:\\\/\\\/www.lraloeverashop.eu\\\/wp-content\\\/uploads\\\/2025\\\/01\\\/CBD-Aloe-Vera-Massage-roll-on.jpg\",\"datePublished\":\"2025-01-29T02:41:16+00:00\",\"dateModified\":\"2026-02-03T18:58:05+00:00\",\"description\":\"Lenisci muscoli e articolazioni stressati con il nostro Lr CBD Roll-On per Massaggio. Ricco di aloe vera, CBD, curcuma e incenso per un relax totale.\",\"breadcrumb\":{\"@id\":\"https:\\\/\\\/www.lraloeverashop.eu\\\/it\\\/prodotto\\\/lr-cbd-roll-on-per-massaggio\\\/#breadcrumb\"},\"inLanguage\":\"it-IT\",\"potentialAction\":[{\"@type\":\"ReadAction\",\"target\":[\"https:\\\/\\\/www.lraloeverashop.eu\\\/it\\\/prodotto\\\/lr-cbd-roll-on-per-massaggio\\\/\"]}]},{\"@type\":\"ImageObject\",\"inLanguage\":\"it-IT\",\"@id\":\"https:\\\/\\\/www.lraloeverashop.eu\\\/it\\\/prodotto\\\/lr-cbd-roll-on-per-massaggio\\\/#primaryimage\",\"url\":\"https:\\\/\\\/www.lraloeverashop.eu\\\/wp-content\\\/uploads\\\/2025\\\/01\\\/CBD-Aloe-Vera-Massage-roll-on.jpg\",\"contentUrl\":\"https:\\\/\\\/www.lraloeverashop.eu\\\/wp-content\\\/uploads\\\/2025\\\/01\\\/CBD-Aloe-Vera-Massage-roll-on.jpg\",\"width\":1200,\"height\":1200,\"caption\":\"Lr CBD Massaggio Roll-On con Aloe Vera e complesso caldo-freddo\"},{\"@type\":\"BreadcrumbList\",\"@id\":\"https:\\\/\\\/www.lraloeverashop.eu\\\/it\\\/prodotto\\\/lr-cbd-roll-on-per-massaggio\\\/#breadcrumb\",\"itemListElement\":[{\"@type\":\"ListItem\",\"position\":1,\"name\":\"Home\",\"item\":\"https:\\\/\\\/www.lraloeverashop.eu\\\/it\\\/\"},{\"@type\":\"ListItem\",\"position\":2,\"name\":\"Negozio\",\"item\":\"https:\\\/\\\/www.lraloeverashop.eu\\\/it\\\/negozio\\\/\"},{\"@type\":\"ListItem\",\"position\":3,\"name\":\"Lr CBD Roll-On per Massaggio\"}]},{\"@type\":\"WebSite\",\"@id\":\"https:\\\/\\\/www.lraloeverashop.eu\\\/it\\\/#website\",\"url\":\"https:\\\/\\\/www.lraloeverashop.eu\\\/it\\\/\",\"name\":\"Lr Negozio di Aloe Vera\",\"description\":\"High Quality Lr Aloe Vera Gel, Aloe Vera Cream and Shampoo\",\"publisher\":{\"@id\":\"https:\\\/\\\/www.lraloeverashop.eu\\\/it\\\/#organization\"},\"potentialAction\":[{\"@type\":\"SearchAction\",\"target\":{\"@type\":\"EntryPoint\",\"urlTemplate\":\"https:\\\/\\\/www.lraloeverashop.eu\\\/it\\\/?s={search_term_string}\"},\"query-input\":{\"@type\":\"PropertyValueSpecification\",\"valueRequired\":true,\"valueName\":\"search_term_string\"}}],\"inLanguage\":\"it-IT\"},{\"@type\":\"Organization\",\"@id\":\"https:\\\/\\\/www.lraloeverashop.eu\\\/it\\\/#organization\",\"name\":\"Negozio di Lr Aloe Vera\",\"alternateName\":\"LR\",\"url\":\"https:\\\/\\\/www.lraloeverashop.eu\\\/it\\\/\",\"logo\":{\"@type\":\"ImageObject\",\"inLanguage\":\"it-IT\",\"@id\":\"https:\\\/\\\/www.lraloeverashop.eu\\\/it\\\/#\\\/schema\\\/logo\\\/image\\\/\",\"url\":\"https:\\\/\\\/www.lraloeverashop.eu\\\/wp-content\\\/uploads\\\/2022\\\/09\\\/cropped-Lr-Aloe-Vera-Shop.jpg\",\"contentUrl\":\"https:\\\/\\\/www.lraloeverashop.eu\\\/wp-content\\\/uploads\\\/2022\\\/09\\\/cropped-Lr-Aloe-Vera-Shop.jpg\",\"width\":228,\"height\":76,\"caption\":\"Negozio di Lr Aloe Vera\"},\"image\":{\"@id\":\"https:\\\/\\\/www.lraloeverashop.eu\\\/it\\\/#\\\/schema\\\/logo\\\/image\\\/\"},\"sameAs\":[\"https:\\\/\\\/www.facebook.com\\\/lraloeverashop.eu\",\"https:\\\/\\\/x.com\\\/natur__kosmetik\",\"https:\\\/\\\/www.youtube.com\\\/channel\\\/UC5oN7BJ8nfYb8RpVtjwDEBA\",\"https:\\\/\\\/www.instagram.com\\\/lrbeautyeu\\\/\"],\"description\":\"Negozio di Lr Aloe Vera \u00e8 il tuo punto di riferimento per i prodotti LR Health & Beauty di alta qualit\u00e0, realizzati in Germania. Offriamo soluzioni per la cura della pelle, l'alimentazione e l'anti-et\u00e0 a base di Aloe Vera, formulate con ingredienti puri e supportate da ricerche scientifiche. Scopri una cura naturale che rigenera, protegge e rivitalizza la tua pelle e approfitta delle esclusive offerte mensili sui nostri prodotti LR Aloe Vera pi\u00f9 venduti.\\nInizia oggi il tuo percorso di cura della pelle naturale e senti la differenza.\",\"email\":\"info@lraloeverashop.eu\",\"telephone\":\"+49 17670609653\",\"legalName\":\"Lr Aloe Vera Shop\",\"foundingDate\":\"2018-04-21\",\"numberOfEmployees\":{\"@type\":\"QuantitativeValue\",\"minValue\":\"1\",\"maxValue\":\"10\"}}]}<\/script>\n<meta property=\"product:price:amount\" content=\"42.99\" \/>\n<meta property=\"product:price:currency\" content=\"EUR\" \/>\n<meta property=\"og:availability\" content=\"out of stock\" \/>\n<meta property=\"product:availability\" content=\"out of stock\" \/>\n<meta property=\"product:retailer_item_id\" content=\"20829-1IT\" \/>\n<meta property=\"product:condition\" content=\"new\" \/>\n<!-- \/ Yoast SEO Premium plugin. -->","yoast_head_json":{"title":"Lr CBD Roll-On per Massaggio calma articolazioni stressate e muscoli tesi","description":"Lenisci muscoli e articolazioni stressati con il nostro Lr CBD Roll-On per Massaggio. Ricco di aloe vera, CBD, curcuma e incenso per un relax totale.","robots":{"index":"index","follow":"follow","max-snippet":"max-snippet:-1","max-image-preview":"max-image-preview:large","max-video-preview":"max-video-preview:-1"},"canonical":"https:\/\/www.lraloeverashop.eu\/it\/prodotto\/lr-cbd-roll-on-per-massaggio\/","og_locale":"it_IT","og_type":"article","og_title":"Lr CBD Roll-On per Massaggio","og_description":"Lenisci muscoli e articolazioni stressati con il nostro Lr CBD Roll-On per Massaggio. Ricco di aloe vera, CBD, curcuma e incenso per un relax totale.","og_url":"https:\/\/www.lraloeverashop.eu\/it\/prodotto\/lr-cbd-roll-on-per-massaggio\/","og_site_name":"Lr Negozio di Aloe Vera","article_publisher":"https:\/\/www.facebook.com\/lraloeverashop.eu","article_modified_time":"2026-02-03T18:58:05+00:00","og_image":[{"width":1200,"height":1200,"url":"https:\/\/www.lraloeverashop.eu\/wp-content\/uploads\/2025\/01\/CBD-Aloe-Vera-Massage-roll-on.jpg","type":"image\/jpeg"}],"twitter_card":"summary_large_image","twitter_site":"@natur__kosmetik","schema":{"@context":"https:\/\/schema.org","@graph":[{"@type":["WebPage","ItemPage"],"@id":"https:\/\/www.lraloeverashop.eu\/it\/prodotto\/lr-cbd-roll-on-per-massaggio\/","url":"https:\/\/www.lraloeverashop.eu\/it\/prodotto\/lr-cbd-roll-on-per-massaggio\/","name":"Lr CBD Roll-On per Massaggio calma articolazioni stressate e muscoli tesi","isPartOf":{"@id":"https:\/\/www.lraloeverashop.eu\/it\/#website"},"primaryImageOfPage":{"@id":"https:\/\/www.lraloeverashop.eu\/it\/prodotto\/lr-cbd-roll-on-per-massaggio\/#primaryimage"},"image":{"@id":"https:\/\/www.lraloeverashop.eu\/it\/prodotto\/lr-cbd-roll-on-per-massaggio\/#primaryimage"},"thumbnailUrl":"https:\/\/www.lraloeverashop.eu\/wp-content\/uploads\/2025\/01\/CBD-Aloe-Vera-Massage-roll-on.jpg","datePublished":"2025-01-29T02:41:16+00:00","dateModified":"2026-02-03T18:58:05+00:00","description":"Lenisci muscoli e articolazioni stressati con il nostro Lr CBD Roll-On per Massaggio. Ricco di aloe vera, CBD, curcuma e incenso per un relax totale.","breadcrumb":{"@id":"https:\/\/www.lraloeverashop.eu\/it\/prodotto\/lr-cbd-roll-on-per-massaggio\/#breadcrumb"},"inLanguage":"it-IT","potentialAction":[{"@type":"ReadAction","target":["https:\/\/www.lraloeverashop.eu\/it\/prodotto\/lr-cbd-roll-on-per-massaggio\/"]}]},{"@type":"ImageObject","inLanguage":"it-IT","@id":"https:\/\/www.lraloeverashop.eu\/it\/prodotto\/lr-cbd-roll-on-per-massaggio\/#primaryimage","url":"https:\/\/www.lraloeverashop.eu\/wp-content\/uploads\/2025\/01\/CBD-Aloe-Vera-Massage-roll-on.jpg","contentUrl":"https:\/\/www.lraloeverashop.eu\/wp-content\/uploads\/2025\/01\/CBD-Aloe-Vera-Massage-roll-on.jpg","width":1200,"height":1200,"caption":"Lr CBD Massaggio Roll-On con Aloe Vera e complesso caldo-freddo"},{"@type":"BreadcrumbList","@id":"https:\/\/www.lraloeverashop.eu\/it\/prodotto\/lr-cbd-roll-on-per-massaggio\/#breadcrumb","itemListElement":[{"@type":"ListItem","position":1,"name":"Home","item":"https:\/\/www.lraloeverashop.eu\/it\/"},{"@type":"ListItem","position":2,"name":"Negozio","item":"https:\/\/www.lraloeverashop.eu\/it\/negozio\/"},{"@type":"ListItem","position":3,"name":"Lr CBD Roll-On per Massaggio"}]},{"@type":"WebSite","@id":"https:\/\/www.lraloeverashop.eu\/it\/#website","url":"https:\/\/www.lraloeverashop.eu\/it\/","name":"Lr Negozio di Aloe Vera","description":"High Quality Lr Aloe Vera Gel, Aloe Vera Cream and Shampoo","publisher":{"@id":"https:\/\/www.lraloeverashop.eu\/it\/#organization"},"potentialAction":[{"@type":"SearchAction","target":{"@type":"EntryPoint","urlTemplate":"https:\/\/www.lraloeverashop.eu\/it\/?s={search_term_string}"},"query-input":{"@type":"PropertyValueSpecification","valueRequired":true,"valueName":"search_term_string"}}],"inLanguage":"it-IT"},{"@type":"Organization","@id":"https:\/\/www.lraloeverashop.eu\/it\/#organization","name":"Negozio di Lr Aloe Vera","alternateName":"LR","url":"https:\/\/www.lraloeverashop.eu\/it\/","logo":{"@type":"ImageObject","inLanguage":"it-IT","@id":"https:\/\/www.lraloeverashop.eu\/it\/#\/schema\/logo\/image\/","url":"https:\/\/www.lraloeverashop.eu\/wp-content\/uploads\/2022\/09\/cropped-Lr-Aloe-Vera-Shop.jpg","contentUrl":"https:\/\/www.lraloeverashop.eu\/wp-content\/uploads\/2022\/09\/cropped-Lr-Aloe-Vera-Shop.jpg","width":228,"height":76,"caption":"Negozio di Lr Aloe Vera"},"image":{"@id":"https:\/\/www.lraloeverashop.eu\/it\/#\/schema\/logo\/image\/"},"sameAs":["https:\/\/www.facebook.com\/lraloeverashop.eu","https:\/\/x.com\/natur__kosmetik","https:\/\/www.youtube.com\/channel\/UC5oN7BJ8nfYb8RpVtjwDEBA","https:\/\/www.instagram.com\/lrbeautyeu\/"],"description":"Negozio di Lr Aloe Vera \u00e8 il tuo punto di riferimento per i prodotti LR Health & Beauty di alta qualit\u00e0, realizzati in Germania. Offriamo soluzioni per la cura della pelle, l'alimentazione e l'anti-et\u00e0 a base di Aloe Vera, formulate con ingredienti puri e supportate da ricerche scientifiche. Scopri una cura naturale che rigenera, protegge e rivitalizza la tua pelle e approfitta delle esclusive offerte mensili sui nostri prodotti LR Aloe Vera pi\u00f9 venduti.\nInizia oggi il tuo percorso di cura della pelle naturale e senti la differenza.","email":"info@lraloeverashop.eu","telephone":"+49 17670609653","legalName":"Lr Aloe Vera Shop","foundingDate":"2018-04-21","numberOfEmployees":{"@type":"QuantitativeValue","minValue":"1","maxValue":"10"}}]},"product_price_amount":"42.99","product_price_currency":"EUR","og_availability":"out of stock","product_availability":"out of stock","product_retailer_item_id":"20829-1IT","product_condition":"new"},"taxonomy_info":{"product_cat":[{"value":214,"label":"Aloe Vera"},{"value":234,"label":"CBD"},{"value":229,"label":"Cura del Corpo"},{"value":353,"label":"Offerte"}],"product_tag":[{"value":546,"label":"Massaggio"},{"value":599,"label":"prodotti CBD"},{"value":548,"label":"Tensione muscolare"}]},"featured_image_src_large":["https:\/\/www.lraloeverashop.eu\/wp-content\/uploads\/2025\/01\/CBD-Aloe-Vera-Massage-roll-on-1024x1024.jpg",1024,1024,true],"author_info":[],"comment_info":0,"_links":{"self":[{"href":"https:\/\/www.lraloeverashop.eu\/it\/wp-json\/wp\/v2\/product\/22847","targetHints":{"allow":["GET"]}}],"collection":[{"href":"https:\/\/www.lraloeverashop.eu\/it\/wp-json\/wp\/v2\/product"}],"about":[{"href":"https:\/\/www.lraloeverashop.eu\/it\/wp-json\/wp\/v2\/types\/product"}],"replies":[{"embeddable":true,"href":"https:\/\/www.lraloeverashop.eu\/it\/wp-json\/wp\/v2\/comments?post=22847"}],"wp:featuredmedia":[{"embeddable":true,"href":"https:\/\/www.lraloeverashop.eu\/it\/wp-json\/wp\/v2\/media\/21828"}],"wp:attachment":[{"href":"https:\/\/www.lraloeverashop.eu\/it\/wp-json\/wp\/v2\/media?parent=22847"}],"wp:term":[{"taxonomy":"product_brand","embeddable":true,"href":"https:\/\/www.lraloeverashop.eu\/it\/wp-json\/wp\/v2\/product_brand?post=22847"},{"taxonomy":"product_cat","embeddable":true,"href":"https:\/\/www.lraloeverashop.eu\/it\/wp-json\/wp\/v2\/product_cat?post=22847"},{"taxonomy":"product_tag","embeddable":true,"href":"https:\/\/www.lraloeverashop.eu\/it\/wp-json\/wp\/v2\/product_tag?post=22847"}],"curies":[{"name":"wp","href":"https:\/\/api.w.org\/{rel}","templated":true}]}}