{"id":21882,"date":"2025-01-26T08:21:45","date_gmt":"2025-01-26T07:21:45","guid":{"rendered":"https:\/\/www.lraloeverashop.eu\/?post_type=product&#038;p=21882"},"modified":"2026-02-03T19:58:14","modified_gmt":"2026-02-03T18:58:14","slug":"integratore-di-fibra-alimentare-fiber-boost","status":"publish","type":"product","link":"https:\/\/www.lraloeverashop.eu\/it\/prodotto\/integratore-di-fibra-alimentare-fiber-boost\/","title":{"rendered":"Integratore di Fibra Alimentare Fiber Boost"},"content":{"rendered":"<h2><span style=\"font-size: 16pt;\"><strong>Integratore di Fibra Alimentare Fiber Boost<\/strong><\/span><\/h2>\n<p><span style=\"font-size: 14pt;\"><strong>Integratore di Fibra Alimenttare Fiber Boost \u2013 La tua dose giornaliera di fibre<\/strong><\/span><\/p>\n<p>Hai problemi di fame costante o non riesci a consumare abbastanza fibre al giorno? Integratore di Fibra Alimentare Fiber Boost \u00e8 qui per semplificare il tuo percorso verso una salute migliore. Formulato per aiutarti a sentirti sazio e concentrato, questo potente integratore supporta la gestione del peso e il benessere generale, cos\u00ec puoi rimanere al passo con i tuoi obiettivi.<\/p>\n<h3><span style=\"font-size: 16pt;\"><strong>Perch\u00e9 dovresti scegliere fibre Alimentari Fiber Boost?<\/strong><\/span><\/h3>\n<p>Assumere abbastanza fibre alimentari in uno stile di vita frenetico pu\u00f2 essere difficile. Ecco perch\u00e9 Integratore di Fibra Alimentare Fiber Boost combina tre tipi di fibre, insieme a nutrienti essenziali, per mantenere il tuo corpo soddisfatto ed energico. \u00c8 la soluzione perfetta per chiunque voglia schiacciare la voglia, migliorare la digestione e mantenere stabili i livelli di zucchero nel sangue, il tutto senza zuccheri aggiunti.<\/p>\n<h3><span style=\"font-size: 16pt;\"><strong>Vantaggi<\/strong><\/span><\/h3>\n<ol>\n<li><strong>Combatte la fame:\u00a0 <\/strong>Integratore di Fibra Alimentare Fiber Boost riducono la voglia di fame tra i pasti, rendendole ottime per la gestione del peso.<\/li>\n<li><strong>Supporta il metabolismo:<\/strong> arricchito con cromo per regolare i livelli di zucchero nel sangue.<\/li>\n<li><strong>Ingredienti amici dell&#8217;intestino:<\/strong> aiuta a mantenere la digestione regolare e <strong><a href=\"https:\/\/www.lraloeverashop.eu\/it\/prodotto\/colostro-direct-liquido\/\">supporta la salute generale<\/a><\/strong> dell&#8217;intestino.<\/li>\n<li><strong>Dolcezza ipocalorica:<\/strong> dolcificato naturalmente con Stevia, cos\u00ec puoi gustarlo senza sensi di colpa.<\/li>\n<\/ol>\n<h3><span style=\"font-size: 16pt;\"><strong>Come usare<\/strong><\/span><\/h3>\n<p>Prendi una volta al giorno una porzione di Integratore di Fibra Alimentare Fiber Boost. Si consiglia di prendere tra i pasti. Preparazione: Mescolare due misurini (un misurino = circa 3,5 g) in 200 ml di latte magro, senza lattosio (1,5% di grasso) o acqua per il consumo immediato. Utilizzare almeno un bicchiere da 300 ml. Per questo raccomandiamo la preparazione nell\u2019agitatore LR.<\/p>\n<p><strong>Nota:<\/strong> assicurati di bere abbastanza. La dose giornaliera raccomandata non deve essere superata. Gli\u00a0<a href=\"https:\/\/www.lraloeverashop.eu\/it\/categoria-prodotto\/prodotti-speciali\/\">integratori alimentari<\/a>\u00a0non sono un sostituto di una dieta varia ed equilibrata che \u00e8 importante insieme a uno stile di vita sano. Tenere il prodotto fuori dalla portata dei bambini piccoli. Si prega di tenere ben chiuso, asciutto e conservare a temperatura ambiente. Chiudi di nuovo dopo l\u2019apertura.<\/p>\n<h3><span style=\"font-size: 16pt;\"><strong>Bonus: Comodo e flessibile<\/strong><\/span><\/h3>\n<p>Che tu sia a casa, in ufficio o in viaggio, Integratore di Fibra Alimentare Fiber Boost si adatta senza sforzo alla tua giornata. \u00c8 progettata per integrare in tuo stile di vita attivo senza interrompere la tua routine.<\/p>\n<p>Combina la fibre alimentari con una dieta equilibrata e un regolare esercizio fisico per risultati ottimali. Ricorda, non si tratta solo di <strong><a href=\"https:\/\/www.lraloeverashop.eu\/it\/prodotto\/fiber-boost-bevanda-in-polvere\/\">frenare la fame<\/a><\/strong>, si tratta di costruire uno stile di vita sano.<\/p>\n<p>Raggiungi facilmente i tuoi obiettivi di fibre alimentari giornaliere e goditi una maggiore soddisfazione tra i pasti. Fai il primo passo verso un te pi\u00f9 sano oggi!<\/p>\n","protected":false},"excerpt":{"rendered":"<ul>\n<li><span style=\"color: #ff0000;\"><strong>Offerta limitata<\/strong><\/span><\/li>\n<li>Fibre contro la grande fame<\/li>\n<li>Per il benessere generale nella vita di tutti i giorni<\/li>\n<li>A basso contenuto di calorie con la naturale dolcezza di Stevia<\/li>\n<li>Ricco di fibre da 3 diverse fonti<\/li>\n<li>Contiene: 2 x 210g<\/li>\n<\/ul>\n<p><span style=\"color: #ff0000;\"><a style=\"color: #ff0000;\" href=\"https:\/\/shop.lrworld.com\/openpao?PHP=0vFlt7jT938BEnBI3a6e9w%3D%3D\"><span style=\"font-size: 14pt;\"><strong>Registrati ora e risparmia il 35% su ogni ordine<\/strong><\/span><\/a><\/span><\/p>\n","protected":false},"featured_media":21842,"comment_status":"open","ping_status":"closed","template":"","meta":{"_kad_blocks_custom_css":"","_kad_blocks_head_custom_js":"","_kad_blocks_body_custom_js":"","_kad_blocks_footer_custom_js":"","_kadence_starter_templates_imported_post":false,"_kad_post_transparent":"default","_kad_post_title":"","_kad_post_layout":"default","_kad_post_sidebar_id":"","_kad_post_content_style":"default","_kad_post_vertical_padding":"default","_kad_post_feature":"","_kad_post_feature_position":"","_kad_post_header":false,"_kad_post_footer":false,"_kad_post_classname":""},"product_brand":[],"product_cat":[341,436,353,335,466],"product_tag":[603],"class_list":{"0":"post-21882","1":"product","2":"type-product","3":"status-publish","4":"has-post-thumbnail","6":"product_cat-compagno-di-dieta","7":"product_cat-intestino-e-digestione","8":"product_cat-offerte","9":"product_cat-supplementi-dietetici","10":"product_cat-nutrizionisti","11":"product_tag-dieta","13":"first","14":"outofstock","15":"sale","16":"taxable","17":"shipping-taxable","18":"purchasable","19":"product-type-simple","20":"entry","21":"content-bg","22":"loop-entry"},"yoast_head":"<!-- This site is optimized with the Yoast SEO Premium plugin v27.5 (Yoast SEO v27.5) - https:\/\/yoast.com\/product\/yoast-seo-premium-wordpress\/ -->\n<title>Integratore di Fibra Alimentare Fiber Boost da 3 diverse fonti<\/title>\n<meta name=\"description\" content=\"Aumenta facilmente il tuo apporto di fibre con Integratore di Fibra Alimentare Fiber Boost. Frena le voglie e supporta la digestione.\" \/>\n<meta name=\"robots\" content=\"index, follow, max-snippet:-1, max-image-preview:large, max-video-preview:-1\" \/>\n<link rel=\"canonical\" href=\"https:\/\/www.lraloeverashop.eu\/it\/prodotto\/integratore-di-fibra-alimentare-fiber-boost\/\" \/>\n<meta property=\"og:locale\" content=\"it_IT\" \/>\n<meta property=\"og:type\" content=\"article\" \/>\n<meta property=\"og:title\" content=\"Integratore di Fibra Alimentare Fiber Boost\" \/>\n<meta property=\"og:description\" content=\"Aumenta facilmente il tuo apporto di fibre con Integratore di Fibra Alimentare Fiber Boost. Frena le voglie e supporta la digestione.\" \/>\n<meta property=\"og:url\" content=\"https:\/\/www.lraloeverashop.eu\/it\/prodotto\/integratore-di-fibra-alimentare-fiber-boost\/\" \/>\n<meta property=\"og:site_name\" content=\"Lr Negozio di Aloe Vera\" \/>\n<meta property=\"article:publisher\" content=\"https:\/\/www.facebook.com\/lraloeverashop.eu\" \/>\n<meta property=\"article:modified_time\" content=\"2026-02-03T18:58:14+00:00\" \/>\n<meta property=\"og:image\" content=\"https:\/\/www.lraloeverashop.eu\/wp-content\/uploads\/2025\/01\/Fiber-Boost-Fiber-Supplement.jpg\" \/>\n\t<meta property=\"og:image:width\" content=\"1200\" \/>\n\t<meta property=\"og:image:height\" content=\"1200\" \/>\n\t<meta property=\"og:image:type\" content=\"image\/jpeg\" \/>\n<meta name=\"twitter:card\" content=\"summary_large_image\" \/>\n<meta name=\"twitter:site\" content=\"@natur__kosmetik\" \/>\n<script type=\"application\/ld+json\" class=\"yoast-schema-graph\">{\"@context\":\"https:\\\/\\\/schema.org\",\"@graph\":[{\"@type\":[\"WebPage\",\"ItemPage\"],\"@id\":\"https:\\\/\\\/www.lraloeverashop.eu\\\/it\\\/prodotto\\\/integratore-di-fibra-alimentare-fiber-boost\\\/\",\"url\":\"https:\\\/\\\/www.lraloeverashop.eu\\\/it\\\/prodotto\\\/integratore-di-fibra-alimentare-fiber-boost\\\/\",\"name\":\"Integratore di Fibra Alimentare Fiber Boost da 3 diverse fonti\",\"isPartOf\":{\"@id\":\"https:\\\/\\\/www.lraloeverashop.eu\\\/it\\\/#website\"},\"primaryImageOfPage\":{\"@id\":\"https:\\\/\\\/www.lraloeverashop.eu\\\/it\\\/prodotto\\\/integratore-di-fibra-alimentare-fiber-boost\\\/#primaryimage\"},\"image\":{\"@id\":\"https:\\\/\\\/www.lraloeverashop.eu\\\/it\\\/prodotto\\\/integratore-di-fibra-alimentare-fiber-boost\\\/#primaryimage\"},\"thumbnailUrl\":\"https:\\\/\\\/www.lraloeverashop.eu\\\/wp-content\\\/uploads\\\/2025\\\/01\\\/Fiber-Boost-Fiber-Supplement.jpg\",\"datePublished\":\"2025-01-26T07:21:45+00:00\",\"dateModified\":\"2026-02-03T18:58:14+00:00\",\"description\":\"Aumenta facilmente il tuo apporto di fibre con Integratore di Fibra Alimentare Fiber Boost. Frena le voglie e supporta la digestione.\",\"breadcrumb\":{\"@id\":\"https:\\\/\\\/www.lraloeverashop.eu\\\/it\\\/prodotto\\\/integratore-di-fibra-alimentare-fiber-boost\\\/#breadcrumb\"},\"inLanguage\":\"it-IT\",\"potentialAction\":[{\"@type\":\"ReadAction\",\"target\":[\"https:\\\/\\\/www.lraloeverashop.eu\\\/it\\\/prodotto\\\/integratore-di-fibra-alimentare-fiber-boost\\\/\"]}]},{\"@type\":\"ImageObject\",\"inLanguage\":\"it-IT\",\"@id\":\"https:\\\/\\\/www.lraloeverashop.eu\\\/it\\\/prodotto\\\/integratore-di-fibra-alimentare-fiber-boost\\\/#primaryimage\",\"url\":\"https:\\\/\\\/www.lraloeverashop.eu\\\/wp-content\\\/uploads\\\/2025\\\/01\\\/Fiber-Boost-Fiber-Supplement.jpg\",\"contentUrl\":\"https:\\\/\\\/www.lraloeverashop.eu\\\/wp-content\\\/uploads\\\/2025\\\/01\\\/Fiber-Boost-Fiber-Supplement.jpg\",\"width\":1200,\"height\":1200,\"caption\":\"Integratore di fibra Fiber Boost Offerta Limitata\"},{\"@type\":\"BreadcrumbList\",\"@id\":\"https:\\\/\\\/www.lraloeverashop.eu\\\/it\\\/prodotto\\\/integratore-di-fibra-alimentare-fiber-boost\\\/#breadcrumb\",\"itemListElement\":[{\"@type\":\"ListItem\",\"position\":1,\"name\":\"Home\",\"item\":\"https:\\\/\\\/www.lraloeverashop.eu\\\/it\\\/\"},{\"@type\":\"ListItem\",\"position\":2,\"name\":\"Negozio\",\"item\":\"https:\\\/\\\/www.lraloeverashop.eu\\\/it\\\/negozio\\\/\"},{\"@type\":\"ListItem\",\"position\":3,\"name\":\"Integratore di Fibra Alimentare Fiber Boost\"}]},{\"@type\":\"WebSite\",\"@id\":\"https:\\\/\\\/www.lraloeverashop.eu\\\/it\\\/#website\",\"url\":\"https:\\\/\\\/www.lraloeverashop.eu\\\/it\\\/\",\"name\":\"Lr Negozio di Aloe Vera\",\"description\":\"High Quality Lr Aloe Vera Gel, Aloe Vera Cream and Shampoo\",\"publisher\":{\"@id\":\"https:\\\/\\\/www.lraloeverashop.eu\\\/it\\\/#organization\"},\"alternateName\":\"LR\",\"potentialAction\":[{\"@type\":\"SearchAction\",\"target\":{\"@type\":\"EntryPoint\",\"urlTemplate\":\"https:\\\/\\\/www.lraloeverashop.eu\\\/it\\\/?s={search_term_string}\"},\"query-input\":{\"@type\":\"PropertyValueSpecification\",\"valueRequired\":true,\"valueName\":\"search_term_string\"}}],\"inLanguage\":\"it-IT\"},{\"@type\":\"Organization\",\"@id\":\"https:\\\/\\\/www.lraloeverashop.eu\\\/it\\\/#organization\",\"name\":\"Negozio di Lr Aloe Vera\",\"alternateName\":\"LR\",\"url\":\"https:\\\/\\\/www.lraloeverashop.eu\\\/it\\\/\",\"logo\":{\"@type\":\"ImageObject\",\"inLanguage\":\"it-IT\",\"@id\":\"https:\\\/\\\/www.lraloeverashop.eu\\\/it\\\/#\\\/schema\\\/logo\\\/image\\\/\",\"url\":\"https:\\\/\\\/www.lraloeverashop.eu\\\/wp-content\\\/uploads\\\/2022\\\/09\\\/cropped-Lr-Aloe-Vera-Shop.jpg\",\"contentUrl\":\"https:\\\/\\\/www.lraloeverashop.eu\\\/wp-content\\\/uploads\\\/2022\\\/09\\\/cropped-Lr-Aloe-Vera-Shop.jpg\",\"width\":228,\"height\":76,\"caption\":\"Negozio di Lr Aloe Vera\"},\"image\":{\"@id\":\"https:\\\/\\\/www.lraloeverashop.eu\\\/it\\\/#\\\/schema\\\/logo\\\/image\\\/\"},\"sameAs\":[\"https:\\\/\\\/www.facebook.com\\\/lraloeverashop.eu\",\"https:\\\/\\\/x.com\\\/natur__kosmetik\",\"https:\\\/\\\/www.youtube.com\\\/channel\\\/UC5oN7BJ8nfYb8RpVtjwDEBA\",\"https:\\\/\\\/www.instagram.com\\\/lrbeautyeu\\\/\"],\"description\":\"Negozio di Lr Aloe Vera \u00e8 il tuo punto di riferimento per i prodotti LR Health & Beauty di alta qualit\u00e0, realizzati in Germania. Offriamo soluzioni per la cura della pelle, l'alimentazione e l'anti-et\u00e0 a base di Aloe Vera, formulate con ingredienti puri e supportate da ricerche scientifiche. Scopri una cura naturale che rigenera, protegge e rivitalizza la tua pelle e approfitta delle esclusive offerte mensili sui nostri prodotti LR Aloe Vera pi\u00f9 venduti.\\nInizia oggi il tuo percorso di cura della pelle naturale e senti la differenza.\",\"email\":\"info@lraloeverashop.eu\",\"telephone\":\"+49 17670609653\",\"legalName\":\"Lr Aloe Vera Shop\",\"foundingDate\":\"2018-04-21\",\"numberOfEmployees\":{\"@type\":\"QuantitativeValue\",\"minValue\":\"1\",\"maxValue\":\"10\"}}]}<\/script>\n<meta property=\"product:price:amount\" content=\"47.98\" \/>\n<meta property=\"product:price:currency\" content=\"EUR\" \/>\n<meta property=\"og:availability\" content=\"out of stock\" \/>\n<meta property=\"product:availability\" content=\"out of stock\" \/>\n<meta property=\"product:retailer_item_id\" content=\"80632-99IT\" \/>\n<meta property=\"product:condition\" content=\"new\" \/>\n<!-- \/ Yoast SEO Premium plugin. -->","yoast_head_json":{"title":"Integratore di Fibra Alimentare Fiber Boost da 3 diverse fonti","description":"Aumenta facilmente il tuo apporto di fibre con Integratore di Fibra Alimentare Fiber Boost. Frena le voglie e supporta la digestione.","robots":{"index":"index","follow":"follow","max-snippet":"max-snippet:-1","max-image-preview":"max-image-preview:large","max-video-preview":"max-video-preview:-1"},"canonical":"https:\/\/www.lraloeverashop.eu\/it\/prodotto\/integratore-di-fibra-alimentare-fiber-boost\/","og_locale":"it_IT","og_type":"article","og_title":"Integratore di Fibra Alimentare Fiber Boost","og_description":"Aumenta facilmente il tuo apporto di fibre con Integratore di Fibra Alimentare Fiber Boost. Frena le voglie e supporta la digestione.","og_url":"https:\/\/www.lraloeverashop.eu\/it\/prodotto\/integratore-di-fibra-alimentare-fiber-boost\/","og_site_name":"Lr Negozio di Aloe Vera","article_publisher":"https:\/\/www.facebook.com\/lraloeverashop.eu","article_modified_time":"2026-02-03T18:58:14+00:00","og_image":[{"width":1200,"height":1200,"url":"https:\/\/www.lraloeverashop.eu\/wp-content\/uploads\/2025\/01\/Fiber-Boost-Fiber-Supplement.jpg","type":"image\/jpeg"}],"twitter_card":"summary_large_image","twitter_site":"@natur__kosmetik","schema":{"@context":"https:\/\/schema.org","@graph":[{"@type":["WebPage","ItemPage"],"@id":"https:\/\/www.lraloeverashop.eu\/it\/prodotto\/integratore-di-fibra-alimentare-fiber-boost\/","url":"https:\/\/www.lraloeverashop.eu\/it\/prodotto\/integratore-di-fibra-alimentare-fiber-boost\/","name":"Integratore di Fibra Alimentare Fiber Boost da 3 diverse fonti","isPartOf":{"@id":"https:\/\/www.lraloeverashop.eu\/it\/#website"},"primaryImageOfPage":{"@id":"https:\/\/www.lraloeverashop.eu\/it\/prodotto\/integratore-di-fibra-alimentare-fiber-boost\/#primaryimage"},"image":{"@id":"https:\/\/www.lraloeverashop.eu\/it\/prodotto\/integratore-di-fibra-alimentare-fiber-boost\/#primaryimage"},"thumbnailUrl":"https:\/\/www.lraloeverashop.eu\/wp-content\/uploads\/2025\/01\/Fiber-Boost-Fiber-Supplement.jpg","datePublished":"2025-01-26T07:21:45+00:00","dateModified":"2026-02-03T18:58:14+00:00","description":"Aumenta facilmente il tuo apporto di fibre con Integratore di Fibra Alimentare Fiber Boost. Frena le voglie e supporta la digestione.","breadcrumb":{"@id":"https:\/\/www.lraloeverashop.eu\/it\/prodotto\/integratore-di-fibra-alimentare-fiber-boost\/#breadcrumb"},"inLanguage":"it-IT","potentialAction":[{"@type":"ReadAction","target":["https:\/\/www.lraloeverashop.eu\/it\/prodotto\/integratore-di-fibra-alimentare-fiber-boost\/"]}]},{"@type":"ImageObject","inLanguage":"it-IT","@id":"https:\/\/www.lraloeverashop.eu\/it\/prodotto\/integratore-di-fibra-alimentare-fiber-boost\/#primaryimage","url":"https:\/\/www.lraloeverashop.eu\/wp-content\/uploads\/2025\/01\/Fiber-Boost-Fiber-Supplement.jpg","contentUrl":"https:\/\/www.lraloeverashop.eu\/wp-content\/uploads\/2025\/01\/Fiber-Boost-Fiber-Supplement.jpg","width":1200,"height":1200,"caption":"Integratore di fibra Fiber Boost Offerta Limitata"},{"@type":"BreadcrumbList","@id":"https:\/\/www.lraloeverashop.eu\/it\/prodotto\/integratore-di-fibra-alimentare-fiber-boost\/#breadcrumb","itemListElement":[{"@type":"ListItem","position":1,"name":"Home","item":"https:\/\/www.lraloeverashop.eu\/it\/"},{"@type":"ListItem","position":2,"name":"Negozio","item":"https:\/\/www.lraloeverashop.eu\/it\/negozio\/"},{"@type":"ListItem","position":3,"name":"Integratore di Fibra Alimentare Fiber Boost"}]},{"@type":"WebSite","@id":"https:\/\/www.lraloeverashop.eu\/it\/#website","url":"https:\/\/www.lraloeverashop.eu\/it\/","name":"Lr Negozio di Aloe Vera","description":"High Quality Lr Aloe Vera Gel, Aloe Vera Cream and Shampoo","publisher":{"@id":"https:\/\/www.lraloeverashop.eu\/it\/#organization"},"alternateName":"LR","potentialAction":[{"@type":"SearchAction","target":{"@type":"EntryPoint","urlTemplate":"https:\/\/www.lraloeverashop.eu\/it\/?s={search_term_string}"},"query-input":{"@type":"PropertyValueSpecification","valueRequired":true,"valueName":"search_term_string"}}],"inLanguage":"it-IT"},{"@type":"Organization","@id":"https:\/\/www.lraloeverashop.eu\/it\/#organization","name":"Negozio di Lr Aloe Vera","alternateName":"LR","url":"https:\/\/www.lraloeverashop.eu\/it\/","logo":{"@type":"ImageObject","inLanguage":"it-IT","@id":"https:\/\/www.lraloeverashop.eu\/it\/#\/schema\/logo\/image\/","url":"https:\/\/www.lraloeverashop.eu\/wp-content\/uploads\/2022\/09\/cropped-Lr-Aloe-Vera-Shop.jpg","contentUrl":"https:\/\/www.lraloeverashop.eu\/wp-content\/uploads\/2022\/09\/cropped-Lr-Aloe-Vera-Shop.jpg","width":228,"height":76,"caption":"Negozio di Lr Aloe Vera"},"image":{"@id":"https:\/\/www.lraloeverashop.eu\/it\/#\/schema\/logo\/image\/"},"sameAs":["https:\/\/www.facebook.com\/lraloeverashop.eu","https:\/\/x.com\/natur__kosmetik","https:\/\/www.youtube.com\/channel\/UC5oN7BJ8nfYb8RpVtjwDEBA","https:\/\/www.instagram.com\/lrbeautyeu\/"],"description":"Negozio di Lr Aloe Vera \u00e8 il tuo punto di riferimento per i prodotti LR Health & Beauty di alta qualit\u00e0, realizzati in Germania. Offriamo soluzioni per la cura della pelle, l'alimentazione e l'anti-et\u00e0 a base di Aloe Vera, formulate con ingredienti puri e supportate da ricerche scientifiche. Scopri una cura naturale che rigenera, protegge e rivitalizza la tua pelle e approfitta delle esclusive offerte mensili sui nostri prodotti LR Aloe Vera pi\u00f9 venduti.\nInizia oggi il tuo percorso di cura della pelle naturale e senti la differenza.","email":"info@lraloeverashop.eu","telephone":"+49 17670609653","legalName":"Lr Aloe Vera Shop","foundingDate":"2018-04-21","numberOfEmployees":{"@type":"QuantitativeValue","minValue":"1","maxValue":"10"}}]},"product_price_amount":"47.98","product_price_currency":"EUR","og_availability":"out of stock","product_availability":"out of stock","product_retailer_item_id":"80632-99IT","product_condition":"new"},"taxonomy_info":{"product_cat":[{"value":341,"label":"Compagno di dieta"},{"value":436,"label":"Intestino e Digestione"},{"value":353,"label":"Offerte"},{"value":335,"label":"Pasto sostitutivo"},{"value":466,"label":"Specialisti"}],"product_tag":[{"value":603,"label":"Dieta"}]},"featured_image_src_large":["https:\/\/www.lraloeverashop.eu\/wp-content\/uploads\/2025\/01\/Fiber-Boost-Fiber-Supplement-1024x1024.jpg",1024,1024,true],"author_info":[],"comment_info":0,"_links":{"self":[{"href":"https:\/\/www.lraloeverashop.eu\/it\/wp-json\/wp\/v2\/product\/21882","targetHints":{"allow":["GET"]}}],"collection":[{"href":"https:\/\/www.lraloeverashop.eu\/it\/wp-json\/wp\/v2\/product"}],"about":[{"href":"https:\/\/www.lraloeverashop.eu\/it\/wp-json\/wp\/v2\/types\/product"}],"replies":[{"embeddable":true,"href":"https:\/\/www.lraloeverashop.eu\/it\/wp-json\/wp\/v2\/comments?post=21882"}],"wp:featuredmedia":[{"embeddable":true,"href":"https:\/\/www.lraloeverashop.eu\/it\/wp-json\/wp\/v2\/media\/21842"}],"wp:attachment":[{"href":"https:\/\/www.lraloeverashop.eu\/it\/wp-json\/wp\/v2\/media?parent=21882"}],"wp:term":[{"taxonomy":"product_brand","embeddable":true,"href":"https:\/\/www.lraloeverashop.eu\/it\/wp-json\/wp\/v2\/product_brand?post=21882"},{"taxonomy":"product_cat","embeddable":true,"href":"https:\/\/www.lraloeverashop.eu\/it\/wp-json\/wp\/v2\/product_cat?post=21882"},{"taxonomy":"product_tag","embeddable":true,"href":"https:\/\/www.lraloeverashop.eu\/it\/wp-json\/wp\/v2\/product_tag?post=21882"}],"curies":[{"name":"wp","href":"https:\/\/api.w.org\/{rel}","templated":true}]}}