{"id":18348,"date":"2024-11-04T17:28:57","date_gmt":"2024-11-04T16:28:57","guid":{"rendered":"https:\/\/www.lraloeverashop.eu\/product\/set-cura-del-viso-beauty-diamonds\/"},"modified":"2026-02-03T19:59:20","modified_gmt":"2026-02-03T18:59:20","slug":"set-cura-del-viso-beauty-diamonds","status":"publish","type":"product","link":"https:\/\/www.lraloeverashop.eu\/it\/prodotto\/set-cura-del-viso-beauty-diamonds\/","title":{"rendered":"Set Cura del Viso Beauty Diamonds"},"content":{"rendered":"<h2><span style=\"font-size: 16pt;\"><strong>Set Cura del Viso Beauty Diamonds<\/strong><\/span><\/h2>\n<p><span style=\"font-size: 14pt;\"><strong>Set Cura del Viso Beauty Diamonds con effetto anti-et\u00e0.<\/strong><\/span><\/p>\n<p>Set Cura Del Viso Beauty Diamonds offre alla tua pelle luminosit\u00e0 e cura ottimale ogni giorno.<\/p>\n<p>La Crema Giorno Beauty Diamonds nutre intensamente la pelle e la rafforza giorno dopo giorno stimolando la produzione di collagene \u2013 la pelle appare rimpolpata. Dona inoltre una sensazione di pelle setosa e liscia e riduce le rughe. L\u2019estratto di olivello spinoso rassoda la pelle e garantisce contorni del viso armoniosi. Per una pelle tonica e una sensazione di pelle setosa.<\/p>\n<p>La nutriente Crema Notte Beauty Diamonds aiuta la pelle a ridurre i segni visibili dell&#8217;invecchiamento durante la notte. Mentre dormi, il naturale meccanismo di protezione cellulare della tua pelle viene stimolato da un complesso sinergico di due peptidi brevettati (Replexium\u2122), cos\u00ec che la pelle risulta soda, morbida e vellutata al mattino.<\/p>\n<p>La Crema &amp; Maschera Occhi Beauty Diamonds rinforza la pelle a partire dai 40 anni e riduce visibilmente le rughe. Grazie alle propriet\u00e0 dei diamanti in combinazione con le proteine, rallenta il processo di invecchiamento cutaneo e rafforza il meccanismo di protezione cellulare. Ora riformulata con un innovativo sistema di trasporto degli attivi e un principio attivo incapsulato che riduce rughe e profondit\u00e0 delle rughe sul viso.<\/p>\n<p>&nbsp;<\/p>\n<p><strong>Per le donne&#8230;<\/strong><br \/>\n\u2026 dai 40 anni in su<br \/>\n\u2026 con pelle secca ed esigente<br \/>\n\u2026 che cercano una cura lussuosa<br \/>\n\u2026 che vogliono un aspetto radioso<br \/>\n\u2026 che desiderano ridurre le rughe<br \/>\n\u2026 che desiderano maggiore elasticit\u00e0 della pelle<\/p>\n<p>&nbsp;<\/p>\n<p>Il rassodante Beauty Diamonds Set Cura del Viso rinforza la pelle a partire dai 40 anni e riduce visibilmente le rughe. Basato sulle propriet\u00e0 dei diamanti in combinazione con le proteine, rallenta il processo di invecchiamento cutaneo e rafforza il meccanismo di protezione cellulare. Ora riformulato con un innovativo sistema di trasporto degli attivi e un principio attivo incapsulato che riduce rughe e profondit\u00e0 delle rughe.<\/p>\n<p>Per una massima efficacia in combinazione con lo strumento Zeitgard Pro Face Smoothing.<\/p>\n<p>&nbsp;<\/p>\n","protected":false},"excerpt":{"rendered":"<ul>\n<li><strong><span style=\"color: #ff0000;\">OFFERTA LIMITATA<\/span><\/strong><\/li>\n<li>Il Set Include: 1 x Crema Giorno, 1 x Crema Notte e 1 x Crema Occhi<\/li>\n<li>Combinazione di ingredienti attivi a base di diamanti e peptidi<\/li>\n<li>Con un innovativo sistema di trasporto degli attivi<\/li>\n<li>Consigliato in combinazione con lo strumento Zeitgard Pro Face Smoothing<\/li>\n<li>Riduce le rughe e rassoda la pelle<\/li>\n<\/ul>\n<p><span style=\"color: #ff0000;\"><a style=\"color: #ff0000;\" href=\"https:\/\/shop.lrworld.com\/openpao?PHP=0vFlt7jT938BEnBI3a6e9w%3D%3D\"><span style=\"font-size: 14pt;\"><strong>Registrati ora e risparmia il 35% su ogni ordine<\/strong><\/span><\/a><\/span><\/p>\n","protected":false},"featured_media":18243,"comment_status":"open","ping_status":"closed","template":"","meta":{"_kad_blocks_custom_css":"","_kad_blocks_head_custom_js":"","_kad_blocks_body_custom_js":"","_kad_blocks_footer_custom_js":"","_kadence_starter_templates_imported_post":false,"_kad_post_transparent":"default","_kad_post_title":"","_kad_post_layout":"default","_kad_post_sidebar_id":"","_kad_post_content_style":"default","_kad_post_vertical_padding":"default","_kad_post_feature":"","_kad_post_feature_position":"","_kad_post_header":false,"_kad_post_footer":false,"_kad_post_classname":""},"product_brand":[],"product_cat":[364,268,280,329],"product_tag":[702,703],"class_list":{"0":"post-18348","1":"product","2":"type-product","3":"status-publish","4":"has-post-thumbnail","6":"product_cat-beauty-diamonds-it","7":"product_cat-cura-antieta","8":"product_cat-donne-sopra-i-40-anni","9":"product_cat-prodotti-antieta","10":"product_tag-per-le-rughe-del-viso","11":"product_tag-per-le-rughe-sotto-gli-occhi","13":"first","14":"instock","15":"taxable","16":"shipping-taxable","17":"purchasable","18":"product-type-simple","19":"entry","20":"content-bg","21":"loop-entry"},"yoast_head":"<!-- This site is optimized with the Yoast SEO Premium plugin v27.6 (Yoast SEO v27.6) - https:\/\/yoast.com\/product\/yoast-seo-premium-wordpress\/ -->\n<title>Set Cura del Viso Beauty Diamonds Nutre e Rafforza la Tua Pelle<\/title>\n<meta name=\"description\" content=\"Scopri il potere anti-et\u00e0 con il nostro Set Cura del Viso Beauty Diamonds. Riduci le rughe e rassoda la pelle durante la notte per un aspetto giovane e luminoso.\" \/>\n<meta name=\"robots\" content=\"index, follow, max-snippet:-1, max-image-preview:large, max-video-preview:-1\" \/>\n<link rel=\"canonical\" href=\"https:\/\/www.lraloeverashop.eu\/it\/prodotto\/set-cura-del-viso-beauty-diamonds\/\" \/>\n<meta property=\"og:locale\" content=\"it_IT\" \/>\n<meta property=\"og:type\" content=\"article\" \/>\n<meta property=\"og:title\" content=\"Set Cura del Viso Beauty Diamonds\" \/>\n<meta property=\"og:description\" content=\"Scopri il potere anti-et\u00e0 con il nostro Set Cura del Viso Beauty Diamonds. Riduci le rughe e rassoda la pelle durante la notte per un aspetto giovane e luminoso.\" \/>\n<meta property=\"og:url\" content=\"https:\/\/www.lraloeverashop.eu\/it\/prodotto\/set-cura-del-viso-beauty-diamonds\/\" \/>\n<meta property=\"og:site_name\" content=\"Lr Negozio di Aloe Vera\" \/>\n<meta property=\"article:publisher\" content=\"https:\/\/www.facebook.com\/lraloeverashop.eu\" \/>\n<meta property=\"article:modified_time\" content=\"2026-02-03T18:59:20+00:00\" \/>\n<meta property=\"og:image\" content=\"https:\/\/www.lraloeverashop.eu\/wp-content\/uploads\/2024\/11\/Beauty-Diamonds-Face-Care.jpg\" \/>\n\t<meta property=\"og:image:width\" content=\"1200\" \/>\n\t<meta property=\"og:image:height\" content=\"1200\" \/>\n\t<meta property=\"og:image:type\" content=\"image\/jpeg\" \/>\n<meta name=\"twitter:card\" content=\"summary_large_image\" \/>\n<meta name=\"twitter:site\" content=\"@natur__kosmetik\" \/>\n<script type=\"application\/ld+json\" class=\"yoast-schema-graph\">{\"@context\":\"https:\\\/\\\/schema.org\",\"@graph\":[{\"@type\":[\"WebPage\",\"ItemPage\"],\"@id\":\"https:\\\/\\\/www.lraloeverashop.eu\\\/it\\\/prodotto\\\/set-cura-del-viso-beauty-diamonds\\\/\",\"url\":\"https:\\\/\\\/www.lraloeverashop.eu\\\/it\\\/prodotto\\\/set-cura-del-viso-beauty-diamonds\\\/\",\"name\":\"Set Cura del Viso Beauty Diamonds Nutre e Rafforza la Tua Pelle\",\"isPartOf\":{\"@id\":\"https:\\\/\\\/www.lraloeverashop.eu\\\/it\\\/#website\"},\"primaryImageOfPage\":{\"@id\":\"https:\\\/\\\/www.lraloeverashop.eu\\\/it\\\/prodotto\\\/set-cura-del-viso-beauty-diamonds\\\/#primaryimage\"},\"image\":{\"@id\":\"https:\\\/\\\/www.lraloeverashop.eu\\\/it\\\/prodotto\\\/set-cura-del-viso-beauty-diamonds\\\/#primaryimage\"},\"thumbnailUrl\":\"https:\\\/\\\/www.lraloeverashop.eu\\\/wp-content\\\/uploads\\\/2024\\\/11\\\/Beauty-Diamonds-Face-Care.jpg\",\"datePublished\":\"2024-11-04T16:28:57+00:00\",\"dateModified\":\"2026-02-03T18:59:20+00:00\",\"description\":\"Scopri il potere anti-et\u00e0 con il nostro Set Cura del Viso Beauty Diamonds. Riduci le rughe e rassoda la pelle durante la notte per un aspetto giovane e luminoso.\",\"breadcrumb\":{\"@id\":\"https:\\\/\\\/www.lraloeverashop.eu\\\/it\\\/prodotto\\\/set-cura-del-viso-beauty-diamonds\\\/#breadcrumb\"},\"inLanguage\":\"it-IT\",\"potentialAction\":[{\"@type\":\"ReadAction\",\"target\":[\"https:\\\/\\\/www.lraloeverashop.eu\\\/it\\\/prodotto\\\/set-cura-del-viso-beauty-diamonds\\\/\"]}]},{\"@type\":\"ImageObject\",\"inLanguage\":\"it-IT\",\"@id\":\"https:\\\/\\\/www.lraloeverashop.eu\\\/it\\\/prodotto\\\/set-cura-del-viso-beauty-diamonds\\\/#primaryimage\",\"url\":\"https:\\\/\\\/www.lraloeverashop.eu\\\/wp-content\\\/uploads\\\/2024\\\/11\\\/Beauty-Diamonds-Face-Care.jpg\",\"contentUrl\":\"https:\\\/\\\/www.lraloeverashop.eu\\\/wp-content\\\/uploads\\\/2024\\\/11\\\/Beauty-Diamonds-Face-Care.jpg\",\"width\":1200,\"height\":1200,\"caption\":\"Cura del viso Beauty Diamonds\"},{\"@type\":\"BreadcrumbList\",\"@id\":\"https:\\\/\\\/www.lraloeverashop.eu\\\/it\\\/prodotto\\\/set-cura-del-viso-beauty-diamonds\\\/#breadcrumb\",\"itemListElement\":[{\"@type\":\"ListItem\",\"position\":1,\"name\":\"Home\",\"item\":\"https:\\\/\\\/www.lraloeverashop.eu\\\/it\\\/\"},{\"@type\":\"ListItem\",\"position\":2,\"name\":\"Negozio\",\"item\":\"https:\\\/\\\/www.lraloeverashop.eu\\\/it\\\/negozio\\\/\"},{\"@type\":\"ListItem\",\"position\":3,\"name\":\"Set Cura del Viso Beauty Diamonds\"}]},{\"@type\":\"WebSite\",\"@id\":\"https:\\\/\\\/www.lraloeverashop.eu\\\/it\\\/#website\",\"url\":\"https:\\\/\\\/www.lraloeverashop.eu\\\/it\\\/\",\"name\":\"Lr Negozio di Aloe Vera\",\"description\":\"High Quality Lr Aloe Vera Gel, Aloe Vera Cream and Shampoo\",\"publisher\":{\"@id\":\"https:\\\/\\\/www.lraloeverashop.eu\\\/it\\\/#organization\"},\"alternateName\":\"LR\",\"potentialAction\":[{\"@type\":\"SearchAction\",\"target\":{\"@type\":\"EntryPoint\",\"urlTemplate\":\"https:\\\/\\\/www.lraloeverashop.eu\\\/it\\\/?s={search_term_string}\"},\"query-input\":{\"@type\":\"PropertyValueSpecification\",\"valueRequired\":true,\"valueName\":\"search_term_string\"}}],\"inLanguage\":\"it-IT\"},{\"@type\":\"Organization\",\"@id\":\"https:\\\/\\\/www.lraloeverashop.eu\\\/it\\\/#organization\",\"name\":\"Negozio di Lr Aloe Vera\",\"alternateName\":\"LR\",\"url\":\"https:\\\/\\\/www.lraloeverashop.eu\\\/it\\\/\",\"logo\":{\"@type\":\"ImageObject\",\"inLanguage\":\"it-IT\",\"@id\":\"https:\\\/\\\/www.lraloeverashop.eu\\\/it\\\/#\\\/schema\\\/logo\\\/image\\\/\",\"url\":\"https:\\\/\\\/www.lraloeverashop.eu\\\/wp-content\\\/uploads\\\/2022\\\/09\\\/cropped-Lr-Aloe-Vera-Shop.jpg\",\"contentUrl\":\"https:\\\/\\\/www.lraloeverashop.eu\\\/wp-content\\\/uploads\\\/2022\\\/09\\\/cropped-Lr-Aloe-Vera-Shop.jpg\",\"width\":228,\"height\":76,\"caption\":\"Negozio di Lr Aloe Vera\"},\"image\":{\"@id\":\"https:\\\/\\\/www.lraloeverashop.eu\\\/it\\\/#\\\/schema\\\/logo\\\/image\\\/\"},\"sameAs\":[\"https:\\\/\\\/www.facebook.com\\\/lraloeverashop.eu\",\"https:\\\/\\\/x.com\\\/natur__kosmetik\",\"https:\\\/\\\/www.youtube.com\\\/channel\\\/UC5oN7BJ8nfYb8RpVtjwDEBA\",\"https:\\\/\\\/www.instagram.com\\\/lrbeautyeu\\\/\"],\"description\":\"Negozio di Lr Aloe Vera \u00e8 il tuo punto di riferimento per i prodotti LR Health & Beauty di alta qualit\u00e0, realizzati in Germania. Offriamo soluzioni per la cura della pelle, l'alimentazione e l'anti-et\u00e0 a base di Aloe Vera, formulate con ingredienti puri e supportate da ricerche scientifiche. Scopri una cura naturale che rigenera, protegge e rivitalizza la tua pelle e approfitta delle esclusive offerte mensili sui nostri prodotti LR Aloe Vera pi\u00f9 venduti.\\nInizia oggi il tuo percorso di cura della pelle naturale e senti la differenza.\",\"email\":\"info@lraloeverashop.eu\",\"telephone\":\"+49 17670609653\",\"legalName\":\"Lr Aloe Vera Shop\",\"foundingDate\":\"2018-04-21\",\"numberOfEmployees\":{\"@type\":\"QuantitativeValue\",\"minValue\":\"1\",\"maxValue\":\"10\"}}]}<\/script>\n<meta property=\"product:price:amount\" content=\"146.99\" \/>\n<meta property=\"product:price:currency\" content=\"EUR\" \/>\n<meta property=\"og:availability\" content=\"instock\" \/>\n<meta property=\"product:availability\" content=\"instock\" \/>\n<meta property=\"product:retailer_item_id\" content=\"28325-1IT\" \/>\n<meta property=\"product:condition\" content=\"new\" \/>\n<!-- \/ Yoast SEO Premium plugin. -->","yoast_head_json":{"title":"Set Cura del Viso Beauty Diamonds Nutre e Rafforza la Tua Pelle","description":"Scopri il potere anti-et\u00e0 con il nostro Set Cura del Viso Beauty Diamonds. Riduci le rughe e rassoda la pelle durante la notte per un aspetto giovane e luminoso.","robots":{"index":"index","follow":"follow","max-snippet":"max-snippet:-1","max-image-preview":"max-image-preview:large","max-video-preview":"max-video-preview:-1"},"canonical":"https:\/\/www.lraloeverashop.eu\/it\/prodotto\/set-cura-del-viso-beauty-diamonds\/","og_locale":"it_IT","og_type":"article","og_title":"Set Cura del Viso Beauty Diamonds","og_description":"Scopri il potere anti-et\u00e0 con il nostro Set Cura del Viso Beauty Diamonds. Riduci le rughe e rassoda la pelle durante la notte per un aspetto giovane e luminoso.","og_url":"https:\/\/www.lraloeverashop.eu\/it\/prodotto\/set-cura-del-viso-beauty-diamonds\/","og_site_name":"Lr Negozio di Aloe Vera","article_publisher":"https:\/\/www.facebook.com\/lraloeverashop.eu","article_modified_time":"2026-02-03T18:59:20+00:00","og_image":[{"width":1200,"height":1200,"url":"https:\/\/www.lraloeverashop.eu\/wp-content\/uploads\/2024\/11\/Beauty-Diamonds-Face-Care.jpg","type":"image\/jpeg"}],"twitter_card":"summary_large_image","twitter_site":"@natur__kosmetik","schema":{"@context":"https:\/\/schema.org","@graph":[{"@type":["WebPage","ItemPage"],"@id":"https:\/\/www.lraloeverashop.eu\/it\/prodotto\/set-cura-del-viso-beauty-diamonds\/","url":"https:\/\/www.lraloeverashop.eu\/it\/prodotto\/set-cura-del-viso-beauty-diamonds\/","name":"Set Cura del Viso Beauty Diamonds Nutre e Rafforza la Tua Pelle","isPartOf":{"@id":"https:\/\/www.lraloeverashop.eu\/it\/#website"},"primaryImageOfPage":{"@id":"https:\/\/www.lraloeverashop.eu\/it\/prodotto\/set-cura-del-viso-beauty-diamonds\/#primaryimage"},"image":{"@id":"https:\/\/www.lraloeverashop.eu\/it\/prodotto\/set-cura-del-viso-beauty-diamonds\/#primaryimage"},"thumbnailUrl":"https:\/\/www.lraloeverashop.eu\/wp-content\/uploads\/2024\/11\/Beauty-Diamonds-Face-Care.jpg","datePublished":"2024-11-04T16:28:57+00:00","dateModified":"2026-02-03T18:59:20+00:00","description":"Scopri il potere anti-et\u00e0 con il nostro Set Cura del Viso Beauty Diamonds. Riduci le rughe e rassoda la pelle durante la notte per un aspetto giovane e luminoso.","breadcrumb":{"@id":"https:\/\/www.lraloeverashop.eu\/it\/prodotto\/set-cura-del-viso-beauty-diamonds\/#breadcrumb"},"inLanguage":"it-IT","potentialAction":[{"@type":"ReadAction","target":["https:\/\/www.lraloeverashop.eu\/it\/prodotto\/set-cura-del-viso-beauty-diamonds\/"]}]},{"@type":"ImageObject","inLanguage":"it-IT","@id":"https:\/\/www.lraloeverashop.eu\/it\/prodotto\/set-cura-del-viso-beauty-diamonds\/#primaryimage","url":"https:\/\/www.lraloeverashop.eu\/wp-content\/uploads\/2024\/11\/Beauty-Diamonds-Face-Care.jpg","contentUrl":"https:\/\/www.lraloeverashop.eu\/wp-content\/uploads\/2024\/11\/Beauty-Diamonds-Face-Care.jpg","width":1200,"height":1200,"caption":"Cura del viso Beauty Diamonds"},{"@type":"BreadcrumbList","@id":"https:\/\/www.lraloeverashop.eu\/it\/prodotto\/set-cura-del-viso-beauty-diamonds\/#breadcrumb","itemListElement":[{"@type":"ListItem","position":1,"name":"Home","item":"https:\/\/www.lraloeverashop.eu\/it\/"},{"@type":"ListItem","position":2,"name":"Negozio","item":"https:\/\/www.lraloeverashop.eu\/it\/negozio\/"},{"@type":"ListItem","position":3,"name":"Set Cura del Viso Beauty Diamonds"}]},{"@type":"WebSite","@id":"https:\/\/www.lraloeverashop.eu\/it\/#website","url":"https:\/\/www.lraloeverashop.eu\/it\/","name":"Lr Negozio di Aloe Vera","description":"High Quality Lr Aloe Vera Gel, Aloe Vera Cream and Shampoo","publisher":{"@id":"https:\/\/www.lraloeverashop.eu\/it\/#organization"},"alternateName":"LR","potentialAction":[{"@type":"SearchAction","target":{"@type":"EntryPoint","urlTemplate":"https:\/\/www.lraloeverashop.eu\/it\/?s={search_term_string}"},"query-input":{"@type":"PropertyValueSpecification","valueRequired":true,"valueName":"search_term_string"}}],"inLanguage":"it-IT"},{"@type":"Organization","@id":"https:\/\/www.lraloeverashop.eu\/it\/#organization","name":"Negozio di Lr Aloe Vera","alternateName":"LR","url":"https:\/\/www.lraloeverashop.eu\/it\/","logo":{"@type":"ImageObject","inLanguage":"it-IT","@id":"https:\/\/www.lraloeverashop.eu\/it\/#\/schema\/logo\/image\/","url":"https:\/\/www.lraloeverashop.eu\/wp-content\/uploads\/2022\/09\/cropped-Lr-Aloe-Vera-Shop.jpg","contentUrl":"https:\/\/www.lraloeverashop.eu\/wp-content\/uploads\/2022\/09\/cropped-Lr-Aloe-Vera-Shop.jpg","width":228,"height":76,"caption":"Negozio di Lr Aloe Vera"},"image":{"@id":"https:\/\/www.lraloeverashop.eu\/it\/#\/schema\/logo\/image\/"},"sameAs":["https:\/\/www.facebook.com\/lraloeverashop.eu","https:\/\/x.com\/natur__kosmetik","https:\/\/www.youtube.com\/channel\/UC5oN7BJ8nfYb8RpVtjwDEBA","https:\/\/www.instagram.com\/lrbeautyeu\/"],"description":"Negozio di Lr Aloe Vera \u00e8 il tuo punto di riferimento per i prodotti LR Health & Beauty di alta qualit\u00e0, realizzati in Germania. Offriamo soluzioni per la cura della pelle, l'alimentazione e l'anti-et\u00e0 a base di Aloe Vera, formulate con ingredienti puri e supportate da ricerche scientifiche. Scopri una cura naturale che rigenera, protegge e rivitalizza la tua pelle e approfitta delle esclusive offerte mensili sui nostri prodotti LR Aloe Vera pi\u00f9 venduti.\nInizia oggi il tuo percorso di cura della pelle naturale e senti la differenza.","email":"info@lraloeverashop.eu","telephone":"+49 17670609653","legalName":"Lr Aloe Vera Shop","foundingDate":"2018-04-21","numberOfEmployees":{"@type":"QuantitativeValue","minValue":"1","maxValue":"10"}}]},"product_price_amount":"146.99","product_price_currency":"EUR","og_availability":"instock","product_availability":"instock","product_retailer_item_id":"28325-1IT","product_condition":"new"},"taxonomy_info":{"product_cat":[{"value":364,"label":"Beauty Diamonds"},{"value":268,"label":"Cura antiet\u00e0"},{"value":280,"label":"Donne sopra i 40 anni"},{"value":329,"label":"Prodotti antiet\u00e0"}],"product_tag":[{"value":702,"label":"per le rughe del viso"},{"value":703,"label":"per le rughe sotto gli occhi"}]},"featured_image_src_large":["https:\/\/www.lraloeverashop.eu\/wp-content\/uploads\/2024\/11\/Beauty-Diamonds-Face-Care-1024x1024.jpg",1024,1024,true],"author_info":[],"comment_info":0,"_links":{"self":[{"href":"https:\/\/www.lraloeverashop.eu\/it\/wp-json\/wp\/v2\/product\/18348","targetHints":{"allow":["GET"]}}],"collection":[{"href":"https:\/\/www.lraloeverashop.eu\/it\/wp-json\/wp\/v2\/product"}],"about":[{"href":"https:\/\/www.lraloeverashop.eu\/it\/wp-json\/wp\/v2\/types\/product"}],"replies":[{"embeddable":true,"href":"https:\/\/www.lraloeverashop.eu\/it\/wp-json\/wp\/v2\/comments?post=18348"}],"wp:featuredmedia":[{"embeddable":true,"href":"https:\/\/www.lraloeverashop.eu\/it\/wp-json\/wp\/v2\/media\/18243"}],"wp:attachment":[{"href":"https:\/\/www.lraloeverashop.eu\/it\/wp-json\/wp\/v2\/media?parent=18348"}],"wp:term":[{"taxonomy":"product_brand","embeddable":true,"href":"https:\/\/www.lraloeverashop.eu\/it\/wp-json\/wp\/v2\/product_brand?post=18348"},{"taxonomy":"product_cat","embeddable":true,"href":"https:\/\/www.lraloeverashop.eu\/it\/wp-json\/wp\/v2\/product_cat?post=18348"},{"taxonomy":"product_tag","embeddable":true,"href":"https:\/\/www.lraloeverashop.eu\/it\/wp-json\/wp\/v2\/product_tag?post=18348"}],"curies":[{"name":"wp","href":"https:\/\/api.w.org\/{rel}","templated":true}]}}