{"id":15306,"date":"2024-05-23T10:30:42","date_gmt":"2024-05-23T08:30:42","guid":{"rendered":"https:\/\/www.lraloeverashop.eu\/product\/mind-master-bevanda-gold\/"},"modified":"2026-02-03T20:02:30","modified_gmt":"2026-02-03T19:02:30","slug":"mind-master-bevanda-gold","status":"publish","type":"product","link":"https:\/\/www.lraloeverashop.eu\/it\/prodotto\/mind-master-bevanda-gold\/","title":{"rendered":"Mind Master Bevanda Gold"},"content":{"rendered":"<h2><span style=\"font-size: 16pt;\"><strong>Mind Master Bevanda Gold<\/strong><\/span><\/h2>\n<p><span style=\"font-size: 14pt;\"><strong>Mind Master Bevanda Gold supporta la memoria e la concentrazione<\/strong><\/span><\/p>\n<p>Migliora le tue prestazioni mentali e conquista la tua giornata con LR LIFETAKT Mind Master Bevanda Gold. Progettata per migliorare la funzione cognitiva e ridurre lo stress, questa formula premium \u00e8 la chiave per sbloccare il massimo potenziale mentale. Che tu stia affrontando un&#8217;intensa giornata lavorativa, studiando per gli esami o gestendo le attivit\u00e0 quotidiane, Mind Master Formula Gold supporta il tuo cervello in ogni fase del percorso.<\/p>\n<p>&nbsp;<\/p>\n<p><span style=\"font-size: 16pt;\"><strong>Perch\u00e9 scegliere Mind Master Bevanda Gold?<\/strong><\/span><\/p>\n<ul>\n<li><strong>Funzione cognitiva migliorata:<\/strong> sperimenta una migliore concentrazione, chiarezza e resistenza mentale.<\/li>\n<li><strong>Riduzione dello stress:<\/strong> formulato con ingredienti che aiutano a gestire e ridurre lo stress.<\/li>\n<li><strong>Ingredienti naturali:<\/strong> realizzati con componenti naturali di alta qualit\u00e0 per una salute cerebrale ottimale.<\/li>\n<li><strong>Facile da usare:<\/strong> incorporalo facilmente nella tua routine quotidiana con una comoda formula liquida.<\/li>\n<\/ul>\n<p>&nbsp;<\/p>\n<p><span style=\"font-size: 16pt;\"><strong>Principali vantaggi in breve:<\/strong><\/span><\/p>\n<ul>\n<li><strong>Supporta la memoria e la concentrazione:<\/strong> perfetto per studenti, professionisti e chiunque abbia bisogno di un vantaggio mentale.<\/li>\n<li><strong>Mind Master Gold Promuove il benessere generale:<\/strong> aiuta a mantenere un umore equilibrato e a <a href=\"https:\/\/www.lraloeverashop.eu\/it\/prodotto\/mind-master-bevanda-verde\/\">ridurre l&#8217;ansia<\/a>.<\/li>\n<li><strong>Aumenta i livelli di energia:<\/strong> fornisce un aumento di energia naturale senza il nervosismo della caffeina.<\/li>\n<li><strong>Protezione antiossidante:<\/strong> protegge il cervello dallo stress ossidativo e dall&#8217;invecchiamento.<\/li>\n<\/ul>\n<p>&nbsp;<\/p>\n<h3><strong><span style=\"font-size: 16pt;\">Come usare<\/span><\/strong><\/h3>\n<p><strong>Dose Giornaliera Raccomandata:<\/strong><br \/>\nPrendi 80 ml di Mind Master Bevanda Gold una volta al giorno, preferibilmente dopo un pasto. A seconda delle preferenze, pu\u00f2 essere consumato puro o sciolto in acqua o succo. Agitare prima dell\u2019uso. Dopo l\u2019apertura, conservarlo in frigorifero.<\/p>\n<p><strong>Non superare la dose giornaliera raccomandata.<\/strong><br \/>\nGli integratori alimentari non sostituiscono una dieta variata ed equilibrata, in combinazione con uno stile di vita sano. Tenere fuori dalla portata dei bambini.<\/p>\n<p>&nbsp;<\/p>\n<p><span style=\"font-size: 16pt;\"><strong>Aspetti positivi di Mind Master Bevanda Gold:<\/strong><\/span><\/p>\n<ul>\n<li>Migliora la chiarezza mentale e la concentrazione<\/li>\n<li>Riduce lo stress e l&#8217;ansia<\/li>\n<li>Migliora la memoria e la capacit\u00e0 di apprendimento<\/li>\n<li>Fornisce energia sostenuta per tutto il giorno<\/li>\n<li>Realizzato con ingredienti naturali e di alta qualit\u00e0<\/li>\n<\/ul>\n<p>Sei pronto a prendere il controllo delle tue <a href=\"https:\/\/www.lraloeverashop.eu\/it\/prodotto\/mind-master-polvere-con-guarana\/\">prestazioni mentali<\/a> e del tuo benessere? Prova oggi stesso LR LIFETAKT Mind Master Bevanda Gold e sperimenta la differenza. Scatena tutto il tuo potenziale e conquista la tua giornata con sicurezza. Non aspettare: fai subito la scelta intelligente per la tua mente e il tuo corpo!<\/p>\n<p>1. La vitamina E aiuta a proteggere le cellule dallo <a href=\"https:\/\/www.lraloeverashop.eu\/it\/prodotto\/mind-master-bevanda-rossa\/\">stress ossidativo<\/a>.<br \/>\n2. La vitamina B12 contribuisce al normale metabolismo energetico, al normale funzionamento del sistema nervoso e alla riduzione della stanchezza e dell&#8217;affaticamento. Il ferro contribuisce alla normale funzione cognitiva e al normale trasporto di ossigeno nel corpo. La vitamina D contribuisce al mantenimento di ossa normali e della normale funzione muscolare.<br \/>\n3. La vitamina B12 in Mind Master Bevanda Gold contribuisce alla normale funzione psicologica e al normale funzionamento del sistema nervoso. Il ferro contribuisce alla <a href=\"https:\/\/www.lraloeverashop.eu\/it\/aloe-vera-da-bere-da-lr-health-beauty\/\">normale funzione cognitiva<\/a>.<\/p>\n","protected":false},"excerpt":{"rendered":"<ul>\n<li>Protegge dallo stress ossidativo\u00b9<\/li>\n<li>Supporta in caso di stanchezza e esaurimento\u00b2<\/li>\n<li>Fornisce nutrienti preziosi per la psiche e il benessere mentale\u00b3<\/li>\n<li>Con coenzima Q10, vitamine D e K, estratto di t\u00e8 bianco, curcuma, aloe vera e L-carnitina<\/li>\n<li>Gusto fruttato e fresco di arancia rossa, melone e limone<\/li>\n<li>Quantit\u00e0: 500ml<\/li>\n<\/ul>\n<p><span style=\"color: #ff0000;\"><a style=\"color: #ff0000;\" href=\"https:\/\/shop.lrworld.com\/openpao?PHP=0vFlt7jT938BEnBI3a6e9w%3D%3D\"><span style=\"font-size: 14pt;\"><strong>Registrati ora e risparmia il 35% su ogni ordine<\/strong><\/span><\/a><\/span><\/p>\n","protected":false},"featured_media":15277,"comment_status":"open","ping_status":"closed","template":"","meta":{"_kad_blocks_custom_css":"","_kad_blocks_head_custom_js":"","_kad_blocks_body_custom_js":"","_kad_blocks_footer_custom_js":"","_kadence_starter_templates_imported_post":false,"_kad_post_transparent":"default","_kad_post_title":"","_kad_post_layout":"default","_kad_post_sidebar_id":"","_kad_post_content_style":"default","_kad_post_vertical_padding":"default","_kad_post_feature":"","_kad_post_feature_position":"","_kad_post_header":false,"_kad_post_footer":false,"_kad_post_classname":""},"product_brand":[],"product_cat":[502,442,412,466],"product_tag":[658],"class_list":{"0":"post-15306","1":"product","2":"type-product","3":"status-publish","4":"has-post-thumbnail","6":"product_cat-mind-master-it","7":"product_cat-prestazioni-ed-energia","8":"product_cat-prodotti-speciali","9":"product_cat-nutrizionisti","10":"product_tag-energia","12":"first","13":"instock","14":"taxable","15":"shipping-taxable","16":"purchasable","17":"product-type-simple","18":"entry","19":"content-bg","20":"loop-entry"},"yoast_head":"<!-- This site is optimized with the Yoast SEO Premium plugin v27.4 (Yoast SEO v27.4) - https:\/\/yoast.com\/product\/yoast-seo-premium-wordpress\/ -->\n<title>Mind Master Bevanda Gold aumenta la memoria e concentrazione<\/title>\n<meta name=\"description\" content=\"Mind Master Bevanda Gold migliora le tue prestazioni mentali. Sblocca il massimo potenziale mentale con questa formula premium. Concentrati adesso!\" \/>\n<meta name=\"robots\" content=\"index, follow, max-snippet:-1, max-image-preview:large, max-video-preview:-1\" \/>\n<link rel=\"canonical\" href=\"https:\/\/www.lraloeverashop.eu\/it\/prodotto\/mind-master-bevanda-gold\/\" \/>\n<meta property=\"og:locale\" content=\"it_IT\" \/>\n<meta property=\"og:type\" content=\"article\" \/>\n<meta property=\"og:title\" content=\"Mind Master Bevanda Gold\" \/>\n<meta property=\"og:description\" content=\"Mind Master Bevanda Gold migliora le tue prestazioni mentali. Sblocca il massimo potenziale mentale con questa formula premium. Concentrati adesso!\" \/>\n<meta property=\"og:url\" content=\"https:\/\/www.lraloeverashop.eu\/it\/prodotto\/mind-master-bevanda-gold\/\" \/>\n<meta property=\"og:site_name\" content=\"Lr Negozio di Aloe Vera\" \/>\n<meta property=\"article:publisher\" content=\"https:\/\/www.facebook.com\/lraloeverashop.eu\" \/>\n<meta property=\"article:modified_time\" content=\"2026-02-03T19:02:30+00:00\" \/>\n<meta property=\"og:image\" content=\"https:\/\/www.lraloeverashop.eu\/wp-content\/uploads\/2024\/05\/Mind-Master-Gold.jpeg\" \/>\n\t<meta property=\"og:image:width\" content=\"1200\" \/>\n\t<meta property=\"og:image:height\" content=\"1200\" \/>\n\t<meta property=\"og:image:type\" content=\"image\/jpeg\" \/>\n<meta name=\"twitter:card\" content=\"summary_large_image\" \/>\n<meta name=\"twitter:site\" content=\"@natur__kosmetik\" \/>\n<script type=\"application\/ld+json\" class=\"yoast-schema-graph\">{\"@context\":\"https:\\\/\\\/schema.org\",\"@graph\":[{\"@type\":[\"WebPage\",\"ItemPage\"],\"@id\":\"https:\\\/\\\/www.lraloeverashop.eu\\\/it\\\/prodotto\\\/mind-master-bevanda-gold\\\/\",\"url\":\"https:\\\/\\\/www.lraloeverashop.eu\\\/it\\\/prodotto\\\/mind-master-bevanda-gold\\\/\",\"name\":\"Mind Master Bevanda Gold aumenta la memoria e concentrazione\",\"isPartOf\":{\"@id\":\"https:\\\/\\\/www.lraloeverashop.eu\\\/it\\\/#website\"},\"primaryImageOfPage\":{\"@id\":\"https:\\\/\\\/www.lraloeverashop.eu\\\/it\\\/prodotto\\\/mind-master-bevanda-gold\\\/#primaryimage\"},\"image\":{\"@id\":\"https:\\\/\\\/www.lraloeverashop.eu\\\/it\\\/prodotto\\\/mind-master-bevanda-gold\\\/#primaryimage\"},\"thumbnailUrl\":\"https:\\\/\\\/www.lraloeverashop.eu\\\/wp-content\\\/uploads\\\/2024\\\/05\\\/Mind-Master-Gold.jpeg\",\"datePublished\":\"2024-05-23T08:30:42+00:00\",\"dateModified\":\"2026-02-03T19:02:30+00:00\",\"description\":\"Mind Master Bevanda Gold migliora le tue prestazioni mentali. Sblocca il massimo potenziale mentale con questa formula premium. Concentrati adesso!\",\"breadcrumb\":{\"@id\":\"https:\\\/\\\/www.lraloeverashop.eu\\\/it\\\/prodotto\\\/mind-master-bevanda-gold\\\/#breadcrumb\"},\"inLanguage\":\"it-IT\",\"potentialAction\":[{\"@type\":\"ReadAction\",\"target\":[\"https:\\\/\\\/www.lraloeverashop.eu\\\/it\\\/prodotto\\\/mind-master-bevanda-gold\\\/\"]}]},{\"@type\":\"ImageObject\",\"inLanguage\":\"it-IT\",\"@id\":\"https:\\\/\\\/www.lraloeverashop.eu\\\/it\\\/prodotto\\\/mind-master-bevanda-gold\\\/#primaryimage\",\"url\":\"https:\\\/\\\/www.lraloeverashop.eu\\\/wp-content\\\/uploads\\\/2024\\\/05\\\/Mind-Master-Gold.jpeg\",\"contentUrl\":\"https:\\\/\\\/www.lraloeverashop.eu\\\/wp-content\\\/uploads\\\/2024\\\/05\\\/Mind-Master-Gold.jpeg\",\"width\":1200,\"height\":1200,\"caption\":\"Mind Master Bevanda Gold per pi\u00f9 energia\"},{\"@type\":\"BreadcrumbList\",\"@id\":\"https:\\\/\\\/www.lraloeverashop.eu\\\/it\\\/prodotto\\\/mind-master-bevanda-gold\\\/#breadcrumb\",\"itemListElement\":[{\"@type\":\"ListItem\",\"position\":1,\"name\":\"Home\",\"item\":\"https:\\\/\\\/www.lraloeverashop.eu\\\/it\\\/\"},{\"@type\":\"ListItem\",\"position\":2,\"name\":\"Negozio\",\"item\":\"https:\\\/\\\/www.lraloeverashop.eu\\\/it\\\/negozio\\\/\"},{\"@type\":\"ListItem\",\"position\":3,\"name\":\"Mind Master Bevanda Gold\"}]},{\"@type\":\"WebSite\",\"@id\":\"https:\\\/\\\/www.lraloeverashop.eu\\\/it\\\/#website\",\"url\":\"https:\\\/\\\/www.lraloeverashop.eu\\\/it\\\/\",\"name\":\"Lr Negozio di Aloe Vera\",\"description\":\"High Quality Lr Aloe Vera Gel, Aloe Vera Cream and Shampoo\",\"publisher\":{\"@id\":\"https:\\\/\\\/www.lraloeverashop.eu\\\/it\\\/#organization\"},\"potentialAction\":[{\"@type\":\"SearchAction\",\"target\":{\"@type\":\"EntryPoint\",\"urlTemplate\":\"https:\\\/\\\/www.lraloeverashop.eu\\\/it\\\/?s={search_term_string}\"},\"query-input\":{\"@type\":\"PropertyValueSpecification\",\"valueRequired\":true,\"valueName\":\"search_term_string\"}}],\"inLanguage\":\"it-IT\"},{\"@type\":\"Organization\",\"@id\":\"https:\\\/\\\/www.lraloeverashop.eu\\\/it\\\/#organization\",\"name\":\"Negozio di Lr Aloe Vera\",\"alternateName\":\"LR\",\"url\":\"https:\\\/\\\/www.lraloeverashop.eu\\\/it\\\/\",\"logo\":{\"@type\":\"ImageObject\",\"inLanguage\":\"it-IT\",\"@id\":\"https:\\\/\\\/www.lraloeverashop.eu\\\/it\\\/#\\\/schema\\\/logo\\\/image\\\/\",\"url\":\"https:\\\/\\\/www.lraloeverashop.eu\\\/wp-content\\\/uploads\\\/2022\\\/09\\\/cropped-Lr-Aloe-Vera-Shop.jpg\",\"contentUrl\":\"https:\\\/\\\/www.lraloeverashop.eu\\\/wp-content\\\/uploads\\\/2022\\\/09\\\/cropped-Lr-Aloe-Vera-Shop.jpg\",\"width\":228,\"height\":76,\"caption\":\"Negozio di Lr Aloe Vera\"},\"image\":{\"@id\":\"https:\\\/\\\/www.lraloeverashop.eu\\\/it\\\/#\\\/schema\\\/logo\\\/image\\\/\"},\"sameAs\":[\"https:\\\/\\\/www.facebook.com\\\/lraloeverashop.eu\",\"https:\\\/\\\/x.com\\\/natur__kosmetik\",\"https:\\\/\\\/www.youtube.com\\\/channel\\\/UC5oN7BJ8nfYb8RpVtjwDEBA\",\"https:\\\/\\\/www.instagram.com\\\/lrbeautyeu\\\/\"],\"description\":\"Negozio di Lr Aloe Vera \u00e8 il tuo punto di riferimento per i prodotti LR Health & Beauty di alta qualit\u00e0, realizzati in Germania. Offriamo soluzioni per la cura della pelle, l'alimentazione e l'anti-et\u00e0 a base di Aloe Vera, formulate con ingredienti puri e supportate da ricerche scientifiche. Scopri una cura naturale che rigenera, protegge e rivitalizza la tua pelle e approfitta delle esclusive offerte mensili sui nostri prodotti LR Aloe Vera pi\u00f9 venduti.\\nInizia oggi il tuo percorso di cura della pelle naturale e senti la differenza.\",\"email\":\"info@lraloeverashop.eu\",\"telephone\":\"+49 17670609653\",\"legalName\":\"Lr Aloe Vera Shop\",\"foundingDate\":\"2018-04-21\",\"numberOfEmployees\":{\"@type\":\"QuantitativeValue\",\"minValue\":\"1\",\"maxValue\":\"10\"}}]}<\/script>\n<meta property=\"product:price:amount\" content=\"25.59\" \/>\n<meta property=\"product:price:currency\" content=\"EUR\" \/>\n<meta property=\"og:availability\" content=\"instock\" \/>\n<meta property=\"product:availability\" content=\"instock\" \/>\n<meta property=\"product:retailer_item_id\" content=\"80940-1IT\" \/>\n<meta property=\"product:condition\" content=\"new\" \/>\n<!-- \/ Yoast SEO Premium plugin. -->","yoast_head_json":{"title":"Mind Master Bevanda Gold aumenta la memoria e concentrazione","description":"Mind Master Bevanda Gold migliora le tue prestazioni mentali. Sblocca il massimo potenziale mentale con questa formula premium. Concentrati adesso!","robots":{"index":"index","follow":"follow","max-snippet":"max-snippet:-1","max-image-preview":"max-image-preview:large","max-video-preview":"max-video-preview:-1"},"canonical":"https:\/\/www.lraloeverashop.eu\/it\/prodotto\/mind-master-bevanda-gold\/","og_locale":"it_IT","og_type":"article","og_title":"Mind Master Bevanda Gold","og_description":"Mind Master Bevanda Gold migliora le tue prestazioni mentali. Sblocca il massimo potenziale mentale con questa formula premium. Concentrati adesso!","og_url":"https:\/\/www.lraloeverashop.eu\/it\/prodotto\/mind-master-bevanda-gold\/","og_site_name":"Lr Negozio di Aloe Vera","article_publisher":"https:\/\/www.facebook.com\/lraloeverashop.eu","article_modified_time":"2026-02-03T19:02:30+00:00","og_image":[{"width":1200,"height":1200,"url":"https:\/\/www.lraloeverashop.eu\/wp-content\/uploads\/2024\/05\/Mind-Master-Gold.jpeg","type":"image\/jpeg"}],"twitter_card":"summary_large_image","twitter_site":"@natur__kosmetik","schema":{"@context":"https:\/\/schema.org","@graph":[{"@type":["WebPage","ItemPage"],"@id":"https:\/\/www.lraloeverashop.eu\/it\/prodotto\/mind-master-bevanda-gold\/","url":"https:\/\/www.lraloeverashop.eu\/it\/prodotto\/mind-master-bevanda-gold\/","name":"Mind Master Bevanda Gold aumenta la memoria e concentrazione","isPartOf":{"@id":"https:\/\/www.lraloeverashop.eu\/it\/#website"},"primaryImageOfPage":{"@id":"https:\/\/www.lraloeverashop.eu\/it\/prodotto\/mind-master-bevanda-gold\/#primaryimage"},"image":{"@id":"https:\/\/www.lraloeverashop.eu\/it\/prodotto\/mind-master-bevanda-gold\/#primaryimage"},"thumbnailUrl":"https:\/\/www.lraloeverashop.eu\/wp-content\/uploads\/2024\/05\/Mind-Master-Gold.jpeg","datePublished":"2024-05-23T08:30:42+00:00","dateModified":"2026-02-03T19:02:30+00:00","description":"Mind Master Bevanda Gold migliora le tue prestazioni mentali. Sblocca il massimo potenziale mentale con questa formula premium. Concentrati adesso!","breadcrumb":{"@id":"https:\/\/www.lraloeverashop.eu\/it\/prodotto\/mind-master-bevanda-gold\/#breadcrumb"},"inLanguage":"it-IT","potentialAction":[{"@type":"ReadAction","target":["https:\/\/www.lraloeverashop.eu\/it\/prodotto\/mind-master-bevanda-gold\/"]}]},{"@type":"ImageObject","inLanguage":"it-IT","@id":"https:\/\/www.lraloeverashop.eu\/it\/prodotto\/mind-master-bevanda-gold\/#primaryimage","url":"https:\/\/www.lraloeverashop.eu\/wp-content\/uploads\/2024\/05\/Mind-Master-Gold.jpeg","contentUrl":"https:\/\/www.lraloeverashop.eu\/wp-content\/uploads\/2024\/05\/Mind-Master-Gold.jpeg","width":1200,"height":1200,"caption":"Mind Master Bevanda Gold per pi\u00f9 energia"},{"@type":"BreadcrumbList","@id":"https:\/\/www.lraloeverashop.eu\/it\/prodotto\/mind-master-bevanda-gold\/#breadcrumb","itemListElement":[{"@type":"ListItem","position":1,"name":"Home","item":"https:\/\/www.lraloeverashop.eu\/it\/"},{"@type":"ListItem","position":2,"name":"Negozio","item":"https:\/\/www.lraloeverashop.eu\/it\/negozio\/"},{"@type":"ListItem","position":3,"name":"Mind Master Bevanda Gold"}]},{"@type":"WebSite","@id":"https:\/\/www.lraloeverashop.eu\/it\/#website","url":"https:\/\/www.lraloeverashop.eu\/it\/","name":"Lr Negozio di Aloe Vera","description":"High Quality Lr Aloe Vera Gel, Aloe Vera Cream and Shampoo","publisher":{"@id":"https:\/\/www.lraloeverashop.eu\/it\/#organization"},"potentialAction":[{"@type":"SearchAction","target":{"@type":"EntryPoint","urlTemplate":"https:\/\/www.lraloeverashop.eu\/it\/?s={search_term_string}"},"query-input":{"@type":"PropertyValueSpecification","valueRequired":true,"valueName":"search_term_string"}}],"inLanguage":"it-IT"},{"@type":"Organization","@id":"https:\/\/www.lraloeverashop.eu\/it\/#organization","name":"Negozio di Lr Aloe Vera","alternateName":"LR","url":"https:\/\/www.lraloeverashop.eu\/it\/","logo":{"@type":"ImageObject","inLanguage":"it-IT","@id":"https:\/\/www.lraloeverashop.eu\/it\/#\/schema\/logo\/image\/","url":"https:\/\/www.lraloeverashop.eu\/wp-content\/uploads\/2022\/09\/cropped-Lr-Aloe-Vera-Shop.jpg","contentUrl":"https:\/\/www.lraloeverashop.eu\/wp-content\/uploads\/2022\/09\/cropped-Lr-Aloe-Vera-Shop.jpg","width":228,"height":76,"caption":"Negozio di Lr Aloe Vera"},"image":{"@id":"https:\/\/www.lraloeverashop.eu\/it\/#\/schema\/logo\/image\/"},"sameAs":["https:\/\/www.facebook.com\/lraloeverashop.eu","https:\/\/x.com\/natur__kosmetik","https:\/\/www.youtube.com\/channel\/UC5oN7BJ8nfYb8RpVtjwDEBA","https:\/\/www.instagram.com\/lrbeautyeu\/"],"description":"Negozio di Lr Aloe Vera \u00e8 il tuo punto di riferimento per i prodotti LR Health & Beauty di alta qualit\u00e0, realizzati in Germania. Offriamo soluzioni per la cura della pelle, l'alimentazione e l'anti-et\u00e0 a base di Aloe Vera, formulate con ingredienti puri e supportate da ricerche scientifiche. Scopri una cura naturale che rigenera, protegge e rivitalizza la tua pelle e approfitta delle esclusive offerte mensili sui nostri prodotti LR Aloe Vera pi\u00f9 venduti.\nInizia oggi il tuo percorso di cura della pelle naturale e senti la differenza.","email":"info@lraloeverashop.eu","telephone":"+49 17670609653","legalName":"Lr Aloe Vera Shop","foundingDate":"2018-04-21","numberOfEmployees":{"@type":"QuantitativeValue","minValue":"1","maxValue":"10"}}]},"product_price_amount":"25.59","product_price_currency":"EUR","og_availability":"instock","product_availability":"instock","product_retailer_item_id":"80940-1IT","product_condition":"new"},"taxonomy_info":{"product_cat":[{"value":502,"label":"Mind Master"},{"value":442,"label":"Prestazioni ed Energia"},{"value":412,"label":"Prodotti Speciali"},{"value":466,"label":"Specialisti"}],"product_tag":[{"value":658,"label":"Energia"}]},"featured_image_src_large":["https:\/\/www.lraloeverashop.eu\/wp-content\/uploads\/2024\/05\/Mind-Master-Gold-1024x1024.jpeg",1024,1024,true],"author_info":[],"comment_info":0,"_links":{"self":[{"href":"https:\/\/www.lraloeverashop.eu\/it\/wp-json\/wp\/v2\/product\/15306","targetHints":{"allow":["GET"]}}],"collection":[{"href":"https:\/\/www.lraloeverashop.eu\/it\/wp-json\/wp\/v2\/product"}],"about":[{"href":"https:\/\/www.lraloeverashop.eu\/it\/wp-json\/wp\/v2\/types\/product"}],"replies":[{"embeddable":true,"href":"https:\/\/www.lraloeverashop.eu\/it\/wp-json\/wp\/v2\/comments?post=15306"}],"wp:featuredmedia":[{"embeddable":true,"href":"https:\/\/www.lraloeverashop.eu\/it\/wp-json\/wp\/v2\/media\/15277"}],"wp:attachment":[{"href":"https:\/\/www.lraloeverashop.eu\/it\/wp-json\/wp\/v2\/media?parent=15306"}],"wp:term":[{"taxonomy":"product_brand","embeddable":true,"href":"https:\/\/www.lraloeverashop.eu\/it\/wp-json\/wp\/v2\/product_brand?post=15306"},{"taxonomy":"product_cat","embeddable":true,"href":"https:\/\/www.lraloeverashop.eu\/it\/wp-json\/wp\/v2\/product_cat?post=15306"},{"taxonomy":"product_tag","embeddable":true,"href":"https:\/\/www.lraloeverashop.eu\/it\/wp-json\/wp\/v2\/product_tag?post=15306"}],"curies":[{"name":"wp","href":"https:\/\/api.w.org\/{rel}","templated":true}]}}