{"id":14762,"date":"2024-04-21T15:19:37","date_gmt":"2024-04-21T13:19:37","guid":{"rendered":"https:\/\/www.lraloeverashop.eu\/?post_type=product&#038;p=14762"},"modified":"2026-02-03T20:03:05","modified_gmt":"2026-02-03T19:03:05","slug":"aloe-vera-gel-da-bere-acai-pro","status":"publish","type":"product","link":"https:\/\/www.lraloeverashop.eu\/it\/prodotto\/aloe-vera-gel-da-bere-acai-pro\/","title":{"rendered":"Aloe Vera Gel da bere Acai Pro"},"content":{"rendered":"<h2><span style=\"font-size: 16pt;\"><strong>Aloe Vera Gel da bere Acai Pro<\/strong><\/span><\/h2>\n<p><span style=\"font-size: 14pt;\"><strong>Aloe Vera Gel da Bere Acai Pro con ribes, frutti di bosco e miele<\/strong><\/span><\/p>\n<p><strong>LA TRIPLA PROTEZIONE PER LA TUA ESTATE<\/strong><\/p>\n<p>ACAI: ora puoi bere il famoso supercibo da LR! La bacca di a\u00e7a\u00ed \u00e8 nota per il suo contenuto insolitamente elevato di antiossidanti nonch\u00e9 di numerose vitamine e minerali.<\/p>\n<p><strong>EQUILIBRIO ELETTROLITICO:<\/strong> Assicura un equilibrio elettrolitico e un metabolismo equilibrati.\u00b9<br \/>\n<strong>PROTEZIONE SOLARE: <\/strong>Supporta la <a href=\"https:\/\/www.lraloeverashop.eu\/it\/aloe-vera-da-bere-da-lr-health-beauty\/\">protezione della pelle<\/a> del corpo e garantisce la pigmentazione naturale della pelle.\u00b2<br \/>\n<strong>PROTEZIONE DIFESA:<\/strong> Supporta il sistema immunitario.\u00b3<\/p>\n<p>&nbsp;<\/p>\n<h3><span style=\"font-size: 16pt;\"><strong>Aloe Vera Gel da bere Acai Pro \u00e8 il tuo elisir di lunga vita per una maggiore protezione in estate!<\/strong><\/span><\/h3>\n<p>Assicura un equilibrio elettrolitico e un metabolismo equilibrati\u00b9, supporta la protezione solare del corpo\u00b2 e garantisce la pigmentazione naturale della pelle\u00b2. Supporta anche il sistema immunitario\u00b3. La bevanda energetica estiva con l&#8217;85% di filetti di foglie di aloe vera, bacche di a\u00e7a\u00ed, ribes, frutti di bosco e <a href=\"https:\/\/www.lraloeverashop.eu\/it\/prodotto\/aloe-vera-gel-da-bere-al-miele\/\">miele<\/a> colpisce per il suo gusto naturale, fruttato e fresco delle bacche di a\u00e7a\u00ed.<\/p>\n<p>L&#8217;eccezionale qualit\u00e0 \u201cmade in Germany\u201d \u00e8 stata certificata dall&#8217;SGS Institut Fresenius e dallo IASC (International Aloe Science Council).<\/p>\n<p>1. La vitamina C contribuisce al normale metabolismo energetico, Lo zinco contribuisce al normale metabolismo della vitamina A, Il magnesio contribuisce all&#8217;equilibrio elettrolitico.<br \/>\n2. Rame e zinco aiutano a proteggere le cellule dallo <a href=\"https:\/\/www.lraloeverashop.eu\/it\/prodotto\/aloe-vera-gel-da-bere-6\/\">stress ossidativo<\/a>, Lo zinco aiuta a mantenere la pelle normale, Il rame contribuisce alla normale pigmentazione della pelle.<br \/>\n3. Lo zinco, la vitamina C e il rame contribuiscono al normale funzionamento del sistema immunitario.<\/p>\n<p>&nbsp;<\/p>\n<h3><span style=\"font-size: 16pt;\"><strong>Come usare<\/strong><\/span><\/h3>\n<p><strong>Consumo consigliato:<\/strong> Si consiglia di consumare 3 x 30 ml di Aloe Vera Gel da bere Acai Pro al giorno.<\/p>\n<p><strong>Nota:<\/strong> agitare prima dell&#8217;uso. Dopo l&#8217;apertura conservare in frigorifero e consumare velocemente. La dose giornaliera raccomandata non deve essere superata. Gli integratori alimentari non sostituiscono una dieta variata ed equilibrata, che \u00e8 importante insieme ad uno stile di vita sano.<br \/>\nTenere il prodotto fuori dalla portata dei bambini piccoli.<\/p>\n<p>&nbsp;<\/p>\n<h4><span style=\"font-size: 16pt;\"><strong>Lo sapevate?<\/strong><\/span><\/h4>\n<p><span style=\"font-size: 14pt;\"><strong>In LR la qualit\u00e0 incontra la competenza<\/strong><\/span><\/p>\n<p><strong>Alta qualit\u00e0 unica<\/strong><br \/>\nSolo i gel da bere Aloe Vera da Lr hanno ottenuto il sigillo SGS INSTITUT FRESENIUS e IASC per:<\/p>\n<p>\u2022 Prodotto di alta qualit\u00e0 \u2013 realizzato con puro gel di foglie di aloe vera, senza aloina*<br \/>\n\u2022 Coltivazione sostenibile in Messico (testato da IASC)<br \/>\n\u2022 Lavorazione delicata<br \/>\n\u2022 elevati standard produttivi<\/p>\n<p><strong>Anni di esperienza<\/strong><br \/>\nI gel da bere LR Aloe Vera sono sinonimo di qualit\u00e0 made in Germany:<\/p>\n<p>\u2022 LR \u00e8 un esperto di aloe vera da oltre 20 anni<br \/>\n\u2022 Produzione propria in uno degli impianti di produzione di aloe vera pi\u00f9 moderni della Germania<br \/>\n\u2022 Collaborazione con esperti rinomati<\/p>\n<p><strong>Non solo sano, ma anche delizioso<\/strong><br \/>\nI gel da bere LR Aloe Vera non solo offrono supporto in un&#8217;ampia gamma di situazioni, ma anche un&#8217;ampia gamma di gusti. Che si tratti di una nota naturale di ortica o di un piacevole gusto di miele, qui ce n&#8217;\u00e8 per tutti i gusti.<\/p>\n<p>Il Aloe Vera Gel da bere Acai Pro \u00e8 un prodotto naturale e col tempo il colore del gel pu\u00f2 cambiare. Ci\u00f2 non ha alcun impatto sulla qualit\u00e0.<\/p>\n","protected":false},"excerpt":{"rendered":"<ul>\n<li>Integratore alimentare con vitamina C e minerali<\/li>\n<li><strong>La 3 volte protezione per la tua estate:<\/strong> equilibrio elettrolitico\u00b9, protezione solare\u00b2 e protezione difesa\u00b3<\/li>\n<li><strong>Naturale:<\/strong> filetto di foglie di Aloe Vera all&#8217;85%.<\/li>\n<li><strong>Estivo:<\/strong> Con acai, ribes, frutti di bosco e miele<\/li>\n<li>Qualit\u00e0 eccezionale \u2013 Made in Germany<\/li>\n<li>Quantit\u00e0: 1000 ml<\/li>\n<\/ul>\n<p><span style=\"color: #ff0000;\"><a style=\"color: #ff0000;\" href=\"https:\/\/shop.lrworld.com\/openpao?PHP=0vFlt7jT938BEnBI3a6e9w%3D%3D\"><span style=\"font-size: 14pt;\"><strong>Registrati ora e risparmia il 35% su ogni ordine<\/strong><\/span><\/a><\/span><\/p>\n","protected":false},"featured_media":14739,"comment_status":"open","ping_status":"closed","template":"","meta":{"_kad_blocks_custom_css":"","_kad_blocks_head_custom_js":"","_kad_blocks_body_custom_js":"","_kad_blocks_footer_custom_js":"","_kadence_starter_templates_imported_post":false,"_kad_post_transparent":"default","_kad_post_title":"","_kad_post_layout":"default","_kad_post_sidebar_id":"","_kad_post_content_style":"default","_kad_post_vertical_padding":"default","_kad_post_feature":"","_kad_post_feature_position":"","_kad_post_header":false,"_kad_post_footer":false,"_kad_post_classname":""},"product_brand":[],"product_cat":[400,293,436,418,466],"product_tag":[602],"class_list":{"0":"post-14762","1":"product","2":"type-product","3":"status-publish","4":"has-post-thumbnail","6":"product_cat-base-it","7":"product_cat-gel-da-bere-allaloe-vera","8":"product_cat-intestino-e-digestione","9":"product_cat-ossa-articolazioni-e-muscoli","10":"product_cat-nutrizionisti","11":"product_tag-bevande-disintossicanti","13":"first","14":"instock","15":"taxable","16":"shipping-taxable","17":"purchasable","18":"product-type-simple","19":"entry","20":"content-bg","21":"loop-entry"},"yoast_head":"<!-- This site is optimized with the Yoast SEO Premium plugin v27.5 (Yoast SEO v27.5) - https:\/\/yoast.com\/product\/yoast-seo-premium-wordpress\/ -->\n<title>Aloe Vera Gel da Bere Acai Pro con ribes, frutti di bosco e miele<\/title>\n<meta name=\"description\" content=\"Aloe Vera Gel da Bere Acai Pro \u00e8 noto per il suo contenuto insolitamente elevato di antiossidanti nonch\u00e9 di numerose vitamine e minerali.\" \/>\n<meta name=\"robots\" content=\"index, follow, max-snippet:-1, max-image-preview:large, max-video-preview:-1\" \/>\n<link rel=\"canonical\" href=\"https:\/\/www.lraloeverashop.eu\/it\/prodotto\/aloe-vera-gel-da-bere-acai-pro\/\" \/>\n<meta property=\"og:locale\" content=\"it_IT\" \/>\n<meta property=\"og:type\" content=\"article\" \/>\n<meta property=\"og:title\" content=\"Aloe Vera Gel da bere Acai Pro\" \/>\n<meta property=\"og:description\" content=\"Aloe Vera Gel da Bere Acai Pro \u00e8 noto per il suo contenuto insolitamente elevato di antiossidanti nonch\u00e9 di numerose vitamine e minerali.\" \/>\n<meta property=\"og:url\" content=\"https:\/\/www.lraloeverashop.eu\/it\/prodotto\/aloe-vera-gel-da-bere-acai-pro\/\" \/>\n<meta property=\"og:site_name\" content=\"Lr Negozio di Aloe Vera\" \/>\n<meta property=\"article:publisher\" content=\"https:\/\/www.facebook.com\/lraloeverashop.eu\" \/>\n<meta property=\"article:modified_time\" content=\"2026-02-03T19:03:05+00:00\" \/>\n<meta property=\"og:image\" content=\"https:\/\/www.lraloeverashop.eu\/wp-content\/uploads\/2024\/04\/Aloe-Vera-Drinking-Gel-Acai.jpeg\" \/>\n\t<meta property=\"og:image:width\" content=\"1200\" \/>\n\t<meta property=\"og:image:height\" content=\"1200\" \/>\n\t<meta property=\"og:image:type\" content=\"image\/jpeg\" \/>\n<meta name=\"twitter:card\" content=\"summary_large_image\" \/>\n<meta name=\"twitter:site\" content=\"@natur__kosmetik\" \/>\n<script type=\"application\/ld+json\" class=\"yoast-schema-graph\">{\"@context\":\"https:\\\/\\\/schema.org\",\"@graph\":[{\"@type\":[\"WebPage\",\"ItemPage\"],\"@id\":\"https:\\\/\\\/www.lraloeverashop.eu\\\/it\\\/prodotto\\\/aloe-vera-gel-da-bere-acai-pro\\\/\",\"url\":\"https:\\\/\\\/www.lraloeverashop.eu\\\/it\\\/prodotto\\\/aloe-vera-gel-da-bere-acai-pro\\\/\",\"name\":\"Aloe Vera Gel da Bere Acai Pro con ribes, frutti di bosco e miele\",\"isPartOf\":{\"@id\":\"https:\\\/\\\/www.lraloeverashop.eu\\\/it\\\/#website\"},\"primaryImageOfPage\":{\"@id\":\"https:\\\/\\\/www.lraloeverashop.eu\\\/it\\\/prodotto\\\/aloe-vera-gel-da-bere-acai-pro\\\/#primaryimage\"},\"image\":{\"@id\":\"https:\\\/\\\/www.lraloeverashop.eu\\\/it\\\/prodotto\\\/aloe-vera-gel-da-bere-acai-pro\\\/#primaryimage\"},\"thumbnailUrl\":\"https:\\\/\\\/www.lraloeverashop.eu\\\/wp-content\\\/uploads\\\/2024\\\/04\\\/Aloe-Vera-Drinking-Gel-Acai.jpeg\",\"datePublished\":\"2024-04-21T13:19:37+00:00\",\"dateModified\":\"2026-02-03T19:03:05+00:00\",\"description\":\"Aloe Vera Gel da Bere Acai Pro \u00e8 noto per il suo contenuto insolitamente elevato di antiossidanti nonch\u00e9 di numerose vitamine e minerali.\",\"breadcrumb\":{\"@id\":\"https:\\\/\\\/www.lraloeverashop.eu\\\/it\\\/prodotto\\\/aloe-vera-gel-da-bere-acai-pro\\\/#breadcrumb\"},\"inLanguage\":\"it-IT\",\"potentialAction\":[{\"@type\":\"ReadAction\",\"target\":[\"https:\\\/\\\/www.lraloeverashop.eu\\\/it\\\/prodotto\\\/aloe-vera-gel-da-bere-acai-pro\\\/\"]}]},{\"@type\":\"ImageObject\",\"inLanguage\":\"it-IT\",\"@id\":\"https:\\\/\\\/www.lraloeverashop.eu\\\/it\\\/prodotto\\\/aloe-vera-gel-da-bere-acai-pro\\\/#primaryimage\",\"url\":\"https:\\\/\\\/www.lraloeverashop.eu\\\/wp-content\\\/uploads\\\/2024\\\/04\\\/Aloe-Vera-Drinking-Gel-Acai.jpeg\",\"contentUrl\":\"https:\\\/\\\/www.lraloeverashop.eu\\\/wp-content\\\/uploads\\\/2024\\\/04\\\/Aloe-Vera-Drinking-Gel-Acai.jpeg\",\"width\":1200,\"height\":1200,\"caption\":\"Aloe Vera Gel Da Bere Acai Pro con ribes, frutti di bosco e miele\"},{\"@type\":\"BreadcrumbList\",\"@id\":\"https:\\\/\\\/www.lraloeverashop.eu\\\/it\\\/prodotto\\\/aloe-vera-gel-da-bere-acai-pro\\\/#breadcrumb\",\"itemListElement\":[{\"@type\":\"ListItem\",\"position\":1,\"name\":\"Home\",\"item\":\"https:\\\/\\\/www.lraloeverashop.eu\\\/it\\\/\"},{\"@type\":\"ListItem\",\"position\":2,\"name\":\"Negozio\",\"item\":\"https:\\\/\\\/www.lraloeverashop.eu\\\/it\\\/negozio\\\/\"},{\"@type\":\"ListItem\",\"position\":3,\"name\":\"Aloe Vera Gel da bere Acai Pro\"}]},{\"@type\":\"WebSite\",\"@id\":\"https:\\\/\\\/www.lraloeverashop.eu\\\/it\\\/#website\",\"url\":\"https:\\\/\\\/www.lraloeverashop.eu\\\/it\\\/\",\"name\":\"Lr Negozio di Aloe Vera\",\"description\":\"High Quality Lr Aloe Vera Gel, Aloe Vera Cream and Shampoo\",\"publisher\":{\"@id\":\"https:\\\/\\\/www.lraloeverashop.eu\\\/it\\\/#organization\"},\"alternateName\":\"LR\",\"potentialAction\":[{\"@type\":\"SearchAction\",\"target\":{\"@type\":\"EntryPoint\",\"urlTemplate\":\"https:\\\/\\\/www.lraloeverashop.eu\\\/it\\\/?s={search_term_string}\"},\"query-input\":{\"@type\":\"PropertyValueSpecification\",\"valueRequired\":true,\"valueName\":\"search_term_string\"}}],\"inLanguage\":\"it-IT\"},{\"@type\":\"Organization\",\"@id\":\"https:\\\/\\\/www.lraloeverashop.eu\\\/it\\\/#organization\",\"name\":\"Negozio di Lr Aloe Vera\",\"alternateName\":\"LR\",\"url\":\"https:\\\/\\\/www.lraloeverashop.eu\\\/it\\\/\",\"logo\":{\"@type\":\"ImageObject\",\"inLanguage\":\"it-IT\",\"@id\":\"https:\\\/\\\/www.lraloeverashop.eu\\\/it\\\/#\\\/schema\\\/logo\\\/image\\\/\",\"url\":\"https:\\\/\\\/www.lraloeverashop.eu\\\/wp-content\\\/uploads\\\/2022\\\/09\\\/cropped-Lr-Aloe-Vera-Shop.jpg\",\"contentUrl\":\"https:\\\/\\\/www.lraloeverashop.eu\\\/wp-content\\\/uploads\\\/2022\\\/09\\\/cropped-Lr-Aloe-Vera-Shop.jpg\",\"width\":228,\"height\":76,\"caption\":\"Negozio di Lr Aloe Vera\"},\"image\":{\"@id\":\"https:\\\/\\\/www.lraloeverashop.eu\\\/it\\\/#\\\/schema\\\/logo\\\/image\\\/\"},\"sameAs\":[\"https:\\\/\\\/www.facebook.com\\\/lraloeverashop.eu\",\"https:\\\/\\\/x.com\\\/natur__kosmetik\",\"https:\\\/\\\/www.youtube.com\\\/channel\\\/UC5oN7BJ8nfYb8RpVtjwDEBA\",\"https:\\\/\\\/www.instagram.com\\\/lrbeautyeu\\\/\"],\"description\":\"Negozio di Lr Aloe Vera \u00e8 il tuo punto di riferimento per i prodotti LR Health & Beauty di alta qualit\u00e0, realizzati in Germania. Offriamo soluzioni per la cura della pelle, l'alimentazione e l'anti-et\u00e0 a base di Aloe Vera, formulate con ingredienti puri e supportate da ricerche scientifiche. Scopri una cura naturale che rigenera, protegge e rivitalizza la tua pelle e approfitta delle esclusive offerte mensili sui nostri prodotti LR Aloe Vera pi\u00f9 venduti.\\nInizia oggi il tuo percorso di cura della pelle naturale e senti la differenza.\",\"email\":\"info@lraloeverashop.eu\",\"telephone\":\"+49 17670609653\",\"legalName\":\"Lr Aloe Vera Shop\",\"foundingDate\":\"2018-04-21\",\"numberOfEmployees\":{\"@type\":\"QuantitativeValue\",\"minValue\":\"1\",\"maxValue\":\"10\"}}]}<\/script>\n<meta property=\"product:price:amount\" content=\"45.79\" \/>\n<meta property=\"product:price:currency\" content=\"EUR\" \/>\n<meta property=\"og:availability\" content=\"instock\" \/>\n<meta property=\"product:availability\" content=\"instock\" \/>\n<meta property=\"product:retailer_item_id\" content=\"81100-1IT\" \/>\n<meta property=\"product:condition\" content=\"new\" \/>\n<!-- \/ Yoast SEO Premium plugin. -->","yoast_head_json":{"title":"Aloe Vera Gel da Bere Acai Pro con ribes, frutti di bosco e miele","description":"Aloe Vera Gel da Bere Acai Pro \u00e8 noto per il suo contenuto insolitamente elevato di antiossidanti nonch\u00e9 di numerose vitamine e minerali.","robots":{"index":"index","follow":"follow","max-snippet":"max-snippet:-1","max-image-preview":"max-image-preview:large","max-video-preview":"max-video-preview:-1"},"canonical":"https:\/\/www.lraloeverashop.eu\/it\/prodotto\/aloe-vera-gel-da-bere-acai-pro\/","og_locale":"it_IT","og_type":"article","og_title":"Aloe Vera Gel da bere Acai Pro","og_description":"Aloe Vera Gel da Bere Acai Pro \u00e8 noto per il suo contenuto insolitamente elevato di antiossidanti nonch\u00e9 di numerose vitamine e minerali.","og_url":"https:\/\/www.lraloeverashop.eu\/it\/prodotto\/aloe-vera-gel-da-bere-acai-pro\/","og_site_name":"Lr Negozio di Aloe Vera","article_publisher":"https:\/\/www.facebook.com\/lraloeverashop.eu","article_modified_time":"2026-02-03T19:03:05+00:00","og_image":[{"width":1200,"height":1200,"url":"https:\/\/www.lraloeverashop.eu\/wp-content\/uploads\/2024\/04\/Aloe-Vera-Drinking-Gel-Acai.jpeg","type":"image\/jpeg"}],"twitter_card":"summary_large_image","twitter_site":"@natur__kosmetik","schema":{"@context":"https:\/\/schema.org","@graph":[{"@type":["WebPage","ItemPage"],"@id":"https:\/\/www.lraloeverashop.eu\/it\/prodotto\/aloe-vera-gel-da-bere-acai-pro\/","url":"https:\/\/www.lraloeverashop.eu\/it\/prodotto\/aloe-vera-gel-da-bere-acai-pro\/","name":"Aloe Vera Gel da Bere Acai Pro con ribes, frutti di bosco e miele","isPartOf":{"@id":"https:\/\/www.lraloeverashop.eu\/it\/#website"},"primaryImageOfPage":{"@id":"https:\/\/www.lraloeverashop.eu\/it\/prodotto\/aloe-vera-gel-da-bere-acai-pro\/#primaryimage"},"image":{"@id":"https:\/\/www.lraloeverashop.eu\/it\/prodotto\/aloe-vera-gel-da-bere-acai-pro\/#primaryimage"},"thumbnailUrl":"https:\/\/www.lraloeverashop.eu\/wp-content\/uploads\/2024\/04\/Aloe-Vera-Drinking-Gel-Acai.jpeg","datePublished":"2024-04-21T13:19:37+00:00","dateModified":"2026-02-03T19:03:05+00:00","description":"Aloe Vera Gel da Bere Acai Pro \u00e8 noto per il suo contenuto insolitamente elevato di antiossidanti nonch\u00e9 di numerose vitamine e minerali.","breadcrumb":{"@id":"https:\/\/www.lraloeverashop.eu\/it\/prodotto\/aloe-vera-gel-da-bere-acai-pro\/#breadcrumb"},"inLanguage":"it-IT","potentialAction":[{"@type":"ReadAction","target":["https:\/\/www.lraloeverashop.eu\/it\/prodotto\/aloe-vera-gel-da-bere-acai-pro\/"]}]},{"@type":"ImageObject","inLanguage":"it-IT","@id":"https:\/\/www.lraloeverashop.eu\/it\/prodotto\/aloe-vera-gel-da-bere-acai-pro\/#primaryimage","url":"https:\/\/www.lraloeverashop.eu\/wp-content\/uploads\/2024\/04\/Aloe-Vera-Drinking-Gel-Acai.jpeg","contentUrl":"https:\/\/www.lraloeverashop.eu\/wp-content\/uploads\/2024\/04\/Aloe-Vera-Drinking-Gel-Acai.jpeg","width":1200,"height":1200,"caption":"Aloe Vera Gel Da Bere Acai Pro con ribes, frutti di bosco e miele"},{"@type":"BreadcrumbList","@id":"https:\/\/www.lraloeverashop.eu\/it\/prodotto\/aloe-vera-gel-da-bere-acai-pro\/#breadcrumb","itemListElement":[{"@type":"ListItem","position":1,"name":"Home","item":"https:\/\/www.lraloeverashop.eu\/it\/"},{"@type":"ListItem","position":2,"name":"Negozio","item":"https:\/\/www.lraloeverashop.eu\/it\/negozio\/"},{"@type":"ListItem","position":3,"name":"Aloe Vera Gel da bere Acai Pro"}]},{"@type":"WebSite","@id":"https:\/\/www.lraloeverashop.eu\/it\/#website","url":"https:\/\/www.lraloeverashop.eu\/it\/","name":"Lr Negozio di Aloe Vera","description":"High Quality Lr Aloe Vera Gel, Aloe Vera Cream and Shampoo","publisher":{"@id":"https:\/\/www.lraloeverashop.eu\/it\/#organization"},"alternateName":"LR","potentialAction":[{"@type":"SearchAction","target":{"@type":"EntryPoint","urlTemplate":"https:\/\/www.lraloeverashop.eu\/it\/?s={search_term_string}"},"query-input":{"@type":"PropertyValueSpecification","valueRequired":true,"valueName":"search_term_string"}}],"inLanguage":"it-IT"},{"@type":"Organization","@id":"https:\/\/www.lraloeverashop.eu\/it\/#organization","name":"Negozio di Lr Aloe Vera","alternateName":"LR","url":"https:\/\/www.lraloeverashop.eu\/it\/","logo":{"@type":"ImageObject","inLanguage":"it-IT","@id":"https:\/\/www.lraloeverashop.eu\/it\/#\/schema\/logo\/image\/","url":"https:\/\/www.lraloeverashop.eu\/wp-content\/uploads\/2022\/09\/cropped-Lr-Aloe-Vera-Shop.jpg","contentUrl":"https:\/\/www.lraloeverashop.eu\/wp-content\/uploads\/2022\/09\/cropped-Lr-Aloe-Vera-Shop.jpg","width":228,"height":76,"caption":"Negozio di Lr Aloe Vera"},"image":{"@id":"https:\/\/www.lraloeverashop.eu\/it\/#\/schema\/logo\/image\/"},"sameAs":["https:\/\/www.facebook.com\/lraloeverashop.eu","https:\/\/x.com\/natur__kosmetik","https:\/\/www.youtube.com\/channel\/UC5oN7BJ8nfYb8RpVtjwDEBA","https:\/\/www.instagram.com\/lrbeautyeu\/"],"description":"Negozio di Lr Aloe Vera \u00e8 il tuo punto di riferimento per i prodotti LR Health & Beauty di alta qualit\u00e0, realizzati in Germania. Offriamo soluzioni per la cura della pelle, l'alimentazione e l'anti-et\u00e0 a base di Aloe Vera, formulate con ingredienti puri e supportate da ricerche scientifiche. Scopri una cura naturale che rigenera, protegge e rivitalizza la tua pelle e approfitta delle esclusive offerte mensili sui nostri prodotti LR Aloe Vera pi\u00f9 venduti.\nInizia oggi il tuo percorso di cura della pelle naturale e senti la differenza.","email":"info@lraloeverashop.eu","telephone":"+49 17670609653","legalName":"Lr Aloe Vera Shop","foundingDate":"2018-04-21","numberOfEmployees":{"@type":"QuantitativeValue","minValue":"1","maxValue":"10"}}]},"product_price_amount":"45.79","product_price_currency":"EUR","og_availability":"instock","product_availability":"instock","product_retailer_item_id":"81100-1IT","product_condition":"new"},"taxonomy_info":{"product_cat":[{"value":400,"label":"Base"},{"value":293,"label":"Gel da bere Aloe Vera"},{"value":436,"label":"Intestino e Digestione"},{"value":418,"label":"Ossa, Articolazioni e Muscoli"},{"value":466,"label":"Specialisti"}],"product_tag":[{"value":602,"label":"Bevande disintossicanti"}]},"featured_image_src_large":["https:\/\/www.lraloeverashop.eu\/wp-content\/uploads\/2024\/04\/Aloe-Vera-Drinking-Gel-Acai-1024x1024.jpeg",1024,1024,true],"author_info":[],"comment_info":0,"_links":{"self":[{"href":"https:\/\/www.lraloeverashop.eu\/it\/wp-json\/wp\/v2\/product\/14762","targetHints":{"allow":["GET"]}}],"collection":[{"href":"https:\/\/www.lraloeverashop.eu\/it\/wp-json\/wp\/v2\/product"}],"about":[{"href":"https:\/\/www.lraloeverashop.eu\/it\/wp-json\/wp\/v2\/types\/product"}],"replies":[{"embeddable":true,"href":"https:\/\/www.lraloeverashop.eu\/it\/wp-json\/wp\/v2\/comments?post=14762"}],"wp:featuredmedia":[{"embeddable":true,"href":"https:\/\/www.lraloeverashop.eu\/it\/wp-json\/wp\/v2\/media\/14739"}],"wp:attachment":[{"href":"https:\/\/www.lraloeverashop.eu\/it\/wp-json\/wp\/v2\/media?parent=14762"}],"wp:term":[{"taxonomy":"product_brand","embeddable":true,"href":"https:\/\/www.lraloeverashop.eu\/it\/wp-json\/wp\/v2\/product_brand?post=14762"},{"taxonomy":"product_cat","embeddable":true,"href":"https:\/\/www.lraloeverashop.eu\/it\/wp-json\/wp\/v2\/product_cat?post=14762"},{"taxonomy":"product_tag","embeddable":true,"href":"https:\/\/www.lraloeverashop.eu\/it\/wp-json\/wp\/v2\/product_tag?post=14762"}],"curies":[{"name":"wp","href":"https:\/\/api.w.org\/{rel}","templated":true}]}}