{"id":13805,"date":"2023-11-01T18:14:43","date_gmt":"2023-11-01T17:14:43","guid":{"rendered":"https:\/\/www.lraloeverashop.eu\/?post_type=product&#038;p=13805"},"modified":"2026-02-03T20:03:14","modified_gmt":"2026-02-03T19:03:14","slug":"aloe-da-bere-alla-pesca-offerta-limitata","status":"publish","type":"product","link":"https:\/\/www.lraloeverashop.eu\/it\/prodotto\/aloe-da-bere-alla-pesca-offerta-limitata\/","title":{"rendered":"Aloe da Bere Alla Pesca Offerta limitata"},"content":{"rendered":"<h2><span style=\"font-size: 16pt;\"><strong>Aloe da Bere Alla Pesca Offerta limitata Set di 2 Pezzi<\/strong><\/span><\/h2>\n<p><span style=\"font-size: 14pt;\"><strong>Aloe da Bere Alla Pesca Offerta limitata \u2013 Buono anche per il diabete<\/strong><\/span><\/p>\n<p>Aloe da Bere Alla Pesca \u00e8 una novit\u00e0 positiva, soprattutto per le persone con <a href=\"https:\/\/it.wikipedia.org\/wiki\/Diabete\">diabete<\/a>. Perch\u00e9 ci sono meno calorie e non \u00e8 pi\u00f9 necessario ricalcolare le solite unit\u00e0 di pane. Ora non devi pi\u00f9 occuparti di loro.<\/p>\n<p><strong>Aloe da bere alla Pesca contiene solo 13,5 kJ!<\/strong><\/p>\n<p><strong>ALTA CONCENTRAZIONE:<\/strong> 98% di Aloe Vera gel<br \/>\n<strong>SANO:<\/strong> con vitamina C, senza zucchero &#8211; adatto anche per diabetici<br \/>\n<strong>BUONO:<\/strong> gusto fruttato alla pesca \u2013 <a href=\"https:\/\/www.lraloeverashop.eu\/it\/prodotto\/aloe-vera-gel-da-bere-alla-pesca-6\/\">piace anche ai bambini<\/a><\/p>\n<p>Per i diabetici, \u00e8 importante mantenere la quantit\u00e0 di zucchero nella dieta quotidiana bassa e sotto controllo al fine di mantenere il livello di insulina nel sangue il pi\u00f9 costante possibile.<\/p>\n<p>Ma anche oggi molte persone attente alla salute prestano attenzione a ridurre il consumo di zuccheri. Esattamente per questo gruppo, LR ha sviluppato il Aloe Vera da bere alla Pesca.<\/p>\n<p>Aloe Vera da bere al gusto pesca, e fatto quasi interamente da gel puro di <a href=\"https:\/\/www.lraloeverashop.eu\/it\/aloe-vera-da-bere-da-lr-health-beauty\/\">foglie di Aloe Vera<\/a>.<\/p>\n<p>&nbsp;<\/p>\n<h3><span style=\"font-size: 16pt;\"><strong>Come usare<\/strong><\/span><\/h3>\n<p><strong>Dose consigliata:<\/strong> 3 volte al giorno 30 ml di <a href=\"https:\/\/www.lraloeverashop.eu\/it\/aloe-vera-da-bere-da-lr-health-beauty\/\">gel da bere Aloe Vera<\/a>, preferibilmente prima dei pasti (eventualmente diluiti in acqua o succo di frutta).<\/p>\n<p><strong>Consiglio:<\/strong> bevi il <a href=\"https:\/\/www.lraloeverashop.eu\/it\/prodotto\/aloe-vera-gel-da-bere-alla-pesca\/\">Gel Aloe Vera gusto pesca<\/a> con un bicchiere di succo di frutta di tua scelta oppure mischiato a yogurt, frutta e un po\u2019 di muesli per una colazione sana.<\/p>\n<p>Agitare prima dell\u2019uso. Dopo l\u2019apertura conservare in frigorifero e consumare entro pochi giorni. Non superare la dose giornaliera consigliata. Gli <a href=\"https:\/\/www.lraloeverashop.eu\/it\/prodotto\/colostro-direct-liquido\/\">integratori alimentari<\/a> non sostituiscono una dieta varia e bilanciata associata a uno <a href=\"https:\/\/www.lraloeverashop.eu\/it\/lr-aloe-vera-gel-da-bere-alla-pesca-e-i-suoi-benefici-per-la-salute\/\">stile di vita sano<\/a>. Tenere il prodotto fuori dalla portata dei bambini.<\/p>\n","protected":false},"excerpt":{"rendered":"<ul>\n<li><strong><span style=\"color: #ff0000;\">Offerta limitata<\/span><\/strong><\/li>\n<li>Contiene 98% puro gel di Aloe Vera<\/li>\n<li>Copre il 100% del dossage giornaliero raccomandato di vitamina C<\/li>\n<li>Produzione particolarmente delicata<\/li>\n<li>Adatto anche per il diabete<\/li>\n<li>Quantit\u00e0: 2 x 1000 ml<\/li>\n<\/ul>\n<p><span style=\"color: #ff0000;\"><a style=\"color: #ff0000;\" href=\"https:\/\/shop.lrworld.com\/openpao?PHP=0vFlt7jT938BEnBI3a6e9w%3D%3D\"><span style=\"font-size: 14pt;\"><strong>Registrati ora e risparmia il 35% su ogni ordine<\/strong><\/span><\/a><\/span><\/p>\n","protected":false},"featured_media":11218,"comment_status":"open","ping_status":"closed","template":"","meta":{"_kad_blocks_custom_css":"","_kad_blocks_head_custom_js":"","_kad_blocks_body_custom_js":"","_kad_blocks_footer_custom_js":"","_kadence_starter_templates_imported_post":false,"_kad_post_transparent":"default","_kad_post_title":"","_kad_post_layout":"default","_kad_post_sidebar_id":"","_kad_post_content_style":"default","_kad_post_vertical_padding":"default","_kad_post_feature":"","_kad_post_feature_position":"","_kad_post_header":false,"_kad_post_footer":false,"_kad_post_classname":""},"product_brand":[],"product_cat":[400,293,436,353,461,466],"product_tag":[602],"class_list":{"0":"post-13805","1":"product","2":"type-product","3":"status-publish","4":"has-post-thumbnail","6":"product_cat-base-it","7":"product_cat-gel-da-bere-allaloe-vera","8":"product_cat-intestino-e-digestione","9":"product_cat-offerte","10":"product_cat-risparmia-in-set","11":"product_cat-nutrizionisti","12":"product_tag-bevande-disintossicanti","14":"first","15":"instock","16":"sale","17":"taxable","18":"shipping-taxable","19":"purchasable","20":"product-type-simple","21":"entry","22":"content-bg","23":"loop-entry"},"yoast_head":"<!-- This site is optimized with the Yoast SEO Premium plugin v27.4 (Yoast SEO v27.4) - https:\/\/yoast.com\/product\/yoast-seo-premium-wordpress\/ -->\n<title>Aloe da Bere Alla Pesca Set di 2 Pezzi Offerta limitata<\/title>\n<meta name=\"description\" content=\"Aloe da Bere Alla Pesca con il 98% di Aloe Vera pura e vitamina C. Adatta anche per il diabete. Contiene solo 13,5 kJ. Produzione particolarmente delicata\" \/>\n<meta name=\"robots\" content=\"index, follow, max-snippet:-1, max-image-preview:large, max-video-preview:-1\" \/>\n<link rel=\"canonical\" href=\"https:\/\/www.lraloeverashop.eu\/it\/prodotto\/aloe-da-bere-alla-pesca-offerta-limitata\/\" \/>\n<meta property=\"og:locale\" content=\"it_IT\" \/>\n<meta property=\"og:type\" content=\"article\" \/>\n<meta property=\"og:title\" content=\"Aloe da Bere Alla Pesca Offerta limitata\" \/>\n<meta property=\"og:description\" content=\"Aloe da Bere Alla Pesca con il 98% di Aloe Vera pura e vitamina C. Adatta anche per il diabete. Contiene solo 13,5 kJ. Produzione particolarmente delicata\" \/>\n<meta property=\"og:url\" content=\"https:\/\/www.lraloeverashop.eu\/it\/prodotto\/aloe-da-bere-alla-pesca-offerta-limitata\/\" \/>\n<meta property=\"og:site_name\" content=\"Lr Negozio di Aloe Vera\" \/>\n<meta property=\"article:publisher\" content=\"https:\/\/www.facebook.com\/lraloeverashop.eu\" \/>\n<meta property=\"article:modified_time\" content=\"2026-02-03T19:03:14+00:00\" \/>\n<meta property=\"og:image\" content=\"https:\/\/www.lraloeverashop.eu\/wp-content\/uploads\/2023\/03\/Aloe-Vera-Gel-Peach-2-Pieces-Set.jpeg\" \/>\n\t<meta property=\"og:image:width\" content=\"1200\" \/>\n\t<meta property=\"og:image:height\" content=\"1200\" \/>\n\t<meta property=\"og:image:type\" content=\"image\/jpeg\" \/>\n<meta name=\"twitter:card\" content=\"summary_large_image\" \/>\n<meta name=\"twitter:site\" content=\"@natur__kosmetik\" \/>\n<script type=\"application\/ld+json\" class=\"yoast-schema-graph\">{\"@context\":\"https:\\\/\\\/schema.org\",\"@graph\":[{\"@type\":[\"WebPage\",\"ItemPage\"],\"@id\":\"https:\\\/\\\/www.lraloeverashop.eu\\\/it\\\/prodotto\\\/aloe-da-bere-alla-pesca-offerta-limitata\\\/\",\"url\":\"https:\\\/\\\/www.lraloeverashop.eu\\\/it\\\/prodotto\\\/aloe-da-bere-alla-pesca-offerta-limitata\\\/\",\"name\":\"Aloe da Bere Alla Pesca Set di 2 Pezzi Offerta limitata\",\"isPartOf\":{\"@id\":\"https:\\\/\\\/www.lraloeverashop.eu\\\/it\\\/#website\"},\"primaryImageOfPage\":{\"@id\":\"https:\\\/\\\/www.lraloeverashop.eu\\\/it\\\/prodotto\\\/aloe-da-bere-alla-pesca-offerta-limitata\\\/#primaryimage\"},\"image\":{\"@id\":\"https:\\\/\\\/www.lraloeverashop.eu\\\/it\\\/prodotto\\\/aloe-da-bere-alla-pesca-offerta-limitata\\\/#primaryimage\"},\"thumbnailUrl\":\"https:\\\/\\\/www.lraloeverashop.eu\\\/wp-content\\\/uploads\\\/2023\\\/03\\\/Aloe-Vera-Gel-Peach-2-Pieces-Set.jpeg\",\"datePublished\":\"2023-11-01T17:14:43+00:00\",\"dateModified\":\"2026-02-03T19:03:14+00:00\",\"description\":\"Aloe da Bere Alla Pesca con il 98% di Aloe Vera pura e vitamina C. Adatta anche per il diabete. Contiene solo 13,5 kJ. Produzione particolarmente delicata\",\"breadcrumb\":{\"@id\":\"https:\\\/\\\/www.lraloeverashop.eu\\\/it\\\/prodotto\\\/aloe-da-bere-alla-pesca-offerta-limitata\\\/#breadcrumb\"},\"inLanguage\":\"it-IT\",\"potentialAction\":[{\"@type\":\"ReadAction\",\"target\":[\"https:\\\/\\\/www.lraloeverashop.eu\\\/it\\\/prodotto\\\/aloe-da-bere-alla-pesca-offerta-limitata\\\/\"]}]},{\"@type\":\"ImageObject\",\"inLanguage\":\"it-IT\",\"@id\":\"https:\\\/\\\/www.lraloeverashop.eu\\\/it\\\/prodotto\\\/aloe-da-bere-alla-pesca-offerta-limitata\\\/#primaryimage\",\"url\":\"https:\\\/\\\/www.lraloeverashop.eu\\\/wp-content\\\/uploads\\\/2023\\\/03\\\/Aloe-Vera-Gel-Peach-2-Pieces-Set.jpeg\",\"contentUrl\":\"https:\\\/\\\/www.lraloeverashop.eu\\\/wp-content\\\/uploads\\\/2023\\\/03\\\/Aloe-Vera-Gel-Peach-2-Pieces-Set.jpeg\",\"width\":1200,\"height\":1200,\"caption\":\"Aloe da Bere Alla Pesca contiene solo 13,5 kJ per porzione. Adatta anche per il diabete.\"},{\"@type\":\"BreadcrumbList\",\"@id\":\"https:\\\/\\\/www.lraloeverashop.eu\\\/it\\\/prodotto\\\/aloe-da-bere-alla-pesca-offerta-limitata\\\/#breadcrumb\",\"itemListElement\":[{\"@type\":\"ListItem\",\"position\":1,\"name\":\"Home\",\"item\":\"https:\\\/\\\/www.lraloeverashop.eu\\\/it\\\/\"},{\"@type\":\"ListItem\",\"position\":2,\"name\":\"Negozio\",\"item\":\"https:\\\/\\\/www.lraloeverashop.eu\\\/it\\\/negozio\\\/\"},{\"@type\":\"ListItem\",\"position\":3,\"name\":\"Aloe da Bere Alla Pesca Offerta limitata\"}]},{\"@type\":\"WebSite\",\"@id\":\"https:\\\/\\\/www.lraloeverashop.eu\\\/it\\\/#website\",\"url\":\"https:\\\/\\\/www.lraloeverashop.eu\\\/it\\\/\",\"name\":\"Lr Negozio di Aloe Vera\",\"description\":\"High Quality Lr Aloe Vera Gel, Aloe Vera Cream and Shampoo\",\"publisher\":{\"@id\":\"https:\\\/\\\/www.lraloeverashop.eu\\\/it\\\/#organization\"},\"potentialAction\":[{\"@type\":\"SearchAction\",\"target\":{\"@type\":\"EntryPoint\",\"urlTemplate\":\"https:\\\/\\\/www.lraloeverashop.eu\\\/it\\\/?s={search_term_string}\"},\"query-input\":{\"@type\":\"PropertyValueSpecification\",\"valueRequired\":true,\"valueName\":\"search_term_string\"}}],\"inLanguage\":\"it-IT\"},{\"@type\":\"Organization\",\"@id\":\"https:\\\/\\\/www.lraloeverashop.eu\\\/it\\\/#organization\",\"name\":\"Negozio di Lr Aloe Vera\",\"alternateName\":\"LR\",\"url\":\"https:\\\/\\\/www.lraloeverashop.eu\\\/it\\\/\",\"logo\":{\"@type\":\"ImageObject\",\"inLanguage\":\"it-IT\",\"@id\":\"https:\\\/\\\/www.lraloeverashop.eu\\\/it\\\/#\\\/schema\\\/logo\\\/image\\\/\",\"url\":\"https:\\\/\\\/www.lraloeverashop.eu\\\/wp-content\\\/uploads\\\/2022\\\/09\\\/cropped-Lr-Aloe-Vera-Shop.jpg\",\"contentUrl\":\"https:\\\/\\\/www.lraloeverashop.eu\\\/wp-content\\\/uploads\\\/2022\\\/09\\\/cropped-Lr-Aloe-Vera-Shop.jpg\",\"width\":228,\"height\":76,\"caption\":\"Negozio di Lr Aloe Vera\"},\"image\":{\"@id\":\"https:\\\/\\\/www.lraloeverashop.eu\\\/it\\\/#\\\/schema\\\/logo\\\/image\\\/\"},\"sameAs\":[\"https:\\\/\\\/www.facebook.com\\\/lraloeverashop.eu\",\"https:\\\/\\\/x.com\\\/natur__kosmetik\",\"https:\\\/\\\/www.youtube.com\\\/channel\\\/UC5oN7BJ8nfYb8RpVtjwDEBA\",\"https:\\\/\\\/www.instagram.com\\\/lrbeautyeu\\\/\"],\"description\":\"Negozio di Lr Aloe Vera \u00e8 il tuo punto di riferimento per i prodotti LR Health & Beauty di alta qualit\u00e0, realizzati in Germania. Offriamo soluzioni per la cura della pelle, l'alimentazione e l'anti-et\u00e0 a base di Aloe Vera, formulate con ingredienti puri e supportate da ricerche scientifiche. Scopri una cura naturale che rigenera, protegge e rivitalizza la tua pelle e approfitta delle esclusive offerte mensili sui nostri prodotti LR Aloe Vera pi\u00f9 venduti.\\nInizia oggi il tuo percorso di cura della pelle naturale e senti la differenza.\",\"email\":\"info@lraloeverashop.eu\",\"telephone\":\"+49 17670609653\",\"legalName\":\"Lr Aloe Vera Shop\",\"foundingDate\":\"2018-04-21\",\"numberOfEmployees\":{\"@type\":\"QuantitativeValue\",\"minValue\":\"1\",\"maxValue\":\"10\"}}]}<\/script>\n<meta property=\"product:price:amount\" content=\"76.99\" \/>\n<meta property=\"product:price:currency\" content=\"EUR\" \/>\n<meta property=\"og:availability\" content=\"instock\" \/>\n<meta property=\"product:availability\" content=\"instock\" \/>\n<meta property=\"product:retailer_item_id\" content=\"80779-680IT\" \/>\n<meta property=\"product:condition\" content=\"new\" \/>\n<!-- \/ Yoast SEO Premium plugin. -->","yoast_head_json":{"title":"Aloe da Bere Alla Pesca Set di 2 Pezzi Offerta limitata","description":"Aloe da Bere Alla Pesca con il 98% di Aloe Vera pura e vitamina C. Adatta anche per il diabete. Contiene solo 13,5 kJ. Produzione particolarmente delicata","robots":{"index":"index","follow":"follow","max-snippet":"max-snippet:-1","max-image-preview":"max-image-preview:large","max-video-preview":"max-video-preview:-1"},"canonical":"https:\/\/www.lraloeverashop.eu\/it\/prodotto\/aloe-da-bere-alla-pesca-offerta-limitata\/","og_locale":"it_IT","og_type":"article","og_title":"Aloe da Bere Alla Pesca Offerta limitata","og_description":"Aloe da Bere Alla Pesca con il 98% di Aloe Vera pura e vitamina C. Adatta anche per il diabete. Contiene solo 13,5 kJ. Produzione particolarmente delicata","og_url":"https:\/\/www.lraloeverashop.eu\/it\/prodotto\/aloe-da-bere-alla-pesca-offerta-limitata\/","og_site_name":"Lr Negozio di Aloe Vera","article_publisher":"https:\/\/www.facebook.com\/lraloeverashop.eu","article_modified_time":"2026-02-03T19:03:14+00:00","og_image":[{"width":1200,"height":1200,"url":"https:\/\/www.lraloeverashop.eu\/wp-content\/uploads\/2023\/03\/Aloe-Vera-Gel-Peach-2-Pieces-Set.jpeg","type":"image\/jpeg"}],"twitter_card":"summary_large_image","twitter_site":"@natur__kosmetik","schema":{"@context":"https:\/\/schema.org","@graph":[{"@type":["WebPage","ItemPage"],"@id":"https:\/\/www.lraloeverashop.eu\/it\/prodotto\/aloe-da-bere-alla-pesca-offerta-limitata\/","url":"https:\/\/www.lraloeverashop.eu\/it\/prodotto\/aloe-da-bere-alla-pesca-offerta-limitata\/","name":"Aloe da Bere Alla Pesca Set di 2 Pezzi Offerta limitata","isPartOf":{"@id":"https:\/\/www.lraloeverashop.eu\/it\/#website"},"primaryImageOfPage":{"@id":"https:\/\/www.lraloeverashop.eu\/it\/prodotto\/aloe-da-bere-alla-pesca-offerta-limitata\/#primaryimage"},"image":{"@id":"https:\/\/www.lraloeverashop.eu\/it\/prodotto\/aloe-da-bere-alla-pesca-offerta-limitata\/#primaryimage"},"thumbnailUrl":"https:\/\/www.lraloeverashop.eu\/wp-content\/uploads\/2023\/03\/Aloe-Vera-Gel-Peach-2-Pieces-Set.jpeg","datePublished":"2023-11-01T17:14:43+00:00","dateModified":"2026-02-03T19:03:14+00:00","description":"Aloe da Bere Alla Pesca con il 98% di Aloe Vera pura e vitamina C. Adatta anche per il diabete. Contiene solo 13,5 kJ. Produzione particolarmente delicata","breadcrumb":{"@id":"https:\/\/www.lraloeverashop.eu\/it\/prodotto\/aloe-da-bere-alla-pesca-offerta-limitata\/#breadcrumb"},"inLanguage":"it-IT","potentialAction":[{"@type":"ReadAction","target":["https:\/\/www.lraloeverashop.eu\/it\/prodotto\/aloe-da-bere-alla-pesca-offerta-limitata\/"]}]},{"@type":"ImageObject","inLanguage":"it-IT","@id":"https:\/\/www.lraloeverashop.eu\/it\/prodotto\/aloe-da-bere-alla-pesca-offerta-limitata\/#primaryimage","url":"https:\/\/www.lraloeverashop.eu\/wp-content\/uploads\/2023\/03\/Aloe-Vera-Gel-Peach-2-Pieces-Set.jpeg","contentUrl":"https:\/\/www.lraloeverashop.eu\/wp-content\/uploads\/2023\/03\/Aloe-Vera-Gel-Peach-2-Pieces-Set.jpeg","width":1200,"height":1200,"caption":"Aloe da Bere Alla Pesca contiene solo 13,5 kJ per porzione. Adatta anche per il diabete."},{"@type":"BreadcrumbList","@id":"https:\/\/www.lraloeverashop.eu\/it\/prodotto\/aloe-da-bere-alla-pesca-offerta-limitata\/#breadcrumb","itemListElement":[{"@type":"ListItem","position":1,"name":"Home","item":"https:\/\/www.lraloeverashop.eu\/it\/"},{"@type":"ListItem","position":2,"name":"Negozio","item":"https:\/\/www.lraloeverashop.eu\/it\/negozio\/"},{"@type":"ListItem","position":3,"name":"Aloe da Bere Alla Pesca Offerta limitata"}]},{"@type":"WebSite","@id":"https:\/\/www.lraloeverashop.eu\/it\/#website","url":"https:\/\/www.lraloeverashop.eu\/it\/","name":"Lr Negozio di Aloe Vera","description":"High Quality Lr Aloe Vera Gel, Aloe Vera Cream and Shampoo","publisher":{"@id":"https:\/\/www.lraloeverashop.eu\/it\/#organization"},"potentialAction":[{"@type":"SearchAction","target":{"@type":"EntryPoint","urlTemplate":"https:\/\/www.lraloeverashop.eu\/it\/?s={search_term_string}"},"query-input":{"@type":"PropertyValueSpecification","valueRequired":true,"valueName":"search_term_string"}}],"inLanguage":"it-IT"},{"@type":"Organization","@id":"https:\/\/www.lraloeverashop.eu\/it\/#organization","name":"Negozio di Lr Aloe Vera","alternateName":"LR","url":"https:\/\/www.lraloeverashop.eu\/it\/","logo":{"@type":"ImageObject","inLanguage":"it-IT","@id":"https:\/\/www.lraloeverashop.eu\/it\/#\/schema\/logo\/image\/","url":"https:\/\/www.lraloeverashop.eu\/wp-content\/uploads\/2022\/09\/cropped-Lr-Aloe-Vera-Shop.jpg","contentUrl":"https:\/\/www.lraloeverashop.eu\/wp-content\/uploads\/2022\/09\/cropped-Lr-Aloe-Vera-Shop.jpg","width":228,"height":76,"caption":"Negozio di Lr Aloe Vera"},"image":{"@id":"https:\/\/www.lraloeverashop.eu\/it\/#\/schema\/logo\/image\/"},"sameAs":["https:\/\/www.facebook.com\/lraloeverashop.eu","https:\/\/x.com\/natur__kosmetik","https:\/\/www.youtube.com\/channel\/UC5oN7BJ8nfYb8RpVtjwDEBA","https:\/\/www.instagram.com\/lrbeautyeu\/"],"description":"Negozio di Lr Aloe Vera \u00e8 il tuo punto di riferimento per i prodotti LR Health & Beauty di alta qualit\u00e0, realizzati in Germania. Offriamo soluzioni per la cura della pelle, l'alimentazione e l'anti-et\u00e0 a base di Aloe Vera, formulate con ingredienti puri e supportate da ricerche scientifiche. Scopri una cura naturale che rigenera, protegge e rivitalizza la tua pelle e approfitta delle esclusive offerte mensili sui nostri prodotti LR Aloe Vera pi\u00f9 venduti.\nInizia oggi il tuo percorso di cura della pelle naturale e senti la differenza.","email":"info@lraloeverashop.eu","telephone":"+49 17670609653","legalName":"Lr Aloe Vera Shop","foundingDate":"2018-04-21","numberOfEmployees":{"@type":"QuantitativeValue","minValue":"1","maxValue":"10"}}]},"product_price_amount":"76.99","product_price_currency":"EUR","og_availability":"instock","product_availability":"instock","product_retailer_item_id":"80779-680IT","product_condition":"new"},"taxonomy_info":{"product_cat":[{"value":400,"label":"Base"},{"value":293,"label":"Gel da bere Aloe Vera"},{"value":436,"label":"Intestino e Digestione"},{"value":353,"label":"Offerte"},{"value":461,"label":"Risparmia in set"},{"value":466,"label":"Specialisti"}],"product_tag":[{"value":602,"label":"Bevande disintossicanti"}]},"featured_image_src_large":["https:\/\/www.lraloeverashop.eu\/wp-content\/uploads\/2023\/03\/Aloe-Vera-Gel-Peach-2-Pieces-Set-1024x1024.jpeg",1024,1024,true],"author_info":[],"comment_info":0,"_links":{"self":[{"href":"https:\/\/www.lraloeverashop.eu\/it\/wp-json\/wp\/v2\/product\/13805","targetHints":{"allow":["GET"]}}],"collection":[{"href":"https:\/\/www.lraloeverashop.eu\/it\/wp-json\/wp\/v2\/product"}],"about":[{"href":"https:\/\/www.lraloeverashop.eu\/it\/wp-json\/wp\/v2\/types\/product"}],"replies":[{"embeddable":true,"href":"https:\/\/www.lraloeverashop.eu\/it\/wp-json\/wp\/v2\/comments?post=13805"}],"wp:featuredmedia":[{"embeddable":true,"href":"https:\/\/www.lraloeverashop.eu\/it\/wp-json\/wp\/v2\/media\/11218"}],"wp:attachment":[{"href":"https:\/\/www.lraloeverashop.eu\/it\/wp-json\/wp\/v2\/media?parent=13805"}],"wp:term":[{"taxonomy":"product_brand","embeddable":true,"href":"https:\/\/www.lraloeverashop.eu\/it\/wp-json\/wp\/v2\/product_brand?post=13805"},{"taxonomy":"product_cat","embeddable":true,"href":"https:\/\/www.lraloeverashop.eu\/it\/wp-json\/wp\/v2\/product_cat?post=13805"},{"taxonomy":"product_tag","embeddable":true,"href":"https:\/\/www.lraloeverashop.eu\/it\/wp-json\/wp\/v2\/product_tag?post=13805"}],"curies":[{"name":"wp","href":"https:\/\/api.w.org\/{rel}","templated":true}]}}