{"id":13763,"date":"2023-11-01T08:55:22","date_gmt":"2023-11-01T07:55:22","guid":{"rendered":"https:\/\/www.lraloeverashop.eu\/?post_type=product&#038;p=13763"},"modified":"2026-02-03T20:03:40","modified_gmt":"2026-02-03T19:03:40","slug":"freedom-bevanda-aloe-vera-offerta-limitata","status":"publish","type":"product","link":"https:\/\/www.lraloeverashop.eu\/it\/prodotto\/freedom-bevanda-aloe-vera-offerta-limitata\/","title":{"rendered":"Freedom Bevanda Aloe Vera Offerta limitata"},"content":{"rendered":"<h2><span style=\"font-size: 16pt;\"><strong>Freedom Bevanda Aloe Vera Offerta limitata<\/strong><\/span><\/h2>\n<p><span style=\"font-size: 14pt;\"><strong>Freedom Bevanda Aloe Vera Migliora la funzione delle articolazioni<\/strong><\/span><\/p>\n<p>Freedom Bevanda Aloe Vera con i nutrienti \u00e8 un <a href=\"https:\/\/www.lraloeverashop.eu\/it\/aloe-vera-da-bere-da-lr-health-beauty\/\">eccellente supporto per le articolazioni<\/a>. Nella vita di tutti i giorni, le articolazioni sono soggette a stress e affaticamento, in particolare alle ginocchia e ai fianchi.<\/p>\n<p>Per mantenere le articolazioni, \u00e8 utile muoversi regolarmente e fornire al corpo i nutrienti pi\u00f9 importanti. Freedom Bevanda Aloe Vera offre una combinazione ottimale di <a href=\"https:\/\/www.lraloeverashop.eu\/it\/prodotto\/active-freedom-compresse\/\">Ingredienti attivi<\/a> per supportare il movimento delle articolazioni.<\/p>\n<p>La <a href=\"https:\/\/www.lraloeverashop.eu\/it\/prodotto\/aloe-vera-bevanda-immune-plus\/\">vitamina C<\/a> contribuisce alla formazione del collagene per la normale funzionalit\u00e0 della cartilagine.<\/p>\n<p>&nbsp;<\/p>\n<h3><strong><span style=\"font-size: 16pt;\">Come usare Gel da bere Freedom<\/span><\/strong><\/h3>\n<p><strong><span style=\"color: #800000;\">Dosaggio giornaliero consigliato:<\/span><\/strong> 30 ml di Freedom Bevanda Aloe Vera 3 volte al giorno, preferibilmente prima di un pasto (puoi mescolarlo con acqua o succo di frutta).<\/p>\n<p><span style=\"color: #800000;\"><strong>Ricetta consigliata:<\/strong><\/span> prova ad aggiungere la Freedom Bevanda Aloe Vera in un bicchiere di succo di frutta o mescolalo con un frullato di frutta e verdura fresca.<br \/>\nAgitare prima dell\u2019uso. Refrigerare dopo l\u2019apertura e consumare immediatamente. Non superare la dose giornaliera raccomandata.<\/p>\n<p>Gli integratori alimentari non possono sostituire una <a href=\"https:\/\/www.lraloeverashop.eu\/it\/prodotto\/protein-power-bevanda-in-polvere-alla-vaniglia\/\">dieta ricca<\/a> ed equilibrata, in combinazione con uno stile di vita sano.<\/p>\n<p>Tenere il prodotto fuori dalla portata dei bambini.<\/p>\n<p>&nbsp;<\/p>\n<h4><strong><span style=\"font-size: 16pt;\">Domande frequenti<\/span><\/strong><\/h4>\n<p><strong>Come possiamo aumentare l\u2019attivit\u00e0 fisica nella nostra vita quotidiana?<\/strong><br \/>\nSpendiamo un sacco di tempo in ufficio, per andare al lavoro, utilizziamo le scale mobili o l\u2019ascensore. Tuttavia, siamo in grado di aumentare in modo significativo la nostra <a href=\"https:\/\/www.lraloeverashop.eu\/it\/prodotto\/mind-master-bevanda-verde\/\">attivit\u00e0 fisica<\/a> ogni giorno per migliorare la nostra condizione fisica.<\/p>\n<p>Prova a camminare o andare in bicicletta per brevi distanze. Se si utilizzano i mezzi pubblici, si pu\u00f2 scendere alla fermata precedente e camminare verso la destinazione. Usa le scale anzi ch\u00e9 l\u2019ascensore e fai una passeggiata invece di sedersi sul divano e guardare la TV.<\/p>\n<p><strong>Cosa c\u2019\u00e8 nela Bevanda Freedom<\/strong><br \/>\nLe foglie della pianta di Aloe Vera sono particolarmente carnose, mentre l\u2019esterno della pianta \u00e8 circondato da una fitta corteccia verde. L\u2019interno del foglio consiste da uno strato di colla e del parenchima, che \u00e8 lo strato in cui \u00e8 presente il gel. Questo gel trasparente contiene tutti gli ingredienti preziosi e viene utilizzato per la Bevanda Aloe Vera.<\/p>\n<p><strong>Perch\u00e9 LR utilizza esclusivamente l\u2019Aloe Vera Barbadensis Miller per i suoi gel da bere?<\/strong><br \/>\nDa oltre 200 specie di Aloe Vera il Aloe Vera Barbadensis Miller \u00e8 l\u2019unica specie che pu\u00f2 essere consumata come cibo. L\u2019Aloe Arborescens contiene un\u2019alta percentuale di aloina, che lo rende inadatto al consumo. LR utilizza esclusivamente Aloe Vera Barbadensis Miller per la produzione di <a href=\"https:\/\/www.lraloeverashop.eu\/it\/aloe-vera-gel-per-viso-capelli-e-corpo\/\">Prodotti Aloe Vera<\/a>.<\/p>\n<p><strong>Posso tagliare una pianta di Aloe Vera a casa e bere il gel?<\/strong><br \/>\nIl consumo di puro gel di Foglia di aloe vera, allo stato originale non \u00e8 raccomandato. \u00c8 necessario che la corteccia sia accuratamente separata dal gel interno. Uno strato di aloe \u00e8 attaccato sotto la pelle, che \u00e8 un succo giallo che deve essere accuratamente rimosso prima del consumo.<\/p>\n<p>L\u2019estrazione del gel di Aloe Vera dalla corteccia deve essere effettuata sotto la supervisione di esperti. L\u2019aloina \u00e8 un lassativo, che pu\u00f2 causare diarrea se consumato in grandi quantit\u00e0.<\/p>\n<p>Questo \u00e8 il motivo per cui la quantit\u00e0 di <a href=\"https:\/\/www.lraloeverashop.eu\/it\/prodotto\/bevanda-aloe-vera-sivera\/\">Aloe Vera<\/a> nela Freedom Bevanda Aloe Vera \u00e8 soggetta a controlli regolari. Inoltre, l\u2019Aloe Vera nella sua forma pura ha un sapore amaro.<\/p>\n<p>In ogni caso, \u00e8 pi\u00f9 facile consumare una Freedom Bevanda Aloe Vera che abbia un gusto eccezionale.<\/p>\n","protected":false},"excerpt":{"rendered":"<ul>\n<li><strong><span style=\"color: #ff0000;\">Offerta limitata<\/span><\/strong><\/li>\n<li>88% puro gel di foglie di Aloe Vera<\/li>\n<li>Per la prevenzione dell&#8217;artrite<\/li>\n<li>Migliora la funzione delle articolazioni<\/li>\n<li>Con vitamina C per sostenere la formazione di collagene per la normale funzione della cartilagine<\/li>\n<li>Quantit\u00e0: 2 x 1000 ml<\/li>\n<\/ul>\n<p><span style=\"color: #ff0000;\"><a style=\"color: #ff0000;\" href=\"https:\/\/shop.lrworld.com\/openpao?PHP=0vFlt7jT938BEnBI3a6e9w%3D%3D\"><span style=\"font-size: 14pt;\"><strong>Registrati ora e risparmia il 35% su ogni ordine<\/strong><\/span><\/a><\/span><\/p>\n","protected":false},"featured_media":11211,"comment_status":"open","ping_status":"closed","template":"","meta":{"_kad_blocks_custom_css":"","_kad_blocks_head_custom_js":"","_kad_blocks_body_custom_js":"","_kad_blocks_footer_custom_js":"","_kadence_starter_templates_imported_post":false,"_kad_post_transparent":"default","_kad_post_title":"","_kad_post_layout":"default","_kad_post_sidebar_id":"","_kad_post_content_style":"default","_kad_post_vertical_padding":"default","_kad_post_feature":"","_kad_post_feature_position":"","_kad_post_header":false,"_kad_post_footer":false,"_kad_post_classname":""},"product_brand":[],"product_cat":[400,293,436,353,418,461,466],"product_tag":[602,664],"class_list":{"0":"post-13763","1":"product","2":"type-product","3":"status-publish","4":"has-post-thumbnail","6":"product_cat-base-it","7":"product_cat-gel-da-bere-allaloe-vera","8":"product_cat-intestino-e-digestione","9":"product_cat-offerte","10":"product_cat-ossa-articolazioni-e-muscoli","11":"product_cat-risparmia-in-set","12":"product_cat-nutrizionisti","13":"product_tag-bevande-disintossicanti","14":"product_tag-dolore-alle-articolazioni","16":"first","17":"instock","18":"sale","19":"taxable","20":"shipping-taxable","21":"purchasable","22":"product-type-simple","23":"entry","24":"content-bg","25":"loop-entry"},"yoast_head":"<!-- This site is optimized with the Yoast SEO Premium plugin v27.4 (Yoast SEO v27.4) - https:\/\/yoast.com\/product\/yoast-seo-premium-wordpress\/ -->\n<title>Freedom Bevanda Aloe Vera Offerta limitata Set di due Pezzi<\/title>\n<meta name=\"description\" content=\"Freedom Bevanda Aloe Vera Offerta limitata con 88% Gel e preziosi nutrienti \u00e8 un ottimo supporto per le articolazioni stressate e stanche dopo un lavoro pesante\" \/>\n<meta name=\"robots\" content=\"index, follow, max-snippet:-1, max-image-preview:large, max-video-preview:-1\" \/>\n<link rel=\"canonical\" href=\"https:\/\/www.lraloeverashop.eu\/it\/prodotto\/freedom-bevanda-aloe-vera-offerta-limitata\/\" \/>\n<meta property=\"og:locale\" content=\"it_IT\" \/>\n<meta property=\"og:type\" content=\"article\" \/>\n<meta property=\"og:title\" content=\"Freedom Bevanda Aloe Vera Offerta limitata\" \/>\n<meta property=\"og:description\" content=\"Freedom Bevanda Aloe Vera Offerta limitata con 88% Gel e preziosi nutrienti \u00e8 un ottimo supporto per le articolazioni stressate e stanche dopo un lavoro pesante\" \/>\n<meta property=\"og:url\" content=\"https:\/\/www.lraloeverashop.eu\/it\/prodotto\/freedom-bevanda-aloe-vera-offerta-limitata\/\" \/>\n<meta property=\"og:site_name\" content=\"Lr Negozio di Aloe Vera\" \/>\n<meta property=\"article:publisher\" content=\"https:\/\/www.facebook.com\/lraloeverashop.eu\" \/>\n<meta property=\"article:modified_time\" content=\"2026-02-03T19:03:40+00:00\" \/>\n<meta property=\"og:image\" content=\"https:\/\/www.lraloeverashop.eu\/wp-content\/uploads\/2023\/03\/Aloe-Vera-Gel-Freedom-2-Pieces-Set.jpeg\" \/>\n\t<meta property=\"og:image:width\" content=\"1200\" \/>\n\t<meta property=\"og:image:height\" content=\"1200\" \/>\n\t<meta property=\"og:image:type\" content=\"image\/jpeg\" \/>\n<meta name=\"twitter:card\" content=\"summary_large_image\" \/>\n<meta name=\"twitter:site\" content=\"@natur__kosmetik\" \/>\n<script type=\"application\/ld+json\" class=\"yoast-schema-graph\">{\"@context\":\"https:\\\/\\\/schema.org\",\"@graph\":[{\"@type\":[\"WebPage\",\"ItemPage\"],\"@id\":\"https:\\\/\\\/www.lraloeverashop.eu\\\/it\\\/prodotto\\\/freedom-bevanda-aloe-vera-offerta-limitata\\\/\",\"url\":\"https:\\\/\\\/www.lraloeverashop.eu\\\/it\\\/prodotto\\\/freedom-bevanda-aloe-vera-offerta-limitata\\\/\",\"name\":\"Freedom Bevanda Aloe Vera Offerta limitata Set di due Pezzi\",\"isPartOf\":{\"@id\":\"https:\\\/\\\/www.lraloeverashop.eu\\\/it\\\/#website\"},\"primaryImageOfPage\":{\"@id\":\"https:\\\/\\\/www.lraloeverashop.eu\\\/it\\\/prodotto\\\/freedom-bevanda-aloe-vera-offerta-limitata\\\/#primaryimage\"},\"image\":{\"@id\":\"https:\\\/\\\/www.lraloeverashop.eu\\\/it\\\/prodotto\\\/freedom-bevanda-aloe-vera-offerta-limitata\\\/#primaryimage\"},\"thumbnailUrl\":\"https:\\\/\\\/www.lraloeverashop.eu\\\/wp-content\\\/uploads\\\/2023\\\/03\\\/Aloe-Vera-Gel-Freedom-2-Pieces-Set.jpeg\",\"datePublished\":\"2023-11-01T07:55:22+00:00\",\"dateModified\":\"2026-02-03T19:03:40+00:00\",\"description\":\"Freedom Bevanda Aloe Vera Offerta limitata con 88% Gel e preziosi nutrienti \u00e8 un ottimo supporto per le articolazioni stressate e stanche dopo un lavoro pesante\",\"breadcrumb\":{\"@id\":\"https:\\\/\\\/www.lraloeverashop.eu\\\/it\\\/prodotto\\\/freedom-bevanda-aloe-vera-offerta-limitata\\\/#breadcrumb\"},\"inLanguage\":\"it-IT\",\"potentialAction\":[{\"@type\":\"ReadAction\",\"target\":[\"https:\\\/\\\/www.lraloeverashop.eu\\\/it\\\/prodotto\\\/freedom-bevanda-aloe-vera-offerta-limitata\\\/\"]}]},{\"@type\":\"ImageObject\",\"inLanguage\":\"it-IT\",\"@id\":\"https:\\\/\\\/www.lraloeverashop.eu\\\/it\\\/prodotto\\\/freedom-bevanda-aloe-vera-offerta-limitata\\\/#primaryimage\",\"url\":\"https:\\\/\\\/www.lraloeverashop.eu\\\/wp-content\\\/uploads\\\/2023\\\/03\\\/Aloe-Vera-Gel-Freedom-2-Pieces-Set.jpeg\",\"contentUrl\":\"https:\\\/\\\/www.lraloeverashop.eu\\\/wp-content\\\/uploads\\\/2023\\\/03\\\/Aloe-Vera-Gel-Freedom-2-Pieces-Set.jpeg\",\"width\":1200,\"height\":1200,\"caption\":\"Drink Freedom Aloe Vera\"},{\"@type\":\"BreadcrumbList\",\"@id\":\"https:\\\/\\\/www.lraloeverashop.eu\\\/it\\\/prodotto\\\/freedom-bevanda-aloe-vera-offerta-limitata\\\/#breadcrumb\",\"itemListElement\":[{\"@type\":\"ListItem\",\"position\":1,\"name\":\"Home\",\"item\":\"https:\\\/\\\/www.lraloeverashop.eu\\\/it\\\/\"},{\"@type\":\"ListItem\",\"position\":2,\"name\":\"Negozio\",\"item\":\"https:\\\/\\\/www.lraloeverashop.eu\\\/it\\\/negozio\\\/\"},{\"@type\":\"ListItem\",\"position\":3,\"name\":\"Freedom Bevanda Aloe Vera Offerta limitata\"}]},{\"@type\":\"WebSite\",\"@id\":\"https:\\\/\\\/www.lraloeverashop.eu\\\/it\\\/#website\",\"url\":\"https:\\\/\\\/www.lraloeverashop.eu\\\/it\\\/\",\"name\":\"Lr Negozio di Aloe Vera\",\"description\":\"High Quality Lr Aloe Vera Gel, Aloe Vera Cream and Shampoo\",\"publisher\":{\"@id\":\"https:\\\/\\\/www.lraloeverashop.eu\\\/it\\\/#organization\"},\"potentialAction\":[{\"@type\":\"SearchAction\",\"target\":{\"@type\":\"EntryPoint\",\"urlTemplate\":\"https:\\\/\\\/www.lraloeverashop.eu\\\/it\\\/?s={search_term_string}\"},\"query-input\":{\"@type\":\"PropertyValueSpecification\",\"valueRequired\":true,\"valueName\":\"search_term_string\"}}],\"inLanguage\":\"it-IT\"},{\"@type\":\"Organization\",\"@id\":\"https:\\\/\\\/www.lraloeverashop.eu\\\/it\\\/#organization\",\"name\":\"Negozio di Lr Aloe Vera\",\"alternateName\":\"LR\",\"url\":\"https:\\\/\\\/www.lraloeverashop.eu\\\/it\\\/\",\"logo\":{\"@type\":\"ImageObject\",\"inLanguage\":\"it-IT\",\"@id\":\"https:\\\/\\\/www.lraloeverashop.eu\\\/it\\\/#\\\/schema\\\/logo\\\/image\\\/\",\"url\":\"https:\\\/\\\/www.lraloeverashop.eu\\\/wp-content\\\/uploads\\\/2022\\\/09\\\/cropped-Lr-Aloe-Vera-Shop.jpg\",\"contentUrl\":\"https:\\\/\\\/www.lraloeverashop.eu\\\/wp-content\\\/uploads\\\/2022\\\/09\\\/cropped-Lr-Aloe-Vera-Shop.jpg\",\"width\":228,\"height\":76,\"caption\":\"Negozio di Lr Aloe Vera\"},\"image\":{\"@id\":\"https:\\\/\\\/www.lraloeverashop.eu\\\/it\\\/#\\\/schema\\\/logo\\\/image\\\/\"},\"sameAs\":[\"https:\\\/\\\/www.facebook.com\\\/lraloeverashop.eu\",\"https:\\\/\\\/x.com\\\/natur__kosmetik\",\"https:\\\/\\\/www.youtube.com\\\/channel\\\/UC5oN7BJ8nfYb8RpVtjwDEBA\",\"https:\\\/\\\/www.instagram.com\\\/lrbeautyeu\\\/\"],\"description\":\"Negozio di Lr Aloe Vera \u00e8 il tuo punto di riferimento per i prodotti LR Health & Beauty di alta qualit\u00e0, realizzati in Germania. Offriamo soluzioni per la cura della pelle, l'alimentazione e l'anti-et\u00e0 a base di Aloe Vera, formulate con ingredienti puri e supportate da ricerche scientifiche. Scopri una cura naturale che rigenera, protegge e rivitalizza la tua pelle e approfitta delle esclusive offerte mensili sui nostri prodotti LR Aloe Vera pi\u00f9 venduti.\\nInizia oggi il tuo percorso di cura della pelle naturale e senti la differenza.\",\"email\":\"info@lraloeverashop.eu\",\"telephone\":\"+49 17670609653\",\"legalName\":\"Lr Aloe Vera Shop\",\"foundingDate\":\"2018-04-21\",\"numberOfEmployees\":{\"@type\":\"QuantitativeValue\",\"minValue\":\"1\",\"maxValue\":\"10\"}}]}<\/script>\n<meta property=\"product:price:amount\" content=\"86.99\" \/>\n<meta property=\"product:price:currency\" content=\"EUR\" \/>\n<meta property=\"og:availability\" content=\"instock\" \/>\n<meta property=\"product:availability\" content=\"instock\" \/>\n<meta property=\"product:retailer_item_id\" content=\"80868-680IT\" \/>\n<meta property=\"product:condition\" content=\"new\" \/>\n<!-- \/ Yoast SEO Premium plugin. -->","yoast_head_json":{"title":"Freedom Bevanda Aloe Vera Offerta limitata Set di due Pezzi","description":"Freedom Bevanda Aloe Vera Offerta limitata con 88% Gel e preziosi nutrienti \u00e8 un ottimo supporto per le articolazioni stressate e stanche dopo un lavoro pesante","robots":{"index":"index","follow":"follow","max-snippet":"max-snippet:-1","max-image-preview":"max-image-preview:large","max-video-preview":"max-video-preview:-1"},"canonical":"https:\/\/www.lraloeverashop.eu\/it\/prodotto\/freedom-bevanda-aloe-vera-offerta-limitata\/","og_locale":"it_IT","og_type":"article","og_title":"Freedom Bevanda Aloe Vera Offerta limitata","og_description":"Freedom Bevanda Aloe Vera Offerta limitata con 88% Gel e preziosi nutrienti \u00e8 un ottimo supporto per le articolazioni stressate e stanche dopo un lavoro pesante","og_url":"https:\/\/www.lraloeverashop.eu\/it\/prodotto\/freedom-bevanda-aloe-vera-offerta-limitata\/","og_site_name":"Lr Negozio di Aloe Vera","article_publisher":"https:\/\/www.facebook.com\/lraloeverashop.eu","article_modified_time":"2026-02-03T19:03:40+00:00","og_image":[{"width":1200,"height":1200,"url":"https:\/\/www.lraloeverashop.eu\/wp-content\/uploads\/2023\/03\/Aloe-Vera-Gel-Freedom-2-Pieces-Set.jpeg","type":"image\/jpeg"}],"twitter_card":"summary_large_image","twitter_site":"@natur__kosmetik","schema":{"@context":"https:\/\/schema.org","@graph":[{"@type":["WebPage","ItemPage"],"@id":"https:\/\/www.lraloeverashop.eu\/it\/prodotto\/freedom-bevanda-aloe-vera-offerta-limitata\/","url":"https:\/\/www.lraloeverashop.eu\/it\/prodotto\/freedom-bevanda-aloe-vera-offerta-limitata\/","name":"Freedom Bevanda Aloe Vera Offerta limitata Set di due Pezzi","isPartOf":{"@id":"https:\/\/www.lraloeverashop.eu\/it\/#website"},"primaryImageOfPage":{"@id":"https:\/\/www.lraloeverashop.eu\/it\/prodotto\/freedom-bevanda-aloe-vera-offerta-limitata\/#primaryimage"},"image":{"@id":"https:\/\/www.lraloeverashop.eu\/it\/prodotto\/freedom-bevanda-aloe-vera-offerta-limitata\/#primaryimage"},"thumbnailUrl":"https:\/\/www.lraloeverashop.eu\/wp-content\/uploads\/2023\/03\/Aloe-Vera-Gel-Freedom-2-Pieces-Set.jpeg","datePublished":"2023-11-01T07:55:22+00:00","dateModified":"2026-02-03T19:03:40+00:00","description":"Freedom Bevanda Aloe Vera Offerta limitata con 88% Gel e preziosi nutrienti \u00e8 un ottimo supporto per le articolazioni stressate e stanche dopo un lavoro pesante","breadcrumb":{"@id":"https:\/\/www.lraloeverashop.eu\/it\/prodotto\/freedom-bevanda-aloe-vera-offerta-limitata\/#breadcrumb"},"inLanguage":"it-IT","potentialAction":[{"@type":"ReadAction","target":["https:\/\/www.lraloeverashop.eu\/it\/prodotto\/freedom-bevanda-aloe-vera-offerta-limitata\/"]}]},{"@type":"ImageObject","inLanguage":"it-IT","@id":"https:\/\/www.lraloeverashop.eu\/it\/prodotto\/freedom-bevanda-aloe-vera-offerta-limitata\/#primaryimage","url":"https:\/\/www.lraloeverashop.eu\/wp-content\/uploads\/2023\/03\/Aloe-Vera-Gel-Freedom-2-Pieces-Set.jpeg","contentUrl":"https:\/\/www.lraloeverashop.eu\/wp-content\/uploads\/2023\/03\/Aloe-Vera-Gel-Freedom-2-Pieces-Set.jpeg","width":1200,"height":1200,"caption":"Drink Freedom Aloe Vera"},{"@type":"BreadcrumbList","@id":"https:\/\/www.lraloeverashop.eu\/it\/prodotto\/freedom-bevanda-aloe-vera-offerta-limitata\/#breadcrumb","itemListElement":[{"@type":"ListItem","position":1,"name":"Home","item":"https:\/\/www.lraloeverashop.eu\/it\/"},{"@type":"ListItem","position":2,"name":"Negozio","item":"https:\/\/www.lraloeverashop.eu\/it\/negozio\/"},{"@type":"ListItem","position":3,"name":"Freedom Bevanda Aloe Vera Offerta limitata"}]},{"@type":"WebSite","@id":"https:\/\/www.lraloeverashop.eu\/it\/#website","url":"https:\/\/www.lraloeverashop.eu\/it\/","name":"Lr Negozio di Aloe Vera","description":"High Quality Lr Aloe Vera Gel, Aloe Vera Cream and Shampoo","publisher":{"@id":"https:\/\/www.lraloeverashop.eu\/it\/#organization"},"potentialAction":[{"@type":"SearchAction","target":{"@type":"EntryPoint","urlTemplate":"https:\/\/www.lraloeverashop.eu\/it\/?s={search_term_string}"},"query-input":{"@type":"PropertyValueSpecification","valueRequired":true,"valueName":"search_term_string"}}],"inLanguage":"it-IT"},{"@type":"Organization","@id":"https:\/\/www.lraloeverashop.eu\/it\/#organization","name":"Negozio di Lr Aloe Vera","alternateName":"LR","url":"https:\/\/www.lraloeverashop.eu\/it\/","logo":{"@type":"ImageObject","inLanguage":"it-IT","@id":"https:\/\/www.lraloeverashop.eu\/it\/#\/schema\/logo\/image\/","url":"https:\/\/www.lraloeverashop.eu\/wp-content\/uploads\/2022\/09\/cropped-Lr-Aloe-Vera-Shop.jpg","contentUrl":"https:\/\/www.lraloeverashop.eu\/wp-content\/uploads\/2022\/09\/cropped-Lr-Aloe-Vera-Shop.jpg","width":228,"height":76,"caption":"Negozio di Lr Aloe Vera"},"image":{"@id":"https:\/\/www.lraloeverashop.eu\/it\/#\/schema\/logo\/image\/"},"sameAs":["https:\/\/www.facebook.com\/lraloeverashop.eu","https:\/\/x.com\/natur__kosmetik","https:\/\/www.youtube.com\/channel\/UC5oN7BJ8nfYb8RpVtjwDEBA","https:\/\/www.instagram.com\/lrbeautyeu\/"],"description":"Negozio di Lr Aloe Vera \u00e8 il tuo punto di riferimento per i prodotti LR Health & Beauty di alta qualit\u00e0, realizzati in Germania. Offriamo soluzioni per la cura della pelle, l'alimentazione e l'anti-et\u00e0 a base di Aloe Vera, formulate con ingredienti puri e supportate da ricerche scientifiche. Scopri una cura naturale che rigenera, protegge e rivitalizza la tua pelle e approfitta delle esclusive offerte mensili sui nostri prodotti LR Aloe Vera pi\u00f9 venduti.\nInizia oggi il tuo percorso di cura della pelle naturale e senti la differenza.","email":"info@lraloeverashop.eu","telephone":"+49 17670609653","legalName":"Lr Aloe Vera Shop","foundingDate":"2018-04-21","numberOfEmployees":{"@type":"QuantitativeValue","minValue":"1","maxValue":"10"}}]},"product_price_amount":"86.99","product_price_currency":"EUR","og_availability":"instock","product_availability":"instock","product_retailer_item_id":"80868-680IT","product_condition":"new"},"taxonomy_info":{"product_cat":[{"value":400,"label":"Base"},{"value":293,"label":"Gel da bere Aloe Vera"},{"value":436,"label":"Intestino e Digestione"},{"value":353,"label":"Offerte"},{"value":418,"label":"Ossa, Articolazioni e Muscoli"},{"value":461,"label":"Risparmia in set"},{"value":466,"label":"Specialisti"}],"product_tag":[{"value":602,"label":"Bevande disintossicanti"},{"value":664,"label":"Dolore alle articolazioni"}]},"featured_image_src_large":["https:\/\/www.lraloeverashop.eu\/wp-content\/uploads\/2023\/03\/Aloe-Vera-Gel-Freedom-2-Pieces-Set-1024x1024.jpeg",1024,1024,true],"author_info":[],"comment_info":0,"_links":{"self":[{"href":"https:\/\/www.lraloeverashop.eu\/it\/wp-json\/wp\/v2\/product\/13763","targetHints":{"allow":["GET"]}}],"collection":[{"href":"https:\/\/www.lraloeverashop.eu\/it\/wp-json\/wp\/v2\/product"}],"about":[{"href":"https:\/\/www.lraloeverashop.eu\/it\/wp-json\/wp\/v2\/types\/product"}],"replies":[{"embeddable":true,"href":"https:\/\/www.lraloeverashop.eu\/it\/wp-json\/wp\/v2\/comments?post=13763"}],"wp:featuredmedia":[{"embeddable":true,"href":"https:\/\/www.lraloeverashop.eu\/it\/wp-json\/wp\/v2\/media\/11211"}],"wp:attachment":[{"href":"https:\/\/www.lraloeverashop.eu\/it\/wp-json\/wp\/v2\/media?parent=13763"}],"wp:term":[{"taxonomy":"product_brand","embeddable":true,"href":"https:\/\/www.lraloeverashop.eu\/it\/wp-json\/wp\/v2\/product_brand?post=13763"},{"taxonomy":"product_cat","embeddable":true,"href":"https:\/\/www.lraloeverashop.eu\/it\/wp-json\/wp\/v2\/product_cat?post=13763"},{"taxonomy":"product_tag","embeddable":true,"href":"https:\/\/www.lraloeverashop.eu\/it\/wp-json\/wp\/v2\/product_tag?post=13763"}],"curies":[{"name":"wp","href":"https:\/\/api.w.org\/{rel}","templated":true}]}}