{"id":12800,"date":"2023-06-25T08:17:51","date_gmt":"2023-06-25T06:17:51","guid":{"rendered":"https:\/\/www.lraloeverashop.eu\/?post_type=product&#038;p=12800"},"modified":"2026-02-03T20:04:24","modified_gmt":"2026-02-03T19:04:24","slug":"lr-spray-demergenza-offerta-limitata","status":"publish","type":"product","link":"https:\/\/www.lraloeverashop.eu\/it\/prodotto\/lr-spray-demergenza-offerta-limitata\/","title":{"rendered":"Spray di Emergenza Lr Offerta Limitata"},"content":{"rendered":"<h2><span style=\"font-size: 16pt;\"><strong>Spray di Emergenza Lr Offerta Limitata<\/strong><\/span><\/h2>\n<p><span style=\"font-size: 14pt;\"><strong>Spray di emergenza Lr Aloe Vera con 83% gel di aloe vera e 12 estratti di erbe<\/strong><\/span><\/p>\n<p>La tua pelle \u00e8 stressata e ha bisogno di una potente combinazione? <a href=\"https:\/\/www.lraloeverashop.eu\/it\/prodotto\/aloe-vera-spray-di-emergenza-istantaneo\/\">Aloe Vera Spray di emergenza<\/a>\u00a0 appoggia un rivestimento protettivo sulle zone cutanee pi\u00f9 esigenti. Grazie al suo contenuto di 83% in Aloe Vera e 12 estratti di erbe selezionati e testati, lenisce, protegge la pelle e fornisce la massima idratazione. La cura d&#8217;emergenza perfetta con il potere di Aloe Vera.<\/p>\n<p>Approfitta della competenza degli esperti di Aloe Vera! Il loro alto contenuto in puro gel di foglie di Aloe Vera offre la massima idratazione. Con ingredienti biologici provenienti da colture certificate e prodotti testati dermatologicamente, privi di parabeni e oli minerali, <a href=\"https:\/\/www.lraloeverashop.eu\/it\/aloe-vera-gel-per-viso-capelli-e-corpo\/\"><strong>LR Aloe Vera<\/strong><\/a> offre cura intensa ed efficacia.<\/p>\n<p>&nbsp;<\/p>\n<h3><span style=\"font-size: 16pt;\"><strong>Come usare<\/strong><\/span><\/h3>\n<p>Applicare Spray di Emergenza Lr preferibilmente dopo la pulizia e prima di applicare la normale cura del viso e del corpo. Spray e adatto per vari modi di utilizzo come il sollievo della pelle secca e stressata dopo l\u2019esposizione al sole o <a href=\"https:\/\/www.lraloeverashop.eu\/it\/prodotto\/aloe-vera-special-care-box\/\">eczema<\/a>, acne e un altro problema di pelle.<\/p>\n<p>&nbsp;<\/p>\n<p><iframe loading=\"lazy\" src=\"\/\/www.youtube.com\/embed\/cHbvBlJ98Kk?rel=0&amp;showinfo=0\" width=\"1280\" height=\"720\" frameborder=\"0\" allowfullscreen=\"allowfullscreen\"><\/iframe><\/p>\n<p>&nbsp;<\/p>\n<h4><span style=\"font-size: 16pt;\"><strong>Domande frequenti<\/strong><\/span><\/h4>\n<p><strong>Dove pu\u00f2 essere applicato Il Spray di Emergenza Lr?<\/strong><br \/>\nTra l\u2019altro, pu\u00f2 essere applicato a diverse aree della pelle stressate. Spruzzare direttamente sulla pelle stressata e lasciarla svelare la sua azione.<\/p>\n<p><strong>Pu\u00f2 Spray aiutare i piedi stanchi?<\/strong><br \/>\nSoprattutto durante i caldi mesi estivi, i piedi soffrono di sudorazione e stanchezza. Il Spray di Lr Aloe Vera offre un\u2019azione rinfrescante e istantanea. I suoi estratti di erbe leniscono la pelle.<\/p>\n<p>La rasatura frequente irrita la pelle degli uomini. La soluzione migliore \u00e8 di spruzzare un po \u2018di Aloe Vera Spray di Emergenza Lr sulle mani dopo la rasatura e applicarlo sul viso, picchiettandolo leggermente come un dopobarba. Lenisce e rilassa la pelle irritata.<\/p>\n<p><strong>Potete applicare Lr Spray di Aloe Vera sul cuoio capelluto?<\/strong><br \/>\nSe si nota untuosit\u00e0 del cuoio capelluto, basta spruzzare lo <a href=\"https:\/\/www.lraloeverashop.eu\/it\/lr-aloe-vera-spray-di-emergenza\/\">spray istantaneo di emergenza<\/a> sul cuoio capelluto e massaggiarlo delicatamente sulla pelle con la punta delle dita. Offre una sensazione di freschezza sul cuoio capelluto.<\/p>\n","protected":false},"excerpt":{"rendered":"<ul>\n<li><strong><span style=\"color: #ff0000;\">Offerta limitata<\/span><\/strong><\/li>\n<li>83% di Aloe Vera<\/li>\n<li>Con 12 estratti di erbe selezionati e testati<\/li>\n<li>Buono per eczema, ferite, punture di insetti<\/li>\n<li>Mette una mano protettiva sulla pelle esigente<\/li>\n<li>Con azione lenitiva e rinfrescante<\/li>\n<li>Quantit\u00e0: 2 x 400 ml<\/li>\n<\/ul>\n<p><span style=\"color: #ff0000;\"><a style=\"color: #ff0000;\" href=\"https:\/\/shop.lrworld.com\/openpao?PHP=0vFlt7jT938BEnBI3a6e9w%3D%3D\"><span style=\"font-size: 14pt;\"><strong>Registrati ora e risparmia il 35% su ogni ordine<\/strong><\/span><\/a><\/span><\/p>\n","protected":false},"featured_media":12812,"comment_status":"open","ping_status":"closed","template":"","meta":{"_kad_blocks_custom_css":"","_kad_blocks_head_custom_js":"","_kad_blocks_body_custom_js":"","_kad_blocks_footer_custom_js":"","_kadence_starter_templates_imported_post":false,"_kad_post_transparent":"default","_kad_post_title":"","_kad_post_layout":"default","_kad_post_sidebar_id":"","_kad_post_content_style":"default","_kad_post_vertical_padding":"default","_kad_post_feature":"","_kad_post_feature_position":"","_kad_post_header":false,"_kad_post_footer":false,"_kad_post_classname":""},"product_brand":[],"product_cat":[214,262,353],"product_tag":[543,598,542],"class_list":{"0":"post-12800","1":"product","2":"type-product","3":"status-publish","4":"has-post-thumbnail","6":"product_cat-aloe-vera-it","7":"product_cat-cura-speciale","8":"product_cat-offerte","9":"product_tag-eczema-it","10":"product_tag-ferite","11":"product_tag-tagli","13":"first","14":"outofstock","15":"sale","16":"taxable","17":"shipping-taxable","18":"purchasable","19":"product-type-simple","20":"entry","21":"content-bg","22":"loop-entry"},"yoast_head":"<!-- This site is optimized with the Yoast SEO Premium plugin v27.4 (Yoast SEO v27.4) - https:\/\/yoast.com\/product\/yoast-seo-premium-wordpress\/ -->\n<title>Spray di Emergenza Lr Offerta Limitata con 83% gel di aloe vera<\/title>\n<meta name=\"description\" content=\"Spray di Emergenza Lr con 83% Aloe Vera Gel e 12 estratti di erbe lenisce e protegge le zone cutanee irritate da eczemi, punture di insetti, ferite\" \/>\n<meta name=\"robots\" content=\"index, follow, max-snippet:-1, max-image-preview:large, max-video-preview:-1\" \/>\n<link rel=\"canonical\" href=\"https:\/\/www.lraloeverashop.eu\/it\/prodotto\/lr-spray-demergenza-offerta-limitata\/\" \/>\n<meta property=\"og:locale\" content=\"it_IT\" \/>\n<meta property=\"og:type\" content=\"article\" \/>\n<meta property=\"og:title\" content=\"Spray di Emergenza Lr Offerta Limitata\" \/>\n<meta property=\"og:description\" content=\"Spray di Emergenza Lr con 83% Aloe Vera Gel e 12 estratti di erbe lenisce e protegge le zone cutanee irritate da eczemi, punture di insetti, ferite\" \/>\n<meta property=\"og:url\" content=\"https:\/\/www.lraloeverashop.eu\/it\/prodotto\/lr-spray-demergenza-offerta-limitata\/\" \/>\n<meta property=\"og:site_name\" content=\"Lr Negozio di Aloe Vera\" \/>\n<meta property=\"article:publisher\" content=\"https:\/\/www.facebook.com\/lraloeverashop.eu\" \/>\n<meta property=\"article:modified_time\" content=\"2026-02-03T19:04:24+00:00\" \/>\n<meta property=\"og:image\" content=\"https:\/\/www.lraloeverashop.eu\/wp-content\/uploads\/2023\/06\/Lr-Emergency-Spray-Set-Limited-Offer.jpg\" \/>\n\t<meta property=\"og:image:width\" content=\"1308\" \/>\n\t<meta property=\"og:image:height\" content=\"1308\" \/>\n\t<meta property=\"og:image:type\" content=\"image\/jpeg\" \/>\n<meta name=\"twitter:card\" content=\"summary_large_image\" \/>\n<meta name=\"twitter:site\" content=\"@natur__kosmetik\" \/>\n<script type=\"application\/ld+json\" class=\"yoast-schema-graph\">{\"@context\":\"https:\\\/\\\/schema.org\",\"@graph\":[{\"@type\":[\"WebPage\",\"ItemPage\"],\"@id\":\"https:\\\/\\\/www.lraloeverashop.eu\\\/it\\\/prodotto\\\/lr-spray-demergenza-offerta-limitata\\\/\",\"url\":\"https:\\\/\\\/www.lraloeverashop.eu\\\/it\\\/prodotto\\\/lr-spray-demergenza-offerta-limitata\\\/\",\"name\":\"Spray di Emergenza Lr Offerta Limitata con 83% gel di aloe vera\",\"isPartOf\":{\"@id\":\"https:\\\/\\\/www.lraloeverashop.eu\\\/it\\\/#website\"},\"primaryImageOfPage\":{\"@id\":\"https:\\\/\\\/www.lraloeverashop.eu\\\/it\\\/prodotto\\\/lr-spray-demergenza-offerta-limitata\\\/#primaryimage\"},\"image\":{\"@id\":\"https:\\\/\\\/www.lraloeverashop.eu\\\/it\\\/prodotto\\\/lr-spray-demergenza-offerta-limitata\\\/#primaryimage\"},\"thumbnailUrl\":\"https:\\\/\\\/www.lraloeverashop.eu\\\/wp-content\\\/uploads\\\/2023\\\/06\\\/Lr-Emergency-Spray-Set-Limited-Offer.jpg\",\"datePublished\":\"2023-06-25T06:17:51+00:00\",\"dateModified\":\"2026-02-03T19:04:24+00:00\",\"description\":\"Spray di Emergenza Lr con 83% Aloe Vera Gel e 12 estratti di erbe lenisce e protegge le zone cutanee irritate da eczemi, punture di insetti, ferite\",\"breadcrumb\":{\"@id\":\"https:\\\/\\\/www.lraloeverashop.eu\\\/it\\\/prodotto\\\/lr-spray-demergenza-offerta-limitata\\\/#breadcrumb\"},\"inLanguage\":\"it-IT\",\"potentialAction\":[{\"@type\":\"ReadAction\",\"target\":[\"https:\\\/\\\/www.lraloeverashop.eu\\\/it\\\/prodotto\\\/lr-spray-demergenza-offerta-limitata\\\/\"]}]},{\"@type\":\"ImageObject\",\"inLanguage\":\"it-IT\",\"@id\":\"https:\\\/\\\/www.lraloeverashop.eu\\\/it\\\/prodotto\\\/lr-spray-demergenza-offerta-limitata\\\/#primaryimage\",\"url\":\"https:\\\/\\\/www.lraloeverashop.eu\\\/wp-content\\\/uploads\\\/2023\\\/06\\\/Lr-Emergency-Spray-Set-Limited-Offer.jpg\",\"contentUrl\":\"https:\\\/\\\/www.lraloeverashop.eu\\\/wp-content\\\/uploads\\\/2023\\\/06\\\/Lr-Emergency-Spray-Set-Limited-Offer.jpg\",\"width\":1308,\"height\":1308,\"caption\":\"Spray di emergenza Lr con Aloe Vera per eczemi, ferite e punture di insetti\"},{\"@type\":\"BreadcrumbList\",\"@id\":\"https:\\\/\\\/www.lraloeverashop.eu\\\/it\\\/prodotto\\\/lr-spray-demergenza-offerta-limitata\\\/#breadcrumb\",\"itemListElement\":[{\"@type\":\"ListItem\",\"position\":1,\"name\":\"Home\",\"item\":\"https:\\\/\\\/www.lraloeverashop.eu\\\/it\\\/\"},{\"@type\":\"ListItem\",\"position\":2,\"name\":\"Negozio\",\"item\":\"https:\\\/\\\/www.lraloeverashop.eu\\\/it\\\/negozio\\\/\"},{\"@type\":\"ListItem\",\"position\":3,\"name\":\"Spray di Emergenza Lr Offerta Limitata\"}]},{\"@type\":\"WebSite\",\"@id\":\"https:\\\/\\\/www.lraloeverashop.eu\\\/it\\\/#website\",\"url\":\"https:\\\/\\\/www.lraloeverashop.eu\\\/it\\\/\",\"name\":\"Lr Negozio di Aloe Vera\",\"description\":\"High Quality Lr Aloe Vera Gel, Aloe Vera Cream and Shampoo\",\"publisher\":{\"@id\":\"https:\\\/\\\/www.lraloeverashop.eu\\\/it\\\/#organization\"},\"potentialAction\":[{\"@type\":\"SearchAction\",\"target\":{\"@type\":\"EntryPoint\",\"urlTemplate\":\"https:\\\/\\\/www.lraloeverashop.eu\\\/it\\\/?s={search_term_string}\"},\"query-input\":{\"@type\":\"PropertyValueSpecification\",\"valueRequired\":true,\"valueName\":\"search_term_string\"}}],\"inLanguage\":\"it-IT\"},{\"@type\":\"Organization\",\"@id\":\"https:\\\/\\\/www.lraloeverashop.eu\\\/it\\\/#organization\",\"name\":\"Negozio di Lr Aloe Vera\",\"alternateName\":\"LR\",\"url\":\"https:\\\/\\\/www.lraloeverashop.eu\\\/it\\\/\",\"logo\":{\"@type\":\"ImageObject\",\"inLanguage\":\"it-IT\",\"@id\":\"https:\\\/\\\/www.lraloeverashop.eu\\\/it\\\/#\\\/schema\\\/logo\\\/image\\\/\",\"url\":\"https:\\\/\\\/www.lraloeverashop.eu\\\/wp-content\\\/uploads\\\/2022\\\/09\\\/cropped-Lr-Aloe-Vera-Shop.jpg\",\"contentUrl\":\"https:\\\/\\\/www.lraloeverashop.eu\\\/wp-content\\\/uploads\\\/2022\\\/09\\\/cropped-Lr-Aloe-Vera-Shop.jpg\",\"width\":228,\"height\":76,\"caption\":\"Negozio di Lr Aloe Vera\"},\"image\":{\"@id\":\"https:\\\/\\\/www.lraloeverashop.eu\\\/it\\\/#\\\/schema\\\/logo\\\/image\\\/\"},\"sameAs\":[\"https:\\\/\\\/www.facebook.com\\\/lraloeverashop.eu\",\"https:\\\/\\\/x.com\\\/natur__kosmetik\",\"https:\\\/\\\/www.youtube.com\\\/channel\\\/UC5oN7BJ8nfYb8RpVtjwDEBA\",\"https:\\\/\\\/www.instagram.com\\\/lrbeautyeu\\\/\"],\"description\":\"Negozio di Lr Aloe Vera \u00e8 il tuo punto di riferimento per i prodotti LR Health & Beauty di alta qualit\u00e0, realizzati in Germania. Offriamo soluzioni per la cura della pelle, l'alimentazione e l'anti-et\u00e0 a base di Aloe Vera, formulate con ingredienti puri e supportate da ricerche scientifiche. Scopri una cura naturale che rigenera, protegge e rivitalizza la tua pelle e approfitta delle esclusive offerte mensili sui nostri prodotti LR Aloe Vera pi\u00f9 venduti.\\nInizia oggi il tuo percorso di cura della pelle naturale e senti la differenza.\",\"email\":\"info@lraloeverashop.eu\",\"telephone\":\"+49 17670609653\",\"legalName\":\"Lr Aloe Vera Shop\",\"foundingDate\":\"2018-04-21\",\"numberOfEmployees\":{\"@type\":\"QuantitativeValue\",\"minValue\":\"1\",\"maxValue\":\"10\"}}]}<\/script>\n<meta property=\"product:price:amount\" content=\"43.99\" \/>\n<meta property=\"product:price:currency\" content=\"EUR\" \/>\n<meta property=\"og:availability\" content=\"out of stock\" \/>\n<meta property=\"product:availability\" content=\"out of stock\" \/>\n<meta property=\"product:retailer_item_id\" content=\"20625-1IT\" \/>\n<meta property=\"product:condition\" content=\"new\" \/>\n<!-- \/ Yoast SEO Premium plugin. -->","yoast_head_json":{"title":"Spray di Emergenza Lr Offerta Limitata con 83% gel di aloe vera","description":"Spray di Emergenza Lr con 83% Aloe Vera Gel e 12 estratti di erbe lenisce e protegge le zone cutanee irritate da eczemi, punture di insetti, ferite","robots":{"index":"index","follow":"follow","max-snippet":"max-snippet:-1","max-image-preview":"max-image-preview:large","max-video-preview":"max-video-preview:-1"},"canonical":"https:\/\/www.lraloeverashop.eu\/it\/prodotto\/lr-spray-demergenza-offerta-limitata\/","og_locale":"it_IT","og_type":"article","og_title":"Spray di Emergenza Lr Offerta Limitata","og_description":"Spray di Emergenza Lr con 83% Aloe Vera Gel e 12 estratti di erbe lenisce e protegge le zone cutanee irritate da eczemi, punture di insetti, ferite","og_url":"https:\/\/www.lraloeverashop.eu\/it\/prodotto\/lr-spray-demergenza-offerta-limitata\/","og_site_name":"Lr Negozio di Aloe Vera","article_publisher":"https:\/\/www.facebook.com\/lraloeverashop.eu","article_modified_time":"2026-02-03T19:04:24+00:00","og_image":[{"width":1308,"height":1308,"url":"https:\/\/www.lraloeverashop.eu\/wp-content\/uploads\/2023\/06\/Lr-Emergency-Spray-Set-Limited-Offer.jpg","type":"image\/jpeg"}],"twitter_card":"summary_large_image","twitter_site":"@natur__kosmetik","schema":{"@context":"https:\/\/schema.org","@graph":[{"@type":["WebPage","ItemPage"],"@id":"https:\/\/www.lraloeverashop.eu\/it\/prodotto\/lr-spray-demergenza-offerta-limitata\/","url":"https:\/\/www.lraloeverashop.eu\/it\/prodotto\/lr-spray-demergenza-offerta-limitata\/","name":"Spray di Emergenza Lr Offerta Limitata con 83% gel di aloe vera","isPartOf":{"@id":"https:\/\/www.lraloeverashop.eu\/it\/#website"},"primaryImageOfPage":{"@id":"https:\/\/www.lraloeverashop.eu\/it\/prodotto\/lr-spray-demergenza-offerta-limitata\/#primaryimage"},"image":{"@id":"https:\/\/www.lraloeverashop.eu\/it\/prodotto\/lr-spray-demergenza-offerta-limitata\/#primaryimage"},"thumbnailUrl":"https:\/\/www.lraloeverashop.eu\/wp-content\/uploads\/2023\/06\/Lr-Emergency-Spray-Set-Limited-Offer.jpg","datePublished":"2023-06-25T06:17:51+00:00","dateModified":"2026-02-03T19:04:24+00:00","description":"Spray di Emergenza Lr con 83% Aloe Vera Gel e 12 estratti di erbe lenisce e protegge le zone cutanee irritate da eczemi, punture di insetti, ferite","breadcrumb":{"@id":"https:\/\/www.lraloeverashop.eu\/it\/prodotto\/lr-spray-demergenza-offerta-limitata\/#breadcrumb"},"inLanguage":"it-IT","potentialAction":[{"@type":"ReadAction","target":["https:\/\/www.lraloeverashop.eu\/it\/prodotto\/lr-spray-demergenza-offerta-limitata\/"]}]},{"@type":"ImageObject","inLanguage":"it-IT","@id":"https:\/\/www.lraloeverashop.eu\/it\/prodotto\/lr-spray-demergenza-offerta-limitata\/#primaryimage","url":"https:\/\/www.lraloeverashop.eu\/wp-content\/uploads\/2023\/06\/Lr-Emergency-Spray-Set-Limited-Offer.jpg","contentUrl":"https:\/\/www.lraloeverashop.eu\/wp-content\/uploads\/2023\/06\/Lr-Emergency-Spray-Set-Limited-Offer.jpg","width":1308,"height":1308,"caption":"Spray di emergenza Lr con Aloe Vera per eczemi, ferite e punture di insetti"},{"@type":"BreadcrumbList","@id":"https:\/\/www.lraloeverashop.eu\/it\/prodotto\/lr-spray-demergenza-offerta-limitata\/#breadcrumb","itemListElement":[{"@type":"ListItem","position":1,"name":"Home","item":"https:\/\/www.lraloeverashop.eu\/it\/"},{"@type":"ListItem","position":2,"name":"Negozio","item":"https:\/\/www.lraloeverashop.eu\/it\/negozio\/"},{"@type":"ListItem","position":3,"name":"Spray di Emergenza Lr Offerta Limitata"}]},{"@type":"WebSite","@id":"https:\/\/www.lraloeverashop.eu\/it\/#website","url":"https:\/\/www.lraloeverashop.eu\/it\/","name":"Lr Negozio di Aloe Vera","description":"High Quality Lr Aloe Vera Gel, Aloe Vera Cream and Shampoo","publisher":{"@id":"https:\/\/www.lraloeverashop.eu\/it\/#organization"},"potentialAction":[{"@type":"SearchAction","target":{"@type":"EntryPoint","urlTemplate":"https:\/\/www.lraloeverashop.eu\/it\/?s={search_term_string}"},"query-input":{"@type":"PropertyValueSpecification","valueRequired":true,"valueName":"search_term_string"}}],"inLanguage":"it-IT"},{"@type":"Organization","@id":"https:\/\/www.lraloeverashop.eu\/it\/#organization","name":"Negozio di Lr Aloe Vera","alternateName":"LR","url":"https:\/\/www.lraloeverashop.eu\/it\/","logo":{"@type":"ImageObject","inLanguage":"it-IT","@id":"https:\/\/www.lraloeverashop.eu\/it\/#\/schema\/logo\/image\/","url":"https:\/\/www.lraloeverashop.eu\/wp-content\/uploads\/2022\/09\/cropped-Lr-Aloe-Vera-Shop.jpg","contentUrl":"https:\/\/www.lraloeverashop.eu\/wp-content\/uploads\/2022\/09\/cropped-Lr-Aloe-Vera-Shop.jpg","width":228,"height":76,"caption":"Negozio di Lr Aloe Vera"},"image":{"@id":"https:\/\/www.lraloeverashop.eu\/it\/#\/schema\/logo\/image\/"},"sameAs":["https:\/\/www.facebook.com\/lraloeverashop.eu","https:\/\/x.com\/natur__kosmetik","https:\/\/www.youtube.com\/channel\/UC5oN7BJ8nfYb8RpVtjwDEBA","https:\/\/www.instagram.com\/lrbeautyeu\/"],"description":"Negozio di Lr Aloe Vera \u00e8 il tuo punto di riferimento per i prodotti LR Health & Beauty di alta qualit\u00e0, realizzati in Germania. Offriamo soluzioni per la cura della pelle, l'alimentazione e l'anti-et\u00e0 a base di Aloe Vera, formulate con ingredienti puri e supportate da ricerche scientifiche. Scopri una cura naturale che rigenera, protegge e rivitalizza la tua pelle e approfitta delle esclusive offerte mensili sui nostri prodotti LR Aloe Vera pi\u00f9 venduti.\nInizia oggi il tuo percorso di cura della pelle naturale e senti la differenza.","email":"info@lraloeverashop.eu","telephone":"+49 17670609653","legalName":"Lr Aloe Vera Shop","foundingDate":"2018-04-21","numberOfEmployees":{"@type":"QuantitativeValue","minValue":"1","maxValue":"10"}}]},"product_price_amount":"43.99","product_price_currency":"EUR","og_availability":"out of stock","product_availability":"out of stock","product_retailer_item_id":"20625-1IT","product_condition":"new"},"taxonomy_info":{"product_cat":[{"value":214,"label":"Aloe Vera"},{"value":262,"label":"Cura speciale"},{"value":353,"label":"Offerte"}],"product_tag":[{"value":543,"label":"Eczema"},{"value":598,"label":"Ferite"},{"value":542,"label":"Tagli"}]},"featured_image_src_large":["https:\/\/www.lraloeverashop.eu\/wp-content\/uploads\/2023\/06\/Lr-Emergency-Spray-Set-Limited-Offer-1024x1024.jpg",1024,1024,true],"author_info":[],"comment_info":0,"_links":{"self":[{"href":"https:\/\/www.lraloeverashop.eu\/it\/wp-json\/wp\/v2\/product\/12800","targetHints":{"allow":["GET"]}}],"collection":[{"href":"https:\/\/www.lraloeverashop.eu\/it\/wp-json\/wp\/v2\/product"}],"about":[{"href":"https:\/\/www.lraloeverashop.eu\/it\/wp-json\/wp\/v2\/types\/product"}],"replies":[{"embeddable":true,"href":"https:\/\/www.lraloeverashop.eu\/it\/wp-json\/wp\/v2\/comments?post=12800"}],"wp:featuredmedia":[{"embeddable":true,"href":"https:\/\/www.lraloeverashop.eu\/it\/wp-json\/wp\/v2\/media\/12812"}],"wp:attachment":[{"href":"https:\/\/www.lraloeverashop.eu\/it\/wp-json\/wp\/v2\/media?parent=12800"}],"wp:term":[{"taxonomy":"product_brand","embeddable":true,"href":"https:\/\/www.lraloeverashop.eu\/it\/wp-json\/wp\/v2\/product_brand?post=12800"},{"taxonomy":"product_cat","embeddable":true,"href":"https:\/\/www.lraloeverashop.eu\/it\/wp-json\/wp\/v2\/product_cat?post=12800"},{"taxonomy":"product_tag","embeddable":true,"href":"https:\/\/www.lraloeverashop.eu\/it\/wp-json\/wp\/v2\/product_tag?post=12800"}],"curies":[{"name":"wp","href":"https:\/\/api.w.org\/{rel}","templated":true}]}}