{"id":11879,"date":"2023-04-01T20:19:17","date_gmt":"2023-04-01T18:19:17","guid":{"rendered":"https:\/\/www.lraloeverashop.eu\/?post_type=product&#038;p=11879"},"modified":"2026-02-03T20:05:00","modified_gmt":"2026-02-03T19:05:00","slug":"dentifricio-con-fluoro-aloe-vera","status":"publish","type":"product","link":"https:\/\/www.lraloeverashop.eu\/it\/prodotto\/dentifricio-con-fluoro-aloe-vera\/","title":{"rendered":"Dentifricio con Fluoro Aloe Vera"},"content":{"rendered":"<h2><span style=\"font-size: 16pt;\"><strong>Dentifricio Con Fluoro Aloe Vera<\/strong><\/span><\/h2>\n<p><span style=\"font-size: 14pt;\"><strong>Dentifricio con Fluoro Aloe Vera Per una pulizia efficace dei denti sensibili.<\/strong><\/span><\/p>\n<p>Il dentifricio Aloe Vera protegge le gengive e dona un alito fresco! Con il 40% di gel di aloe vera e complesso minerale, pulisce i denti a fondo e, allo stesso tempo, in modo particolarmente delicato. Questo lo rende ideale per i denti sensibili. Elimina la <a href=\"https:\/\/www.lraloeverashop.eu\/it\/prodotto\/aloe-vera-dentifricio-gel-extra-freschezza\/\">placca dentale<\/a> ed \u00e8 delicato su denti e gengive. \u00c8 il miglior Dentifricio con Fluoro Aloe Vera per le malattie gengivali.<\/p>\n<p>La combinazione di sistemi di pulizia delicati e carbonato di calcio favorisce la remineralizzazione dei denti durante lo spazzolamento.<\/p>\n<p>Prodotto per l&#8217;igiene orale a base minerale per una pulizia accurata e delicata di <a href=\"https:\/\/www.lraloeverashop.eu\/it\/prodotto\/aloe-vera-dentifricio-protettivo\/\">gengive e denti<\/a>. Protegge lo smalto dei denti e lenisce <a href=\"https:\/\/www.lraloeverashop.eu\/it\/prodotto\/dentifricio-aloe-vera-per-bambini\/\">gengive sensibili<\/a> e denti sensibili. Assicura anche un alito fresco.<\/p>\n<p>&nbsp;<\/p>\n<h3><span style=\"font-size: 16pt;\"><strong>Come usare<\/strong><\/span><\/h3>\n<p>Si consiglia di lavarsi i <a href=\"https:\/\/www.lraloeverashop.eu\/it\/prodotto\/dentifricio-senza-fluoruro-aloe-vera\/\">denti<\/a> due o tre volte al giorno dopo i pasti. Affinch\u00e9 tutti i depositi possano essere rimossi, ogni processo di pulizia dovrebbe richiedere almeno due o tre minuti.<\/p>\n<p>&nbsp;<\/p>\n<h4><span style=\"font-size: 16pt;\"><strong>Lo sapevate?<\/strong><\/span><\/h4>\n<p>Dopo aver consumato cibi o bevande acide, come vino, agrumi, succhi di frutta, yogurt o un&#8217;insalata condita con aceto e olio, aspetta almeno mezz&#8217;ora prima di lavarti i denti. L&#8217;acido del cibo pu\u00f2 dissolvere i minerali dallo smalto dei denti. Dopo poco tempo, la superficie del dente pu\u00f2 essere rimineralizzata con l&#8217;aiuto della saliva.<\/p>\n","protected":false},"excerpt":{"rendered":"<ul>\n<li><strong><span style=\"color: #ff0000;\">Offerta limitata<\/span><\/strong><\/li>\n<li>Pulizia particolarmente efficace dei denti sensibili<\/li>\n<li>Per denti puliti adatti anche per denti sensibili<\/li>\n<li>Protegge lo smalto dei denti<\/li>\n<li>Con fluoro<\/li>\n<li>Fatto in Germania<\/li>\n<li>Quantit\u00e0: 2 x 100 ml<\/li>\n<\/ul>\n<p><span style=\"color: #ff0000;\"><a style=\"color: #ff0000;\" href=\"https:\/\/shop.lrworld.com\/openpao?PHP=0vFlt7jT938BEnBI3a6e9w%3D%3D\"><span style=\"font-size: 14pt;\"><strong>Registrati ora e risparmia il 35% su ogni ordine<\/strong><\/span><\/a><\/span><\/p>\n","protected":false},"featured_media":11856,"comment_status":"open","ping_status":"closed","template":"","meta":{"_kad_blocks_custom_css":"","_kad_blocks_head_custom_js":"","_kad_blocks_body_custom_js":"","_kad_blocks_footer_custom_js":"","_kadence_starter_templates_imported_post":false,"_kad_post_transparent":"default","_kad_post_title":"","_kad_post_layout":"default","_kad_post_sidebar_id":"","_kad_post_content_style":"default","_kad_post_vertical_padding":"default","_kad_post_feature":"","_kad_post_feature_position":"","_kad_post_header":false,"_kad_post_footer":false,"_kad_post_classname":""},"product_brand":[],"product_cat":[214,256,353],"product_tag":[549,544],"class_list":{"0":"post-11879","1":"product","2":"type-product","3":"status-publish","4":"has-post-thumbnail","6":"product_cat-aloe-vera-it","7":"product_cat-cura-orale","8":"product_cat-offerte","9":"product_tag-denti","10":"product_tag-gengive","12":"first","13":"outofstock","14":"sale","15":"taxable","16":"shipping-taxable","17":"purchasable","18":"product-type-simple","19":"entry","20":"content-bg","21":"loop-entry"},"yoast_head":"<!-- This site is optimized with the Yoast SEO Premium plugin v27.4 (Yoast SEO v27.4) - https:\/\/yoast.com\/product\/yoast-seo-premium-wordpress\/ -->\n<title>Dentifricio con Fluoro Aloe Vera per pulizia dei denti sensibili<\/title>\n<meta name=\"description\" content=\"Dentifricio con Fluoro Aloe Vera protegge le gengive, dona alito fresco! Con il 40% di aloe vera e complesso minerale lo rende ideale per i denti sensibili\" \/>\n<meta name=\"robots\" content=\"index, follow, max-snippet:-1, max-image-preview:large, max-video-preview:-1\" \/>\n<link rel=\"canonical\" href=\"https:\/\/www.lraloeverashop.eu\/it\/prodotto\/dentifricio-con-fluoro-aloe-vera\/\" \/>\n<meta property=\"og:locale\" content=\"it_IT\" \/>\n<meta property=\"og:type\" content=\"article\" \/>\n<meta property=\"og:title\" content=\"Dentifricio con Fluoro Aloe Vera\" \/>\n<meta property=\"og:description\" content=\"Dentifricio con Fluoro Aloe Vera protegge le gengive, dona alito fresco! Con il 40% di aloe vera e complesso minerale lo rende ideale per i denti sensibili\" \/>\n<meta property=\"og:url\" content=\"https:\/\/www.lraloeverashop.eu\/it\/prodotto\/dentifricio-con-fluoro-aloe-vera\/\" \/>\n<meta property=\"og:site_name\" content=\"Lr Negozio di Aloe Vera\" \/>\n<meta property=\"article:publisher\" content=\"https:\/\/www.facebook.com\/lraloeverashop.eu\" \/>\n<meta property=\"article:modified_time\" content=\"2026-02-03T19:05:00+00:00\" \/>\n<meta property=\"og:image\" content=\"https:\/\/www.lraloeverashop.eu\/wp-content\/uploads\/2023\/04\/Tooth-Paste-with-fluoride-Set.jpeg\" \/>\n\t<meta property=\"og:image:width\" content=\"1200\" \/>\n\t<meta property=\"og:image:height\" content=\"1200\" \/>\n\t<meta property=\"og:image:type\" content=\"image\/jpeg\" \/>\n<meta name=\"twitter:card\" content=\"summary_large_image\" \/>\n<meta name=\"twitter:site\" content=\"@natur__kosmetik\" \/>\n<script type=\"application\/ld+json\" class=\"yoast-schema-graph\">{\"@context\":\"https:\\\/\\\/schema.org\",\"@graph\":[{\"@type\":[\"WebPage\",\"ItemPage\"],\"@id\":\"https:\\\/\\\/www.lraloeverashop.eu\\\/it\\\/prodotto\\\/dentifricio-con-fluoro-aloe-vera\\\/\",\"url\":\"https:\\\/\\\/www.lraloeverashop.eu\\\/it\\\/prodotto\\\/dentifricio-con-fluoro-aloe-vera\\\/\",\"name\":\"Dentifricio con Fluoro Aloe Vera per pulizia dei denti sensibili\",\"isPartOf\":{\"@id\":\"https:\\\/\\\/www.lraloeverashop.eu\\\/it\\\/#website\"},\"primaryImageOfPage\":{\"@id\":\"https:\\\/\\\/www.lraloeverashop.eu\\\/it\\\/prodotto\\\/dentifricio-con-fluoro-aloe-vera\\\/#primaryimage\"},\"image\":{\"@id\":\"https:\\\/\\\/www.lraloeverashop.eu\\\/it\\\/prodotto\\\/dentifricio-con-fluoro-aloe-vera\\\/#primaryimage\"},\"thumbnailUrl\":\"https:\\\/\\\/www.lraloeverashop.eu\\\/wp-content\\\/uploads\\\/2023\\\/04\\\/Tooth-Paste-with-fluoride-Set.jpeg\",\"datePublished\":\"2023-04-01T18:19:17+00:00\",\"dateModified\":\"2026-02-03T19:05:00+00:00\",\"description\":\"Dentifricio con Fluoro Aloe Vera protegge le gengive, dona alito fresco! Con il 40% di aloe vera e complesso minerale lo rende ideale per i denti sensibili\",\"breadcrumb\":{\"@id\":\"https:\\\/\\\/www.lraloeverashop.eu\\\/it\\\/prodotto\\\/dentifricio-con-fluoro-aloe-vera\\\/#breadcrumb\"},\"inLanguage\":\"it-IT\",\"potentialAction\":[{\"@type\":\"ReadAction\",\"target\":[\"https:\\\/\\\/www.lraloeverashop.eu\\\/it\\\/prodotto\\\/dentifricio-con-fluoro-aloe-vera\\\/\"]}]},{\"@type\":\"ImageObject\",\"inLanguage\":\"it-IT\",\"@id\":\"https:\\\/\\\/www.lraloeverashop.eu\\\/it\\\/prodotto\\\/dentifricio-con-fluoro-aloe-vera\\\/#primaryimage\",\"url\":\"https:\\\/\\\/www.lraloeverashop.eu\\\/wp-content\\\/uploads\\\/2023\\\/04\\\/Tooth-Paste-with-fluoride-Set.jpeg\",\"contentUrl\":\"https:\\\/\\\/www.lraloeverashop.eu\\\/wp-content\\\/uploads\\\/2023\\\/04\\\/Tooth-Paste-with-fluoride-Set.jpeg\",\"width\":1200,\"height\":1200,\"caption\":\"Dentifricio con fluoro Aloe Vera Protegge lo smalto dei denti\"},{\"@type\":\"BreadcrumbList\",\"@id\":\"https:\\\/\\\/www.lraloeverashop.eu\\\/it\\\/prodotto\\\/dentifricio-con-fluoro-aloe-vera\\\/#breadcrumb\",\"itemListElement\":[{\"@type\":\"ListItem\",\"position\":1,\"name\":\"Home\",\"item\":\"https:\\\/\\\/www.lraloeverashop.eu\\\/it\\\/\"},{\"@type\":\"ListItem\",\"position\":2,\"name\":\"Negozio\",\"item\":\"https:\\\/\\\/www.lraloeverashop.eu\\\/it\\\/negozio\\\/\"},{\"@type\":\"ListItem\",\"position\":3,\"name\":\"Dentifricio con Fluoro Aloe Vera\"}]},{\"@type\":\"WebSite\",\"@id\":\"https:\\\/\\\/www.lraloeverashop.eu\\\/it\\\/#website\",\"url\":\"https:\\\/\\\/www.lraloeverashop.eu\\\/it\\\/\",\"name\":\"Lr Negozio di Aloe Vera\",\"description\":\"High Quality Lr Aloe Vera Gel, Aloe Vera Cream and Shampoo\",\"publisher\":{\"@id\":\"https:\\\/\\\/www.lraloeverashop.eu\\\/it\\\/#organization\"},\"potentialAction\":[{\"@type\":\"SearchAction\",\"target\":{\"@type\":\"EntryPoint\",\"urlTemplate\":\"https:\\\/\\\/www.lraloeverashop.eu\\\/it\\\/?s={search_term_string}\"},\"query-input\":{\"@type\":\"PropertyValueSpecification\",\"valueRequired\":true,\"valueName\":\"search_term_string\"}}],\"inLanguage\":\"it-IT\"},{\"@type\":\"Organization\",\"@id\":\"https:\\\/\\\/www.lraloeverashop.eu\\\/it\\\/#organization\",\"name\":\"Negozio di Lr Aloe Vera\",\"alternateName\":\"LR\",\"url\":\"https:\\\/\\\/www.lraloeverashop.eu\\\/it\\\/\",\"logo\":{\"@type\":\"ImageObject\",\"inLanguage\":\"it-IT\",\"@id\":\"https:\\\/\\\/www.lraloeverashop.eu\\\/it\\\/#\\\/schema\\\/logo\\\/image\\\/\",\"url\":\"https:\\\/\\\/www.lraloeverashop.eu\\\/wp-content\\\/uploads\\\/2022\\\/09\\\/cropped-Lr-Aloe-Vera-Shop.jpg\",\"contentUrl\":\"https:\\\/\\\/www.lraloeverashop.eu\\\/wp-content\\\/uploads\\\/2022\\\/09\\\/cropped-Lr-Aloe-Vera-Shop.jpg\",\"width\":228,\"height\":76,\"caption\":\"Negozio di Lr Aloe Vera\"},\"image\":{\"@id\":\"https:\\\/\\\/www.lraloeverashop.eu\\\/it\\\/#\\\/schema\\\/logo\\\/image\\\/\"},\"sameAs\":[\"https:\\\/\\\/www.facebook.com\\\/lraloeverashop.eu\",\"https:\\\/\\\/x.com\\\/natur__kosmetik\",\"https:\\\/\\\/www.youtube.com\\\/channel\\\/UC5oN7BJ8nfYb8RpVtjwDEBA\",\"https:\\\/\\\/www.instagram.com\\\/lrbeautyeu\\\/\"],\"description\":\"Negozio di Lr Aloe Vera \u00e8 il tuo punto di riferimento per i prodotti LR Health & Beauty di alta qualit\u00e0, realizzati in Germania. Offriamo soluzioni per la cura della pelle, l'alimentazione e l'anti-et\u00e0 a base di Aloe Vera, formulate con ingredienti puri e supportate da ricerche scientifiche. Scopri una cura naturale che rigenera, protegge e rivitalizza la tua pelle e approfitta delle esclusive offerte mensili sui nostri prodotti LR Aloe Vera pi\u00f9 venduti.\\nInizia oggi il tuo percorso di cura della pelle naturale e senti la differenza.\",\"email\":\"info@lraloeverashop.eu\",\"telephone\":\"+49 17670609653\",\"legalName\":\"Lr Aloe Vera Shop\",\"foundingDate\":\"2018-04-21\",\"numberOfEmployees\":{\"@type\":\"QuantitativeValue\",\"minValue\":\"1\",\"maxValue\":\"10\"}}]}<\/script>\n<meta property=\"product:price:amount\" content=\"12.99\" \/>\n<meta property=\"product:price:currency\" content=\"EUR\" \/>\n<meta property=\"og:availability\" content=\"out of stock\" \/>\n<meta property=\"product:availability\" content=\"out of stock\" \/>\n<meta property=\"product:retailer_item_id\" content=\"20783-1IT\" \/>\n<meta property=\"product:condition\" content=\"new\" \/>\n<!-- \/ Yoast SEO Premium plugin. -->","yoast_head_json":{"title":"Dentifricio con Fluoro Aloe Vera per pulizia dei denti sensibili","description":"Dentifricio con Fluoro Aloe Vera protegge le gengive, dona alito fresco! Con il 40% di aloe vera e complesso minerale lo rende ideale per i denti sensibili","robots":{"index":"index","follow":"follow","max-snippet":"max-snippet:-1","max-image-preview":"max-image-preview:large","max-video-preview":"max-video-preview:-1"},"canonical":"https:\/\/www.lraloeverashop.eu\/it\/prodotto\/dentifricio-con-fluoro-aloe-vera\/","og_locale":"it_IT","og_type":"article","og_title":"Dentifricio con Fluoro Aloe Vera","og_description":"Dentifricio con Fluoro Aloe Vera protegge le gengive, dona alito fresco! Con il 40% di aloe vera e complesso minerale lo rende ideale per i denti sensibili","og_url":"https:\/\/www.lraloeverashop.eu\/it\/prodotto\/dentifricio-con-fluoro-aloe-vera\/","og_site_name":"Lr Negozio di Aloe Vera","article_publisher":"https:\/\/www.facebook.com\/lraloeverashop.eu","article_modified_time":"2026-02-03T19:05:00+00:00","og_image":[{"width":1200,"height":1200,"url":"https:\/\/www.lraloeverashop.eu\/wp-content\/uploads\/2023\/04\/Tooth-Paste-with-fluoride-Set.jpeg","type":"image\/jpeg"}],"twitter_card":"summary_large_image","twitter_site":"@natur__kosmetik","schema":{"@context":"https:\/\/schema.org","@graph":[{"@type":["WebPage","ItemPage"],"@id":"https:\/\/www.lraloeverashop.eu\/it\/prodotto\/dentifricio-con-fluoro-aloe-vera\/","url":"https:\/\/www.lraloeverashop.eu\/it\/prodotto\/dentifricio-con-fluoro-aloe-vera\/","name":"Dentifricio con Fluoro Aloe Vera per pulizia dei denti sensibili","isPartOf":{"@id":"https:\/\/www.lraloeverashop.eu\/it\/#website"},"primaryImageOfPage":{"@id":"https:\/\/www.lraloeverashop.eu\/it\/prodotto\/dentifricio-con-fluoro-aloe-vera\/#primaryimage"},"image":{"@id":"https:\/\/www.lraloeverashop.eu\/it\/prodotto\/dentifricio-con-fluoro-aloe-vera\/#primaryimage"},"thumbnailUrl":"https:\/\/www.lraloeverashop.eu\/wp-content\/uploads\/2023\/04\/Tooth-Paste-with-fluoride-Set.jpeg","datePublished":"2023-04-01T18:19:17+00:00","dateModified":"2026-02-03T19:05:00+00:00","description":"Dentifricio con Fluoro Aloe Vera protegge le gengive, dona alito fresco! Con il 40% di aloe vera e complesso minerale lo rende ideale per i denti sensibili","breadcrumb":{"@id":"https:\/\/www.lraloeverashop.eu\/it\/prodotto\/dentifricio-con-fluoro-aloe-vera\/#breadcrumb"},"inLanguage":"it-IT","potentialAction":[{"@type":"ReadAction","target":["https:\/\/www.lraloeverashop.eu\/it\/prodotto\/dentifricio-con-fluoro-aloe-vera\/"]}]},{"@type":"ImageObject","inLanguage":"it-IT","@id":"https:\/\/www.lraloeverashop.eu\/it\/prodotto\/dentifricio-con-fluoro-aloe-vera\/#primaryimage","url":"https:\/\/www.lraloeverashop.eu\/wp-content\/uploads\/2023\/04\/Tooth-Paste-with-fluoride-Set.jpeg","contentUrl":"https:\/\/www.lraloeverashop.eu\/wp-content\/uploads\/2023\/04\/Tooth-Paste-with-fluoride-Set.jpeg","width":1200,"height":1200,"caption":"Dentifricio con fluoro Aloe Vera Protegge lo smalto dei denti"},{"@type":"BreadcrumbList","@id":"https:\/\/www.lraloeverashop.eu\/it\/prodotto\/dentifricio-con-fluoro-aloe-vera\/#breadcrumb","itemListElement":[{"@type":"ListItem","position":1,"name":"Home","item":"https:\/\/www.lraloeverashop.eu\/it\/"},{"@type":"ListItem","position":2,"name":"Negozio","item":"https:\/\/www.lraloeverashop.eu\/it\/negozio\/"},{"@type":"ListItem","position":3,"name":"Dentifricio con Fluoro Aloe Vera"}]},{"@type":"WebSite","@id":"https:\/\/www.lraloeverashop.eu\/it\/#website","url":"https:\/\/www.lraloeverashop.eu\/it\/","name":"Lr Negozio di Aloe Vera","description":"High Quality Lr Aloe Vera Gel, Aloe Vera Cream and Shampoo","publisher":{"@id":"https:\/\/www.lraloeverashop.eu\/it\/#organization"},"potentialAction":[{"@type":"SearchAction","target":{"@type":"EntryPoint","urlTemplate":"https:\/\/www.lraloeverashop.eu\/it\/?s={search_term_string}"},"query-input":{"@type":"PropertyValueSpecification","valueRequired":true,"valueName":"search_term_string"}}],"inLanguage":"it-IT"},{"@type":"Organization","@id":"https:\/\/www.lraloeverashop.eu\/it\/#organization","name":"Negozio di Lr Aloe Vera","alternateName":"LR","url":"https:\/\/www.lraloeverashop.eu\/it\/","logo":{"@type":"ImageObject","inLanguage":"it-IT","@id":"https:\/\/www.lraloeverashop.eu\/it\/#\/schema\/logo\/image\/","url":"https:\/\/www.lraloeverashop.eu\/wp-content\/uploads\/2022\/09\/cropped-Lr-Aloe-Vera-Shop.jpg","contentUrl":"https:\/\/www.lraloeverashop.eu\/wp-content\/uploads\/2022\/09\/cropped-Lr-Aloe-Vera-Shop.jpg","width":228,"height":76,"caption":"Negozio di Lr Aloe Vera"},"image":{"@id":"https:\/\/www.lraloeverashop.eu\/it\/#\/schema\/logo\/image\/"},"sameAs":["https:\/\/www.facebook.com\/lraloeverashop.eu","https:\/\/x.com\/natur__kosmetik","https:\/\/www.youtube.com\/channel\/UC5oN7BJ8nfYb8RpVtjwDEBA","https:\/\/www.instagram.com\/lrbeautyeu\/"],"description":"Negozio di Lr Aloe Vera \u00e8 il tuo punto di riferimento per i prodotti LR Health & Beauty di alta qualit\u00e0, realizzati in Germania. Offriamo soluzioni per la cura della pelle, l'alimentazione e l'anti-et\u00e0 a base di Aloe Vera, formulate con ingredienti puri e supportate da ricerche scientifiche. Scopri una cura naturale che rigenera, protegge e rivitalizza la tua pelle e approfitta delle esclusive offerte mensili sui nostri prodotti LR Aloe Vera pi\u00f9 venduti.\nInizia oggi il tuo percorso di cura della pelle naturale e senti la differenza.","email":"info@lraloeverashop.eu","telephone":"+49 17670609653","legalName":"Lr Aloe Vera Shop","foundingDate":"2018-04-21","numberOfEmployees":{"@type":"QuantitativeValue","minValue":"1","maxValue":"10"}}]},"product_price_amount":"12.99","product_price_currency":"EUR","og_availability":"out of stock","product_availability":"out of stock","product_retailer_item_id":"20783-1IT","product_condition":"new"},"taxonomy_info":{"product_cat":[{"value":214,"label":"Aloe Vera"},{"value":256,"label":"Cura orale"},{"value":353,"label":"Offerte"}],"product_tag":[{"value":549,"label":"Denti"},{"value":544,"label":"Gengive"}]},"featured_image_src_large":["https:\/\/www.lraloeverashop.eu\/wp-content\/uploads\/2023\/04\/Tooth-Paste-with-fluoride-Set-1024x1024.jpeg",1024,1024,true],"author_info":[],"comment_info":0,"_links":{"self":[{"href":"https:\/\/www.lraloeverashop.eu\/it\/wp-json\/wp\/v2\/product\/11879","targetHints":{"allow":["GET"]}}],"collection":[{"href":"https:\/\/www.lraloeverashop.eu\/it\/wp-json\/wp\/v2\/product"}],"about":[{"href":"https:\/\/www.lraloeverashop.eu\/it\/wp-json\/wp\/v2\/types\/product"}],"replies":[{"embeddable":true,"href":"https:\/\/www.lraloeverashop.eu\/it\/wp-json\/wp\/v2\/comments?post=11879"}],"wp:featuredmedia":[{"embeddable":true,"href":"https:\/\/www.lraloeverashop.eu\/it\/wp-json\/wp\/v2\/media\/11856"}],"wp:attachment":[{"href":"https:\/\/www.lraloeverashop.eu\/it\/wp-json\/wp\/v2\/media?parent=11879"}],"wp:term":[{"taxonomy":"product_brand","embeddable":true,"href":"https:\/\/www.lraloeverashop.eu\/it\/wp-json\/wp\/v2\/product_brand?post=11879"},{"taxonomy":"product_cat","embeddable":true,"href":"https:\/\/www.lraloeverashop.eu\/it\/wp-json\/wp\/v2\/product_cat?post=11879"},{"taxonomy":"product_tag","embeddable":true,"href":"https:\/\/www.lraloeverashop.eu\/it\/wp-json\/wp\/v2\/product_tag?post=11879"}],"curies":[{"name":"wp","href":"https:\/\/api.w.org\/{rel}","templated":true}]}}