{"id":10796,"date":"2022-10-09T17:04:18","date_gmt":"2022-10-09T15:04:18","guid":{"rendered":"https:\/\/www.lraloeverashop.eu\/product\/aloe-vera-set-uomo-iii\/"},"modified":"2026-02-03T20:50:05","modified_gmt":"2026-02-03T19:50:05","slug":"aloe-vera-set-uomo-iii","status":"publish","type":"product","link":"https:\/\/www.lraloeverashop.eu\/it\/prodotto\/aloe-vera-set-uomo-iii\/","title":{"rendered":"Aloe Vera Set Uomo III"},"content":{"rendered":"<h2><span style=\"font-size: 16pt;\">Aloe Vera Set Uomo III<\/span><\/h2>\n<p><strong><span style=\"font-size: 14pt;\">Aloe Vera Set Uomo III &#8211; Tutto ci\u00f2 di cui un uomo ha bisogno per la sua pulizia quotidiana!<\/span><\/strong><\/p>\n<p>Per te \u00e8 importante dare sempre il meglio di te stesso? Con questo pacchetto di cura Aloe Vera Set Uomo III ottieni il massimo da te stesso! <a href=\"https:\/\/www.lraloeverashop.eu\/it\/prodotto\/beauty-shot-per-uomo-set\/\">Rituali di cura funzionali<\/a> per veri uomini con estratto di luppolo biologico rivitalizzante, aloe vera idratante e una fragranza legnosa maschile.<\/p>\n<p><strong>Aloe Vera Set contiene:<\/strong><\/p>\n<p><strong>Aloe Vera Shampoo Essenziale da Uomo<\/strong> con aloe vera ed estratto di luppolo biologico. <a href=\"https:\/\/www.lraloeverashop.eu\/it\/prodotto\/aloe-vera-shampoo-essenziale-da-uomo\/\">Aloe Vera Shampoo<\/a> Essenziale da Uomo deterge delicatamente e rinfresca tutto il tuo corpo in un solo passaggio.<\/p>\n<p>Un pratico prodotto per la doccia con il 15% di aloe vera ed estratto di luppolo biologico. L\u2019irresistibile profumo fresco e legnoso completa l\u2019esperienza della doccia.<\/p>\n<p><strong>Lr Aloe Vera Olio Viso e Barba 2in1<\/strong> per il uomo con elasticit\u00e0 immediata per la tua pelle e la tua barba! Con aloe vera e estratto biologico di luppolo, protegge la pelle e la barba dalla perdita di idratazione. Olio da Barba si prende cura della pelle e dei capelli, allevia il prurito e lascia la pelle morbida e ben curata.<\/p>\n<p><strong>Styling Capelli e Barba Balsamo Aloe Vera<\/strong> dona tenuta ai capelli e garantisce uno stile perfetto di barba e acconciatura. Con il 15% di aloe vera ed estratto di luppolo biologico, idrata, doma i capelli crespi e migliora la pettinabilit\u00e0. Accompagnati da un profumo fresco e legnoso, <a href=\"https:\/\/www.lraloeverashop.eu\/it\/prodotto\/aloe-vera-set-uomo-ii\/\">la barba<\/a> e i capelli ricevono una lucentezza naturale e una finitura elegante. Pu\u00f2 prevenire la caduta dei capelli ereditaria.<\/p>\n<p>&nbsp;<\/p>\n<h3><span style=\"font-size: 16pt;\">Lo sapevi?<\/span><\/h3>\n<p>L&#8217;estratto di luppolo biologico \u00e8 noto in cosmesi per le sue <a href=\"https:\/\/www.lraloeverashop.eu\/it\/prodotto\/aloe-vera-set-uomo-i\/\">propriet\u00e0 curative e lenitive<\/a>. L&#8217;elevato numero di flavonoidi offre una buona protezione completa contro i radicali liberi. Gli ingredienti Kamperol e Quercetin hanno un forte effetto antiossidante e assicurano una pelle morbida e ben curata. Il luppolo lenisce anche il cuoio capelluto e aggiunge forza e pienezza ai capelli.<\/p>\n<p>Aloe Vera Set Uomo III contiene Aloe Vera 4in1 gel doccia per viso, corpo, capelli e barba (250 ml) + Aloe Vera 2in1 olio per viso e barba (30 ml) + Aloe Vera 2in1 balsamo per capelli e barba (50 ml)<\/p>\n","protected":false},"excerpt":{"rendered":"<ul>\n<li>Pulizia completa dalla testa ai piedi<\/li>\n<li>Con il 15% di aloe vera ed estratto di luppolo biologico<\/li>\n<li>1 x Olio per viso e barba,<\/li>\n<li>1 x lavaggio del corpo 4 in 1<\/li>\n<li>1 balsamo per capelli e barba<\/li>\n<li>Prodotto in Germania<\/li>\n<\/ul>\n<p><span style=\"color: #ff0000;\"><a style=\"color: #ff0000;\" href=\"https:\/\/shop.lrworld.com\/openpao?PHP=0vFlt7jT938BEnBI3a6e9w%3D%3D\"><span style=\"font-size: 14pt;\"><strong>Registrati ora e risparmia il 35% su ogni ordine<\/strong><\/span><\/a><\/span><\/p>\n","protected":false},"featured_media":4838,"comment_status":"open","ping_status":"closed","template":"","meta":{"_kad_blocks_custom_css":"","_kad_blocks_head_custom_js":"","_kad_blocks_body_custom_js":"","_kad_blocks_footer_custom_js":"","_kadence_starter_templates_imported_post":false,"_kad_post_transparent":"default","_kad_post_title":"","_kad_post_layout":"default","_kad_post_sidebar_id":"","_kad_post_content_style":"default","_kad_post_vertical_padding":"default","_kad_post_feature":"","_kad_post_feature_position":"","_kad_post_header":false,"_kad_post_footer":false,"_kad_post_classname":""},"product_brand":[],"product_cat":[214,250,353],"product_tag":[520,547],"class_list":{"0":"post-10796","1":"product","2":"type-product","3":"status-publish","4":"has-post-thumbnail","6":"product_cat-aloe-vera-it","7":"product_cat-cura-delluomo","8":"product_cat-offerte","9":"product_tag-barba","10":"product_tag-prodotti-da-uomo","12":"first","13":"outofstock","14":"sale","15":"taxable","16":"shipping-taxable","17":"purchasable","18":"product-type-simple","19":"entry","20":"content-bg","21":"loop-entry"},"yoast_head":"<!-- This site is optimized with the Yoast SEO Premium plugin v27.4 (Yoast SEO v27.4) - https:\/\/yoast.com\/product\/yoast-seo-premium-wordpress\/ -->\n<title>Aloe Vera Set Uomo III con tutto ci\u00f2 di cui un uomo ha bisogno<\/title>\n<meta name=\"description\" content=\"Aloe Vera Set Uomo III per la pulizia completa dalla testa ai piedi. Olio per viso e barba, Shampoo Doccia 4 in 1 e balsamo per capelli e barba.\" \/>\n<meta name=\"robots\" content=\"index, follow, max-snippet:-1, max-image-preview:large, max-video-preview:-1\" \/>\n<link rel=\"canonical\" href=\"https:\/\/www.lraloeverashop.eu\/it\/prodotto\/aloe-vera-set-uomo-iii\/\" \/>\n<meta property=\"og:locale\" content=\"it_IT\" \/>\n<meta property=\"og:type\" content=\"article\" \/>\n<meta property=\"og:title\" content=\"Aloe Vera Set Uomo III\" \/>\n<meta property=\"og:description\" content=\"Aloe Vera Set Uomo III per la pulizia completa dalla testa ai piedi. Olio per viso e barba, Shampoo Doccia 4 in 1 e balsamo per capelli e barba.\" \/>\n<meta property=\"og:url\" content=\"https:\/\/www.lraloeverashop.eu\/it\/prodotto\/aloe-vera-set-uomo-iii\/\" \/>\n<meta property=\"og:site_name\" content=\"Lr Negozio di Aloe Vera\" \/>\n<meta property=\"article:publisher\" content=\"https:\/\/www.facebook.com\/lraloeverashop.eu\" \/>\n<meta property=\"article:modified_time\" content=\"2026-02-03T19:50:05+00:00\" \/>\n<meta property=\"og:image\" content=\"https:\/\/www.lraloeverashop.eu\/wp-content\/uploads\/2022\/10\/Lr-Aloe-Vera-Men-Set-III.jpg\" \/>\n\t<meta property=\"og:image:width\" content=\"1200\" \/>\n\t<meta property=\"og:image:height\" content=\"1200\" \/>\n\t<meta property=\"og:image:type\" content=\"image\/jpeg\" \/>\n<meta name=\"twitter:card\" content=\"summary_large_image\" \/>\n<meta name=\"twitter:site\" content=\"@natur__kosmetik\" \/>\n<script type=\"application\/ld+json\" class=\"yoast-schema-graph\">{\"@context\":\"https:\\\/\\\/schema.org\",\"@graph\":[{\"@type\":[\"WebPage\",\"ItemPage\"],\"@id\":\"https:\\\/\\\/www.lraloeverashop.eu\\\/it\\\/prodotto\\\/aloe-vera-set-uomo-iii\\\/\",\"url\":\"https:\\\/\\\/www.lraloeverashop.eu\\\/it\\\/prodotto\\\/aloe-vera-set-uomo-iii\\\/\",\"name\":\"Aloe Vera Set Uomo III con tutto ci\u00f2 di cui un uomo ha bisogno\",\"isPartOf\":{\"@id\":\"https:\\\/\\\/www.lraloeverashop.eu\\\/it\\\/#website\"},\"primaryImageOfPage\":{\"@id\":\"https:\\\/\\\/www.lraloeverashop.eu\\\/it\\\/prodotto\\\/aloe-vera-set-uomo-iii\\\/#primaryimage\"},\"image\":{\"@id\":\"https:\\\/\\\/www.lraloeverashop.eu\\\/it\\\/prodotto\\\/aloe-vera-set-uomo-iii\\\/#primaryimage\"},\"thumbnailUrl\":\"https:\\\/\\\/www.lraloeverashop.eu\\\/wp-content\\\/uploads\\\/2022\\\/10\\\/Lr-Aloe-Vera-Men-Set-III.jpg\",\"datePublished\":\"2022-10-09T15:04:18+00:00\",\"dateModified\":\"2026-02-03T19:50:05+00:00\",\"description\":\"Aloe Vera Set Uomo III per la pulizia completa dalla testa ai piedi. Olio per viso e barba, Shampoo Doccia 4 in 1 e balsamo per capelli e barba.\",\"breadcrumb\":{\"@id\":\"https:\\\/\\\/www.lraloeverashop.eu\\\/it\\\/prodotto\\\/aloe-vera-set-uomo-iii\\\/#breadcrumb\"},\"inLanguage\":\"it-IT\",\"potentialAction\":[{\"@type\":\"ReadAction\",\"target\":[\"https:\\\/\\\/www.lraloeverashop.eu\\\/it\\\/prodotto\\\/aloe-vera-set-uomo-iii\\\/\"]}]},{\"@type\":\"ImageObject\",\"inLanguage\":\"it-IT\",\"@id\":\"https:\\\/\\\/www.lraloeverashop.eu\\\/it\\\/prodotto\\\/aloe-vera-set-uomo-iii\\\/#primaryimage\",\"url\":\"https:\\\/\\\/www.lraloeverashop.eu\\\/wp-content\\\/uploads\\\/2022\\\/10\\\/Lr-Aloe-Vera-Men-Set-III.jpg\",\"contentUrl\":\"https:\\\/\\\/www.lraloeverashop.eu\\\/wp-content\\\/uploads\\\/2022\\\/10\\\/Lr-Aloe-Vera-Men-Set-III.jpg\",\"width\":1200,\"height\":1200,\"caption\":\"Lr Aloe Vera Set Uomo III per la pulizia quotidiana\"},{\"@type\":\"BreadcrumbList\",\"@id\":\"https:\\\/\\\/www.lraloeverashop.eu\\\/it\\\/prodotto\\\/aloe-vera-set-uomo-iii\\\/#breadcrumb\",\"itemListElement\":[{\"@type\":\"ListItem\",\"position\":1,\"name\":\"Home\",\"item\":\"https:\\\/\\\/www.lraloeverashop.eu\\\/it\\\/\"},{\"@type\":\"ListItem\",\"position\":2,\"name\":\"Negozio\",\"item\":\"https:\\\/\\\/www.lraloeverashop.eu\\\/it\\\/negozio\\\/\"},{\"@type\":\"ListItem\",\"position\":3,\"name\":\"Aloe Vera Set Uomo III\"}]},{\"@type\":\"WebSite\",\"@id\":\"https:\\\/\\\/www.lraloeverashop.eu\\\/it\\\/#website\",\"url\":\"https:\\\/\\\/www.lraloeverashop.eu\\\/it\\\/\",\"name\":\"Lr Negozio di Aloe Vera\",\"description\":\"High Quality Lr Aloe Vera Gel, Aloe Vera Cream and Shampoo\",\"publisher\":{\"@id\":\"https:\\\/\\\/www.lraloeverashop.eu\\\/it\\\/#organization\"},\"potentialAction\":[{\"@type\":\"SearchAction\",\"target\":{\"@type\":\"EntryPoint\",\"urlTemplate\":\"https:\\\/\\\/www.lraloeverashop.eu\\\/it\\\/?s={search_term_string}\"},\"query-input\":{\"@type\":\"PropertyValueSpecification\",\"valueRequired\":true,\"valueName\":\"search_term_string\"}}],\"inLanguage\":\"it-IT\"},{\"@type\":\"Organization\",\"@id\":\"https:\\\/\\\/www.lraloeverashop.eu\\\/it\\\/#organization\",\"name\":\"Negozio di Lr Aloe Vera\",\"alternateName\":\"LR\",\"url\":\"https:\\\/\\\/www.lraloeverashop.eu\\\/it\\\/\",\"logo\":{\"@type\":\"ImageObject\",\"inLanguage\":\"it-IT\",\"@id\":\"https:\\\/\\\/www.lraloeverashop.eu\\\/it\\\/#\\\/schema\\\/logo\\\/image\\\/\",\"url\":\"https:\\\/\\\/www.lraloeverashop.eu\\\/wp-content\\\/uploads\\\/2022\\\/09\\\/cropped-Lr-Aloe-Vera-Shop.jpg\",\"contentUrl\":\"https:\\\/\\\/www.lraloeverashop.eu\\\/wp-content\\\/uploads\\\/2022\\\/09\\\/cropped-Lr-Aloe-Vera-Shop.jpg\",\"width\":228,\"height\":76,\"caption\":\"Negozio di Lr Aloe Vera\"},\"image\":{\"@id\":\"https:\\\/\\\/www.lraloeverashop.eu\\\/it\\\/#\\\/schema\\\/logo\\\/image\\\/\"},\"sameAs\":[\"https:\\\/\\\/www.facebook.com\\\/lraloeverashop.eu\",\"https:\\\/\\\/x.com\\\/natur__kosmetik\",\"https:\\\/\\\/www.youtube.com\\\/channel\\\/UC5oN7BJ8nfYb8RpVtjwDEBA\",\"https:\\\/\\\/www.instagram.com\\\/lrbeautyeu\\\/\"],\"description\":\"Negozio di Lr Aloe Vera \u00e8 il tuo punto di riferimento per i prodotti LR Health & Beauty di alta qualit\u00e0, realizzati in Germania. Offriamo soluzioni per la cura della pelle, l'alimentazione e l'anti-et\u00e0 a base di Aloe Vera, formulate con ingredienti puri e supportate da ricerche scientifiche. Scopri una cura naturale che rigenera, protegge e rivitalizza la tua pelle e approfitta delle esclusive offerte mensili sui nostri prodotti LR Aloe Vera pi\u00f9 venduti.\\nInizia oggi il tuo percorso di cura della pelle naturale e senti la differenza.\",\"email\":\"info@lraloeverashop.eu\",\"telephone\":\"+49 17670609653\",\"legalName\":\"Lr Aloe Vera Shop\",\"foundingDate\":\"2018-04-21\",\"numberOfEmployees\":{\"@type\":\"QuantitativeValue\",\"minValue\":\"1\",\"maxValue\":\"10\"}}]}<\/script>\n<meta property=\"product:price:amount\" content=\"43.99\" \/>\n<meta property=\"product:price:currency\" content=\"EUR\" \/>\n<meta property=\"og:availability\" content=\"out of stock\" \/>\n<meta property=\"product:availability\" content=\"out of stock\" \/>\n<meta property=\"product:retailer_item_id\" content=\"20441-1IT\" \/>\n<meta property=\"product:condition\" content=\"new\" \/>\n<!-- \/ Yoast SEO Premium plugin. -->","yoast_head_json":{"title":"Aloe Vera Set Uomo III con tutto ci\u00f2 di cui un uomo ha bisogno","description":"Aloe Vera Set Uomo III per la pulizia completa dalla testa ai piedi. Olio per viso e barba, Shampoo Doccia 4 in 1 e balsamo per capelli e barba.","robots":{"index":"index","follow":"follow","max-snippet":"max-snippet:-1","max-image-preview":"max-image-preview:large","max-video-preview":"max-video-preview:-1"},"canonical":"https:\/\/www.lraloeverashop.eu\/it\/prodotto\/aloe-vera-set-uomo-iii\/","og_locale":"it_IT","og_type":"article","og_title":"Aloe Vera Set Uomo III","og_description":"Aloe Vera Set Uomo III per la pulizia completa dalla testa ai piedi. Olio per viso e barba, Shampoo Doccia 4 in 1 e balsamo per capelli e barba.","og_url":"https:\/\/www.lraloeverashop.eu\/it\/prodotto\/aloe-vera-set-uomo-iii\/","og_site_name":"Lr Negozio di Aloe Vera","article_publisher":"https:\/\/www.facebook.com\/lraloeverashop.eu","article_modified_time":"2026-02-03T19:50:05+00:00","og_image":[{"width":1200,"height":1200,"url":"https:\/\/www.lraloeverashop.eu\/wp-content\/uploads\/2022\/10\/Lr-Aloe-Vera-Men-Set-III.jpg","type":"image\/jpeg"}],"twitter_card":"summary_large_image","twitter_site":"@natur__kosmetik","schema":{"@context":"https:\/\/schema.org","@graph":[{"@type":["WebPage","ItemPage"],"@id":"https:\/\/www.lraloeverashop.eu\/it\/prodotto\/aloe-vera-set-uomo-iii\/","url":"https:\/\/www.lraloeverashop.eu\/it\/prodotto\/aloe-vera-set-uomo-iii\/","name":"Aloe Vera Set Uomo III con tutto ci\u00f2 di cui un uomo ha bisogno","isPartOf":{"@id":"https:\/\/www.lraloeverashop.eu\/it\/#website"},"primaryImageOfPage":{"@id":"https:\/\/www.lraloeverashop.eu\/it\/prodotto\/aloe-vera-set-uomo-iii\/#primaryimage"},"image":{"@id":"https:\/\/www.lraloeverashop.eu\/it\/prodotto\/aloe-vera-set-uomo-iii\/#primaryimage"},"thumbnailUrl":"https:\/\/www.lraloeverashop.eu\/wp-content\/uploads\/2022\/10\/Lr-Aloe-Vera-Men-Set-III.jpg","datePublished":"2022-10-09T15:04:18+00:00","dateModified":"2026-02-03T19:50:05+00:00","description":"Aloe Vera Set Uomo III per la pulizia completa dalla testa ai piedi. Olio per viso e barba, Shampoo Doccia 4 in 1 e balsamo per capelli e barba.","breadcrumb":{"@id":"https:\/\/www.lraloeverashop.eu\/it\/prodotto\/aloe-vera-set-uomo-iii\/#breadcrumb"},"inLanguage":"it-IT","potentialAction":[{"@type":"ReadAction","target":["https:\/\/www.lraloeverashop.eu\/it\/prodotto\/aloe-vera-set-uomo-iii\/"]}]},{"@type":"ImageObject","inLanguage":"it-IT","@id":"https:\/\/www.lraloeverashop.eu\/it\/prodotto\/aloe-vera-set-uomo-iii\/#primaryimage","url":"https:\/\/www.lraloeverashop.eu\/wp-content\/uploads\/2022\/10\/Lr-Aloe-Vera-Men-Set-III.jpg","contentUrl":"https:\/\/www.lraloeverashop.eu\/wp-content\/uploads\/2022\/10\/Lr-Aloe-Vera-Men-Set-III.jpg","width":1200,"height":1200,"caption":"Lr Aloe Vera Set Uomo III per la pulizia quotidiana"},{"@type":"BreadcrumbList","@id":"https:\/\/www.lraloeverashop.eu\/it\/prodotto\/aloe-vera-set-uomo-iii\/#breadcrumb","itemListElement":[{"@type":"ListItem","position":1,"name":"Home","item":"https:\/\/www.lraloeverashop.eu\/it\/"},{"@type":"ListItem","position":2,"name":"Negozio","item":"https:\/\/www.lraloeverashop.eu\/it\/negozio\/"},{"@type":"ListItem","position":3,"name":"Aloe Vera Set Uomo III"}]},{"@type":"WebSite","@id":"https:\/\/www.lraloeverashop.eu\/it\/#website","url":"https:\/\/www.lraloeverashop.eu\/it\/","name":"Lr Negozio di Aloe Vera","description":"High Quality Lr Aloe Vera Gel, Aloe Vera Cream and Shampoo","publisher":{"@id":"https:\/\/www.lraloeverashop.eu\/it\/#organization"},"potentialAction":[{"@type":"SearchAction","target":{"@type":"EntryPoint","urlTemplate":"https:\/\/www.lraloeverashop.eu\/it\/?s={search_term_string}"},"query-input":{"@type":"PropertyValueSpecification","valueRequired":true,"valueName":"search_term_string"}}],"inLanguage":"it-IT"},{"@type":"Organization","@id":"https:\/\/www.lraloeverashop.eu\/it\/#organization","name":"Negozio di Lr Aloe Vera","alternateName":"LR","url":"https:\/\/www.lraloeverashop.eu\/it\/","logo":{"@type":"ImageObject","inLanguage":"it-IT","@id":"https:\/\/www.lraloeverashop.eu\/it\/#\/schema\/logo\/image\/","url":"https:\/\/www.lraloeverashop.eu\/wp-content\/uploads\/2022\/09\/cropped-Lr-Aloe-Vera-Shop.jpg","contentUrl":"https:\/\/www.lraloeverashop.eu\/wp-content\/uploads\/2022\/09\/cropped-Lr-Aloe-Vera-Shop.jpg","width":228,"height":76,"caption":"Negozio di Lr Aloe Vera"},"image":{"@id":"https:\/\/www.lraloeverashop.eu\/it\/#\/schema\/logo\/image\/"},"sameAs":["https:\/\/www.facebook.com\/lraloeverashop.eu","https:\/\/x.com\/natur__kosmetik","https:\/\/www.youtube.com\/channel\/UC5oN7BJ8nfYb8RpVtjwDEBA","https:\/\/www.instagram.com\/lrbeautyeu\/"],"description":"Negozio di Lr Aloe Vera \u00e8 il tuo punto di riferimento per i prodotti LR Health & Beauty di alta qualit\u00e0, realizzati in Germania. Offriamo soluzioni per la cura della pelle, l'alimentazione e l'anti-et\u00e0 a base di Aloe Vera, formulate con ingredienti puri e supportate da ricerche scientifiche. Scopri una cura naturale che rigenera, protegge e rivitalizza la tua pelle e approfitta delle esclusive offerte mensili sui nostri prodotti LR Aloe Vera pi\u00f9 venduti.\nInizia oggi il tuo percorso di cura della pelle naturale e senti la differenza.","email":"info@lraloeverashop.eu","telephone":"+49 17670609653","legalName":"Lr Aloe Vera Shop","foundingDate":"2018-04-21","numberOfEmployees":{"@type":"QuantitativeValue","minValue":"1","maxValue":"10"}}]},"product_price_amount":"43.99","product_price_currency":"EUR","og_availability":"out of stock","product_availability":"out of stock","product_retailer_item_id":"20441-1IT","product_condition":"new"},"taxonomy_info":{"product_cat":[{"value":214,"label":"Aloe Vera"},{"value":250,"label":"Cura dell\u2019uomo"},{"value":353,"label":"Offerte"}],"product_tag":[{"value":520,"label":"Barba"},{"value":547,"label":"Prodotti da uomo"}]},"featured_image_src_large":["https:\/\/www.lraloeverashop.eu\/wp-content\/uploads\/2022\/10\/Lr-Aloe-Vera-Men-Set-III-1024x1024.jpg",1024,1024,true],"author_info":[],"comment_info":0,"_links":{"self":[{"href":"https:\/\/www.lraloeverashop.eu\/it\/wp-json\/wp\/v2\/product\/10796","targetHints":{"allow":["GET"]}}],"collection":[{"href":"https:\/\/www.lraloeverashop.eu\/it\/wp-json\/wp\/v2\/product"}],"about":[{"href":"https:\/\/www.lraloeverashop.eu\/it\/wp-json\/wp\/v2\/types\/product"}],"replies":[{"embeddable":true,"href":"https:\/\/www.lraloeverashop.eu\/it\/wp-json\/wp\/v2\/comments?post=10796"}],"wp:featuredmedia":[{"embeddable":true,"href":"https:\/\/www.lraloeverashop.eu\/it\/wp-json\/wp\/v2\/media\/4838"}],"wp:attachment":[{"href":"https:\/\/www.lraloeverashop.eu\/it\/wp-json\/wp\/v2\/media?parent=10796"}],"wp:term":[{"taxonomy":"product_brand","embeddable":true,"href":"https:\/\/www.lraloeverashop.eu\/it\/wp-json\/wp\/v2\/product_brand?post=10796"},{"taxonomy":"product_cat","embeddable":true,"href":"https:\/\/www.lraloeverashop.eu\/it\/wp-json\/wp\/v2\/product_cat?post=10796"},{"taxonomy":"product_tag","embeddable":true,"href":"https:\/\/www.lraloeverashop.eu\/it\/wp-json\/wp\/v2\/product_tag?post=10796"}],"curies":[{"name":"wp","href":"https:\/\/api.w.org\/{rel}","templated":true}]}}