{"id":10679,"date":"2022-10-09T22:02:02","date_gmt":"2022-10-09T20:02:02","guid":{"rendered":"https:\/\/www.lraloeverashop.eu\/product\/aloe-vera-set-per-capelli\/"},"modified":"2026-02-03T20:48:17","modified_gmt":"2026-02-03T19:48:17","slug":"aloe-vera-set-per-capelli","status":"publish","type":"product","link":"https:\/\/www.lraloeverashop.eu\/it\/prodotto\/aloe-vera-set-per-capelli\/","title":{"rendered":"Trattamento Capelli Danneggiati Aloe Vera"},"content":{"rendered":"<h2><span style=\"font-size: 16pt;\"><strong>Trattamento Capelli Danneggiati Aloe Vera Set<\/strong><\/span><\/h2>\n<p><span style=\"font-size: 14pt;\"><strong>Trattamento Capelli Danneggiati Aloe Vera Set &#8211; Splendido risultato nella squadra!<\/strong><\/span><\/p>\n<p>Vuoi sentirti forte, sicura di te e bella? Scopri il nuovo Trattamento Capelli Danneggiati Aloe Vera Set per capelli sani, lucenti come la seta e fiducia in se stessi.<\/p>\n<h3><span style=\"font-size: 16pt;\"><strong>Set Contiene:<\/strong><\/span><\/h3>\n<p><span style=\"color: #008000;\"><strong>Aloe Vera Nutri Repair Shampoo<\/strong><\/span> nutre quotidianamente cute e capelli. Questo shampoo contiene ingredienti che agiscono come una calamita per eliminare lo sporco sui capelli, lasciandoli puliti, freschi e sani. Arricchito con Pro Vitamin B5, i capelli diventano pi\u00f9 forti e levigati che mai.<\/p>\n<p>Contiene il 45% di aloe vera che aiuta a idratare i capelli e a renderli sani. Amerai la fragranza fruttata dello shampoo che stimoler\u00e0 i tuoi sensi. Prova <a href=\"https:\/\/www.lraloeverashop.eu\/it\/prodotto\/aloe-vera-nutri-repair-shampoo\/\">Aloe Vera Nutri Repair Shampoo<\/a> da Set di Trattamento Capelli Danneggiati<\/p>\n<p><a href=\"https:\/\/www.lraloeverashop.eu\/it\/prodotto\/aloe-vera-nutri-repair-balsamo\/\"><span style=\"color: #008000;\"><strong>Aloe Vera Nutri Repair Balsamo<\/strong><\/span><\/a> reintegra l&#8217;idratazione e le sostanze nutritive perse dai tuoi capelli con il complesso di 7 oli naturali. Questi ingredienti attivi penetrano in profondit\u00e0 nei capelli e sigillano lo strato esterno con sostanze nutritive essenziali. I 7 oli naturali e il 15% di <a href=\"https:\/\/www.lraloeverashop.eu\/it\/aloe-vera-gel-per-viso-capelli-e-corpo\/\">Aloe Vera gel<\/a>\u00a0 naturale ristrutturano i capelli idratandoli. Non pi\u00f9 capelli pesanti. Inoltre, ha un profumo pulito, fresco e fruttato!<\/p>\n<p><span style=\"color: #008000;\"><strong>Aloe Vera Nutri Repair<\/strong> <strong>maschera<\/strong> <\/span>dall Set di Trattamento Capelli ripara e idrata la parte interna dei capelli, grazie al Nutri Oil Repair, che contiene <a href=\"https:\/\/www.lraloeverashop.eu\/it\/prodotto\/aloe-vera-nutri-repair-maschera\/\">7 oli naturali<\/a> che offrono un effetto sinergico. Capelli diventano pi\u00f9 sani mentre la lucentezza viene ripristinata. I tuoi capelli diventano anche pi\u00f9 forti e meno inclini alla rottura; avrai finalmente capelli pi\u00f9 lisci dalla radice!<\/p>\n<div class=\"entry-content-asset videofit\"><iframe loading=\"lazy\" title=\"Cura Capelli Nutri Repair   Il miglior trattamento per capelli danneggiati\" width=\"720\" height=\"405\" src=\"https:\/\/www.youtube.com\/embed\/mHd6hXqgBbo?feature=oembed\" frameborder=\"0\" allow=\"accelerometer; autoplay; clipboard-write; encrypted-media; gyroscope; picture-in-picture; web-share\" referrerpolicy=\"strict-origin-when-cross-origin\" allowfullscreen><\/iframe><\/div>\n<h4><span style=\"font-size: 16pt;\"><strong>Studi confermano l\u2019efficacia di Trattamento Capelli Danneggiati Aloe Vera Set dai seguenti test:<\/strong><\/span><\/h4>\n<ul>\n<li>I capelli diventano <a href=\"https:\/\/www.lraloeverashop.eu\/it\/cura-capelli-nutri-repair-il-miglior-trattamento-per-capelli-danneggiati\/\">pi\u00f9 morbidi e setosi<\/a> e tre volte pi\u00f9 semplici da gestire*<\/li>\n<li>Con una lucentezza e levigatezza naturali, portano al 90 percento di <a href=\"https:\/\/www.lraloeverashop.eu\/it\/prodotto\/aloe-vera-nutri-repair-leave-in-spray\/\">rottura ridotta<\/a> *<\/li>\n<li>Il 90 percento dei partecipanti esaminati sono entusiasti dell\u2019aroma rinfrescante dello shampoo**<\/li>\n<\/ul>\n<p>&nbsp;<\/p>\n<p>* L\u2019utilizzo quotidiano di Aloe\u00a0Lr Aloe Vera Nutri Hair Shampoo, balsamo, e maschera capelli \u00a0migliora l\u2019elasticit\u00e0 e la resistenza dei capelli dalla rottura. I risultati sono pi\u00f9 promettenti di quelli di coloro che si affidano solo allo shampoo. Questo dato \u00e8 basato sullo studio condotto nel gennaio 2018 da proDERM.<\/p>\n<p>** Basato su risultati da 40 partecipanti al sondaggio condotto dall\u2019istituto <a href=\"https:\/\/www.dermatest.de\/en\/\">Dermatest<\/a> a Dicembre 2017<\/p>\n","protected":false},"excerpt":{"rendered":"<ul>\n<li>Nutri-Repair Set con shampoo per capelli , balsamo e maschera<\/li>\n<li>Per capelli sani e lucenti fino alle punte<\/li>\n<li>Con fino al 45% di gel di aloe vera e Repair Complex di 7 oli<\/li>\n<li>Nutre, rinforza e ripara i capelli<\/li>\n<li>Protegge contro la rottura dei capelli<\/li>\n<li>Prodotto fatto in Germania<\/li>\n<\/ul>\n<p><span style=\"color: #ff0000;\"><a style=\"color: #ff0000;\" href=\"https:\/\/shop.lrworld.com\/openpao?PHP=0vFlt7jT938BEnBI3a6e9w%3D%3D\"><span style=\"font-size: 14pt;\"><strong>Registrati ora e risparmia il 35% su ogni ordine<\/strong><\/span><\/a><\/span><\/p>\n","protected":false},"featured_media":4880,"comment_status":"open","ping_status":"closed","template":"","meta":{"_kad_blocks_custom_css":"","_kad_blocks_head_custom_js":"","_kad_blocks_body_custom_js":"","_kad_blocks_footer_custom_js":"","_kadence_starter_templates_imported_post":false,"_kad_post_transparent":"default","_kad_post_title":"","_kad_post_layout":"default","_kad_post_sidebar_id":"","_kad_post_content_style":"default","_kad_post_vertical_padding":"default","_kad_post_feature":"","_kad_post_feature_position":"","_kad_post_header":false,"_kad_post_footer":false,"_kad_post_classname":""},"product_brand":[],"product_cat":[214,244],"product_tag":[601,605],"class_list":{"0":"post-10679","1":"product","2":"type-product","3":"status-publish","4":"has-post-thumbnail","6":"product_cat-aloe-vera-it","7":"product_cat-cura-dei-capelli","8":"product_tag-capelli-danneggiati","9":"product_tag-capelli-secchi","11":"first","12":"instock","13":"taxable","14":"shipping-taxable","15":"purchasable","16":"product-type-simple","17":"entry","18":"content-bg","19":"loop-entry"},"yoast_head":"<!-- This site is optimized with the Yoast SEO Premium plugin v27.5 (Yoast SEO v27.5) - https:\/\/yoast.com\/product\/yoast-seo-premium-wordpress\/ -->\n<title>Trattamento Capelli Danneggiati Aloe Vera ripara i capelli<\/title>\n<meta name=\"description\" content=\"Trattamento Capelli Danneggiati Aloe Vera con fino al 45% di gel di aloe vera e Repair Complex di 7 oli naturali. Protegge contro la rottura dei capelli\" \/>\n<meta name=\"robots\" content=\"index, follow, max-snippet:-1, max-image-preview:large, max-video-preview:-1\" \/>\n<link rel=\"canonical\" href=\"https:\/\/www.lraloeverashop.eu\/it\/prodotto\/aloe-vera-set-per-capelli\/\" \/>\n<meta property=\"og:locale\" content=\"it_IT\" \/>\n<meta property=\"og:type\" content=\"article\" \/>\n<meta property=\"og:title\" content=\"Trattamento Capelli Danneggiati Aloe Vera\" \/>\n<meta property=\"og:description\" content=\"Trattamento Capelli Danneggiati Aloe Vera con fino al 45% di gel di aloe vera e Repair Complex di 7 oli naturali. Protegge contro la rottura dei capelli\" \/>\n<meta property=\"og:url\" content=\"https:\/\/www.lraloeverashop.eu\/it\/prodotto\/aloe-vera-set-per-capelli\/\" \/>\n<meta property=\"og:site_name\" content=\"Lr Negozio di Aloe Vera\" \/>\n<meta property=\"article:publisher\" content=\"https:\/\/www.facebook.com\/lraloeverashop.eu\" \/>\n<meta property=\"article:modified_time\" content=\"2026-02-03T19:48:17+00:00\" \/>\n<meta property=\"og:image\" content=\"https:\/\/www.lraloeverashop.eu\/wp-content\/uploads\/2022\/10\/Aloe-Vera-Hair-Set.jpg\" \/>\n\t<meta property=\"og:image:width\" content=\"1200\" \/>\n\t<meta property=\"og:image:height\" content=\"1200\" \/>\n\t<meta property=\"og:image:type\" content=\"image\/jpeg\" \/>\n<meta name=\"twitter:card\" content=\"summary_large_image\" \/>\n<meta name=\"twitter:site\" content=\"@natur__kosmetik\" \/>\n<script type=\"application\/ld+json\" class=\"yoast-schema-graph\">{\"@context\":\"https:\\\/\\\/schema.org\",\"@graph\":[{\"@type\":[\"WebPage\",\"ItemPage\"],\"@id\":\"https:\\\/\\\/www.lraloeverashop.eu\\\/it\\\/prodotto\\\/aloe-vera-set-per-capelli\\\/\",\"url\":\"https:\\\/\\\/www.lraloeverashop.eu\\\/it\\\/prodotto\\\/aloe-vera-set-per-capelli\\\/\",\"name\":\"Trattamento Capelli Danneggiati Aloe Vera ripara i capelli\",\"isPartOf\":{\"@id\":\"https:\\\/\\\/www.lraloeverashop.eu\\\/it\\\/#website\"},\"primaryImageOfPage\":{\"@id\":\"https:\\\/\\\/www.lraloeverashop.eu\\\/it\\\/prodotto\\\/aloe-vera-set-per-capelli\\\/#primaryimage\"},\"image\":{\"@id\":\"https:\\\/\\\/www.lraloeverashop.eu\\\/it\\\/prodotto\\\/aloe-vera-set-per-capelli\\\/#primaryimage\"},\"thumbnailUrl\":\"https:\\\/\\\/www.lraloeverashop.eu\\\/wp-content\\\/uploads\\\/2022\\\/10\\\/Aloe-Vera-Hair-Set.jpg\",\"datePublished\":\"2022-10-09T20:02:02+00:00\",\"dateModified\":\"2026-02-03T19:48:17+00:00\",\"description\":\"Trattamento Capelli Danneggiati Aloe Vera con fino al 45% di gel di aloe vera e Repair Complex di 7 oli naturali. Protegge contro la rottura dei capelli\",\"breadcrumb\":{\"@id\":\"https:\\\/\\\/www.lraloeverashop.eu\\\/it\\\/prodotto\\\/aloe-vera-set-per-capelli\\\/#breadcrumb\"},\"inLanguage\":\"it-IT\",\"potentialAction\":[{\"@type\":\"ReadAction\",\"target\":[\"https:\\\/\\\/www.lraloeverashop.eu\\\/it\\\/prodotto\\\/aloe-vera-set-per-capelli\\\/\"]}]},{\"@type\":\"ImageObject\",\"inLanguage\":\"it-IT\",\"@id\":\"https:\\\/\\\/www.lraloeverashop.eu\\\/it\\\/prodotto\\\/aloe-vera-set-per-capelli\\\/#primaryimage\",\"url\":\"https:\\\/\\\/www.lraloeverashop.eu\\\/wp-content\\\/uploads\\\/2022\\\/10\\\/Aloe-Vera-Hair-Set.jpg\",\"contentUrl\":\"https:\\\/\\\/www.lraloeverashop.eu\\\/wp-content\\\/uploads\\\/2022\\\/10\\\/Aloe-Vera-Hair-Set.jpg\",\"width\":1200,\"height\":1200,\"caption\":\"Set di Trattamento Capelli Danneggiati Aloe Vera nutre, rinforza e ripara i capelli\"},{\"@type\":\"BreadcrumbList\",\"@id\":\"https:\\\/\\\/www.lraloeverashop.eu\\\/it\\\/prodotto\\\/aloe-vera-set-per-capelli\\\/#breadcrumb\",\"itemListElement\":[{\"@type\":\"ListItem\",\"position\":1,\"name\":\"Home\",\"item\":\"https:\\\/\\\/www.lraloeverashop.eu\\\/it\\\/\"},{\"@type\":\"ListItem\",\"position\":2,\"name\":\"Negozio\",\"item\":\"https:\\\/\\\/www.lraloeverashop.eu\\\/it\\\/negozio\\\/\"},{\"@type\":\"ListItem\",\"position\":3,\"name\":\"Trattamento Capelli Danneggiati Aloe Vera\"}]},{\"@type\":\"WebSite\",\"@id\":\"https:\\\/\\\/www.lraloeverashop.eu\\\/it\\\/#website\",\"url\":\"https:\\\/\\\/www.lraloeverashop.eu\\\/it\\\/\",\"name\":\"Lr Negozio di Aloe Vera\",\"description\":\"High Quality Lr Aloe Vera Gel, Aloe Vera Cream and Shampoo\",\"publisher\":{\"@id\":\"https:\\\/\\\/www.lraloeverashop.eu\\\/it\\\/#organization\"},\"alternateName\":\"LR\",\"potentialAction\":[{\"@type\":\"SearchAction\",\"target\":{\"@type\":\"EntryPoint\",\"urlTemplate\":\"https:\\\/\\\/www.lraloeverashop.eu\\\/it\\\/?s={search_term_string}\"},\"query-input\":{\"@type\":\"PropertyValueSpecification\",\"valueRequired\":true,\"valueName\":\"search_term_string\"}}],\"inLanguage\":\"it-IT\"},{\"@type\":\"Organization\",\"@id\":\"https:\\\/\\\/www.lraloeverashop.eu\\\/it\\\/#organization\",\"name\":\"Negozio di Lr Aloe Vera\",\"alternateName\":\"LR\",\"url\":\"https:\\\/\\\/www.lraloeverashop.eu\\\/it\\\/\",\"logo\":{\"@type\":\"ImageObject\",\"inLanguage\":\"it-IT\",\"@id\":\"https:\\\/\\\/www.lraloeverashop.eu\\\/it\\\/#\\\/schema\\\/logo\\\/image\\\/\",\"url\":\"https:\\\/\\\/www.lraloeverashop.eu\\\/wp-content\\\/uploads\\\/2022\\\/09\\\/cropped-Lr-Aloe-Vera-Shop.jpg\",\"contentUrl\":\"https:\\\/\\\/www.lraloeverashop.eu\\\/wp-content\\\/uploads\\\/2022\\\/09\\\/cropped-Lr-Aloe-Vera-Shop.jpg\",\"width\":228,\"height\":76,\"caption\":\"Negozio di Lr Aloe Vera\"},\"image\":{\"@id\":\"https:\\\/\\\/www.lraloeverashop.eu\\\/it\\\/#\\\/schema\\\/logo\\\/image\\\/\"},\"sameAs\":[\"https:\\\/\\\/www.facebook.com\\\/lraloeverashop.eu\",\"https:\\\/\\\/x.com\\\/natur__kosmetik\",\"https:\\\/\\\/www.youtube.com\\\/channel\\\/UC5oN7BJ8nfYb8RpVtjwDEBA\",\"https:\\\/\\\/www.instagram.com\\\/lrbeautyeu\\\/\"],\"description\":\"Negozio di Lr Aloe Vera \u00e8 il tuo punto di riferimento per i prodotti LR Health & Beauty di alta qualit\u00e0, realizzati in Germania. Offriamo soluzioni per la cura della pelle, l'alimentazione e l'anti-et\u00e0 a base di Aloe Vera, formulate con ingredienti puri e supportate da ricerche scientifiche. Scopri una cura naturale che rigenera, protegge e rivitalizza la tua pelle e approfitta delle esclusive offerte mensili sui nostri prodotti LR Aloe Vera pi\u00f9 venduti.\\nInizia oggi il tuo percorso di cura della pelle naturale e senti la differenza.\",\"email\":\"info@lraloeverashop.eu\",\"telephone\":\"+49 17670609653\",\"legalName\":\"Lr Aloe Vera Shop\",\"foundingDate\":\"2018-04-21\",\"numberOfEmployees\":{\"@type\":\"QuantitativeValue\",\"minValue\":\"1\",\"maxValue\":\"10\"}}]}<\/script>\n<meta property=\"product:price:amount\" content=\"46.99\" \/>\n<meta property=\"product:price:currency\" content=\"EUR\" \/>\n<meta property=\"og:availability\" content=\"instock\" \/>\n<meta property=\"product:availability\" content=\"instock\" \/>\n<meta property=\"product:retailer_item_id\" content=\"20763-1IT\" \/>\n<meta property=\"product:condition\" content=\"new\" \/>\n<!-- \/ Yoast SEO Premium plugin. -->","yoast_head_json":{"title":"Trattamento Capelli Danneggiati Aloe Vera ripara i capelli","description":"Trattamento Capelli Danneggiati Aloe Vera con fino al 45% di gel di aloe vera e Repair Complex di 7 oli naturali. Protegge contro la rottura dei capelli","robots":{"index":"index","follow":"follow","max-snippet":"max-snippet:-1","max-image-preview":"max-image-preview:large","max-video-preview":"max-video-preview:-1"},"canonical":"https:\/\/www.lraloeverashop.eu\/it\/prodotto\/aloe-vera-set-per-capelli\/","og_locale":"it_IT","og_type":"article","og_title":"Trattamento Capelli Danneggiati Aloe Vera","og_description":"Trattamento Capelli Danneggiati Aloe Vera con fino al 45% di gel di aloe vera e Repair Complex di 7 oli naturali. Protegge contro la rottura dei capelli","og_url":"https:\/\/www.lraloeverashop.eu\/it\/prodotto\/aloe-vera-set-per-capelli\/","og_site_name":"Lr Negozio di Aloe Vera","article_publisher":"https:\/\/www.facebook.com\/lraloeverashop.eu","article_modified_time":"2026-02-03T19:48:17+00:00","og_image":[{"width":1200,"height":1200,"url":"https:\/\/www.lraloeverashop.eu\/wp-content\/uploads\/2022\/10\/Aloe-Vera-Hair-Set.jpg","type":"image\/jpeg"}],"twitter_card":"summary_large_image","twitter_site":"@natur__kosmetik","schema":{"@context":"https:\/\/schema.org","@graph":[{"@type":["WebPage","ItemPage"],"@id":"https:\/\/www.lraloeverashop.eu\/it\/prodotto\/aloe-vera-set-per-capelli\/","url":"https:\/\/www.lraloeverashop.eu\/it\/prodotto\/aloe-vera-set-per-capelli\/","name":"Trattamento Capelli Danneggiati Aloe Vera ripara i capelli","isPartOf":{"@id":"https:\/\/www.lraloeverashop.eu\/it\/#website"},"primaryImageOfPage":{"@id":"https:\/\/www.lraloeverashop.eu\/it\/prodotto\/aloe-vera-set-per-capelli\/#primaryimage"},"image":{"@id":"https:\/\/www.lraloeverashop.eu\/it\/prodotto\/aloe-vera-set-per-capelli\/#primaryimage"},"thumbnailUrl":"https:\/\/www.lraloeverashop.eu\/wp-content\/uploads\/2022\/10\/Aloe-Vera-Hair-Set.jpg","datePublished":"2022-10-09T20:02:02+00:00","dateModified":"2026-02-03T19:48:17+00:00","description":"Trattamento Capelli Danneggiati Aloe Vera con fino al 45% di gel di aloe vera e Repair Complex di 7 oli naturali. Protegge contro la rottura dei capelli","breadcrumb":{"@id":"https:\/\/www.lraloeverashop.eu\/it\/prodotto\/aloe-vera-set-per-capelli\/#breadcrumb"},"inLanguage":"it-IT","potentialAction":[{"@type":"ReadAction","target":["https:\/\/www.lraloeverashop.eu\/it\/prodotto\/aloe-vera-set-per-capelli\/"]}]},{"@type":"ImageObject","inLanguage":"it-IT","@id":"https:\/\/www.lraloeverashop.eu\/it\/prodotto\/aloe-vera-set-per-capelli\/#primaryimage","url":"https:\/\/www.lraloeverashop.eu\/wp-content\/uploads\/2022\/10\/Aloe-Vera-Hair-Set.jpg","contentUrl":"https:\/\/www.lraloeverashop.eu\/wp-content\/uploads\/2022\/10\/Aloe-Vera-Hair-Set.jpg","width":1200,"height":1200,"caption":"Set di Trattamento Capelli Danneggiati Aloe Vera nutre, rinforza e ripara i capelli"},{"@type":"BreadcrumbList","@id":"https:\/\/www.lraloeverashop.eu\/it\/prodotto\/aloe-vera-set-per-capelli\/#breadcrumb","itemListElement":[{"@type":"ListItem","position":1,"name":"Home","item":"https:\/\/www.lraloeverashop.eu\/it\/"},{"@type":"ListItem","position":2,"name":"Negozio","item":"https:\/\/www.lraloeverashop.eu\/it\/negozio\/"},{"@type":"ListItem","position":3,"name":"Trattamento Capelli Danneggiati Aloe Vera"}]},{"@type":"WebSite","@id":"https:\/\/www.lraloeverashop.eu\/it\/#website","url":"https:\/\/www.lraloeverashop.eu\/it\/","name":"Lr Negozio di Aloe Vera","description":"High Quality Lr Aloe Vera Gel, Aloe Vera Cream and Shampoo","publisher":{"@id":"https:\/\/www.lraloeverashop.eu\/it\/#organization"},"alternateName":"LR","potentialAction":[{"@type":"SearchAction","target":{"@type":"EntryPoint","urlTemplate":"https:\/\/www.lraloeverashop.eu\/it\/?s={search_term_string}"},"query-input":{"@type":"PropertyValueSpecification","valueRequired":true,"valueName":"search_term_string"}}],"inLanguage":"it-IT"},{"@type":"Organization","@id":"https:\/\/www.lraloeverashop.eu\/it\/#organization","name":"Negozio di Lr Aloe Vera","alternateName":"LR","url":"https:\/\/www.lraloeverashop.eu\/it\/","logo":{"@type":"ImageObject","inLanguage":"it-IT","@id":"https:\/\/www.lraloeverashop.eu\/it\/#\/schema\/logo\/image\/","url":"https:\/\/www.lraloeverashop.eu\/wp-content\/uploads\/2022\/09\/cropped-Lr-Aloe-Vera-Shop.jpg","contentUrl":"https:\/\/www.lraloeverashop.eu\/wp-content\/uploads\/2022\/09\/cropped-Lr-Aloe-Vera-Shop.jpg","width":228,"height":76,"caption":"Negozio di Lr Aloe Vera"},"image":{"@id":"https:\/\/www.lraloeverashop.eu\/it\/#\/schema\/logo\/image\/"},"sameAs":["https:\/\/www.facebook.com\/lraloeverashop.eu","https:\/\/x.com\/natur__kosmetik","https:\/\/www.youtube.com\/channel\/UC5oN7BJ8nfYb8RpVtjwDEBA","https:\/\/www.instagram.com\/lrbeautyeu\/"],"description":"Negozio di Lr Aloe Vera \u00e8 il tuo punto di riferimento per i prodotti LR Health & Beauty di alta qualit\u00e0, realizzati in Germania. Offriamo soluzioni per la cura della pelle, l'alimentazione e l'anti-et\u00e0 a base di Aloe Vera, formulate con ingredienti puri e supportate da ricerche scientifiche. Scopri una cura naturale che rigenera, protegge e rivitalizza la tua pelle e approfitta delle esclusive offerte mensili sui nostri prodotti LR Aloe Vera pi\u00f9 venduti.\nInizia oggi il tuo percorso di cura della pelle naturale e senti la differenza.","email":"info@lraloeverashop.eu","telephone":"+49 17670609653","legalName":"Lr Aloe Vera Shop","foundingDate":"2018-04-21","numberOfEmployees":{"@type":"QuantitativeValue","minValue":"1","maxValue":"10"}}]},"product_price_amount":"46.99","product_price_currency":"EUR","og_availability":"instock","product_availability":"instock","product_retailer_item_id":"20763-1IT","product_condition":"new"},"taxonomy_info":{"product_cat":[{"value":214,"label":"Aloe Vera"},{"value":244,"label":"Cura dei capelli"}],"product_tag":[{"value":601,"label":"Capelli danneggiati"},{"value":605,"label":"Capelli secchi"}]},"featured_image_src_large":["https:\/\/www.lraloeverashop.eu\/wp-content\/uploads\/2022\/10\/Aloe-Vera-Hair-Set-1024x1024.jpg",1024,1024,true],"author_info":[],"comment_info":0,"_links":{"self":[{"href":"https:\/\/www.lraloeverashop.eu\/it\/wp-json\/wp\/v2\/product\/10679","targetHints":{"allow":["GET"]}}],"collection":[{"href":"https:\/\/www.lraloeverashop.eu\/it\/wp-json\/wp\/v2\/product"}],"about":[{"href":"https:\/\/www.lraloeverashop.eu\/it\/wp-json\/wp\/v2\/types\/product"}],"replies":[{"embeddable":true,"href":"https:\/\/www.lraloeverashop.eu\/it\/wp-json\/wp\/v2\/comments?post=10679"}],"wp:featuredmedia":[{"embeddable":true,"href":"https:\/\/www.lraloeverashop.eu\/it\/wp-json\/wp\/v2\/media\/4880"}],"wp:attachment":[{"href":"https:\/\/www.lraloeverashop.eu\/it\/wp-json\/wp\/v2\/media?parent=10679"}],"wp:term":[{"taxonomy":"product_brand","embeddable":true,"href":"https:\/\/www.lraloeverashop.eu\/it\/wp-json\/wp\/v2\/product_brand?post=10679"},{"taxonomy":"product_cat","embeddable":true,"href":"https:\/\/www.lraloeverashop.eu\/it\/wp-json\/wp\/v2\/product_cat?post=10679"},{"taxonomy":"product_tag","embeddable":true,"href":"https:\/\/www.lraloeverashop.eu\/it\/wp-json\/wp\/v2\/product_tag?post=10679"}],"curies":[{"name":"wp","href":"https:\/\/api.w.org\/{rel}","templated":true}]}}