{"id":10639,"date":"2022-10-09T22:51:26","date_gmt":"2022-10-09T20:51:26","guid":{"rendered":"https:\/\/www.lraloeverashop.eu\/product\/aloe-vera-nutri-repair-shampoo\/"},"modified":"2026-02-03T20:47:39","modified_gmt":"2026-02-03T19:47:39","slug":"aloe-vera-nutri-repair-shampoo","status":"publish","type":"product","link":"https:\/\/www.lraloeverashop.eu\/it\/prodotto\/aloe-vera-nutri-repair-shampoo\/","title":{"rendered":"Shampoo Delicato Aloe Vera Nutri Repair"},"content":{"rendered":"<h2><span style=\"font-size: 16pt;\"><strong>Shampoo Delicato Aloe Vera Nutri Repair<\/strong><\/span><\/h2>\n<p><span style=\"font-size: 14pt;\"><strong>Shampoo Delicato Aloe Vera Nutri Repair &#8211; Cute e capelli forti e luminosi<\/strong><\/span><\/p>\n<p>Anche tu oggi puoi avere capelli morbidi e sani. Usa Shampoo Delicato Aloe Vera per nutrire quotidianamente cute e capelli.<\/p>\n<p>Questo shampoo naturale contiene ingredienti che agiscono come una calamita per eliminare lo sporco sui capelli, lasciandoli puliti, freschi e sani. Arricchito con <a href=\"https:\/\/it.wikipedia.org\/wiki\/Acido_pantotenico\">Pro Vitamin B5<\/a>, i capelli diventano pi\u00f9 forti e levigati che mai.<\/p>\n<p>Contiene il 45% di aloe vera che aiuta a idratare i capelli e a renderli sani. Amerai la fragranza fruttata dello shampoo che stimoler\u00e0 i tuoi sensi. Prova Shampoo Delicato Aloe Vera Nutri Repair per capelli naturalmente splendidi che adorerai toccare!<\/p>\n<p>&nbsp;<\/p>\n<p><iframe loading=\"lazy\" src=\"\/\/www.youtube.com\/embed\/mHd6hXqgBbo?rel=0&amp;showinfo=0\" width=\"1280\" height=\"720\" frameborder=\"0\" allowfullscreen=\"allowfullscreen\"><\/iframe><\/p>\n<p>&nbsp;<\/p>\n<h3><strong><span style=\"font-size: 16pt;\">Come usare<\/span><\/strong><\/h3>\n<p>Ideale per l\u2019uso quotidiano. Basta applicare una porzione di shampoo delle dimensioni di una noce sui capelli umidi, quindi risciacquare bene. Per ottenere migliori risultati, prosegui con il <a href=\"https:\/\/www.lraloeverashop.eu\/it\/prodotto\/aloe-vera-nutri-repair-balsamo\/\">Aloe Vera Nutri-Repair Balsamo<\/a>.<\/p>\n<p>Ottieni il massimo dal <a href=\"https:\/\/www.lraloeverashop.eu\/it\/prodotto\/aloe-vera-set-per-capelli\/\">trattamento di riparazione<\/a> dei capelli con la\u00a0maschera per capelli, circa 1 o 2 volte in una settimana al posto del balsamo per capelli.<\/p>\n<p>Applicare <a href=\"https:\/\/www.lraloeverashop.eu\/it\/prodotto\/aloe-vera-nutri-repair-leave-in-spray\/\">Aloe Vera Nutri-Repair Leave-in Spray<\/a> di ricambio per un\u2019ulteriore protezione dal calore.<\/p>\n<p>&nbsp;<\/p>\n<h4><span style=\"font-size: 16pt;\"><strong>Lo Sapevi?<\/strong><\/span><\/h4>\n<p>Il lavaggio con Shampoo Delicato Aloe Vera Nutri Repair deterge lo strato pi\u00f9 esterno dei capelli sciogliendo lo sporco, eliminando gli oli in eccesso e rimuovendo i residui dall&#8217;uso quotidiano dei prodotti per lo styling. Liberati dalla sporcizia e dai residui, i capelli potranno assorbire i nutrienti dallo shampoo in modo pi\u00f9 efficiente.<\/p>\n<p><strong>Studi\u00a0 confermano l\u2019efficacia di Aloe Vera Nutri-Repair Hair Care dai seguenti test:<\/strong><\/p>\n<p>\u2013 I capelli diventano pi\u00f9 morbidi e setosi e tre volte pi\u00f9 semplici da gestire*<br \/>\n\u2013 Con una lucentezza e levigatezza naturali, portano al 90 percento di rottura ridotta *<br \/>\n\u2013 Il 90 percento dei partecipanti esaminati sono entusiasti dell\u2019aroma rinfrescante dello shampoo**<\/p>\n<p>* L\u2019utilizzo quotidiano di\u00a0Lr Aloe Vera Nutri Hair Shampoo, balsamo, e maschera per capelli \u00a0migliora l\u2019elasticit\u00e0 e la <a href=\"https:\/\/www.lraloeverashop.eu\/it\/cura-capelli-nutri-repair-il-miglior-trattamento-per-capelli-danneggiati\/\">resistenza dei capelli dalla rottura<\/a>. I risultati sono pi\u00f9 promettenti di quelli di coloro che si affidano solo allo shampoo. Questo dato \u00e8 basato sullo studio condotto nel gennaio 2018 da proDERM.<\/p>\n<p>** Basato su risultati da 40 partecipanti al sondaggio condotto dall\u2019istituto Dermatest a Dicembre 2017<\/p>\n","protected":false},"excerpt":{"rendered":"<ul>\n<li>Rimuove lo sporco dai tuoi capelli e li mantiene puliti<\/li>\n<li>La Provitamina B5 nutre il capello e lo rende pi\u00f9 forte<\/li>\n<li>L\u2019aloe vera (45%) mantiene idratati i tuoi capelli e la radice<\/li>\n<li>Ottimo per l\u2019uso quotidiano<\/li>\n<li>Quantit\u00e0: 200 ml<\/li>\n<\/ul>\n<p><span style=\"color: #ff0000;\"><a style=\"color: #ff0000;\" href=\"https:\/\/shop.lrworld.com\/openpao?PHP=0vFlt7jT938BEnBI3a6e9w%3D%3D\"><span style=\"font-size: 14pt;\"><strong>Registrati ora e risparmia il 35% su ogni ordine<\/strong><\/span><\/a><\/span><\/p>\n","protected":false},"featured_media":4364,"comment_status":"open","ping_status":"closed","template":"","meta":{"_kad_blocks_custom_css":"","_kad_blocks_head_custom_js":"","_kad_blocks_body_custom_js":"","_kad_blocks_footer_custom_js":"","_kadence_starter_templates_imported_post":false,"_kad_post_transparent":"default","_kad_post_title":"","_kad_post_layout":"default","_kad_post_sidebar_id":"","_kad_post_content_style":"default","_kad_post_vertical_padding":"default","_kad_post_feature":"","_kad_post_feature_position":"","_kad_post_header":false,"_kad_post_footer":false,"_kad_post_classname":""},"product_brand":[],"product_cat":[214,244],"product_tag":[601,605],"class_list":{"0":"post-10639","1":"product","2":"type-product","3":"status-publish","4":"has-post-thumbnail","6":"product_cat-aloe-vera-it","7":"product_cat-cura-dei-capelli","8":"product_tag-capelli-danneggiati","9":"product_tag-capelli-secchi","11":"first","12":"instock","13":"taxable","14":"shipping-taxable","15":"purchasable","16":"product-type-simple","17":"entry","18":"content-bg","19":"loop-entry"},"yoast_head":"<!-- This site is optimized with the Yoast SEO Premium plugin v27.4 (Yoast SEO v27.4) - https:\/\/yoast.com\/product\/yoast-seo-premium-wordpress\/ -->\n<title>Shampoo Delicato Aloe Vera - Cute e capelli forti e luminosi<\/title>\n<meta name=\"description\" content=\"Shampoo Delicato Aloe Vera con Provitamina B5 nutre il capello e lo rende pi\u00f9 forte. 45% Aloe vera mantiene idratati i tuoi capelli e la radice.\" \/>\n<meta name=\"robots\" content=\"index, follow, max-snippet:-1, max-image-preview:large, max-video-preview:-1\" \/>\n<link rel=\"canonical\" href=\"https:\/\/www.lraloeverashop.eu\/it\/prodotto\/aloe-vera-nutri-repair-shampoo\/\" \/>\n<meta property=\"og:locale\" content=\"it_IT\" \/>\n<meta property=\"og:type\" content=\"article\" \/>\n<meta property=\"og:title\" content=\"Shampoo Delicato Aloe Vera Nutri Repair\" \/>\n<meta property=\"og:description\" content=\"Shampoo Delicato Aloe Vera con Provitamina B5 nutre il capello e lo rende pi\u00f9 forte. 45% Aloe vera mantiene idratati i tuoi capelli e la radice.\" \/>\n<meta property=\"og:url\" content=\"https:\/\/www.lraloeverashop.eu\/it\/prodotto\/aloe-vera-nutri-repair-shampoo\/\" \/>\n<meta property=\"og:site_name\" content=\"Lr Negozio di Aloe Vera\" \/>\n<meta property=\"article:publisher\" content=\"https:\/\/www.facebook.com\/lraloeverashop.eu\" \/>\n<meta property=\"article:modified_time\" content=\"2026-02-03T19:47:39+00:00\" \/>\n<meta property=\"og:image\" content=\"https:\/\/www.lraloeverashop.eu\/wp-content\/uploads\/2022\/10\/Strengthening-Hair-Shampoo.jpg\" \/>\n\t<meta property=\"og:image:width\" content=\"1200\" \/>\n\t<meta property=\"og:image:height\" content=\"1200\" \/>\n\t<meta property=\"og:image:type\" content=\"image\/jpeg\" \/>\n<meta name=\"twitter:card\" content=\"summary_large_image\" \/>\n<meta name=\"twitter:site\" content=\"@natur__kosmetik\" \/>\n<script type=\"application\/ld+json\" class=\"yoast-schema-graph\">{\"@context\":\"https:\\\/\\\/schema.org\",\"@graph\":[{\"@type\":[\"WebPage\",\"ItemPage\"],\"@id\":\"https:\\\/\\\/www.lraloeverashop.eu\\\/it\\\/prodotto\\\/aloe-vera-nutri-repair-shampoo\\\/\",\"url\":\"https:\\\/\\\/www.lraloeverashop.eu\\\/it\\\/prodotto\\\/aloe-vera-nutri-repair-shampoo\\\/\",\"name\":\"Shampoo Delicato Aloe Vera - Cute e capelli forti e luminosi\",\"isPartOf\":{\"@id\":\"https:\\\/\\\/www.lraloeverashop.eu\\\/it\\\/#website\"},\"primaryImageOfPage\":{\"@id\":\"https:\\\/\\\/www.lraloeverashop.eu\\\/it\\\/prodotto\\\/aloe-vera-nutri-repair-shampoo\\\/#primaryimage\"},\"image\":{\"@id\":\"https:\\\/\\\/www.lraloeverashop.eu\\\/it\\\/prodotto\\\/aloe-vera-nutri-repair-shampoo\\\/#primaryimage\"},\"thumbnailUrl\":\"https:\\\/\\\/www.lraloeverashop.eu\\\/wp-content\\\/uploads\\\/2022\\\/10\\\/Strengthening-Hair-Shampoo.jpg\",\"datePublished\":\"2022-10-09T20:51:26+00:00\",\"dateModified\":\"2026-02-03T19:47:39+00:00\",\"description\":\"Shampoo Delicato Aloe Vera con Provitamina B5 nutre il capello e lo rende pi\u00f9 forte. 45% Aloe vera mantiene idratati i tuoi capelli e la radice.\",\"breadcrumb\":{\"@id\":\"https:\\\/\\\/www.lraloeverashop.eu\\\/it\\\/prodotto\\\/aloe-vera-nutri-repair-shampoo\\\/#breadcrumb\"},\"inLanguage\":\"it-IT\",\"potentialAction\":[{\"@type\":\"ReadAction\",\"target\":[\"https:\\\/\\\/www.lraloeverashop.eu\\\/it\\\/prodotto\\\/aloe-vera-nutri-repair-shampoo\\\/\"]}]},{\"@type\":\"ImageObject\",\"inLanguage\":\"it-IT\",\"@id\":\"https:\\\/\\\/www.lraloeverashop.eu\\\/it\\\/prodotto\\\/aloe-vera-nutri-repair-shampoo\\\/#primaryimage\",\"url\":\"https:\\\/\\\/www.lraloeverashop.eu\\\/wp-content\\\/uploads\\\/2022\\\/10\\\/Strengthening-Hair-Shampoo.jpg\",\"contentUrl\":\"https:\\\/\\\/www.lraloeverashop.eu\\\/wp-content\\\/uploads\\\/2022\\\/10\\\/Strengthening-Hair-Shampoo.jpg\",\"width\":1200,\"height\":1200,\"caption\":\"Aloe Vera Nutri Repair Shampoo Per Capelli Ottimo per l\u2019uso quotidiano\"},{\"@type\":\"BreadcrumbList\",\"@id\":\"https:\\\/\\\/www.lraloeverashop.eu\\\/it\\\/prodotto\\\/aloe-vera-nutri-repair-shampoo\\\/#breadcrumb\",\"itemListElement\":[{\"@type\":\"ListItem\",\"position\":1,\"name\":\"Home\",\"item\":\"https:\\\/\\\/www.lraloeverashop.eu\\\/it\\\/\"},{\"@type\":\"ListItem\",\"position\":2,\"name\":\"Negozio\",\"item\":\"https:\\\/\\\/www.lraloeverashop.eu\\\/it\\\/negozio\\\/\"},{\"@type\":\"ListItem\",\"position\":3,\"name\":\"Shampoo Delicato Aloe Vera Nutri Repair\"}]},{\"@type\":\"WebSite\",\"@id\":\"https:\\\/\\\/www.lraloeverashop.eu\\\/it\\\/#website\",\"url\":\"https:\\\/\\\/www.lraloeverashop.eu\\\/it\\\/\",\"name\":\"Lr Negozio di Aloe Vera\",\"description\":\"High Quality Lr Aloe Vera Gel, Aloe Vera Cream and Shampoo\",\"publisher\":{\"@id\":\"https:\\\/\\\/www.lraloeverashop.eu\\\/it\\\/#organization\"},\"potentialAction\":[{\"@type\":\"SearchAction\",\"target\":{\"@type\":\"EntryPoint\",\"urlTemplate\":\"https:\\\/\\\/www.lraloeverashop.eu\\\/it\\\/?s={search_term_string}\"},\"query-input\":{\"@type\":\"PropertyValueSpecification\",\"valueRequired\":true,\"valueName\":\"search_term_string\"}}],\"inLanguage\":\"it-IT\"},{\"@type\":\"Organization\",\"@id\":\"https:\\\/\\\/www.lraloeverashop.eu\\\/it\\\/#organization\",\"name\":\"Negozio di Lr Aloe Vera\",\"alternateName\":\"LR\",\"url\":\"https:\\\/\\\/www.lraloeverashop.eu\\\/it\\\/\",\"logo\":{\"@type\":\"ImageObject\",\"inLanguage\":\"it-IT\",\"@id\":\"https:\\\/\\\/www.lraloeverashop.eu\\\/it\\\/#\\\/schema\\\/logo\\\/image\\\/\",\"url\":\"https:\\\/\\\/www.lraloeverashop.eu\\\/wp-content\\\/uploads\\\/2022\\\/09\\\/cropped-Lr-Aloe-Vera-Shop.jpg\",\"contentUrl\":\"https:\\\/\\\/www.lraloeverashop.eu\\\/wp-content\\\/uploads\\\/2022\\\/09\\\/cropped-Lr-Aloe-Vera-Shop.jpg\",\"width\":228,\"height\":76,\"caption\":\"Negozio di Lr Aloe Vera\"},\"image\":{\"@id\":\"https:\\\/\\\/www.lraloeverashop.eu\\\/it\\\/#\\\/schema\\\/logo\\\/image\\\/\"},\"sameAs\":[\"https:\\\/\\\/www.facebook.com\\\/lraloeverashop.eu\",\"https:\\\/\\\/x.com\\\/natur__kosmetik\",\"https:\\\/\\\/www.youtube.com\\\/channel\\\/UC5oN7BJ8nfYb8RpVtjwDEBA\",\"https:\\\/\\\/www.instagram.com\\\/lrbeautyeu\\\/\"],\"description\":\"Negozio di Lr Aloe Vera \u00e8 il tuo punto di riferimento per i prodotti LR Health & Beauty di alta qualit\u00e0, realizzati in Germania. Offriamo soluzioni per la cura della pelle, l'alimentazione e l'anti-et\u00e0 a base di Aloe Vera, formulate con ingredienti puri e supportate da ricerche scientifiche. Scopri una cura naturale che rigenera, protegge e rivitalizza la tua pelle e approfitta delle esclusive offerte mensili sui nostri prodotti LR Aloe Vera pi\u00f9 venduti.\\nInizia oggi il tuo percorso di cura della pelle naturale e senti la differenza.\",\"email\":\"info@lraloeverashop.eu\",\"telephone\":\"+49 17670609653\",\"legalName\":\"Lr Aloe Vera Shop\",\"foundingDate\":\"2018-04-21\",\"numberOfEmployees\":{\"@type\":\"QuantitativeValue\",\"minValue\":\"1\",\"maxValue\":\"10\"}}]}<\/script>\n<meta property=\"product:price:amount\" content=\"12.99\" \/>\n<meta property=\"product:price:currency\" content=\"EUR\" \/>\n<meta property=\"og:availability\" content=\"instock\" \/>\n<meta property=\"product:availability\" content=\"instock\" \/>\n<meta property=\"product:retailer_item_id\" content=\"20648-1IT\" \/>\n<meta property=\"product:condition\" content=\"new\" \/>\n<!-- \/ Yoast SEO Premium plugin. -->","yoast_head_json":{"title":"Shampoo Delicato Aloe Vera - Cute e capelli forti e luminosi","description":"Shampoo Delicato Aloe Vera con Provitamina B5 nutre il capello e lo rende pi\u00f9 forte. 45% Aloe vera mantiene idratati i tuoi capelli e la radice.","robots":{"index":"index","follow":"follow","max-snippet":"max-snippet:-1","max-image-preview":"max-image-preview:large","max-video-preview":"max-video-preview:-1"},"canonical":"https:\/\/www.lraloeverashop.eu\/it\/prodotto\/aloe-vera-nutri-repair-shampoo\/","og_locale":"it_IT","og_type":"article","og_title":"Shampoo Delicato Aloe Vera Nutri Repair","og_description":"Shampoo Delicato Aloe Vera con Provitamina B5 nutre il capello e lo rende pi\u00f9 forte. 45% Aloe vera mantiene idratati i tuoi capelli e la radice.","og_url":"https:\/\/www.lraloeverashop.eu\/it\/prodotto\/aloe-vera-nutri-repair-shampoo\/","og_site_name":"Lr Negozio di Aloe Vera","article_publisher":"https:\/\/www.facebook.com\/lraloeverashop.eu","article_modified_time":"2026-02-03T19:47:39+00:00","og_image":[{"width":1200,"height":1200,"url":"https:\/\/www.lraloeverashop.eu\/wp-content\/uploads\/2022\/10\/Strengthening-Hair-Shampoo.jpg","type":"image\/jpeg"}],"twitter_card":"summary_large_image","twitter_site":"@natur__kosmetik","schema":{"@context":"https:\/\/schema.org","@graph":[{"@type":["WebPage","ItemPage"],"@id":"https:\/\/www.lraloeverashop.eu\/it\/prodotto\/aloe-vera-nutri-repair-shampoo\/","url":"https:\/\/www.lraloeverashop.eu\/it\/prodotto\/aloe-vera-nutri-repair-shampoo\/","name":"Shampoo Delicato Aloe Vera - Cute e capelli forti e luminosi","isPartOf":{"@id":"https:\/\/www.lraloeverashop.eu\/it\/#website"},"primaryImageOfPage":{"@id":"https:\/\/www.lraloeverashop.eu\/it\/prodotto\/aloe-vera-nutri-repair-shampoo\/#primaryimage"},"image":{"@id":"https:\/\/www.lraloeverashop.eu\/it\/prodotto\/aloe-vera-nutri-repair-shampoo\/#primaryimage"},"thumbnailUrl":"https:\/\/www.lraloeverashop.eu\/wp-content\/uploads\/2022\/10\/Strengthening-Hair-Shampoo.jpg","datePublished":"2022-10-09T20:51:26+00:00","dateModified":"2026-02-03T19:47:39+00:00","description":"Shampoo Delicato Aloe Vera con Provitamina B5 nutre il capello e lo rende pi\u00f9 forte. 45% Aloe vera mantiene idratati i tuoi capelli e la radice.","breadcrumb":{"@id":"https:\/\/www.lraloeverashop.eu\/it\/prodotto\/aloe-vera-nutri-repair-shampoo\/#breadcrumb"},"inLanguage":"it-IT","potentialAction":[{"@type":"ReadAction","target":["https:\/\/www.lraloeverashop.eu\/it\/prodotto\/aloe-vera-nutri-repair-shampoo\/"]}]},{"@type":"ImageObject","inLanguage":"it-IT","@id":"https:\/\/www.lraloeverashop.eu\/it\/prodotto\/aloe-vera-nutri-repair-shampoo\/#primaryimage","url":"https:\/\/www.lraloeverashop.eu\/wp-content\/uploads\/2022\/10\/Strengthening-Hair-Shampoo.jpg","contentUrl":"https:\/\/www.lraloeverashop.eu\/wp-content\/uploads\/2022\/10\/Strengthening-Hair-Shampoo.jpg","width":1200,"height":1200,"caption":"Aloe Vera Nutri Repair Shampoo Per Capelli Ottimo per l\u2019uso quotidiano"},{"@type":"BreadcrumbList","@id":"https:\/\/www.lraloeverashop.eu\/it\/prodotto\/aloe-vera-nutri-repair-shampoo\/#breadcrumb","itemListElement":[{"@type":"ListItem","position":1,"name":"Home","item":"https:\/\/www.lraloeverashop.eu\/it\/"},{"@type":"ListItem","position":2,"name":"Negozio","item":"https:\/\/www.lraloeverashop.eu\/it\/negozio\/"},{"@type":"ListItem","position":3,"name":"Shampoo Delicato Aloe Vera Nutri Repair"}]},{"@type":"WebSite","@id":"https:\/\/www.lraloeverashop.eu\/it\/#website","url":"https:\/\/www.lraloeverashop.eu\/it\/","name":"Lr Negozio di Aloe Vera","description":"High Quality Lr Aloe Vera Gel, Aloe Vera Cream and Shampoo","publisher":{"@id":"https:\/\/www.lraloeverashop.eu\/it\/#organization"},"potentialAction":[{"@type":"SearchAction","target":{"@type":"EntryPoint","urlTemplate":"https:\/\/www.lraloeverashop.eu\/it\/?s={search_term_string}"},"query-input":{"@type":"PropertyValueSpecification","valueRequired":true,"valueName":"search_term_string"}}],"inLanguage":"it-IT"},{"@type":"Organization","@id":"https:\/\/www.lraloeverashop.eu\/it\/#organization","name":"Negozio di Lr Aloe Vera","alternateName":"LR","url":"https:\/\/www.lraloeverashop.eu\/it\/","logo":{"@type":"ImageObject","inLanguage":"it-IT","@id":"https:\/\/www.lraloeverashop.eu\/it\/#\/schema\/logo\/image\/","url":"https:\/\/www.lraloeverashop.eu\/wp-content\/uploads\/2022\/09\/cropped-Lr-Aloe-Vera-Shop.jpg","contentUrl":"https:\/\/www.lraloeverashop.eu\/wp-content\/uploads\/2022\/09\/cropped-Lr-Aloe-Vera-Shop.jpg","width":228,"height":76,"caption":"Negozio di Lr Aloe Vera"},"image":{"@id":"https:\/\/www.lraloeverashop.eu\/it\/#\/schema\/logo\/image\/"},"sameAs":["https:\/\/www.facebook.com\/lraloeverashop.eu","https:\/\/x.com\/natur__kosmetik","https:\/\/www.youtube.com\/channel\/UC5oN7BJ8nfYb8RpVtjwDEBA","https:\/\/www.instagram.com\/lrbeautyeu\/"],"description":"Negozio di Lr Aloe Vera \u00e8 il tuo punto di riferimento per i prodotti LR Health & Beauty di alta qualit\u00e0, realizzati in Germania. Offriamo soluzioni per la cura della pelle, l'alimentazione e l'anti-et\u00e0 a base di Aloe Vera, formulate con ingredienti puri e supportate da ricerche scientifiche. Scopri una cura naturale che rigenera, protegge e rivitalizza la tua pelle e approfitta delle esclusive offerte mensili sui nostri prodotti LR Aloe Vera pi\u00f9 venduti.\nInizia oggi il tuo percorso di cura della pelle naturale e senti la differenza.","email":"info@lraloeverashop.eu","telephone":"+49 17670609653","legalName":"Lr Aloe Vera Shop","foundingDate":"2018-04-21","numberOfEmployees":{"@type":"QuantitativeValue","minValue":"1","maxValue":"10"}}]},"product_price_amount":"12.99","product_price_currency":"EUR","og_availability":"instock","product_availability":"instock","product_retailer_item_id":"20648-1IT","product_condition":"new"},"taxonomy_info":{"product_cat":[{"value":214,"label":"Aloe Vera"},{"value":244,"label":"Cura dei capelli"}],"product_tag":[{"value":601,"label":"Capelli danneggiati"},{"value":605,"label":"Capelli secchi"}]},"featured_image_src_large":["https:\/\/www.lraloeverashop.eu\/wp-content\/uploads\/2022\/10\/Strengthening-Hair-Shampoo-1024x1024.jpg",1024,1024,true],"author_info":[],"comment_info":0,"_links":{"self":[{"href":"https:\/\/www.lraloeverashop.eu\/it\/wp-json\/wp\/v2\/product\/10639","targetHints":{"allow":["GET"]}}],"collection":[{"href":"https:\/\/www.lraloeverashop.eu\/it\/wp-json\/wp\/v2\/product"}],"about":[{"href":"https:\/\/www.lraloeverashop.eu\/it\/wp-json\/wp\/v2\/types\/product"}],"replies":[{"embeddable":true,"href":"https:\/\/www.lraloeverashop.eu\/it\/wp-json\/wp\/v2\/comments?post=10639"}],"wp:featuredmedia":[{"embeddable":true,"href":"https:\/\/www.lraloeverashop.eu\/it\/wp-json\/wp\/v2\/media\/4364"}],"wp:attachment":[{"href":"https:\/\/www.lraloeverashop.eu\/it\/wp-json\/wp\/v2\/media?parent=10639"}],"wp:term":[{"taxonomy":"product_brand","embeddable":true,"href":"https:\/\/www.lraloeverashop.eu\/it\/wp-json\/wp\/v2\/product_brand?post=10639"},{"taxonomy":"product_cat","embeddable":true,"href":"https:\/\/www.lraloeverashop.eu\/it\/wp-json\/wp\/v2\/product_cat?post=10639"},{"taxonomy":"product_tag","embeddable":true,"href":"https:\/\/www.lraloeverashop.eu\/it\/wp-json\/wp\/v2\/product_tag?post=10639"}],"curies":[{"name":"wp","href":"https:\/\/api.w.org\/{rel}","templated":true}]}}