{"id":10431,"date":"2022-10-10T22:32:47","date_gmt":"2022-10-10T20:32:47","guid":{"rendered":"https:\/\/www.lraloeverashop.eu\/product\/siero-viso-aloe-vera-cbd\/"},"modified":"2026-02-03T20:41:37","modified_gmt":"2026-02-03T19:41:37","slug":"siero-viso-aloe-vera-cbd","status":"publish","type":"product","link":"https:\/\/www.lraloeverashop.eu\/it\/prodotto\/siero-viso-aloe-vera-cbd\/","title":{"rendered":"Siero viso Aloe Vera CBD"},"content":{"rendered":"<h2><strong><span style=\"font-size: 16pt;\">Siero viso Aloe Vera CBD<\/span><\/strong><\/h2>\n<p><strong><span style=\"font-size: 14pt;\">Siero viso Aloe Vera CBD &#8211; Pi\u00f9 benessere, pi\u00f9 rituali di cura, pi\u00f9 luminosit\u00e0<\/span><\/strong><\/p>\n<p>Il siero per il viso Aloe Vera CBD tratter\u00e0 la tua pelle con il 50% di <a href=\"https:\/\/www.lraloeverashop.eu\/it\/aloe-vera-gel-per-viso-capelli-e-corpo\/\">aloe vera<\/a>, olio di semi di cannabis sativa biologico e CBD. Il segreto dell&#8217;effetto unico del nuovo siero a 2 fasi \u00e8 la combinazione di <a href=\"https:\/\/www.lraloeverashop.eu\/it\/prodotto\/siero-per-il-viso-skin-balance\/\">gel di aloe vera idratante<\/a> al 50% e olio di semi di cannabis sativa biologico protettivo e CBD. Per una carnagione equilibrata, <a href=\"https:\/\/www.lraloeverashop.eu\/it\/prodotto\/siero-contorno-occhi-uomo\/\">idratata<\/a> e raffinata!<\/p>\n<p>L&#8217;olio di semi di cannabis sativa biologico \u00e8 noto per lenire la pelle irritata e ridurre l&#8217;irritazione cutanea grazie alle sue propriet\u00e0 protettive. Il CBD contenuto nell&#8217;olio di cannabis ha un effetto rilassante sulla <a href=\"https:\/\/www.lraloeverashop.eu\/it\/prodotto\/siero-viso-antirughe-serox\/\">pelle stressata<\/a> e la protegge dagli influssi ambientali esterni.<\/p>\n<p>&nbsp;<\/p>\n<h3><strong><span style=\"font-size: 16pt;\">Come usare<\/span><\/strong><\/h3>\n<p>Applicare mattina e sera sulla pelle del viso detersa e lasciare agire brevemente. Agitare bene prima dell&#8217;uso in modo che le due fasi si mescolino.<\/p>\n<p>&nbsp;<\/p>\n<h4><strong><span style=\"font-size: 16pt;\">Lo sapevate?<\/span><\/strong><\/h4>\n<p>Con il lancio Siero viso Aloe Vera CBD e Prodotti CBD, noi di LR continuiamo a concentrarci sulla sostenibilit\u00e0. I barattoli e i flaconi della serie CBD care sono realizzati con il materiale sostenibile rPET. Di conseguenza, i barattoli possono presentare una leggera foschia grigia, dovuta al processo di riciclaggio rispettoso dell&#8217;ambiente.<\/p>\n<p><strong>Cosa significa esattamente rPET?<\/strong><br \/>\nIl PET \u00e8 una plastica generalmente trasparente e leggera altamente riciclabile. Si parla di rPET quando la plastica \u00e8 costituita interamente o parzialmente da riciclato (materiale riciclato). Il materiale riciclato si ottiene, ad esempio, da vecchie bottiglie di plastica raccolte.<\/p>\n<p><strong>Perch\u00e9 l&#8217;rPET \u00e8 pi\u00f9 sostenibile del PET convenzionale?<\/strong><br \/>\nLa sostenibilit\u00e0 e quindi il riciclaggio sono questioni importanti da molti anni. \u00c8 risaputo che la plastica non fa bene al nostro ambiente. Ha un impatto negativo sulla natura e su tutte le creature viventi del nostro pianeta in molti modi. L&#8217;utilizzo di PET riciclato e riutilizzabile ci aiuta a risparmiare risorse naturali e quindi contribuisce in modo significativo alla protezione dell&#8217;ambiente.<\/p>\n<p>Con rPET \u00e8 possibile ridurre significativamente la produzione di grandi quantit\u00e0 di plastica e quindi anche ridurre in modo sostenibile le emissioni di CO2. L&#8217;rPET fornisce quindi un importante contributo al miglioramento dell&#8217;equilibrio ecologico degli imballaggi usa e getta e all&#8217;aumento della sua sostenibilit\u00e0.<\/p>\n<p><strong>Perch\u00e9 il colore cambia?<\/strong><br \/>\nIl cambiamento di colore del materiale PET \u00e8 causato dal riciclaggio. Il materiale di partenza da riciclare, il PET, pu\u00f2 avere diverse colorazioni, quindi la miscelazione nel processo di riciclaggio fa apparire i contenitori in rPET leggermente pi\u00f9 scuri o pi\u00f9 grigi.<\/p>\n<p>\u00c8 cos\u00ec che il consumatore finale pu\u00f2 dire che un particolare contenitore \u00e8 stato riciclato. Proprio come con la carta riciclata, anche la colorazione leggermente grigia di una bottiglia in PET pu\u00f2 diventare un simbolo di sostenibilit\u00e0 e consapevolezza ambientale e attrarre in futuro sempre pi\u00f9 gruppi target.<\/p>\n<p>Ottieni il tuo Siero Viso Aloe Vera CBD e inizia a lenire e rigenerare la tua pelle oggi<\/p>\n","protected":false},"excerpt":{"rendered":"<ul>\n<li><strong><span style=\"color: #ff0000;\">OFFERTA LIMITATA<\/span><\/strong><\/li>\n<li>Siero Viso a 2 fasi per la pelle stressata<\/li>\n<li>Fase 1: cura idratante<\/li>\n<li>Fase 2: Protezione rigenerante<\/li>\n<li>Con il 50% di gel di aloe vera, olio di semi di cannabis sativa biologico e CBD<\/li>\n<li>I barattoli e le bottiglie sono realizzati con il materiale sostenibile rPET<\/li>\n<li>Quantit\u00e0: 30 ml<\/li>\n<\/ul>\n<p><span style=\"color: #ff0000;\"><a style=\"color: #ff0000;\" href=\"https:\/\/shop.lrworld.com\/openpao?PHP=0vFlt7jT938BEnBI3a6e9w%3D%3D\"><span style=\"font-size: 14pt;\"><strong>Registrati ora e risparmia il 35% su ogni ordine<\/strong><\/span><\/a><\/span><\/p>\n","protected":false},"featured_media":4916,"comment_status":"open","ping_status":"closed","template":"","meta":{"_kad_blocks_custom_css":"","_kad_blocks_head_custom_js":"","_kad_blocks_body_custom_js":"","_kad_blocks_footer_custom_js":"","_kadence_starter_templates_imported_post":false,"_kad_post_transparent":"default","_kad_post_title":"","_kad_post_layout":"default","_kad_post_sidebar_id":"","_kad_post_content_style":"default","_kad_post_vertical_padding":"default","_kad_post_feature":"","_kad_post_feature_position":"","_kad_post_header":false,"_kad_post_footer":false,"_kad_post_classname":""},"product_brand":[],"product_cat":[214,234,239,353],"product_tag":[599,659],"class_list":{"0":"post-10431","1":"product","2":"type-product","3":"status-publish","4":"has-post-thumbnail","6":"product_cat-aloe-vera-it","7":"product_cat-cbd-it","8":"product_cat-cura-del-viso","9":"product_cat-offerte","10":"product_tag-prodotti-cbd","11":"product_tag-prodotti-per-la-cura-del-viso","13":"first","14":"outofstock","15":"sale","16":"taxable","17":"shipping-taxable","18":"purchasable","19":"product-type-simple","20":"entry","21":"content-bg","22":"loop-entry"},"yoast_head":"<!-- This site is optimized with the Yoast SEO Premium plugin v27.5 (Yoast SEO v27.5) - https:\/\/yoast.com\/product\/yoast-seo-premium-wordpress\/ -->\n<title>Siero viso Aloe Vera CBD - Pi\u00f9 benessere e rituali di cura<\/title>\n<meta name=\"description\" content=\"Siero viso Aloe Vera CBD a 2 fasi per la pelle stressata con il 50% di gel di aloe vera, olio di semi di cannabis sativa biologico e CBD. Effetto rilassante\" \/>\n<meta name=\"robots\" content=\"index, follow, max-snippet:-1, max-image-preview:large, max-video-preview:-1\" \/>\n<link rel=\"canonical\" href=\"https:\/\/www.lraloeverashop.eu\/it\/prodotto\/siero-viso-aloe-vera-cbd\/\" \/>\n<meta property=\"og:locale\" content=\"it_IT\" \/>\n<meta property=\"og:type\" content=\"article\" \/>\n<meta property=\"og:title\" content=\"Siero viso Aloe Vera CBD\" \/>\n<meta property=\"og:description\" content=\"Siero viso Aloe Vera CBD a 2 fasi per la pelle stressata con il 50% di gel di aloe vera, olio di semi di cannabis sativa biologico e CBD. Effetto rilassante\" \/>\n<meta property=\"og:url\" content=\"https:\/\/www.lraloeverashop.eu\/it\/prodotto\/siero-viso-aloe-vera-cbd\/\" \/>\n<meta property=\"og:site_name\" content=\"Lr Negozio di Aloe Vera\" \/>\n<meta property=\"article:publisher\" content=\"https:\/\/www.facebook.com\/lraloeverashop.eu\" \/>\n<meta property=\"article:modified_time\" content=\"2026-02-03T19:41:37+00:00\" \/>\n<meta property=\"og:image\" content=\"https:\/\/www.lraloeverashop.eu\/wp-content\/uploads\/2022\/10\/Lr-Aloe-Vera-CBD-Bi-Phase-Face-Serum.jpg\" \/>\n\t<meta property=\"og:image:width\" content=\"1200\" \/>\n\t<meta property=\"og:image:height\" content=\"1200\" \/>\n\t<meta property=\"og:image:type\" content=\"image\/jpeg\" \/>\n<meta name=\"twitter:card\" content=\"summary_large_image\" \/>\n<meta name=\"twitter:site\" content=\"@natur__kosmetik\" \/>\n<script type=\"application\/ld+json\" class=\"yoast-schema-graph\">{\"@context\":\"https:\\\/\\\/schema.org\",\"@graph\":[{\"@type\":[\"WebPage\",\"ItemPage\"],\"@id\":\"https:\\\/\\\/www.lraloeverashop.eu\\\/it\\\/prodotto\\\/siero-viso-aloe-vera-cbd\\\/\",\"url\":\"https:\\\/\\\/www.lraloeverashop.eu\\\/it\\\/prodotto\\\/siero-viso-aloe-vera-cbd\\\/\",\"name\":\"Siero viso Aloe Vera CBD - Pi\u00f9 benessere e rituali di cura\",\"isPartOf\":{\"@id\":\"https:\\\/\\\/www.lraloeverashop.eu\\\/it\\\/#website\"},\"primaryImageOfPage\":{\"@id\":\"https:\\\/\\\/www.lraloeverashop.eu\\\/it\\\/prodotto\\\/siero-viso-aloe-vera-cbd\\\/#primaryimage\"},\"image\":{\"@id\":\"https:\\\/\\\/www.lraloeverashop.eu\\\/it\\\/prodotto\\\/siero-viso-aloe-vera-cbd\\\/#primaryimage\"},\"thumbnailUrl\":\"https:\\\/\\\/www.lraloeverashop.eu\\\/wp-content\\\/uploads\\\/2022\\\/10\\\/Lr-Aloe-Vera-CBD-Bi-Phase-Face-Serum.jpg\",\"datePublished\":\"2022-10-10T20:32:47+00:00\",\"dateModified\":\"2026-02-03T19:41:37+00:00\",\"description\":\"Siero viso Aloe Vera CBD a 2 fasi per la pelle stressata con il 50% di gel di aloe vera, olio di semi di cannabis sativa biologico e CBD. Effetto rilassante\",\"breadcrumb\":{\"@id\":\"https:\\\/\\\/www.lraloeverashop.eu\\\/it\\\/prodotto\\\/siero-viso-aloe-vera-cbd\\\/#breadcrumb\"},\"inLanguage\":\"it-IT\",\"potentialAction\":[{\"@type\":\"ReadAction\",\"target\":[\"https:\\\/\\\/www.lraloeverashop.eu\\\/it\\\/prodotto\\\/siero-viso-aloe-vera-cbd\\\/\"]}]},{\"@type\":\"ImageObject\",\"inLanguage\":\"it-IT\",\"@id\":\"https:\\\/\\\/www.lraloeverashop.eu\\\/it\\\/prodotto\\\/siero-viso-aloe-vera-cbd\\\/#primaryimage\",\"url\":\"https:\\\/\\\/www.lraloeverashop.eu\\\/wp-content\\\/uploads\\\/2022\\\/10\\\/Lr-Aloe-Vera-CBD-Bi-Phase-Face-Serum.jpg\",\"contentUrl\":\"https:\\\/\\\/www.lraloeverashop.eu\\\/wp-content\\\/uploads\\\/2022\\\/10\\\/Lr-Aloe-Vera-CBD-Bi-Phase-Face-Serum.jpg\",\"width\":1200,\"height\":1200,\"caption\":\"Siero viso bifase al CBD all'aloe vera\"},{\"@type\":\"BreadcrumbList\",\"@id\":\"https:\\\/\\\/www.lraloeverashop.eu\\\/it\\\/prodotto\\\/siero-viso-aloe-vera-cbd\\\/#breadcrumb\",\"itemListElement\":[{\"@type\":\"ListItem\",\"position\":1,\"name\":\"Home\",\"item\":\"https:\\\/\\\/www.lraloeverashop.eu\\\/it\\\/\"},{\"@type\":\"ListItem\",\"position\":2,\"name\":\"Negozio\",\"item\":\"https:\\\/\\\/www.lraloeverashop.eu\\\/it\\\/negozio\\\/\"},{\"@type\":\"ListItem\",\"position\":3,\"name\":\"Siero viso Aloe Vera CBD\"}]},{\"@type\":\"WebSite\",\"@id\":\"https:\\\/\\\/www.lraloeverashop.eu\\\/it\\\/#website\",\"url\":\"https:\\\/\\\/www.lraloeverashop.eu\\\/it\\\/\",\"name\":\"Lr Negozio di Aloe Vera\",\"description\":\"High Quality Lr Aloe Vera Gel, Aloe Vera Cream and Shampoo\",\"publisher\":{\"@id\":\"https:\\\/\\\/www.lraloeverashop.eu\\\/it\\\/#organization\"},\"alternateName\":\"LR\",\"potentialAction\":[{\"@type\":\"SearchAction\",\"target\":{\"@type\":\"EntryPoint\",\"urlTemplate\":\"https:\\\/\\\/www.lraloeverashop.eu\\\/it\\\/?s={search_term_string}\"},\"query-input\":{\"@type\":\"PropertyValueSpecification\",\"valueRequired\":true,\"valueName\":\"search_term_string\"}}],\"inLanguage\":\"it-IT\"},{\"@type\":\"Organization\",\"@id\":\"https:\\\/\\\/www.lraloeverashop.eu\\\/it\\\/#organization\",\"name\":\"Negozio di Lr Aloe Vera\",\"alternateName\":\"LR\",\"url\":\"https:\\\/\\\/www.lraloeverashop.eu\\\/it\\\/\",\"logo\":{\"@type\":\"ImageObject\",\"inLanguage\":\"it-IT\",\"@id\":\"https:\\\/\\\/www.lraloeverashop.eu\\\/it\\\/#\\\/schema\\\/logo\\\/image\\\/\",\"url\":\"https:\\\/\\\/www.lraloeverashop.eu\\\/wp-content\\\/uploads\\\/2022\\\/09\\\/cropped-Lr-Aloe-Vera-Shop.jpg\",\"contentUrl\":\"https:\\\/\\\/www.lraloeverashop.eu\\\/wp-content\\\/uploads\\\/2022\\\/09\\\/cropped-Lr-Aloe-Vera-Shop.jpg\",\"width\":228,\"height\":76,\"caption\":\"Negozio di Lr Aloe Vera\"},\"image\":{\"@id\":\"https:\\\/\\\/www.lraloeverashop.eu\\\/it\\\/#\\\/schema\\\/logo\\\/image\\\/\"},\"sameAs\":[\"https:\\\/\\\/www.facebook.com\\\/lraloeverashop.eu\",\"https:\\\/\\\/x.com\\\/natur__kosmetik\",\"https:\\\/\\\/www.youtube.com\\\/channel\\\/UC5oN7BJ8nfYb8RpVtjwDEBA\",\"https:\\\/\\\/www.instagram.com\\\/lrbeautyeu\\\/\"],\"description\":\"Negozio di Lr Aloe Vera \u00e8 il tuo punto di riferimento per i prodotti LR Health & Beauty di alta qualit\u00e0, realizzati in Germania. Offriamo soluzioni per la cura della pelle, l'alimentazione e l'anti-et\u00e0 a base di Aloe Vera, formulate con ingredienti puri e supportate da ricerche scientifiche. Scopri una cura naturale che rigenera, protegge e rivitalizza la tua pelle e approfitta delle esclusive offerte mensili sui nostri prodotti LR Aloe Vera pi\u00f9 venduti.\\nInizia oggi il tuo percorso di cura della pelle naturale e senti la differenza.\",\"email\":\"info@lraloeverashop.eu\",\"telephone\":\"+49 17670609653\",\"legalName\":\"Lr Aloe Vera Shop\",\"foundingDate\":\"2018-04-21\",\"numberOfEmployees\":{\"@type\":\"QuantitativeValue\",\"minValue\":\"1\",\"maxValue\":\"10\"}}]}<\/script>\n<meta property=\"product:price:amount\" content=\"18.99\" \/>\n<meta property=\"product:price:currency\" content=\"EUR\" \/>\n<meta property=\"og:availability\" content=\"out of stock\" \/>\n<meta property=\"product:availability\" content=\"out of stock\" \/>\n<meta property=\"product:retailer_item_id\" content=\"20818-1IT\" \/>\n<meta property=\"product:condition\" content=\"new\" \/>\n<!-- \/ Yoast SEO Premium plugin. -->","yoast_head_json":{"title":"Siero viso Aloe Vera CBD - Pi\u00f9 benessere e rituali di cura","description":"Siero viso Aloe Vera CBD a 2 fasi per la pelle stressata con il 50% di gel di aloe vera, olio di semi di cannabis sativa biologico e CBD. Effetto rilassante","robots":{"index":"index","follow":"follow","max-snippet":"max-snippet:-1","max-image-preview":"max-image-preview:large","max-video-preview":"max-video-preview:-1"},"canonical":"https:\/\/www.lraloeverashop.eu\/it\/prodotto\/siero-viso-aloe-vera-cbd\/","og_locale":"it_IT","og_type":"article","og_title":"Siero viso Aloe Vera CBD","og_description":"Siero viso Aloe Vera CBD a 2 fasi per la pelle stressata con il 50% di gel di aloe vera, olio di semi di cannabis sativa biologico e CBD. Effetto rilassante","og_url":"https:\/\/www.lraloeverashop.eu\/it\/prodotto\/siero-viso-aloe-vera-cbd\/","og_site_name":"Lr Negozio di Aloe Vera","article_publisher":"https:\/\/www.facebook.com\/lraloeverashop.eu","article_modified_time":"2026-02-03T19:41:37+00:00","og_image":[{"width":1200,"height":1200,"url":"https:\/\/www.lraloeverashop.eu\/wp-content\/uploads\/2022\/10\/Lr-Aloe-Vera-CBD-Bi-Phase-Face-Serum.jpg","type":"image\/jpeg"}],"twitter_card":"summary_large_image","twitter_site":"@natur__kosmetik","schema":{"@context":"https:\/\/schema.org","@graph":[{"@type":["WebPage","ItemPage"],"@id":"https:\/\/www.lraloeverashop.eu\/it\/prodotto\/siero-viso-aloe-vera-cbd\/","url":"https:\/\/www.lraloeverashop.eu\/it\/prodotto\/siero-viso-aloe-vera-cbd\/","name":"Siero viso Aloe Vera CBD - Pi\u00f9 benessere e rituali di cura","isPartOf":{"@id":"https:\/\/www.lraloeverashop.eu\/it\/#website"},"primaryImageOfPage":{"@id":"https:\/\/www.lraloeverashop.eu\/it\/prodotto\/siero-viso-aloe-vera-cbd\/#primaryimage"},"image":{"@id":"https:\/\/www.lraloeverashop.eu\/it\/prodotto\/siero-viso-aloe-vera-cbd\/#primaryimage"},"thumbnailUrl":"https:\/\/www.lraloeverashop.eu\/wp-content\/uploads\/2022\/10\/Lr-Aloe-Vera-CBD-Bi-Phase-Face-Serum.jpg","datePublished":"2022-10-10T20:32:47+00:00","dateModified":"2026-02-03T19:41:37+00:00","description":"Siero viso Aloe Vera CBD a 2 fasi per la pelle stressata con il 50% di gel di aloe vera, olio di semi di cannabis sativa biologico e CBD. Effetto rilassante","breadcrumb":{"@id":"https:\/\/www.lraloeverashop.eu\/it\/prodotto\/siero-viso-aloe-vera-cbd\/#breadcrumb"},"inLanguage":"it-IT","potentialAction":[{"@type":"ReadAction","target":["https:\/\/www.lraloeverashop.eu\/it\/prodotto\/siero-viso-aloe-vera-cbd\/"]}]},{"@type":"ImageObject","inLanguage":"it-IT","@id":"https:\/\/www.lraloeverashop.eu\/it\/prodotto\/siero-viso-aloe-vera-cbd\/#primaryimage","url":"https:\/\/www.lraloeverashop.eu\/wp-content\/uploads\/2022\/10\/Lr-Aloe-Vera-CBD-Bi-Phase-Face-Serum.jpg","contentUrl":"https:\/\/www.lraloeverashop.eu\/wp-content\/uploads\/2022\/10\/Lr-Aloe-Vera-CBD-Bi-Phase-Face-Serum.jpg","width":1200,"height":1200,"caption":"Siero viso bifase al CBD all'aloe vera"},{"@type":"BreadcrumbList","@id":"https:\/\/www.lraloeverashop.eu\/it\/prodotto\/siero-viso-aloe-vera-cbd\/#breadcrumb","itemListElement":[{"@type":"ListItem","position":1,"name":"Home","item":"https:\/\/www.lraloeverashop.eu\/it\/"},{"@type":"ListItem","position":2,"name":"Negozio","item":"https:\/\/www.lraloeverashop.eu\/it\/negozio\/"},{"@type":"ListItem","position":3,"name":"Siero viso Aloe Vera CBD"}]},{"@type":"WebSite","@id":"https:\/\/www.lraloeverashop.eu\/it\/#website","url":"https:\/\/www.lraloeverashop.eu\/it\/","name":"Lr Negozio di Aloe Vera","description":"High Quality Lr Aloe Vera Gel, Aloe Vera Cream and Shampoo","publisher":{"@id":"https:\/\/www.lraloeverashop.eu\/it\/#organization"},"alternateName":"LR","potentialAction":[{"@type":"SearchAction","target":{"@type":"EntryPoint","urlTemplate":"https:\/\/www.lraloeverashop.eu\/it\/?s={search_term_string}"},"query-input":{"@type":"PropertyValueSpecification","valueRequired":true,"valueName":"search_term_string"}}],"inLanguage":"it-IT"},{"@type":"Organization","@id":"https:\/\/www.lraloeverashop.eu\/it\/#organization","name":"Negozio di Lr Aloe Vera","alternateName":"LR","url":"https:\/\/www.lraloeverashop.eu\/it\/","logo":{"@type":"ImageObject","inLanguage":"it-IT","@id":"https:\/\/www.lraloeverashop.eu\/it\/#\/schema\/logo\/image\/","url":"https:\/\/www.lraloeverashop.eu\/wp-content\/uploads\/2022\/09\/cropped-Lr-Aloe-Vera-Shop.jpg","contentUrl":"https:\/\/www.lraloeverashop.eu\/wp-content\/uploads\/2022\/09\/cropped-Lr-Aloe-Vera-Shop.jpg","width":228,"height":76,"caption":"Negozio di Lr Aloe Vera"},"image":{"@id":"https:\/\/www.lraloeverashop.eu\/it\/#\/schema\/logo\/image\/"},"sameAs":["https:\/\/www.facebook.com\/lraloeverashop.eu","https:\/\/x.com\/natur__kosmetik","https:\/\/www.youtube.com\/channel\/UC5oN7BJ8nfYb8RpVtjwDEBA","https:\/\/www.instagram.com\/lrbeautyeu\/"],"description":"Negozio di Lr Aloe Vera \u00e8 il tuo punto di riferimento per i prodotti LR Health & Beauty di alta qualit\u00e0, realizzati in Germania. Offriamo soluzioni per la cura della pelle, l'alimentazione e l'anti-et\u00e0 a base di Aloe Vera, formulate con ingredienti puri e supportate da ricerche scientifiche. Scopri una cura naturale che rigenera, protegge e rivitalizza la tua pelle e approfitta delle esclusive offerte mensili sui nostri prodotti LR Aloe Vera pi\u00f9 venduti.\nInizia oggi il tuo percorso di cura della pelle naturale e senti la differenza.","email":"info@lraloeverashop.eu","telephone":"+49 17670609653","legalName":"Lr Aloe Vera Shop","foundingDate":"2018-04-21","numberOfEmployees":{"@type":"QuantitativeValue","minValue":"1","maxValue":"10"}}]},"product_price_amount":"18.99","product_price_currency":"EUR","og_availability":"out of stock","product_availability":"out of stock","product_retailer_item_id":"20818-1IT","product_condition":"new"},"taxonomy_info":{"product_cat":[{"value":214,"label":"Aloe Vera"},{"value":234,"label":"CBD"},{"value":239,"label":"Cura del Viso"},{"value":353,"label":"Offerte"}],"product_tag":[{"value":599,"label":"prodotti CBD"},{"value":659,"label":"Prodotti per la cura del viso"}]},"featured_image_src_large":["https:\/\/www.lraloeverashop.eu\/wp-content\/uploads\/2022\/10\/Lr-Aloe-Vera-CBD-Bi-Phase-Face-Serum-1024x1024.jpg",1024,1024,true],"author_info":[],"comment_info":0,"_links":{"self":[{"href":"https:\/\/www.lraloeverashop.eu\/it\/wp-json\/wp\/v2\/product\/10431","targetHints":{"allow":["GET"]}}],"collection":[{"href":"https:\/\/www.lraloeverashop.eu\/it\/wp-json\/wp\/v2\/product"}],"about":[{"href":"https:\/\/www.lraloeverashop.eu\/it\/wp-json\/wp\/v2\/types\/product"}],"replies":[{"embeddable":true,"href":"https:\/\/www.lraloeverashop.eu\/it\/wp-json\/wp\/v2\/comments?post=10431"}],"wp:featuredmedia":[{"embeddable":true,"href":"https:\/\/www.lraloeverashop.eu\/it\/wp-json\/wp\/v2\/media\/4916"}],"wp:attachment":[{"href":"https:\/\/www.lraloeverashop.eu\/it\/wp-json\/wp\/v2\/media?parent=10431"}],"wp:term":[{"taxonomy":"product_brand","embeddable":true,"href":"https:\/\/www.lraloeverashop.eu\/it\/wp-json\/wp\/v2\/product_brand?post=10431"},{"taxonomy":"product_cat","embeddable":true,"href":"https:\/\/www.lraloeverashop.eu\/it\/wp-json\/wp\/v2\/product_cat?post=10431"},{"taxonomy":"product_tag","embeddable":true,"href":"https:\/\/www.lraloeverashop.eu\/it\/wp-json\/wp\/v2\/product_tag?post=10431"}],"curies":[{"name":"wp","href":"https:\/\/api.w.org\/{rel}","templated":true}]}}