{"id":10283,"date":"2022-10-11T11:33:14","date_gmt":"2022-10-11T09:33:14","guid":{"rendered":"https:\/\/www.lraloeverashop.eu\/product\/dentifricio-aloe-vera-per-bambini\/"},"modified":"2026-02-03T20:38:39","modified_gmt":"2026-02-03T19:38:39","slug":"dentifricio-aloe-vera-per-bambini","status":"publish","type":"product","link":"https:\/\/www.lraloeverashop.eu\/it\/prodotto\/dentifricio-aloe-vera-per-bambini\/","title":{"rendered":"Dentifricio Aloe Vera Per Bambini"},"content":{"rendered":"<h2><strong><span style=\"font-size: 16pt;\">Dentifricio Aloe Vera Per Bambini<\/span><\/strong><\/h2>\n<p><strong><span style=\"font-size: 14pt;\">Dentifricio Aloe Vera Per Bambini &#8211; Denti forti come una tigre!<\/span><\/strong><\/p>\n<p>Il gel dentifricio per bambini pulisce a fondo i denti da latte, lo xilitolo protegge dalla carie e il calcio rafforza lo smalto dei denti &#8211; per denti dei bambini forti e resistenti come quelli di una tigre. Non solo i denti vengono puliti in modo adatto ai bambini, ma anche lavarsi i denti \u00e8 davvero divertente!<\/p>\n<p>&nbsp;<\/p>\n<h3><span style=\"font-size: 16pt;\"><strong>Come usare<\/strong><\/span><\/h3>\n<p>Quando compaiono i primi denti da latte, metti sullo spazzolino umido una quantit\u00e0 pari a un pisello di gel dentifricio per bambini\u00a0 lava i denti e risciacqua bene la bocca. Utilizzare due volte al giorno dall&#8217;et\u00e0 di 2 anni.<\/p>\n<p>Per evitare un&#8217;eccessiva deglutizione, lavarsi i denti solo sotto controllo.<\/p>\n<p>Visita la nostra categoria <a href=\"https:\/\/www.lraloeverashop.eu\/it\/categoria-prodotto\/aloe-vera-it\/cura-del-bambino\/\">Cura del bambino<\/a><\/p>\n","protected":false},"excerpt":{"rendered":"<ul>\n<li>Pulizia delicata e cura dei denti da latte<\/li>\n<li>Il 38% di aloe vera cura le gengive<\/li>\n<li>Lo xilitolo protegge dalla carie e il calcio rafforza lo smalto dei denti<\/li>\n<li>Con un contenuto di fluoro adatto ai bambini e un leggero gusto di menta<\/li>\n<\/ul>\n<p><span style=\"color: #ff0000;\"><a style=\"color: #ff0000;\" href=\"https:\/\/shop.lrworld.com\/openpao?PHP=0vFlt7jT938BEnBI3a6e9w%3D%3D\"><span style=\"font-size: 14pt;\"><strong>Registrati ora e risparmia il 35% su ogni ordine<\/strong><\/span><\/a><\/span><\/p>\n","protected":false},"featured_media":5036,"comment_status":"open","ping_status":"closed","template":"","meta":{"_kad_blocks_custom_css":"","_kad_blocks_head_custom_js":"","_kad_blocks_body_custom_js":"","_kad_blocks_footer_custom_js":"","_kadence_starter_templates_imported_post":false,"_kad_post_transparent":"default","_kad_post_title":"","_kad_post_layout":"default","_kad_post_sidebar_id":"","_kad_post_content_style":"default","_kad_post_vertical_padding":"default","_kad_post_feature":"","_kad_post_feature_position":"","_kad_post_header":false,"_kad_post_footer":false,"_kad_post_classname":""},"product_brand":[],"product_cat":[214,220],"product_tag":[],"class_list":{"0":"post-10283","1":"product","2":"type-product","3":"status-publish","4":"has-post-thumbnail","6":"product_cat-aloe-vera-it","7":"product_cat-cura-del-bambino","9":"first","10":"outofstock","11":"taxable","12":"shipping-taxable","13":"purchasable","14":"product-type-simple","15":"entry","16":"content-bg","17":"loop-entry"},"yoast_head":"<!-- This site is optimized with the Yoast SEO Premium plugin v27.4 (Yoast SEO v27.4) - https:\/\/yoast.com\/product\/yoast-seo-premium-wordpress\/ -->\n<title>Dentifricio Aloe Vera Per Bambini - Denti forti come una tigre!<\/title>\n<meta name=\"description\" content=\"Dentifricio Aloe Vera Per Bambini con 38% di aloe vera cura le gengive. Con un contenuto di fluoro adatto ai bambini e un leggero gusto di menta.\" \/>\n<meta name=\"robots\" content=\"index, follow, max-snippet:-1, max-image-preview:large, max-video-preview:-1\" \/>\n<link rel=\"canonical\" href=\"https:\/\/www.lraloeverashop.eu\/it\/prodotto\/dentifricio-aloe-vera-per-bambini\/\" \/>\n<meta property=\"og:locale\" content=\"it_IT\" \/>\n<meta property=\"og:type\" content=\"article\" \/>\n<meta property=\"og:title\" content=\"Dentifricio Aloe Vera Per Bambini\" \/>\n<meta property=\"og:description\" content=\"Dentifricio Aloe Vera Per Bambini con 38% di aloe vera cura le gengive. Con un contenuto di fluoro adatto ai bambini e un leggero gusto di menta.\" \/>\n<meta property=\"og:url\" content=\"https:\/\/www.lraloeverashop.eu\/it\/prodotto\/dentifricio-aloe-vera-per-bambini\/\" \/>\n<meta property=\"og:site_name\" content=\"Lr Negozio di Aloe Vera\" \/>\n<meta property=\"article:publisher\" content=\"https:\/\/www.facebook.com\/lraloeverashop.eu\" \/>\n<meta property=\"article:modified_time\" content=\"2026-02-03T19:38:39+00:00\" \/>\n<meta property=\"og:image\" content=\"https:\/\/www.lraloeverashop.eu\/wp-content\/uploads\/2022\/10\/Aloe-Vera-tooth-gel-for-kids.jpg\" \/>\n\t<meta property=\"og:image:width\" content=\"1200\" \/>\n\t<meta property=\"og:image:height\" content=\"1200\" \/>\n\t<meta property=\"og:image:type\" content=\"image\/jpeg\" \/>\n<meta name=\"twitter:card\" content=\"summary_large_image\" \/>\n<meta name=\"twitter:site\" content=\"@natur__kosmetik\" \/>\n<script type=\"application\/ld+json\" class=\"yoast-schema-graph\">{\"@context\":\"https:\\\/\\\/schema.org\",\"@graph\":[{\"@type\":[\"WebPage\",\"ItemPage\"],\"@id\":\"https:\\\/\\\/www.lraloeverashop.eu\\\/it\\\/prodotto\\\/dentifricio-aloe-vera-per-bambini\\\/\",\"url\":\"https:\\\/\\\/www.lraloeverashop.eu\\\/it\\\/prodotto\\\/dentifricio-aloe-vera-per-bambini\\\/\",\"name\":\"Dentifricio Aloe Vera Per Bambini - Denti forti come una tigre!\",\"isPartOf\":{\"@id\":\"https:\\\/\\\/www.lraloeverashop.eu\\\/it\\\/#website\"},\"primaryImageOfPage\":{\"@id\":\"https:\\\/\\\/www.lraloeverashop.eu\\\/it\\\/prodotto\\\/dentifricio-aloe-vera-per-bambini\\\/#primaryimage\"},\"image\":{\"@id\":\"https:\\\/\\\/www.lraloeverashop.eu\\\/it\\\/prodotto\\\/dentifricio-aloe-vera-per-bambini\\\/#primaryimage\"},\"thumbnailUrl\":\"https:\\\/\\\/www.lraloeverashop.eu\\\/wp-content\\\/uploads\\\/2022\\\/10\\\/Aloe-Vera-tooth-gel-for-kids.jpg\",\"datePublished\":\"2022-10-11T09:33:14+00:00\",\"dateModified\":\"2026-02-03T19:38:39+00:00\",\"description\":\"Dentifricio Aloe Vera Per Bambini con 38% di aloe vera cura le gengive. Con un contenuto di fluoro adatto ai bambini e un leggero gusto di menta.\",\"breadcrumb\":{\"@id\":\"https:\\\/\\\/www.lraloeverashop.eu\\\/it\\\/prodotto\\\/dentifricio-aloe-vera-per-bambini\\\/#breadcrumb\"},\"inLanguage\":\"it-IT\",\"potentialAction\":[{\"@type\":\"ReadAction\",\"target\":[\"https:\\\/\\\/www.lraloeverashop.eu\\\/it\\\/prodotto\\\/dentifricio-aloe-vera-per-bambini\\\/\"]}]},{\"@type\":\"ImageObject\",\"inLanguage\":\"it-IT\",\"@id\":\"https:\\\/\\\/www.lraloeverashop.eu\\\/it\\\/prodotto\\\/dentifricio-aloe-vera-per-bambini\\\/#primaryimage\",\"url\":\"https:\\\/\\\/www.lraloeverashop.eu\\\/wp-content\\\/uploads\\\/2022\\\/10\\\/Aloe-Vera-tooth-gel-for-kids.jpg\",\"contentUrl\":\"https:\\\/\\\/www.lraloeverashop.eu\\\/wp-content\\\/uploads\\\/2022\\\/10\\\/Aloe-Vera-tooth-gel-for-kids.jpg\",\"width\":1200,\"height\":1200,\"caption\":\"Aloe Vera gel dentifricio per bambini\"},{\"@type\":\"BreadcrumbList\",\"@id\":\"https:\\\/\\\/www.lraloeverashop.eu\\\/it\\\/prodotto\\\/dentifricio-aloe-vera-per-bambini\\\/#breadcrumb\",\"itemListElement\":[{\"@type\":\"ListItem\",\"position\":1,\"name\":\"Home\",\"item\":\"https:\\\/\\\/www.lraloeverashop.eu\\\/it\\\/\"},{\"@type\":\"ListItem\",\"position\":2,\"name\":\"Negozio\",\"item\":\"https:\\\/\\\/www.lraloeverashop.eu\\\/it\\\/negozio\\\/\"},{\"@type\":\"ListItem\",\"position\":3,\"name\":\"Dentifricio Aloe Vera Per Bambini\"}]},{\"@type\":\"WebSite\",\"@id\":\"https:\\\/\\\/www.lraloeverashop.eu\\\/it\\\/#website\",\"url\":\"https:\\\/\\\/www.lraloeverashop.eu\\\/it\\\/\",\"name\":\"Lr Negozio di Aloe Vera\",\"description\":\"High Quality Lr Aloe Vera Gel, Aloe Vera Cream and Shampoo\",\"publisher\":{\"@id\":\"https:\\\/\\\/www.lraloeverashop.eu\\\/it\\\/#organization\"},\"potentialAction\":[{\"@type\":\"SearchAction\",\"target\":{\"@type\":\"EntryPoint\",\"urlTemplate\":\"https:\\\/\\\/www.lraloeverashop.eu\\\/it\\\/?s={search_term_string}\"},\"query-input\":{\"@type\":\"PropertyValueSpecification\",\"valueRequired\":true,\"valueName\":\"search_term_string\"}}],\"inLanguage\":\"it-IT\"},{\"@type\":\"Organization\",\"@id\":\"https:\\\/\\\/www.lraloeverashop.eu\\\/it\\\/#organization\",\"name\":\"Negozio di Lr Aloe Vera\",\"alternateName\":\"LR\",\"url\":\"https:\\\/\\\/www.lraloeverashop.eu\\\/it\\\/\",\"logo\":{\"@type\":\"ImageObject\",\"inLanguage\":\"it-IT\",\"@id\":\"https:\\\/\\\/www.lraloeverashop.eu\\\/it\\\/#\\\/schema\\\/logo\\\/image\\\/\",\"url\":\"https:\\\/\\\/www.lraloeverashop.eu\\\/wp-content\\\/uploads\\\/2022\\\/09\\\/cropped-Lr-Aloe-Vera-Shop.jpg\",\"contentUrl\":\"https:\\\/\\\/www.lraloeverashop.eu\\\/wp-content\\\/uploads\\\/2022\\\/09\\\/cropped-Lr-Aloe-Vera-Shop.jpg\",\"width\":228,\"height\":76,\"caption\":\"Negozio di Lr Aloe Vera\"},\"image\":{\"@id\":\"https:\\\/\\\/www.lraloeverashop.eu\\\/it\\\/#\\\/schema\\\/logo\\\/image\\\/\"},\"sameAs\":[\"https:\\\/\\\/www.facebook.com\\\/lraloeverashop.eu\",\"https:\\\/\\\/x.com\\\/natur__kosmetik\",\"https:\\\/\\\/www.youtube.com\\\/channel\\\/UC5oN7BJ8nfYb8RpVtjwDEBA\",\"https:\\\/\\\/www.instagram.com\\\/lrbeautyeu\\\/\"],\"description\":\"Negozio di Lr Aloe Vera \u00e8 il tuo punto di riferimento per i prodotti LR Health & Beauty di alta qualit\u00e0, realizzati in Germania. Offriamo soluzioni per la cura della pelle, l'alimentazione e l'anti-et\u00e0 a base di Aloe Vera, formulate con ingredienti puri e supportate da ricerche scientifiche. Scopri una cura naturale che rigenera, protegge e rivitalizza la tua pelle e approfitta delle esclusive offerte mensili sui nostri prodotti LR Aloe Vera pi\u00f9 venduti.\\nInizia oggi il tuo percorso di cura della pelle naturale e senti la differenza.\",\"email\":\"info@lraloeverashop.eu\",\"telephone\":\"+49 17670609653\",\"legalName\":\"Lr Aloe Vera Shop\",\"foundingDate\":\"2018-04-21\",\"numberOfEmployees\":{\"@type\":\"QuantitativeValue\",\"minValue\":\"1\",\"maxValue\":\"10\"}}]}<\/script>\n<meta property=\"product:price:amount\" content=\"6.20\" \/>\n<meta property=\"product:price:currency\" content=\"EUR\" \/>\n<meta property=\"og:availability\" content=\"out of stock\" \/>\n<meta property=\"product:availability\" content=\"out of stock\" \/>\n<meta property=\"product:retailer_item_id\" content=\"20329-1IT\" \/>\n<meta property=\"product:condition\" content=\"new\" \/>\n<!-- \/ Yoast SEO Premium plugin. -->","yoast_head_json":{"title":"Dentifricio Aloe Vera Per Bambini - Denti forti come una tigre!","description":"Dentifricio Aloe Vera Per Bambini con 38% di aloe vera cura le gengive. Con un contenuto di fluoro adatto ai bambini e un leggero gusto di menta.","robots":{"index":"index","follow":"follow","max-snippet":"max-snippet:-1","max-image-preview":"max-image-preview:large","max-video-preview":"max-video-preview:-1"},"canonical":"https:\/\/www.lraloeverashop.eu\/it\/prodotto\/dentifricio-aloe-vera-per-bambini\/","og_locale":"it_IT","og_type":"article","og_title":"Dentifricio Aloe Vera Per Bambini","og_description":"Dentifricio Aloe Vera Per Bambini con 38% di aloe vera cura le gengive. Con un contenuto di fluoro adatto ai bambini e un leggero gusto di menta.","og_url":"https:\/\/www.lraloeverashop.eu\/it\/prodotto\/dentifricio-aloe-vera-per-bambini\/","og_site_name":"Lr Negozio di Aloe Vera","article_publisher":"https:\/\/www.facebook.com\/lraloeverashop.eu","article_modified_time":"2026-02-03T19:38:39+00:00","og_image":[{"width":1200,"height":1200,"url":"https:\/\/www.lraloeverashop.eu\/wp-content\/uploads\/2022\/10\/Aloe-Vera-tooth-gel-for-kids.jpg","type":"image\/jpeg"}],"twitter_card":"summary_large_image","twitter_site":"@natur__kosmetik","schema":{"@context":"https:\/\/schema.org","@graph":[{"@type":["WebPage","ItemPage"],"@id":"https:\/\/www.lraloeverashop.eu\/it\/prodotto\/dentifricio-aloe-vera-per-bambini\/","url":"https:\/\/www.lraloeverashop.eu\/it\/prodotto\/dentifricio-aloe-vera-per-bambini\/","name":"Dentifricio Aloe Vera Per Bambini - Denti forti come una tigre!","isPartOf":{"@id":"https:\/\/www.lraloeverashop.eu\/it\/#website"},"primaryImageOfPage":{"@id":"https:\/\/www.lraloeverashop.eu\/it\/prodotto\/dentifricio-aloe-vera-per-bambini\/#primaryimage"},"image":{"@id":"https:\/\/www.lraloeverashop.eu\/it\/prodotto\/dentifricio-aloe-vera-per-bambini\/#primaryimage"},"thumbnailUrl":"https:\/\/www.lraloeverashop.eu\/wp-content\/uploads\/2022\/10\/Aloe-Vera-tooth-gel-for-kids.jpg","datePublished":"2022-10-11T09:33:14+00:00","dateModified":"2026-02-03T19:38:39+00:00","description":"Dentifricio Aloe Vera Per Bambini con 38% di aloe vera cura le gengive. Con un contenuto di fluoro adatto ai bambini e un leggero gusto di menta.","breadcrumb":{"@id":"https:\/\/www.lraloeverashop.eu\/it\/prodotto\/dentifricio-aloe-vera-per-bambini\/#breadcrumb"},"inLanguage":"it-IT","potentialAction":[{"@type":"ReadAction","target":["https:\/\/www.lraloeverashop.eu\/it\/prodotto\/dentifricio-aloe-vera-per-bambini\/"]}]},{"@type":"ImageObject","inLanguage":"it-IT","@id":"https:\/\/www.lraloeverashop.eu\/it\/prodotto\/dentifricio-aloe-vera-per-bambini\/#primaryimage","url":"https:\/\/www.lraloeverashop.eu\/wp-content\/uploads\/2022\/10\/Aloe-Vera-tooth-gel-for-kids.jpg","contentUrl":"https:\/\/www.lraloeverashop.eu\/wp-content\/uploads\/2022\/10\/Aloe-Vera-tooth-gel-for-kids.jpg","width":1200,"height":1200,"caption":"Aloe Vera gel dentifricio per bambini"},{"@type":"BreadcrumbList","@id":"https:\/\/www.lraloeverashop.eu\/it\/prodotto\/dentifricio-aloe-vera-per-bambini\/#breadcrumb","itemListElement":[{"@type":"ListItem","position":1,"name":"Home","item":"https:\/\/www.lraloeverashop.eu\/it\/"},{"@type":"ListItem","position":2,"name":"Negozio","item":"https:\/\/www.lraloeverashop.eu\/it\/negozio\/"},{"@type":"ListItem","position":3,"name":"Dentifricio Aloe Vera Per Bambini"}]},{"@type":"WebSite","@id":"https:\/\/www.lraloeverashop.eu\/it\/#website","url":"https:\/\/www.lraloeverashop.eu\/it\/","name":"Lr Negozio di Aloe Vera","description":"High Quality Lr Aloe Vera Gel, Aloe Vera Cream and Shampoo","publisher":{"@id":"https:\/\/www.lraloeverashop.eu\/it\/#organization"},"potentialAction":[{"@type":"SearchAction","target":{"@type":"EntryPoint","urlTemplate":"https:\/\/www.lraloeverashop.eu\/it\/?s={search_term_string}"},"query-input":{"@type":"PropertyValueSpecification","valueRequired":true,"valueName":"search_term_string"}}],"inLanguage":"it-IT"},{"@type":"Organization","@id":"https:\/\/www.lraloeverashop.eu\/it\/#organization","name":"Negozio di Lr Aloe Vera","alternateName":"LR","url":"https:\/\/www.lraloeverashop.eu\/it\/","logo":{"@type":"ImageObject","inLanguage":"it-IT","@id":"https:\/\/www.lraloeverashop.eu\/it\/#\/schema\/logo\/image\/","url":"https:\/\/www.lraloeverashop.eu\/wp-content\/uploads\/2022\/09\/cropped-Lr-Aloe-Vera-Shop.jpg","contentUrl":"https:\/\/www.lraloeverashop.eu\/wp-content\/uploads\/2022\/09\/cropped-Lr-Aloe-Vera-Shop.jpg","width":228,"height":76,"caption":"Negozio di Lr Aloe Vera"},"image":{"@id":"https:\/\/www.lraloeverashop.eu\/it\/#\/schema\/logo\/image\/"},"sameAs":["https:\/\/www.facebook.com\/lraloeverashop.eu","https:\/\/x.com\/natur__kosmetik","https:\/\/www.youtube.com\/channel\/UC5oN7BJ8nfYb8RpVtjwDEBA","https:\/\/www.instagram.com\/lrbeautyeu\/"],"description":"Negozio di Lr Aloe Vera \u00e8 il tuo punto di riferimento per i prodotti LR Health & Beauty di alta qualit\u00e0, realizzati in Germania. Offriamo soluzioni per la cura della pelle, l'alimentazione e l'anti-et\u00e0 a base di Aloe Vera, formulate con ingredienti puri e supportate da ricerche scientifiche. Scopri una cura naturale che rigenera, protegge e rivitalizza la tua pelle e approfitta delle esclusive offerte mensili sui nostri prodotti LR Aloe Vera pi\u00f9 venduti.\nInizia oggi il tuo percorso di cura della pelle naturale e senti la differenza.","email":"info@lraloeverashop.eu","telephone":"+49 17670609653","legalName":"Lr Aloe Vera Shop","foundingDate":"2018-04-21","numberOfEmployees":{"@type":"QuantitativeValue","minValue":"1","maxValue":"10"}}]},"product_price_amount":"6.20","product_price_currency":"EUR","og_availability":"out of stock","product_availability":"out of stock","product_retailer_item_id":"20329-1IT","product_condition":"new"},"taxonomy_info":{"product_cat":[{"value":214,"label":"Aloe Vera"},{"value":220,"label":"Cura del Bambino"}]},"featured_image_src_large":["https:\/\/www.lraloeverashop.eu\/wp-content\/uploads\/2022\/10\/Aloe-Vera-tooth-gel-for-kids-1024x1024.jpg",1024,1024,true],"author_info":[],"comment_info":0,"_links":{"self":[{"href":"https:\/\/www.lraloeverashop.eu\/it\/wp-json\/wp\/v2\/product\/10283","targetHints":{"allow":["GET"]}}],"collection":[{"href":"https:\/\/www.lraloeverashop.eu\/it\/wp-json\/wp\/v2\/product"}],"about":[{"href":"https:\/\/www.lraloeverashop.eu\/it\/wp-json\/wp\/v2\/types\/product"}],"replies":[{"embeddable":true,"href":"https:\/\/www.lraloeverashop.eu\/it\/wp-json\/wp\/v2\/comments?post=10283"}],"wp:featuredmedia":[{"embeddable":true,"href":"https:\/\/www.lraloeverashop.eu\/it\/wp-json\/wp\/v2\/media\/5036"}],"wp:attachment":[{"href":"https:\/\/www.lraloeverashop.eu\/it\/wp-json\/wp\/v2\/media?parent=10283"}],"wp:term":[{"taxonomy":"product_brand","embeddable":true,"href":"https:\/\/www.lraloeverashop.eu\/it\/wp-json\/wp\/v2\/product_brand?post=10283"},{"taxonomy":"product_cat","embeddable":true,"href":"https:\/\/www.lraloeverashop.eu\/it\/wp-json\/wp\/v2\/product_cat?post=10283"},{"taxonomy":"product_tag","embeddable":true,"href":"https:\/\/www.lraloeverashop.eu\/it\/wp-json\/wp\/v2\/product_tag?post=10283"}],"curies":[{"name":"wp","href":"https:\/\/api.w.org\/{rel}","templated":true}]}}