{"id":10078,"date":"2022-10-11T20:44:35","date_gmt":"2022-10-11T18:44:35","guid":{"rendered":"https:\/\/www.lraloeverashop.eu\/product\/aloe-vera-gel-da-bere-al-miele\/"},"modified":"2026-02-03T20:34:54","modified_gmt":"2026-02-03T19:34:54","slug":"aloe-vera-gel-da-bere-al-miele","status":"publish","type":"product","link":"https:\/\/www.lraloeverashop.eu\/it\/prodotto\/aloe-vera-gel-da-bere-al-miele\/","title":{"rendered":"Aloe Vera Gel Da Bere al Miele"},"content":{"rendered":"<h2><span style=\"font-size: 16pt;\"><strong>Aloe Vera Gel Da Bere al Miele<\/strong><\/span><\/h2>\n<p><span style=\"font-size: 14pt;\"><strong>Aloe Vera Gel Da Bere al Miele Eliminana le tossine nel tuo corpo<\/strong><\/span><\/p>\n<p>Lo sapevi che il Lr Aloe Vera Gel da bere al Miele da <a href=\"https:\/\/shop.lrworld.com\/home\/IT\/it?PHP=0vFlt7jT938BEnBI3a6e9w%3D%3D\">Lr Health &amp; Beauty<\/a> pu\u00f2 aiutare idealmente a migliorare la tua salute e il benessere? L&#8217;Aloe Vera \u00e8 uno dei prodotti pi\u00f9 ammirati ed efficaci quando si tratta di <a href=\"https:\/\/www.lraloeverashop.eu\/it\/colostro-bovino-benefici-immunitari\/\">ottima salute<\/a> e benessere generale.<\/p>\n<p><a href=\"https:\/\/www.lraloeverashop.eu\/it\/prodotto\/aloe-vera-da-bere-al-miele-3\/\">LR Aloe Vera Gel da bere<\/a> \u00e8 composto da 90% gel puro e organico di Aloe Vera Barbadensis Miller. Puro miele naturale fa un altro 9%, mentre il restante un 1% \u00e8 la vitamina C ed altri componenti. La ricerca suggerisce che il Lr Aloe Vera Gel da bere comprende oltre 200 ingredienti essenziali e naturali che sono <a href=\"https:\/\/www.lraloeverashop.eu\/it\/aloe-vera-da-bere-da-lr-health-beauty\/\">benefici per il tuo corpo<\/a>.<\/p>\n<p>Questi includono vitamine, minerali, <a href=\"https:\/\/www.lraloeverashop.eu\/it\/aloe-vera-gel-da-bere-al-miele\/\">antiossidanti<\/a>, agenti anti-infiammatori, oli naturali, mucopolisaccaridi (zuccheri naturali), enzimi, acidi grassi, bioflavonoidi, antrachiony, aminoacidi, saponine, antisettici e molto altro. E poich\u00e9 il gel \u00e8 prodotto da Lr Health &amp; Beauty, puoi essere certo che tutti gli ingredienti siano puri.<\/p>\n<p>La <a href=\"https:\/\/www.lraloeverashop.eu\/it\/prodotto\/vita-active-frutti-rossi\/\">vitamina C<\/a> contribuisce alla normale funzione del sistema immunitario. \u00c8 anche coinvolto in numerose altre funzioni nel metabolismo del corpo, ad esempio, supporta la formazione di collagene trasmesso al corpo per articolazioni ben funzionanti. **<\/p>\n<p>** La <a href=\"https:\/\/www.lraloeverashop.eu\/it\/prodotto\/gel-aloe-vera-da-bere\/\">vitamina C<\/a> contribuisce alla normale formazione del collagene per la normale funzionalit\u00e0 della cartilagine.<\/p>\n<p>&nbsp;<\/p>\n<h3><span style=\"font-size: 16pt;\"><strong>Come usare quasto Prodotto<\/strong><\/span><\/h3>\n<p><strong>Dosaggio giornaliero consigliato:<\/strong> 30 ml di Aloe Vera Gel da bere al miele 3 volte al giorno, preferibilmente prima dei pasti (puoi mescolarlo con acqua o succo di frutta).<\/p>\n<p><strong>Ricetta consigliata:<\/strong>\u00a0prova il Aloe Vera Gel da berre al miele con un bicchiere di succo d\u2019arancia o mescolalo con un frullato di frutta e verdura fresca.<\/p>\n<p>Agitare Aloe Vera Gel da bere prima dell\u2019uso. Refrigerato e consumato immediatamente dopo l\u2019apertura. Non superare la dose giornaliera raccomandata. Gli <a href=\"https:\/\/www.lraloeverashop.eu\/it\/categoria-prodotto\/base-it\/gel-da-bere-allaloe-vera\/\"><strong>integratori alimentari<\/strong><\/a>\u00a0non sostituiscono una dieta ricca ed equilibrata, combinata con uno stile di vita sana.<br \/>\nTenere il prodotto fuori dalla portata dei bambini.<\/p>\n<p>&nbsp;<\/p>\n<h4><strong><span style=\"font-size: 16pt;\">Lo sapevate?<\/span><\/strong><\/h4>\n<p>23 milioni di foglie di Aloe Vera vengono raccolte ogni anno per LR. Sono coltivati esclusivamente in una zona montuosa del Messico con le migliori condizioni per la crescita. Queste colture crescono completamente senza l\u2019aggiunta di pesticidi e vengono raccolte manualmente.<\/p>\n<p><strong>In LR la qualit\u00e0 va a braccetto con la competenza:<\/strong><\/p>\n<ul>\n<li>Alta qualit\u00e0 del prodotto \u2013 a base di puro gel di foglie di Aloe Vera, senza aloina*<\/li>\n<li>Coltivazione sostenibile in Messico<\/li>\n<li>Rispetto dell&#8217;ambiente e della normativa vigente<\/li>\n<\/ul>\n<p><strong>Un&#8217;esperienza grandiosa:<\/strong><\/p>\n<ul>\n<li>LR \u00e8 un esperto di Aloe Vera da oltre 20 anni<\/li>\n<li>Produzione interna in uno dei pi\u00f9 moderni siti produttivi dedicati all&#8217;Aloe Vera in Germania<\/li>\n<li>Collaborazione con rinomati esperti<\/li>\n<\/ul>\n<p><strong>Supporto e piacere:<\/strong><\/p>\n<p>Aloe Vera Gel Da Bere al Miele ti da il supporto di cui hai bisogno per affrontare tutte le situazioni della vita. Inoltre, i gel da bere LR sono deliziosi. Varia i piaceri con i loro diversi sapori.<\/p>\n","protected":false},"excerpt":{"rendered":"<ul>\n<li>Contiene 90% puro gel di foglia di Aloe Vera<\/li>\n<li>9% prezioso miele di fiori<\/li>\n<li>Eliminana le tossine nel tuo corpo<\/li>\n<li>Migliora l&#8217;immunit\u00e0 del corpo<\/li>\n<li>La razione giornaliera copre il 75% della dose raccomandata di vitamina C<\/li>\n<li>Quantit\u00e0: 1000 ml<\/li>\n<\/ul>\n<p><span style=\"color: #ff0000;\"><a style=\"color: #ff0000;\" href=\"https:\/\/shop.lrworld.com\/openpao?PHP=0vFlt7jT938BEnBI3a6e9w%3D%3D\"><span style=\"font-size: 14pt;\"><strong>Registrati ora e risparmia il 35% su ogni ordine<\/strong><\/span><\/a><\/span><\/p>\n","protected":false},"featured_media":4178,"comment_status":"open","ping_status":"closed","template":"","meta":{"_kad_blocks_custom_css":"","_kad_blocks_head_custom_js":"","_kad_blocks_body_custom_js":"","_kad_blocks_footer_custom_js":"","_kadence_starter_templates_imported_post":false,"_kad_post_transparent":"default","_kad_post_title":"","_kad_post_layout":"default","_kad_post_sidebar_id":"","_kad_post_content_style":"default","_kad_post_vertical_padding":"default","_kad_post_feature":"","_kad_post_feature_position":"","_kad_post_header":false,"_kad_post_footer":false,"_kad_post_classname":""},"product_brand":[],"product_cat":[400,293,436,466],"product_tag":[602],"class_list":{"0":"post-10078","1":"product","2":"type-product","3":"status-publish","4":"has-post-thumbnail","6":"product_cat-base-it","7":"product_cat-gel-da-bere-allaloe-vera","8":"product_cat-intestino-e-digestione","9":"product_cat-nutrizionisti","10":"product_tag-bevande-disintossicanti","12":"first","13":"instock","14":"taxable","15":"shipping-taxable","16":"purchasable","17":"product-type-simple","18":"entry","19":"content-bg","20":"loop-entry"},"yoast_head":"<!-- This site is optimized with the Yoast SEO Premium plugin v27.4 (Yoast SEO v27.4) - https:\/\/yoast.com\/product\/yoast-seo-premium-wordpress\/ -->\n<title>Aloe Vera Gel Da Bere al Miele Eliminana le tossine nel tuo corpo<\/title>\n<meta name=\"description\" content=\"Aloe Vera Gel da bere al Miele \u00e8 composto per il 90% da gel di aloe vera puro e biologico di Barbadensis Miller. Il puro miele naturale ne fa un altro 9%.\" \/>\n<meta name=\"robots\" content=\"index, follow, max-snippet:-1, max-image-preview:large, max-video-preview:-1\" \/>\n<link rel=\"canonical\" href=\"https:\/\/www.lraloeverashop.eu\/it\/prodotto\/aloe-vera-gel-da-bere-al-miele\/\" \/>\n<meta property=\"og:locale\" content=\"it_IT\" \/>\n<meta property=\"og:type\" content=\"article\" \/>\n<meta property=\"og:title\" content=\"Aloe Vera Gel Da Bere al Miele\" \/>\n<meta property=\"og:description\" content=\"Aloe Vera Gel da bere al Miele \u00e8 composto per il 90% da gel di aloe vera puro e biologico di Barbadensis Miller. Il puro miele naturale ne fa un altro 9%.\" \/>\n<meta property=\"og:url\" content=\"https:\/\/www.lraloeverashop.eu\/it\/prodotto\/aloe-vera-gel-da-bere-al-miele\/\" \/>\n<meta property=\"og:site_name\" content=\"Lr Negozio di Aloe Vera\" \/>\n<meta property=\"article:publisher\" content=\"https:\/\/www.facebook.com\/lraloeverashop.eu\" \/>\n<meta property=\"article:modified_time\" content=\"2026-02-03T19:34:54+00:00\" \/>\n<meta property=\"og:image\" content=\"https:\/\/www.lraloeverashop.eu\/wp-content\/uploads\/2022\/09\/Aloe-Vera-Drinking-Gel-Honey.jpg\" \/>\n\t<meta property=\"og:image:width\" content=\"1200\" \/>\n\t<meta property=\"og:image:height\" content=\"1200\" \/>\n\t<meta property=\"og:image:type\" content=\"image\/jpeg\" \/>\n<meta name=\"twitter:card\" content=\"summary_large_image\" \/>\n<meta name=\"twitter:site\" content=\"@natur__kosmetik\" \/>\n<script type=\"application\/ld+json\" class=\"yoast-schema-graph\">{\"@context\":\"https:\\\/\\\/schema.org\",\"@graph\":[{\"@type\":[\"WebPage\",\"ItemPage\"],\"@id\":\"https:\\\/\\\/www.lraloeverashop.eu\\\/it\\\/prodotto\\\/aloe-vera-gel-da-bere-al-miele\\\/\",\"url\":\"https:\\\/\\\/www.lraloeverashop.eu\\\/it\\\/prodotto\\\/aloe-vera-gel-da-bere-al-miele\\\/\",\"name\":\"Aloe Vera Gel Da Bere al Miele Eliminana le tossine nel tuo corpo\",\"isPartOf\":{\"@id\":\"https:\\\/\\\/www.lraloeverashop.eu\\\/it\\\/#website\"},\"primaryImageOfPage\":{\"@id\":\"https:\\\/\\\/www.lraloeverashop.eu\\\/it\\\/prodotto\\\/aloe-vera-gel-da-bere-al-miele\\\/#primaryimage\"},\"image\":{\"@id\":\"https:\\\/\\\/www.lraloeverashop.eu\\\/it\\\/prodotto\\\/aloe-vera-gel-da-bere-al-miele\\\/#primaryimage\"},\"thumbnailUrl\":\"https:\\\/\\\/www.lraloeverashop.eu\\\/wp-content\\\/uploads\\\/2022\\\/09\\\/Aloe-Vera-Drinking-Gel-Honey.jpg\",\"datePublished\":\"2022-10-11T18:44:35+00:00\",\"dateModified\":\"2026-02-03T19:34:54+00:00\",\"description\":\"Aloe Vera Gel da bere al Miele \u00e8 composto per il 90% da gel di aloe vera puro e biologico di Barbadensis Miller. Il puro miele naturale ne fa un altro 9%.\",\"breadcrumb\":{\"@id\":\"https:\\\/\\\/www.lraloeverashop.eu\\\/it\\\/prodotto\\\/aloe-vera-gel-da-bere-al-miele\\\/#breadcrumb\"},\"inLanguage\":\"it-IT\",\"potentialAction\":[{\"@type\":\"ReadAction\",\"target\":[\"https:\\\/\\\/www.lraloeverashop.eu\\\/it\\\/prodotto\\\/aloe-vera-gel-da-bere-al-miele\\\/\"]}]},{\"@type\":\"ImageObject\",\"inLanguage\":\"it-IT\",\"@id\":\"https:\\\/\\\/www.lraloeverashop.eu\\\/it\\\/prodotto\\\/aloe-vera-gel-da-bere-al-miele\\\/#primaryimage\",\"url\":\"https:\\\/\\\/www.lraloeverashop.eu\\\/wp-content\\\/uploads\\\/2022\\\/09\\\/Aloe-Vera-Drinking-Gel-Honey.jpg\",\"contentUrl\":\"https:\\\/\\\/www.lraloeverashop.eu\\\/wp-content\\\/uploads\\\/2022\\\/09\\\/Aloe-Vera-Drinking-Gel-Honey.jpg\",\"width\":1200,\"height\":1200,\"caption\":\"Gel da bere aloe vera miele sostiene la salute\"},{\"@type\":\"BreadcrumbList\",\"@id\":\"https:\\\/\\\/www.lraloeverashop.eu\\\/it\\\/prodotto\\\/aloe-vera-gel-da-bere-al-miele\\\/#breadcrumb\",\"itemListElement\":[{\"@type\":\"ListItem\",\"position\":1,\"name\":\"Home\",\"item\":\"https:\\\/\\\/www.lraloeverashop.eu\\\/it\\\/\"},{\"@type\":\"ListItem\",\"position\":2,\"name\":\"Negozio\",\"item\":\"https:\\\/\\\/www.lraloeverashop.eu\\\/it\\\/negozio\\\/\"},{\"@type\":\"ListItem\",\"position\":3,\"name\":\"Aloe Vera Gel Da Bere al Miele\"}]},{\"@type\":\"WebSite\",\"@id\":\"https:\\\/\\\/www.lraloeverashop.eu\\\/it\\\/#website\",\"url\":\"https:\\\/\\\/www.lraloeverashop.eu\\\/it\\\/\",\"name\":\"Lr Negozio di Aloe Vera\",\"description\":\"High Quality Lr Aloe Vera Gel, Aloe Vera Cream and Shampoo\",\"publisher\":{\"@id\":\"https:\\\/\\\/www.lraloeverashop.eu\\\/it\\\/#organization\"},\"potentialAction\":[{\"@type\":\"SearchAction\",\"target\":{\"@type\":\"EntryPoint\",\"urlTemplate\":\"https:\\\/\\\/www.lraloeverashop.eu\\\/it\\\/?s={search_term_string}\"},\"query-input\":{\"@type\":\"PropertyValueSpecification\",\"valueRequired\":true,\"valueName\":\"search_term_string\"}}],\"inLanguage\":\"it-IT\"},{\"@type\":\"Organization\",\"@id\":\"https:\\\/\\\/www.lraloeverashop.eu\\\/it\\\/#organization\",\"name\":\"Negozio di Lr Aloe Vera\",\"alternateName\":\"LR\",\"url\":\"https:\\\/\\\/www.lraloeverashop.eu\\\/it\\\/\",\"logo\":{\"@type\":\"ImageObject\",\"inLanguage\":\"it-IT\",\"@id\":\"https:\\\/\\\/www.lraloeverashop.eu\\\/it\\\/#\\\/schema\\\/logo\\\/image\\\/\",\"url\":\"https:\\\/\\\/www.lraloeverashop.eu\\\/wp-content\\\/uploads\\\/2022\\\/09\\\/cropped-Lr-Aloe-Vera-Shop.jpg\",\"contentUrl\":\"https:\\\/\\\/www.lraloeverashop.eu\\\/wp-content\\\/uploads\\\/2022\\\/09\\\/cropped-Lr-Aloe-Vera-Shop.jpg\",\"width\":228,\"height\":76,\"caption\":\"Negozio di Lr Aloe Vera\"},\"image\":{\"@id\":\"https:\\\/\\\/www.lraloeverashop.eu\\\/it\\\/#\\\/schema\\\/logo\\\/image\\\/\"},\"sameAs\":[\"https:\\\/\\\/www.facebook.com\\\/lraloeverashop.eu\",\"https:\\\/\\\/x.com\\\/natur__kosmetik\",\"https:\\\/\\\/www.youtube.com\\\/channel\\\/UC5oN7BJ8nfYb8RpVtjwDEBA\",\"https:\\\/\\\/www.instagram.com\\\/lrbeautyeu\\\/\"],\"description\":\"Negozio di Lr Aloe Vera \u00e8 il tuo punto di riferimento per i prodotti LR Health & Beauty di alta qualit\u00e0, realizzati in Germania. Offriamo soluzioni per la cura della pelle, l'alimentazione e l'anti-et\u00e0 a base di Aloe Vera, formulate con ingredienti puri e supportate da ricerche scientifiche. Scopri una cura naturale che rigenera, protegge e rivitalizza la tua pelle e approfitta delle esclusive offerte mensili sui nostri prodotti LR Aloe Vera pi\u00f9 venduti.\\nInizia oggi il tuo percorso di cura della pelle naturale e senti la differenza.\",\"email\":\"info@lraloeverashop.eu\",\"telephone\":\"+49 17670609653\",\"legalName\":\"Lr Aloe Vera Shop\",\"foundingDate\":\"2018-04-21\",\"numberOfEmployees\":{\"@type\":\"QuantitativeValue\",\"minValue\":\"1\",\"maxValue\":\"10\"}}]}<\/script>\n<meta property=\"product:price:amount\" content=\"40.89\" \/>\n<meta property=\"product:price:currency\" content=\"EUR\" \/>\n<meta property=\"og:availability\" content=\"instock\" \/>\n<meta property=\"product:availability\" content=\"instock\" \/>\n<meta property=\"product:retailer_item_id\" content=\"80700-481IT\" \/>\n<meta property=\"product:condition\" content=\"new\" \/>\n<!-- \/ Yoast SEO Premium plugin. -->","yoast_head_json":{"title":"Aloe Vera Gel Da Bere al Miele Eliminana le tossine nel tuo corpo","description":"Aloe Vera Gel da bere al Miele \u00e8 composto per il 90% da gel di aloe vera puro e biologico di Barbadensis Miller. Il puro miele naturale ne fa un altro 9%.","robots":{"index":"index","follow":"follow","max-snippet":"max-snippet:-1","max-image-preview":"max-image-preview:large","max-video-preview":"max-video-preview:-1"},"canonical":"https:\/\/www.lraloeverashop.eu\/it\/prodotto\/aloe-vera-gel-da-bere-al-miele\/","og_locale":"it_IT","og_type":"article","og_title":"Aloe Vera Gel Da Bere al Miele","og_description":"Aloe Vera Gel da bere al Miele \u00e8 composto per il 90% da gel di aloe vera puro e biologico di Barbadensis Miller. Il puro miele naturale ne fa un altro 9%.","og_url":"https:\/\/www.lraloeverashop.eu\/it\/prodotto\/aloe-vera-gel-da-bere-al-miele\/","og_site_name":"Lr Negozio di Aloe Vera","article_publisher":"https:\/\/www.facebook.com\/lraloeverashop.eu","article_modified_time":"2026-02-03T19:34:54+00:00","og_image":[{"width":1200,"height":1200,"url":"https:\/\/www.lraloeverashop.eu\/wp-content\/uploads\/2022\/09\/Aloe-Vera-Drinking-Gel-Honey.jpg","type":"image\/jpeg"}],"twitter_card":"summary_large_image","twitter_site":"@natur__kosmetik","schema":{"@context":"https:\/\/schema.org","@graph":[{"@type":["WebPage","ItemPage"],"@id":"https:\/\/www.lraloeverashop.eu\/it\/prodotto\/aloe-vera-gel-da-bere-al-miele\/","url":"https:\/\/www.lraloeverashop.eu\/it\/prodotto\/aloe-vera-gel-da-bere-al-miele\/","name":"Aloe Vera Gel Da Bere al Miele Eliminana le tossine nel tuo corpo","isPartOf":{"@id":"https:\/\/www.lraloeverashop.eu\/it\/#website"},"primaryImageOfPage":{"@id":"https:\/\/www.lraloeverashop.eu\/it\/prodotto\/aloe-vera-gel-da-bere-al-miele\/#primaryimage"},"image":{"@id":"https:\/\/www.lraloeverashop.eu\/it\/prodotto\/aloe-vera-gel-da-bere-al-miele\/#primaryimage"},"thumbnailUrl":"https:\/\/www.lraloeverashop.eu\/wp-content\/uploads\/2022\/09\/Aloe-Vera-Drinking-Gel-Honey.jpg","datePublished":"2022-10-11T18:44:35+00:00","dateModified":"2026-02-03T19:34:54+00:00","description":"Aloe Vera Gel da bere al Miele \u00e8 composto per il 90% da gel di aloe vera puro e biologico di Barbadensis Miller. Il puro miele naturale ne fa un altro 9%.","breadcrumb":{"@id":"https:\/\/www.lraloeverashop.eu\/it\/prodotto\/aloe-vera-gel-da-bere-al-miele\/#breadcrumb"},"inLanguage":"it-IT","potentialAction":[{"@type":"ReadAction","target":["https:\/\/www.lraloeverashop.eu\/it\/prodotto\/aloe-vera-gel-da-bere-al-miele\/"]}]},{"@type":"ImageObject","inLanguage":"it-IT","@id":"https:\/\/www.lraloeverashop.eu\/it\/prodotto\/aloe-vera-gel-da-bere-al-miele\/#primaryimage","url":"https:\/\/www.lraloeverashop.eu\/wp-content\/uploads\/2022\/09\/Aloe-Vera-Drinking-Gel-Honey.jpg","contentUrl":"https:\/\/www.lraloeverashop.eu\/wp-content\/uploads\/2022\/09\/Aloe-Vera-Drinking-Gel-Honey.jpg","width":1200,"height":1200,"caption":"Gel da bere aloe vera miele sostiene la salute"},{"@type":"BreadcrumbList","@id":"https:\/\/www.lraloeverashop.eu\/it\/prodotto\/aloe-vera-gel-da-bere-al-miele\/#breadcrumb","itemListElement":[{"@type":"ListItem","position":1,"name":"Home","item":"https:\/\/www.lraloeverashop.eu\/it\/"},{"@type":"ListItem","position":2,"name":"Negozio","item":"https:\/\/www.lraloeverashop.eu\/it\/negozio\/"},{"@type":"ListItem","position":3,"name":"Aloe Vera Gel Da Bere al Miele"}]},{"@type":"WebSite","@id":"https:\/\/www.lraloeverashop.eu\/it\/#website","url":"https:\/\/www.lraloeverashop.eu\/it\/","name":"Lr Negozio di Aloe Vera","description":"High Quality Lr Aloe Vera Gel, Aloe Vera Cream and Shampoo","publisher":{"@id":"https:\/\/www.lraloeverashop.eu\/it\/#organization"},"potentialAction":[{"@type":"SearchAction","target":{"@type":"EntryPoint","urlTemplate":"https:\/\/www.lraloeverashop.eu\/it\/?s={search_term_string}"},"query-input":{"@type":"PropertyValueSpecification","valueRequired":true,"valueName":"search_term_string"}}],"inLanguage":"it-IT"},{"@type":"Organization","@id":"https:\/\/www.lraloeverashop.eu\/it\/#organization","name":"Negozio di Lr Aloe Vera","alternateName":"LR","url":"https:\/\/www.lraloeverashop.eu\/it\/","logo":{"@type":"ImageObject","inLanguage":"it-IT","@id":"https:\/\/www.lraloeverashop.eu\/it\/#\/schema\/logo\/image\/","url":"https:\/\/www.lraloeverashop.eu\/wp-content\/uploads\/2022\/09\/cropped-Lr-Aloe-Vera-Shop.jpg","contentUrl":"https:\/\/www.lraloeverashop.eu\/wp-content\/uploads\/2022\/09\/cropped-Lr-Aloe-Vera-Shop.jpg","width":228,"height":76,"caption":"Negozio di Lr Aloe Vera"},"image":{"@id":"https:\/\/www.lraloeverashop.eu\/it\/#\/schema\/logo\/image\/"},"sameAs":["https:\/\/www.facebook.com\/lraloeverashop.eu","https:\/\/x.com\/natur__kosmetik","https:\/\/www.youtube.com\/channel\/UC5oN7BJ8nfYb8RpVtjwDEBA","https:\/\/www.instagram.com\/lrbeautyeu\/"],"description":"Negozio di Lr Aloe Vera \u00e8 il tuo punto di riferimento per i prodotti LR Health & Beauty di alta qualit\u00e0, realizzati in Germania. Offriamo soluzioni per la cura della pelle, l'alimentazione e l'anti-et\u00e0 a base di Aloe Vera, formulate con ingredienti puri e supportate da ricerche scientifiche. Scopri una cura naturale che rigenera, protegge e rivitalizza la tua pelle e approfitta delle esclusive offerte mensili sui nostri prodotti LR Aloe Vera pi\u00f9 venduti.\nInizia oggi il tuo percorso di cura della pelle naturale e senti la differenza.","email":"info@lraloeverashop.eu","telephone":"+49 17670609653","legalName":"Lr Aloe Vera Shop","foundingDate":"2018-04-21","numberOfEmployees":{"@type":"QuantitativeValue","minValue":"1","maxValue":"10"}}]},"product_price_amount":"40.89","product_price_currency":"EUR","og_availability":"instock","product_availability":"instock","product_retailer_item_id":"80700-481IT","product_condition":"new"},"taxonomy_info":{"product_cat":[{"value":400,"label":"Base"},{"value":293,"label":"Gel da bere Aloe Vera"},{"value":436,"label":"Intestino e Digestione"},{"value":466,"label":"Specialisti"}],"product_tag":[{"value":602,"label":"Bevande disintossicanti"}]},"featured_image_src_large":["https:\/\/www.lraloeverashop.eu\/wp-content\/uploads\/2022\/09\/Aloe-Vera-Drinking-Gel-Honey-1024x1024.jpg",1024,1024,true],"author_info":[],"comment_info":0,"_links":{"self":[{"href":"https:\/\/www.lraloeverashop.eu\/it\/wp-json\/wp\/v2\/product\/10078","targetHints":{"allow":["GET"]}}],"collection":[{"href":"https:\/\/www.lraloeverashop.eu\/it\/wp-json\/wp\/v2\/product"}],"about":[{"href":"https:\/\/www.lraloeverashop.eu\/it\/wp-json\/wp\/v2\/types\/product"}],"replies":[{"embeddable":true,"href":"https:\/\/www.lraloeverashop.eu\/it\/wp-json\/wp\/v2\/comments?post=10078"}],"wp:featuredmedia":[{"embeddable":true,"href":"https:\/\/www.lraloeverashop.eu\/it\/wp-json\/wp\/v2\/media\/4178"}],"wp:attachment":[{"href":"https:\/\/www.lraloeverashop.eu\/it\/wp-json\/wp\/v2\/media?parent=10078"}],"wp:term":[{"taxonomy":"product_brand","embeddable":true,"href":"https:\/\/www.lraloeverashop.eu\/it\/wp-json\/wp\/v2\/product_brand?post=10078"},{"taxonomy":"product_cat","embeddable":true,"href":"https:\/\/www.lraloeverashop.eu\/it\/wp-json\/wp\/v2\/product_cat?post=10078"},{"taxonomy":"product_tag","embeddable":true,"href":"https:\/\/www.lraloeverashop.eu\/it\/wp-json\/wp\/v2\/product_tag?post=10078"}],"curies":[{"name":"wp","href":"https:\/\/api.w.org\/{rel}","templated":true}]}}