{"id":10046,"date":"2022-10-11T21:11:53","date_gmt":"2022-10-11T19:11:53","guid":{"rendered":"https:\/\/www.lraloeverashop.eu\/product\/succo-di-aloe-vera\/"},"modified":"2026-02-03T20:33:53","modified_gmt":"2026-02-03T19:33:53","slug":"succo-di-aloe-vera","status":"publish","type":"product","link":"https:\/\/www.lraloeverashop.eu\/it\/prodotto\/succo-di-aloe-vera\/","title":{"rendered":"Succo di Aloe Vera Freedom Set 6 Pezzi"},"content":{"rendered":"<h2><span style=\"font-size: 16pt;\"><strong>Succo di Aloe Vera Freedom Set 6 Pezzi<\/strong><\/span><\/h2>\n<p><span style=\"font-size: 14pt;\"><strong>Succo di Aloe Vera Freedom &#8211; 88% Gel di Aloe Vera per la prevenzione dell&#8217;artrite<\/strong><\/span><\/p>\n<p>Succo di Aloe Vera Freedom con i nutrienti \u00e8 un <a href=\"https:\/\/www.lraloeverashop.eu\/it\/prodotto\/bevanda-aloe-vera-freedom\/\">eccellente supporto per le articolazioni<\/a>. Nella vita di tutti i giorni, le articolazioni sono soggette a stress e affaticamento, in particolare alle ginocchia e ai fianchi.<\/p>\n<p>Per mantenere le articolazioni, \u00e8 utile muoversi regolarmente e fornire al corpo i nutrienti pi\u00f9 importanti. Il Succo di Aloe Vera Freedom offre una combinazione ottimale di Ingredienti attivi per supportare il movimento delle articolazioni.<\/p>\n<p>La <a href=\"https:\/\/www.lraloeverashop.eu\/it\/prodotto\/vita-active-frutti-rossi\/\">vitamina C<\/a> contribuisce alla formazione del collagene per la normale <a href=\"https:\/\/www.lraloeverashop.eu\/it\/prodotto\/aloe-vera-gel-da-bere-freedom\/\">funzionalit\u00e0 della cartilagine<\/a>.<\/p>\n<p>&nbsp;<\/p>\n<h3><strong><span style=\"font-size: 16pt;\">Come usare<\/span><\/strong><\/h3>\n<p><strong><span style=\"color: #800000;\">Dosaggio giornaliero consigliato:<\/span><\/strong> 30 ml di Succo di Aloe Vera Freedom 3 volte al giorno, preferibilmente prima di un pasto (puoi mescolarlo con acqua o succo di frutta).<\/p>\n<p><span style=\"color: #800000;\"><strong>Ricetta consigliata:<\/strong><\/span> prova ad aggiungere il Succo di Aloe Vera Freedom in un bicchiere di succo di frutta o mescolalo con un frullato di frutta e verdura fresca.<br \/>\nAgitare prima dell\u2019uso. Refrigerare dopo l\u2019apertura e consumare immediatamente. Non superare la dose giornaliera raccomandata.<\/p>\n<p>Gli <a href=\"https:\/\/www.lraloeverashop.eu\/it\/categoria-prodotto\/nutrizionisti\/\">integratori alimentari<\/a> non possono sostituire una dieta ricca ed equilibrata, in combinazione con uno stile di vita sano.<\/p>\n<p>Tenere il prodotto fuori dalla portata dei bambini.<\/p>\n<p>&nbsp;<\/p>\n<h4><strong><span style=\"font-size: 16pt;\">Domande frequenti<\/span><\/strong><\/h4>\n<h3><strong><span style=\"font-size: 14pt;\">Come possiamo aumentare l\u2019attivit\u00e0 fisica nella nostra vita quotidiana?<\/span><\/strong><\/h3>\n<p>Spendiamo un sacco di tempo in ufficio, per andare al lavoro, utilizziamo le scale mobili o l\u2019ascensore. Tuttavia, siamo in grado di aumentare in modo significativo la nostra attivit\u00e0 fisica ogni giorno per migliorare la nostra <a href=\"https:\/\/www.lraloeverashop.eu\/it\/prodotto\/mind-master-polvere-con-guarana\/\">condizione fisica<\/a>.<\/p>\n<p>Prova a camminare o andare in bicicletta per brevi distanze. Se si utilizzano i mezzi pubblici, si pu\u00f2 scendere alla fermata precedente e camminare verso la destinazione. Usa le scale anzi ch\u00e9 l\u2019ascensore e fai una passeggiata invece di sedersi sul divano e guardare la TV.<\/p>\n<h3><strong><span style=\"font-size: 14pt;\">Cosa c\u2019\u00e8 nel Succo di Aloe Vera Freedom?<\/span><\/strong><\/h3>\n<p>Le foglie della pianta di Aloe Vera sono particolarmente carnose, mentre l\u2019esterno della pianta \u00e8 circondato da una fitta corteccia verde. L\u2019interno del foglio consiste da uno strato di colla e del parenchima, che \u00e8 lo strato in cui \u00e8 presente il gel. Questo gel trasparente contiene tutti gli ingredienti preziosi e viene utilizzato per il <a href=\"https:\/\/www.lraloeverashop.eu\/it\/salute-della-cartillagine-ed-aloe-vera-gel-da-bere-freedom\/\">Succo da bere<\/a>.<\/p>\n<h3><strong><span style=\"font-size: 14pt;\">Perch\u00e9 LR utilizza esclusivamente l\u2019Aloe Vera Barbadensis Miller per i suoi Succo da bere?<\/span><\/strong><\/h3>\n<p>Da oltre 200 specie di Aloe Vera il Aloe Vera Barbadensis Miller \u00e8 l\u2019unica specie che pu\u00f2 essere consumata come cibo. L\u2019Aloe Arborescens contiene un\u2019alta percentuale di aloina, che lo rende inadatto al consumo. <a href=\"https:\/\/shop.lrworld.com\/home\/IT\/it?PHP=0vFlt7jT938BEnBI3a6e9w%3D%3D\">Lr Health &amp; Beauty<\/a> utilizza esclusivamente Aloe Vera Barbadensis Miller per la produzione di prodotti Aloe Vera.<\/p>\n<h3><strong><span style=\"font-size: 14pt;\">Posso tagliare una pianta di Aloe Vera a casa e bere il gel?<\/span><\/strong><\/h3>\n<p>Il consumo di puro gel di Foglia di aloe vera, allo stato originale non \u00e8 raccomandato. \u00c8 necessario che la corteccia sia accuratamente separata dal gel interno. Uno strato di aloe \u00e8 attaccato sotto la pelle, che \u00e8 un succo giallo che deve essere accuratamente rimosso prima del consumo.<\/p>\n<p>L\u2019estrazione del <a href=\"https:\/\/www.lraloeverashop.eu\/it\/aloe-vera-gel-per-viso-capelli-e-corpo\/\">Gel di Aloe Vera<\/a> dalla corteccia deve essere effettuata sotto la supervisione di esperti. L\u2019aloina \u00e8 un lassativo, che pu\u00f2 causare diarrea se consumato in grandi quantit\u00e0.<\/p>\n<p>Questo \u00e8 il motivo per cui la quantit\u00e0 di <a href=\"https:\/\/www.lraloeverashop.eu\/it\/aloe-vera-da-bere-da-lr-health-beauty\/\">Aloe Vera<\/a> nel Succo di Aloe Vera Freedom \u00e8 soggetta a controlli regolari. Inoltre, l\u2019Aloe Vera nella sua forma pura ha un sapore amaro.<\/p>\n<p>In ogni caso, \u00e8 pi\u00f9 facile consumare un Succo di Aloe Vera Freedom che abbia un gusto eccezionale.<\/p>\n","protected":false},"excerpt":{"rendered":"<ul>\n<li>88% puro gel di foglie di Aloe Vera<\/li>\n<li>Per la prevenzione dell&#8217;artrite<\/li>\n<li>Migliora la funzione delle articolazioni<\/li>\n<li>Con vitamina C per sostenere la formazione di collagene per la normale funzione della cartilagine<\/li>\n<li>Quantit\u00e0: 6 x 1000 ml<\/li>\n<li>Prodotto fatto in Germania<\/li>\n<\/ul>\n<p><span style=\"color: #ff0000;\"><a style=\"color: #ff0000;\" href=\"https:\/\/shop.lrworld.com\/openpao?PHP=0vFlt7jT938BEnBI3a6e9w%3D%3D\"><span style=\"font-size: 14pt;\"><strong>Registrati ora e risparmia il 35% su ogni ordine<\/strong><\/span><\/a><\/span><\/p>\n","protected":false},"featured_media":5294,"comment_status":"open","ping_status":"closed","template":"","meta":{"_kad_blocks_custom_css":"","_kad_blocks_head_custom_js":"","_kad_blocks_body_custom_js":"","_kad_blocks_footer_custom_js":"","_kadence_starter_templates_imported_post":false,"_kad_post_transparent":"default","_kad_post_title":"","_kad_post_layout":"default","_kad_post_sidebar_id":"","_kad_post_content_style":"default","_kad_post_vertical_padding":"default","_kad_post_feature":"","_kad_post_feature_position":"","_kad_post_header":false,"_kad_post_footer":false,"_kad_post_classname":""},"product_brand":[],"product_cat":[400,293,436,418,461,466],"product_tag":[602,664],"class_list":{"0":"post-10046","1":"product","2":"type-product","3":"status-publish","4":"has-post-thumbnail","6":"product_cat-base-it","7":"product_cat-gel-da-bere-allaloe-vera","8":"product_cat-intestino-e-digestione","9":"product_cat-ossa-articolazioni-e-muscoli","10":"product_cat-risparmia-in-set","11":"product_cat-nutrizionisti","12":"product_tag-bevande-disintossicanti","13":"product_tag-dolore-alle-articolazioni","15":"first","16":"instock","17":"taxable","18":"shipping-taxable","19":"purchasable","20":"product-type-simple","21":"entry","22":"content-bg","23":"loop-entry"},"yoast_head":"<!-- This site is optimized with the Yoast SEO Premium plugin v27.5 (Yoast SEO v27.5) - https:\/\/yoast.com\/product\/yoast-seo-premium-wordpress\/ -->\n<title>Succo di Aloe Vera Freedom per la prevenzione dell&#039;artrite<\/title>\n<meta name=\"description\" content=\"Succo di Aloe Vera Freedom offre una combinazione ottimale di principi attivi per supportare il movimento delle articolazioni. Prodotto fatto in Germania\" \/>\n<meta name=\"robots\" content=\"index, follow, max-snippet:-1, max-image-preview:large, max-video-preview:-1\" \/>\n<link rel=\"canonical\" href=\"https:\/\/www.lraloeverashop.eu\/it\/prodotto\/succo-di-aloe-vera\/\" \/>\n<meta property=\"og:locale\" content=\"it_IT\" \/>\n<meta property=\"og:type\" content=\"article\" \/>\n<meta property=\"og:title\" content=\"Succo di Aloe Vera Freedom Set 6 Pezzi\" \/>\n<meta property=\"og:description\" content=\"Succo di Aloe Vera Freedom offre una combinazione ottimale di principi attivi per supportare il movimento delle articolazioni. Prodotto fatto in Germania\" \/>\n<meta property=\"og:url\" content=\"https:\/\/www.lraloeverashop.eu\/it\/prodotto\/succo-di-aloe-vera\/\" \/>\n<meta property=\"og:site_name\" content=\"Lr Negozio di Aloe Vera\" \/>\n<meta property=\"article:publisher\" content=\"https:\/\/www.facebook.com\/lraloeverashop.eu\" \/>\n<meta property=\"article:modified_time\" content=\"2026-02-03T19:33:53+00:00\" \/>\n<meta property=\"og:image\" content=\"https:\/\/www.lraloeverashop.eu\/wp-content\/uploads\/2022\/10\/Aloe-Vera-Drinking-Gel-Active-Freedom-6-Pcs-Set.jpg\" \/>\n\t<meta property=\"og:image:width\" content=\"1200\" \/>\n\t<meta property=\"og:image:height\" content=\"1200\" \/>\n\t<meta property=\"og:image:type\" content=\"image\/jpeg\" \/>\n<meta name=\"twitter:card\" content=\"summary_large_image\" \/>\n<meta name=\"twitter:site\" content=\"@natur__kosmetik\" \/>\n<script type=\"application\/ld+json\" class=\"yoast-schema-graph\">{\"@context\":\"https:\\\/\\\/schema.org\",\"@graph\":[{\"@type\":[\"WebPage\",\"ItemPage\"],\"@id\":\"https:\\\/\\\/www.lraloeverashop.eu\\\/it\\\/prodotto\\\/succo-di-aloe-vera\\\/\",\"url\":\"https:\\\/\\\/www.lraloeverashop.eu\\\/it\\\/prodotto\\\/succo-di-aloe-vera\\\/\",\"name\":\"Succo di Aloe Vera Freedom per la prevenzione dell'artrite\",\"isPartOf\":{\"@id\":\"https:\\\/\\\/www.lraloeverashop.eu\\\/it\\\/#website\"},\"primaryImageOfPage\":{\"@id\":\"https:\\\/\\\/www.lraloeverashop.eu\\\/it\\\/prodotto\\\/succo-di-aloe-vera\\\/#primaryimage\"},\"image\":{\"@id\":\"https:\\\/\\\/www.lraloeverashop.eu\\\/it\\\/prodotto\\\/succo-di-aloe-vera\\\/#primaryimage\"},\"thumbnailUrl\":\"https:\\\/\\\/www.lraloeverashop.eu\\\/wp-content\\\/uploads\\\/2022\\\/10\\\/Aloe-Vera-Drinking-Gel-Active-Freedom-6-Pcs-Set.jpg\",\"datePublished\":\"2022-10-11T19:11:53+00:00\",\"dateModified\":\"2026-02-03T19:33:53+00:00\",\"description\":\"Succo di Aloe Vera Freedom offre una combinazione ottimale di principi attivi per supportare il movimento delle articolazioni. Prodotto fatto in Germania\",\"breadcrumb\":{\"@id\":\"https:\\\/\\\/www.lraloeverashop.eu\\\/it\\\/prodotto\\\/succo-di-aloe-vera\\\/#breadcrumb\"},\"inLanguage\":\"it-IT\",\"potentialAction\":[{\"@type\":\"ReadAction\",\"target\":[\"https:\\\/\\\/www.lraloeverashop.eu\\\/it\\\/prodotto\\\/succo-di-aloe-vera\\\/\"]}]},{\"@type\":\"ImageObject\",\"inLanguage\":\"it-IT\",\"@id\":\"https:\\\/\\\/www.lraloeverashop.eu\\\/it\\\/prodotto\\\/succo-di-aloe-vera\\\/#primaryimage\",\"url\":\"https:\\\/\\\/www.lraloeverashop.eu\\\/wp-content\\\/uploads\\\/2022\\\/10\\\/Aloe-Vera-Drinking-Gel-Active-Freedom-6-Pcs-Set.jpg\",\"contentUrl\":\"https:\\\/\\\/www.lraloeverashop.eu\\\/wp-content\\\/uploads\\\/2022\\\/10\\\/Aloe-Vera-Drinking-Gel-Active-Freedom-6-Pcs-Set.jpg\",\"width\":1200,\"height\":1200,\"caption\":\"Aloe Vera Gel da bere Freedom con vitamina C per sostenere la formazione di collagene per la normale funzione della cartilagine\"},{\"@type\":\"BreadcrumbList\",\"@id\":\"https:\\\/\\\/www.lraloeverashop.eu\\\/it\\\/prodotto\\\/succo-di-aloe-vera\\\/#breadcrumb\",\"itemListElement\":[{\"@type\":\"ListItem\",\"position\":1,\"name\":\"Home\",\"item\":\"https:\\\/\\\/www.lraloeverashop.eu\\\/it\\\/\"},{\"@type\":\"ListItem\",\"position\":2,\"name\":\"Negozio\",\"item\":\"https:\\\/\\\/www.lraloeverashop.eu\\\/it\\\/negozio\\\/\"},{\"@type\":\"ListItem\",\"position\":3,\"name\":\"Succo di Aloe Vera Freedom Set 6 Pezzi\"}]},{\"@type\":\"WebSite\",\"@id\":\"https:\\\/\\\/www.lraloeverashop.eu\\\/it\\\/#website\",\"url\":\"https:\\\/\\\/www.lraloeverashop.eu\\\/it\\\/\",\"name\":\"Lr Negozio di Aloe Vera\",\"description\":\"High Quality Lr Aloe Vera Gel, Aloe Vera Cream and Shampoo\",\"publisher\":{\"@id\":\"https:\\\/\\\/www.lraloeverashop.eu\\\/it\\\/#organization\"},\"alternateName\":\"LR\",\"potentialAction\":[{\"@type\":\"SearchAction\",\"target\":{\"@type\":\"EntryPoint\",\"urlTemplate\":\"https:\\\/\\\/www.lraloeverashop.eu\\\/it\\\/?s={search_term_string}\"},\"query-input\":{\"@type\":\"PropertyValueSpecification\",\"valueRequired\":true,\"valueName\":\"search_term_string\"}}],\"inLanguage\":\"it-IT\"},{\"@type\":\"Organization\",\"@id\":\"https:\\\/\\\/www.lraloeverashop.eu\\\/it\\\/#organization\",\"name\":\"Negozio di Lr Aloe Vera\",\"alternateName\":\"LR\",\"url\":\"https:\\\/\\\/www.lraloeverashop.eu\\\/it\\\/\",\"logo\":{\"@type\":\"ImageObject\",\"inLanguage\":\"it-IT\",\"@id\":\"https:\\\/\\\/www.lraloeverashop.eu\\\/it\\\/#\\\/schema\\\/logo\\\/image\\\/\",\"url\":\"https:\\\/\\\/www.lraloeverashop.eu\\\/wp-content\\\/uploads\\\/2022\\\/09\\\/cropped-Lr-Aloe-Vera-Shop.jpg\",\"contentUrl\":\"https:\\\/\\\/www.lraloeverashop.eu\\\/wp-content\\\/uploads\\\/2022\\\/09\\\/cropped-Lr-Aloe-Vera-Shop.jpg\",\"width\":228,\"height\":76,\"caption\":\"Negozio di Lr Aloe Vera\"},\"image\":{\"@id\":\"https:\\\/\\\/www.lraloeverashop.eu\\\/it\\\/#\\\/schema\\\/logo\\\/image\\\/\"},\"sameAs\":[\"https:\\\/\\\/www.facebook.com\\\/lraloeverashop.eu\",\"https:\\\/\\\/x.com\\\/natur__kosmetik\",\"https:\\\/\\\/www.youtube.com\\\/channel\\\/UC5oN7BJ8nfYb8RpVtjwDEBA\",\"https:\\\/\\\/www.instagram.com\\\/lrbeautyeu\\\/\"],\"description\":\"Negozio di Lr Aloe Vera \u00e8 il tuo punto di riferimento per i prodotti LR Health & Beauty di alta qualit\u00e0, realizzati in Germania. Offriamo soluzioni per la cura della pelle, l'alimentazione e l'anti-et\u00e0 a base di Aloe Vera, formulate con ingredienti puri e supportate da ricerche scientifiche. Scopri una cura naturale che rigenera, protegge e rivitalizza la tua pelle e approfitta delle esclusive offerte mensili sui nostri prodotti LR Aloe Vera pi\u00f9 venduti.\\nInizia oggi il tuo percorso di cura della pelle naturale e senti la differenza.\",\"email\":\"info@lraloeverashop.eu\",\"telephone\":\"+49 17670609653\",\"legalName\":\"Lr Aloe Vera Shop\",\"foundingDate\":\"2018-04-21\",\"numberOfEmployees\":{\"@type\":\"QuantitativeValue\",\"minValue\":\"1\",\"maxValue\":\"10\"}}]}<\/script>\n<meta property=\"product:price:amount\" content=\"245.99\" \/>\n<meta property=\"product:price:currency\" content=\"EUR\" \/>\n<meta property=\"og:availability\" content=\"instock\" \/>\n<meta property=\"product:availability\" content=\"instock\" \/>\n<meta property=\"product:retailer_item_id\" content=\"80856-480IT\" \/>\n<meta property=\"product:condition\" content=\"new\" \/>\n<!-- \/ Yoast SEO Premium plugin. -->","yoast_head_json":{"title":"Succo di Aloe Vera Freedom per la prevenzione dell'artrite","description":"Succo di Aloe Vera Freedom offre una combinazione ottimale di principi attivi per supportare il movimento delle articolazioni. Prodotto fatto in Germania","robots":{"index":"index","follow":"follow","max-snippet":"max-snippet:-1","max-image-preview":"max-image-preview:large","max-video-preview":"max-video-preview:-1"},"canonical":"https:\/\/www.lraloeverashop.eu\/it\/prodotto\/succo-di-aloe-vera\/","og_locale":"it_IT","og_type":"article","og_title":"Succo di Aloe Vera Freedom Set 6 Pezzi","og_description":"Succo di Aloe Vera Freedom offre una combinazione ottimale di principi attivi per supportare il movimento delle articolazioni. Prodotto fatto in Germania","og_url":"https:\/\/www.lraloeverashop.eu\/it\/prodotto\/succo-di-aloe-vera\/","og_site_name":"Lr Negozio di Aloe Vera","article_publisher":"https:\/\/www.facebook.com\/lraloeverashop.eu","article_modified_time":"2026-02-03T19:33:53+00:00","og_image":[{"width":1200,"height":1200,"url":"https:\/\/www.lraloeverashop.eu\/wp-content\/uploads\/2022\/10\/Aloe-Vera-Drinking-Gel-Active-Freedom-6-Pcs-Set.jpg","type":"image\/jpeg"}],"twitter_card":"summary_large_image","twitter_site":"@natur__kosmetik","schema":{"@context":"https:\/\/schema.org","@graph":[{"@type":["WebPage","ItemPage"],"@id":"https:\/\/www.lraloeverashop.eu\/it\/prodotto\/succo-di-aloe-vera\/","url":"https:\/\/www.lraloeverashop.eu\/it\/prodotto\/succo-di-aloe-vera\/","name":"Succo di Aloe Vera Freedom per la prevenzione dell'artrite","isPartOf":{"@id":"https:\/\/www.lraloeverashop.eu\/it\/#website"},"primaryImageOfPage":{"@id":"https:\/\/www.lraloeverashop.eu\/it\/prodotto\/succo-di-aloe-vera\/#primaryimage"},"image":{"@id":"https:\/\/www.lraloeverashop.eu\/it\/prodotto\/succo-di-aloe-vera\/#primaryimage"},"thumbnailUrl":"https:\/\/www.lraloeverashop.eu\/wp-content\/uploads\/2022\/10\/Aloe-Vera-Drinking-Gel-Active-Freedom-6-Pcs-Set.jpg","datePublished":"2022-10-11T19:11:53+00:00","dateModified":"2026-02-03T19:33:53+00:00","description":"Succo di Aloe Vera Freedom offre una combinazione ottimale di principi attivi per supportare il movimento delle articolazioni. Prodotto fatto in Germania","breadcrumb":{"@id":"https:\/\/www.lraloeverashop.eu\/it\/prodotto\/succo-di-aloe-vera\/#breadcrumb"},"inLanguage":"it-IT","potentialAction":[{"@type":"ReadAction","target":["https:\/\/www.lraloeverashop.eu\/it\/prodotto\/succo-di-aloe-vera\/"]}]},{"@type":"ImageObject","inLanguage":"it-IT","@id":"https:\/\/www.lraloeverashop.eu\/it\/prodotto\/succo-di-aloe-vera\/#primaryimage","url":"https:\/\/www.lraloeverashop.eu\/wp-content\/uploads\/2022\/10\/Aloe-Vera-Drinking-Gel-Active-Freedom-6-Pcs-Set.jpg","contentUrl":"https:\/\/www.lraloeverashop.eu\/wp-content\/uploads\/2022\/10\/Aloe-Vera-Drinking-Gel-Active-Freedom-6-Pcs-Set.jpg","width":1200,"height":1200,"caption":"Aloe Vera Gel da bere Freedom con vitamina C per sostenere la formazione di collagene per la normale funzione della cartilagine"},{"@type":"BreadcrumbList","@id":"https:\/\/www.lraloeverashop.eu\/it\/prodotto\/succo-di-aloe-vera\/#breadcrumb","itemListElement":[{"@type":"ListItem","position":1,"name":"Home","item":"https:\/\/www.lraloeverashop.eu\/it\/"},{"@type":"ListItem","position":2,"name":"Negozio","item":"https:\/\/www.lraloeverashop.eu\/it\/negozio\/"},{"@type":"ListItem","position":3,"name":"Succo di Aloe Vera Freedom Set 6 Pezzi"}]},{"@type":"WebSite","@id":"https:\/\/www.lraloeverashop.eu\/it\/#website","url":"https:\/\/www.lraloeverashop.eu\/it\/","name":"Lr Negozio di Aloe Vera","description":"High Quality Lr Aloe Vera Gel, Aloe Vera Cream and Shampoo","publisher":{"@id":"https:\/\/www.lraloeverashop.eu\/it\/#organization"},"alternateName":"LR","potentialAction":[{"@type":"SearchAction","target":{"@type":"EntryPoint","urlTemplate":"https:\/\/www.lraloeverashop.eu\/it\/?s={search_term_string}"},"query-input":{"@type":"PropertyValueSpecification","valueRequired":true,"valueName":"search_term_string"}}],"inLanguage":"it-IT"},{"@type":"Organization","@id":"https:\/\/www.lraloeverashop.eu\/it\/#organization","name":"Negozio di Lr Aloe Vera","alternateName":"LR","url":"https:\/\/www.lraloeverashop.eu\/it\/","logo":{"@type":"ImageObject","inLanguage":"it-IT","@id":"https:\/\/www.lraloeverashop.eu\/it\/#\/schema\/logo\/image\/","url":"https:\/\/www.lraloeverashop.eu\/wp-content\/uploads\/2022\/09\/cropped-Lr-Aloe-Vera-Shop.jpg","contentUrl":"https:\/\/www.lraloeverashop.eu\/wp-content\/uploads\/2022\/09\/cropped-Lr-Aloe-Vera-Shop.jpg","width":228,"height":76,"caption":"Negozio di Lr Aloe Vera"},"image":{"@id":"https:\/\/www.lraloeverashop.eu\/it\/#\/schema\/logo\/image\/"},"sameAs":["https:\/\/www.facebook.com\/lraloeverashop.eu","https:\/\/x.com\/natur__kosmetik","https:\/\/www.youtube.com\/channel\/UC5oN7BJ8nfYb8RpVtjwDEBA","https:\/\/www.instagram.com\/lrbeautyeu\/"],"description":"Negozio di Lr Aloe Vera \u00e8 il tuo punto di riferimento per i prodotti LR Health & Beauty di alta qualit\u00e0, realizzati in Germania. Offriamo soluzioni per la cura della pelle, l'alimentazione e l'anti-et\u00e0 a base di Aloe Vera, formulate con ingredienti puri e supportate da ricerche scientifiche. Scopri una cura naturale che rigenera, protegge e rivitalizza la tua pelle e approfitta delle esclusive offerte mensili sui nostri prodotti LR Aloe Vera pi\u00f9 venduti.\nInizia oggi il tuo percorso di cura della pelle naturale e senti la differenza.","email":"info@lraloeverashop.eu","telephone":"+49 17670609653","legalName":"Lr Aloe Vera Shop","foundingDate":"2018-04-21","numberOfEmployees":{"@type":"QuantitativeValue","minValue":"1","maxValue":"10"}}]},"product_price_amount":"245.99","product_price_currency":"EUR","og_availability":"instock","product_availability":"instock","product_retailer_item_id":"80856-480IT","product_condition":"new"},"taxonomy_info":{"product_cat":[{"value":400,"label":"Base"},{"value":293,"label":"Gel da bere Aloe Vera"},{"value":436,"label":"Intestino e Digestione"},{"value":418,"label":"Ossa, Articolazioni e Muscoli"},{"value":461,"label":"Risparmia in set"},{"value":466,"label":"Specialisti"}],"product_tag":[{"value":602,"label":"Bevande disintossicanti"},{"value":664,"label":"Dolore alle articolazioni"}]},"featured_image_src_large":["https:\/\/www.lraloeverashop.eu\/wp-content\/uploads\/2022\/10\/Aloe-Vera-Drinking-Gel-Active-Freedom-6-Pcs-Set-1024x1024.jpg",1024,1024,true],"author_info":[],"comment_info":0,"_links":{"self":[{"href":"https:\/\/www.lraloeverashop.eu\/it\/wp-json\/wp\/v2\/product\/10046","targetHints":{"allow":["GET"]}}],"collection":[{"href":"https:\/\/www.lraloeverashop.eu\/it\/wp-json\/wp\/v2\/product"}],"about":[{"href":"https:\/\/www.lraloeverashop.eu\/it\/wp-json\/wp\/v2\/types\/product"}],"replies":[{"embeddable":true,"href":"https:\/\/www.lraloeverashop.eu\/it\/wp-json\/wp\/v2\/comments?post=10046"}],"wp:featuredmedia":[{"embeddable":true,"href":"https:\/\/www.lraloeverashop.eu\/it\/wp-json\/wp\/v2\/media\/5294"}],"wp:attachment":[{"href":"https:\/\/www.lraloeverashop.eu\/it\/wp-json\/wp\/v2\/media?parent=10046"}],"wp:term":[{"taxonomy":"product_brand","embeddable":true,"href":"https:\/\/www.lraloeverashop.eu\/it\/wp-json\/wp\/v2\/product_brand?post=10046"},{"taxonomy":"product_cat","embeddable":true,"href":"https:\/\/www.lraloeverashop.eu\/it\/wp-json\/wp\/v2\/product_cat?post=10046"},{"taxonomy":"product_tag","embeddable":true,"href":"https:\/\/www.lraloeverashop.eu\/it\/wp-json\/wp\/v2\/product_tag?post=10046"}],"curies":[{"name":"wp","href":"https:\/\/api.w.org\/{rel}","templated":true}]}}