{"id":10001,"date":"2022-10-12T10:31:39","date_gmt":"2022-10-12T08:31:39","guid":{"rendered":"https:\/\/www.lraloeverashop.eu\/product\/colostro-direct-liquido-set\/"},"modified":"2026-02-03T20:33:29","modified_gmt":"2026-02-03T19:33:29","slug":"colostro-direct-liquido-set","status":"publish","type":"product","link":"https:\/\/www.lraloeverashop.eu\/it\/prodotto\/colostro-direct-liquido-set\/","title":{"rendered":"Colostro Direct Liquido Set 2 Pezzi"},"content":{"rendered":"<h2><span style=\"font-size: 16pt;\"><strong>Lr Colostro Direct Liquido Set 2 Pezzi<\/strong><\/span><\/h2>\n<p><span style=\"font-size: 14pt;\"><strong>Lr Colostro Direct Liquido Set 2 Pezzi &#8211; Il meglio dalla natura!<\/strong><\/span><\/p>\n<p>Lr Colostro Direct Liquido \u00e8 un prodotto di alta qualit\u00e0 a base di colostro che contiene solo il meglio del primo latte. Consiste esclusivamente di colostro, il primo latte materno dopo la nascita di un vitello di mucca.<\/p>\n<p>In un processo unico, la materia prima naturale di Lr viene semplicemente incassata e unta, non pastorizzata. Ci\u00f2 preserva gli ingredienti sensibili durante tutto il processo di produzione.<\/p>\n<p>Inoltre, il colostro liquido \u00e8 privo di residui di antibiotici e steroidi androgeni anabolizzanti.<\/p>\n<p>Lr Colostro Direct Liquido non contiene additivi, colori o conservanti ed \u00e8 fatto in Germania. Per la produzione, Lr utilizza solo colostro in eccesso di mucche europee, che \u00e8 ampiamente testato in anticipo.<\/p>\n<p>La <a href=\"https:\/\/www.lraloeverashop.eu\/it\/colostro-bovino-benefici-immunitari\/\">qualit\u00e0 impeccabile<\/a> dei prodotti LR Colostrum \u00e8 assicurata da controlli permanenti e confermata dal sigillo di qualit\u00e0 INSTITUTE FRESENIUS, uno dei marchi di omologazione pi\u00f9 severi sul mercato.<\/p>\n<p>&nbsp;<\/p>\n<p><img loading=\"lazy\" decoding=\"async\" class=\"aligncenter size-full wp-image-9984\" src=\"https:\/\/www.lraloeverashop.eu\/wp-content\/uploads\/2023\/01\/Colostrum-from-Lr.jpg\" alt=\"Colostrum from Lr in the best quality\" width=\"637\" height=\"347\" srcset=\"https:\/\/www.lraloeverashop.eu\/wp-content\/uploads\/2023\/01\/Colostrum-from-Lr.jpg 637w, https:\/\/www.lraloeverashop.eu\/wp-content\/uploads\/2023\/01\/Colostrum-from-Lr-600x327.jpg 600w, https:\/\/www.lraloeverashop.eu\/wp-content\/uploads\/2023\/01\/Colostrum-from-Lr-300x163.jpg 300w\" sizes=\"auto, (max-width: 637px) 100vw, 637px\" \/><\/p>\n<p>&nbsp;<\/p>\n<h2><strong><span style=\"font-size: 16pt;\">Come usare Lr Colostro Direct Liquido<\/span><\/strong><\/h2>\n<p>Una volta al giorno, 8 ml di succo di frutta puro o freddo.\u00a0Non mescolare con bevande calde.<\/p>\n<p>Assicurati di avere una dieta variata ed equilibrata e uno stile di vita sano.<\/p>\n<p>Conservare in un luogo fresco e buio o in frigorifero dopo l\u2019apertura.<\/p>\n<p>&nbsp;<\/p>\n<h3><strong><span style=\"font-size: 16pt;\">Lo sapevate?<\/span><\/strong><\/h3>\n<p>Come ogni altra risorsa naturale, il colostro \u00e8 soggetto a fluttuazioni abituali. Quindi pu\u00f2 succedere che il gusto o la consistenza del colostro liquido vari. Tuttavia, ci\u00f2 non ha alcun effetto sulla qualit\u00e0 e sul contenuto degli ingredienti preziosi. <a href=\"https:\/\/shop.lrworld.com\/home\/IT\/it?PHP=0vFlt7jT938BEnBI3a6e9w%3D%3D\">Lr Health &amp; Beauty<\/a> garantisce questo attraverso misurazioni senza soluzione di continuit\u00e0 e controlli regolari \u2013 ad es. Dal indipendente SGS INSTITUT FRESENIUS.<\/p>\n<p>Per essere in grado di soddisfare le esigenze di alta qualit\u00e0 e controllare costantemente tutte le fasi sulla via del prodotto finale, LR utilizza solo il <a href=\"https:\/\/www.lraloeverashop.eu\/it\/prodotto\/colostro-compresse\/\">colostro<\/a> in eccesso delle vacche europee per i suoi prodotti a base di colostro.<\/p>\n<p>&nbsp;<\/p>\n<h3><span style=\"font-size: 16pt;\"><strong>Domande frequenti<img loading=\"lazy\" decoding=\"async\" class=\"alignright size-full wp-image-9991\" src=\"https:\/\/www.lraloeverashop.eu\/wp-content\/uploads\/2023\/01\/Colostrum-from-European-kows.jpg\" alt=\"Colostrum only from European kows\" width=\"541\" height=\"406\" srcset=\"https:\/\/www.lraloeverashop.eu\/wp-content\/uploads\/2023\/01\/Colostrum-from-European-kows.jpg 541w, https:\/\/www.lraloeverashop.eu\/wp-content\/uploads\/2023\/01\/Colostrum-from-European-kows-300x225.jpg 300w\" sizes=\"auto, (max-width: 541px) 100vw, 541px\" \/><\/strong><\/span><\/h3>\n<p><strong>Cos\u2019\u00e8 il colostro?<\/strong><br \/>\nIl colostro \u00e8 particolarmente prezioso per il vitello di vacca grazie alle sue sostanze nutritive uniche \u2013 un pacchetto iniziale unico di Madre Natura senza additivi chimici. Per i prodotti a base di colostro, LR utilizza solo colostro proveniente da mucche provenienti dall\u2019Europa e solo da latte che produce allevamenti di qualit\u00e0.<\/p>\n<p><strong>Cosa succede ai vitelli?<\/strong><br \/>\nLa mucca produce pi\u00f9 colostro del vitello necessario. Solo l\u2019eccedenza viene utilizzata per la produzione dei prodotti a base di colostro.<\/p>\n<p><strong>Come viene prodotto il colostro da LR?<\/strong><br \/>\nLR utilizza solo il colostro delle prime ore dopo la nascita del vitello. In queste ore la qualit\u00e0 e la densit\u00e0 di cucitura sono pi\u00f9 elevate.<br \/>\nIl colostro per la produzione di colostro liquido viene congelato immediatamente dopo l\u2019estrazione. Durante l\u2019ulteriore lavorazione, la materia prima viene sgrassata e decongestionata. Gli ingredienti sono molto sensibili al calore. Pertanto, LR preferisce un processo di produzione a freddo, in cui sono protetti in modo ottimale.<\/p>\n<p><strong>Perch\u00e9 il Colostro Direct Liquido a volte mostra differenze di colore e torbidit\u00e0?<\/strong><br \/>\n\u00c8 importante sapere che la nuvolosit\u00e0 non \u00e8 un difetto di qualit\u00e0. Poich\u00e9 il colostro \u00e8 un prodotto naturale, la variabilit\u00e0 individuale \u00e8 normale.<\/p>\n<p>I nostri consigli per la conservazione del colostro liquido:<\/p>\n<p>\u2022 Conservare in un luogo buio e fresco<br \/>\n\u2022 Conservare in frigorifero dopo l\u2019apertura<br \/>\n\u2022 Agitare prima del consumo se si verifica torbidit\u00e0<\/p>\n<p><strong>Cosa caratterizza i prodotti a base di colostro di LR?<\/strong><br \/>\nI prodotti a base di colostro di LR sono i primi prodotti a base di colostro sul mercato con il sigillo di qualit\u00e0 INSTITUTE FRESENIUS. Probabilmente il sigillo di qualit\u00e0 pi\u00f9 duro al momento conferma l\u2019altissimo livello qualitativo attraverso ispezioni segrete, indipendenti, regolari. I costi superiori alla media per qualit\u00e0 e sicurezza garantiscono un prodotto particolarmente di alta qualit\u00e0.<\/p>\n<p>LR utilizza solo colostro di mucche dall\u2019Europa per i prodotti a base di colostro. Ci\u00f2 significa: standard di alta qualit\u00e0, anche nell\u2019estrazione, e percorsi di trasporto pi\u00f9 brevi.<\/p>\n<p>A questo scopo, LR usa solo il latte in eccesso delle prime ore, perch\u00e9 \u00e8 il pi\u00f9 nutriente. Per garantire che il <a href=\"https:\/\/www.lraloeverashop.eu\/it\/prodotto\/colostro-direct-liquido\/\">colostro liquido<\/a> conservi il suo alto contenuto di ingredienti ed \u00e8 commestibile per gli esseri umani, LR utilizza un processo di produzione delicato a freddo.<\/p>\n<p><img loading=\"lazy\" decoding=\"async\" class=\"aligncenter wp-image-10011\" src=\"https:\/\/www.lraloeverashop.eu\/wp-content\/uploads\/2023\/01\/Colostrum-for-kids-e1674326251404.jpg\" alt=\"Lr Colostro Direct Liquido senza additivi, colori o conservanti\" width=\"1281\" height=\"676\" srcset=\"https:\/\/www.lraloeverashop.eu\/wp-content\/uploads\/2023\/01\/Colostrum-for-kids-e1674326251404.jpg 819w, https:\/\/www.lraloeverashop.eu\/wp-content\/uploads\/2023\/01\/Colostrum-for-kids-e1674326251404-600x316.jpg 600w, https:\/\/www.lraloeverashop.eu\/wp-content\/uploads\/2023\/01\/Colostrum-for-kids-e1674326251404-300x158.jpg 300w, https:\/\/www.lraloeverashop.eu\/wp-content\/uploads\/2023\/01\/Colostrum-for-kids-e1674326251404-768x405.jpg 768w\" sizes=\"auto, (max-width: 1281px) 100vw, 1281px\" \/><\/p>\n","protected":false},"excerpt":{"rendered":"<ul>\n<li><span style=\"color: #ff0000;\"><strong>Offerta limitata<\/strong><\/span><\/li>\n<li>Realizzato con il meglio del primo latte esclusivamente vacche europee<\/li>\n<li>Privo di residui di antibiotici e steroidi androgeni anabolizzanti<\/li>\n<li>Senza additivi, colori o conservanti<\/li>\n<li>Prodotto con un processo di produzione a freddo delicato, per una densit\u00e0 di nutrienti ottimale<\/li>\n<li>Prodotto fatto in Germania<\/li>\n<li>Quantit\u00e0: 2 x 125 ml<\/li>\n<\/ul>\n<p><span style=\"color: #ff0000;\"><a style=\"color: #ff0000;\" href=\"https:\/\/shop.lrworld.com\/openpao?PHP=0vFlt7jT938BEnBI3a6e9w%3D%3D\"><span style=\"font-size: 14pt;\"><strong>Registrati ora e risparmia il 35% su ogni ordine<\/strong><\/span><\/a><\/span><\/p>\n","protected":false},"featured_media":5522,"comment_status":"open","ping_status":"closed","template":"","meta":{"_kad_blocks_custom_css":"","_kad_blocks_head_custom_js":"","_kad_blocks_body_custom_js":"","_kad_blocks_footer_custom_js":"","_kadence_starter_templates_imported_post":false,"_kad_post_transparent":"default","_kad_post_title":"","_kad_post_layout":"default","_kad_post_sidebar_id":"","_kad_post_content_style":"default","_kad_post_vertical_padding":"default","_kad_post_feature":"","_kad_post_feature_position":"","_kad_post_header":false,"_kad_post_footer":false,"_kad_post_classname":""},"product_brand":[],"product_cat":[400,496,353,412,347,466],"product_tag":[663],"class_list":{"0":"post-10001","1":"product","2":"type-product","3":"status-publish","4":"has-post-thumbnail","6":"product_cat-base-it","7":"product_cat-colostro","8":"product_cat-offerte","9":"product_cat-prodotti-speciali","10":"product_cat-sistema-immunitario-ed-equilibrio","11":"product_cat-nutrizionisti","12":"product_tag-potenziatore-immunitario","14":"first","15":"outofstock","16":"sale","17":"taxable","18":"shipping-taxable","19":"purchasable","20":"product-type-simple","21":"entry","22":"content-bg","23":"loop-entry"},"yoast_head":"<!-- This site is optimized with the Yoast SEO Premium plugin v27.4 (Yoast SEO v27.4) - https:\/\/yoast.com\/product\/yoast-seo-premium-wordpress\/ -->\n<title>Lr Colostro Direct Liquido Set - Il meglio dalla natura!<\/title>\n<meta name=\"description\" content=\"Lr Colostro Direct Liquido Set \u00e8 prodotto solo dal latte in eccesso delle prime ore, perch\u00e9 \u00e8 il pi\u00f9 nutriente. Senza additivi, colori o conservanti.\" \/>\n<meta name=\"robots\" content=\"index, follow, max-snippet:-1, max-image-preview:large, max-video-preview:-1\" \/>\n<link rel=\"canonical\" href=\"https:\/\/www.lraloeverashop.eu\/it\/prodotto\/colostro-direct-liquido-set\/\" \/>\n<meta property=\"og:locale\" content=\"it_IT\" \/>\n<meta property=\"og:type\" content=\"article\" \/>\n<meta property=\"og:title\" content=\"Colostro Direct Liquido Set 2 Pezzi\" \/>\n<meta property=\"og:description\" content=\"Lr Colostro Direct Liquido Set \u00e8 prodotto solo dal latte in eccesso delle prime ore, perch\u00e9 \u00e8 il pi\u00f9 nutriente. Senza additivi, colori o conservanti.\" \/>\n<meta property=\"og:url\" content=\"https:\/\/www.lraloeverashop.eu\/it\/prodotto\/colostro-direct-liquido-set\/\" \/>\n<meta property=\"og:site_name\" content=\"Lr Negozio di Aloe Vera\" \/>\n<meta property=\"article:publisher\" content=\"https:\/\/www.facebook.com\/lraloeverashop.eu\" \/>\n<meta property=\"article:modified_time\" content=\"2026-02-03T19:33:29+00:00\" \/>\n<meta property=\"og:image\" content=\"https:\/\/www.lraloeverashop.eu\/wp-content\/uploads\/2022\/10\/Lr-Colostrum-2-liquid.jpg\" \/>\n\t<meta property=\"og:image:width\" content=\"1200\" \/>\n\t<meta property=\"og:image:height\" content=\"1200\" \/>\n\t<meta property=\"og:image:type\" content=\"image\/jpeg\" \/>\n<meta name=\"twitter:card\" content=\"summary_large_image\" \/>\n<meta name=\"twitter:site\" content=\"@natur__kosmetik\" \/>\n<script type=\"application\/ld+json\" class=\"yoast-schema-graph\">{\"@context\":\"https:\\\/\\\/schema.org\",\"@graph\":[{\"@type\":[\"WebPage\",\"ItemPage\"],\"@id\":\"https:\\\/\\\/www.lraloeverashop.eu\\\/it\\\/prodotto\\\/colostro-direct-liquido-set\\\/\",\"url\":\"https:\\\/\\\/www.lraloeverashop.eu\\\/it\\\/prodotto\\\/colostro-direct-liquido-set\\\/\",\"name\":\"Lr Colostro Direct Liquido Set - Il meglio dalla natura!\",\"isPartOf\":{\"@id\":\"https:\\\/\\\/www.lraloeverashop.eu\\\/it\\\/#website\"},\"primaryImageOfPage\":{\"@id\":\"https:\\\/\\\/www.lraloeverashop.eu\\\/it\\\/prodotto\\\/colostro-direct-liquido-set\\\/#primaryimage\"},\"image\":{\"@id\":\"https:\\\/\\\/www.lraloeverashop.eu\\\/it\\\/prodotto\\\/colostro-direct-liquido-set\\\/#primaryimage\"},\"thumbnailUrl\":\"https:\\\/\\\/www.lraloeverashop.eu\\\/wp-content\\\/uploads\\\/2022\\\/10\\\/Lr-Colostrum-2-liquid.jpg\",\"datePublished\":\"2022-10-12T08:31:39+00:00\",\"dateModified\":\"2026-02-03T19:33:29+00:00\",\"description\":\"Lr Colostro Direct Liquido Set \u00e8 prodotto solo dal latte in eccesso delle prime ore, perch\u00e9 \u00e8 il pi\u00f9 nutriente. Senza additivi, colori o conservanti.\",\"breadcrumb\":{\"@id\":\"https:\\\/\\\/www.lraloeverashop.eu\\\/it\\\/prodotto\\\/colostro-direct-liquido-set\\\/#breadcrumb\"},\"inLanguage\":\"it-IT\",\"potentialAction\":[{\"@type\":\"ReadAction\",\"target\":[\"https:\\\/\\\/www.lraloeverashop.eu\\\/it\\\/prodotto\\\/colostro-direct-liquido-set\\\/\"]}]},{\"@type\":\"ImageObject\",\"inLanguage\":\"it-IT\",\"@id\":\"https:\\\/\\\/www.lraloeverashop.eu\\\/it\\\/prodotto\\\/colostro-direct-liquido-set\\\/#primaryimage\",\"url\":\"https:\\\/\\\/www.lraloeverashop.eu\\\/wp-content\\\/uploads\\\/2022\\\/10\\\/Lr-Colostrum-2-liquid.jpg\",\"contentUrl\":\"https:\\\/\\\/www.lraloeverashop.eu\\\/wp-content\\\/uploads\\\/2022\\\/10\\\/Lr-Colostrum-2-liquid.jpg\",\"width\":1200,\"height\":1200,\"caption\":\"Lr Colostro 2 liquido piccolo pacchetto\"},{\"@type\":\"BreadcrumbList\",\"@id\":\"https:\\\/\\\/www.lraloeverashop.eu\\\/it\\\/prodotto\\\/colostro-direct-liquido-set\\\/#breadcrumb\",\"itemListElement\":[{\"@type\":\"ListItem\",\"position\":1,\"name\":\"Home\",\"item\":\"https:\\\/\\\/www.lraloeverashop.eu\\\/it\\\/\"},{\"@type\":\"ListItem\",\"position\":2,\"name\":\"Negozio\",\"item\":\"https:\\\/\\\/www.lraloeverashop.eu\\\/it\\\/negozio\\\/\"},{\"@type\":\"ListItem\",\"position\":3,\"name\":\"Colostro Direct Liquido Set 2 Pezzi\"}]},{\"@type\":\"WebSite\",\"@id\":\"https:\\\/\\\/www.lraloeverashop.eu\\\/it\\\/#website\",\"url\":\"https:\\\/\\\/www.lraloeverashop.eu\\\/it\\\/\",\"name\":\"Lr Negozio di Aloe Vera\",\"description\":\"High Quality Lr Aloe Vera Gel, Aloe Vera Cream and Shampoo\",\"publisher\":{\"@id\":\"https:\\\/\\\/www.lraloeverashop.eu\\\/it\\\/#organization\"},\"potentialAction\":[{\"@type\":\"SearchAction\",\"target\":{\"@type\":\"EntryPoint\",\"urlTemplate\":\"https:\\\/\\\/www.lraloeverashop.eu\\\/it\\\/?s={search_term_string}\"},\"query-input\":{\"@type\":\"PropertyValueSpecification\",\"valueRequired\":true,\"valueName\":\"search_term_string\"}}],\"inLanguage\":\"it-IT\"},{\"@type\":\"Organization\",\"@id\":\"https:\\\/\\\/www.lraloeverashop.eu\\\/it\\\/#organization\",\"name\":\"Negozio di Lr Aloe Vera\",\"alternateName\":\"LR\",\"url\":\"https:\\\/\\\/www.lraloeverashop.eu\\\/it\\\/\",\"logo\":{\"@type\":\"ImageObject\",\"inLanguage\":\"it-IT\",\"@id\":\"https:\\\/\\\/www.lraloeverashop.eu\\\/it\\\/#\\\/schema\\\/logo\\\/image\\\/\",\"url\":\"https:\\\/\\\/www.lraloeverashop.eu\\\/wp-content\\\/uploads\\\/2022\\\/09\\\/cropped-Lr-Aloe-Vera-Shop.jpg\",\"contentUrl\":\"https:\\\/\\\/www.lraloeverashop.eu\\\/wp-content\\\/uploads\\\/2022\\\/09\\\/cropped-Lr-Aloe-Vera-Shop.jpg\",\"width\":228,\"height\":76,\"caption\":\"Negozio di Lr Aloe Vera\"},\"image\":{\"@id\":\"https:\\\/\\\/www.lraloeverashop.eu\\\/it\\\/#\\\/schema\\\/logo\\\/image\\\/\"},\"sameAs\":[\"https:\\\/\\\/www.facebook.com\\\/lraloeverashop.eu\",\"https:\\\/\\\/x.com\\\/natur__kosmetik\",\"https:\\\/\\\/www.youtube.com\\\/channel\\\/UC5oN7BJ8nfYb8RpVtjwDEBA\",\"https:\\\/\\\/www.instagram.com\\\/lrbeautyeu\\\/\"],\"description\":\"Negozio di Lr Aloe Vera \u00e8 il tuo punto di riferimento per i prodotti LR Health & Beauty di alta qualit\u00e0, realizzati in Germania. Offriamo soluzioni per la cura della pelle, l'alimentazione e l'anti-et\u00e0 a base di Aloe Vera, formulate con ingredienti puri e supportate da ricerche scientifiche. Scopri una cura naturale che rigenera, protegge e rivitalizza la tua pelle e approfitta delle esclusive offerte mensili sui nostri prodotti LR Aloe Vera pi\u00f9 venduti.\\nInizia oggi il tuo percorso di cura della pelle naturale e senti la differenza.\",\"email\":\"info@lraloeverashop.eu\",\"telephone\":\"+49 17670609653\",\"legalName\":\"Lr Aloe Vera Shop\",\"foundingDate\":\"2018-04-21\",\"numberOfEmployees\":{\"@type\":\"QuantitativeValue\",\"minValue\":\"1\",\"maxValue\":\"10\"}}]}<\/script>\n<meta property=\"product:price:amount\" content=\"72.99\" \/>\n<meta property=\"product:price:currency\" content=\"EUR\" \/>\n<meta property=\"og:availability\" content=\"out of stock\" \/>\n<meta property=\"product:availability\" content=\"out of stock\" \/>\n<meta property=\"product:retailer_item_id\" content=\"80363-401IT\" \/>\n<meta property=\"product:condition\" content=\"new\" \/>\n<!-- \/ Yoast SEO Premium plugin. -->","yoast_head_json":{"title":"Lr Colostro Direct Liquido Set - Il meglio dalla natura!","description":"Lr Colostro Direct Liquido Set \u00e8 prodotto solo dal latte in eccesso delle prime ore, perch\u00e9 \u00e8 il pi\u00f9 nutriente. Senza additivi, colori o conservanti.","robots":{"index":"index","follow":"follow","max-snippet":"max-snippet:-1","max-image-preview":"max-image-preview:large","max-video-preview":"max-video-preview:-1"},"canonical":"https:\/\/www.lraloeverashop.eu\/it\/prodotto\/colostro-direct-liquido-set\/","og_locale":"it_IT","og_type":"article","og_title":"Colostro Direct Liquido Set 2 Pezzi","og_description":"Lr Colostro Direct Liquido Set \u00e8 prodotto solo dal latte in eccesso delle prime ore, perch\u00e9 \u00e8 il pi\u00f9 nutriente. Senza additivi, colori o conservanti.","og_url":"https:\/\/www.lraloeverashop.eu\/it\/prodotto\/colostro-direct-liquido-set\/","og_site_name":"Lr Negozio di Aloe Vera","article_publisher":"https:\/\/www.facebook.com\/lraloeverashop.eu","article_modified_time":"2026-02-03T19:33:29+00:00","og_image":[{"width":1200,"height":1200,"url":"https:\/\/www.lraloeverashop.eu\/wp-content\/uploads\/2022\/10\/Lr-Colostrum-2-liquid.jpg","type":"image\/jpeg"}],"twitter_card":"summary_large_image","twitter_site":"@natur__kosmetik","schema":{"@context":"https:\/\/schema.org","@graph":[{"@type":["WebPage","ItemPage"],"@id":"https:\/\/www.lraloeverashop.eu\/it\/prodotto\/colostro-direct-liquido-set\/","url":"https:\/\/www.lraloeverashop.eu\/it\/prodotto\/colostro-direct-liquido-set\/","name":"Lr Colostro Direct Liquido Set - Il meglio dalla natura!","isPartOf":{"@id":"https:\/\/www.lraloeverashop.eu\/it\/#website"},"primaryImageOfPage":{"@id":"https:\/\/www.lraloeverashop.eu\/it\/prodotto\/colostro-direct-liquido-set\/#primaryimage"},"image":{"@id":"https:\/\/www.lraloeverashop.eu\/it\/prodotto\/colostro-direct-liquido-set\/#primaryimage"},"thumbnailUrl":"https:\/\/www.lraloeverashop.eu\/wp-content\/uploads\/2022\/10\/Lr-Colostrum-2-liquid.jpg","datePublished":"2022-10-12T08:31:39+00:00","dateModified":"2026-02-03T19:33:29+00:00","description":"Lr Colostro Direct Liquido Set \u00e8 prodotto solo dal latte in eccesso delle prime ore, perch\u00e9 \u00e8 il pi\u00f9 nutriente. Senza additivi, colori o conservanti.","breadcrumb":{"@id":"https:\/\/www.lraloeverashop.eu\/it\/prodotto\/colostro-direct-liquido-set\/#breadcrumb"},"inLanguage":"it-IT","potentialAction":[{"@type":"ReadAction","target":["https:\/\/www.lraloeverashop.eu\/it\/prodotto\/colostro-direct-liquido-set\/"]}]},{"@type":"ImageObject","inLanguage":"it-IT","@id":"https:\/\/www.lraloeverashop.eu\/it\/prodotto\/colostro-direct-liquido-set\/#primaryimage","url":"https:\/\/www.lraloeverashop.eu\/wp-content\/uploads\/2022\/10\/Lr-Colostrum-2-liquid.jpg","contentUrl":"https:\/\/www.lraloeverashop.eu\/wp-content\/uploads\/2022\/10\/Lr-Colostrum-2-liquid.jpg","width":1200,"height":1200,"caption":"Lr Colostro 2 liquido piccolo pacchetto"},{"@type":"BreadcrumbList","@id":"https:\/\/www.lraloeverashop.eu\/it\/prodotto\/colostro-direct-liquido-set\/#breadcrumb","itemListElement":[{"@type":"ListItem","position":1,"name":"Home","item":"https:\/\/www.lraloeverashop.eu\/it\/"},{"@type":"ListItem","position":2,"name":"Negozio","item":"https:\/\/www.lraloeverashop.eu\/it\/negozio\/"},{"@type":"ListItem","position":3,"name":"Colostro Direct Liquido Set 2 Pezzi"}]},{"@type":"WebSite","@id":"https:\/\/www.lraloeverashop.eu\/it\/#website","url":"https:\/\/www.lraloeverashop.eu\/it\/","name":"Lr Negozio di Aloe Vera","description":"High Quality Lr Aloe Vera Gel, Aloe Vera Cream and Shampoo","publisher":{"@id":"https:\/\/www.lraloeverashop.eu\/it\/#organization"},"potentialAction":[{"@type":"SearchAction","target":{"@type":"EntryPoint","urlTemplate":"https:\/\/www.lraloeverashop.eu\/it\/?s={search_term_string}"},"query-input":{"@type":"PropertyValueSpecification","valueRequired":true,"valueName":"search_term_string"}}],"inLanguage":"it-IT"},{"@type":"Organization","@id":"https:\/\/www.lraloeverashop.eu\/it\/#organization","name":"Negozio di Lr Aloe Vera","alternateName":"LR","url":"https:\/\/www.lraloeverashop.eu\/it\/","logo":{"@type":"ImageObject","inLanguage":"it-IT","@id":"https:\/\/www.lraloeverashop.eu\/it\/#\/schema\/logo\/image\/","url":"https:\/\/www.lraloeverashop.eu\/wp-content\/uploads\/2022\/09\/cropped-Lr-Aloe-Vera-Shop.jpg","contentUrl":"https:\/\/www.lraloeverashop.eu\/wp-content\/uploads\/2022\/09\/cropped-Lr-Aloe-Vera-Shop.jpg","width":228,"height":76,"caption":"Negozio di Lr Aloe Vera"},"image":{"@id":"https:\/\/www.lraloeverashop.eu\/it\/#\/schema\/logo\/image\/"},"sameAs":["https:\/\/www.facebook.com\/lraloeverashop.eu","https:\/\/x.com\/natur__kosmetik","https:\/\/www.youtube.com\/channel\/UC5oN7BJ8nfYb8RpVtjwDEBA","https:\/\/www.instagram.com\/lrbeautyeu\/"],"description":"Negozio di Lr Aloe Vera \u00e8 il tuo punto di riferimento per i prodotti LR Health & Beauty di alta qualit\u00e0, realizzati in Germania. Offriamo soluzioni per la cura della pelle, l'alimentazione e l'anti-et\u00e0 a base di Aloe Vera, formulate con ingredienti puri e supportate da ricerche scientifiche. Scopri una cura naturale che rigenera, protegge e rivitalizza la tua pelle e approfitta delle esclusive offerte mensili sui nostri prodotti LR Aloe Vera pi\u00f9 venduti.\nInizia oggi il tuo percorso di cura della pelle naturale e senti la differenza.","email":"info@lraloeverashop.eu","telephone":"+49 17670609653","legalName":"Lr Aloe Vera Shop","foundingDate":"2018-04-21","numberOfEmployees":{"@type":"QuantitativeValue","minValue":"1","maxValue":"10"}}]},"product_price_amount":"72.99","product_price_currency":"EUR","og_availability":"out of stock","product_availability":"out of stock","product_retailer_item_id":"80363-401IT","product_condition":"new"},"taxonomy_info":{"product_cat":[{"value":400,"label":"Base"},{"value":496,"label":"Colostro"},{"value":353,"label":"Offerte"},{"value":412,"label":"Prodotti Speciali"},{"value":347,"label":"Sistema Immunitario ed Equilibrio"},{"value":466,"label":"Specialisti"}],"product_tag":[{"value":663,"label":"Potenziatore immunitario"}]},"featured_image_src_large":["https:\/\/www.lraloeverashop.eu\/wp-content\/uploads\/2022\/10\/Lr-Colostrum-2-liquid-1024x1024.jpg",1024,1024,true],"author_info":[],"comment_info":0,"_links":{"self":[{"href":"https:\/\/www.lraloeverashop.eu\/it\/wp-json\/wp\/v2\/product\/10001","targetHints":{"allow":["GET"]}}],"collection":[{"href":"https:\/\/www.lraloeverashop.eu\/it\/wp-json\/wp\/v2\/product"}],"about":[{"href":"https:\/\/www.lraloeverashop.eu\/it\/wp-json\/wp\/v2\/types\/product"}],"replies":[{"embeddable":true,"href":"https:\/\/www.lraloeverashop.eu\/it\/wp-json\/wp\/v2\/comments?post=10001"}],"wp:featuredmedia":[{"embeddable":true,"href":"https:\/\/www.lraloeverashop.eu\/it\/wp-json\/wp\/v2\/media\/5522"}],"wp:attachment":[{"href":"https:\/\/www.lraloeverashop.eu\/it\/wp-json\/wp\/v2\/media?parent=10001"}],"wp:term":[{"taxonomy":"product_brand","embeddable":true,"href":"https:\/\/www.lraloeverashop.eu\/it\/wp-json\/wp\/v2\/product_brand?post=10001"},{"taxonomy":"product_cat","embeddable":true,"href":"https:\/\/www.lraloeverashop.eu\/it\/wp-json\/wp\/v2\/product_cat?post=10001"},{"taxonomy":"product_tag","embeddable":true,"href":"https:\/\/www.lraloeverashop.eu\/it\/wp-json\/wp\/v2\/product_tag?post=10001"}],"curies":[{"name":"wp","href":"https:\/\/api.w.org\/{rel}","templated":true}]}}