{"id":9938,"date":"2022-10-12T10:49:19","date_gmt":"2022-10-12T08:49:19","guid":{"rendered":"https:\/\/www.lraloeverashop.eu\/product\/colostrum-bovin-bio-gelules-set\/"},"modified":"2026-02-02T19:48:25","modified_gmt":"2026-02-02T18:48:25","slug":"colostrum-bovin-bio-gelules-set","status":"publish","type":"product","link":"https:\/\/www.lraloeverashop.eu\/fr\/produit\/colostrum-bovin-bio-gelules-set\/","title":{"rendered":"Colostrum G\u00e9lules Set"},"content":{"rendered":"<h2><strong><span style=\"font-size: 16pt;\">Colostrum G\u00e9lules Set<\/span><\/strong><\/h2>\n<p><strong><span style=\"font-size: 14pt;\">Colostrum G\u00e9lules Set Pour le bien-\u00eatre g\u00e9n\u00e9ral<\/span><\/strong><\/p>\n<p>Set contiennent le meilleur du premier lait de vache sous forme hautement concentr\u00e9e. La pr\u00e9cieuse poudre de colostrum \u00e0 l&#8217;int\u00e9rieur des g\u00e9lules est obtenue \u00e0 partir du premier lait maternel apr\u00e8s la naissance d&#8217;un veau. Seulement d\u00e9graiss\u00e9 et l\u00e9g\u00e8rement lyophilis\u00e9, les ingr\u00e9dients de qualit\u00e9 restent en grande partie intacts.<\/p>\n<p>La composition de haute qualit\u00e9 des g\u00e9lules fait de Lr Colostrum G\u00e9lules Set un produit de qualit\u00e9 fabriqu\u00e9 en Allemagne, dont vous pouvez compter sur la <a href=\"https:\/\/www.lraloeverashop.eu\/fr\/produit\/cistus-incanus-gelules\/\">qualit\u00e9<\/a>. Pour la production, LR utilise uniquement du colostrum en exc\u00e8s, qui a fait l&#8217;objet de nombreux tests pr\u00e9alables.<\/p>\n<p>Chaque \u00e9tape de fabrication est accompagn\u00e9e de param\u00e8tres de qualit\u00e9 stricts et des normes de contr\u00f4le les plus strictes. Outre les contr\u00f4les internes, l\u2019Institut SGS ind\u00e9pendant FRESENIUS examine r\u00e9guli\u00e8rement toutes les \u00e9tapes de traitement ainsi que le produit final.<\/p>\n<p>Signe de haute qualit\u00e9, les <a href=\"https:\/\/www.lraloeverashop.eu\/fr\/categorie-produit\/produits-speciaux\/colostrum-fr\/\">Produits Lr Colostrum<\/a> portent le sceau de qualit\u00e9 INSTITUTE FRESENIUS, l\u2019un des sceaux de test ind\u00e9pendants les plus robustes du march\u00e9.<\/p>\n<div class=\"entry-content-asset videofit\"><iframe loading=\"lazy\" title=\"Colostrum Bovin  \u2013 Faites Quelque Chose De Bien Pour Vous\" width=\"720\" height=\"405\" src=\"https:\/\/www.youtube.com\/embed\/hmpW52D-azs?feature=oembed\" frameborder=\"0\" allow=\"accelerometer; autoplay; clipboard-write; encrypted-media; gyroscope; picture-in-picture; web-share\" referrerpolicy=\"strict-origin-when-cross-origin\" allowfullscreen><\/iframe><\/div>\n<h3><strong><span style=\"font-size: 16pt;\">Comment utiliser\u00a0<\/span><\/strong><\/h3>\n<p>Prendre une <a href=\"https:\/\/www.lraloeverashop.eu\/fr\/produit\/colostrum-bovin-bio-gelules\/\">g\u00e9lule<\/a> avec un peu d\u2019eau chaque matin et chaque soir.<\/p>\n<p>Colostrum G\u00e9lules Ne pas consommer avec des boissons chaudes.<\/p>\n<p>Veillez \u00e0 avoir une alimentation vari\u00e9e et \u00e9quilibr\u00e9e ainsi qu\u2019un mode de <a href=\"https:\/\/www.lraloeverashop.eu\/fr\/produit\/lr-cannaloe-cbd-gelules\/\">vie sain<\/a>. \u00c0 conserver dans un endroit frais et sec.<\/p>\n<p>&nbsp;<\/p>\n<h4><strong><span style=\"font-size: 16pt;\">Le saviez-vous?<\/span><\/strong><\/h4>\n<p>Afin de satisfaire aux exigences \u00e9lev\u00e9es en mati\u00e8re de qualit\u00e9 et de pouvoir contr\u00f4ler de fa\u00e7on coh\u00e9rente toutes les \u00e9tapes menant jusqu\u2019au produit final, LR utilise pour ces produits Colostrum uniquement le colostrum exc\u00e9dentaire de vaches europ\u00e9ennes. Chaque lot de production est int\u00e9gralement tra\u00e7able jusqu\u2019\u00e0 la ferme de l\u2019\u00e9leveur.<\/p>\n","protected":false},"excerpt":{"rendered":"<ul>\n<li>G\u00e9lules contenant du Colostrum pour la consommation quotidienne<\/li>\n<li>Pour le bien-\u00eatre g\u00e9n\u00e9ral<\/li>\n<li>Fournir 800 mg de pr\u00e9cieuse poudre de colostrum de vache d\u00e9graiss\u00e9e par ration quotidienne<\/li>\n<li>Produit fabriqu\u00e9 en Allemagne<\/li>\n<li>Colostrum exclusivement de vaches europ\u00e9ennes<\/li>\n<li>Quantit\u00e9: 3 x 60 G\u00e9lules<\/li>\n<\/ul>\n<p style=\"text-align: left;\"><span style=\"color: #ff0000;\"><a style=\"color: #ff0000;\" href=\"https:\/\/shop.lrworld.com\/openpao?PHP=0vFlt7jT938BEnBI3a6e9w%3D%3D\"><span style=\"font-size: 14pt;\"><strong>Inscrivez-vous et \u00e9conomisez 35% sur chaque commande<\/strong><\/span><\/a><\/span><\/p>\n","protected":false},"featured_media":5538,"comment_status":"open","ping_status":"closed","template":"","meta":{"_kad_blocks_custom_css":"","_kad_blocks_head_custom_js":"","_kad_blocks_body_custom_js":"","_kad_blocks_footer_custom_js":"","_kadence_starter_templates_imported_post":false,"_kad_post_transparent":"default","_kad_post_title":"","_kad_post_layout":"default","_kad_post_sidebar_id":"","_kad_post_content_style":"default","_kad_post_vertical_padding":"default","_kad_post_feature":"","_kad_post_feature_position":"","_kad_post_header":false,"_kad_post_footer":false,"_kad_post_classname":""},"product_brand":[],"product_cat":[398,494,463,410,345],"product_tag":[643],"class_list":{"0":"post-9938","1":"product","2":"type-product","3":"status-publish","4":"has-post-thumbnail","6":"product_cat-base","7":"product_cat-colostrum-fr","8":"product_cat-economisez-sur-les-ensembles","9":"product_cat-produits-speciaux","10":"product_cat-systeme-immunitaire-et-equilibre","11":"product_tag-booster-immunitaire","13":"first","14":"instock","15":"taxable","16":"shipping-taxable","17":"purchasable","18":"product-type-simple","19":"entry","20":"content-bg","21":"loop-entry"},"yoast_head":"<!-- This site is optimized with the Yoast SEO Premium plugin v27.5 (Yoast SEO v27.5) - https:\/\/yoast.com\/product\/yoast-seo-premium-wordpress\/ -->\n<title>Colostrum G\u00e9lules Set pour le bien-\u00eatre g\u00e9n\u00e9ral.<\/title>\n<meta name=\"description\" content=\"Colostrum G\u00e9lules Set est un produit de qualit\u00e9 fabriqu\u00e9 Allemagne. Chaque \u00e9tape de fabrication est accompagn\u00e9e de param\u00e8tres de qualit\u00e9 stricts.\" \/>\n<meta name=\"robots\" content=\"index, follow, max-snippet:-1, max-image-preview:large, max-video-preview:-1\" \/>\n<link rel=\"canonical\" href=\"https:\/\/www.lraloeverashop.eu\/fr\/produit\/colostrum-bovin-bio-gelules-set\/\" \/>\n<meta property=\"og:locale\" content=\"fr_FR\" \/>\n<meta property=\"og:type\" content=\"article\" \/>\n<meta property=\"og:title\" content=\"Colostrum G\u00e9lules Set\" \/>\n<meta property=\"og:description\" content=\"Colostrum G\u00e9lules Set est un produit de qualit\u00e9 fabriqu\u00e9 Allemagne. Chaque \u00e9tape de fabrication est accompagn\u00e9e de param\u00e8tres de qualit\u00e9 stricts.\" \/>\n<meta property=\"og:url\" content=\"https:\/\/www.lraloeverashop.eu\/fr\/produit\/colostrum-bovin-bio-gelules-set\/\" \/>\n<meta property=\"og:site_name\" content=\"Boutique Lr Aloe Vera\" \/>\n<meta property=\"article:publisher\" content=\"https:\/\/www.facebook.com\/lraloeverashop.eu\" \/>\n<meta property=\"article:modified_time\" content=\"2026-02-02T18:48:25+00:00\" \/>\n<meta property=\"og:image\" content=\"https:\/\/www.lraloeverashop.eu\/wp-content\/uploads\/2022\/10\/Lr-Colostrum-Compact-capsules-3-Set.jpg\" \/>\n\t<meta property=\"og:image:width\" content=\"1200\" \/>\n\t<meta property=\"og:image:height\" content=\"1200\" \/>\n\t<meta property=\"og:image:type\" content=\"image\/jpeg\" \/>\n<meta name=\"twitter:card\" content=\"summary_large_image\" \/>\n<meta name=\"twitter:site\" content=\"@natur__kosmetik\" \/>\n<script type=\"application\/ld+json\" class=\"yoast-schema-graph\">{\"@context\":\"https:\\\/\\\/schema.org\",\"@graph\":[{\"@type\":[\"WebPage\",\"ItemPage\"],\"@id\":\"https:\\\/\\\/www.lraloeverashop.eu\\\/fr\\\/produit\\\/colostrum-bovin-bio-gelules-set\\\/\",\"url\":\"https:\\\/\\\/www.lraloeverashop.eu\\\/fr\\\/produit\\\/colostrum-bovin-bio-gelules-set\\\/\",\"name\":\"Colostrum G\u00e9lules Set pour le bien-\u00eatre g\u00e9n\u00e9ral.\",\"isPartOf\":{\"@id\":\"https:\\\/\\\/www.lraloeverashop.eu\\\/fr\\\/#website\"},\"primaryImageOfPage\":{\"@id\":\"https:\\\/\\\/www.lraloeverashop.eu\\\/fr\\\/produit\\\/colostrum-bovin-bio-gelules-set\\\/#primaryimage\"},\"image\":{\"@id\":\"https:\\\/\\\/www.lraloeverashop.eu\\\/fr\\\/produit\\\/colostrum-bovin-bio-gelules-set\\\/#primaryimage\"},\"thumbnailUrl\":\"https:\\\/\\\/www.lraloeverashop.eu\\\/wp-content\\\/uploads\\\/2022\\\/10\\\/Lr-Colostrum-Compact-capsules-3-Set.jpg\",\"datePublished\":\"2022-10-12T08:49:19+00:00\",\"dateModified\":\"2026-02-02T18:48:25+00:00\",\"description\":\"Colostrum G\u00e9lules Set est un produit de qualit\u00e9 fabriqu\u00e9 Allemagne. Chaque \u00e9tape de fabrication est accompagn\u00e9e de param\u00e8tres de qualit\u00e9 stricts.\",\"breadcrumb\":{\"@id\":\"https:\\\/\\\/www.lraloeverashop.eu\\\/fr\\\/produit\\\/colostrum-bovin-bio-gelules-set\\\/#breadcrumb\"},\"inLanguage\":\"fr-FR\",\"potentialAction\":[{\"@type\":\"ReadAction\",\"target\":[\"https:\\\/\\\/www.lraloeverashop.eu\\\/fr\\\/produit\\\/colostrum-bovin-bio-gelules-set\\\/\"]}]},{\"@type\":\"ImageObject\",\"inLanguage\":\"fr-FR\",\"@id\":\"https:\\\/\\\/www.lraloeverashop.eu\\\/fr\\\/produit\\\/colostrum-bovin-bio-gelules-set\\\/#primaryimage\",\"url\":\"https:\\\/\\\/www.lraloeverashop.eu\\\/wp-content\\\/uploads\\\/2022\\\/10\\\/Lr-Colostrum-Compact-capsules-3-Set.jpg\",\"contentUrl\":\"https:\\\/\\\/www.lraloeverashop.eu\\\/wp-content\\\/uploads\\\/2022\\\/10\\\/Lr-Colostrum-Compact-capsules-3-Set.jpg\",\"width\":1200,\"height\":1200,\"caption\":\"G\u00e9lules compactes de colostrum ensemble de 3 mois\"},{\"@type\":\"BreadcrumbList\",\"@id\":\"https:\\\/\\\/www.lraloeverashop.eu\\\/fr\\\/produit\\\/colostrum-bovin-bio-gelules-set\\\/#breadcrumb\",\"itemListElement\":[{\"@type\":\"ListItem\",\"position\":1,\"name\":\"Home\",\"item\":\"https:\\\/\\\/www.lraloeverashop.eu\\\/fr\\\/home\\\/\"},{\"@type\":\"ListItem\",\"position\":2,\"name\":\"Boutique\",\"item\":\"https:\\\/\\\/www.lraloeverashop.eu\\\/fr\\\/boutique\\\/\"},{\"@type\":\"ListItem\",\"position\":3,\"name\":\"Colostrum G\u00e9lules Set\"}]},{\"@type\":\"WebSite\",\"@id\":\"https:\\\/\\\/www.lraloeverashop.eu\\\/fr\\\/#website\",\"url\":\"https:\\\/\\\/www.lraloeverashop.eu\\\/fr\\\/\",\"name\":\"Boutique Lr Aloe Vera\",\"description\":\"High Quality Lr Aloe Vera Gel, Aloe Vera Cream and Shampoo\",\"publisher\":{\"@id\":\"https:\\\/\\\/www.lraloeverashop.eu\\\/fr\\\/#organization\"},\"alternateName\":\"LR\",\"potentialAction\":[{\"@type\":\"SearchAction\",\"target\":{\"@type\":\"EntryPoint\",\"urlTemplate\":\"https:\\\/\\\/www.lraloeverashop.eu\\\/fr\\\/?s={search_term_string}\"},\"query-input\":{\"@type\":\"PropertyValueSpecification\",\"valueRequired\":true,\"valueName\":\"search_term_string\"}}],\"inLanguage\":\"fr-FR\"},{\"@type\":\"Organization\",\"@id\":\"https:\\\/\\\/www.lraloeverashop.eu\\\/fr\\\/#organization\",\"name\":\"Boutique Lr Aloe Vera\",\"alternateName\":\"LR\",\"url\":\"https:\\\/\\\/www.lraloeverashop.eu\\\/fr\\\/\",\"logo\":{\"@type\":\"ImageObject\",\"inLanguage\":\"fr-FR\",\"@id\":\"https:\\\/\\\/www.lraloeverashop.eu\\\/fr\\\/#\\\/schema\\\/logo\\\/image\\\/\",\"url\":\"https:\\\/\\\/www.lraloeverashop.eu\\\/wp-content\\\/uploads\\\/2022\\\/09\\\/cropped-Lr-Aloe-Vera-Shop.jpg\",\"contentUrl\":\"https:\\\/\\\/www.lraloeverashop.eu\\\/wp-content\\\/uploads\\\/2022\\\/09\\\/cropped-Lr-Aloe-Vera-Shop.jpg\",\"width\":228,\"height\":76,\"caption\":\"Boutique Lr Aloe Vera\"},\"image\":{\"@id\":\"https:\\\/\\\/www.lraloeverashop.eu\\\/fr\\\/#\\\/schema\\\/logo\\\/image\\\/\"},\"sameAs\":[\"https:\\\/\\\/www.facebook.com\\\/lraloeverashop.eu\",\"https:\\\/\\\/x.com\\\/natur__kosmetik\",\"https:\\\/\\\/www.youtube.com\\\/channel\\\/UC5oN7BJ8nfYb8RpVtjwDEBA\",\"https:\\\/\\\/www.instagram.com\\\/lrbeautyeu\\\/\"],\"description\":\"La boutique LR Aloe Vera est votre destination de confiance pour les produits de sant\u00e9 et de beaut\u00e9 haut de gamme LR, fabriqu\u00e9s en Allemagne. Nous proposons des soins de la peau, des compl\u00e9ments nutritionnels et des solutions anti-\u00e2ge \u00e0 l'aloe vera de haute qualit\u00e9, \u00e9labor\u00e9s \u00e0 partir d'ingr\u00e9dients purs et valid\u00e9s par la recherche scientifique. D\u00e9couvrez des soins naturels qui r\u00e9g\u00e9n\u00e8rent, prot\u00e8gent et revitalisent votre peau, et profitez d'offres mensuelles exclusives sur nos produits LR Aloe Vera les plus vendus.\\n\\nCommencez d\u00e8s aujourd'hui votre parcours vers des soins naturels et constatez la diff\u00e9rence.\",\"email\":\"info@lraloeverashop.eu\",\"telephone\":\"+49 17670609653\",\"legalName\":\"Lr Aloe Vera Shop\",\"foundingDate\":\"2018-04-21\",\"numberOfEmployees\":{\"@type\":\"QuantitativeValue\",\"minValue\":\"1\",\"maxValue\":\"10\"}}]}<\/script>\n<meta property=\"product:price:amount\" content=\"178.41\" \/>\n<meta property=\"product:price:currency\" content=\"EUR\" \/>\n<meta property=\"og:availability\" content=\"instock\" \/>\n<meta property=\"product:availability\" content=\"instock\" \/>\n<meta property=\"product:retailer_item_id\" content=\"80389-501FR\" \/>\n<meta property=\"product:condition\" content=\"new\" \/>\n<!-- \/ Yoast SEO Premium plugin. -->","yoast_head_json":{"title":"Colostrum G\u00e9lules Set pour le bien-\u00eatre g\u00e9n\u00e9ral.","description":"Colostrum G\u00e9lules Set est un produit de qualit\u00e9 fabriqu\u00e9 Allemagne. Chaque \u00e9tape de fabrication est accompagn\u00e9e de param\u00e8tres de qualit\u00e9 stricts.","robots":{"index":"index","follow":"follow","max-snippet":"max-snippet:-1","max-image-preview":"max-image-preview:large","max-video-preview":"max-video-preview:-1"},"canonical":"https:\/\/www.lraloeverashop.eu\/fr\/produit\/colostrum-bovin-bio-gelules-set\/","og_locale":"fr_FR","og_type":"article","og_title":"Colostrum G\u00e9lules Set","og_description":"Colostrum G\u00e9lules Set est un produit de qualit\u00e9 fabriqu\u00e9 Allemagne. Chaque \u00e9tape de fabrication est accompagn\u00e9e de param\u00e8tres de qualit\u00e9 stricts.","og_url":"https:\/\/www.lraloeverashop.eu\/fr\/produit\/colostrum-bovin-bio-gelules-set\/","og_site_name":"Boutique Lr Aloe Vera","article_publisher":"https:\/\/www.facebook.com\/lraloeverashop.eu","article_modified_time":"2026-02-02T18:48:25+00:00","og_image":[{"width":1200,"height":1200,"url":"https:\/\/www.lraloeverashop.eu\/wp-content\/uploads\/2022\/10\/Lr-Colostrum-Compact-capsules-3-Set.jpg","type":"image\/jpeg"}],"twitter_card":"summary_large_image","twitter_site":"@natur__kosmetik","schema":{"@context":"https:\/\/schema.org","@graph":[{"@type":["WebPage","ItemPage"],"@id":"https:\/\/www.lraloeverashop.eu\/fr\/produit\/colostrum-bovin-bio-gelules-set\/","url":"https:\/\/www.lraloeverashop.eu\/fr\/produit\/colostrum-bovin-bio-gelules-set\/","name":"Colostrum G\u00e9lules Set pour le bien-\u00eatre g\u00e9n\u00e9ral.","isPartOf":{"@id":"https:\/\/www.lraloeverashop.eu\/fr\/#website"},"primaryImageOfPage":{"@id":"https:\/\/www.lraloeverashop.eu\/fr\/produit\/colostrum-bovin-bio-gelules-set\/#primaryimage"},"image":{"@id":"https:\/\/www.lraloeverashop.eu\/fr\/produit\/colostrum-bovin-bio-gelules-set\/#primaryimage"},"thumbnailUrl":"https:\/\/www.lraloeverashop.eu\/wp-content\/uploads\/2022\/10\/Lr-Colostrum-Compact-capsules-3-Set.jpg","datePublished":"2022-10-12T08:49:19+00:00","dateModified":"2026-02-02T18:48:25+00:00","description":"Colostrum G\u00e9lules Set est un produit de qualit\u00e9 fabriqu\u00e9 Allemagne. Chaque \u00e9tape de fabrication est accompagn\u00e9e de param\u00e8tres de qualit\u00e9 stricts.","breadcrumb":{"@id":"https:\/\/www.lraloeverashop.eu\/fr\/produit\/colostrum-bovin-bio-gelules-set\/#breadcrumb"},"inLanguage":"fr-FR","potentialAction":[{"@type":"ReadAction","target":["https:\/\/www.lraloeverashop.eu\/fr\/produit\/colostrum-bovin-bio-gelules-set\/"]}]},{"@type":"ImageObject","inLanguage":"fr-FR","@id":"https:\/\/www.lraloeverashop.eu\/fr\/produit\/colostrum-bovin-bio-gelules-set\/#primaryimage","url":"https:\/\/www.lraloeverashop.eu\/wp-content\/uploads\/2022\/10\/Lr-Colostrum-Compact-capsules-3-Set.jpg","contentUrl":"https:\/\/www.lraloeverashop.eu\/wp-content\/uploads\/2022\/10\/Lr-Colostrum-Compact-capsules-3-Set.jpg","width":1200,"height":1200,"caption":"G\u00e9lules compactes de colostrum ensemble de 3 mois"},{"@type":"BreadcrumbList","@id":"https:\/\/www.lraloeverashop.eu\/fr\/produit\/colostrum-bovin-bio-gelules-set\/#breadcrumb","itemListElement":[{"@type":"ListItem","position":1,"name":"Home","item":"https:\/\/www.lraloeverashop.eu\/fr\/home\/"},{"@type":"ListItem","position":2,"name":"Boutique","item":"https:\/\/www.lraloeverashop.eu\/fr\/boutique\/"},{"@type":"ListItem","position":3,"name":"Colostrum G\u00e9lules Set"}]},{"@type":"WebSite","@id":"https:\/\/www.lraloeverashop.eu\/fr\/#website","url":"https:\/\/www.lraloeverashop.eu\/fr\/","name":"Boutique Lr Aloe Vera","description":"High Quality Lr Aloe Vera Gel, Aloe Vera Cream and Shampoo","publisher":{"@id":"https:\/\/www.lraloeverashop.eu\/fr\/#organization"},"alternateName":"LR","potentialAction":[{"@type":"SearchAction","target":{"@type":"EntryPoint","urlTemplate":"https:\/\/www.lraloeverashop.eu\/fr\/?s={search_term_string}"},"query-input":{"@type":"PropertyValueSpecification","valueRequired":true,"valueName":"search_term_string"}}],"inLanguage":"fr-FR"},{"@type":"Organization","@id":"https:\/\/www.lraloeverashop.eu\/fr\/#organization","name":"Boutique Lr Aloe Vera","alternateName":"LR","url":"https:\/\/www.lraloeverashop.eu\/fr\/","logo":{"@type":"ImageObject","inLanguage":"fr-FR","@id":"https:\/\/www.lraloeverashop.eu\/fr\/#\/schema\/logo\/image\/","url":"https:\/\/www.lraloeverashop.eu\/wp-content\/uploads\/2022\/09\/cropped-Lr-Aloe-Vera-Shop.jpg","contentUrl":"https:\/\/www.lraloeverashop.eu\/wp-content\/uploads\/2022\/09\/cropped-Lr-Aloe-Vera-Shop.jpg","width":228,"height":76,"caption":"Boutique Lr Aloe Vera"},"image":{"@id":"https:\/\/www.lraloeverashop.eu\/fr\/#\/schema\/logo\/image\/"},"sameAs":["https:\/\/www.facebook.com\/lraloeverashop.eu","https:\/\/x.com\/natur__kosmetik","https:\/\/www.youtube.com\/channel\/UC5oN7BJ8nfYb8RpVtjwDEBA","https:\/\/www.instagram.com\/lrbeautyeu\/"],"description":"La boutique LR Aloe Vera est votre destination de confiance pour les produits de sant\u00e9 et de beaut\u00e9 haut de gamme LR, fabriqu\u00e9s en Allemagne. Nous proposons des soins de la peau, des compl\u00e9ments nutritionnels et des solutions anti-\u00e2ge \u00e0 l'aloe vera de haute qualit\u00e9, \u00e9labor\u00e9s \u00e0 partir d'ingr\u00e9dients purs et valid\u00e9s par la recherche scientifique. D\u00e9couvrez des soins naturels qui r\u00e9g\u00e9n\u00e8rent, prot\u00e8gent et revitalisent votre peau, et profitez d'offres mensuelles exclusives sur nos produits LR Aloe Vera les plus vendus.\n\nCommencez d\u00e8s aujourd'hui votre parcours vers des soins naturels et constatez la diff\u00e9rence.","email":"info@lraloeverashop.eu","telephone":"+49 17670609653","legalName":"Lr Aloe Vera Shop","foundingDate":"2018-04-21","numberOfEmployees":{"@type":"QuantitativeValue","minValue":"1","maxValue":"10"}}]},"product_price_amount":"178.41","product_price_currency":"EUR","og_availability":"instock","product_availability":"instock","product_retailer_item_id":"80389-501FR","product_condition":"new"},"taxonomy_info":{"product_cat":[{"value":398,"label":"Base"},{"value":494,"label":"Colostrum"},{"value":463,"label":"\u00c9conomisez sur les ensembles"},{"value":410,"label":"Produits Speciaux"},{"value":345,"label":"Syst\u00e8me immunitaire et \u00e9quilibre"}],"product_tag":[{"value":643,"label":"Booster immunitaire"}]},"featured_image_src_large":["https:\/\/www.lraloeverashop.eu\/wp-content\/uploads\/2022\/10\/Lr-Colostrum-Compact-capsules-3-Set-1024x1024.jpg",1024,1024,true],"author_info":[],"comment_info":0,"_links":{"self":[{"href":"https:\/\/www.lraloeverashop.eu\/fr\/wp-json\/wp\/v2\/product\/9938","targetHints":{"allow":["GET"]}}],"collection":[{"href":"https:\/\/www.lraloeverashop.eu\/fr\/wp-json\/wp\/v2\/product"}],"about":[{"href":"https:\/\/www.lraloeverashop.eu\/fr\/wp-json\/wp\/v2\/types\/product"}],"replies":[{"embeddable":true,"href":"https:\/\/www.lraloeverashop.eu\/fr\/wp-json\/wp\/v2\/comments?post=9938"}],"wp:featuredmedia":[{"embeddable":true,"href":"https:\/\/www.lraloeverashop.eu\/fr\/wp-json\/wp\/v2\/media\/5538"}],"wp:attachment":[{"href":"https:\/\/www.lraloeverashop.eu\/fr\/wp-json\/wp\/v2\/media?parent=9938"}],"wp:term":[{"taxonomy":"product_brand","embeddable":true,"href":"https:\/\/www.lraloeverashop.eu\/fr\/wp-json\/wp\/v2\/product_brand?post=9938"},{"taxonomy":"product_cat","embeddable":true,"href":"https:\/\/www.lraloeverashop.eu\/fr\/wp-json\/wp\/v2\/product_cat?post=9938"},{"taxonomy":"product_tag","embeddable":true,"href":"https:\/\/www.lraloeverashop.eu\/fr\/wp-json\/wp\/v2\/product_tag?post=9938"}],"curies":[{"name":"wp","href":"https:\/\/api.w.org\/{rel}","templated":true}]}}