{"id":9936,"date":"2022-10-12T10:42:13","date_gmt":"2022-10-12T08:42:13","guid":{"rendered":"https:\/\/www.lraloeverashop.eu\/product\/colostrum-bovin-bio-gelules\/"},"modified":"2026-02-02T19:48:57","modified_gmt":"2026-02-02T18:48:57","slug":"colostrum-bovin-bio-gelules","status":"publish","type":"product","link":"https:\/\/www.lraloeverashop.eu\/fr\/produit\/colostrum-bovin-bio-gelules\/","title":{"rendered":"Colostrum Bovin Bio G\u00e9lules"},"content":{"rendered":"<h2><span style=\"font-size: 16pt;\"><strong>Colostrum Bovin Bio G\u00e9lules<\/strong><\/span><\/h2>\n<p><span style=\"font-size: 14pt;\"><strong>Colostrum Bovin Bio G\u00e9lules &#8211; Profitez du meilleur de la nature!<\/strong><\/span><\/p>\n<p>Les <a href=\"https:\/\/www.lraloeverashop.eu\/fr\/produit\/colostrum-bovin-bio-gelules-set\/\">Lr Colostrum G\u00e9lules<\/a>\u00a0 contiennent le meilleur du premier lait de vache sous forme hautement concentr\u00e9e. La pr\u00e9cieuse poudre de colostrum \u00e0 l&rsquo;int\u00e9rieur des g\u00e9lules est obtenue \u00e0 partir du premier lait maternel apr\u00e8s la naissance d&rsquo;un veau. Seulement d\u00e9graiss\u00e9 et l\u00e9g\u00e8rement lyophilis\u00e9, les ingr\u00e9dients de qualit\u00e9 restent en grande partie intacts.<\/p>\n<p>La composition de haute qualit\u00e9 des g\u00e9lules fait de Lr Colostrum G\u00e9lules un produit de qualit\u00e9 fabriqu\u00e9 en Allemagne, dont vous pouvez compter sur la qualit\u00e9. Pour la production, LR utilise uniquement du <a href=\"https:\/\/www.lraloeverashop.eu\/fr\/comment-le-colostrum-de-vache-renforce-naturellement-votre-systeme-immunitaire\/\"><strong>Colostrum<\/strong><\/a> en exc\u00e8s, qui a fait l&rsquo;objet de nombreux tests pr\u00e9alables.<\/p>\n<p>Chaque <a href=\"https:\/\/www.lraloeverashop.eu\/fr\/produit\/le-colostrum-lait\/\">\u00e9tape de fabrication<\/a> est accompagn\u00e9e de param\u00e8tres de qualit\u00e9 stricts et des normes de contr\u00f4le les plus strictes. Outre les contr\u00f4les internes, l\u2019Institut SGS ind\u00e9pendant FRESENIUS examine r\u00e9guli\u00e8rement toutes les \u00e9tapes de traitement ainsi que le produit final.<\/p>\n<p>Signe de haute qualit\u00e9, les <a href=\"https:\/\/www.lraloeverashop.eu\/fr\/categorie-produit\/produits-speciaux\/colostrum-fr\/\">Produits Lr Colostrum<\/a> portent le sceau de qualit\u00e9 INSTITUTE FRESENIUS, l\u2019un des sceaux de test ind\u00e9pendants les plus robustes du march\u00e9.<\/p>\n<div class=\"entry-content-asset videofit\"><iframe loading=\"lazy\" title=\"Colostrum Bovin  \u2013 Faites Quelque Chose De Bien Pour Vous\" width=\"720\" height=\"405\" src=\"https:\/\/www.youtube.com\/embed\/hmpW52D-azs?feature=oembed\" frameborder=\"0\" allow=\"accelerometer; autoplay; clipboard-write; encrypted-media; gyroscope; picture-in-picture; web-share\" referrerpolicy=\"strict-origin-when-cross-origin\" allowfullscreen><\/iframe><\/div>\n<h3><strong><span style=\"font-size: 16pt;\">Comment utiliser Colostrum G\u00e9lules<\/span><\/strong><\/h3>\n<p>Prendre une de Colostrum Bovin Bio G\u00e9lules avec un peu d\u2019eau chaque matin et chaque soir.<\/p>\n<p>Ne pas consommer avec des boissons chaudes.<\/p>\n<p>Veillez \u00e0 avoir une alimentation vari\u00e9e et \u00e9quilibr\u00e9e ainsi qu\u2019un mode de <a href=\"https:\/\/www.lraloeverashop.eu\/fr\/produit\/cistus-incanus-lr-gelules-set\/\">vie sain<\/a>. \u00c0 conserver dans un endroit frais et sec.<\/p>\n<p>&nbsp;<\/p>\n<h4><strong><span style=\"font-size: 16pt;\">Le saviez-vous?<\/span><\/strong><\/h4>\n<p>Afin de satisfaire aux exigences \u00e9lev\u00e9es en mati\u00e8re de qualit\u00e9 et de pouvoir contr\u00f4ler de fa\u00e7on coh\u00e9rente toutes les \u00e9tapes menant jusqu\u2019au produit final, LR utilise pour ces produits <a href=\"https:\/\/www.lraloeverashop.eu\/fr\/produit\/colostrum-bovin-bio-liquide\/\">Colostrum<\/a> uniquement le colostrum exc\u00e9dentaire de vaches europ\u00e9ennes. Chaque lot de production est int\u00e9gralement tra\u00e7able jusqu\u2019\u00e0 la ferme de l\u2019\u00e9leveur.<\/p>\n","protected":false},"excerpt":{"rendered":"<ul>\n<li>G\u00e9lules contenant du Colostrum pour la consommation quotidienne<\/li>\n<li>Pour le bien-\u00eatre g\u00e9n\u00e9ral<\/li>\n<li>Fournir 800 mg de pr\u00e9cieuse poudre de colostrum de vache d\u00e9graiss\u00e9e par ration quotidienne<\/li>\n<li>Produit fabriqu\u00e9 en Allemagne<\/li>\n<li>Colostrum exclusivement de vaches europ\u00e9ennes<\/li>\n<li>Quantit\u00e9: 60 G\u00e9lules<\/li>\n<\/ul>\n<p style=\"text-align: left;\"><span style=\"color: #ff0000;\"><a style=\"color: #ff0000;\" href=\"https:\/\/shop.lrworld.com\/openpao?PHP=0vFlt7jT938BEnBI3a6e9w%3D%3D\"><span style=\"font-size: 14pt;\"><strong>Inscrivez-vous et \u00e9conomisez 35% sur chaque commande<\/strong><\/span><\/a><\/span><\/p>\n","protected":false},"featured_media":5544,"comment_status":"open","ping_status":"closed","template":"","meta":{"_kad_blocks_custom_css":"","_kad_blocks_head_custom_js":"","_kad_blocks_body_custom_js":"","_kad_blocks_footer_custom_js":"","_kadence_starter_templates_imported_post":false,"_kad_post_transparent":"default","_kad_post_title":"","_kad_post_layout":"default","_kad_post_sidebar_id":"","_kad_post_content_style":"default","_kad_post_vertical_padding":"default","_kad_post_feature":"","_kad_post_feature_position":"","_kad_post_header":false,"_kad_post_footer":false,"_kad_post_classname":""},"product_brand":[],"product_cat":[398,494,410,345],"product_tag":[643],"class_list":{"0":"post-9936","1":"product","2":"type-product","3":"status-publish","4":"has-post-thumbnail","6":"product_cat-base","7":"product_cat-colostrum-fr","8":"product_cat-produits-speciaux","9":"product_cat-systeme-immunitaire-et-equilibre","10":"product_tag-booster-immunitaire","12":"first","13":"instock","14":"taxable","15":"shipping-taxable","16":"purchasable","17":"product-type-simple","18":"entry","19":"content-bg","20":"loop-entry"},"yoast_head":"<!-- This site is optimized with the Yoast SEO Premium plugin v27.3 (Yoast SEO v27.3) - https:\/\/yoast.com\/product\/yoast-seo-premium-wordpress\/ -->\n<title>Colostrum Bovin Bio G\u00e9lules - Profitez du meilleur de la nature!<\/title>\n<meta name=\"description\" content=\"Lr Colostrum Bovin Bio G\u00e9lules contenant du Colostrum pour la consommation quotidienne La composition de haute qualit\u00e9 des g\u00e9lules fait de Lr Colostrum\" \/>\n<meta name=\"robots\" content=\"index, follow, max-snippet:-1, max-image-preview:large, max-video-preview:-1\" \/>\n<link rel=\"canonical\" href=\"https:\/\/www.lraloeverashop.eu\/fr\/produit\/colostrum-bovin-bio-gelules\/\" \/>\n<meta property=\"og:locale\" content=\"fr_FR\" \/>\n<meta property=\"og:type\" content=\"article\" \/>\n<meta property=\"og:title\" content=\"Colostrum Bovin Bio G\u00e9lules\" \/>\n<meta property=\"og:description\" content=\"Lr Colostrum Bovin Bio G\u00e9lules contenant du Colostrum pour la consommation quotidienne La composition de haute qualit\u00e9 des g\u00e9lules fait de Lr Colostrum\" \/>\n<meta property=\"og:url\" content=\"https:\/\/www.lraloeverashop.eu\/fr\/produit\/colostrum-bovin-bio-gelules\/\" \/>\n<meta property=\"og:site_name\" content=\"Boutique Lr Aloe Vera\" \/>\n<meta property=\"article:publisher\" content=\"https:\/\/www.facebook.com\/lraloeverashop.eu\" \/>\n<meta property=\"article:modified_time\" content=\"2026-02-02T18:48:57+00:00\" \/>\n<meta property=\"og:image\" content=\"https:\/\/www.lraloeverashop.eu\/wp-content\/uploads\/2022\/10\/Lr-Colostrum-Compact-capsules.jpg\" \/>\n\t<meta property=\"og:image:width\" content=\"1200\" \/>\n\t<meta property=\"og:image:height\" content=\"1200\" \/>\n\t<meta property=\"og:image:type\" content=\"image\/jpeg\" \/>\n<meta name=\"twitter:card\" content=\"summary_large_image\" \/>\n<meta name=\"twitter:site\" content=\"@natur__kosmetik\" \/>\n<script type=\"application\/ld+json\" class=\"yoast-schema-graph\">{\"@context\":\"https:\\\/\\\/schema.org\",\"@graph\":[{\"@type\":[\"WebPage\",\"ItemPage\"],\"@id\":\"https:\\\/\\\/www.lraloeverashop.eu\\\/fr\\\/produit\\\/colostrum-bovin-bio-gelules\\\/\",\"url\":\"https:\\\/\\\/www.lraloeverashop.eu\\\/fr\\\/produit\\\/colostrum-bovin-bio-gelules\\\/\",\"name\":\"Colostrum Bovin Bio G\u00e9lules - Profitez du meilleur de la nature!\",\"isPartOf\":{\"@id\":\"https:\\\/\\\/www.lraloeverashop.eu\\\/fr\\\/#website\"},\"primaryImageOfPage\":{\"@id\":\"https:\\\/\\\/www.lraloeverashop.eu\\\/fr\\\/produit\\\/colostrum-bovin-bio-gelules\\\/#primaryimage\"},\"image\":{\"@id\":\"https:\\\/\\\/www.lraloeverashop.eu\\\/fr\\\/produit\\\/colostrum-bovin-bio-gelules\\\/#primaryimage\"},\"thumbnailUrl\":\"https:\\\/\\\/www.lraloeverashop.eu\\\/wp-content\\\/uploads\\\/2022\\\/10\\\/Lr-Colostrum-Compact-capsules.jpg\",\"datePublished\":\"2022-10-12T08:42:13+00:00\",\"dateModified\":\"2026-02-02T18:48:57+00:00\",\"description\":\"Lr Colostrum Bovin Bio G\u00e9lules contenant du Colostrum pour la consommation quotidienne La composition de haute qualit\u00e9 des g\u00e9lules fait de Lr Colostrum\",\"breadcrumb\":{\"@id\":\"https:\\\/\\\/www.lraloeverashop.eu\\\/fr\\\/produit\\\/colostrum-bovin-bio-gelules\\\/#breadcrumb\"},\"inLanguage\":\"fr-FR\",\"potentialAction\":[{\"@type\":\"ReadAction\",\"target\":[\"https:\\\/\\\/www.lraloeverashop.eu\\\/fr\\\/produit\\\/colostrum-bovin-bio-gelules\\\/\"]}]},{\"@type\":\"ImageObject\",\"inLanguage\":\"fr-FR\",\"@id\":\"https:\\\/\\\/www.lraloeverashop.eu\\\/fr\\\/produit\\\/colostrum-bovin-bio-gelules\\\/#primaryimage\",\"url\":\"https:\\\/\\\/www.lraloeverashop.eu\\\/wp-content\\\/uploads\\\/2022\\\/10\\\/Lr-Colostrum-Compact-capsules.jpg\",\"contentUrl\":\"https:\\\/\\\/www.lraloeverashop.eu\\\/wp-content\\\/uploads\\\/2022\\\/10\\\/Lr-Colostrum-Compact-capsules.jpg\",\"width\":1200,\"height\":1200,\"caption\":\"Lr Colostrum G\u00e9lules compactes\"},{\"@type\":\"BreadcrumbList\",\"@id\":\"https:\\\/\\\/www.lraloeverashop.eu\\\/fr\\\/produit\\\/colostrum-bovin-bio-gelules\\\/#breadcrumb\",\"itemListElement\":[{\"@type\":\"ListItem\",\"position\":1,\"name\":\"Home\",\"item\":\"https:\\\/\\\/www.lraloeverashop.eu\\\/fr\\\/\"},{\"@type\":\"ListItem\",\"position\":2,\"name\":\"Boutique\",\"item\":\"https:\\\/\\\/www.lraloeverashop.eu\\\/fr\\\/boutique\\\/\"},{\"@type\":\"ListItem\",\"position\":3,\"name\":\"Colostrum Bovin Bio G\u00e9lules\"}]},{\"@type\":\"WebSite\",\"@id\":\"https:\\\/\\\/www.lraloeverashop.eu\\\/fr\\\/#website\",\"url\":\"https:\\\/\\\/www.lraloeverashop.eu\\\/fr\\\/\",\"name\":\"Boutique Lr Aloe Vera\",\"description\":\"High Quality Lr Aloe Vera Gel, Aloe Vera Cream and Shampoo\",\"publisher\":{\"@id\":\"https:\\\/\\\/www.lraloeverashop.eu\\\/fr\\\/#organization\"},\"potentialAction\":[{\"@type\":\"SearchAction\",\"target\":{\"@type\":\"EntryPoint\",\"urlTemplate\":\"https:\\\/\\\/www.lraloeverashop.eu\\\/fr\\\/?s={search_term_string}\"},\"query-input\":{\"@type\":\"PropertyValueSpecification\",\"valueRequired\":true,\"valueName\":\"search_term_string\"}}],\"inLanguage\":\"fr-FR\"},{\"@type\":\"Organization\",\"@id\":\"https:\\\/\\\/www.lraloeverashop.eu\\\/fr\\\/#organization\",\"name\":\"Boutique Lr Aloe Vera\",\"alternateName\":\"LR\",\"url\":\"https:\\\/\\\/www.lraloeverashop.eu\\\/fr\\\/\",\"logo\":{\"@type\":\"ImageObject\",\"inLanguage\":\"fr-FR\",\"@id\":\"https:\\\/\\\/www.lraloeverashop.eu\\\/fr\\\/#\\\/schema\\\/logo\\\/image\\\/\",\"url\":\"https:\\\/\\\/www.lraloeverashop.eu\\\/wp-content\\\/uploads\\\/2022\\\/09\\\/cropped-Lr-Aloe-Vera-Shop.jpg\",\"contentUrl\":\"https:\\\/\\\/www.lraloeverashop.eu\\\/wp-content\\\/uploads\\\/2022\\\/09\\\/cropped-Lr-Aloe-Vera-Shop.jpg\",\"width\":228,\"height\":76,\"caption\":\"Boutique Lr Aloe Vera\"},\"image\":{\"@id\":\"https:\\\/\\\/www.lraloeverashop.eu\\\/fr\\\/#\\\/schema\\\/logo\\\/image\\\/\"},\"sameAs\":[\"https:\\\/\\\/www.facebook.com\\\/lraloeverashop.eu\",\"https:\\\/\\\/x.com\\\/natur__kosmetik\",\"https:\\\/\\\/www.youtube.com\\\/channel\\\/UC5oN7BJ8nfYb8RpVtjwDEBA\",\"https:\\\/\\\/www.instagram.com\\\/lrbeautyeu\\\/\"]}]}<\/script>\n<meta property=\"product:price:amount\" content=\"61.59\" \/>\n<meta property=\"product:price:currency\" content=\"EUR\" \/>\n<meta property=\"og:availability\" content=\"instock\" \/>\n<meta property=\"product:availability\" content=\"instock\" \/>\n<meta property=\"product:retailer_item_id\" content=\"80360-401FR\" \/>\n<meta property=\"product:condition\" content=\"new\" \/>\n<!-- \/ Yoast SEO Premium plugin. -->","yoast_head_json":{"title":"Colostrum Bovin Bio G\u00e9lules - Profitez du meilleur de la nature!","description":"Lr Colostrum Bovin Bio G\u00e9lules contenant du Colostrum pour la consommation quotidienne La composition de haute qualit\u00e9 des g\u00e9lules fait de Lr Colostrum","robots":{"index":"index","follow":"follow","max-snippet":"max-snippet:-1","max-image-preview":"max-image-preview:large","max-video-preview":"max-video-preview:-1"},"canonical":"https:\/\/www.lraloeverashop.eu\/fr\/produit\/colostrum-bovin-bio-gelules\/","og_locale":"fr_FR","og_type":"article","og_title":"Colostrum Bovin Bio G\u00e9lules","og_description":"Lr Colostrum Bovin Bio G\u00e9lules contenant du Colostrum pour la consommation quotidienne La composition de haute qualit\u00e9 des g\u00e9lules fait de Lr Colostrum","og_url":"https:\/\/www.lraloeverashop.eu\/fr\/produit\/colostrum-bovin-bio-gelules\/","og_site_name":"Boutique Lr Aloe Vera","article_publisher":"https:\/\/www.facebook.com\/lraloeverashop.eu","article_modified_time":"2026-02-02T18:48:57+00:00","og_image":[{"width":1200,"height":1200,"url":"https:\/\/www.lraloeverashop.eu\/wp-content\/uploads\/2022\/10\/Lr-Colostrum-Compact-capsules.jpg","type":"image\/jpeg"}],"twitter_card":"summary_large_image","twitter_site":"@natur__kosmetik","schema":{"@context":"https:\/\/schema.org","@graph":[{"@type":["WebPage","ItemPage"],"@id":"https:\/\/www.lraloeverashop.eu\/fr\/produit\/colostrum-bovin-bio-gelules\/","url":"https:\/\/www.lraloeverashop.eu\/fr\/produit\/colostrum-bovin-bio-gelules\/","name":"Colostrum Bovin Bio G\u00e9lules - Profitez du meilleur de la nature!","isPartOf":{"@id":"https:\/\/www.lraloeverashop.eu\/fr\/#website"},"primaryImageOfPage":{"@id":"https:\/\/www.lraloeverashop.eu\/fr\/produit\/colostrum-bovin-bio-gelules\/#primaryimage"},"image":{"@id":"https:\/\/www.lraloeverashop.eu\/fr\/produit\/colostrum-bovin-bio-gelules\/#primaryimage"},"thumbnailUrl":"https:\/\/www.lraloeverashop.eu\/wp-content\/uploads\/2022\/10\/Lr-Colostrum-Compact-capsules.jpg","datePublished":"2022-10-12T08:42:13+00:00","dateModified":"2026-02-02T18:48:57+00:00","description":"Lr Colostrum Bovin Bio G\u00e9lules contenant du Colostrum pour la consommation quotidienne La composition de haute qualit\u00e9 des g\u00e9lules fait de Lr Colostrum","breadcrumb":{"@id":"https:\/\/www.lraloeverashop.eu\/fr\/produit\/colostrum-bovin-bio-gelules\/#breadcrumb"},"inLanguage":"fr-FR","potentialAction":[{"@type":"ReadAction","target":["https:\/\/www.lraloeverashop.eu\/fr\/produit\/colostrum-bovin-bio-gelules\/"]}]},{"@type":"ImageObject","inLanguage":"fr-FR","@id":"https:\/\/www.lraloeverashop.eu\/fr\/produit\/colostrum-bovin-bio-gelules\/#primaryimage","url":"https:\/\/www.lraloeverashop.eu\/wp-content\/uploads\/2022\/10\/Lr-Colostrum-Compact-capsules.jpg","contentUrl":"https:\/\/www.lraloeverashop.eu\/wp-content\/uploads\/2022\/10\/Lr-Colostrum-Compact-capsules.jpg","width":1200,"height":1200,"caption":"Lr Colostrum G\u00e9lules compactes"},{"@type":"BreadcrumbList","@id":"https:\/\/www.lraloeverashop.eu\/fr\/produit\/colostrum-bovin-bio-gelules\/#breadcrumb","itemListElement":[{"@type":"ListItem","position":1,"name":"Home","item":"https:\/\/www.lraloeverashop.eu\/fr\/"},{"@type":"ListItem","position":2,"name":"Boutique","item":"https:\/\/www.lraloeverashop.eu\/fr\/boutique\/"},{"@type":"ListItem","position":3,"name":"Colostrum Bovin Bio G\u00e9lules"}]},{"@type":"WebSite","@id":"https:\/\/www.lraloeverashop.eu\/fr\/#website","url":"https:\/\/www.lraloeverashop.eu\/fr\/","name":"Boutique Lr Aloe Vera","description":"High Quality Lr Aloe Vera Gel, Aloe Vera Cream and Shampoo","publisher":{"@id":"https:\/\/www.lraloeverashop.eu\/fr\/#organization"},"potentialAction":[{"@type":"SearchAction","target":{"@type":"EntryPoint","urlTemplate":"https:\/\/www.lraloeverashop.eu\/fr\/?s={search_term_string}"},"query-input":{"@type":"PropertyValueSpecification","valueRequired":true,"valueName":"search_term_string"}}],"inLanguage":"fr-FR"},{"@type":"Organization","@id":"https:\/\/www.lraloeverashop.eu\/fr\/#organization","name":"Boutique Lr Aloe Vera","alternateName":"LR","url":"https:\/\/www.lraloeverashop.eu\/fr\/","logo":{"@type":"ImageObject","inLanguage":"fr-FR","@id":"https:\/\/www.lraloeverashop.eu\/fr\/#\/schema\/logo\/image\/","url":"https:\/\/www.lraloeverashop.eu\/wp-content\/uploads\/2022\/09\/cropped-Lr-Aloe-Vera-Shop.jpg","contentUrl":"https:\/\/www.lraloeverashop.eu\/wp-content\/uploads\/2022\/09\/cropped-Lr-Aloe-Vera-Shop.jpg","width":228,"height":76,"caption":"Boutique Lr Aloe Vera"},"image":{"@id":"https:\/\/www.lraloeverashop.eu\/fr\/#\/schema\/logo\/image\/"},"sameAs":["https:\/\/www.facebook.com\/lraloeverashop.eu","https:\/\/x.com\/natur__kosmetik","https:\/\/www.youtube.com\/channel\/UC5oN7BJ8nfYb8RpVtjwDEBA","https:\/\/www.instagram.com\/lrbeautyeu\/"]}]},"product_price_amount":"61.59","product_price_currency":"EUR","og_availability":"instock","product_availability":"instock","product_retailer_item_id":"80360-401FR","product_condition":"new"},"taxonomy_info":{"product_cat":[{"value":398,"label":"Base"},{"value":494,"label":"Colostrum"},{"value":410,"label":"Produits Speciaux"},{"value":345,"label":"Syst\u00e8me immunitaire et \u00e9quilibre"}],"product_tag":[{"value":643,"label":"Booster immunitaire"}]},"featured_image_src_large":["https:\/\/www.lraloeverashop.eu\/wp-content\/uploads\/2022\/10\/Lr-Colostrum-Compact-capsules-1024x1024.jpg",1024,1024,true],"author_info":[],"comment_info":0,"_links":{"self":[{"href":"https:\/\/www.lraloeverashop.eu\/fr\/wp-json\/wp\/v2\/product\/9936","targetHints":{"allow":["GET"]}}],"collection":[{"href":"https:\/\/www.lraloeverashop.eu\/fr\/wp-json\/wp\/v2\/product"}],"about":[{"href":"https:\/\/www.lraloeverashop.eu\/fr\/wp-json\/wp\/v2\/types\/product"}],"replies":[{"embeddable":true,"href":"https:\/\/www.lraloeverashop.eu\/fr\/wp-json\/wp\/v2\/comments?post=9936"}],"wp:featuredmedia":[{"embeddable":true,"href":"https:\/\/www.lraloeverashop.eu\/fr\/wp-json\/wp\/v2\/media\/5544"}],"wp:attachment":[{"href":"https:\/\/www.lraloeverashop.eu\/fr\/wp-json\/wp\/v2\/media?parent=9936"}],"wp:term":[{"taxonomy":"product_brand","embeddable":true,"href":"https:\/\/www.lraloeverashop.eu\/fr\/wp-json\/wp\/v2\/product_brand?post=9936"},{"taxonomy":"product_cat","embeddable":true,"href":"https:\/\/www.lraloeverashop.eu\/fr\/wp-json\/wp\/v2\/product_cat?post=9936"},{"taxonomy":"product_tag","embeddable":true,"href":"https:\/\/www.lraloeverashop.eu\/fr\/wp-json\/wp\/v2\/product_tag?post=9936"}],"curies":[{"name":"wp","href":"https:\/\/api.w.org\/{rel}","templated":true}]}}