{"id":9896,"date":"2022-10-12T11:17:23","date_gmt":"2022-10-12T09:17:23","guid":{"rendered":"https:\/\/www.lraloeverashop.eu\/product\/cistus-incanus-lr-gelules-set\/"},"modified":"2026-02-02T19:46:53","modified_gmt":"2026-02-02T18:46:53","slug":"cistus-incanus-lr-gelules-set","status":"publish","type":"product","link":"https:\/\/www.lraloeverashop.eu\/fr\/produit\/cistus-incanus-lr-gelules-set\/","title":{"rendered":"Cistus Incanus Lr G\u00e9lules Set"},"content":{"rendered":"<h2><span style=\"font-size: 16pt;\"><strong>Cistus Incanus Lr G\u00e9lules Set<\/strong><\/span><\/h2>\n<p><span style=\"font-size: 14pt;\"><strong>Cistus Incanus Lr G\u00e9lules Set Avec du zinc et de la vitamine C pour un syst\u00e8me immunitaire sain<\/strong><\/span><\/p>\n<p>La d\u00e9fense du corps travaille en permanence, sans cesse. Avec les Cistus Incanus G\u00e9lules avec de la Vitamine C et des capsules enrichies en zinc, vous pouvez apporter une contribution pr\u00e9cieuse au fonctionnement de votre syst\u00e8me immunitaire. Seulement deux capsules par jour couvrent vos besoins quotidiens en vitamine C.<\/p>\n<p>Scientifiquement confirm\u00e9 par l&rsquo;Autorit\u00e9 europ\u00e9enne de s\u00e9curit\u00e9 des aliments: La <a href=\"https:\/\/www.lraloeverashop.eu\/fr\/produit\/lr-cannaloe-cbd-gelules\/\">vitamine C<\/a> et le Zinc contribuent au fonctionnement normal du syst\u00e8me immunitaire.<\/p>\n<p>&nbsp;<\/p>\n<h2><span style=\"color: #000000;\"><strong><span style=\"font-size: 16pt;\">Comment utiliser Cistus Incanus G\u00e9lules<\/span><\/strong><\/span><\/h2>\n<p>Prendre 2 fois par jour 1 capsule avec une boisson.<br \/>\nLa dose journali\u00e8re conseill\u00e9e ne doit pas \u00eatre d\u00e9pass\u00e9e.<\/p>\n<p>Les compl\u00e9ments alimentaires ne remplacent pas une alimentation vari\u00e9e et \u00e9quilibr\u00e9e qui est aussi importante qu\u2019un mode de <a href=\"https:\/\/www.lraloeverashop.eu\/fr\/produit\/active-freedom-gelules-set\/\">vie sain<\/a>. Ranger le produit hors de port\u00e9e des jeunes enfants. \u00c0 conserver dans un endroit frais et sec.<\/p>\n<p>&nbsp;<\/p>\n<h3><span style=\"font-size: 16pt;\"><strong>Le saviez-vous?<img loading=\"lazy\" decoding=\"async\" class=\"size-full wp-image-2830 alignright\" src=\"https:\/\/www.lraloeverashop.eu\/wp-content\/uploads\/2022\/10\/Cistus-Incanus-flower.jpg\" alt=\"Cistus Incanus flower\" width=\"293\" height=\"389\" srcset=\"https:\/\/www.lraloeverashop.eu\/wp-content\/uploads\/2022\/10\/Cistus-Incanus-flower.jpg 293w, https:\/\/www.lraloeverashop.eu\/wp-content\/uploads\/2022\/10\/Cistus-Incanus-flower-226x300.jpg 226w\" sizes=\"auto, (max-width: 293px) 100vw, 293px\" \/><\/strong><\/span><\/h3>\n<p><span style=\"color: #000000;\"><strong>\u00c0 propos de la plante<\/strong><\/span><br \/>\nThe Cistus incanus plant is a member of the genus of rock roses in the family Cistus plants and is mainly in the warm Mediterranean (such as in Greece and Turkey) is home. Under good climatic conditions, the plant grows to a meter tall and produces pretty pink to purple flowers in the flowering season from April to June, reaching a diameter of 4 to 6 centimeters.<\/p>\n<p>&nbsp;<\/p>\n<p><span style=\"color: #000000;\"><strong>Culture<\/strong><\/span><br \/>\nCultiver la plante Cistus Incanus est malheureusement une entreprise sans espoir car la cistre tomenteuse gris\u00e2tre pousse exclusivement \u00e0 l\u2019\u00e9tat sauvage. On trouve la plante Cistus Incanus dans toute la r\u00e9gion m\u00e9diterran\u00e9enne o\u00f9 elle aime pousser sur de la roche calcaire ou siliceuse (Macchia) au milieu de diverses formations de garrigue et de buissons.<\/p>\n<p>&nbsp;<\/p>\n<h4><span style=\"font-size: 16pt; color: #000000;\"><strong>Questions fr\u00e9quemment pos\u00e9es<\/strong><\/span><\/h4>\n<p><strong>Qu\u2019est-ce que le Cistus Incanus ?<\/strong><br \/>\nL\u2019histoire de cette plante commence d\u00e8s le 4\u00e8me si\u00e8cle avant J\u00e9sus-Christ. Au Proche-Orient, au Maghreb ainsi qu\u2019en M\u00e9diterran\u00e9e europ\u00e9enne, le <a href=\"https:\/\/www.lraloeverashop.eu\/fr\/produit\/cistus-incanus-lr-gelules-set-2-pieces\/\">Cistus Incanus<\/a> devient rapidement tr\u00e8s appr\u00e9ci\u00e9 sous forme de th\u00e9 savoureux.<\/p>\n<p><strong>Quels \u00e9l\u00e9ments de la plante LR utilise-t-elle ?<\/strong><br \/>\nSeules les feuilles coup\u00e9es sont transform\u00e9es. Les tiges sont tri\u00e9es de fa\u00e7on coh\u00e9rente. Des contr\u00f4les de qualit\u00e9 r\u00e9alis\u00e9s de fa\u00e7on permanente durant le processus de transformation garantissent la puret\u00e9 et la qualit\u00e9 du produit.<\/p>\n<p><strong>Puis-je utiliser Cistus Incanus sur une longue p\u00e9riode ?<\/strong><br \/>\nVous pouvez sans h\u00e9siter utiliser les g\u00e9lules Cistus Incanus Lr sur une longue p\u00e9riode.<\/p>\n<p><strong>Quelle mati\u00e8re premi\u00e8re LR utilise-t-elle dans son produit?<\/strong><br \/>\nNous utilisons Cistus Incanus subsp. tauricus. Cette plante pousse dans la nature et non dans des plantations.<\/p>\n<p><strong>Comment la mati\u00e8re premi\u00e8re est-elle transform\u00e9e ?<\/strong><br \/>\nLes feuilles de la plante sont collect\u00e9es, s\u00e9ch\u00e9es, lav\u00e9es et coup\u00e9es avant que des entreprises renomm\u00e9es dans le secteur de l\u2019extraction ne la transforme en une d\u00e9coction aqueuse. Cet extrait est s\u00e9ch\u00e9 puis mis en Cistus Incanus Lr g\u00e9lules. Il s\u2019agit, lors du proc\u00e9d\u00e9 d\u00e9crit ci-avant, d\u2019une technologie standard pour fabriquer des extraits.<\/p>\n<p><strong>La tisane ou la d\u00e9coction sont partout. Quel est l\u2019avantage des Cistus g\u00e9lules?<\/strong><br \/>\nLes Cistus Incanus Lr g\u00e9lules contiennent un extrait de Cistus Incanus. Un extrait provient d\u2019une infusion aqueuse qui est \u00e9paissie pour devenir une d\u00e9coction et qui est soumise pour finir \u00e0 un proc\u00e9d\u00e9 non agressif de s\u00e9chage. L\u2019extrait est mis en Cistus g\u00e9lules. L\u2019ingestion d\u2019une g\u00e9lule est g\u00e9n\u00e9ralement ressentie comme tr\u00e8s agr\u00e9able.<\/p>\n<p><strong>Que sont les Cistus Incanus Lr G\u00e9lules?<\/strong><br \/>\nCistus Incanus Lr G\u00e9lules est un compl\u00e9ment alimentaire et non un m\u00e9dicament. Un compl\u00e9ment alimentaire a pour mission de fournir \u00e0 l&rsquo;organisme certaines <a href=\"https:\/\/www.lraloeverashop.eu\/fr\/produit\/cistus-incanus-gelules\/\">substances<\/a> qu&rsquo;il puise dans l&rsquo;alimentation quotidienne n&rsquo;en consommant plus assez.<\/p>\n<p>Un compl\u00e9ment alimentaire n&rsquo;a pas pour t\u00e2che d&rsquo;initier ou d&rsquo;influencer certains processus dans l&rsquo;organisme. C&rsquo;est le travail des m\u00e9dicaments. \u00c0 cet \u00e9gard, il est important de s&rsquo;assurer qu&rsquo;aucune all\u00e9gation de gu\u00e9rison n&rsquo;est faite \u00e0 propos d&rsquo;un compl\u00e9ment alimentaire.<\/p>\n","protected":false},"excerpt":{"rendered":"<ul>\n<li>Avec du zinc et de la vitamine C pour un syst\u00e8me immunitaire en sant\u00e9\u00b9<\/li>\n<li>69% d\u2019extrait de Cistus incanus<\/li>\n<li>100% de vitamine C et 20% de zinc par ration quotidienne<\/li>\n<li>G\u00e9lule v\u00e9g\u00e9tale pure<\/li>\n<li>Produit fabriqu\u00e9 en Allemagne<\/li>\n<li>Quantit\u00e9: 3 x 60 g\u00e9lules<\/li>\n<\/ul>\n<p style=\"text-align: left;\"><span style=\"color: #ff0000;\"><a style=\"color: #ff0000;\" href=\"https:\/\/shop.lrworld.com\/openpao?PHP=0vFlt7jT938BEnBI3a6e9w%3D%3D\"><span style=\"font-size: 14pt;\"><strong>Inscrivez-vous et \u00e9conomisez 35% sur chaque commande<\/strong><\/span><\/a><\/span><\/p>\n","protected":false},"featured_media":5388,"comment_status":"open","ping_status":"closed","template":"","meta":{"_kad_blocks_custom_css":"","_kad_blocks_head_custom_js":"","_kad_blocks_body_custom_js":"","_kad_blocks_footer_custom_js":"","_kadence_starter_templates_imported_post":false,"_kad_post_transparent":"default","_kad_post_title":"","_kad_post_layout":"default","_kad_post_sidebar_id":"","_kad_post_content_style":"default","_kad_post_vertical_padding":"default","_kad_post_feature":"","_kad_post_feature_position":"","_kad_post_header":false,"_kad_post_footer":false,"_kad_post_classname":""},"product_brand":[],"product_cat":[398,488,463,410,345],"product_tag":[643],"class_list":{"0":"post-9896","1":"product","2":"type-product","3":"status-publish","4":"has-post-thumbnail","6":"product_cat-base","7":"product_cat-cistus-incanus-fr","8":"product_cat-economisez-sur-les-ensembles","9":"product_cat-produits-speciaux","10":"product_cat-systeme-immunitaire-et-equilibre","11":"product_tag-booster-immunitaire","13":"first","14":"instock","15":"taxable","16":"shipping-taxable","17":"purchasable","18":"product-type-simple","19":"entry","20":"content-bg","21":"loop-entry"},"yoast_head":"<!-- This site is optimized with the Yoast SEO Premium plugin v27.4 (Yoast SEO v27.4) - https:\/\/yoast.com\/product\/yoast-seo-premium-wordpress\/ -->\n<title>Cistus Incanus Lr G\u00e9lules Set Avec du zinc et de la vitamine C<\/title>\n<meta name=\"description\" content=\"Cistus Incanus Lr G\u00e9lules Set avec 69% d&#039;extrait, 100% de vitamine C et 20 % de zinc par ration quotidienne soutient le syst\u00e8me immunitaire.\" \/>\n<meta name=\"robots\" content=\"index, follow, max-snippet:-1, max-image-preview:large, max-video-preview:-1\" \/>\n<link rel=\"canonical\" href=\"https:\/\/www.lraloeverashop.eu\/fr\/produit\/cistus-incanus-lr-gelules-set\/\" \/>\n<meta property=\"og:locale\" content=\"fr_FR\" \/>\n<meta property=\"og:type\" content=\"article\" \/>\n<meta property=\"og:title\" content=\"Cistus Incanus Lr G\u00e9lules Set\" \/>\n<meta property=\"og:description\" content=\"Cistus Incanus Lr G\u00e9lules Set avec 69% d&#039;extrait, 100% de vitamine C et 20 % de zinc par ration quotidienne soutient le syst\u00e8me immunitaire.\" \/>\n<meta property=\"og:url\" content=\"https:\/\/www.lraloeverashop.eu\/fr\/produit\/cistus-incanus-lr-gelules-set\/\" \/>\n<meta property=\"og:site_name\" content=\"Boutique Lr Aloe Vera\" \/>\n<meta property=\"article:publisher\" content=\"https:\/\/www.facebook.com\/lraloeverashop.eu\" \/>\n<meta property=\"article:modified_time\" content=\"2026-02-02T18:46:53+00:00\" \/>\n<meta property=\"og:image\" content=\"https:\/\/www.lraloeverashop.eu\/wp-content\/uploads\/2022\/10\/Cistus-Incanus-Capsules-3-Pcs-Set.jpg\" \/>\n\t<meta property=\"og:image:width\" content=\"1200\" \/>\n\t<meta property=\"og:image:height\" content=\"1200\" \/>\n\t<meta property=\"og:image:type\" content=\"image\/jpeg\" \/>\n<meta name=\"twitter:card\" content=\"summary_large_image\" \/>\n<meta name=\"twitter:site\" content=\"@natur__kosmetik\" \/>\n<script type=\"application\/ld+json\" class=\"yoast-schema-graph\">{\"@context\":\"https:\\\/\\\/schema.org\",\"@graph\":[{\"@type\":[\"WebPage\",\"ItemPage\"],\"@id\":\"https:\\\/\\\/www.lraloeverashop.eu\\\/fr\\\/produit\\\/cistus-incanus-lr-gelules-set\\\/\",\"url\":\"https:\\\/\\\/www.lraloeverashop.eu\\\/fr\\\/produit\\\/cistus-incanus-lr-gelules-set\\\/\",\"name\":\"Cistus Incanus Lr G\u00e9lules Set Avec du zinc et de la vitamine C\",\"isPartOf\":{\"@id\":\"https:\\\/\\\/www.lraloeverashop.eu\\\/fr\\\/#website\"},\"primaryImageOfPage\":{\"@id\":\"https:\\\/\\\/www.lraloeverashop.eu\\\/fr\\\/produit\\\/cistus-incanus-lr-gelules-set\\\/#primaryimage\"},\"image\":{\"@id\":\"https:\\\/\\\/www.lraloeverashop.eu\\\/fr\\\/produit\\\/cistus-incanus-lr-gelules-set\\\/#primaryimage\"},\"thumbnailUrl\":\"https:\\\/\\\/www.lraloeverashop.eu\\\/wp-content\\\/uploads\\\/2022\\\/10\\\/Cistus-Incanus-Capsules-3-Pcs-Set.jpg\",\"datePublished\":\"2022-10-12T09:17:23+00:00\",\"dateModified\":\"2026-02-02T18:46:53+00:00\",\"description\":\"Cistus Incanus Lr G\u00e9lules Set avec 69% d'extrait, 100% de vitamine C et 20 % de zinc par ration quotidienne soutient le syst\u00e8me immunitaire.\",\"breadcrumb\":{\"@id\":\"https:\\\/\\\/www.lraloeverashop.eu\\\/fr\\\/produit\\\/cistus-incanus-lr-gelules-set\\\/#breadcrumb\"},\"inLanguage\":\"fr-FR\",\"potentialAction\":[{\"@type\":\"ReadAction\",\"target\":[\"https:\\\/\\\/www.lraloeverashop.eu\\\/fr\\\/produit\\\/cistus-incanus-lr-gelules-set\\\/\"]}]},{\"@type\":\"ImageObject\",\"inLanguage\":\"fr-FR\",\"@id\":\"https:\\\/\\\/www.lraloeverashop.eu\\\/fr\\\/produit\\\/cistus-incanus-lr-gelules-set\\\/#primaryimage\",\"url\":\"https:\\\/\\\/www.lraloeverashop.eu\\\/wp-content\\\/uploads\\\/2022\\\/10\\\/Cistus-Incanus-Capsules-3-Pcs-Set.jpg\",\"contentUrl\":\"https:\\\/\\\/www.lraloeverashop.eu\\\/wp-content\\\/uploads\\\/2022\\\/10\\\/Cistus-Incanus-Capsules-3-Pcs-Set.jpg\",\"width\":1200,\"height\":1200,\"caption\":\"Cistus Incanus G\u00e9lules Ensemble 3 pi\u00e8ces\"},{\"@type\":\"BreadcrumbList\",\"@id\":\"https:\\\/\\\/www.lraloeverashop.eu\\\/fr\\\/produit\\\/cistus-incanus-lr-gelules-set\\\/#breadcrumb\",\"itemListElement\":[{\"@type\":\"ListItem\",\"position\":1,\"name\":\"Home\",\"item\":\"https:\\\/\\\/www.lraloeverashop.eu\\\/fr\\\/\"},{\"@type\":\"ListItem\",\"position\":2,\"name\":\"Boutique\",\"item\":\"https:\\\/\\\/www.lraloeverashop.eu\\\/fr\\\/boutique\\\/\"},{\"@type\":\"ListItem\",\"position\":3,\"name\":\"Cistus Incanus Lr G\u00e9lules Set\"}]},{\"@type\":\"WebSite\",\"@id\":\"https:\\\/\\\/www.lraloeverashop.eu\\\/fr\\\/#website\",\"url\":\"https:\\\/\\\/www.lraloeverashop.eu\\\/fr\\\/\",\"name\":\"Boutique Lr Aloe Vera\",\"description\":\"High Quality Lr Aloe Vera Gel, Aloe Vera Cream and Shampoo\",\"publisher\":{\"@id\":\"https:\\\/\\\/www.lraloeverashop.eu\\\/fr\\\/#organization\"},\"potentialAction\":[{\"@type\":\"SearchAction\",\"target\":{\"@type\":\"EntryPoint\",\"urlTemplate\":\"https:\\\/\\\/www.lraloeverashop.eu\\\/fr\\\/?s={search_term_string}\"},\"query-input\":{\"@type\":\"PropertyValueSpecification\",\"valueRequired\":true,\"valueName\":\"search_term_string\"}}],\"inLanguage\":\"fr-FR\"},{\"@type\":\"Organization\",\"@id\":\"https:\\\/\\\/www.lraloeverashop.eu\\\/fr\\\/#organization\",\"name\":\"Boutique Lr Aloe Vera\",\"alternateName\":\"LR\",\"url\":\"https:\\\/\\\/www.lraloeverashop.eu\\\/fr\\\/\",\"logo\":{\"@type\":\"ImageObject\",\"inLanguage\":\"fr-FR\",\"@id\":\"https:\\\/\\\/www.lraloeverashop.eu\\\/fr\\\/#\\\/schema\\\/logo\\\/image\\\/\",\"url\":\"https:\\\/\\\/www.lraloeverashop.eu\\\/wp-content\\\/uploads\\\/2022\\\/09\\\/cropped-Lr-Aloe-Vera-Shop.jpg\",\"contentUrl\":\"https:\\\/\\\/www.lraloeverashop.eu\\\/wp-content\\\/uploads\\\/2022\\\/09\\\/cropped-Lr-Aloe-Vera-Shop.jpg\",\"width\":228,\"height\":76,\"caption\":\"Boutique Lr Aloe Vera\"},\"image\":{\"@id\":\"https:\\\/\\\/www.lraloeverashop.eu\\\/fr\\\/#\\\/schema\\\/logo\\\/image\\\/\"},\"sameAs\":[\"https:\\\/\\\/www.facebook.com\\\/lraloeverashop.eu\",\"https:\\\/\\\/x.com\\\/natur__kosmetik\",\"https:\\\/\\\/www.youtube.com\\\/channel\\\/UC5oN7BJ8nfYb8RpVtjwDEBA\",\"https:\\\/\\\/www.instagram.com\\\/lrbeautyeu\\\/\"],\"description\":\"La boutique LR Aloe Vera est votre destination de confiance pour les produits de sant\u00e9 et de beaut\u00e9 haut de gamme LR, fabriqu\u00e9s en Allemagne. Nous proposons des soins de la peau, des compl\u00e9ments nutritionnels et des solutions anti-\u00e2ge \u00e0 l'aloe vera de haute qualit\u00e9, \u00e9labor\u00e9s \u00e0 partir d'ingr\u00e9dients purs et valid\u00e9s par la recherche scientifique. D\u00e9couvrez des soins naturels qui r\u00e9g\u00e9n\u00e8rent, prot\u00e8gent et revitalisent votre peau, et profitez d'offres mensuelles exclusives sur nos produits LR Aloe Vera les plus vendus.\\n\\nCommencez d\u00e8s aujourd'hui votre parcours vers des soins naturels et constatez la diff\u00e9rence.\",\"email\":\"info@lraloeverashop.eu\",\"telephone\":\"+49 17670609653\",\"legalName\":\"Lr Aloe Vera Shop\",\"foundingDate\":\"2018-04-21\",\"numberOfEmployees\":{\"@type\":\"QuantitativeValue\",\"minValue\":\"1\",\"maxValue\":\"10\"}}]}<\/script>\n<meta property=\"product:price:amount\" content=\"124.51\" \/>\n<meta property=\"product:price:currency\" content=\"EUR\" \/>\n<meta property=\"og:availability\" content=\"instock\" \/>\n<meta property=\"product:availability\" content=\"instock\" \/>\n<meta property=\"product:retailer_item_id\" content=\"80142-401FR\" \/>\n<meta property=\"product:condition\" content=\"new\" \/>\n<!-- \/ Yoast SEO Premium plugin. -->","yoast_head_json":{"title":"Cistus Incanus Lr G\u00e9lules Set Avec du zinc et de la vitamine C","description":"Cistus Incanus Lr G\u00e9lules Set avec 69% d'extrait, 100% de vitamine C et 20 % de zinc par ration quotidienne soutient le syst\u00e8me immunitaire.","robots":{"index":"index","follow":"follow","max-snippet":"max-snippet:-1","max-image-preview":"max-image-preview:large","max-video-preview":"max-video-preview:-1"},"canonical":"https:\/\/www.lraloeverashop.eu\/fr\/produit\/cistus-incanus-lr-gelules-set\/","og_locale":"fr_FR","og_type":"article","og_title":"Cistus Incanus Lr G\u00e9lules Set","og_description":"Cistus Incanus Lr G\u00e9lules Set avec 69% d'extrait, 100% de vitamine C et 20 % de zinc par ration quotidienne soutient le syst\u00e8me immunitaire.","og_url":"https:\/\/www.lraloeverashop.eu\/fr\/produit\/cistus-incanus-lr-gelules-set\/","og_site_name":"Boutique Lr Aloe Vera","article_publisher":"https:\/\/www.facebook.com\/lraloeverashop.eu","article_modified_time":"2026-02-02T18:46:53+00:00","og_image":[{"width":1200,"height":1200,"url":"https:\/\/www.lraloeverashop.eu\/wp-content\/uploads\/2022\/10\/Cistus-Incanus-Capsules-3-Pcs-Set.jpg","type":"image\/jpeg"}],"twitter_card":"summary_large_image","twitter_site":"@natur__kosmetik","schema":{"@context":"https:\/\/schema.org","@graph":[{"@type":["WebPage","ItemPage"],"@id":"https:\/\/www.lraloeverashop.eu\/fr\/produit\/cistus-incanus-lr-gelules-set\/","url":"https:\/\/www.lraloeverashop.eu\/fr\/produit\/cistus-incanus-lr-gelules-set\/","name":"Cistus Incanus Lr G\u00e9lules Set Avec du zinc et de la vitamine C","isPartOf":{"@id":"https:\/\/www.lraloeverashop.eu\/fr\/#website"},"primaryImageOfPage":{"@id":"https:\/\/www.lraloeverashop.eu\/fr\/produit\/cistus-incanus-lr-gelules-set\/#primaryimage"},"image":{"@id":"https:\/\/www.lraloeverashop.eu\/fr\/produit\/cistus-incanus-lr-gelules-set\/#primaryimage"},"thumbnailUrl":"https:\/\/www.lraloeverashop.eu\/wp-content\/uploads\/2022\/10\/Cistus-Incanus-Capsules-3-Pcs-Set.jpg","datePublished":"2022-10-12T09:17:23+00:00","dateModified":"2026-02-02T18:46:53+00:00","description":"Cistus Incanus Lr G\u00e9lules Set avec 69% d'extrait, 100% de vitamine C et 20 % de zinc par ration quotidienne soutient le syst\u00e8me immunitaire.","breadcrumb":{"@id":"https:\/\/www.lraloeverashop.eu\/fr\/produit\/cistus-incanus-lr-gelules-set\/#breadcrumb"},"inLanguage":"fr-FR","potentialAction":[{"@type":"ReadAction","target":["https:\/\/www.lraloeverashop.eu\/fr\/produit\/cistus-incanus-lr-gelules-set\/"]}]},{"@type":"ImageObject","inLanguage":"fr-FR","@id":"https:\/\/www.lraloeverashop.eu\/fr\/produit\/cistus-incanus-lr-gelules-set\/#primaryimage","url":"https:\/\/www.lraloeverashop.eu\/wp-content\/uploads\/2022\/10\/Cistus-Incanus-Capsules-3-Pcs-Set.jpg","contentUrl":"https:\/\/www.lraloeverashop.eu\/wp-content\/uploads\/2022\/10\/Cistus-Incanus-Capsules-3-Pcs-Set.jpg","width":1200,"height":1200,"caption":"Cistus Incanus G\u00e9lules Ensemble 3 pi\u00e8ces"},{"@type":"BreadcrumbList","@id":"https:\/\/www.lraloeverashop.eu\/fr\/produit\/cistus-incanus-lr-gelules-set\/#breadcrumb","itemListElement":[{"@type":"ListItem","position":1,"name":"Home","item":"https:\/\/www.lraloeverashop.eu\/fr\/"},{"@type":"ListItem","position":2,"name":"Boutique","item":"https:\/\/www.lraloeverashop.eu\/fr\/boutique\/"},{"@type":"ListItem","position":3,"name":"Cistus Incanus Lr G\u00e9lules Set"}]},{"@type":"WebSite","@id":"https:\/\/www.lraloeverashop.eu\/fr\/#website","url":"https:\/\/www.lraloeverashop.eu\/fr\/","name":"Boutique Lr Aloe Vera","description":"High Quality Lr Aloe Vera Gel, Aloe Vera Cream and Shampoo","publisher":{"@id":"https:\/\/www.lraloeverashop.eu\/fr\/#organization"},"potentialAction":[{"@type":"SearchAction","target":{"@type":"EntryPoint","urlTemplate":"https:\/\/www.lraloeverashop.eu\/fr\/?s={search_term_string}"},"query-input":{"@type":"PropertyValueSpecification","valueRequired":true,"valueName":"search_term_string"}}],"inLanguage":"fr-FR"},{"@type":"Organization","@id":"https:\/\/www.lraloeverashop.eu\/fr\/#organization","name":"Boutique Lr Aloe Vera","alternateName":"LR","url":"https:\/\/www.lraloeverashop.eu\/fr\/","logo":{"@type":"ImageObject","inLanguage":"fr-FR","@id":"https:\/\/www.lraloeverashop.eu\/fr\/#\/schema\/logo\/image\/","url":"https:\/\/www.lraloeverashop.eu\/wp-content\/uploads\/2022\/09\/cropped-Lr-Aloe-Vera-Shop.jpg","contentUrl":"https:\/\/www.lraloeverashop.eu\/wp-content\/uploads\/2022\/09\/cropped-Lr-Aloe-Vera-Shop.jpg","width":228,"height":76,"caption":"Boutique Lr Aloe Vera"},"image":{"@id":"https:\/\/www.lraloeverashop.eu\/fr\/#\/schema\/logo\/image\/"},"sameAs":["https:\/\/www.facebook.com\/lraloeverashop.eu","https:\/\/x.com\/natur__kosmetik","https:\/\/www.youtube.com\/channel\/UC5oN7BJ8nfYb8RpVtjwDEBA","https:\/\/www.instagram.com\/lrbeautyeu\/"],"description":"La boutique LR Aloe Vera est votre destination de confiance pour les produits de sant\u00e9 et de beaut\u00e9 haut de gamme LR, fabriqu\u00e9s en Allemagne. Nous proposons des soins de la peau, des compl\u00e9ments nutritionnels et des solutions anti-\u00e2ge \u00e0 l'aloe vera de haute qualit\u00e9, \u00e9labor\u00e9s \u00e0 partir d'ingr\u00e9dients purs et valid\u00e9s par la recherche scientifique. D\u00e9couvrez des soins naturels qui r\u00e9g\u00e9n\u00e8rent, prot\u00e8gent et revitalisent votre peau, et profitez d'offres mensuelles exclusives sur nos produits LR Aloe Vera les plus vendus.\n\nCommencez d\u00e8s aujourd'hui votre parcours vers des soins naturels et constatez la diff\u00e9rence.","email":"info@lraloeverashop.eu","telephone":"+49 17670609653","legalName":"Lr Aloe Vera Shop","foundingDate":"2018-04-21","numberOfEmployees":{"@type":"QuantitativeValue","minValue":"1","maxValue":"10"}}]},"product_price_amount":"124.51","product_price_currency":"EUR","og_availability":"instock","product_availability":"instock","product_retailer_item_id":"80142-401FR","product_condition":"new"},"taxonomy_info":{"product_cat":[{"value":398,"label":"Base"},{"value":488,"label":"Cistus Incanus"},{"value":463,"label":"\u00c9conomisez sur les ensembles"},{"value":410,"label":"Produits Speciaux"},{"value":345,"label":"Syst\u00e8me immunitaire et \u00e9quilibre"}],"product_tag":[{"value":643,"label":"Booster immunitaire"}]},"featured_image_src_large":["https:\/\/www.lraloeverashop.eu\/wp-content\/uploads\/2022\/10\/Cistus-Incanus-Capsules-3-Pcs-Set-1024x1024.jpg",1024,1024,true],"author_info":[],"comment_info":0,"_links":{"self":[{"href":"https:\/\/www.lraloeverashop.eu\/fr\/wp-json\/wp\/v2\/product\/9896","targetHints":{"allow":["GET"]}}],"collection":[{"href":"https:\/\/www.lraloeverashop.eu\/fr\/wp-json\/wp\/v2\/product"}],"about":[{"href":"https:\/\/www.lraloeverashop.eu\/fr\/wp-json\/wp\/v2\/types\/product"}],"replies":[{"embeddable":true,"href":"https:\/\/www.lraloeverashop.eu\/fr\/wp-json\/wp\/v2\/comments?post=9896"}],"wp:featuredmedia":[{"embeddable":true,"href":"https:\/\/www.lraloeverashop.eu\/fr\/wp-json\/wp\/v2\/media\/5388"}],"wp:attachment":[{"href":"https:\/\/www.lraloeverashop.eu\/fr\/wp-json\/wp\/v2\/media?parent=9896"}],"wp:term":[{"taxonomy":"product_brand","embeddable":true,"href":"https:\/\/www.lraloeverashop.eu\/fr\/wp-json\/wp\/v2\/product_brand?post=9896"},{"taxonomy":"product_cat","embeddable":true,"href":"https:\/\/www.lraloeverashop.eu\/fr\/wp-json\/wp\/v2\/product_cat?post=9896"},{"taxonomy":"product_tag","embeddable":true,"href":"https:\/\/www.lraloeverashop.eu\/fr\/wp-json\/wp\/v2\/product_tag?post=9896"}],"curies":[{"name":"wp","href":"https:\/\/api.w.org\/{rel}","templated":true}]}}