{"id":9839,"date":"2022-10-12T12:19:04","date_gmt":"2022-10-12T10:19:04","guid":{"rendered":"https:\/\/www.lraloeverashop.eu\/product\/pro-12-probiotiques-en-gelules\/"},"modified":"2025-03-29T09:38:55","modified_gmt":"2025-03-29T08:38:55","slug":"pro-12-probiotiques-en-gelules","status":"publish","type":"product","link":"https:\/\/www.lraloeverashop.eu\/fr\/produit\/pro-12-probiotiques-en-gelules\/","title":{"rendered":"Pro 12 Probiotiques En G\u00e9lules"},"content":{"rendered":"<h2><strong><span style=\"font-size: 16pt;\">Pro 12 Probiotiques En G\u00e9lules<\/span><\/strong><\/h2>\n<p><span style=\"font-size: 14pt;\"><strong>Pro 12 Probiotiques En G\u00e9lules &#8211; Une Combinaison Unique De Bact\u00e9ries Probiotiques Pour Le Bien-\u00catre G\u00e9n\u00e9ral<\/strong><\/span><\/p>\n<p>L&rsquo;intestin n&rsquo;est pas seulement le plus gros organe du corps, il joue \u00e9galement un r\u00f4le tr\u00e8s important dans notre bien-\u00eatre. Les parois intestinales humaines abritent des milliards de bonnes bact\u00e9ries et d\u2019autres bact\u00e9ries. L\u2019\u00e9quilibre naturel de ces bact\u00e9ries a une grande influence sur le <a href=\"https:\/\/www.lraloeverashop.eu\/fr\/produit\/reishi-plus-gelules\/\">bien-\u00eatre<\/a>.<\/p>\n<p>Les Pro 12 Probiotiques En G\u00e9lules peuvent contribuer \u00e0 conserver ou r\u00e9tablir cet \u00e9quilibre. Chaque g\u00e9lule contient pr\u00e8s d&rsquo;un milliard de <a href=\"https:\/\/www.lraloeverashop.eu\/fr\/produit\/pro-12-plus-probiotiques\/\">bact\u00e9ries probiotiques<\/a> issues de 12 souches diff\u00e9rentes. Leur composition est unique.<\/p>\n<p>Pour garantir l&rsquo;efficacit\u00e9 des produits probiotiques, il est essentiel de garantir un taux de survie \u00e9lev\u00e9 des bact\u00e9ries lors de leur passage au niveau de l&rsquo;estomac. L&rsquo;acide chlorhydrique contenu dans l&rsquo;estomac peut d\u00e9truire les bact\u00e9ries. Les <a href=\"https:\/\/www.lraloeverashop.eu\/fr\/produit\/probiotiques-naturels-pro-12\/\">Probiotiques En G\u00e9lules<\/a> b\u00e9n\u00e9ficient d&rsquo;une double microencapsulation qui prot\u00e8ge les bact\u00e9ries bien plus efficacement que dans la plupart des autres produits.<\/p>\n<p><center><iframe loading=\"lazy\" src=\"https:\/\/www.youtube.com\/embed\/O7yDmF5I_ew\" width=\"1280\" height=\"720\" frameborder=\"0\" allowfullscreen=\"allowfullscreen\"><\/iframe><\/center>&nbsp;<\/p>\n<p>&nbsp;<\/p>\n<h3><span style=\"font-size: 16pt;\"><strong>Comment utiliser Probiotiques<\/strong><\/span><\/h3>\n<p><strong>Dosage quotidien recommand\u00e9:<\/strong><br \/>\nPrenez chaque jour une G\u00e9lule de Pro 12 Probiotiques g\u00e9lules bacteria avec une boisson.<\/p>\n<p>La dose journali\u00e8re conseill\u00e9e ne doit pas \u00eatre d\u00e9pass\u00e9e. Les <a href=\"https:\/\/www.lraloeverashop.eu\/fr\/produit\/lr-cannaloe-cbd-gelules\/\">compl\u00e9ments alimentaires<\/a> ne remplacent pas une <a href=\"https:\/\/www.lraloeverashop.eu\/fr\/produit\/active-freedom-gelules-set\/\">alimentation<\/a> vari\u00e9e et \u00e9quilibr\u00e9e qui est aussi importante qu\u2019un mode de vie sain. Stocker le produit hors de port\u00e9e des jeunes enfants. Peut contenir des traces de lactose et de soja.<\/p>\n<p>Ranger le produit bien referm\u00e9 \u00e0 temp\u00e9rature ambiante et au sec. Bien refermer apr\u00e8s ouverture.<\/p>\n<p>&nbsp;<\/p>\n<h4><span style=\"font-size: 16pt;\"><strong>Le saviez-vous?<\/strong><\/span><\/h4>\n<p>Les Pro 12 Probiotiques g\u00e9lules se composent des douze utiles souches de bact\u00e9ries suivantes : Bifidobacterium longum, Bifidobacterium breve, Bifidobacterium bifidum Bifidobacterium infantis, Bifidobacterium lactis, Lactobacillus plantarum, Lactobacillus casei, Lactobacillus paracasei, Lactobacillus rhamnosus, Lactobacillus acidophilus, Lactobacillus bulgaricus et Streptococcus thermophilus.<\/p>\n<p>Un FOS, fructo-oligosaccharide, fait \u00e9galement partie de la composition. Un pr\u00e9biotique est l\u2019alimentation des bact\u00e9ries probiotiques et agit ainsi comme une \u00ab aide de d\u00e9part \u00bb pour les bact\u00e9ries dans le corps.<\/p>\n","protected":false},"excerpt":{"rendered":"<ul>\n<li>Soutient le bien-\u00eatre g\u00e9n\u00e9ral<\/li>\n<li>Avec 12 souches bact\u00e9ries diff\u00e9rentes<\/li>\n<li>Avec 1 milliard de bact\u00e9ries probiotiques par capsule<\/li>\n<li>Proc\u00e9d\u00e9 de micro-encapsulation brevet\u00e9<\/li>\n<li>Num\u00e9ro de brevet: EP 2 228 067<\/li>\n<li>Contient des fibres naturelles<\/li>\n<li>Quantit\u00e9: 30 g\u00e9lules<\/li>\n<\/ul>\n<p>&nbsp;<\/p>\n","protected":false},"featured_media":5658,"comment_status":"open","ping_status":"closed","template":"","meta":{"_kad_blocks_custom_css":"","_kad_blocks_head_custom_js":"","_kad_blocks_body_custom_js":"","_kad_blocks_footer_custom_js":"","_kadence_starter_templates_imported_post":false,"_kad_post_transparent":"default","_kad_post_title":"","_kad_post_layout":"default","_kad_post_sidebar_id":"","_kad_post_content_style":"default","_kad_post_vertical_padding":"default","_kad_post_feature":"","_kad_post_feature_position":"","_kad_post_header":false,"_kad_post_footer":false,"_kad_post_classname":""},"product_brand":[],"product_cat":[398,434,506,410,111,351,464,345],"product_tag":[643],"class_list":{"0":"post-9839","1":"product","2":"type-product","3":"status-publish","4":"has-post-thumbnail","6":"product_cat-base","7":"product_cat-intestins-digestion","8":"product_cat-probiotiques","9":"product_cat-produits-speciaux","10":"product_cat-sale","11":"product_cat-soldes","12":"product_cat-specialistes","13":"product_cat-systeme-immunitaire-et-equilibre","14":"product_tag-booster-immunitaire","16":"first","17":"outofstock","18":"sale","19":"taxable","20":"shipping-taxable","21":"purchasable","22":"product-type-simple","23":"entry","24":"content-bg","25":"loop-entry"},"yoast_head":"<!-- This site is optimized with the Yoast SEO Premium plugin v27.3 (Yoast SEO v27.3) - https:\/\/yoast.com\/product\/yoast-seo-premium-wordpress\/ -->\n<title>Pro 12 Probiotiques En G\u00e9lules - Unique bact\u00e9ries probiotiques<\/title>\n<meta name=\"description\" content=\"Pro 12 Probiotiques En G\u00e9lules soutiennent la flore intestinale. Chaque g\u00e9lule contient 1 milliard de bact\u00e9ries probiotiques de 12 bact\u00e9ries\" \/>\n<meta name=\"robots\" content=\"index, follow, max-snippet:-1, max-image-preview:large, max-video-preview:-1\" \/>\n<link rel=\"canonical\" href=\"https:\/\/www.lraloeverashop.eu\/fr\/produit\/pro-12-probiotiques-en-gelules\/\" \/>\n<meta property=\"og:locale\" content=\"fr_FR\" \/>\n<meta property=\"og:type\" content=\"article\" \/>\n<meta property=\"og:title\" content=\"Pro 12 Probiotiques En G\u00e9lules\" \/>\n<meta property=\"og:description\" content=\"Pro 12 Probiotiques En G\u00e9lules soutiennent la flore intestinale. Chaque g\u00e9lule contient 1 milliard de bact\u00e9ries probiotiques de 12 bact\u00e9ries\" \/>\n<meta property=\"og:url\" content=\"https:\/\/www.lraloeverashop.eu\/fr\/produit\/pro-12-probiotiques-en-gelules\/\" \/>\n<meta property=\"og:site_name\" content=\"Boutique Lr Aloe Vera\" \/>\n<meta property=\"article:publisher\" content=\"https:\/\/www.facebook.com\/lraloeverashop.eu\" \/>\n<meta property=\"article:modified_time\" content=\"2025-03-29T08:38:55+00:00\" \/>\n<meta property=\"og:image\" content=\"https:\/\/www.lraloeverashop.eu\/wp-content\/uploads\/2022\/10\/Lr-Probiotic-12-bacteria.jpg\" \/>\n\t<meta property=\"og:image:width\" content=\"1200\" \/>\n\t<meta property=\"og:image:height\" content=\"1200\" \/>\n\t<meta property=\"og:image:type\" content=\"image\/jpeg\" \/>\n<meta name=\"twitter:card\" content=\"summary_large_image\" \/>\n<meta name=\"twitter:site\" content=\"@natur__kosmetik\" \/>\n<script type=\"application\/ld+json\" class=\"yoast-schema-graph\">{\"@context\":\"https:\\\/\\\/schema.org\",\"@graph\":[{\"@type\":[\"WebPage\",\"ItemPage\"],\"@id\":\"https:\\\/\\\/www.lraloeverashop.eu\\\/fr\\\/produit\\\/pro-12-probiotiques-en-gelules\\\/\",\"url\":\"https:\\\/\\\/www.lraloeverashop.eu\\\/fr\\\/produit\\\/pro-12-probiotiques-en-gelules\\\/\",\"name\":\"Pro 12 Probiotiques En G\u00e9lules - Unique bact\u00e9ries probiotiques\",\"isPartOf\":{\"@id\":\"https:\\\/\\\/www.lraloeverashop.eu\\\/fr\\\/#website\"},\"primaryImageOfPage\":{\"@id\":\"https:\\\/\\\/www.lraloeverashop.eu\\\/fr\\\/produit\\\/pro-12-probiotiques-en-gelules\\\/#primaryimage\"},\"image\":{\"@id\":\"https:\\\/\\\/www.lraloeverashop.eu\\\/fr\\\/produit\\\/pro-12-probiotiques-en-gelules\\\/#primaryimage\"},\"thumbnailUrl\":\"https:\\\/\\\/www.lraloeverashop.eu\\\/wp-content\\\/uploads\\\/2022\\\/10\\\/Lr-Probiotic-12-bacteria.jpg\",\"datePublished\":\"2022-10-12T10:19:04+00:00\",\"dateModified\":\"2025-03-29T08:38:55+00:00\",\"description\":\"Pro 12 Probiotiques En G\u00e9lules soutiennent la flore intestinale. Chaque g\u00e9lule contient 1 milliard de bact\u00e9ries probiotiques de 12 bact\u00e9ries\",\"breadcrumb\":{\"@id\":\"https:\\\/\\\/www.lraloeverashop.eu\\\/fr\\\/produit\\\/pro-12-probiotiques-en-gelules\\\/#breadcrumb\"},\"inLanguage\":\"fr-FR\",\"potentialAction\":[{\"@type\":\"ReadAction\",\"target\":[\"https:\\\/\\\/www.lraloeverashop.eu\\\/fr\\\/produit\\\/pro-12-probiotiques-en-gelules\\\/\"]}]},{\"@type\":\"ImageObject\",\"inLanguage\":\"fr-FR\",\"@id\":\"https:\\\/\\\/www.lraloeverashop.eu\\\/fr\\\/produit\\\/pro-12-probiotiques-en-gelules\\\/#primaryimage\",\"url\":\"https:\\\/\\\/www.lraloeverashop.eu\\\/wp-content\\\/uploads\\\/2022\\\/10\\\/Lr-Probiotic-12-bacteria.jpg\",\"contentUrl\":\"https:\\\/\\\/www.lraloeverashop.eu\\\/wp-content\\\/uploads\\\/2022\\\/10\\\/Lr-Probiotic-12-bacteria.jpg\",\"width\":1200,\"height\":1200,\"caption\":\"Lr Pro 12 bact\u00e9ries probiotiques avec 12 souches bact\u00e9riennes diff\u00e9rentes\"},{\"@type\":\"BreadcrumbList\",\"@id\":\"https:\\\/\\\/www.lraloeverashop.eu\\\/fr\\\/produit\\\/pro-12-probiotiques-en-gelules\\\/#breadcrumb\",\"itemListElement\":[{\"@type\":\"ListItem\",\"position\":1,\"name\":\"Home\",\"item\":\"https:\\\/\\\/www.lraloeverashop.eu\\\/fr\\\/\"},{\"@type\":\"ListItem\",\"position\":2,\"name\":\"Boutique\",\"item\":\"https:\\\/\\\/www.lraloeverashop.eu\\\/fr\\\/boutique\\\/\"},{\"@type\":\"ListItem\",\"position\":3,\"name\":\"Pro 12 Probiotiques En G\u00e9lules\"}]},{\"@type\":\"WebSite\",\"@id\":\"https:\\\/\\\/www.lraloeverashop.eu\\\/fr\\\/#website\",\"url\":\"https:\\\/\\\/www.lraloeverashop.eu\\\/fr\\\/\",\"name\":\"Boutique Lr Aloe Vera\",\"description\":\"High Quality Lr Aloe Vera Gel, Aloe Vera Cream and Shampoo\",\"publisher\":{\"@id\":\"https:\\\/\\\/www.lraloeverashop.eu\\\/fr\\\/#organization\"},\"potentialAction\":[{\"@type\":\"SearchAction\",\"target\":{\"@type\":\"EntryPoint\",\"urlTemplate\":\"https:\\\/\\\/www.lraloeverashop.eu\\\/fr\\\/?s={search_term_string}\"},\"query-input\":{\"@type\":\"PropertyValueSpecification\",\"valueRequired\":true,\"valueName\":\"search_term_string\"}}],\"inLanguage\":\"fr-FR\"},{\"@type\":\"Organization\",\"@id\":\"https:\\\/\\\/www.lraloeverashop.eu\\\/fr\\\/#organization\",\"name\":\"Boutique Lr Aloe Vera\",\"alternateName\":\"LR\",\"url\":\"https:\\\/\\\/www.lraloeverashop.eu\\\/fr\\\/\",\"logo\":{\"@type\":\"ImageObject\",\"inLanguage\":\"fr-FR\",\"@id\":\"https:\\\/\\\/www.lraloeverashop.eu\\\/fr\\\/#\\\/schema\\\/logo\\\/image\\\/\",\"url\":\"https:\\\/\\\/www.lraloeverashop.eu\\\/wp-content\\\/uploads\\\/2022\\\/09\\\/cropped-Lr-Aloe-Vera-Shop.jpg\",\"contentUrl\":\"https:\\\/\\\/www.lraloeverashop.eu\\\/wp-content\\\/uploads\\\/2022\\\/09\\\/cropped-Lr-Aloe-Vera-Shop.jpg\",\"width\":228,\"height\":76,\"caption\":\"Boutique Lr Aloe Vera\"},\"image\":{\"@id\":\"https:\\\/\\\/www.lraloeverashop.eu\\\/fr\\\/#\\\/schema\\\/logo\\\/image\\\/\"},\"sameAs\":[\"https:\\\/\\\/www.facebook.com\\\/lraloeverashop.eu\",\"https:\\\/\\\/x.com\\\/natur__kosmetik\",\"https:\\\/\\\/www.youtube.com\\\/channel\\\/UC5oN7BJ8nfYb8RpVtjwDEBA\",\"https:\\\/\\\/www.instagram.com\\\/lrbeautyeu\\\/\"]}]}<\/script>\n<meta property=\"product:price:amount\" content=\"42.99\" \/>\n<meta property=\"product:price:currency\" content=\"EUR\" \/>\n<meta property=\"og:availability\" content=\"out of stock\" \/>\n<meta property=\"product:availability\" content=\"out of stock\" \/>\n<meta property=\"product:retailer_item_id\" content=\"80370-599FR\" \/>\n<meta property=\"product:condition\" content=\"new\" \/>\n<!-- \/ Yoast SEO Premium plugin. -->","yoast_head_json":{"title":"Pro 12 Probiotiques En G\u00e9lules - Unique bact\u00e9ries probiotiques","description":"Pro 12 Probiotiques En G\u00e9lules soutiennent la flore intestinale. Chaque g\u00e9lule contient 1 milliard de bact\u00e9ries probiotiques de 12 bact\u00e9ries","robots":{"index":"index","follow":"follow","max-snippet":"max-snippet:-1","max-image-preview":"max-image-preview:large","max-video-preview":"max-video-preview:-1"},"canonical":"https:\/\/www.lraloeverashop.eu\/fr\/produit\/pro-12-probiotiques-en-gelules\/","og_locale":"fr_FR","og_type":"article","og_title":"Pro 12 Probiotiques En G\u00e9lules","og_description":"Pro 12 Probiotiques En G\u00e9lules soutiennent la flore intestinale. Chaque g\u00e9lule contient 1 milliard de bact\u00e9ries probiotiques de 12 bact\u00e9ries","og_url":"https:\/\/www.lraloeverashop.eu\/fr\/produit\/pro-12-probiotiques-en-gelules\/","og_site_name":"Boutique Lr Aloe Vera","article_publisher":"https:\/\/www.facebook.com\/lraloeverashop.eu","article_modified_time":"2025-03-29T08:38:55+00:00","og_image":[{"width":1200,"height":1200,"url":"https:\/\/www.lraloeverashop.eu\/wp-content\/uploads\/2022\/10\/Lr-Probiotic-12-bacteria.jpg","type":"image\/jpeg"}],"twitter_card":"summary_large_image","twitter_site":"@natur__kosmetik","schema":{"@context":"https:\/\/schema.org","@graph":[{"@type":["WebPage","ItemPage"],"@id":"https:\/\/www.lraloeverashop.eu\/fr\/produit\/pro-12-probiotiques-en-gelules\/","url":"https:\/\/www.lraloeverashop.eu\/fr\/produit\/pro-12-probiotiques-en-gelules\/","name":"Pro 12 Probiotiques En G\u00e9lules - Unique bact\u00e9ries probiotiques","isPartOf":{"@id":"https:\/\/www.lraloeverashop.eu\/fr\/#website"},"primaryImageOfPage":{"@id":"https:\/\/www.lraloeverashop.eu\/fr\/produit\/pro-12-probiotiques-en-gelules\/#primaryimage"},"image":{"@id":"https:\/\/www.lraloeverashop.eu\/fr\/produit\/pro-12-probiotiques-en-gelules\/#primaryimage"},"thumbnailUrl":"https:\/\/www.lraloeverashop.eu\/wp-content\/uploads\/2022\/10\/Lr-Probiotic-12-bacteria.jpg","datePublished":"2022-10-12T10:19:04+00:00","dateModified":"2025-03-29T08:38:55+00:00","description":"Pro 12 Probiotiques En G\u00e9lules soutiennent la flore intestinale. Chaque g\u00e9lule contient 1 milliard de bact\u00e9ries probiotiques de 12 bact\u00e9ries","breadcrumb":{"@id":"https:\/\/www.lraloeverashop.eu\/fr\/produit\/pro-12-probiotiques-en-gelules\/#breadcrumb"},"inLanguage":"fr-FR","potentialAction":[{"@type":"ReadAction","target":["https:\/\/www.lraloeverashop.eu\/fr\/produit\/pro-12-probiotiques-en-gelules\/"]}]},{"@type":"ImageObject","inLanguage":"fr-FR","@id":"https:\/\/www.lraloeverashop.eu\/fr\/produit\/pro-12-probiotiques-en-gelules\/#primaryimage","url":"https:\/\/www.lraloeverashop.eu\/wp-content\/uploads\/2022\/10\/Lr-Probiotic-12-bacteria.jpg","contentUrl":"https:\/\/www.lraloeverashop.eu\/wp-content\/uploads\/2022\/10\/Lr-Probiotic-12-bacteria.jpg","width":1200,"height":1200,"caption":"Lr Pro 12 bact\u00e9ries probiotiques avec 12 souches bact\u00e9riennes diff\u00e9rentes"},{"@type":"BreadcrumbList","@id":"https:\/\/www.lraloeverashop.eu\/fr\/produit\/pro-12-probiotiques-en-gelules\/#breadcrumb","itemListElement":[{"@type":"ListItem","position":1,"name":"Home","item":"https:\/\/www.lraloeverashop.eu\/fr\/"},{"@type":"ListItem","position":2,"name":"Boutique","item":"https:\/\/www.lraloeverashop.eu\/fr\/boutique\/"},{"@type":"ListItem","position":3,"name":"Pro 12 Probiotiques En G\u00e9lules"}]},{"@type":"WebSite","@id":"https:\/\/www.lraloeverashop.eu\/fr\/#website","url":"https:\/\/www.lraloeverashop.eu\/fr\/","name":"Boutique Lr Aloe Vera","description":"High Quality Lr Aloe Vera Gel, Aloe Vera Cream and Shampoo","publisher":{"@id":"https:\/\/www.lraloeverashop.eu\/fr\/#organization"},"potentialAction":[{"@type":"SearchAction","target":{"@type":"EntryPoint","urlTemplate":"https:\/\/www.lraloeverashop.eu\/fr\/?s={search_term_string}"},"query-input":{"@type":"PropertyValueSpecification","valueRequired":true,"valueName":"search_term_string"}}],"inLanguage":"fr-FR"},{"@type":"Organization","@id":"https:\/\/www.lraloeverashop.eu\/fr\/#organization","name":"Boutique Lr Aloe Vera","alternateName":"LR","url":"https:\/\/www.lraloeverashop.eu\/fr\/","logo":{"@type":"ImageObject","inLanguage":"fr-FR","@id":"https:\/\/www.lraloeverashop.eu\/fr\/#\/schema\/logo\/image\/","url":"https:\/\/www.lraloeverashop.eu\/wp-content\/uploads\/2022\/09\/cropped-Lr-Aloe-Vera-Shop.jpg","contentUrl":"https:\/\/www.lraloeverashop.eu\/wp-content\/uploads\/2022\/09\/cropped-Lr-Aloe-Vera-Shop.jpg","width":228,"height":76,"caption":"Boutique Lr Aloe Vera"},"image":{"@id":"https:\/\/www.lraloeverashop.eu\/fr\/#\/schema\/logo\/image\/"},"sameAs":["https:\/\/www.facebook.com\/lraloeverashop.eu","https:\/\/x.com\/natur__kosmetik","https:\/\/www.youtube.com\/channel\/UC5oN7BJ8nfYb8RpVtjwDEBA","https:\/\/www.instagram.com\/lrbeautyeu\/"]}]},"product_price_amount":"42.99","product_price_currency":"EUR","og_availability":"out of stock","product_availability":"out of stock","product_retailer_item_id":"80370-599FR","product_condition":"new"},"taxonomy_info":{"product_cat":[{"value":398,"label":"Base"},{"value":434,"label":"Intestins &amp; Digestion"},{"value":506,"label":"Probiotiques"},{"value":410,"label":"Produits Speciaux"},{"value":111,"label":"Sale"},{"value":351,"label":"Soldes"},{"value":464,"label":"Sp\u00e9cialistes"},{"value":345,"label":"Syst\u00e8me immunitaire et \u00e9quilibre"}],"product_tag":[{"value":643,"label":"Booster immunitaire"}]},"featured_image_src_large":["https:\/\/www.lraloeverashop.eu\/wp-content\/uploads\/2022\/10\/Lr-Probiotic-12-bacteria-1024x1024.jpg",1024,1024,true],"author_info":[],"comment_info":0,"_links":{"self":[{"href":"https:\/\/www.lraloeverashop.eu\/fr\/wp-json\/wp\/v2\/product\/9839","targetHints":{"allow":["GET"]}}],"collection":[{"href":"https:\/\/www.lraloeverashop.eu\/fr\/wp-json\/wp\/v2\/product"}],"about":[{"href":"https:\/\/www.lraloeverashop.eu\/fr\/wp-json\/wp\/v2\/types\/product"}],"replies":[{"embeddable":true,"href":"https:\/\/www.lraloeverashop.eu\/fr\/wp-json\/wp\/v2\/comments?post=9839"}],"wp:featuredmedia":[{"embeddable":true,"href":"https:\/\/www.lraloeverashop.eu\/fr\/wp-json\/wp\/v2\/media\/5658"}],"wp:attachment":[{"href":"https:\/\/www.lraloeverashop.eu\/fr\/wp-json\/wp\/v2\/media?parent=9839"}],"wp:term":[{"taxonomy":"product_brand","embeddable":true,"href":"https:\/\/www.lraloeverashop.eu\/fr\/wp-json\/wp\/v2\/product_brand?post=9839"},{"taxonomy":"product_cat","embeddable":true,"href":"https:\/\/www.lraloeverashop.eu\/fr\/wp-json\/wp\/v2\/product_cat?post=9839"},{"taxonomy":"product_tag","embeddable":true,"href":"https:\/\/www.lraloeverashop.eu\/fr\/wp-json\/wp\/v2\/product_tag?post=9839"}],"curies":[{"name":"wp","href":"https:\/\/api.w.org\/{rel}","templated":true}]}}