{"id":9805,"date":"2022-10-12T21:21:02","date_gmt":"2022-10-12T19:21:02","guid":{"rendered":"https:\/\/www.lraloeverashop.eu\/product\/reishi-gelules-offre-limitee\/"},"modified":"2026-02-02T19:45:42","modified_gmt":"2026-02-02T18:45:42","slug":"reishi-gelules-offre-limitee","status":"publish","type":"product","link":"https:\/\/www.lraloeverashop.eu\/fr\/produit\/reishi-gelules-offre-limitee\/","title":{"rendered":"Reishi Bio G\u00e9lules Offre Limit\u00e9e"},"content":{"rendered":"<p>&nbsp;<\/p>\n<p><img loading=\"lazy\" decoding=\"async\" class=\" wp-image-2843 aligncenter\" src=\"https:\/\/www.lraloeverashop.eu\/wp-content\/uploads\/2022\/10\/Red-Reishi-mushrom.jpg\" alt=\"Red-Reishi-mushrom\" width=\"1619\" height=\"506\" srcset=\"https:\/\/www.lraloeverashop.eu\/wp-content\/uploads\/2022\/10\/Red-Reishi-mushrom.jpg 960w, https:\/\/www.lraloeverashop.eu\/wp-content\/uploads\/2022\/10\/Red-Reishi-mushrom-600x188.jpg 600w, https:\/\/www.lraloeverashop.eu\/wp-content\/uploads\/2022\/10\/Red-Reishi-mushrom-300x94.jpg 300w, https:\/\/www.lraloeverashop.eu\/wp-content\/uploads\/2022\/10\/Red-Reishi-mushrom-768x240.jpg 768w\" sizes=\"auto, (max-width: 1619px) 100vw, 1619px\" \/><\/p>\n<h2><span style=\"font-size: 16pt;\"><strong>Reishi Bio G\u00e9lules Offre Limit\u00e9e<\/strong><\/span><\/h2>\n<p><span style=\"font-size: 14pt;\"><strong>Reishi Bio G\u00e9lules avec poudre et de l&rsquo;extrait de Champignons Reishi<\/strong><\/span><\/p>\n<p>Reishi de LR contiennent de la poudre et de l&rsquo;extrait de Reishi de grande qualit\u00e9. Les g\u00e9lules boostent le bien-\u00eatre avec de la vitamine C et sont en outre sans lactose et v\u00e9ganes.<\/p>\n<p>Dans Lr Reishi Bio G\u00e9lules est utilis\u00e9 uniquement <a href=\"https:\/\/www.lraloeverashop.eu\/fr\/produit\/reishi-plus-gelules\/\">Reishi rouge<\/a>. Ses effets th\u00e9rapeutiques ont \u00e9t\u00e9 confirm\u00e9s par des \u00e9tudes scientifiques aux \u00c9tats-Unis et au Japon, et ont donc \u00e9t\u00e9 largement utilis\u00e9s comme traitement compl\u00e9mentaire dans le monde occidental. Maintenant au Japon, le rouge Reishi est cultiv\u00e9 dans des conditions strictes pour maintenir une teneur \u00e9lev\u00e9e en substances actives et donc l&rsquo;efficacit\u00e9 du produit.<\/p>\n<p>Reishi Bio G\u00e9lules contient, en plus des polysaccharides hautement immunologiquement actifs (b\u00e9taglucanes), d&rsquo;autres substances immunitaires et m\u00e9taboliquement actives et des oligo-\u00e9l\u00e9ments.<\/p>\n<p>Ceux-ci comprennent 17 acides amin\u00e9s, qui sont tous essentiels, ont une teneur \u00e9lev\u00e9e en fer, s\u00e9l\u00e9nium et vitamine B, il existe des triterp\u00e8nes = acides ganod\u00e9riques, qui ont un effet antitumoral dans le cancer, l&rsquo;ad\u00e9nosine et les st\u00e9rols, et l&rsquo;acide ol\u00e9ique, qui sont impliqu\u00e9s dans soutenir le syst\u00e8me cardiovasculaire et contribuer \u00e0 influencer la pression art\u00e9rielle et le <a href=\"https:\/\/www.lraloeverashop.eu\/fr\/produit\/lr-cannaloe-cbd-gelules\/\">m\u00e9tabolisme<\/a> des graisses.<\/p>\n<ol>\n<li>La vitamine C contribue \u00e0 un m\u00e9tabolisme \u00e9nerg\u00e9tique normal.<\/li>\n<li>La <a href=\"https:\/\/www.lraloeverashop.eu\/fr\/produit\/vita-active-fruits-rouges-vitamines\/\">vitamine C prot\u00e8ge<\/a> contre le stress oxydant et contribue \u00e0 la r\u00e9duction de la fatigue et de la sensation d&rsquo;\u00e9puisement.<\/li>\n<\/ol>\n<p>Les Reishi Bio G\u00e9lules peuvent \u00eatre utilis\u00e9es seules ou ensemble, de pr\u00e9f\u00e9rence en combinaison avec Gel \u00e0 Boire Aloe Vera. La posologie est individuelle et d\u00e9pend du type de maladie et de sa gravit\u00e9. Il peut \u00e9galement \u00eatre utilis\u00e9 en combinaison avec d&rsquo;autres produits.<\/p>\n<p>&nbsp;<\/p>\n<h2><strong><span style=\"font-size: 16pt;\">Comment utiliser Reishi Bio G\u00e9lules<\/span><\/strong><\/h2>\n<p>1 x capsule par jour. La dose quotidienne recommand\u00e9e de Reishi Bio G\u00e9lules ne doit pas \u00eatre d\u00e9pass\u00e9e. Les <a href=\"https:\/\/www.lraloeverashop.eu\/fr\/categorie-produit\/produits-speciaux\/\">compl\u00e9ments alimentaires<\/a> ne remplacent pas une alimentation vari\u00e9e et \u00e9quilibr\u00e9e, ce qui est important avec un mode de vie sain. Gardez le produit hors de port\u00e9e des jeunes enfants. Conserver au frais et au sec.<\/p>\n<p>&nbsp;<\/p>\n<h3><strong><span style=\"font-size: 16pt;\">Questions fr\u00e9quemment pos\u00e9es<\/span><\/strong><\/h3>\n<p><span style=\"color: #000000;\"><strong>Comment pousse le champignon Reishi?<\/strong><\/span><br \/>\nLe reishi est un saprophyte, c\u2019est-\u00e0-dire un champignon vivant sur du bois mort, qui pousse sur les souches d\u2019arbres, les racines ou la base des ch\u00eanes et des h\u00eatres et s\u2019en nourrit. Puisque vous avez d\u00fb compter exclusivement sur les champignons sauvages pendant longtemps, trouver un <a href=\"https:\/\/www.lraloeverashop.eu\/fr\/produit\/reishi-gelules\/\">Ling Zhi<\/a> \u00e9tait un coup de chance et de bon augure.<\/p>\n<p>Dans les ann\u00e9es 1970, un processus a \u00e9t\u00e9 d\u00e9velopp\u00e9 pour cultiver le Reishi dans les grandes fermes d\u2019\u00e9levage du monde entier. Le champignon utilis\u00e9 dans le Reishi Bio G\u00e9lules ne provient pas de collections sauvages.<\/p>\n<p>&nbsp;<\/p>\n","protected":false},"excerpt":{"rendered":"<ul>\n<li><span style=\"color: #ff0000;\"><strong>Offre Limit\u00e9e<\/strong><\/span><\/li>\n<li>Contribue \u00e0 un m\u00e9tabolisme \u00e9nerg\u00e9tique normal\u00b9<\/li>\n<li>R\u00e9duit la fatigue\u00b2<\/li>\n<li>Depuis des mill\u00e9naires, une partie de la tradition extr\u00eame-orientale<\/li>\n<li>Aux extraits et poudre de Reishi<\/li>\n<li>Avec de la vitamine C<\/li>\n<li>Sans lactose<\/li>\n<li>Quantit\u00e9: 2 x 30 g\u00e9lules<\/li>\n<\/ul>\n<p style=\"text-align: left;\"><span style=\"color: #ff0000;\"><a style=\"color: #ff0000;\" href=\"https:\/\/shop.lrworld.com\/openpao?PHP=0vFlt7jT938BEnBI3a6e9w%3D%3D\"><span style=\"font-size: 14pt;\"><strong>Inscrivez-vous et \u00e9conomisez 35% sur chaque commande<\/strong><\/span><\/a><\/span><\/p>\n","protected":false},"featured_media":5166,"comment_status":"open","ping_status":"closed","template":"","meta":{"_kad_blocks_custom_css":"","_kad_blocks_head_custom_js":"","_kad_blocks_body_custom_js":"","_kad_blocks_footer_custom_js":"","_kadence_starter_templates_imported_post":false,"_kad_post_transparent":"default","_kad_post_title":"","_kad_post_layout":"default","_kad_post_sidebar_id":"","_kad_post_content_style":"default","_kad_post_vertical_padding":"default","_kad_post_feature":"","_kad_post_feature_position":"","_kad_post_header":false,"_kad_post_footer":false,"_kad_post_classname":""},"product_brand":[],"product_cat":[398,422,410,351,464,345],"product_tag":[643],"class_list":{"0":"post-9805","1":"product","2":"type-product","3":"status-publish","4":"has-post-thumbnail","6":"product_cat-base","7":"product_cat-coeur-et-circulation","8":"product_cat-produits-speciaux","9":"product_cat-soldes","10":"product_cat-specialistes","11":"product_cat-systeme-immunitaire-et-equilibre","12":"product_tag-booster-immunitaire","14":"first","15":"outofstock","16":"sale","17":"taxable","18":"shipping-taxable","19":"purchasable","20":"product-type-simple","21":"entry","22":"content-bg","23":"loop-entry"},"yoast_head":"<!-- This site is optimized with the Yoast SEO Premium plugin v27.4 (Yoast SEO v27.4) - https:\/\/yoast.com\/product\/yoast-seo-premium-wordpress\/ -->\n<title>Reishi Bio G\u00e9lules avec Poudre et de l&#039;extrait de Champignons<\/title>\n<meta name=\"description\" content=\"Reishi Bio G\u00e9lules avec poudre et de l&#039;extrait de Champignons Reishi favorisent le bien-\u00eatre gr\u00e2ce \u00e0 la vitamine C et sont sans lactose et v\u00e9g\u00e9taliennes\" \/>\n<meta name=\"robots\" content=\"index, follow, max-snippet:-1, max-image-preview:large, max-video-preview:-1\" \/>\n<link rel=\"canonical\" href=\"https:\/\/www.lraloeverashop.eu\/fr\/produit\/reishi-gelules-offre-limitee\/\" \/>\n<meta property=\"og:locale\" content=\"fr_FR\" \/>\n<meta property=\"og:type\" content=\"article\" \/>\n<meta property=\"og:title\" content=\"Reishi Bio G\u00e9lules Offre Limit\u00e9e\" \/>\n<meta property=\"og:description\" content=\"Reishi Bio G\u00e9lules avec poudre et de l&#039;extrait de Champignons Reishi favorisent le bien-\u00eatre gr\u00e2ce \u00e0 la vitamine C et sont sans lactose et v\u00e9g\u00e9taliennes\" \/>\n<meta property=\"og:url\" content=\"https:\/\/www.lraloeverashop.eu\/fr\/produit\/reishi-gelules-offre-limitee\/\" \/>\n<meta property=\"og:site_name\" content=\"Boutique Lr Aloe Vera\" \/>\n<meta property=\"article:publisher\" content=\"https:\/\/www.facebook.com\/lraloeverashop.eu\" \/>\n<meta property=\"article:modified_time\" content=\"2026-02-02T18:45:42+00:00\" \/>\n<meta property=\"og:image\" content=\"https:\/\/www.lraloeverashop.eu\/wp-content\/uploads\/2022\/10\/Reishi-Plus-Limited-Offer.jpg\" \/>\n\t<meta property=\"og:image:width\" content=\"1200\" \/>\n\t<meta property=\"og:image:height\" content=\"1200\" \/>\n\t<meta property=\"og:image:type\" content=\"image\/jpeg\" \/>\n<meta name=\"twitter:card\" content=\"summary_large_image\" \/>\n<meta name=\"twitter:site\" content=\"@natur__kosmetik\" \/>\n<script type=\"application\/ld+json\" class=\"yoast-schema-graph\">{\"@context\":\"https:\\\/\\\/schema.org\",\"@graph\":[{\"@type\":[\"WebPage\",\"ItemPage\"],\"@id\":\"https:\\\/\\\/www.lraloeverashop.eu\\\/fr\\\/produit\\\/reishi-gelules-offre-limitee\\\/\",\"url\":\"https:\\\/\\\/www.lraloeverashop.eu\\\/fr\\\/produit\\\/reishi-gelules-offre-limitee\\\/\",\"name\":\"Reishi Bio G\u00e9lules avec Poudre et de l'extrait de Champignons\",\"isPartOf\":{\"@id\":\"https:\\\/\\\/www.lraloeverashop.eu\\\/fr\\\/#website\"},\"primaryImageOfPage\":{\"@id\":\"https:\\\/\\\/www.lraloeverashop.eu\\\/fr\\\/produit\\\/reishi-gelules-offre-limitee\\\/#primaryimage\"},\"image\":{\"@id\":\"https:\\\/\\\/www.lraloeverashop.eu\\\/fr\\\/produit\\\/reishi-gelules-offre-limitee\\\/#primaryimage\"},\"thumbnailUrl\":\"https:\\\/\\\/www.lraloeverashop.eu\\\/wp-content\\\/uploads\\\/2022\\\/10\\\/Reishi-Plus-Limited-Offer.jpg\",\"datePublished\":\"2022-10-12T19:21:02+00:00\",\"dateModified\":\"2026-02-02T18:45:42+00:00\",\"description\":\"Reishi Bio G\u00e9lules avec poudre et de l'extrait de Champignons Reishi favorisent le bien-\u00eatre gr\u00e2ce \u00e0 la vitamine C et sont sans lactose et v\u00e9g\u00e9taliennes\",\"breadcrumb\":{\"@id\":\"https:\\\/\\\/www.lraloeverashop.eu\\\/fr\\\/produit\\\/reishi-gelules-offre-limitee\\\/#breadcrumb\"},\"inLanguage\":\"fr-FR\",\"potentialAction\":[{\"@type\":\"ReadAction\",\"target\":[\"https:\\\/\\\/www.lraloeverashop.eu\\\/fr\\\/produit\\\/reishi-gelules-offre-limitee\\\/\"]}]},{\"@type\":\"ImageObject\",\"inLanguage\":\"fr-FR\",\"@id\":\"https:\\\/\\\/www.lraloeverashop.eu\\\/fr\\\/produit\\\/reishi-gelules-offre-limitee\\\/#primaryimage\",\"url\":\"https:\\\/\\\/www.lraloeverashop.eu\\\/wp-content\\\/uploads\\\/2022\\\/10\\\/Reishi-Plus-Limited-Offer.jpg\",\"contentUrl\":\"https:\\\/\\\/www.lraloeverashop.eu\\\/wp-content\\\/uploads\\\/2022\\\/10\\\/Reishi-Plus-Limited-Offer.jpg\",\"width\":1200,\"height\":1200,\"caption\":\"Reishi Bio G\u00e9lules Sans lactose\"},{\"@type\":\"BreadcrumbList\",\"@id\":\"https:\\\/\\\/www.lraloeverashop.eu\\\/fr\\\/produit\\\/reishi-gelules-offre-limitee\\\/#breadcrumb\",\"itemListElement\":[{\"@type\":\"ListItem\",\"position\":1,\"name\":\"Home\",\"item\":\"https:\\\/\\\/www.lraloeverashop.eu\\\/fr\\\/\"},{\"@type\":\"ListItem\",\"position\":2,\"name\":\"Boutique\",\"item\":\"https:\\\/\\\/www.lraloeverashop.eu\\\/fr\\\/boutique\\\/\"},{\"@type\":\"ListItem\",\"position\":3,\"name\":\"Reishi Bio G\u00e9lules Offre Limit\u00e9e\"}]},{\"@type\":\"WebSite\",\"@id\":\"https:\\\/\\\/www.lraloeverashop.eu\\\/fr\\\/#website\",\"url\":\"https:\\\/\\\/www.lraloeverashop.eu\\\/fr\\\/\",\"name\":\"Boutique Lr Aloe Vera\",\"description\":\"High Quality Lr Aloe Vera Gel, Aloe Vera Cream and Shampoo\",\"publisher\":{\"@id\":\"https:\\\/\\\/www.lraloeverashop.eu\\\/fr\\\/#organization\"},\"potentialAction\":[{\"@type\":\"SearchAction\",\"target\":{\"@type\":\"EntryPoint\",\"urlTemplate\":\"https:\\\/\\\/www.lraloeverashop.eu\\\/fr\\\/?s={search_term_string}\"},\"query-input\":{\"@type\":\"PropertyValueSpecification\",\"valueRequired\":true,\"valueName\":\"search_term_string\"}}],\"inLanguage\":\"fr-FR\"},{\"@type\":\"Organization\",\"@id\":\"https:\\\/\\\/www.lraloeverashop.eu\\\/fr\\\/#organization\",\"name\":\"Boutique Lr Aloe Vera\",\"alternateName\":\"LR\",\"url\":\"https:\\\/\\\/www.lraloeverashop.eu\\\/fr\\\/\",\"logo\":{\"@type\":\"ImageObject\",\"inLanguage\":\"fr-FR\",\"@id\":\"https:\\\/\\\/www.lraloeverashop.eu\\\/fr\\\/#\\\/schema\\\/logo\\\/image\\\/\",\"url\":\"https:\\\/\\\/www.lraloeverashop.eu\\\/wp-content\\\/uploads\\\/2022\\\/09\\\/cropped-Lr-Aloe-Vera-Shop.jpg\",\"contentUrl\":\"https:\\\/\\\/www.lraloeverashop.eu\\\/wp-content\\\/uploads\\\/2022\\\/09\\\/cropped-Lr-Aloe-Vera-Shop.jpg\",\"width\":228,\"height\":76,\"caption\":\"Boutique Lr Aloe Vera\"},\"image\":{\"@id\":\"https:\\\/\\\/www.lraloeverashop.eu\\\/fr\\\/#\\\/schema\\\/logo\\\/image\\\/\"},\"sameAs\":[\"https:\\\/\\\/www.facebook.com\\\/lraloeverashop.eu\",\"https:\\\/\\\/x.com\\\/natur__kosmetik\",\"https:\\\/\\\/www.youtube.com\\\/channel\\\/UC5oN7BJ8nfYb8RpVtjwDEBA\",\"https:\\\/\\\/www.instagram.com\\\/lrbeautyeu\\\/\"],\"description\":\"La boutique LR Aloe Vera est votre destination de confiance pour les produits de sant\u00e9 et de beaut\u00e9 haut de gamme LR, fabriqu\u00e9s en Allemagne. Nous proposons des soins de la peau, des compl\u00e9ments nutritionnels et des solutions anti-\u00e2ge \u00e0 l'aloe vera de haute qualit\u00e9, \u00e9labor\u00e9s \u00e0 partir d'ingr\u00e9dients purs et valid\u00e9s par la recherche scientifique. D\u00e9couvrez des soins naturels qui r\u00e9g\u00e9n\u00e8rent, prot\u00e8gent et revitalisent votre peau, et profitez d'offres mensuelles exclusives sur nos produits LR Aloe Vera les plus vendus.\\n\\nCommencez d\u00e8s aujourd'hui votre parcours vers des soins naturels et constatez la diff\u00e9rence.\",\"email\":\"info@lraloeverashop.eu\",\"telephone\":\"+49 17670609653\",\"legalName\":\"Lr Aloe Vera Shop\",\"foundingDate\":\"2018-04-21\",\"numberOfEmployees\":{\"@type\":\"QuantitativeValue\",\"minValue\":\"1\",\"maxValue\":\"10\"}}]}<\/script>\n<meta property=\"product:price:amount\" content=\"74.99\" \/>\n<meta property=\"product:price:currency\" content=\"EUR\" \/>\n<meta property=\"og:availability\" content=\"out of stock\" \/>\n<meta property=\"product:availability\" content=\"out of stock\" \/>\n<meta property=\"product:retailer_item_id\" content=\"80155-1FR\" \/>\n<meta property=\"product:condition\" content=\"new\" \/>\n<!-- \/ Yoast SEO Premium plugin. -->","yoast_head_json":{"title":"Reishi Bio G\u00e9lules avec Poudre et de l'extrait de Champignons","description":"Reishi Bio G\u00e9lules avec poudre et de l'extrait de Champignons Reishi favorisent le bien-\u00eatre gr\u00e2ce \u00e0 la vitamine C et sont sans lactose et v\u00e9g\u00e9taliennes","robots":{"index":"index","follow":"follow","max-snippet":"max-snippet:-1","max-image-preview":"max-image-preview:large","max-video-preview":"max-video-preview:-1"},"canonical":"https:\/\/www.lraloeverashop.eu\/fr\/produit\/reishi-gelules-offre-limitee\/","og_locale":"fr_FR","og_type":"article","og_title":"Reishi Bio G\u00e9lules Offre Limit\u00e9e","og_description":"Reishi Bio G\u00e9lules avec poudre et de l'extrait de Champignons Reishi favorisent le bien-\u00eatre gr\u00e2ce \u00e0 la vitamine C et sont sans lactose et v\u00e9g\u00e9taliennes","og_url":"https:\/\/www.lraloeverashop.eu\/fr\/produit\/reishi-gelules-offre-limitee\/","og_site_name":"Boutique Lr Aloe Vera","article_publisher":"https:\/\/www.facebook.com\/lraloeverashop.eu","article_modified_time":"2026-02-02T18:45:42+00:00","og_image":[{"width":1200,"height":1200,"url":"https:\/\/www.lraloeverashop.eu\/wp-content\/uploads\/2022\/10\/Reishi-Plus-Limited-Offer.jpg","type":"image\/jpeg"}],"twitter_card":"summary_large_image","twitter_site":"@natur__kosmetik","schema":{"@context":"https:\/\/schema.org","@graph":[{"@type":["WebPage","ItemPage"],"@id":"https:\/\/www.lraloeverashop.eu\/fr\/produit\/reishi-gelules-offre-limitee\/","url":"https:\/\/www.lraloeverashop.eu\/fr\/produit\/reishi-gelules-offre-limitee\/","name":"Reishi Bio G\u00e9lules avec Poudre et de l'extrait de Champignons","isPartOf":{"@id":"https:\/\/www.lraloeverashop.eu\/fr\/#website"},"primaryImageOfPage":{"@id":"https:\/\/www.lraloeverashop.eu\/fr\/produit\/reishi-gelules-offre-limitee\/#primaryimage"},"image":{"@id":"https:\/\/www.lraloeverashop.eu\/fr\/produit\/reishi-gelules-offre-limitee\/#primaryimage"},"thumbnailUrl":"https:\/\/www.lraloeverashop.eu\/wp-content\/uploads\/2022\/10\/Reishi-Plus-Limited-Offer.jpg","datePublished":"2022-10-12T19:21:02+00:00","dateModified":"2026-02-02T18:45:42+00:00","description":"Reishi Bio G\u00e9lules avec poudre et de l'extrait de Champignons Reishi favorisent le bien-\u00eatre gr\u00e2ce \u00e0 la vitamine C et sont sans lactose et v\u00e9g\u00e9taliennes","breadcrumb":{"@id":"https:\/\/www.lraloeverashop.eu\/fr\/produit\/reishi-gelules-offre-limitee\/#breadcrumb"},"inLanguage":"fr-FR","potentialAction":[{"@type":"ReadAction","target":["https:\/\/www.lraloeverashop.eu\/fr\/produit\/reishi-gelules-offre-limitee\/"]}]},{"@type":"ImageObject","inLanguage":"fr-FR","@id":"https:\/\/www.lraloeverashop.eu\/fr\/produit\/reishi-gelules-offre-limitee\/#primaryimage","url":"https:\/\/www.lraloeverashop.eu\/wp-content\/uploads\/2022\/10\/Reishi-Plus-Limited-Offer.jpg","contentUrl":"https:\/\/www.lraloeverashop.eu\/wp-content\/uploads\/2022\/10\/Reishi-Plus-Limited-Offer.jpg","width":1200,"height":1200,"caption":"Reishi Bio G\u00e9lules Sans lactose"},{"@type":"BreadcrumbList","@id":"https:\/\/www.lraloeverashop.eu\/fr\/produit\/reishi-gelules-offre-limitee\/#breadcrumb","itemListElement":[{"@type":"ListItem","position":1,"name":"Home","item":"https:\/\/www.lraloeverashop.eu\/fr\/"},{"@type":"ListItem","position":2,"name":"Boutique","item":"https:\/\/www.lraloeverashop.eu\/fr\/boutique\/"},{"@type":"ListItem","position":3,"name":"Reishi Bio G\u00e9lules Offre Limit\u00e9e"}]},{"@type":"WebSite","@id":"https:\/\/www.lraloeverashop.eu\/fr\/#website","url":"https:\/\/www.lraloeverashop.eu\/fr\/","name":"Boutique Lr Aloe Vera","description":"High Quality Lr Aloe Vera Gel, Aloe Vera Cream and Shampoo","publisher":{"@id":"https:\/\/www.lraloeverashop.eu\/fr\/#organization"},"potentialAction":[{"@type":"SearchAction","target":{"@type":"EntryPoint","urlTemplate":"https:\/\/www.lraloeverashop.eu\/fr\/?s={search_term_string}"},"query-input":{"@type":"PropertyValueSpecification","valueRequired":true,"valueName":"search_term_string"}}],"inLanguage":"fr-FR"},{"@type":"Organization","@id":"https:\/\/www.lraloeverashop.eu\/fr\/#organization","name":"Boutique Lr Aloe Vera","alternateName":"LR","url":"https:\/\/www.lraloeverashop.eu\/fr\/","logo":{"@type":"ImageObject","inLanguage":"fr-FR","@id":"https:\/\/www.lraloeverashop.eu\/fr\/#\/schema\/logo\/image\/","url":"https:\/\/www.lraloeverashop.eu\/wp-content\/uploads\/2022\/09\/cropped-Lr-Aloe-Vera-Shop.jpg","contentUrl":"https:\/\/www.lraloeverashop.eu\/wp-content\/uploads\/2022\/09\/cropped-Lr-Aloe-Vera-Shop.jpg","width":228,"height":76,"caption":"Boutique Lr Aloe Vera"},"image":{"@id":"https:\/\/www.lraloeverashop.eu\/fr\/#\/schema\/logo\/image\/"},"sameAs":["https:\/\/www.facebook.com\/lraloeverashop.eu","https:\/\/x.com\/natur__kosmetik","https:\/\/www.youtube.com\/channel\/UC5oN7BJ8nfYb8RpVtjwDEBA","https:\/\/www.instagram.com\/lrbeautyeu\/"],"description":"La boutique LR Aloe Vera est votre destination de confiance pour les produits de sant\u00e9 et de beaut\u00e9 haut de gamme LR, fabriqu\u00e9s en Allemagne. Nous proposons des soins de la peau, des compl\u00e9ments nutritionnels et des solutions anti-\u00e2ge \u00e0 l'aloe vera de haute qualit\u00e9, \u00e9labor\u00e9s \u00e0 partir d'ingr\u00e9dients purs et valid\u00e9s par la recherche scientifique. D\u00e9couvrez des soins naturels qui r\u00e9g\u00e9n\u00e8rent, prot\u00e8gent et revitalisent votre peau, et profitez d'offres mensuelles exclusives sur nos produits LR Aloe Vera les plus vendus.\n\nCommencez d\u00e8s aujourd'hui votre parcours vers des soins naturels et constatez la diff\u00e9rence.","email":"info@lraloeverashop.eu","telephone":"+49 17670609653","legalName":"Lr Aloe Vera Shop","foundingDate":"2018-04-21","numberOfEmployees":{"@type":"QuantitativeValue","minValue":"1","maxValue":"10"}}]},"product_price_amount":"74.99","product_price_currency":"EUR","og_availability":"out of stock","product_availability":"out of stock","product_retailer_item_id":"80155-1FR","product_condition":"new"},"taxonomy_info":{"product_cat":[{"value":398,"label":"Base"},{"value":422,"label":"C\u0153ur et Circulation"},{"value":410,"label":"Produits Speciaux"},{"value":351,"label":"Soldes"},{"value":464,"label":"Sp\u00e9cialistes"},{"value":345,"label":"Syst\u00e8me immunitaire et \u00e9quilibre"}],"product_tag":[{"value":643,"label":"Booster immunitaire"}]},"featured_image_src_large":["https:\/\/www.lraloeverashop.eu\/wp-content\/uploads\/2022\/10\/Reishi-Plus-Limited-Offer-1024x1024.jpg",1024,1024,true],"author_info":[],"comment_info":0,"_links":{"self":[{"href":"https:\/\/www.lraloeverashop.eu\/fr\/wp-json\/wp\/v2\/product\/9805","targetHints":{"allow":["GET"]}}],"collection":[{"href":"https:\/\/www.lraloeverashop.eu\/fr\/wp-json\/wp\/v2\/product"}],"about":[{"href":"https:\/\/www.lraloeverashop.eu\/fr\/wp-json\/wp\/v2\/types\/product"}],"replies":[{"embeddable":true,"href":"https:\/\/www.lraloeverashop.eu\/fr\/wp-json\/wp\/v2\/comments?post=9805"}],"wp:featuredmedia":[{"embeddable":true,"href":"https:\/\/www.lraloeverashop.eu\/fr\/wp-json\/wp\/v2\/media\/5166"}],"wp:attachment":[{"href":"https:\/\/www.lraloeverashop.eu\/fr\/wp-json\/wp\/v2\/media?parent=9805"}],"wp:term":[{"taxonomy":"product_brand","embeddable":true,"href":"https:\/\/www.lraloeverashop.eu\/fr\/wp-json\/wp\/v2\/product_brand?post=9805"},{"taxonomy":"product_cat","embeddable":true,"href":"https:\/\/www.lraloeverashop.eu\/fr\/wp-json\/wp\/v2\/product_cat?post=9805"},{"taxonomy":"product_tag","embeddable":true,"href":"https:\/\/www.lraloeverashop.eu\/fr\/wp-json\/wp\/v2\/product_tag?post=9805"}],"curies":[{"name":"wp","href":"https:\/\/api.w.org\/{rel}","templated":true}]}}