{"id":9697,"date":"2022-10-13T05:32:32","date_gmt":"2022-10-13T03:32:32","guid":{"rendered":"https:\/\/www.lraloeverashop.eu\/product\/pro-balance-en-comprimes\/"},"modified":"2026-02-02T19:45:23","modified_gmt":"2026-02-02T18:45:23","slug":"pro-balance-en-comprimes","status":"publish","type":"product","link":"https:\/\/www.lraloeverashop.eu\/fr\/produit\/pro-balance-en-comprimes\/","title":{"rendered":"Lr Pro Balance en Comprim\u00e9s"},"content":{"rendered":"<h2><strong><span style=\"font-size: 16pt;\">Lr Pro Balance en Comprim\u00e9s<\/span><\/strong><\/h2>\n<p><span style=\"font-size: 14pt;\"><strong>Lr Pro Balance en Comprim\u00e9s &#8211; Soutien Pratique Pour Votre Alimentation Quotidienne<\/strong><\/span><\/p>\n<p>Un r\u00e9gime d\u00e9s\u00e9quilibr\u00e9, sans vari\u00e9t\u00e9, peut perturber l&rsquo;\u00e9quilibre acide-base de votre corps.<\/p>\n<p>Les Lr Pro Balance en Comprim\u00e9s offrent un soutien pratique qui s&rsquo;int\u00e8gre facilement \u00e0 votre <a href=\"https:\/\/www.lraloeverashop.eu\/fr\/produit\/colostrum-bovin-bio-gelules\/\">alimentation<\/a> quotidienne et r\u00e9tablit l&rsquo;\u00e9quilibre acide-base du corps.<\/p>\n<p>Lr Pro Balance en Comprim\u00e9s offre des min\u00e9raux et des oligo-\u00e9l\u00e9ments utiles pour votre \u00e9quilibre int\u00e9rieur et am\u00e9liore votre bien-\u00eatre. Il ne contient pas de lactose et consiste en un pr\u00e9cieux m\u00e9lange de citrates, de carbonates et de gluconates.<\/p>\n<p>Le magn\u00e9sium dans les comprim\u00e9s de ProBalance aide \u00e0 <a href=\"https:\/\/www.lraloeverashop.eu\/fr\/produit\/pro-balance-set-de-3\/\">r\u00e9duire la fatigue<\/a> et \u00e0 maintenir l&rsquo;\u00e9quilibre \u00e9lectrolytique.<\/p>\n<p>&nbsp;<\/p>\n<h3><strong><span style=\"font-size: 16pt;\">Comment utiliser<\/span><\/strong><\/h3>\n<p>Prendre 4 Lr Pro Balance comprimes 3 fois par jour avec une boisson.<\/p>\n<p>La dose journali\u00e8re conseill\u00e9e ne doit pas \u00eatre d\u00e9pass\u00e9e. Les <a href=\"https:\/\/www.lraloeverashop.eu\/fr\/categorie-produit\/produits-speciaux\/\">compl\u00e9ments alimentaires<\/a> ne remplacent pas une alimentation vari\u00e9e et \u00e9quilibr\u00e9e qui est aussi importante qu\u2019un mode de vie sain.<\/p>\n<p>Ranger le produit hors de port\u00e9e des jeunes enfants. Apr\u00e8s vous \u00eatre servi(e), bien refermer la bo\u00eete et la ranger dans un endroit sec. Une consommation excessive peut avoir des effets laxatifs.<\/p>\n<p>&nbsp;<\/p>\n<h4><strong><span style=\"font-size: 16pt;\">Le saviez-vous?<\/span><\/strong><\/h4>\n<p>Les <a href=\"https:\/\/www.lraloeverashop.eu\/fr\/produit\/pro-balance-comprimes\/\">min\u00e9raux<\/a> n\u2019existent pas sous forme pure, ils sont toujours li\u00e9s dans des sels. Le bon ratio entre ces diverses liaisons est particuli\u00e8rement important pour la biodisponibilit\u00e9 des substances min\u00e9rales, autrement dit la fa\u00e7on dont le corps arrive \u00e0 les accepter. C\u2019est pourquoi Lr Pro Balance min\u00e9raux mise sur un m\u00e9lange de <a href=\"https:\/\/www.lraloeverashop.eu\/fr\/produit\/vita-active-fruits-rouges-vitamines\/\">citrates<\/a>, carbonates et gluconates.<\/p>\n<p>&nbsp;<\/p>\n<h5><strong><span style=\"font-size: 16pt;\">Questions fr\u00e9quemment pos\u00e9es<\/span><\/strong><\/h5>\n<p><strong>Par quoi une acidose du corps peut-elle \u00eatre caus\u00e9e?<\/strong><br \/>\nIl existe plusieurs facteurs qui expliquent une acidose du corps. Le premier que l\u2019on peut nommer est l\u2019alimentation, car la liste des aliments dont la consommation excessive peut avoir un effet n\u00e9gatif sur notre <a href=\"https:\/\/www.lraloeverashop.eu\/fr\/substitut-de-repas-figu-active-le-regime-amaigrissant-intelligent\/\">m\u00e9tabolisme acido-basique<\/a> est longue :<\/p>\n<p>la viande, l\u2019eau min\u00e9rale gazeuse, le caf\u00e9, les graisses, la farine de bl\u00e9, les sucreries, etc. peuvent, en cas de consommation excessive, tout autant contribuer \u00e0 une acidose du corps que l\u2019alcool ou les m\u00e9dicaments.<\/p>\n<p>L\u2019effet n\u00e9gatif de ces aliments est renforc\u00e9 si dans le m\u00eame temps un nombre insuffisant de fruits et l\u00e9gumes constituant des bases est consomm\u00e9. D\u2019autres facteurs tels qu\u2019une activit\u00e9 physique limit\u00e9e et un stress \u00e9lev\u00e9 p\u00e8sent \u00e9galement sur le <a href=\"https:\/\/www.lraloeverashop.eu\/fr\/categorie-produit\/base\/vitamines-et-mineraux\/\">m\u00e9tabolisme<\/a>.<\/p>\n<p><strong>Comment les min\u00e9raux et les oligo\u00e9l\u00e9ments compensent-ils l\u2019acidose du corps?<\/strong><br \/>\nDes Lr Pro Balance min\u00e9raux \u00e0 action basique sont \u00e9galement appel\u00e9s min\u00e9raux de d\u00e9sacidification. Ils doivent \u00eatre pr\u00e9sents dans chaque cellule car ils servent \u00e0 la neutralisation des acides. En cas d\u2019acidose, caus\u00e9e notamment par une alimentation non-\u00e9quilibr\u00e9e, l\u2019organisme perd des substances min\u00e9rales.<\/p>\n","protected":false},"excerpt":{"rendered":"<ul>\n<li>Combinaison de min\u00e9raux de base et d&rsquo;oligo-\u00e9l\u00e9ments pour votre \u00e9quilibre int\u00e9rieur\u00b9<\/li>\n<li>Un excellent m\u00e9lange de citrates, carbonates et gluconates<\/li>\n<li>Sans lactose<\/li>\n<li>Produit fabriqu\u00e9 en Allemagne<\/li>\n<li>Quantit\u00e9: 252 g<\/li>\n<\/ul>\n<p style=\"text-align: left;\"><span style=\"color: #ff0000;\"><a style=\"color: #ff0000;\" href=\"https:\/\/shop.lrworld.com\/openpao?PHP=0vFlt7jT938BEnBI3a6e9w%3D%3D\"><span style=\"font-size: 14pt;\"><strong>Inscrivez-vous et \u00e9conomisez 35% sur chaque commande<\/strong><\/span><\/a><\/span><\/p>\n","protected":false},"featured_media":5646,"comment_status":"open","ping_status":"closed","template":"","meta":{"_kad_blocks_custom_css":"","_kad_blocks_head_custom_js":"","_kad_blocks_body_custom_js":"","_kad_blocks_footer_custom_js":"","_kadence_starter_templates_imported_post":false,"_kad_post_transparent":"default","_kad_post_title":"","_kad_post_layout":"default","_kad_post_sidebar_id":"","_kad_post_content_style":"default","_kad_post_vertical_padding":"default","_kad_post_feature":"","_kad_post_feature_position":"","_kad_post_header":false,"_kad_post_footer":false,"_kad_post_classname":""},"product_brand":[],"product_cat":[398,416,452,410,464,345,297],"product_tag":[644,646],"class_list":{"0":"post-9697","1":"product","2":"type-product","3":"status-publish","4":"has-post-thumbnail","6":"product_cat-base","7":"product_cat-os-articulations-et-muscles","8":"product_cat-pro-balance-fr","9":"product_cat-produits-speciaux","10":"product_cat-specialistes","11":"product_cat-systeme-immunitaire-et-equilibre","12":"product_cat-vitamines-et-mineraux","13":"product_tag-douleurs-articulaires","14":"product_tag-mineraux-et-vitamines","16":"first","17":"instock","18":"taxable","19":"shipping-taxable","20":"purchasable","21":"product-type-simple","22":"entry","23":"content-bg","24":"loop-entry"},"yoast_head":"<!-- This site is optimized with the Yoast SEO Premium plugin v27.4 (Yoast SEO v27.4) - https:\/\/yoast.com\/product\/yoast-seo-premium-wordpress\/ -->\n<title>Lr Pro Balance en Comprim\u00e9s pour votre \u00e9quilibre int\u00e9rieur<\/title>\n<meta name=\"description\" content=\"Lr Pro Balance en Comprim\u00e9s offrent un soutien pratique pour votre alimentation quotidienne et r\u00e9tablit l&#039;\u00e9quilibre acide-base du corps. Sans lactose.\" \/>\n<meta name=\"robots\" content=\"index, follow, max-snippet:-1, max-image-preview:large, max-video-preview:-1\" \/>\n<link rel=\"canonical\" href=\"https:\/\/www.lraloeverashop.eu\/fr\/produit\/pro-balance-en-comprimes\/\" \/>\n<meta property=\"og:locale\" content=\"fr_FR\" \/>\n<meta property=\"og:type\" content=\"article\" \/>\n<meta property=\"og:title\" content=\"Lr Pro Balance en Comprim\u00e9s\" \/>\n<meta property=\"og:description\" content=\"Lr Pro Balance en Comprim\u00e9s offrent un soutien pratique pour votre alimentation quotidienne et r\u00e9tablit l&#039;\u00e9quilibre acide-base du corps. Sans lactose.\" \/>\n<meta property=\"og:url\" content=\"https:\/\/www.lraloeverashop.eu\/fr\/produit\/pro-balance-en-comprimes\/\" \/>\n<meta property=\"og:site_name\" content=\"Boutique Lr Aloe Vera\" \/>\n<meta property=\"article:publisher\" content=\"https:\/\/www.facebook.com\/lraloeverashop.eu\" \/>\n<meta property=\"article:modified_time\" content=\"2026-02-02T18:45:23+00:00\" \/>\n<meta property=\"og:image\" content=\"https:\/\/www.lraloeverashop.eu\/wp-content\/uploads\/2022\/10\/Lr-Pro-balance-Mminerals.jpg\" \/>\n\t<meta property=\"og:image:width\" content=\"1200\" \/>\n\t<meta property=\"og:image:height\" content=\"1200\" \/>\n\t<meta property=\"og:image:type\" content=\"image\/jpeg\" \/>\n<meta name=\"twitter:card\" content=\"summary_large_image\" \/>\n<meta name=\"twitter:site\" content=\"@natur__kosmetik\" \/>\n<script type=\"application\/ld+json\" class=\"yoast-schema-graph\">{\"@context\":\"https:\\\/\\\/schema.org\",\"@graph\":[{\"@type\":[\"WebPage\",\"ItemPage\"],\"@id\":\"https:\\\/\\\/www.lraloeverashop.eu\\\/fr\\\/produit\\\/pro-balance-en-comprimes\\\/\",\"url\":\"https:\\\/\\\/www.lraloeverashop.eu\\\/fr\\\/produit\\\/pro-balance-en-comprimes\\\/\",\"name\":\"Lr Pro Balance en Comprim\u00e9s pour votre \u00e9quilibre int\u00e9rieur\",\"isPartOf\":{\"@id\":\"https:\\\/\\\/www.lraloeverashop.eu\\\/fr\\\/#website\"},\"primaryImageOfPage\":{\"@id\":\"https:\\\/\\\/www.lraloeverashop.eu\\\/fr\\\/produit\\\/pro-balance-en-comprimes\\\/#primaryimage\"},\"image\":{\"@id\":\"https:\\\/\\\/www.lraloeverashop.eu\\\/fr\\\/produit\\\/pro-balance-en-comprimes\\\/#primaryimage\"},\"thumbnailUrl\":\"https:\\\/\\\/www.lraloeverashop.eu\\\/wp-content\\\/uploads\\\/2022\\\/10\\\/Lr-Pro-balance-Mminerals.jpg\",\"datePublished\":\"2022-10-13T03:32:32+00:00\",\"dateModified\":\"2026-02-02T18:45:23+00:00\",\"description\":\"Lr Pro Balance en Comprim\u00e9s offrent un soutien pratique pour votre alimentation quotidienne et r\u00e9tablit l'\u00e9quilibre acide-base du corps. Sans lactose.\",\"breadcrumb\":{\"@id\":\"https:\\\/\\\/www.lraloeverashop.eu\\\/fr\\\/produit\\\/pro-balance-en-comprimes\\\/#breadcrumb\"},\"inLanguage\":\"fr-FR\",\"potentialAction\":[{\"@type\":\"ReadAction\",\"target\":[\"https:\\\/\\\/www.lraloeverashop.eu\\\/fr\\\/produit\\\/pro-balance-en-comprimes\\\/\"]}]},{\"@type\":\"ImageObject\",\"inLanguage\":\"fr-FR\",\"@id\":\"https:\\\/\\\/www.lraloeverashop.eu\\\/fr\\\/produit\\\/pro-balance-en-comprimes\\\/#primaryimage\",\"url\":\"https:\\\/\\\/www.lraloeverashop.eu\\\/wp-content\\\/uploads\\\/2022\\\/10\\\/Lr-Pro-balance-Mminerals.jpg\",\"contentUrl\":\"https:\\\/\\\/www.lraloeverashop.eu\\\/wp-content\\\/uploads\\\/2022\\\/10\\\/Lr-Pro-balance-Mminerals.jpg\",\"width\":1200,\"height\":1200,\"caption\":\"Lr Pro balance Min\u00e9raux\"},{\"@type\":\"BreadcrumbList\",\"@id\":\"https:\\\/\\\/www.lraloeverashop.eu\\\/fr\\\/produit\\\/pro-balance-en-comprimes\\\/#breadcrumb\",\"itemListElement\":[{\"@type\":\"ListItem\",\"position\":1,\"name\":\"Home\",\"item\":\"https:\\\/\\\/www.lraloeverashop.eu\\\/fr\\\/\"},{\"@type\":\"ListItem\",\"position\":2,\"name\":\"Boutique\",\"item\":\"https:\\\/\\\/www.lraloeverashop.eu\\\/fr\\\/boutique\\\/\"},{\"@type\":\"ListItem\",\"position\":3,\"name\":\"Lr Pro Balance en Comprim\u00e9s\"}]},{\"@type\":\"WebSite\",\"@id\":\"https:\\\/\\\/www.lraloeverashop.eu\\\/fr\\\/#website\",\"url\":\"https:\\\/\\\/www.lraloeverashop.eu\\\/fr\\\/\",\"name\":\"Boutique Lr Aloe Vera\",\"description\":\"High Quality Lr Aloe Vera Gel, Aloe Vera Cream and Shampoo\",\"publisher\":{\"@id\":\"https:\\\/\\\/www.lraloeverashop.eu\\\/fr\\\/#organization\"},\"potentialAction\":[{\"@type\":\"SearchAction\",\"target\":{\"@type\":\"EntryPoint\",\"urlTemplate\":\"https:\\\/\\\/www.lraloeverashop.eu\\\/fr\\\/?s={search_term_string}\"},\"query-input\":{\"@type\":\"PropertyValueSpecification\",\"valueRequired\":true,\"valueName\":\"search_term_string\"}}],\"inLanguage\":\"fr-FR\"},{\"@type\":\"Organization\",\"@id\":\"https:\\\/\\\/www.lraloeverashop.eu\\\/fr\\\/#organization\",\"name\":\"Boutique Lr Aloe Vera\",\"alternateName\":\"LR\",\"url\":\"https:\\\/\\\/www.lraloeverashop.eu\\\/fr\\\/\",\"logo\":{\"@type\":\"ImageObject\",\"inLanguage\":\"fr-FR\",\"@id\":\"https:\\\/\\\/www.lraloeverashop.eu\\\/fr\\\/#\\\/schema\\\/logo\\\/image\\\/\",\"url\":\"https:\\\/\\\/www.lraloeverashop.eu\\\/wp-content\\\/uploads\\\/2022\\\/09\\\/cropped-Lr-Aloe-Vera-Shop.jpg\",\"contentUrl\":\"https:\\\/\\\/www.lraloeverashop.eu\\\/wp-content\\\/uploads\\\/2022\\\/09\\\/cropped-Lr-Aloe-Vera-Shop.jpg\",\"width\":228,\"height\":76,\"caption\":\"Boutique Lr Aloe Vera\"},\"image\":{\"@id\":\"https:\\\/\\\/www.lraloeverashop.eu\\\/fr\\\/#\\\/schema\\\/logo\\\/image\\\/\"},\"sameAs\":[\"https:\\\/\\\/www.facebook.com\\\/lraloeverashop.eu\",\"https:\\\/\\\/x.com\\\/natur__kosmetik\",\"https:\\\/\\\/www.youtube.com\\\/channel\\\/UC5oN7BJ8nfYb8RpVtjwDEBA\",\"https:\\\/\\\/www.instagram.com\\\/lrbeautyeu\\\/\"],\"description\":\"La boutique LR Aloe Vera est votre destination de confiance pour les produits de sant\u00e9 et de beaut\u00e9 haut de gamme LR, fabriqu\u00e9s en Allemagne. Nous proposons des soins de la peau, des compl\u00e9ments nutritionnels et des solutions anti-\u00e2ge \u00e0 l'aloe vera de haute qualit\u00e9, \u00e9labor\u00e9s \u00e0 partir d'ingr\u00e9dients purs et valid\u00e9s par la recherche scientifique. D\u00e9couvrez des soins naturels qui r\u00e9g\u00e9n\u00e8rent, prot\u00e8gent et revitalisent votre peau, et profitez d'offres mensuelles exclusives sur nos produits LR Aloe Vera les plus vendus.\\n\\nCommencez d\u00e8s aujourd'hui votre parcours vers des soins naturels et constatez la diff\u00e9rence.\",\"email\":\"info@lraloeverashop.eu\",\"telephone\":\"+49 17670609653\",\"legalName\":\"Lr Aloe Vera Shop\",\"foundingDate\":\"2018-04-21\",\"numberOfEmployees\":{\"@type\":\"QuantitativeValue\",\"minValue\":\"1\",\"maxValue\":\"10\"}}]}<\/script>\n<meta property=\"product:price:amount\" content=\"36.99\" \/>\n<meta property=\"product:price:currency\" content=\"EUR\" \/>\n<meta property=\"og:availability\" content=\"instock\" \/>\n<meta property=\"product:availability\" content=\"instock\" \/>\n<meta property=\"product:retailer_item_id\" content=\"80102-401FR\" \/>\n<meta property=\"product:condition\" content=\"new\" \/>\n<!-- \/ Yoast SEO Premium plugin. -->","yoast_head_json":{"title":"Lr Pro Balance en Comprim\u00e9s pour votre \u00e9quilibre int\u00e9rieur","description":"Lr Pro Balance en Comprim\u00e9s offrent un soutien pratique pour votre alimentation quotidienne et r\u00e9tablit l'\u00e9quilibre acide-base du corps. Sans lactose.","robots":{"index":"index","follow":"follow","max-snippet":"max-snippet:-1","max-image-preview":"max-image-preview:large","max-video-preview":"max-video-preview:-1"},"canonical":"https:\/\/www.lraloeverashop.eu\/fr\/produit\/pro-balance-en-comprimes\/","og_locale":"fr_FR","og_type":"article","og_title":"Lr Pro Balance en Comprim\u00e9s","og_description":"Lr Pro Balance en Comprim\u00e9s offrent un soutien pratique pour votre alimentation quotidienne et r\u00e9tablit l'\u00e9quilibre acide-base du corps. Sans lactose.","og_url":"https:\/\/www.lraloeverashop.eu\/fr\/produit\/pro-balance-en-comprimes\/","og_site_name":"Boutique Lr Aloe Vera","article_publisher":"https:\/\/www.facebook.com\/lraloeverashop.eu","article_modified_time":"2026-02-02T18:45:23+00:00","og_image":[{"width":1200,"height":1200,"url":"https:\/\/www.lraloeverashop.eu\/wp-content\/uploads\/2022\/10\/Lr-Pro-balance-Mminerals.jpg","type":"image\/jpeg"}],"twitter_card":"summary_large_image","twitter_site":"@natur__kosmetik","schema":{"@context":"https:\/\/schema.org","@graph":[{"@type":["WebPage","ItemPage"],"@id":"https:\/\/www.lraloeverashop.eu\/fr\/produit\/pro-balance-en-comprimes\/","url":"https:\/\/www.lraloeverashop.eu\/fr\/produit\/pro-balance-en-comprimes\/","name":"Lr Pro Balance en Comprim\u00e9s pour votre \u00e9quilibre int\u00e9rieur","isPartOf":{"@id":"https:\/\/www.lraloeverashop.eu\/fr\/#website"},"primaryImageOfPage":{"@id":"https:\/\/www.lraloeverashop.eu\/fr\/produit\/pro-balance-en-comprimes\/#primaryimage"},"image":{"@id":"https:\/\/www.lraloeverashop.eu\/fr\/produit\/pro-balance-en-comprimes\/#primaryimage"},"thumbnailUrl":"https:\/\/www.lraloeverashop.eu\/wp-content\/uploads\/2022\/10\/Lr-Pro-balance-Mminerals.jpg","datePublished":"2022-10-13T03:32:32+00:00","dateModified":"2026-02-02T18:45:23+00:00","description":"Lr Pro Balance en Comprim\u00e9s offrent un soutien pratique pour votre alimentation quotidienne et r\u00e9tablit l'\u00e9quilibre acide-base du corps. Sans lactose.","breadcrumb":{"@id":"https:\/\/www.lraloeverashop.eu\/fr\/produit\/pro-balance-en-comprimes\/#breadcrumb"},"inLanguage":"fr-FR","potentialAction":[{"@type":"ReadAction","target":["https:\/\/www.lraloeverashop.eu\/fr\/produit\/pro-balance-en-comprimes\/"]}]},{"@type":"ImageObject","inLanguage":"fr-FR","@id":"https:\/\/www.lraloeverashop.eu\/fr\/produit\/pro-balance-en-comprimes\/#primaryimage","url":"https:\/\/www.lraloeverashop.eu\/wp-content\/uploads\/2022\/10\/Lr-Pro-balance-Mminerals.jpg","contentUrl":"https:\/\/www.lraloeverashop.eu\/wp-content\/uploads\/2022\/10\/Lr-Pro-balance-Mminerals.jpg","width":1200,"height":1200,"caption":"Lr Pro balance Min\u00e9raux"},{"@type":"BreadcrumbList","@id":"https:\/\/www.lraloeverashop.eu\/fr\/produit\/pro-balance-en-comprimes\/#breadcrumb","itemListElement":[{"@type":"ListItem","position":1,"name":"Home","item":"https:\/\/www.lraloeverashop.eu\/fr\/"},{"@type":"ListItem","position":2,"name":"Boutique","item":"https:\/\/www.lraloeverashop.eu\/fr\/boutique\/"},{"@type":"ListItem","position":3,"name":"Lr Pro Balance en Comprim\u00e9s"}]},{"@type":"WebSite","@id":"https:\/\/www.lraloeverashop.eu\/fr\/#website","url":"https:\/\/www.lraloeverashop.eu\/fr\/","name":"Boutique Lr Aloe Vera","description":"High Quality Lr Aloe Vera Gel, Aloe Vera Cream and Shampoo","publisher":{"@id":"https:\/\/www.lraloeverashop.eu\/fr\/#organization"},"potentialAction":[{"@type":"SearchAction","target":{"@type":"EntryPoint","urlTemplate":"https:\/\/www.lraloeverashop.eu\/fr\/?s={search_term_string}"},"query-input":{"@type":"PropertyValueSpecification","valueRequired":true,"valueName":"search_term_string"}}],"inLanguage":"fr-FR"},{"@type":"Organization","@id":"https:\/\/www.lraloeverashop.eu\/fr\/#organization","name":"Boutique Lr Aloe Vera","alternateName":"LR","url":"https:\/\/www.lraloeverashop.eu\/fr\/","logo":{"@type":"ImageObject","inLanguage":"fr-FR","@id":"https:\/\/www.lraloeverashop.eu\/fr\/#\/schema\/logo\/image\/","url":"https:\/\/www.lraloeverashop.eu\/wp-content\/uploads\/2022\/09\/cropped-Lr-Aloe-Vera-Shop.jpg","contentUrl":"https:\/\/www.lraloeverashop.eu\/wp-content\/uploads\/2022\/09\/cropped-Lr-Aloe-Vera-Shop.jpg","width":228,"height":76,"caption":"Boutique Lr Aloe Vera"},"image":{"@id":"https:\/\/www.lraloeverashop.eu\/fr\/#\/schema\/logo\/image\/"},"sameAs":["https:\/\/www.facebook.com\/lraloeverashop.eu","https:\/\/x.com\/natur__kosmetik","https:\/\/www.youtube.com\/channel\/UC5oN7BJ8nfYb8RpVtjwDEBA","https:\/\/www.instagram.com\/lrbeautyeu\/"],"description":"La boutique LR Aloe Vera est votre destination de confiance pour les produits de sant\u00e9 et de beaut\u00e9 haut de gamme LR, fabriqu\u00e9s en Allemagne. Nous proposons des soins de la peau, des compl\u00e9ments nutritionnels et des solutions anti-\u00e2ge \u00e0 l'aloe vera de haute qualit\u00e9, \u00e9labor\u00e9s \u00e0 partir d'ingr\u00e9dients purs et valid\u00e9s par la recherche scientifique. D\u00e9couvrez des soins naturels qui r\u00e9g\u00e9n\u00e8rent, prot\u00e8gent et revitalisent votre peau, et profitez d'offres mensuelles exclusives sur nos produits LR Aloe Vera les plus vendus.\n\nCommencez d\u00e8s aujourd'hui votre parcours vers des soins naturels et constatez la diff\u00e9rence.","email":"info@lraloeverashop.eu","telephone":"+49 17670609653","legalName":"Lr Aloe Vera Shop","foundingDate":"2018-04-21","numberOfEmployees":{"@type":"QuantitativeValue","minValue":"1","maxValue":"10"}}]},"product_price_amount":"36.99","product_price_currency":"EUR","og_availability":"instock","product_availability":"instock","product_retailer_item_id":"80102-401FR","product_condition":"new"},"taxonomy_info":{"product_cat":[{"value":398,"label":"Base"},{"value":416,"label":"Os, Articulations et Muscles"},{"value":452,"label":"Pro Balance"},{"value":410,"label":"Produits Speciaux"},{"value":464,"label":"Sp\u00e9cialistes"},{"value":345,"label":"Syst\u00e8me immunitaire et \u00e9quilibre"},{"value":297,"label":"Vitamines et Min\u00e9raux"}],"product_tag":[{"value":644,"label":"Douleurs articulaires"},{"value":646,"label":"Min\u00e9raux et vitamines"}]},"featured_image_src_large":["https:\/\/www.lraloeverashop.eu\/wp-content\/uploads\/2022\/10\/Lr-Pro-balance-Mminerals-1024x1024.jpg",1024,1024,true],"author_info":[],"comment_info":0,"_links":{"self":[{"href":"https:\/\/www.lraloeverashop.eu\/fr\/wp-json\/wp\/v2\/product\/9697","targetHints":{"allow":["GET"]}}],"collection":[{"href":"https:\/\/www.lraloeverashop.eu\/fr\/wp-json\/wp\/v2\/product"}],"about":[{"href":"https:\/\/www.lraloeverashop.eu\/fr\/wp-json\/wp\/v2\/types\/product"}],"replies":[{"embeddable":true,"href":"https:\/\/www.lraloeverashop.eu\/fr\/wp-json\/wp\/v2\/comments?post=9697"}],"wp:featuredmedia":[{"embeddable":true,"href":"https:\/\/www.lraloeverashop.eu\/fr\/wp-json\/wp\/v2\/media\/5646"}],"wp:attachment":[{"href":"https:\/\/www.lraloeverashop.eu\/fr\/wp-json\/wp\/v2\/media?parent=9697"}],"wp:term":[{"taxonomy":"product_brand","embeddable":true,"href":"https:\/\/www.lraloeverashop.eu\/fr\/wp-json\/wp\/v2\/product_brand?post=9697"},{"taxonomy":"product_cat","embeddable":true,"href":"https:\/\/www.lraloeverashop.eu\/fr\/wp-json\/wp\/v2\/product_cat?post=9697"},{"taxonomy":"product_tag","embeddable":true,"href":"https:\/\/www.lraloeverashop.eu\/fr\/wp-json\/wp\/v2\/product_tag?post=9697"}],"curies":[{"name":"wp","href":"https:\/\/api.w.org\/{rel}","templated":true}]}}