{"id":9665,"date":"2022-10-13T08:51:23","date_gmt":"2022-10-13T06:51:23","guid":{"rendered":"https:\/\/www.lraloeverashop.eu\/product\/vita-active-vitamines\/"},"modified":"2026-02-02T19:43:45","modified_gmt":"2026-02-02T18:43:45","slug":"vita-active-vitamines","status":"publish","type":"product","link":"https:\/\/www.lraloeverashop.eu\/fr\/produit\/vita-active-vitamines\/","title":{"rendered":"Vita Active Vitamines Offre limit\u00e9e"},"content":{"rendered":"<h2><span style=\"font-size: 16pt;\"><strong>Vita Active Vitamines Offre limit\u00e9e<\/strong><\/span><\/h2>\n<p><span style=\"font-size: 14pt;\"><strong>Vita Active Vitamines Offre limit\u00e9e &#8211; Concentr\u00e9 compact avec 21 fruits et l\u00e9gumes.<\/strong><\/span><\/p>\n<p>Une <a href=\"https:\/\/www.lraloeverashop.eu\/fr\/produit\/figu-active-soupe-pommes-de-terre-auberge\/\">alimentation vari\u00e9e<\/a> et \u00e9quilibr\u00e9e joue un r\u00f4le important dans un mode de vie sain. Notre corps absorbe quotidiennement une vari\u00e9t\u00e9 de nutriments n\u00e9cessaires par le biais de la nourriture. Vita Active Vitamines peut \u00eatre un alli\u00e9 important, car il vous permet de rester enti\u00e8rement approvisionn\u00e9 \u00e0 tout moment.<\/p>\n<p>Vitamines Vita Active est un concentr\u00e9 de 21 fruits et l\u00e9gumes naturels au go\u00fbt d\u00e9licieux qui procure au corps dix vitamines essentielles. Les <a href=\"https:\/\/www.lraloeverashop.eu\/fr\/produit\/vita-active-fruits-rouges-vitamines\/\">vitamines<\/a> sont de v\u00e9ritables miracles: les vitamines D et B6 contribuent au fonctionnement normal du syst\u00e8me immunitaire, la vitamine B12 contribue \u00e0 la division cellulaire et la vitamine B1 contribue au fonctionnement normal du c\u0153ur.<\/p>\n<p>&nbsp;<\/p>\n<h3><strong><span style=\"font-size: 16pt;\">Comment utiliser<\/span><\/strong><\/h3>\n<p>Prendre une fois par jour 5 ml de Vita Active Vitamines pendant ou apr\u00e8s un repas. Vous pouvez \u00e9galement consommer Vita Active en le m\u00e9langeant avec de l\u2019eau gazeuse, dans un yaourt, sur un dessert ou du muesli. Nous recommandons une consommation sur le long terme.<\/p>\n<p>La dose journali\u00e8re conseill\u00e9e ne doit pas \u00eatre d\u00e9pass\u00e9e. Les <a href=\"https:\/\/www.lraloeverashop.eu\/fr\/categorie-produit\/base\/vitamines-et-mineraux\/\">compl\u00e9ments alimentaires<\/a> ne remplacent pas une alimentation vari\u00e9e et \u00e9quilibr\u00e9e qui est aussi importante qu\u2019un mode de vie sain. Ranger le produit hors de port\u00e9e des jeunes enfants.<\/p>\n<p>Ne pas le stocker \u00e0 des temp\u00e9ratures exc\u00e9dant 25\u00b0C. Bien refermer apr\u00e8s ouverture et conserver au r\u00e9frig\u00e9rateur. Secouer avant usage<\/p>\n<p>&nbsp;<\/p>\n<h4><strong><span style=\"font-size: 16pt;\">Saviez-vous que la vitamine D est \u00e9galement appel\u00e9e \u00ab vitamine du soleil \u00bb ?<\/span><\/strong><\/h4>\n<p>C\u2019est une vitamine sp\u00e9ciale que peut produire le corps sous l\u2019influence du soleil. Une alimentation \u00e9quilibr\u00e9e apportent normalement au corps toutes les vitamines n\u00e9cessaires. En automne et en hiver notamment, Vita Active constitue un compl\u00e9ment int\u00e9ressant \u00e0 votre alimentation.<\/p>\n<p>Une <a href=\"https:\/\/www.lraloeverashop.eu\/fr\/produit\/mind-master-extreme-avec-guarana\/\">alimentation \u00e9quilibr\u00e9e<\/a> est notamment importante pour les personnes qui sont tr\u00e8s sollicit\u00e9es par leur travail ou leur vie de famille. Dans de telles phases, pr\u00eatez attention \u00e0 ce que vous mangez et compl\u00e9tez si besoin votre alimentation avec Fruits Rouges Vitamines Vita Active.<\/p>\n","protected":false},"excerpt":{"rendered":"<ul>\n<li><span style=\"color: #ff0000;\"><strong>Offre limit\u00e9e<\/strong><\/span><\/li>\n<li>Compact compos\u00e9 de 21 fruits et l\u00e9gumes<\/li>\n<li>Une seule cuiller\u00e9e \u00e0 th\u00e9 (5 ml) par jour couvre 100% des besoins du corps en 10 vitamines *<\/li>\n<li>Sans conservateurs ni colorants ajout\u00e9s<\/li>\n<li>Produit fabriqu\u00e9 en Allemagne<\/li>\n<li>Quantit\u00e9: 2 x 150 ml<\/li>\n<\/ul>\n<p style=\"text-align: left;\"><span style=\"color: #ff0000;\"><a style=\"color: #ff0000;\" href=\"https:\/\/shop.lrworld.com\/openpao?PHP=0vFlt7jT938BEnBI3a6e9w%3D%3D\"><span style=\"font-size: 14pt;\"><strong>Inscrivez-vous et \u00e9conomisez 35% sur chaque commande<\/strong><\/span><\/a><\/span><\/p>\n","protected":false},"featured_media":14629,"comment_status":"open","ping_status":"closed","template":"","meta":{"_kad_blocks_custom_css":"","_kad_blocks_head_custom_js":"","_kad_blocks_body_custom_js":"","_kad_blocks_footer_custom_js":"","_kadence_starter_templates_imported_post":false,"_kad_post_transparent":"default","_kad_post_title":"","_kad_post_layout":"default","_kad_post_sidebar_id":"","_kad_post_content_style":"default","_kad_post_vertical_padding":"default","_kad_post_feature":"","_kad_post_feature_position":"","_kad_post_header":false,"_kad_post_footer":false,"_kad_post_classname":""},"product_brand":[],"product_cat":[398,351,297],"product_tag":[646],"class_list":{"0":"post-9665","1":"product","2":"type-product","3":"status-publish","4":"has-post-thumbnail","6":"product_cat-base","7":"product_cat-soldes","8":"product_cat-vitamines-et-mineraux","9":"product_tag-mineraux-et-vitamines","11":"first","12":"outofstock","13":"sale","14":"taxable","15":"shipping-taxable","16":"purchasable","17":"product-type-simple","18":"entry","19":"content-bg","20":"loop-entry"},"yoast_head":"<!-- This site is optimized with the Yoast SEO Premium plugin v27.4 (Yoast SEO v27.4) - https:\/\/yoast.com\/product\/yoast-seo-premium-wordpress\/ -->\n<title>Vita Active Vitamines - Concentr\u00e9 avec 21 fruits et l\u00e9gumes.<\/title>\n<meta name=\"description\" content=\"Une seule cuill\u00e8re \u00e0 caf\u00e9 de Vita Active par jour couvre 100% des besoins de l&#039;organisme en 10 vitamines. Une consommation \u00e0 long terme est recommand\u00e9e.\" \/>\n<meta name=\"robots\" content=\"index, follow, max-snippet:-1, max-image-preview:large, max-video-preview:-1\" \/>\n<link rel=\"canonical\" href=\"https:\/\/www.lraloeverashop.eu\/fr\/produit\/vita-active-vitamines\/\" \/>\n<meta property=\"og:locale\" content=\"fr_FR\" \/>\n<meta property=\"og:type\" content=\"article\" \/>\n<meta property=\"og:title\" content=\"Vita Active Vitamines Offre limit\u00e9e\" \/>\n<meta property=\"og:description\" content=\"Une seule cuill\u00e8re \u00e0 caf\u00e9 de Vita Active par jour couvre 100% des besoins de l&#039;organisme en 10 vitamines. Une consommation \u00e0 long terme est recommand\u00e9e.\" \/>\n<meta property=\"og:url\" content=\"https:\/\/www.lraloeverashop.eu\/fr\/produit\/vita-active-vitamines\/\" \/>\n<meta property=\"og:site_name\" content=\"Boutique Lr Aloe Vera\" \/>\n<meta property=\"article:publisher\" content=\"https:\/\/www.facebook.com\/lraloeverashop.eu\" \/>\n<meta property=\"article:modified_time\" content=\"2026-02-02T18:43:45+00:00\" \/>\n<meta property=\"og:image\" content=\"https:\/\/www.lraloeverashop.eu\/wp-content\/uploads\/2024\/03\/Vita-Active-Vitamins-Red-Fruits-limited-Offer.jpeg\" \/>\n\t<meta property=\"og:image:width\" content=\"1200\" \/>\n\t<meta property=\"og:image:height\" content=\"1200\" \/>\n\t<meta property=\"og:image:type\" content=\"image\/jpeg\" \/>\n<meta name=\"twitter:card\" content=\"summary_large_image\" \/>\n<meta name=\"twitter:site\" content=\"@natur__kosmetik\" \/>\n<script type=\"application\/ld+json\" class=\"yoast-schema-graph\">{\"@context\":\"https:\\\/\\\/schema.org\",\"@graph\":[{\"@type\":[\"WebPage\",\"ItemPage\"],\"@id\":\"https:\\\/\\\/www.lraloeverashop.eu\\\/fr\\\/produit\\\/vita-active-vitamines\\\/\",\"url\":\"https:\\\/\\\/www.lraloeverashop.eu\\\/fr\\\/produit\\\/vita-active-vitamines\\\/\",\"name\":\"Vita Active Vitamines - Concentr\u00e9 avec 21 fruits et l\u00e9gumes.\",\"isPartOf\":{\"@id\":\"https:\\\/\\\/www.lraloeverashop.eu\\\/fr\\\/#website\"},\"primaryImageOfPage\":{\"@id\":\"https:\\\/\\\/www.lraloeverashop.eu\\\/fr\\\/produit\\\/vita-active-vitamines\\\/#primaryimage\"},\"image\":{\"@id\":\"https:\\\/\\\/www.lraloeverashop.eu\\\/fr\\\/produit\\\/vita-active-vitamines\\\/#primaryimage\"},\"thumbnailUrl\":\"https:\\\/\\\/www.lraloeverashop.eu\\\/wp-content\\\/uploads\\\/2024\\\/03\\\/Vita-Active-Vitamins-Red-Fruits-limited-Offer.jpeg\",\"datePublished\":\"2022-10-13T06:51:23+00:00\",\"dateModified\":\"2026-02-02T18:43:45+00:00\",\"description\":\"Une seule cuill\u00e8re \u00e0 caf\u00e9 de Vita Active par jour couvre 100% des besoins de l'organisme en 10 vitamines. Une consommation \u00e0 long terme est recommand\u00e9e.\",\"breadcrumb\":{\"@id\":\"https:\\\/\\\/www.lraloeverashop.eu\\\/fr\\\/produit\\\/vita-active-vitamines\\\/#breadcrumb\"},\"inLanguage\":\"fr-FR\",\"potentialAction\":[{\"@type\":\"ReadAction\",\"target\":[\"https:\\\/\\\/www.lraloeverashop.eu\\\/fr\\\/produit\\\/vita-active-vitamines\\\/\"]}]},{\"@type\":\"ImageObject\",\"inLanguage\":\"fr-FR\",\"@id\":\"https:\\\/\\\/www.lraloeverashop.eu\\\/fr\\\/produit\\\/vita-active-vitamines\\\/#primaryimage\",\"url\":\"https:\\\/\\\/www.lraloeverashop.eu\\\/wp-content\\\/uploads\\\/2024\\\/03\\\/Vita-Active-Vitamins-Red-Fruits-limited-Offer.jpeg\",\"contentUrl\":\"https:\\\/\\\/www.lraloeverashop.eu\\\/wp-content\\\/uploads\\\/2024\\\/03\\\/Vita-Active-Vitamins-Red-Fruits-limited-Offer.jpeg\",\"width\":1200,\"height\":1200,\"caption\":\"Vita Active Vitamines Fruits Rouges Offre Limit\u00e9e\"},{\"@type\":\"BreadcrumbList\",\"@id\":\"https:\\\/\\\/www.lraloeverashop.eu\\\/fr\\\/produit\\\/vita-active-vitamines\\\/#breadcrumb\",\"itemListElement\":[{\"@type\":\"ListItem\",\"position\":1,\"name\":\"Home\",\"item\":\"https:\\\/\\\/www.lraloeverashop.eu\\\/fr\\\/\"},{\"@type\":\"ListItem\",\"position\":2,\"name\":\"Boutique\",\"item\":\"https:\\\/\\\/www.lraloeverashop.eu\\\/fr\\\/boutique\\\/\"},{\"@type\":\"ListItem\",\"position\":3,\"name\":\"Vita Active Vitamines Offre limit\u00e9e\"}]},{\"@type\":\"WebSite\",\"@id\":\"https:\\\/\\\/www.lraloeverashop.eu\\\/fr\\\/#website\",\"url\":\"https:\\\/\\\/www.lraloeverashop.eu\\\/fr\\\/\",\"name\":\"Boutique Lr Aloe Vera\",\"description\":\"High Quality Lr Aloe Vera Gel, Aloe Vera Cream and Shampoo\",\"publisher\":{\"@id\":\"https:\\\/\\\/www.lraloeverashop.eu\\\/fr\\\/#organization\"},\"potentialAction\":[{\"@type\":\"SearchAction\",\"target\":{\"@type\":\"EntryPoint\",\"urlTemplate\":\"https:\\\/\\\/www.lraloeverashop.eu\\\/fr\\\/?s={search_term_string}\"},\"query-input\":{\"@type\":\"PropertyValueSpecification\",\"valueRequired\":true,\"valueName\":\"search_term_string\"}}],\"inLanguage\":\"fr-FR\"},{\"@type\":\"Organization\",\"@id\":\"https:\\\/\\\/www.lraloeverashop.eu\\\/fr\\\/#organization\",\"name\":\"Boutique Lr Aloe Vera\",\"alternateName\":\"LR\",\"url\":\"https:\\\/\\\/www.lraloeverashop.eu\\\/fr\\\/\",\"logo\":{\"@type\":\"ImageObject\",\"inLanguage\":\"fr-FR\",\"@id\":\"https:\\\/\\\/www.lraloeverashop.eu\\\/fr\\\/#\\\/schema\\\/logo\\\/image\\\/\",\"url\":\"https:\\\/\\\/www.lraloeverashop.eu\\\/wp-content\\\/uploads\\\/2022\\\/09\\\/cropped-Lr-Aloe-Vera-Shop.jpg\",\"contentUrl\":\"https:\\\/\\\/www.lraloeverashop.eu\\\/wp-content\\\/uploads\\\/2022\\\/09\\\/cropped-Lr-Aloe-Vera-Shop.jpg\",\"width\":228,\"height\":76,\"caption\":\"Boutique Lr Aloe Vera\"},\"image\":{\"@id\":\"https:\\\/\\\/www.lraloeverashop.eu\\\/fr\\\/#\\\/schema\\\/logo\\\/image\\\/\"},\"sameAs\":[\"https:\\\/\\\/www.facebook.com\\\/lraloeverashop.eu\",\"https:\\\/\\\/x.com\\\/natur__kosmetik\",\"https:\\\/\\\/www.youtube.com\\\/channel\\\/UC5oN7BJ8nfYb8RpVtjwDEBA\",\"https:\\\/\\\/www.instagram.com\\\/lrbeautyeu\\\/\"],\"description\":\"La boutique LR Aloe Vera est votre destination de confiance pour les produits de sant\u00e9 et de beaut\u00e9 haut de gamme LR, fabriqu\u00e9s en Allemagne. Nous proposons des soins de la peau, des compl\u00e9ments nutritionnels et des solutions anti-\u00e2ge \u00e0 l'aloe vera de haute qualit\u00e9, \u00e9labor\u00e9s \u00e0 partir d'ingr\u00e9dients purs et valid\u00e9s par la recherche scientifique. D\u00e9couvrez des soins naturels qui r\u00e9g\u00e9n\u00e8rent, prot\u00e8gent et revitalisent votre peau, et profitez d'offres mensuelles exclusives sur nos produits LR Aloe Vera les plus vendus.\\n\\nCommencez d\u00e8s aujourd'hui votre parcours vers des soins naturels et constatez la diff\u00e9rence.\",\"email\":\"info@lraloeverashop.eu\",\"telephone\":\"+49 17670609653\",\"legalName\":\"Lr Aloe Vera Shop\",\"foundingDate\":\"2018-04-21\",\"numberOfEmployees\":{\"@type\":\"QuantitativeValue\",\"minValue\":\"1\",\"maxValue\":\"10\"}}]}<\/script>\n<meta property=\"product:price:amount\" content=\"38.99\" \/>\n<meta property=\"product:price:currency\" content=\"EUR\" \/>\n<meta property=\"og:availability\" content=\"out of stock\" \/>\n<meta property=\"product:availability\" content=\"out of stock\" \/>\n<meta property=\"product:retailer_item_id\" content=\"80527FR\" \/>\n<meta property=\"product:condition\" content=\"new\" \/>\n<!-- \/ Yoast SEO Premium plugin. -->","yoast_head_json":{"title":"Vita Active Vitamines - Concentr\u00e9 avec 21 fruits et l\u00e9gumes.","description":"Une seule cuill\u00e8re \u00e0 caf\u00e9 de Vita Active par jour couvre 100% des besoins de l'organisme en 10 vitamines. Une consommation \u00e0 long terme est recommand\u00e9e.","robots":{"index":"index","follow":"follow","max-snippet":"max-snippet:-1","max-image-preview":"max-image-preview:large","max-video-preview":"max-video-preview:-1"},"canonical":"https:\/\/www.lraloeverashop.eu\/fr\/produit\/vita-active-vitamines\/","og_locale":"fr_FR","og_type":"article","og_title":"Vita Active Vitamines Offre limit\u00e9e","og_description":"Une seule cuill\u00e8re \u00e0 caf\u00e9 de Vita Active par jour couvre 100% des besoins de l'organisme en 10 vitamines. Une consommation \u00e0 long terme est recommand\u00e9e.","og_url":"https:\/\/www.lraloeverashop.eu\/fr\/produit\/vita-active-vitamines\/","og_site_name":"Boutique Lr Aloe Vera","article_publisher":"https:\/\/www.facebook.com\/lraloeverashop.eu","article_modified_time":"2026-02-02T18:43:45+00:00","og_image":[{"width":1200,"height":1200,"url":"https:\/\/www.lraloeverashop.eu\/wp-content\/uploads\/2024\/03\/Vita-Active-Vitamins-Red-Fruits-limited-Offer.jpeg","type":"image\/jpeg"}],"twitter_card":"summary_large_image","twitter_site":"@natur__kosmetik","schema":{"@context":"https:\/\/schema.org","@graph":[{"@type":["WebPage","ItemPage"],"@id":"https:\/\/www.lraloeverashop.eu\/fr\/produit\/vita-active-vitamines\/","url":"https:\/\/www.lraloeverashop.eu\/fr\/produit\/vita-active-vitamines\/","name":"Vita Active Vitamines - Concentr\u00e9 avec 21 fruits et l\u00e9gumes.","isPartOf":{"@id":"https:\/\/www.lraloeverashop.eu\/fr\/#website"},"primaryImageOfPage":{"@id":"https:\/\/www.lraloeverashop.eu\/fr\/produit\/vita-active-vitamines\/#primaryimage"},"image":{"@id":"https:\/\/www.lraloeverashop.eu\/fr\/produit\/vita-active-vitamines\/#primaryimage"},"thumbnailUrl":"https:\/\/www.lraloeverashop.eu\/wp-content\/uploads\/2024\/03\/Vita-Active-Vitamins-Red-Fruits-limited-Offer.jpeg","datePublished":"2022-10-13T06:51:23+00:00","dateModified":"2026-02-02T18:43:45+00:00","description":"Une seule cuill\u00e8re \u00e0 caf\u00e9 de Vita Active par jour couvre 100% des besoins de l'organisme en 10 vitamines. Une consommation \u00e0 long terme est recommand\u00e9e.","breadcrumb":{"@id":"https:\/\/www.lraloeverashop.eu\/fr\/produit\/vita-active-vitamines\/#breadcrumb"},"inLanguage":"fr-FR","potentialAction":[{"@type":"ReadAction","target":["https:\/\/www.lraloeverashop.eu\/fr\/produit\/vita-active-vitamines\/"]}]},{"@type":"ImageObject","inLanguage":"fr-FR","@id":"https:\/\/www.lraloeverashop.eu\/fr\/produit\/vita-active-vitamines\/#primaryimage","url":"https:\/\/www.lraloeverashop.eu\/wp-content\/uploads\/2024\/03\/Vita-Active-Vitamins-Red-Fruits-limited-Offer.jpeg","contentUrl":"https:\/\/www.lraloeverashop.eu\/wp-content\/uploads\/2024\/03\/Vita-Active-Vitamins-Red-Fruits-limited-Offer.jpeg","width":1200,"height":1200,"caption":"Vita Active Vitamines Fruits Rouges Offre Limit\u00e9e"},{"@type":"BreadcrumbList","@id":"https:\/\/www.lraloeverashop.eu\/fr\/produit\/vita-active-vitamines\/#breadcrumb","itemListElement":[{"@type":"ListItem","position":1,"name":"Home","item":"https:\/\/www.lraloeverashop.eu\/fr\/"},{"@type":"ListItem","position":2,"name":"Boutique","item":"https:\/\/www.lraloeverashop.eu\/fr\/boutique\/"},{"@type":"ListItem","position":3,"name":"Vita Active Vitamines Offre limit\u00e9e"}]},{"@type":"WebSite","@id":"https:\/\/www.lraloeverashop.eu\/fr\/#website","url":"https:\/\/www.lraloeverashop.eu\/fr\/","name":"Boutique Lr Aloe Vera","description":"High Quality Lr Aloe Vera Gel, Aloe Vera Cream and Shampoo","publisher":{"@id":"https:\/\/www.lraloeverashop.eu\/fr\/#organization"},"potentialAction":[{"@type":"SearchAction","target":{"@type":"EntryPoint","urlTemplate":"https:\/\/www.lraloeverashop.eu\/fr\/?s={search_term_string}"},"query-input":{"@type":"PropertyValueSpecification","valueRequired":true,"valueName":"search_term_string"}}],"inLanguage":"fr-FR"},{"@type":"Organization","@id":"https:\/\/www.lraloeverashop.eu\/fr\/#organization","name":"Boutique Lr Aloe Vera","alternateName":"LR","url":"https:\/\/www.lraloeverashop.eu\/fr\/","logo":{"@type":"ImageObject","inLanguage":"fr-FR","@id":"https:\/\/www.lraloeverashop.eu\/fr\/#\/schema\/logo\/image\/","url":"https:\/\/www.lraloeverashop.eu\/wp-content\/uploads\/2022\/09\/cropped-Lr-Aloe-Vera-Shop.jpg","contentUrl":"https:\/\/www.lraloeverashop.eu\/wp-content\/uploads\/2022\/09\/cropped-Lr-Aloe-Vera-Shop.jpg","width":228,"height":76,"caption":"Boutique Lr Aloe Vera"},"image":{"@id":"https:\/\/www.lraloeverashop.eu\/fr\/#\/schema\/logo\/image\/"},"sameAs":["https:\/\/www.facebook.com\/lraloeverashop.eu","https:\/\/x.com\/natur__kosmetik","https:\/\/www.youtube.com\/channel\/UC5oN7BJ8nfYb8RpVtjwDEBA","https:\/\/www.instagram.com\/lrbeautyeu\/"],"description":"La boutique LR Aloe Vera est votre destination de confiance pour les produits de sant\u00e9 et de beaut\u00e9 haut de gamme LR, fabriqu\u00e9s en Allemagne. Nous proposons des soins de la peau, des compl\u00e9ments nutritionnels et des solutions anti-\u00e2ge \u00e0 l'aloe vera de haute qualit\u00e9, \u00e9labor\u00e9s \u00e0 partir d'ingr\u00e9dients purs et valid\u00e9s par la recherche scientifique. D\u00e9couvrez des soins naturels qui r\u00e9g\u00e9n\u00e8rent, prot\u00e8gent et revitalisent votre peau, et profitez d'offres mensuelles exclusives sur nos produits LR Aloe Vera les plus vendus.\n\nCommencez d\u00e8s aujourd'hui votre parcours vers des soins naturels et constatez la diff\u00e9rence.","email":"info@lraloeverashop.eu","telephone":"+49 17670609653","legalName":"Lr Aloe Vera Shop","foundingDate":"2018-04-21","numberOfEmployees":{"@type":"QuantitativeValue","minValue":"1","maxValue":"10"}}]},"product_price_amount":"38.99","product_price_currency":"EUR","og_availability":"out of stock","product_availability":"out of stock","product_retailer_item_id":"80527FR","product_condition":"new"},"taxonomy_info":{"product_cat":[{"value":398,"label":"Base"},{"value":351,"label":"Soldes"},{"value":297,"label":"Vitamines et Min\u00e9raux"}],"product_tag":[{"value":646,"label":"Min\u00e9raux et vitamines"}]},"featured_image_src_large":["https:\/\/www.lraloeverashop.eu\/wp-content\/uploads\/2024\/03\/Vita-Active-Vitamins-Red-Fruits-limited-Offer-1024x1024.jpeg",1024,1024,true],"author_info":[],"comment_info":0,"_links":{"self":[{"href":"https:\/\/www.lraloeverashop.eu\/fr\/wp-json\/wp\/v2\/product\/9665","targetHints":{"allow":["GET"]}}],"collection":[{"href":"https:\/\/www.lraloeverashop.eu\/fr\/wp-json\/wp\/v2\/product"}],"about":[{"href":"https:\/\/www.lraloeverashop.eu\/fr\/wp-json\/wp\/v2\/types\/product"}],"replies":[{"embeddable":true,"href":"https:\/\/www.lraloeverashop.eu\/fr\/wp-json\/wp\/v2\/comments?post=9665"}],"wp:featuredmedia":[{"embeddable":true,"href":"https:\/\/www.lraloeverashop.eu\/fr\/wp-json\/wp\/v2\/media\/14629"}],"wp:attachment":[{"href":"https:\/\/www.lraloeverashop.eu\/fr\/wp-json\/wp\/v2\/media?parent=9665"}],"wp:term":[{"taxonomy":"product_brand","embeddable":true,"href":"https:\/\/www.lraloeverashop.eu\/fr\/wp-json\/wp\/v2\/product_brand?post=9665"},{"taxonomy":"product_cat","embeddable":true,"href":"https:\/\/www.lraloeverashop.eu\/fr\/wp-json\/wp\/v2\/product_cat?post=9665"},{"taxonomy":"product_tag","embeddable":true,"href":"https:\/\/www.lraloeverashop.eu\/fr\/wp-json\/wp\/v2\/product_tag?post=9665"}],"curies":[{"name":"wp","href":"https:\/\/api.w.org\/{rel}","templated":true}]}}