{"id":9637,"date":"2022-10-13T09:13:21","date_gmt":"2022-10-13T07:13:21","guid":{"rendered":"https:\/\/www.lraloeverashop.eu\/product\/acides-gras-omega-3-gelules\/"},"modified":"2026-02-02T19:43:05","modified_gmt":"2026-02-02T18:43:05","slug":"acides-gras-omega-3-gelules","status":"publish","type":"product","link":"https:\/\/www.lraloeverashop.eu\/fr\/produit\/acides-gras-omega-3-gelules\/","title":{"rendered":"Acides Gras Omega 3 Gelules"},"content":{"rendered":"<h2><span style=\"font-size: 16pt;\"><strong>Acides Gras Omega 3 Gelules<\/strong><\/span><\/h2>\n<p><span style=\"font-size: 14pt;\"><strong>Acides Gras Omega 3 Gelules avec un niveau \u00e9lev\u00e9 d&#8217;EPA et de DHA<\/strong><\/span><\/p>\n<p>Les Omega 3 Gelules ont un effet tr\u00e8s positif sur divers processus corporels. Vous devez donc veiller \u00e0 toujours atteindre la quantit\u00e9 recommand\u00e9e quotidienne d&#8217;acides gras om\u00e9ga-3.<\/p>\n<p>Les omega 3 capsules sont riches en acides gras om\u00e9ga-3, et les niveaux \u00e9lev\u00e9s d&#8217;EPA et de DHA contribuent \u00e0 une <a href=\"https:\/\/www.lraloeverashop.eu\/fr\/produit\/reishi-plus-gelules\/\">fonction cardiaque<\/a> normale.<\/p>\n<p>L&#8217;EPA est responsable de nombreux processus dans le corps, en particulier, elle contribue au soutien de la fonction cardiaque normale. \u00c0 cette fin, un apport d&#8217;au moins 250 mg de DHA par jour est suffisant. Ce besoin est g\u00e9n\u00e9reusement couvert par la ration quotidienne de <a href=\"https:\/\/www.lraloeverashop.eu\/fr\/produit\/super-omega-3-gelules\/\">Super Omega<\/a>. De plus, le DHA aide \u00e9galement \u00e0 maintenir notre fonction c\u00e9r\u00e9brale normale.<\/p>\n<p>Les pr\u00e9cieux acides gras om\u00e9ga-3 contenus dans les Omega 3 Gelules sont fabriqu\u00e9s \u00e0 partir d\u2019huile de poisson de haute qualit\u00e9 provenant de sardines, de maquereaux et de thon. LR n\u2019utilise que des poissons vivants du Pacifique sud-am\u00e9ricain pour la fabrication des capsules.<\/p>\n<p>Les captures et la transformation sont certifi\u00e9es comme particuli\u00e8rement durables. Par cons\u00e9quent, prot\u00e9gez l&#8217;environnement et les stocks de poissons et portez tous le sceau de qualit\u00e9 Friend of the Sea.<\/p>\n<p>&nbsp;<\/p>\n<h2><\/h2>\n<h2><strong><span style=\"font-size: 16pt;\">Comment utiliser Acides Gras Omega 3 Gelules<img loading=\"lazy\" decoding=\"async\" class=\"alignright wp-image-2879 \" src=\"https:\/\/www.lraloeverashop.eu\/wp-content\/uploads\/2022\/10\/Omega-3-benefits-Are-Notable.jpg\" alt=\"Omega 3 benefits Are Notable\" width=\"343\" height=\"467\" srcset=\"https:\/\/www.lraloeverashop.eu\/wp-content\/uploads\/2022\/10\/Omega-3-benefits-Are-Notable.jpg 662w, https:\/\/www.lraloeverashop.eu\/wp-content\/uploads\/2022\/10\/Omega-3-benefits-Are-Notable-600x817.jpg 600w, https:\/\/www.lraloeverashop.eu\/wp-content\/uploads\/2022\/10\/Omega-3-benefits-Are-Notable-220x300.jpg 220w\" sizes=\"auto, (max-width: 343px) 100vw, 343px\" \/><\/span><\/strong><\/h2>\n<p>Prendre omega 3 capsules avec un peu de boisson. La dose journali\u00e8re conseill\u00e9e ne doit pas \u00eatre d\u00e9pass\u00e9e. Les compl\u00e9ments alimentaires ne remplacent pas une alimentation vari\u00e9e et \u00e9quilibr\u00e9e qui est aussi importante qu\u2019un <a href=\"https:\/\/www.lraloeverashop.eu\/fr\/categorie-produit\/specialistes\/\">mode de vie sain<\/a>. Ranger le produit hors de port\u00e9e des jeunes enfants. \u00c0 stocker dans un endroit sec et dont la temp\u00e9rature n\u2019exc\u00e8de pas 20\u00b0C. Contient gluten.<\/p>\n<p>&nbsp;<\/p>\n<h3><strong><span style=\"font-size: 16pt;\">Le saviez-vous?<\/span><\/strong><\/h3>\n<p>Les Acides Gras Omega 3 sont essentiels pour l\u2019homme, en effet ils ne peuvent pas \u00eatre fabriqu\u00e9s par le m\u00e9tabolisme humain mais doivent \u00eatre apport\u00e9s par la nourriture. L\u2019Autorit\u00e9 europ\u00e9enne de s\u00e9curit\u00e9 des aliments (EFSA) recommande d\u2019absorber quotidiennement au moins 250 mg de DHA. L\u2019Association allemande pour la <a href=\"https:\/\/www.lraloeverashop.eu\/fr\/produit\/omega-3-gelules-offre-limitee\/\">nutrition<\/a> (DGE) valide cette recommandation.<\/p>\n<p>&nbsp;<\/p>\n<h4><strong><span style=\"font-size: 16pt;\">Questions fr\u00e9quemment pos\u00e9es<\/span><\/strong><\/h4>\n<p><strong>Comment les Acides Gras Omega 3 Gelules sont-elles fabriqu\u00e9es ?<\/strong><br \/>\nLes omega 3 capsules contiennent un concentr\u00e9 qui est fabriqu\u00e9 \u00e0 partir d\u2019une huile de poisson v\u00e9ritable. De cette fa\u00e7on, les acides gras om\u00e9gas 3 sont enrichis et rendus disponibles pour l\u2019alimentation humaine. Pour les Omega 3 Gelules, LR utilise exclusivement des poissons de mer vivants et gras tels que des sardines, des maquereaux et des thons et leur ajoute de l\u2019huile d\u2019onagre pr\u00e9cieuse.<\/p>\n<p><strong>Qu\u2019est-ce que le b\u00eatan-glucane ?<\/strong><br \/>\nLe b\u00eatan-glucane est un polysaccharide naturel (sucre complexe) issu des <a href=\"https:\/\/www.lraloeverashop.eu\/fr\/produit\/mind-master-extreme-avec-guarana\/\">fibres<\/a> de l\u2019orge.<\/p>\n<p><strong>Que peut-on faire pour aider son syst\u00e8me cardiovasculaire ?<\/strong><br \/>\nOutre les substances telles que les acides gras om\u00e9gas 3, une activit\u00e9 physique r\u00e9guli\u00e8re et une alimentation \u00e9quilibr\u00e9e sont la cl\u00e9 pour entretenir son c\u0153ur et ses vaisseaux..<\/p>\n<p><strong>\u00b9EPA et DHA contribuent \u00e0 une fonction cardiaque normale. Cela n\u00e9cessite l&#8217;apport d&#8217;au moins 250 mg d&#8217;EPA et de DHA par jour.<\/strong><\/p>\n","protected":false},"excerpt":{"rendered":"<ul>\n<li>Des g\u00e9lules pour la sant\u00e9 cardiaque\u00b9<\/li>\n<li>Avec une teneur en EPA (acide eicosapenta\u00e9no\u00efque) et en DHA (acide docosahexa\u00e9no\u00efque) \u00e9lev\u00e9e<\/li>\n<li>Provenant de maquereaux, sardines et thons vivant exclusivement \u00e0 l\u2019\u00e9tat sauvage<\/li>\n<li>Fabriqu\u00e9 en Allemagne<\/li>\n<li>Quantit\u00e9: 4 x 60 G\u00e9lules<\/li>\n<\/ul>\n<p style=\"text-align: left;\"><span style=\"color: #ff0000;\"><a style=\"color: #ff0000;\" href=\"https:\/\/shop.lrworld.com\/openpao?PHP=0vFlt7jT938BEnBI3a6e9w%3D%3D\"><span style=\"font-size: 14pt;\"><strong>Inscrivez-vous et \u00e9conomisez 35% sur chaque commande<\/strong><\/span><\/a><\/span><\/p>\n","protected":false},"featured_media":5238,"comment_status":"open","ping_status":"closed","template":"","meta":{"_kad_blocks_custom_css":"","_kad_blocks_head_custom_js":"","_kad_blocks_body_custom_js":"","_kad_blocks_footer_custom_js":"","_kadence_starter_templates_imported_post":false,"_kad_post_transparent":"default","_kad_post_title":"","_kad_post_layout":"default","_kad_post_sidebar_id":"","_kad_post_content_style":"default","_kad_post_vertical_padding":"default","_kad_post_feature":"","_kad_post_feature_position":"","_kad_post_header":false,"_kad_post_footer":false,"_kad_post_classname":""},"product_brand":[],"product_cat":[398,422,463,440,464,297],"product_tag":[646],"class_list":{"0":"post-9637","1":"product","2":"type-product","3":"status-publish","4":"has-post-thumbnail","6":"product_cat-base","7":"product_cat-coeur-et-circulation","8":"product_cat-economisez-sur-les-ensembles","9":"product_cat-performances-energie","10":"product_cat-specialistes","11":"product_cat-vitamines-et-mineraux","12":"product_tag-mineraux-et-vitamines","14":"first","15":"instock","16":"taxable","17":"shipping-taxable","18":"purchasable","19":"product-type-simple","20":"entry","21":"content-bg","22":"loop-entry"},"yoast_head":"<!-- This site is optimized with the Yoast SEO Premium plugin v27.5 (Yoast SEO v27.5) - https:\/\/yoast.com\/product\/yoast-seo-premium-wordpress\/ -->\n<title>Acides Gras Omega 3 avec un niveau \u00e9lev\u00e9 d&#039;EPA et de DHA<\/title>\n<meta name=\"description\" content=\"Les pr\u00e9cieux Acides Gras Omega 3 Gelules sont fabriqu\u00e9s \u00e0 partir d&#039;huile de poisson de haute qualit\u00e9 provenant de sardines, de maquereaux et de thon.\" \/>\n<meta name=\"robots\" content=\"index, follow, max-snippet:-1, max-image-preview:large, max-video-preview:-1\" \/>\n<link rel=\"canonical\" href=\"https:\/\/www.lraloeverashop.eu\/fr\/produit\/acides-gras-omega-3-gelules\/\" \/>\n<meta property=\"og:locale\" content=\"fr_FR\" \/>\n<meta property=\"og:type\" content=\"article\" \/>\n<meta property=\"og:title\" content=\"Acides Gras Omega 3 Gelules\" \/>\n<meta property=\"og:description\" content=\"Les pr\u00e9cieux Acides Gras Omega 3 Gelules sont fabriqu\u00e9s \u00e0 partir d&#039;huile de poisson de haute qualit\u00e9 provenant de sardines, de maquereaux et de thon.\" \/>\n<meta property=\"og:url\" content=\"https:\/\/www.lraloeverashop.eu\/fr\/produit\/acides-gras-omega-3-gelules\/\" \/>\n<meta property=\"og:site_name\" content=\"Boutique Lr Aloe Vera\" \/>\n<meta property=\"article:publisher\" content=\"https:\/\/www.facebook.com\/lraloeverashop.eu\" \/>\n<meta property=\"article:modified_time\" content=\"2026-02-02T18:43:05+00:00\" \/>\n<meta property=\"og:image\" content=\"https:\/\/www.lraloeverashop.eu\/wp-content\/uploads\/2022\/10\/Super-Omega-3-Activ-4.jpg\" \/>\n\t<meta property=\"og:image:width\" content=\"1200\" \/>\n\t<meta property=\"og:image:height\" content=\"1200\" \/>\n\t<meta property=\"og:image:type\" content=\"image\/jpeg\" \/>\n<meta name=\"twitter:card\" content=\"summary_large_image\" \/>\n<meta name=\"twitter:site\" content=\"@natur__kosmetik\" \/>\n<script type=\"application\/ld+json\" class=\"yoast-schema-graph\">{\"@context\":\"https:\\\/\\\/schema.org\",\"@graph\":[{\"@type\":[\"WebPage\",\"ItemPage\"],\"@id\":\"https:\\\/\\\/www.lraloeverashop.eu\\\/fr\\\/produit\\\/acides-gras-omega-3-gelules\\\/\",\"url\":\"https:\\\/\\\/www.lraloeverashop.eu\\\/fr\\\/produit\\\/acides-gras-omega-3-gelules\\\/\",\"name\":\"Acides Gras Omega 3 avec un niveau \u00e9lev\u00e9 d'EPA et de DHA\",\"isPartOf\":{\"@id\":\"https:\\\/\\\/www.lraloeverashop.eu\\\/fr\\\/#website\"},\"primaryImageOfPage\":{\"@id\":\"https:\\\/\\\/www.lraloeverashop.eu\\\/fr\\\/produit\\\/acides-gras-omega-3-gelules\\\/#primaryimage\"},\"image\":{\"@id\":\"https:\\\/\\\/www.lraloeverashop.eu\\\/fr\\\/produit\\\/acides-gras-omega-3-gelules\\\/#primaryimage\"},\"thumbnailUrl\":\"https:\\\/\\\/www.lraloeverashop.eu\\\/wp-content\\\/uploads\\\/2022\\\/10\\\/Super-Omega-3-Activ-4.jpg\",\"datePublished\":\"2022-10-13T07:13:21+00:00\",\"dateModified\":\"2026-02-02T18:43:05+00:00\",\"description\":\"Les pr\u00e9cieux Acides Gras Omega 3 Gelules sont fabriqu\u00e9s \u00e0 partir d'huile de poisson de haute qualit\u00e9 provenant de sardines, de maquereaux et de thon.\",\"breadcrumb\":{\"@id\":\"https:\\\/\\\/www.lraloeverashop.eu\\\/fr\\\/produit\\\/acides-gras-omega-3-gelules\\\/#breadcrumb\"},\"inLanguage\":\"fr-FR\",\"potentialAction\":[{\"@type\":\"ReadAction\",\"target\":[\"https:\\\/\\\/www.lraloeverashop.eu\\\/fr\\\/produit\\\/acides-gras-omega-3-gelules\\\/\"]}]},{\"@type\":\"ImageObject\",\"inLanguage\":\"fr-FR\",\"@id\":\"https:\\\/\\\/www.lraloeverashop.eu\\\/fr\\\/produit\\\/acides-gras-omega-3-gelules\\\/#primaryimage\",\"url\":\"https:\\\/\\\/www.lraloeverashop.eu\\\/wp-content\\\/uploads\\\/2022\\\/10\\\/Super-Omega-3-Activ-4.jpg\",\"contentUrl\":\"https:\\\/\\\/www.lraloeverashop.eu\\\/wp-content\\\/uploads\\\/2022\\\/10\\\/Super-Omega-3-Activ-4.jpg\",\"width\":1200,\"height\":1200,\"caption\":\"Lr Super Om\u00e9ga 3 G\u00e9lules riches en acides gras om\u00e9ga-3\"},{\"@type\":\"BreadcrumbList\",\"@id\":\"https:\\\/\\\/www.lraloeverashop.eu\\\/fr\\\/produit\\\/acides-gras-omega-3-gelules\\\/#breadcrumb\",\"itemListElement\":[{\"@type\":\"ListItem\",\"position\":1,\"name\":\"Home\",\"item\":\"https:\\\/\\\/www.lraloeverashop.eu\\\/fr\\\/home\\\/\"},{\"@type\":\"ListItem\",\"position\":2,\"name\":\"Boutique\",\"item\":\"https:\\\/\\\/www.lraloeverashop.eu\\\/fr\\\/boutique\\\/\"},{\"@type\":\"ListItem\",\"position\":3,\"name\":\"Acides Gras Omega 3 Gelules\"}]},{\"@type\":\"WebSite\",\"@id\":\"https:\\\/\\\/www.lraloeverashop.eu\\\/fr\\\/#website\",\"url\":\"https:\\\/\\\/www.lraloeverashop.eu\\\/fr\\\/\",\"name\":\"Boutique Lr Aloe Vera\",\"description\":\"High Quality Lr Aloe Vera Gel, Aloe Vera Cream and Shampoo\",\"publisher\":{\"@id\":\"https:\\\/\\\/www.lraloeverashop.eu\\\/fr\\\/#organization\"},\"alternateName\":\"LR\",\"potentialAction\":[{\"@type\":\"SearchAction\",\"target\":{\"@type\":\"EntryPoint\",\"urlTemplate\":\"https:\\\/\\\/www.lraloeverashop.eu\\\/fr\\\/?s={search_term_string}\"},\"query-input\":{\"@type\":\"PropertyValueSpecification\",\"valueRequired\":true,\"valueName\":\"search_term_string\"}}],\"inLanguage\":\"fr-FR\"},{\"@type\":\"Organization\",\"@id\":\"https:\\\/\\\/www.lraloeverashop.eu\\\/fr\\\/#organization\",\"name\":\"Boutique Lr Aloe Vera\",\"alternateName\":\"LR\",\"url\":\"https:\\\/\\\/www.lraloeverashop.eu\\\/fr\\\/\",\"logo\":{\"@type\":\"ImageObject\",\"inLanguage\":\"fr-FR\",\"@id\":\"https:\\\/\\\/www.lraloeverashop.eu\\\/fr\\\/#\\\/schema\\\/logo\\\/image\\\/\",\"url\":\"https:\\\/\\\/www.lraloeverashop.eu\\\/wp-content\\\/uploads\\\/2022\\\/09\\\/cropped-Lr-Aloe-Vera-Shop.jpg\",\"contentUrl\":\"https:\\\/\\\/www.lraloeverashop.eu\\\/wp-content\\\/uploads\\\/2022\\\/09\\\/cropped-Lr-Aloe-Vera-Shop.jpg\",\"width\":228,\"height\":76,\"caption\":\"Boutique Lr Aloe Vera\"},\"image\":{\"@id\":\"https:\\\/\\\/www.lraloeverashop.eu\\\/fr\\\/#\\\/schema\\\/logo\\\/image\\\/\"},\"sameAs\":[\"https:\\\/\\\/www.facebook.com\\\/lraloeverashop.eu\",\"https:\\\/\\\/x.com\\\/natur__kosmetik\",\"https:\\\/\\\/www.youtube.com\\\/channel\\\/UC5oN7BJ8nfYb8RpVtjwDEBA\",\"https:\\\/\\\/www.instagram.com\\\/lrbeautyeu\\\/\"],\"description\":\"La boutique LR Aloe Vera est votre destination de confiance pour les produits de sant\u00e9 et de beaut\u00e9 haut de gamme LR, fabriqu\u00e9s en Allemagne. Nous proposons des soins de la peau, des compl\u00e9ments nutritionnels et des solutions anti-\u00e2ge \u00e0 l'aloe vera de haute qualit\u00e9, \u00e9labor\u00e9s \u00e0 partir d'ingr\u00e9dients purs et valid\u00e9s par la recherche scientifique. D\u00e9couvrez des soins naturels qui r\u00e9g\u00e9n\u00e8rent, prot\u00e8gent et revitalisent votre peau, et profitez d'offres mensuelles exclusives sur nos produits LR Aloe Vera les plus vendus.\\n\\nCommencez d\u00e8s aujourd'hui votre parcours vers des soins naturels et constatez la diff\u00e9rence.\",\"email\":\"info@lraloeverashop.eu\",\"telephone\":\"+49 17670609653\",\"legalName\":\"Lr Aloe Vera Shop\",\"foundingDate\":\"2018-04-21\",\"numberOfEmployees\":{\"@type\":\"QuantitativeValue\",\"minValue\":\"1\",\"maxValue\":\"10\"}}]}<\/script>\n<meta property=\"product:price:amount\" content=\"166.99\" \/>\n<meta property=\"product:price:currency\" content=\"EUR\" \/>\n<meta property=\"og:availability\" content=\"instock\" \/>\n<meta property=\"product:availability\" content=\"instock\" \/>\n<meta property=\"product:retailer_item_id\" content=\"80144-401FR\" \/>\n<meta property=\"product:condition\" content=\"new\" \/>\n<!-- \/ Yoast SEO Premium plugin. -->","yoast_head_json":{"title":"Acides Gras Omega 3 avec un niveau \u00e9lev\u00e9 d'EPA et de DHA","description":"Les pr\u00e9cieux Acides Gras Omega 3 Gelules sont fabriqu\u00e9s \u00e0 partir d'huile de poisson de haute qualit\u00e9 provenant de sardines, de maquereaux et de thon.","robots":{"index":"index","follow":"follow","max-snippet":"max-snippet:-1","max-image-preview":"max-image-preview:large","max-video-preview":"max-video-preview:-1"},"canonical":"https:\/\/www.lraloeverashop.eu\/fr\/produit\/acides-gras-omega-3-gelules\/","og_locale":"fr_FR","og_type":"article","og_title":"Acides Gras Omega 3 Gelules","og_description":"Les pr\u00e9cieux Acides Gras Omega 3 Gelules sont fabriqu\u00e9s \u00e0 partir d'huile de poisson de haute qualit\u00e9 provenant de sardines, de maquereaux et de thon.","og_url":"https:\/\/www.lraloeverashop.eu\/fr\/produit\/acides-gras-omega-3-gelules\/","og_site_name":"Boutique Lr Aloe Vera","article_publisher":"https:\/\/www.facebook.com\/lraloeverashop.eu","article_modified_time":"2026-02-02T18:43:05+00:00","og_image":[{"width":1200,"height":1200,"url":"https:\/\/www.lraloeverashop.eu\/wp-content\/uploads\/2022\/10\/Super-Omega-3-Activ-4.jpg","type":"image\/jpeg"}],"twitter_card":"summary_large_image","twitter_site":"@natur__kosmetik","schema":{"@context":"https:\/\/schema.org","@graph":[{"@type":["WebPage","ItemPage"],"@id":"https:\/\/www.lraloeverashop.eu\/fr\/produit\/acides-gras-omega-3-gelules\/","url":"https:\/\/www.lraloeverashop.eu\/fr\/produit\/acides-gras-omega-3-gelules\/","name":"Acides Gras Omega 3 avec un niveau \u00e9lev\u00e9 d'EPA et de DHA","isPartOf":{"@id":"https:\/\/www.lraloeverashop.eu\/fr\/#website"},"primaryImageOfPage":{"@id":"https:\/\/www.lraloeverashop.eu\/fr\/produit\/acides-gras-omega-3-gelules\/#primaryimage"},"image":{"@id":"https:\/\/www.lraloeverashop.eu\/fr\/produit\/acides-gras-omega-3-gelules\/#primaryimage"},"thumbnailUrl":"https:\/\/www.lraloeverashop.eu\/wp-content\/uploads\/2022\/10\/Super-Omega-3-Activ-4.jpg","datePublished":"2022-10-13T07:13:21+00:00","dateModified":"2026-02-02T18:43:05+00:00","description":"Les pr\u00e9cieux Acides Gras Omega 3 Gelules sont fabriqu\u00e9s \u00e0 partir d'huile de poisson de haute qualit\u00e9 provenant de sardines, de maquereaux et de thon.","breadcrumb":{"@id":"https:\/\/www.lraloeverashop.eu\/fr\/produit\/acides-gras-omega-3-gelules\/#breadcrumb"},"inLanguage":"fr-FR","potentialAction":[{"@type":"ReadAction","target":["https:\/\/www.lraloeverashop.eu\/fr\/produit\/acides-gras-omega-3-gelules\/"]}]},{"@type":"ImageObject","inLanguage":"fr-FR","@id":"https:\/\/www.lraloeverashop.eu\/fr\/produit\/acides-gras-omega-3-gelules\/#primaryimage","url":"https:\/\/www.lraloeverashop.eu\/wp-content\/uploads\/2022\/10\/Super-Omega-3-Activ-4.jpg","contentUrl":"https:\/\/www.lraloeverashop.eu\/wp-content\/uploads\/2022\/10\/Super-Omega-3-Activ-4.jpg","width":1200,"height":1200,"caption":"Lr Super Om\u00e9ga 3 G\u00e9lules riches en acides gras om\u00e9ga-3"},{"@type":"BreadcrumbList","@id":"https:\/\/www.lraloeverashop.eu\/fr\/produit\/acides-gras-omega-3-gelules\/#breadcrumb","itemListElement":[{"@type":"ListItem","position":1,"name":"Home","item":"https:\/\/www.lraloeverashop.eu\/fr\/home\/"},{"@type":"ListItem","position":2,"name":"Boutique","item":"https:\/\/www.lraloeverashop.eu\/fr\/boutique\/"},{"@type":"ListItem","position":3,"name":"Acides Gras Omega 3 Gelules"}]},{"@type":"WebSite","@id":"https:\/\/www.lraloeverashop.eu\/fr\/#website","url":"https:\/\/www.lraloeverashop.eu\/fr\/","name":"Boutique Lr Aloe Vera","description":"High Quality Lr Aloe Vera Gel, Aloe Vera Cream and Shampoo","publisher":{"@id":"https:\/\/www.lraloeverashop.eu\/fr\/#organization"},"alternateName":"LR","potentialAction":[{"@type":"SearchAction","target":{"@type":"EntryPoint","urlTemplate":"https:\/\/www.lraloeverashop.eu\/fr\/?s={search_term_string}"},"query-input":{"@type":"PropertyValueSpecification","valueRequired":true,"valueName":"search_term_string"}}],"inLanguage":"fr-FR"},{"@type":"Organization","@id":"https:\/\/www.lraloeverashop.eu\/fr\/#organization","name":"Boutique Lr Aloe Vera","alternateName":"LR","url":"https:\/\/www.lraloeverashop.eu\/fr\/","logo":{"@type":"ImageObject","inLanguage":"fr-FR","@id":"https:\/\/www.lraloeverashop.eu\/fr\/#\/schema\/logo\/image\/","url":"https:\/\/www.lraloeverashop.eu\/wp-content\/uploads\/2022\/09\/cropped-Lr-Aloe-Vera-Shop.jpg","contentUrl":"https:\/\/www.lraloeverashop.eu\/wp-content\/uploads\/2022\/09\/cropped-Lr-Aloe-Vera-Shop.jpg","width":228,"height":76,"caption":"Boutique Lr Aloe Vera"},"image":{"@id":"https:\/\/www.lraloeverashop.eu\/fr\/#\/schema\/logo\/image\/"},"sameAs":["https:\/\/www.facebook.com\/lraloeverashop.eu","https:\/\/x.com\/natur__kosmetik","https:\/\/www.youtube.com\/channel\/UC5oN7BJ8nfYb8RpVtjwDEBA","https:\/\/www.instagram.com\/lrbeautyeu\/"],"description":"La boutique LR Aloe Vera est votre destination de confiance pour les produits de sant\u00e9 et de beaut\u00e9 haut de gamme LR, fabriqu\u00e9s en Allemagne. Nous proposons des soins de la peau, des compl\u00e9ments nutritionnels et des solutions anti-\u00e2ge \u00e0 l'aloe vera de haute qualit\u00e9, \u00e9labor\u00e9s \u00e0 partir d'ingr\u00e9dients purs et valid\u00e9s par la recherche scientifique. D\u00e9couvrez des soins naturels qui r\u00e9g\u00e9n\u00e8rent, prot\u00e8gent et revitalisent votre peau, et profitez d'offres mensuelles exclusives sur nos produits LR Aloe Vera les plus vendus.\n\nCommencez d\u00e8s aujourd'hui votre parcours vers des soins naturels et constatez la diff\u00e9rence.","email":"info@lraloeverashop.eu","telephone":"+49 17670609653","legalName":"Lr Aloe Vera Shop","foundingDate":"2018-04-21","numberOfEmployees":{"@type":"QuantitativeValue","minValue":"1","maxValue":"10"}}]},"product_price_amount":"166.99","product_price_currency":"EUR","og_availability":"instock","product_availability":"instock","product_retailer_item_id":"80144-401FR","product_condition":"new"},"taxonomy_info":{"product_cat":[{"value":398,"label":"Base"},{"value":422,"label":"C\u0153ur et Circulation"},{"value":463,"label":"\u00c9conomisez sur les ensembles"},{"value":440,"label":"Performances &amp; \u00c9nergie"},{"value":464,"label":"Sp\u00e9cialistes"},{"value":297,"label":"Vitamines et Min\u00e9raux"}],"product_tag":[{"value":646,"label":"Min\u00e9raux et vitamines"}]},"featured_image_src_large":["https:\/\/www.lraloeverashop.eu\/wp-content\/uploads\/2022\/10\/Super-Omega-3-Activ-4-1024x1024.jpg",1024,1024,true],"author_info":[],"comment_info":0,"_links":{"self":[{"href":"https:\/\/www.lraloeverashop.eu\/fr\/wp-json\/wp\/v2\/product\/9637","targetHints":{"allow":["GET"]}}],"collection":[{"href":"https:\/\/www.lraloeverashop.eu\/fr\/wp-json\/wp\/v2\/product"}],"about":[{"href":"https:\/\/www.lraloeverashop.eu\/fr\/wp-json\/wp\/v2\/types\/product"}],"replies":[{"embeddable":true,"href":"https:\/\/www.lraloeverashop.eu\/fr\/wp-json\/wp\/v2\/comments?post=9637"}],"wp:featuredmedia":[{"embeddable":true,"href":"https:\/\/www.lraloeverashop.eu\/fr\/wp-json\/wp\/v2\/media\/5238"}],"wp:attachment":[{"href":"https:\/\/www.lraloeverashop.eu\/fr\/wp-json\/wp\/v2\/media?parent=9637"}],"wp:term":[{"taxonomy":"product_brand","embeddable":true,"href":"https:\/\/www.lraloeverashop.eu\/fr\/wp-json\/wp\/v2\/product_brand?post=9637"},{"taxonomy":"product_cat","embeddable":true,"href":"https:\/\/www.lraloeverashop.eu\/fr\/wp-json\/wp\/v2\/product_cat?post=9637"},{"taxonomy":"product_tag","embeddable":true,"href":"https:\/\/www.lraloeverashop.eu\/fr\/wp-json\/wp\/v2\/product_tag?post=9637"}],"curies":[{"name":"wp","href":"https:\/\/api.w.org\/{rel}","templated":true}]}}