{"id":9584,"date":"2022-10-13T10:31:27","date_gmt":"2022-10-13T08:31:27","guid":{"rendered":"https:\/\/www.lraloeverashop.eu\/product\/mind-master-extreme-avec-guarana\/"},"modified":"2026-02-02T19:42:09","modified_gmt":"2026-02-02T18:42:09","slug":"mind-master-extreme-avec-guarana","status":"publish","type":"product","link":"https:\/\/www.lraloeverashop.eu\/fr\/produit\/mind-master-extreme-avec-guarana\/","title":{"rendered":"Mind Master Extreme Avec Guarana"},"content":{"rendered":"<h2><strong><span style=\"font-size: 16pt;\">Mind Master Extreme Avec Guarana<\/span><\/strong><\/h2>\n<p><strong><span style=\"font-size: 14pt;\">Mind Master Extreme Avec Guarana Pour plus d&rsquo;\u00e9nergie et de performance<\/span><\/strong><\/p>\n<p>Mind Master Extreme Avec Guarana dans un format pratique \u00e0 emporter. Il suffit de d\u00e9chirer le stick, de le prendre directement sans eau et de d\u00e9marrer avec puissance ! La formule 2 en 1 vous offre non seulement de la puissance, mais aussi une protection contre le stress oxydatif, gr\u00e2ce \u00e0 des antioxydants efficaces.<\/p>\n<p>Mind Master Extreme fournit un coup de fouet \u00e9nerg\u00e9tique instantan\u00e9, efficace et sain pour l&rsquo;esprit et le corps<span style=\"font-size: 14pt;\"><span style=\"font-size: 10pt;\"><sup>1,2,3.4<\/sup><\/span><\/span><br \/>\nDans un format pratique \u00e0 emporter, le stick tient dans n&rsquo;importe quelle poche et peut \u00eatre consomm\u00e9 directement &#8211; sans eau.<\/p>\n<p style=\"text-align: left;\"><strong><span style=\"font-size: 14pt;\">Coup d&rsquo;\u00e9nergie extr\u00eame pour l&rsquo;esprit<span style=\"font-size: 10pt;\"><sup>4,5<\/sup><\/span>:<\/span><\/strong><\/p>\n<p>R\u00e9veillez-vous dans les plus brefs d\u00e9lais<span style=\"font-size: 14pt;\"><span style=\"font-size: 10pt;\"><sup>1,2,3<\/sup><\/span><\/span><br \/>\nAugmentation de la concentration et des performances<span style=\"font-size: 14pt;\"><span style=\"font-size: 10pt;\"><sup>1,2,4<\/sup><\/span><\/span><\/p>\n<p>&nbsp;<\/p>\n<p style=\"text-align: left;\"><strong><span style=\"font-size: 14pt;\">Booster d&rsquo;\u00e9nergie extr\u00eame pour le corps<span style=\"font-size: 10pt;\"><sup>1,2,3,5,6<\/sup><\/span><\/span><\/strong><\/p>\n<p>Fit et vital dans les plus brefs d\u00e9lais<span style=\"font-size: 14pt;\"><span style=\"font-size: 10pt;\"><sup>1,2,3<\/sup><\/span><\/span><br \/>\nAugmente l&rsquo;endurance et les performances<span style=\"font-size: 14pt;\"><span style=\"font-size: 10pt;\"><sup>2,3<\/sup><\/span><\/span><\/p>\n<p>&nbsp;<\/p>\n<p>Mind Master Extreme Avec Guarana se compose d&rsquo;un pr\u00e9cieux m\u00e9lange de <a href=\"https:\/\/www.lraloeverashop.eu\/fr\/produit\/mind-master-poudre-avec-guarana\/\">super boosters naturels<\/a>, tels que la caf\u00e9ine, la taurine, l&rsquo;inositol, les acides amin\u00e9s, les vitamines, les min\u00e9raux et la coenzyme Q10. Avec \u00e9dulcorants. Sans gluten, sans lactose, saveur grenade. Un stick contient plus de caf\u00e9ine qu&rsquo;une tasse d&rsquo;espresso ou qu&rsquo;une boisson \u00e9nergisante conventionnelle. Il couvre 100% des besoins quotidiens en 6 vitamines importantes dont D, E, B12.<\/p>\n<p><strong><span style=\"color: #0000ff;\">Il suffit de le d\u00e9chirer, de consommer le contenu sans eau et de commencer avec de la puissance !<\/span><\/strong><\/p>\n<h3><strong><span style=\"font-size: 16pt;\">Sans sucre et au go\u00fbt fruit\u00e9 de grenade.<\/span><\/strong><\/h3>\n<p>La caf\u00e9ine du guarana et l&rsquo;extrait de th\u00e9 vert ainsi que les acides amin\u00e9s (BCAA) stimulent le m\u00e9tabolisme et donnent \u00e0 votre corps de l&rsquo;\u00e9nergie \u00e0 court terme, vous permettant ainsi de performer directement.<\/p>\n<p>Les vitamines B r\u00e9duisent la fatigue et soutiennent vos fonctions mentales et cognitives. Votre r\u00e9activit\u00e9 augmente et vous pouvez agir plus vite et \u00eatre plus alerte. Les antioxydants comme la vitamine E et la <a href=\"https:\/\/www.lraloeverashop.eu\/fr\/produit\/vita-active-vitamines\/\">vitamine C<\/a> prot\u00e8gent contre le stress oxydatif.<\/p>\n<p>1) La vitamine B12 aide \u00e0 r\u00e9duire la fatigue et l&rsquo;\u00e9puisement.<br \/>\n2) La caf\u00e9ine contenue dans le guarana aide \u00e0 augmenter la vigilance et la concentration. La caf\u00e9ine contenue dans le guarana aide \u00e0 augmenter les performances d&rsquo;endurance.<br \/>\n3) La vitamine C contribue \u00e0 un m\u00e9tabolisme \u00e9nerg\u00e9tique normal.<br \/>\n4) La thiamine, la vitamine B6 et la vitamine B12 contribuent \u00e0 une fonction mentale normale.<br \/>\n5) La vitamine E, la <a href=\"https:\/\/www.lraloeverashop.eu\/fr\/produit\/vita-active-fruits-rouges-vitamines\/\">vitamine C<\/a> et le s\u00e9l\u00e9nium de Mind Master Extreme Avec Guarana aident \u00e0 prot\u00e9ger les cellules du stress oxydatif.<br \/>\n6) La vitamine D contribue au maintien d&rsquo;une <a href=\"https:\/\/www.lraloeverashop.eu\/fr\/produit\/gel-a-boire-aloe-vera-freedom\/\">fonction musculaire normale<\/a>.<\/p>\n","protected":false},"excerpt":{"rendered":"<ul>\n<li>Booster d\u2019\u00e9nergie puissant pour la performance mentale et physique<span style=\"font-size: 14pt;\"><span style=\"font-size: 10pt;\"><sup>2,3,4<\/sup><\/span><\/span><\/li>\n<li>Protection contre le stress oxydatif<span style=\"font-size: 14pt;\"><span style=\"font-size: 10pt;\"><sup>1<\/sup><\/span><\/span><\/li>\n<li>Poudre haute performance dans un format pratique \u00e0 emporter<\/li>\n<li>Sans sucre<\/li>\n<li>Tient dans toutes les poches, pour une consommation directe sans eau<\/li>\n<li>Quantit\u00e9 : 5 x 35g<\/li>\n<\/ul>\n<p style=\"text-align: left;\"><span style=\"color: #ff0000;\"><a style=\"color: #ff0000;\" href=\"https:\/\/shop.lrworld.com\/openpao?PHP=0vFlt7jT938BEnBI3a6e9w%3D%3D\"><span style=\"font-size: 14pt;\"><strong>Inscrivez-vous et \u00e9conomisez 35% sur chaque commande<\/strong><\/span><\/a><\/span><\/p>\n","protected":false},"featured_media":5754,"comment_status":"open","ping_status":"closed","template":"","meta":{"_kad_blocks_custom_css":"","_kad_blocks_head_custom_js":"","_kad_blocks_body_custom_js":"","_kad_blocks_footer_custom_js":"","_kadence_starter_templates_imported_post":false,"_kad_post_transparent":"default","_kad_post_title":"","_kad_post_layout":"default","_kad_post_sidebar_id":"","_kad_post_content_style":"default","_kad_post_vertical_padding":"default","_kad_post_feature":"","_kad_post_feature_position":"","_kad_post_header":false,"_kad_post_footer":false,"_kad_post_classname":""},"product_brand":[],"product_cat":[463,500,440,410,464],"product_tag":[638],"class_list":{"0":"post-9584","1":"product","2":"type-product","3":"status-publish","4":"has-post-thumbnail","6":"product_cat-economisez-sur-les-ensembles","7":"product_cat-mind-master-fr","8":"product_cat-performances-energie","9":"product_cat-produits-speciaux","10":"product_cat-specialistes","11":"product_tag-energie","13":"first","14":"outofstock","15":"taxable","16":"shipping-taxable","17":"purchasable","18":"product-type-simple","19":"entry","20":"content-bg","21":"loop-entry"},"yoast_head":"<!-- This site is optimized with the Yoast SEO Premium plugin v27.3 (Yoast SEO v27.3) - https:\/\/yoast.com\/product\/yoast-seo-premium-wordpress\/ -->\n<title>Mind Master Extreme Avec Guarana Pour plus performance<\/title>\n<meta name=\"description\" content=\"Mind Master Extreme Avec Guarana - super booster avec caf\u00e9ine, la taurine, l&#039;inositol, les acides amin\u00e9s, les vitamines, les min\u00e9raux et la coenzyme Q10\" \/>\n<meta name=\"robots\" content=\"index, follow, max-snippet:-1, max-image-preview:large, max-video-preview:-1\" \/>\n<link rel=\"canonical\" href=\"https:\/\/www.lraloeverashop.eu\/fr\/produit\/mind-master-extreme-avec-guarana\/\" \/>\n<meta property=\"og:locale\" content=\"fr_FR\" \/>\n<meta property=\"og:type\" content=\"article\" \/>\n<meta property=\"og:title\" content=\"Mind Master Extreme Avec Guarana\" \/>\n<meta property=\"og:description\" content=\"Mind Master Extreme Avec Guarana - super booster avec caf\u00e9ine, la taurine, l&#039;inositol, les acides amin\u00e9s, les vitamines, les min\u00e9raux et la coenzyme Q10\" \/>\n<meta property=\"og:url\" content=\"https:\/\/www.lraloeverashop.eu\/fr\/produit\/mind-master-extreme-avec-guarana\/\" \/>\n<meta property=\"og:site_name\" content=\"Boutique Lr Aloe Vera\" \/>\n<meta property=\"article:publisher\" content=\"https:\/\/www.facebook.com\/lraloeverashop.eu\" \/>\n<meta property=\"article:modified_time\" content=\"2026-02-02T18:42:09+00:00\" \/>\n<meta property=\"og:image\" content=\"https:\/\/www.lraloeverashop.eu\/wp-content\/uploads\/2022\/10\/Mind-Master-Performance-powder-with-quarana-set.jpg\" \/>\n\t<meta property=\"og:image:width\" content=\"1200\" \/>\n\t<meta property=\"og:image:height\" content=\"1200\" \/>\n\t<meta property=\"og:image:type\" content=\"image\/jpeg\" \/>\n<meta name=\"twitter:card\" content=\"summary_large_image\" \/>\n<meta name=\"twitter:site\" content=\"@natur__kosmetik\" \/>\n<script type=\"application\/ld+json\" class=\"yoast-schema-graph\">{\"@context\":\"https:\\\/\\\/schema.org\",\"@graph\":[{\"@type\":[\"WebPage\",\"ItemPage\"],\"@id\":\"https:\\\/\\\/www.lraloeverashop.eu\\\/fr\\\/produit\\\/mind-master-extreme-avec-guarana\\\/\",\"url\":\"https:\\\/\\\/www.lraloeverashop.eu\\\/fr\\\/produit\\\/mind-master-extreme-avec-guarana\\\/\",\"name\":\"Mind Master Extreme Avec Guarana Pour plus performance\",\"isPartOf\":{\"@id\":\"https:\\\/\\\/www.lraloeverashop.eu\\\/fr\\\/#website\"},\"primaryImageOfPage\":{\"@id\":\"https:\\\/\\\/www.lraloeverashop.eu\\\/fr\\\/produit\\\/mind-master-extreme-avec-guarana\\\/#primaryimage\"},\"image\":{\"@id\":\"https:\\\/\\\/www.lraloeverashop.eu\\\/fr\\\/produit\\\/mind-master-extreme-avec-guarana\\\/#primaryimage\"},\"thumbnailUrl\":\"https:\\\/\\\/www.lraloeverashop.eu\\\/wp-content\\\/uploads\\\/2022\\\/10\\\/Mind-Master-Performance-powder-with-quarana-set.jpg\",\"datePublished\":\"2022-10-13T08:31:27+00:00\",\"dateModified\":\"2026-02-02T18:42:09+00:00\",\"description\":\"Mind Master Extreme Avec Guarana - super booster avec caf\u00e9ine, la taurine, l'inositol, les acides amin\u00e9s, les vitamines, les min\u00e9raux et la coenzyme Q10\",\"breadcrumb\":{\"@id\":\"https:\\\/\\\/www.lraloeverashop.eu\\\/fr\\\/produit\\\/mind-master-extreme-avec-guarana\\\/#breadcrumb\"},\"inLanguage\":\"fr-FR\",\"potentialAction\":[{\"@type\":\"ReadAction\",\"target\":[\"https:\\\/\\\/www.lraloeverashop.eu\\\/fr\\\/produit\\\/mind-master-extreme-avec-guarana\\\/\"]}]},{\"@type\":\"ImageObject\",\"inLanguage\":\"fr-FR\",\"@id\":\"https:\\\/\\\/www.lraloeverashop.eu\\\/fr\\\/produit\\\/mind-master-extreme-avec-guarana\\\/#primaryimage\",\"url\":\"https:\\\/\\\/www.lraloeverashop.eu\\\/wp-content\\\/uploads\\\/2022\\\/10\\\/Mind-Master-Performance-powder-with-quarana-set.jpg\",\"contentUrl\":\"https:\\\/\\\/www.lraloeverashop.eu\\\/wp-content\\\/uploads\\\/2022\\\/10\\\/Mind-Master-Performance-powder-with-quarana-set.jpg\",\"width\":1200,\"height\":1200,\"caption\":\"Ensemble de Mind Master Poudre de performance au guarana\"},{\"@type\":\"BreadcrumbList\",\"@id\":\"https:\\\/\\\/www.lraloeverashop.eu\\\/fr\\\/produit\\\/mind-master-extreme-avec-guarana\\\/#breadcrumb\",\"itemListElement\":[{\"@type\":\"ListItem\",\"position\":1,\"name\":\"Home\",\"item\":\"https:\\\/\\\/www.lraloeverashop.eu\\\/fr\\\/\"},{\"@type\":\"ListItem\",\"position\":2,\"name\":\"Boutique\",\"item\":\"https:\\\/\\\/www.lraloeverashop.eu\\\/fr\\\/boutique\\\/\"},{\"@type\":\"ListItem\",\"position\":3,\"name\":\"Mind Master Extreme Avec Guarana\"}]},{\"@type\":\"WebSite\",\"@id\":\"https:\\\/\\\/www.lraloeverashop.eu\\\/fr\\\/#website\",\"url\":\"https:\\\/\\\/www.lraloeverashop.eu\\\/fr\\\/\",\"name\":\"Boutique Lr Aloe Vera\",\"description\":\"High Quality Lr Aloe Vera Gel, Aloe Vera Cream and Shampoo\",\"publisher\":{\"@id\":\"https:\\\/\\\/www.lraloeverashop.eu\\\/fr\\\/#organization\"},\"potentialAction\":[{\"@type\":\"SearchAction\",\"target\":{\"@type\":\"EntryPoint\",\"urlTemplate\":\"https:\\\/\\\/www.lraloeverashop.eu\\\/fr\\\/?s={search_term_string}\"},\"query-input\":{\"@type\":\"PropertyValueSpecification\",\"valueRequired\":true,\"valueName\":\"search_term_string\"}}],\"inLanguage\":\"fr-FR\"},{\"@type\":\"Organization\",\"@id\":\"https:\\\/\\\/www.lraloeverashop.eu\\\/fr\\\/#organization\",\"name\":\"Boutique Lr Aloe Vera\",\"alternateName\":\"LR\",\"url\":\"https:\\\/\\\/www.lraloeverashop.eu\\\/fr\\\/\",\"logo\":{\"@type\":\"ImageObject\",\"inLanguage\":\"fr-FR\",\"@id\":\"https:\\\/\\\/www.lraloeverashop.eu\\\/fr\\\/#\\\/schema\\\/logo\\\/image\\\/\",\"url\":\"https:\\\/\\\/www.lraloeverashop.eu\\\/wp-content\\\/uploads\\\/2022\\\/09\\\/cropped-Lr-Aloe-Vera-Shop.jpg\",\"contentUrl\":\"https:\\\/\\\/www.lraloeverashop.eu\\\/wp-content\\\/uploads\\\/2022\\\/09\\\/cropped-Lr-Aloe-Vera-Shop.jpg\",\"width\":228,\"height\":76,\"caption\":\"Boutique Lr Aloe Vera\"},\"image\":{\"@id\":\"https:\\\/\\\/www.lraloeverashop.eu\\\/fr\\\/#\\\/schema\\\/logo\\\/image\\\/\"},\"sameAs\":[\"https:\\\/\\\/www.facebook.com\\\/lraloeverashop.eu\",\"https:\\\/\\\/x.com\\\/natur__kosmetik\",\"https:\\\/\\\/www.youtube.com\\\/channel\\\/UC5oN7BJ8nfYb8RpVtjwDEBA\",\"https:\\\/\\\/www.instagram.com\\\/lrbeautyeu\\\/\"]}]}<\/script>\n<meta property=\"product:price:amount\" content=\"157.49\" \/>\n<meta property=\"product:price:currency\" content=\"EUR\" \/>\n<meta property=\"og:availability\" content=\"out of stock\" \/>\n<meta property=\"product:availability\" content=\"out of stock\" \/>\n<meta property=\"product:retailer_item_id\" content=\"80985-101FR\" \/>\n<meta property=\"product:condition\" content=\"new\" \/>\n<!-- \/ Yoast SEO Premium plugin. -->","yoast_head_json":{"title":"Mind Master Extreme Avec Guarana Pour plus performance","description":"Mind Master Extreme Avec Guarana - super booster avec caf\u00e9ine, la taurine, l'inositol, les acides amin\u00e9s, les vitamines, les min\u00e9raux et la coenzyme Q10","robots":{"index":"index","follow":"follow","max-snippet":"max-snippet:-1","max-image-preview":"max-image-preview:large","max-video-preview":"max-video-preview:-1"},"canonical":"https:\/\/www.lraloeverashop.eu\/fr\/produit\/mind-master-extreme-avec-guarana\/","og_locale":"fr_FR","og_type":"article","og_title":"Mind Master Extreme Avec Guarana","og_description":"Mind Master Extreme Avec Guarana - super booster avec caf\u00e9ine, la taurine, l'inositol, les acides amin\u00e9s, les vitamines, les min\u00e9raux et la coenzyme Q10","og_url":"https:\/\/www.lraloeverashop.eu\/fr\/produit\/mind-master-extreme-avec-guarana\/","og_site_name":"Boutique Lr Aloe Vera","article_publisher":"https:\/\/www.facebook.com\/lraloeverashop.eu","article_modified_time":"2026-02-02T18:42:09+00:00","og_image":[{"width":1200,"height":1200,"url":"https:\/\/www.lraloeverashop.eu\/wp-content\/uploads\/2022\/10\/Mind-Master-Performance-powder-with-quarana-set.jpg","type":"image\/jpeg"}],"twitter_card":"summary_large_image","twitter_site":"@natur__kosmetik","schema":{"@context":"https:\/\/schema.org","@graph":[{"@type":["WebPage","ItemPage"],"@id":"https:\/\/www.lraloeverashop.eu\/fr\/produit\/mind-master-extreme-avec-guarana\/","url":"https:\/\/www.lraloeverashop.eu\/fr\/produit\/mind-master-extreme-avec-guarana\/","name":"Mind Master Extreme Avec Guarana Pour plus performance","isPartOf":{"@id":"https:\/\/www.lraloeverashop.eu\/fr\/#website"},"primaryImageOfPage":{"@id":"https:\/\/www.lraloeverashop.eu\/fr\/produit\/mind-master-extreme-avec-guarana\/#primaryimage"},"image":{"@id":"https:\/\/www.lraloeverashop.eu\/fr\/produit\/mind-master-extreme-avec-guarana\/#primaryimage"},"thumbnailUrl":"https:\/\/www.lraloeverashop.eu\/wp-content\/uploads\/2022\/10\/Mind-Master-Performance-powder-with-quarana-set.jpg","datePublished":"2022-10-13T08:31:27+00:00","dateModified":"2026-02-02T18:42:09+00:00","description":"Mind Master Extreme Avec Guarana - super booster avec caf\u00e9ine, la taurine, l'inositol, les acides amin\u00e9s, les vitamines, les min\u00e9raux et la coenzyme Q10","breadcrumb":{"@id":"https:\/\/www.lraloeverashop.eu\/fr\/produit\/mind-master-extreme-avec-guarana\/#breadcrumb"},"inLanguage":"fr-FR","potentialAction":[{"@type":"ReadAction","target":["https:\/\/www.lraloeverashop.eu\/fr\/produit\/mind-master-extreme-avec-guarana\/"]}]},{"@type":"ImageObject","inLanguage":"fr-FR","@id":"https:\/\/www.lraloeverashop.eu\/fr\/produit\/mind-master-extreme-avec-guarana\/#primaryimage","url":"https:\/\/www.lraloeverashop.eu\/wp-content\/uploads\/2022\/10\/Mind-Master-Performance-powder-with-quarana-set.jpg","contentUrl":"https:\/\/www.lraloeverashop.eu\/wp-content\/uploads\/2022\/10\/Mind-Master-Performance-powder-with-quarana-set.jpg","width":1200,"height":1200,"caption":"Ensemble de Mind Master Poudre de performance au guarana"},{"@type":"BreadcrumbList","@id":"https:\/\/www.lraloeverashop.eu\/fr\/produit\/mind-master-extreme-avec-guarana\/#breadcrumb","itemListElement":[{"@type":"ListItem","position":1,"name":"Home","item":"https:\/\/www.lraloeverashop.eu\/fr\/"},{"@type":"ListItem","position":2,"name":"Boutique","item":"https:\/\/www.lraloeverashop.eu\/fr\/boutique\/"},{"@type":"ListItem","position":3,"name":"Mind Master Extreme Avec Guarana"}]},{"@type":"WebSite","@id":"https:\/\/www.lraloeverashop.eu\/fr\/#website","url":"https:\/\/www.lraloeverashop.eu\/fr\/","name":"Boutique Lr Aloe Vera","description":"High Quality Lr Aloe Vera Gel, Aloe Vera Cream and Shampoo","publisher":{"@id":"https:\/\/www.lraloeverashop.eu\/fr\/#organization"},"potentialAction":[{"@type":"SearchAction","target":{"@type":"EntryPoint","urlTemplate":"https:\/\/www.lraloeverashop.eu\/fr\/?s={search_term_string}"},"query-input":{"@type":"PropertyValueSpecification","valueRequired":true,"valueName":"search_term_string"}}],"inLanguage":"fr-FR"},{"@type":"Organization","@id":"https:\/\/www.lraloeverashop.eu\/fr\/#organization","name":"Boutique Lr Aloe Vera","alternateName":"LR","url":"https:\/\/www.lraloeverashop.eu\/fr\/","logo":{"@type":"ImageObject","inLanguage":"fr-FR","@id":"https:\/\/www.lraloeverashop.eu\/fr\/#\/schema\/logo\/image\/","url":"https:\/\/www.lraloeverashop.eu\/wp-content\/uploads\/2022\/09\/cropped-Lr-Aloe-Vera-Shop.jpg","contentUrl":"https:\/\/www.lraloeverashop.eu\/wp-content\/uploads\/2022\/09\/cropped-Lr-Aloe-Vera-Shop.jpg","width":228,"height":76,"caption":"Boutique Lr Aloe Vera"},"image":{"@id":"https:\/\/www.lraloeverashop.eu\/fr\/#\/schema\/logo\/image\/"},"sameAs":["https:\/\/www.facebook.com\/lraloeverashop.eu","https:\/\/x.com\/natur__kosmetik","https:\/\/www.youtube.com\/channel\/UC5oN7BJ8nfYb8RpVtjwDEBA","https:\/\/www.instagram.com\/lrbeautyeu\/"]}]},"product_price_amount":"157.49","product_price_currency":"EUR","og_availability":"out of stock","product_availability":"out of stock","product_retailer_item_id":"80985-101FR","product_condition":"new"},"taxonomy_info":{"product_cat":[{"value":463,"label":"\u00c9conomisez sur les ensembles"},{"value":500,"label":"Mind Master"},{"value":440,"label":"Performances &amp; \u00c9nergie"},{"value":410,"label":"Produits Speciaux"},{"value":464,"label":"Sp\u00e9cialistes"}],"product_tag":[{"value":638,"label":"\u00e9nergie"}]},"featured_image_src_large":["https:\/\/www.lraloeverashop.eu\/wp-content\/uploads\/2022\/10\/Mind-Master-Performance-powder-with-quarana-set-1024x1024.jpg",1024,1024,true],"author_info":[],"comment_info":0,"_links":{"self":[{"href":"https:\/\/www.lraloeverashop.eu\/fr\/wp-json\/wp\/v2\/product\/9584","targetHints":{"allow":["GET"]}}],"collection":[{"href":"https:\/\/www.lraloeverashop.eu\/fr\/wp-json\/wp\/v2\/product"}],"about":[{"href":"https:\/\/www.lraloeverashop.eu\/fr\/wp-json\/wp\/v2\/types\/product"}],"replies":[{"embeddable":true,"href":"https:\/\/www.lraloeverashop.eu\/fr\/wp-json\/wp\/v2\/comments?post=9584"}],"wp:featuredmedia":[{"embeddable":true,"href":"https:\/\/www.lraloeverashop.eu\/fr\/wp-json\/wp\/v2\/media\/5754"}],"wp:attachment":[{"href":"https:\/\/www.lraloeverashop.eu\/fr\/wp-json\/wp\/v2\/media?parent=9584"}],"wp:term":[{"taxonomy":"product_brand","embeddable":true,"href":"https:\/\/www.lraloeverashop.eu\/fr\/wp-json\/wp\/v2\/product_brand?post=9584"},{"taxonomy":"product_cat","embeddable":true,"href":"https:\/\/www.lraloeverashop.eu\/fr\/wp-json\/wp\/v2\/product_cat?post=9584"},{"taxonomy":"product_tag","embeddable":true,"href":"https:\/\/www.lraloeverashop.eu\/fr\/wp-json\/wp\/v2\/product_tag?post=9584"}],"curies":[{"name":"wp","href":"https:\/\/api.w.org\/{rel}","templated":true}]}}