{"id":9522,"date":"2022-10-13T18:52:54","date_gmt":"2022-10-13T16:52:54","guid":{"rendered":"https:\/\/www.lraloeverashop.eu\/product\/mind-master-boisson-de-performance\/"},"modified":"2026-02-02T19:40:58","modified_gmt":"2026-02-02T18:40:58","slug":"mind-master-boisson-de-performance","status":"publish","type":"product","link":"https:\/\/www.lraloeverashop.eu\/fr\/produit\/mind-master-boisson-de-performance\/","title":{"rendered":"Mind Master Boisson de Performance Rouge"},"content":{"rendered":"<h2><span style=\"font-size: 16pt;\"><strong>Mind Master Boisson de Performance Rouge<\/strong><\/span><\/h2>\n<p><span style=\"font-size: 14pt;\"><strong>Mind Master Boisson de Performance Rouge\u00a0 contribue \u00e0 un m\u00e9tabolisme \u00e9nerg\u00e9tique normal<\/strong><\/span><\/p>\n<p>&nbsp;<\/p>\n<p>Travail, famille, sport et loisirs \u2013 tout mener de front peut parfois s&rsquo;av\u00e9rer fatigant. Il est d&rsquo;autant plus important de fournir \u00e0 l&rsquo;\u00e9quilibre nutritif des <a href=\"https:\/\/www.lraloeverashop.eu\/fr\/produit\/vita-active-fruits-rouges-vitamines\/\">vitamines<\/a> et des oligo\u00e9l\u00e9ments utiles.<\/p>\n<p><strong>Mind Master Boisson de Performance Rouge fournit des micro\u00e9l\u00e9ments importants. Ils contribuent notamment \u00e0:<\/strong><\/p>\n<ul>\n<li>Un bon <a href=\"https:\/\/www.lraloeverashop.eu\/fr\/produit\/mind-master-boisson-rouge\/\">m\u00e9tabolisme \u00e9nerg\u00e9tique<\/a><\/li>\n<li>Un bon fonctionnement du syst\u00e8me nerveux<\/li>\n<li>Une bonne fonction psychique<\/li>\n<li>Une diminution de la fatigue<\/li>\n<li>Une bonne fonction cognitive<\/li>\n<li>La protection des cellules contre le stress oxydant<\/li>\n<\/ul>\n<p>&nbsp;<\/p>\n<p>Mind Master vous accompagne dans votre journ\u00e9e au travail, \u00e0 l&rsquo;\u00e9cole, \u00e0 la fac, durant votre s\u00e9ance de sport. Votre contribution quotidienne \u00e0 l&rsquo;apport parfait en nutriments dans le cadre d&rsquo;un style de vie actif !<\/p>\n<p><strong>Des \u00e9tudes scientifiques de l&rsquo;EFSA* confirment<\/strong><\/p>\n<ul>\n<li>La thiamine et la vitamine B12 contribuent au bon fonctionnement du m\u00e9tabolisme.<\/li>\n<li>La vitamine B12 contribue au bon fonctionnement du syst\u00e8me nerveux.<\/li>\n<li>La vitamine B12 contribue \u00e0 un bon fonctionnement psychique.<\/li>\n<li>La vitamine B12 et le fer contribuent \u00e0 diminuer la <a href=\"https:\/\/www.lraloeverashop.eu\/fr\/produit\/boisson-aloe-vera-miel-3\/\">fatigue et l&rsquo;\u00e9puisement<\/a>.<\/li>\n<li>Le fer contribue \u00e0 un bon fonctionnement cognitif.<\/li>\n<li>La vitamine E contribue \u00e0 la protection des cellules contre le <a href=\"https:\/\/www.lraloeverashop.eu\/fr\/produit\/mind-master-boisson-de-performance-verte\/\">stress oxydant<\/a>.<\/li>\n<\/ul>\n<p>&nbsp;<\/p>\n<h3><strong><span style=\"font-size: 16pt;\">Comment utiliser<\/span><\/strong><\/h3>\n<p><strong>Dosage quotidien recommand\u00e9<\/strong><br \/>\nPrendre 80 ml de <a href=\"https:\/\/www.lraloeverashop.eu\/fr\/produit\/mind-master-boisson-verte\/\">Mind Master<\/a> une fois par jour, de pr\u00e9f\u00e9rence apr\u00e8s un repas. Selon vos pr\u00e9f\u00e9rences, il peut \u00eatre consomm\u00e9 pur ou dissous dans de l&rsquo;eau ou du jus. Agiter avant utilisation. Apr\u00e8s ouverture, conservez-le au r\u00e9frig\u00e9rateur.<\/p>\n<p><strong>Ne pas d\u00e9passer la dose journali\u00e8re recommand\u00e9e.<\/strong><br \/>\nLes compl\u00e9ments alimentaires ne se substituent pas \u00e0 une alimentation vari\u00e9e et \u00e9quilibr\u00e9e, associ\u00e9e \u00e0 un mode de vie sain. Tenir hors de port\u00e9e des enfants.<\/p>\n<p>&nbsp;<\/p>\n<h4><span style=\"font-size: 16pt;\"><strong>Questions fr\u00e9quemment pos\u00e9es<\/strong><\/span><\/h4>\n<p><strong>D&rsquo;o\u00f9 vient le go\u00fbt particulier de Mind Master Drink?<\/strong><br \/>\nLe go\u00fbt est compl\u00e8tement naturel &#8211; il provient de la forte concentration d&rsquo;extraits de plantes et a donc une note l\u00e9g\u00e8rement am\u00e8re. La saveur principale est le jus de raisin rouge comme base. Le go\u00fbt est compl\u00e9t\u00e9 par la Stevia, une substance v\u00e9g\u00e9tale pure au pouvoir sucrant \u00e9lev\u00e9.<\/p>\n<p><strong>Mind Master Performance Drink Red convient aux enfants ?<\/strong><br \/>\nLes \u00e9coliers et les adolescents peuvent consommer Mind Master.<\/p>\n<p><strong>Est-ce que Mind Master convient aux personnes atteintes de diab\u00e8te ?<\/strong><br \/>\nMind Master ne contient qu&rsquo;une petite quantit\u00e9 de sucres simples sous forme de dextrose. La dose journali\u00e8re de 80 ml contient 0,87 \u00e9quivalent amidon. En cas d&rsquo;incertitude sur l&rsquo;ad\u00e9quation du produit, il est conseill\u00e9 d&rsquo;en informer le m\u00e9decin traitant.<\/p>\n","protected":false},"excerpt":{"rendered":"<ul>\n<li>Compl\u00e9ment alimentaire aux vitamines et oligo-\u00e9l\u00e9ments importants<\/li>\n<li>Fournit des micronutriments de haute qualit\u00e9 \u00e0 ceux qui fa\u00e7onnent activement leur vie<\/li>\n<li>Avec de la vitamine E pour prot\u00e9ger les cellules du stress oxydatif<\/li>\n<li>Au go\u00fbt fruit\u00e9 de raisin<\/li>\n<li>Compagnon quotidien &amp; a. Au travail ou \u00e0 l&rsquo;\u00e9cole<\/li>\n<li>Quantit\u00e9 : 5 x 500 ml<\/li>\n<\/ul>\n<p style=\"text-align: left;\"><span style=\"color: #ff0000;\"><a style=\"color: #ff0000;\" href=\"https:\/\/shop.lrworld.com\/openpao?PHP=0vFlt7jT938BEnBI3a6e9w%3D%3D\"><span style=\"font-size: 14pt;\"><strong>Inscrivez-vous et \u00e9conomisez 35% sur chaque commande<\/strong><\/span><\/a><\/span><\/p>\n","protected":false},"featured_media":5760,"comment_status":"open","ping_status":"closed","template":"","meta":{"_kad_blocks_custom_css":"","_kad_blocks_head_custom_js":"","_kad_blocks_body_custom_js":"","_kad_blocks_footer_custom_js":"","_kadence_starter_templates_imported_post":false,"_kad_post_transparent":"default","_kad_post_title":"","_kad_post_layout":"default","_kad_post_sidebar_id":"","_kad_post_content_style":"default","_kad_post_vertical_padding":"default","_kad_post_feature":"","_kad_post_feature_position":"","_kad_post_header":false,"_kad_post_footer":false,"_kad_post_classname":""},"product_brand":[],"product_cat":[463,500,440,410,464],"product_tag":[638],"class_list":{"0":"post-9522","1":"product","2":"type-product","3":"status-publish","4":"has-post-thumbnail","6":"product_cat-economisez-sur-les-ensembles","7":"product_cat-mind-master-fr","8":"product_cat-performances-energie","9":"product_cat-produits-speciaux","10":"product_cat-specialistes","11":"product_tag-energie","13":"first","14":"instock","15":"taxable","16":"shipping-taxable","17":"purchasable","18":"product-type-simple","19":"entry","20":"content-bg","21":"loop-entry"},"yoast_head":"<!-- This site is optimized with the Yoast SEO Premium plugin v27.4 (Yoast SEO v27.4) - https:\/\/yoast.com\/product\/yoast-seo-premium-wordpress\/ -->\n<title>Mind Master Boisson de Performance Rouge avec vitamine E<\/title>\n<meta name=\"description\" content=\"Mind Master Boisson de Performance Rouge fournit des micronutriments de haute qualit\u00e9 \u00e0 ceux qui fa\u00e7onnent activement leur vie. Prot\u00e9ge les cellules.\" \/>\n<meta name=\"robots\" content=\"index, follow, max-snippet:-1, max-image-preview:large, max-video-preview:-1\" \/>\n<link rel=\"canonical\" href=\"https:\/\/www.lraloeverashop.eu\/fr\/produit\/mind-master-boisson-de-performance\/\" \/>\n<meta property=\"og:locale\" content=\"fr_FR\" \/>\n<meta property=\"og:type\" content=\"article\" \/>\n<meta property=\"og:title\" content=\"Mind Master Boisson de Performance Rouge\" \/>\n<meta property=\"og:description\" content=\"Mind Master Boisson de Performance Rouge fournit des micronutriments de haute qualit\u00e9 \u00e0 ceux qui fa\u00e7onnent activement leur vie. Prot\u00e9ge les cellules.\" \/>\n<meta property=\"og:url\" content=\"https:\/\/www.lraloeverashop.eu\/fr\/produit\/mind-master-boisson-de-performance\/\" \/>\n<meta property=\"og:site_name\" content=\"Boutique Lr Aloe Vera\" \/>\n<meta property=\"article:publisher\" content=\"https:\/\/www.facebook.com\/lraloeverashop.eu\" \/>\n<meta property=\"article:modified_time\" content=\"2026-02-02T18:40:58+00:00\" \/>\n<meta property=\"og:image\" content=\"https:\/\/www.lraloeverashop.eu\/wp-content\/uploads\/2022\/10\/Mind-Master-Performance-Set-5-Red.jpg\" \/>\n\t<meta property=\"og:image:width\" content=\"1200\" \/>\n\t<meta property=\"og:image:height\" content=\"1200\" \/>\n\t<meta property=\"og:image:type\" content=\"image\/jpeg\" \/>\n<meta name=\"twitter:card\" content=\"summary_large_image\" \/>\n<meta name=\"twitter:site\" content=\"@natur__kosmetik\" \/>\n<script type=\"application\/ld+json\" class=\"yoast-schema-graph\">{\"@context\":\"https:\\\/\\\/schema.org\",\"@graph\":[{\"@type\":[\"WebPage\",\"ItemPage\"],\"@id\":\"https:\\\/\\\/www.lraloeverashop.eu\\\/fr\\\/produit\\\/mind-master-boisson-de-performance\\\/\",\"url\":\"https:\\\/\\\/www.lraloeverashop.eu\\\/fr\\\/produit\\\/mind-master-boisson-de-performance\\\/\",\"name\":\"Mind Master Boisson de Performance Rouge avec vitamine E\",\"isPartOf\":{\"@id\":\"https:\\\/\\\/www.lraloeverashop.eu\\\/fr\\\/#website\"},\"primaryImageOfPage\":{\"@id\":\"https:\\\/\\\/www.lraloeverashop.eu\\\/fr\\\/produit\\\/mind-master-boisson-de-performance\\\/#primaryimage\"},\"image\":{\"@id\":\"https:\\\/\\\/www.lraloeverashop.eu\\\/fr\\\/produit\\\/mind-master-boisson-de-performance\\\/#primaryimage\"},\"thumbnailUrl\":\"https:\\\/\\\/www.lraloeverashop.eu\\\/wp-content\\\/uploads\\\/2022\\\/10\\\/Mind-Master-Performance-Set-5-Red.jpg\",\"datePublished\":\"2022-10-13T16:52:54+00:00\",\"dateModified\":\"2026-02-02T18:40:58+00:00\",\"description\":\"Mind Master Boisson de Performance Rouge fournit des micronutriments de haute qualit\u00e9 \u00e0 ceux qui fa\u00e7onnent activement leur vie. Prot\u00e9ge les cellules.\",\"breadcrumb\":{\"@id\":\"https:\\\/\\\/www.lraloeverashop.eu\\\/fr\\\/produit\\\/mind-master-boisson-de-performance\\\/#breadcrumb\"},\"inLanguage\":\"fr-FR\",\"potentialAction\":[{\"@type\":\"ReadAction\",\"target\":[\"https:\\\/\\\/www.lraloeverashop.eu\\\/fr\\\/produit\\\/mind-master-boisson-de-performance\\\/\"]}]},{\"@type\":\"ImageObject\",\"inLanguage\":\"fr-FR\",\"@id\":\"https:\\\/\\\/www.lraloeverashop.eu\\\/fr\\\/produit\\\/mind-master-boisson-de-performance\\\/#primaryimage\",\"url\":\"https:\\\/\\\/www.lraloeverashop.eu\\\/wp-content\\\/uploads\\\/2022\\\/10\\\/Mind-Master-Performance-Set-5-Red.jpg\",\"contentUrl\":\"https:\\\/\\\/www.lraloeverashop.eu\\\/wp-content\\\/uploads\\\/2022\\\/10\\\/Mind-Master-Performance-Set-5-Red.jpg\",\"width\":1200,\"height\":1200,\"caption\":\"Mind Master Performance Set 5 5 Pi\u00e8ces Rouge\"},{\"@type\":\"BreadcrumbList\",\"@id\":\"https:\\\/\\\/www.lraloeverashop.eu\\\/fr\\\/produit\\\/mind-master-boisson-de-performance\\\/#breadcrumb\",\"itemListElement\":[{\"@type\":\"ListItem\",\"position\":1,\"name\":\"Home\",\"item\":\"https:\\\/\\\/www.lraloeverashop.eu\\\/fr\\\/\"},{\"@type\":\"ListItem\",\"position\":2,\"name\":\"Boutique\",\"item\":\"https:\\\/\\\/www.lraloeverashop.eu\\\/fr\\\/boutique\\\/\"},{\"@type\":\"ListItem\",\"position\":3,\"name\":\"Mind Master Boisson de Performance Rouge\"}]},{\"@type\":\"WebSite\",\"@id\":\"https:\\\/\\\/www.lraloeverashop.eu\\\/fr\\\/#website\",\"url\":\"https:\\\/\\\/www.lraloeverashop.eu\\\/fr\\\/\",\"name\":\"Boutique Lr Aloe Vera\",\"description\":\"High Quality Lr Aloe Vera Gel, Aloe Vera Cream and Shampoo\",\"publisher\":{\"@id\":\"https:\\\/\\\/www.lraloeverashop.eu\\\/fr\\\/#organization\"},\"potentialAction\":[{\"@type\":\"SearchAction\",\"target\":{\"@type\":\"EntryPoint\",\"urlTemplate\":\"https:\\\/\\\/www.lraloeverashop.eu\\\/fr\\\/?s={search_term_string}\"},\"query-input\":{\"@type\":\"PropertyValueSpecification\",\"valueRequired\":true,\"valueName\":\"search_term_string\"}}],\"inLanguage\":\"fr-FR\"},{\"@type\":\"Organization\",\"@id\":\"https:\\\/\\\/www.lraloeverashop.eu\\\/fr\\\/#organization\",\"name\":\"Boutique Lr Aloe Vera\",\"alternateName\":\"LR\",\"url\":\"https:\\\/\\\/www.lraloeverashop.eu\\\/fr\\\/\",\"logo\":{\"@type\":\"ImageObject\",\"inLanguage\":\"fr-FR\",\"@id\":\"https:\\\/\\\/www.lraloeverashop.eu\\\/fr\\\/#\\\/schema\\\/logo\\\/image\\\/\",\"url\":\"https:\\\/\\\/www.lraloeverashop.eu\\\/wp-content\\\/uploads\\\/2022\\\/09\\\/cropped-Lr-Aloe-Vera-Shop.jpg\",\"contentUrl\":\"https:\\\/\\\/www.lraloeverashop.eu\\\/wp-content\\\/uploads\\\/2022\\\/09\\\/cropped-Lr-Aloe-Vera-Shop.jpg\",\"width\":228,\"height\":76,\"caption\":\"Boutique Lr Aloe Vera\"},\"image\":{\"@id\":\"https:\\\/\\\/www.lraloeverashop.eu\\\/fr\\\/#\\\/schema\\\/logo\\\/image\\\/\"},\"sameAs\":[\"https:\\\/\\\/www.facebook.com\\\/lraloeverashop.eu\",\"https:\\\/\\\/x.com\\\/natur__kosmetik\",\"https:\\\/\\\/www.youtube.com\\\/channel\\\/UC5oN7BJ8nfYb8RpVtjwDEBA\",\"https:\\\/\\\/www.instagram.com\\\/lrbeautyeu\\\/\"],\"description\":\"La boutique LR Aloe Vera est votre destination de confiance pour les produits de sant\u00e9 et de beaut\u00e9 haut de gamme LR, fabriqu\u00e9s en Allemagne. Nous proposons des soins de la peau, des compl\u00e9ments nutritionnels et des solutions anti-\u00e2ge \u00e0 l'aloe vera de haute qualit\u00e9, \u00e9labor\u00e9s \u00e0 partir d'ingr\u00e9dients purs et valid\u00e9s par la recherche scientifique. D\u00e9couvrez des soins naturels qui r\u00e9g\u00e9n\u00e8rent, prot\u00e8gent et revitalisent votre peau, et profitez d'offres mensuelles exclusives sur nos produits LR Aloe Vera les plus vendus.\\n\\nCommencez d\u00e8s aujourd'hui votre parcours vers des soins naturels et constatez la diff\u00e9rence.\",\"email\":\"info@lraloeverashop.eu\",\"telephone\":\"+49 17670609653\",\"legalName\":\"Lr Aloe Vera Shop\",\"foundingDate\":\"2018-04-21\",\"numberOfEmployees\":{\"@type\":\"QuantitativeValue\",\"minValue\":\"1\",\"maxValue\":\"10\"}}]}<\/script>\n<meta property=\"product:price:amount\" content=\"96.49\" \/>\n<meta property=\"product:price:currency\" content=\"EUR\" \/>\n<meta property=\"og:availability\" content=\"instock\" \/>\n<meta property=\"product:availability\" content=\"instock\" \/>\n<meta property=\"product:retailer_item_id\" content=\"80905-FR\" \/>\n<meta property=\"product:condition\" content=\"new\" \/>\n<!-- \/ Yoast SEO Premium plugin. -->","yoast_head_json":{"title":"Mind Master Boisson de Performance Rouge avec vitamine E","description":"Mind Master Boisson de Performance Rouge fournit des micronutriments de haute qualit\u00e9 \u00e0 ceux qui fa\u00e7onnent activement leur vie. Prot\u00e9ge les cellules.","robots":{"index":"index","follow":"follow","max-snippet":"max-snippet:-1","max-image-preview":"max-image-preview:large","max-video-preview":"max-video-preview:-1"},"canonical":"https:\/\/www.lraloeverashop.eu\/fr\/produit\/mind-master-boisson-de-performance\/","og_locale":"fr_FR","og_type":"article","og_title":"Mind Master Boisson de Performance Rouge","og_description":"Mind Master Boisson de Performance Rouge fournit des micronutriments de haute qualit\u00e9 \u00e0 ceux qui fa\u00e7onnent activement leur vie. Prot\u00e9ge les cellules.","og_url":"https:\/\/www.lraloeverashop.eu\/fr\/produit\/mind-master-boisson-de-performance\/","og_site_name":"Boutique Lr Aloe Vera","article_publisher":"https:\/\/www.facebook.com\/lraloeverashop.eu","article_modified_time":"2026-02-02T18:40:58+00:00","og_image":[{"width":1200,"height":1200,"url":"https:\/\/www.lraloeverashop.eu\/wp-content\/uploads\/2022\/10\/Mind-Master-Performance-Set-5-Red.jpg","type":"image\/jpeg"}],"twitter_card":"summary_large_image","twitter_site":"@natur__kosmetik","schema":{"@context":"https:\/\/schema.org","@graph":[{"@type":["WebPage","ItemPage"],"@id":"https:\/\/www.lraloeverashop.eu\/fr\/produit\/mind-master-boisson-de-performance\/","url":"https:\/\/www.lraloeverashop.eu\/fr\/produit\/mind-master-boisson-de-performance\/","name":"Mind Master Boisson de Performance Rouge avec vitamine E","isPartOf":{"@id":"https:\/\/www.lraloeverashop.eu\/fr\/#website"},"primaryImageOfPage":{"@id":"https:\/\/www.lraloeverashop.eu\/fr\/produit\/mind-master-boisson-de-performance\/#primaryimage"},"image":{"@id":"https:\/\/www.lraloeverashop.eu\/fr\/produit\/mind-master-boisson-de-performance\/#primaryimage"},"thumbnailUrl":"https:\/\/www.lraloeverashop.eu\/wp-content\/uploads\/2022\/10\/Mind-Master-Performance-Set-5-Red.jpg","datePublished":"2022-10-13T16:52:54+00:00","dateModified":"2026-02-02T18:40:58+00:00","description":"Mind Master Boisson de Performance Rouge fournit des micronutriments de haute qualit\u00e9 \u00e0 ceux qui fa\u00e7onnent activement leur vie. Prot\u00e9ge les cellules.","breadcrumb":{"@id":"https:\/\/www.lraloeverashop.eu\/fr\/produit\/mind-master-boisson-de-performance\/#breadcrumb"},"inLanguage":"fr-FR","potentialAction":[{"@type":"ReadAction","target":["https:\/\/www.lraloeverashop.eu\/fr\/produit\/mind-master-boisson-de-performance\/"]}]},{"@type":"ImageObject","inLanguage":"fr-FR","@id":"https:\/\/www.lraloeverashop.eu\/fr\/produit\/mind-master-boisson-de-performance\/#primaryimage","url":"https:\/\/www.lraloeverashop.eu\/wp-content\/uploads\/2022\/10\/Mind-Master-Performance-Set-5-Red.jpg","contentUrl":"https:\/\/www.lraloeverashop.eu\/wp-content\/uploads\/2022\/10\/Mind-Master-Performance-Set-5-Red.jpg","width":1200,"height":1200,"caption":"Mind Master Performance Set 5 5 Pi\u00e8ces Rouge"},{"@type":"BreadcrumbList","@id":"https:\/\/www.lraloeverashop.eu\/fr\/produit\/mind-master-boisson-de-performance\/#breadcrumb","itemListElement":[{"@type":"ListItem","position":1,"name":"Home","item":"https:\/\/www.lraloeverashop.eu\/fr\/"},{"@type":"ListItem","position":2,"name":"Boutique","item":"https:\/\/www.lraloeverashop.eu\/fr\/boutique\/"},{"@type":"ListItem","position":3,"name":"Mind Master Boisson de Performance Rouge"}]},{"@type":"WebSite","@id":"https:\/\/www.lraloeverashop.eu\/fr\/#website","url":"https:\/\/www.lraloeverashop.eu\/fr\/","name":"Boutique Lr Aloe Vera","description":"High Quality Lr Aloe Vera Gel, Aloe Vera Cream and Shampoo","publisher":{"@id":"https:\/\/www.lraloeverashop.eu\/fr\/#organization"},"potentialAction":[{"@type":"SearchAction","target":{"@type":"EntryPoint","urlTemplate":"https:\/\/www.lraloeverashop.eu\/fr\/?s={search_term_string}"},"query-input":{"@type":"PropertyValueSpecification","valueRequired":true,"valueName":"search_term_string"}}],"inLanguage":"fr-FR"},{"@type":"Organization","@id":"https:\/\/www.lraloeverashop.eu\/fr\/#organization","name":"Boutique Lr Aloe Vera","alternateName":"LR","url":"https:\/\/www.lraloeverashop.eu\/fr\/","logo":{"@type":"ImageObject","inLanguage":"fr-FR","@id":"https:\/\/www.lraloeverashop.eu\/fr\/#\/schema\/logo\/image\/","url":"https:\/\/www.lraloeverashop.eu\/wp-content\/uploads\/2022\/09\/cropped-Lr-Aloe-Vera-Shop.jpg","contentUrl":"https:\/\/www.lraloeverashop.eu\/wp-content\/uploads\/2022\/09\/cropped-Lr-Aloe-Vera-Shop.jpg","width":228,"height":76,"caption":"Boutique Lr Aloe Vera"},"image":{"@id":"https:\/\/www.lraloeverashop.eu\/fr\/#\/schema\/logo\/image\/"},"sameAs":["https:\/\/www.facebook.com\/lraloeverashop.eu","https:\/\/x.com\/natur__kosmetik","https:\/\/www.youtube.com\/channel\/UC5oN7BJ8nfYb8RpVtjwDEBA","https:\/\/www.instagram.com\/lrbeautyeu\/"],"description":"La boutique LR Aloe Vera est votre destination de confiance pour les produits de sant\u00e9 et de beaut\u00e9 haut de gamme LR, fabriqu\u00e9s en Allemagne. Nous proposons des soins de la peau, des compl\u00e9ments nutritionnels et des solutions anti-\u00e2ge \u00e0 l'aloe vera de haute qualit\u00e9, \u00e9labor\u00e9s \u00e0 partir d'ingr\u00e9dients purs et valid\u00e9s par la recherche scientifique. D\u00e9couvrez des soins naturels qui r\u00e9g\u00e9n\u00e8rent, prot\u00e8gent et revitalisent votre peau, et profitez d'offres mensuelles exclusives sur nos produits LR Aloe Vera les plus vendus.\n\nCommencez d\u00e8s aujourd'hui votre parcours vers des soins naturels et constatez la diff\u00e9rence.","email":"info@lraloeverashop.eu","telephone":"+49 17670609653","legalName":"Lr Aloe Vera Shop","foundingDate":"2018-04-21","numberOfEmployees":{"@type":"QuantitativeValue","minValue":"1","maxValue":"10"}}]},"product_price_amount":"96.49","product_price_currency":"EUR","og_availability":"instock","product_availability":"instock","product_retailer_item_id":"80905-FR","product_condition":"new"},"taxonomy_info":{"product_cat":[{"value":463,"label":"\u00c9conomisez sur les ensembles"},{"value":500,"label":"Mind Master"},{"value":440,"label":"Performances &amp; \u00c9nergie"},{"value":410,"label":"Produits Speciaux"},{"value":464,"label":"Sp\u00e9cialistes"}],"product_tag":[{"value":638,"label":"\u00e9nergie"}]},"featured_image_src_large":["https:\/\/www.lraloeverashop.eu\/wp-content\/uploads\/2022\/10\/Mind-Master-Performance-Set-5-Red-1024x1024.jpg",1024,1024,true],"author_info":[],"comment_info":0,"_links":{"self":[{"href":"https:\/\/www.lraloeverashop.eu\/fr\/wp-json\/wp\/v2\/product\/9522","targetHints":{"allow":["GET"]}}],"collection":[{"href":"https:\/\/www.lraloeverashop.eu\/fr\/wp-json\/wp\/v2\/product"}],"about":[{"href":"https:\/\/www.lraloeverashop.eu\/fr\/wp-json\/wp\/v2\/types\/product"}],"replies":[{"embeddable":true,"href":"https:\/\/www.lraloeverashop.eu\/fr\/wp-json\/wp\/v2\/comments?post=9522"}],"wp:featuredmedia":[{"embeddable":true,"href":"https:\/\/www.lraloeverashop.eu\/fr\/wp-json\/wp\/v2\/media\/5760"}],"wp:attachment":[{"href":"https:\/\/www.lraloeverashop.eu\/fr\/wp-json\/wp\/v2\/media?parent=9522"}],"wp:term":[{"taxonomy":"product_brand","embeddable":true,"href":"https:\/\/www.lraloeverashop.eu\/fr\/wp-json\/wp\/v2\/product_brand?post=9522"},{"taxonomy":"product_cat","embeddable":true,"href":"https:\/\/www.lraloeverashop.eu\/fr\/wp-json\/wp\/v2\/product_cat?post=9522"},{"taxonomy":"product_tag","embeddable":true,"href":"https:\/\/www.lraloeverashop.eu\/fr\/wp-json\/wp\/v2\/product_tag?post=9522"}],"curies":[{"name":"wp","href":"https:\/\/api.w.org\/{rel}","templated":true}]}}