{"id":9510,"date":"2022-10-14T08:54:04","date_gmt":"2022-10-14T06:54:04","guid":{"rendered":"https:\/\/www.lraloeverashop.eu\/product\/night-master-pour-mieux-dormir\/"},"modified":"2026-04-10T16:03:03","modified_gmt":"2026-04-10T14:03:03","slug":"night-master-pour-mieux-dormir","status":"publish","type":"product","link":"https:\/\/www.lraloeverashop.eu\/fr\/produit\/night-master-pour-mieux-dormir\/","title":{"rendered":"Night Master Pour Mieux Dormir"},"content":{"rendered":"<h2><span style=\"font-size: 16pt;\"><strong>Night Master Pour Mieux Dormir<\/strong><\/span><\/h2>\n<p><span style=\"font-size: 14pt;\"><strong>Night Master Pour Mieux Dormir aide \u00e0 dormir d\u00e9tendu<\/strong><\/span><\/p>\n<p>Night Master Pour Mieux Dormir d\u00e9tend le corps et l&rsquo;esprit \u00e0 long terme s&rsquo;il est pris r\u00e9guli\u00e8rement et permet de s&rsquo;endormir plus rapidement. La relaxation et la paix du corps et de l&rsquo;esprit sont essentielles pour s&rsquo;endormir rapidement. Sans eux, les pens\u00e9es ne s&rsquo;arr\u00eatent pas et les muscles ne peuvent pas se d\u00e9tendre.<\/p>\n<p>Il am\u00e9liore la qualit\u00e9 de votre sommeil et soutient la production naturelle de l&rsquo;hormone du sommeil, la m\u00e9latonine, par votre corps. De nombreux facteurs contribuent \u00e0 un sommeil profond. Le niveau de m\u00e9latonine est crucial. La m\u00e9latonine r\u00e9gule les phases de sommeil et d&rsquo;\u00e9veil. Dans une concentration appropri\u00e9e, il vous fatigue et vous permet de vous endormir rapidement et de mieux dormir toute la nuit.<\/p>\n<p>Night Master Pour Mieux Dormir lam\u00e9liore la r\u00e9cup\u00e9ration naturelle du corps et de l&rsquo;esprit pendant le sommeil afin que vous vous r\u00e9veilliez en forme et bien repos\u00e9 et que vous rechargez vos batteries pour la journ\u00e9e.<\/p>\n<p>La r\u00e9g\u00e9n\u00e9ration pendant le sommeil est essentielle : Nous traitons les informations, les impressions et les stimuli pendant que nous dormons. Des hormones de croissance sont lib\u00e9r\u00e9es qui stimulent la croissance musculaire et les m\u00e9canismes de r\u00e9paration. Le syst\u00e8me immunitaire peut \u00e9galement r\u00e9cup\u00e9rer.<\/p>\n<h3><\/h3>\n<h3><span style=\"font-size: 16pt;\"><strong>Night Master Pour Mieux Dormir &#8211; R\u00e9cup\u00e9ration naturelle pendant le sommeil<\/strong><\/span><\/h3>\n<p>Un sommeil r\u00e9parateur et r\u00e9g\u00e9n\u00e9rateur est essentiel pour les gens &#8211; pour le corps et l&rsquo;esprit. La bonne combinaison de nutriments peut en outre favoriser le sommeil. De plus, m\u00eame de petits ajustements dans la vie quotidienne peuvent faire beaucoup de bonnes choses pour un sommeil r\u00e9parateur.<\/p>\n<p>&nbsp;<\/p>\n<h4><span style=\"font-size: 16pt;\"><strong>Expert Conseils d&rsquo;experts :<\/strong><\/span><\/h4>\n<p><strong><span style=\"font-size: 16px;\">La nutrition<\/span><\/strong><br \/>\nLes organes internes ont aussi leur rythme. <a href=\"https:\/\/www.lraloeverashop.eu\/fr\/produit\/pro-12-probiotiques-en-gelules\/\">Pancr\u00e9as et intestins<\/a>, par ex. B. passer \u00e0 feu doux la nuit. Par cons\u00e9quent, le moment et la quantit\u00e9 de nourriture ont un impact sur la qualit\u00e9 du sommeil et la valeur de la r\u00e9cup\u00e9ration.<\/p>\n<p>Rappelez-vous qu&rsquo;apr\u00e8s le dernier repas, le corps a de nombreuses heures pour dig\u00e9rer. Au moins pendant la semaine, planifiez votre repas du soir de mani\u00e8re \u00e0 \u00eatre toujours bien satur\u00e9 mais ne vous couchez pas compl\u00e8tement. Il existe \u00e9galement des aliments qui peuvent nous aider \u00e0 dormir.<\/p>\n<p><strong><span style=\"font-size: 16px;\">Mode de vie<\/span><\/strong><br \/>\nPlus vous \u00eates actif la journ\u00e9e, mieux vous pouvez dormir la nuit. Ne restez pas assis plus de 20 minutes d&rsquo;affil\u00e9e. Levez-vous plus souvent. Le voyage \u00e0 la machine \u00e0 caf\u00e9 ou aux toilettes compte \u00e9galement.<\/p>\n<p>Si vous ne sortez pas r\u00e9guli\u00e8rement ou si vous pouvez faire du sport, vous devez pr\u00e9voir de petites unit\u00e9s de mouvement de 1 \u00e0 2 minutes pendant la journ\u00e9e. Ensuite, le <a href=\"https:\/\/www.lraloeverashop.eu\/fr\/produit\/mind-master-boisson-verte\/\">stress<\/a> ne peut pas s&rsquo;installer si facilement dans le corps.<\/p>\n<p><span style=\"font-size: 16px;\"><strong>D\u00e9placer<\/strong><\/span><br \/>\nDe nombreuses influences de l&rsquo;int\u00e9rieur et de l&rsquo;ext\u00e9rieur affectent notre sommeil. Cela vaut la peine de les optimiser. Car notre <a href=\"https:\/\/www.lraloeverashop.eu\/fr\/produit\/night-master-pour-mieux-dormir-la-nuit\/\">qualit\u00e9 de sommeil<\/a> d\u00e9pend de notre bien-\u00eatre imm\u00e9diat et, \u00e0 long terme, de notre sant\u00e9. De petites choses peuvent avoir un grand impact ici.<\/p>\n<h2><\/h2>\n<h2><span style=\"font-size: 16pt;\"><strong>Night Master &#8211; Ingr\u00e9dients et effets <\/strong><\/span><\/h2>\n<p>Night Master Pour Mieux Dormir contient des ingr\u00e9dients naturels importants tels que l&rsquo;aloe vera, le safran et l&rsquo;extrait de houblon. De plus, il contient du L-tryptophane, du magn\u00e9sium, du zinc et quatre vitamines B.<\/p>\n<p><strong>L&rsquo;aloe vera<\/strong> soutient les processus d&rsquo;accumulation et de r\u00e9g\u00e9n\u00e9ration pendant la nuit et vous aide \u00e0 vous r\u00e9veiller repos\u00e9. Il am\u00e9liore \u00e9galement l&rsquo;utilisation d&rsquo;autres ingr\u00e9dients actifs dans le corps et augmente ainsi la biodisponibilit\u00e9.<\/p>\n<p><strong>Le safran<\/strong> vous aide \u00e0 vous endormir plus rapidement, am\u00e9liore la qualit\u00e9 du sommeil et la r\u00e9cup\u00e9ration pendant la nuit.8,9 De plus, il r\u00e9duit l&rsquo;anxi\u00e9t\u00e9.9 Le safran contient des antioxydants parmi d&rsquo;autres ingr\u00e9dients. Les substances v\u00e9g\u00e9tales secondaires du safran, telles que les carot\u00e9no\u00efdes, en sont responsables. Ils sont appel\u00e9s crocine et croc\u00e9tine et sont responsables de la couleur jaune du safran.<\/p>\n<p><strong>Le L-tryptophane<\/strong> fait partie des acides amin\u00e9s essentiels et ne peut pas \u00eatre produit par le corps humain mais doit \u00eatre absorb\u00e9 par les aliments. Le L-tryptophane est le pr\u00e9curseur de la s\u00e9rotonine (\u00e9galement connue sous le nom d&rsquo;hormone du bonheur), qui \u00e0 son tour est convertie en m\u00e9latonine, l&rsquo;hormone du sommeil.<\/p>\n<p><strong>Le magn\u00e9sium min\u00e9ral<\/strong> est impliqu\u00e9 dans pratiquement toutes les fonctions du corps et influence ainsi par ex. muscles et cellules nerveuses. De plus, il est \u00e9galement responsable de la conversion de l&rsquo;acide amin\u00e9 essentiel L-tryptophane en s\u00e9rotonine ainsi que de la production de m\u00e9latonine. La m\u00e9latonine est l&rsquo;hormone du sommeil qui contr\u00f4le le rythme veille-sommeil du corps.<\/p>\n<p><strong>Le zinc<\/strong> dans Night Master Pour Mieux Dormir est un oligo-\u00e9l\u00e9ment vital et le deuxi\u00e8me plus r\u00e9pandu dans le corps humain. Il est responsable de plusieurs processus m\u00e9taboliques : Le zinc par exemple joue un r\u00f4le important lors de la r\u00e9g\u00e9n\u00e9ration comme les processus de croissance de l&rsquo;organisme et le renforcement du <a href=\"https:\/\/www.lraloeverashop.eu\/fr\/produit\/colostrum-bovin-bio-liquide\/\">syst\u00e8me immunitaire<\/a>. Le zinc est \u00e9galement impliqu\u00e9 dans la formation de la s\u00e9rotonine et sa transformation en m\u00e9latonine.<\/p>\n<p><strong>Les vitamines B<\/strong> sont aussi appel\u00e9es vitamines nerveuses ou \u00e9nerg\u00e9tiques. Ils jouent un r\u00f4le important dans la formation de la s\u00e9rotonine et de la m\u00e9latonine et contribuent ainsi au rythme veille-sommeil naturel du corps.<\/p>\n<p><strong>La niacine<\/strong> (vitamine B3) r\u00e9gule le m\u00e9tabolisme \u00e9nerg\u00e9tique des cellules (mitochondries) et contribue \u00e0 la r\u00e9g\u00e9n\u00e9ration.<br \/>\nLa vitamine B6 est importante pour le m\u00e9tabolisme des acides amin\u00e9s et participe \u00e0 la production de neurotransmetteurs tels que la s\u00e9rotonine et le <a href=\"https:\/\/www.lraloeverashop.eu\/fr\/produit\/gel-a-boire-aloe-vera-immune-plus\/\">syst\u00e8me immunitaire<\/a>.<\/p>\n<p><strong>La thiamine<\/strong> (vitamine B1) soutient la r\u00e9g\u00e9n\u00e9ration du corps et de l&rsquo;esprit.<\/p>\n<p><strong>La vitamine B12<\/strong> soutient la division cellulaire et favorise ainsi la r\u00e9g\u00e9n\u00e9ration naturelle. Il r\u00e9duit la fatigue et l&rsquo;\u00e9puisement \u00e0 long terme<\/p>\n<p>&nbsp;<\/p>\n<h3><span style=\"font-size: 16pt;\"><strong>Le saviez-vous?<\/strong><\/span><\/h3>\n<p>Night Master Pour Mieux Dormir est 100% v\u00e9g\u00e9talien, sans gluten, lactose et sucre. Il contient des ingr\u00e9dients naturels importants tels que l&rsquo;aloe vera, le safran et l&rsquo;extrait de houblon. De plus, il contient du L-tryptophane, du magn\u00e9sium, du zinc et quatre vitamines B. Night Master pour dormir peut \u00eatre pris quotidiennement sur une plus longue p\u00e9riode sans aucun risque d&rsquo;accoutumance.<\/p>\n<p>&nbsp;<\/p>\n<h3><span style=\"font-size: 16pt;\"><strong>Comment utiliser Night Master Pour Mieux Dormir<\/strong><\/span><\/h3>\n<p>M\u00e9langez le contenu d&rsquo;un stick dans 100 ml d&rsquo;eau et buvez-le 30 minutes avant de vous coucher. Night Master peut \u00e9galement \u00eatre pris apr\u00e8s le brossage des dents car il ne contient pas de sucre.<\/p>\n","protected":false},"excerpt":{"rendered":"<ul>\n<li>Endormez-vous plus facilement gr\u00e2ce \u00e0 son effet relaxant<\/li>\n<li>Dormez profond\u00e9ment gr\u00e2ce \u00e0 une meilleure qualit\u00e9 de sommeil<\/li>\n<li>Avec Aloe vera, safran et extrait de houblon.<\/li>\n<li>Contient du L-tryptophane, magn\u00e9sium, zinc et vitamines B.<\/li>\n<li>Sans gluten, lactose et sucre<\/li>\n<li>100% vegan<\/li>\n<li>Quantit\u00e9 : 3 x 111g &#8211; 90 Sticks de 3,7 g chacun<\/li>\n<\/ul>\n<p style=\"text-align: left;\"><span style=\"color: #ff0000;\"><a style=\"color: #ff0000;\" href=\"https:\/\/shop.lrworld.com\/openpao?PHP=0vFlt7jT938BEnBI3a6e9w%3D%3D\"><span style=\"font-size: 14pt;\"><strong>Inscrivez-vous et \u00e9conomisez 35% sur chaque commande<\/strong><\/span><\/a><\/span><\/p>\n","protected":false},"featured_media":5784,"comment_status":"open","ping_status":"closed","template":"","meta":{"_kad_blocks_custom_css":"","_kad_blocks_head_custom_js":"","_kad_blocks_body_custom_js":"","_kad_blocks_footer_custom_js":"","_kadence_starter_templates_imported_post":false,"_kad_post_transparent":"default","_kad_post_title":"","_kad_post_layout":"default","_kad_post_sidebar_id":"","_kad_post_content_style":"default","_kad_post_vertical_padding":"default","_kad_post_feature":"","_kad_post_feature_position":"","_kad_post_header":false,"_kad_post_footer":false,"_kad_post_classname":""},"product_brand":[],"product_cat":[463,446,464],"product_tag":[],"class_list":{"0":"post-9510","1":"product","2":"type-product","3":"status-publish","4":"has-post-thumbnail","6":"product_cat-economisez-sur-les-ensembles","7":"product_cat-relaxation-fr","8":"product_cat-specialistes","10":"first","11":"instock","12":"taxable","13":"shipping-taxable","14":"purchasable","15":"product-type-simple","16":"entry","17":"content-bg","18":"loop-entry"},"yoast_head":"<!-- This site is optimized with the Yoast SEO Premium plugin v27.4 (Yoast SEO v27.4) - https:\/\/yoast.com\/product\/yoast-seo-premium-wordpress\/ -->\n<title>Night Master Pour Mieux Dormir avec Aloe vera, Safran et Houblon<\/title>\n<meta name=\"description\" content=\"Avec Night Master Pour Mieux Dormir dormez profond\u00e9ment gr\u00e2ce \u00e0 une meilleure qualit\u00e9 de sommeil. 100% Vegan. Sans gluten, lactose et sucre.\" \/>\n<meta name=\"robots\" content=\"index, follow, max-snippet:-1, max-image-preview:large, max-video-preview:-1\" \/>\n<link rel=\"canonical\" href=\"https:\/\/www.lraloeverashop.eu\/fr\/produit\/night-master-pour-mieux-dormir\/\" \/>\n<meta property=\"og:locale\" content=\"fr_FR\" \/>\n<meta property=\"og:type\" content=\"article\" \/>\n<meta property=\"og:title\" content=\"Night Master Pour Mieux Dormir\" \/>\n<meta property=\"og:description\" content=\"Avec Night Master Pour Mieux Dormir dormez profond\u00e9ment gr\u00e2ce \u00e0 une meilleure qualit\u00e9 de sommeil. 100% Vegan. Sans gluten, lactose et sucre.\" \/>\n<meta property=\"og:url\" content=\"https:\/\/www.lraloeverashop.eu\/fr\/produit\/night-master-pour-mieux-dormir\/\" \/>\n<meta property=\"og:site_name\" content=\"Boutique Lr Aloe Vera\" \/>\n<meta property=\"article:publisher\" content=\"https:\/\/www.facebook.com\/lraloeverashop.eu\" \/>\n<meta property=\"article:modified_time\" content=\"2026-04-10T14:03:03+00:00\" \/>\n<meta property=\"og:image\" content=\"https:\/\/www.lraloeverashop.eu\/wp-content\/uploads\/2022\/10\/Night-Master-Set.jpg\" \/>\n\t<meta property=\"og:image:width\" content=\"1200\" \/>\n\t<meta property=\"og:image:height\" content=\"1200\" \/>\n\t<meta property=\"og:image:type\" content=\"image\/jpeg\" \/>\n<meta name=\"twitter:card\" content=\"summary_large_image\" \/>\n<meta name=\"twitter:site\" content=\"@natur__kosmetik\" \/>\n<script type=\"application\/ld+json\" class=\"yoast-schema-graph\">{\"@context\":\"https:\\\/\\\/schema.org\",\"@graph\":[{\"@type\":[\"WebPage\",\"ItemPage\"],\"@id\":\"https:\\\/\\\/www.lraloeverashop.eu\\\/fr\\\/produit\\\/night-master-pour-mieux-dormir\\\/\",\"url\":\"https:\\\/\\\/www.lraloeverashop.eu\\\/fr\\\/produit\\\/night-master-pour-mieux-dormir\\\/\",\"name\":\"Night Master Pour Mieux Dormir avec Aloe vera, Safran et Houblon\",\"isPartOf\":{\"@id\":\"https:\\\/\\\/www.lraloeverashop.eu\\\/fr\\\/#website\"},\"primaryImageOfPage\":{\"@id\":\"https:\\\/\\\/www.lraloeverashop.eu\\\/fr\\\/produit\\\/night-master-pour-mieux-dormir\\\/#primaryimage\"},\"image\":{\"@id\":\"https:\\\/\\\/www.lraloeverashop.eu\\\/fr\\\/produit\\\/night-master-pour-mieux-dormir\\\/#primaryimage\"},\"thumbnailUrl\":\"https:\\\/\\\/www.lraloeverashop.eu\\\/wp-content\\\/uploads\\\/2022\\\/10\\\/Night-Master-Set.jpg\",\"datePublished\":\"2022-10-14T06:54:04+00:00\",\"dateModified\":\"2026-04-10T14:03:03+00:00\",\"description\":\"Avec Night Master Pour Mieux Dormir dormez profond\u00e9ment gr\u00e2ce \u00e0 une meilleure qualit\u00e9 de sommeil. 100% Vegan. Sans gluten, lactose et sucre.\",\"breadcrumb\":{\"@id\":\"https:\\\/\\\/www.lraloeverashop.eu\\\/fr\\\/produit\\\/night-master-pour-mieux-dormir\\\/#breadcrumb\"},\"inLanguage\":\"fr-FR\",\"potentialAction\":[{\"@type\":\"ReadAction\",\"target\":[\"https:\\\/\\\/www.lraloeverashop.eu\\\/fr\\\/produit\\\/night-master-pour-mieux-dormir\\\/\"]}]},{\"@type\":\"ImageObject\",\"inLanguage\":\"fr-FR\",\"@id\":\"https:\\\/\\\/www.lraloeverashop.eu\\\/fr\\\/produit\\\/night-master-pour-mieux-dormir\\\/#primaryimage\",\"url\":\"https:\\\/\\\/www.lraloeverashop.eu\\\/wp-content\\\/uploads\\\/2022\\\/10\\\/Night-Master-Set.jpg\",\"contentUrl\":\"https:\\\/\\\/www.lraloeverashop.eu\\\/wp-content\\\/uploads\\\/2022\\\/10\\\/Night-Master-Set.jpg\",\"width\":1200,\"height\":1200,\"caption\":\"Night Master Ensemble 3 pi\u00e8ces\"},{\"@type\":\"BreadcrumbList\",\"@id\":\"https:\\\/\\\/www.lraloeverashop.eu\\\/fr\\\/produit\\\/night-master-pour-mieux-dormir\\\/#breadcrumb\",\"itemListElement\":[{\"@type\":\"ListItem\",\"position\":1,\"name\":\"Home\",\"item\":\"https:\\\/\\\/www.lraloeverashop.eu\\\/fr\\\/\"},{\"@type\":\"ListItem\",\"position\":2,\"name\":\"Boutique\",\"item\":\"https:\\\/\\\/www.lraloeverashop.eu\\\/fr\\\/boutique\\\/\"},{\"@type\":\"ListItem\",\"position\":3,\"name\":\"Night Master Pour Mieux Dormir\"}]},{\"@type\":\"WebSite\",\"@id\":\"https:\\\/\\\/www.lraloeverashop.eu\\\/fr\\\/#website\",\"url\":\"https:\\\/\\\/www.lraloeverashop.eu\\\/fr\\\/\",\"name\":\"Boutique Lr Aloe Vera\",\"description\":\"High Quality Lr Aloe Vera Gel, Aloe Vera Cream and Shampoo\",\"publisher\":{\"@id\":\"https:\\\/\\\/www.lraloeverashop.eu\\\/fr\\\/#organization\"},\"potentialAction\":[{\"@type\":\"SearchAction\",\"target\":{\"@type\":\"EntryPoint\",\"urlTemplate\":\"https:\\\/\\\/www.lraloeverashop.eu\\\/fr\\\/?s={search_term_string}\"},\"query-input\":{\"@type\":\"PropertyValueSpecification\",\"valueRequired\":true,\"valueName\":\"search_term_string\"}}],\"inLanguage\":\"fr-FR\"},{\"@type\":\"Organization\",\"@id\":\"https:\\\/\\\/www.lraloeverashop.eu\\\/fr\\\/#organization\",\"name\":\"Boutique Lr Aloe Vera\",\"alternateName\":\"LR\",\"url\":\"https:\\\/\\\/www.lraloeverashop.eu\\\/fr\\\/\",\"logo\":{\"@type\":\"ImageObject\",\"inLanguage\":\"fr-FR\",\"@id\":\"https:\\\/\\\/www.lraloeverashop.eu\\\/fr\\\/#\\\/schema\\\/logo\\\/image\\\/\",\"url\":\"https:\\\/\\\/www.lraloeverashop.eu\\\/wp-content\\\/uploads\\\/2022\\\/09\\\/cropped-Lr-Aloe-Vera-Shop.jpg\",\"contentUrl\":\"https:\\\/\\\/www.lraloeverashop.eu\\\/wp-content\\\/uploads\\\/2022\\\/09\\\/cropped-Lr-Aloe-Vera-Shop.jpg\",\"width\":228,\"height\":76,\"caption\":\"Boutique Lr Aloe Vera\"},\"image\":{\"@id\":\"https:\\\/\\\/www.lraloeverashop.eu\\\/fr\\\/#\\\/schema\\\/logo\\\/image\\\/\"},\"sameAs\":[\"https:\\\/\\\/www.facebook.com\\\/lraloeverashop.eu\",\"https:\\\/\\\/x.com\\\/natur__kosmetik\",\"https:\\\/\\\/www.youtube.com\\\/channel\\\/UC5oN7BJ8nfYb8RpVtjwDEBA\",\"https:\\\/\\\/www.instagram.com\\\/lrbeautyeu\\\/\"],\"description\":\"La boutique LR Aloe Vera est votre destination de confiance pour les produits de sant\u00e9 et de beaut\u00e9 haut de gamme LR, fabriqu\u00e9s en Allemagne. Nous proposons des soins de la peau, des compl\u00e9ments nutritionnels et des solutions anti-\u00e2ge \u00e0 l'aloe vera de haute qualit\u00e9, \u00e9labor\u00e9s \u00e0 partir d'ingr\u00e9dients purs et valid\u00e9s par la recherche scientifique. D\u00e9couvrez des soins naturels qui r\u00e9g\u00e9n\u00e8rent, prot\u00e8gent et revitalisent votre peau, et profitez d'offres mensuelles exclusives sur nos produits LR Aloe Vera les plus vendus.\\n\\nCommencez d\u00e8s aujourd'hui votre parcours vers des soins naturels et constatez la diff\u00e9rence.\",\"email\":\"info@lraloeverashop.eu\",\"telephone\":\"+49 17670609653\",\"legalName\":\"Lr Aloe Vera Shop\",\"foundingDate\":\"2018-04-21\",\"numberOfEmployees\":{\"@type\":\"QuantitativeValue\",\"minValue\":\"1\",\"maxValue\":\"10\"}}]}<\/script>\n<meta property=\"product:price:amount\" content=\"245.99\" \/>\n<meta property=\"product:price:currency\" content=\"EUR\" \/>\n<meta property=\"og:availability\" content=\"instock\" \/>\n<meta property=\"product:availability\" content=\"instock\" \/>\n<meta property=\"product:retailer_item_id\" content=\"81113-1FR\" \/>\n<meta property=\"product:condition\" content=\"new\" \/>\n<!-- \/ Yoast SEO Premium plugin. -->","yoast_head_json":{"title":"Night Master Pour Mieux Dormir avec Aloe vera, Safran et Houblon","description":"Avec Night Master Pour Mieux Dormir dormez profond\u00e9ment gr\u00e2ce \u00e0 une meilleure qualit\u00e9 de sommeil. 100% Vegan. Sans gluten, lactose et sucre.","robots":{"index":"index","follow":"follow","max-snippet":"max-snippet:-1","max-image-preview":"max-image-preview:large","max-video-preview":"max-video-preview:-1"},"canonical":"https:\/\/www.lraloeverashop.eu\/fr\/produit\/night-master-pour-mieux-dormir\/","og_locale":"fr_FR","og_type":"article","og_title":"Night Master Pour Mieux Dormir","og_description":"Avec Night Master Pour Mieux Dormir dormez profond\u00e9ment gr\u00e2ce \u00e0 une meilleure qualit\u00e9 de sommeil. 100% Vegan. Sans gluten, lactose et sucre.","og_url":"https:\/\/www.lraloeverashop.eu\/fr\/produit\/night-master-pour-mieux-dormir\/","og_site_name":"Boutique Lr Aloe Vera","article_publisher":"https:\/\/www.facebook.com\/lraloeverashop.eu","article_modified_time":"2026-04-10T14:03:03+00:00","og_image":[{"width":1200,"height":1200,"url":"https:\/\/www.lraloeverashop.eu\/wp-content\/uploads\/2022\/10\/Night-Master-Set.jpg","type":"image\/jpeg"}],"twitter_card":"summary_large_image","twitter_site":"@natur__kosmetik","schema":{"@context":"https:\/\/schema.org","@graph":[{"@type":["WebPage","ItemPage"],"@id":"https:\/\/www.lraloeverashop.eu\/fr\/produit\/night-master-pour-mieux-dormir\/","url":"https:\/\/www.lraloeverashop.eu\/fr\/produit\/night-master-pour-mieux-dormir\/","name":"Night Master Pour Mieux Dormir avec Aloe vera, Safran et Houblon","isPartOf":{"@id":"https:\/\/www.lraloeverashop.eu\/fr\/#website"},"primaryImageOfPage":{"@id":"https:\/\/www.lraloeverashop.eu\/fr\/produit\/night-master-pour-mieux-dormir\/#primaryimage"},"image":{"@id":"https:\/\/www.lraloeverashop.eu\/fr\/produit\/night-master-pour-mieux-dormir\/#primaryimage"},"thumbnailUrl":"https:\/\/www.lraloeverashop.eu\/wp-content\/uploads\/2022\/10\/Night-Master-Set.jpg","datePublished":"2022-10-14T06:54:04+00:00","dateModified":"2026-04-10T14:03:03+00:00","description":"Avec Night Master Pour Mieux Dormir dormez profond\u00e9ment gr\u00e2ce \u00e0 une meilleure qualit\u00e9 de sommeil. 100% Vegan. Sans gluten, lactose et sucre.","breadcrumb":{"@id":"https:\/\/www.lraloeverashop.eu\/fr\/produit\/night-master-pour-mieux-dormir\/#breadcrumb"},"inLanguage":"fr-FR","potentialAction":[{"@type":"ReadAction","target":["https:\/\/www.lraloeverashop.eu\/fr\/produit\/night-master-pour-mieux-dormir\/"]}]},{"@type":"ImageObject","inLanguage":"fr-FR","@id":"https:\/\/www.lraloeverashop.eu\/fr\/produit\/night-master-pour-mieux-dormir\/#primaryimage","url":"https:\/\/www.lraloeverashop.eu\/wp-content\/uploads\/2022\/10\/Night-Master-Set.jpg","contentUrl":"https:\/\/www.lraloeverashop.eu\/wp-content\/uploads\/2022\/10\/Night-Master-Set.jpg","width":1200,"height":1200,"caption":"Night Master Ensemble 3 pi\u00e8ces"},{"@type":"BreadcrumbList","@id":"https:\/\/www.lraloeverashop.eu\/fr\/produit\/night-master-pour-mieux-dormir\/#breadcrumb","itemListElement":[{"@type":"ListItem","position":1,"name":"Home","item":"https:\/\/www.lraloeverashop.eu\/fr\/"},{"@type":"ListItem","position":2,"name":"Boutique","item":"https:\/\/www.lraloeverashop.eu\/fr\/boutique\/"},{"@type":"ListItem","position":3,"name":"Night Master Pour Mieux Dormir"}]},{"@type":"WebSite","@id":"https:\/\/www.lraloeverashop.eu\/fr\/#website","url":"https:\/\/www.lraloeverashop.eu\/fr\/","name":"Boutique Lr Aloe Vera","description":"High Quality Lr Aloe Vera Gel, Aloe Vera Cream and Shampoo","publisher":{"@id":"https:\/\/www.lraloeverashop.eu\/fr\/#organization"},"potentialAction":[{"@type":"SearchAction","target":{"@type":"EntryPoint","urlTemplate":"https:\/\/www.lraloeverashop.eu\/fr\/?s={search_term_string}"},"query-input":{"@type":"PropertyValueSpecification","valueRequired":true,"valueName":"search_term_string"}}],"inLanguage":"fr-FR"},{"@type":"Organization","@id":"https:\/\/www.lraloeverashop.eu\/fr\/#organization","name":"Boutique Lr Aloe Vera","alternateName":"LR","url":"https:\/\/www.lraloeverashop.eu\/fr\/","logo":{"@type":"ImageObject","inLanguage":"fr-FR","@id":"https:\/\/www.lraloeverashop.eu\/fr\/#\/schema\/logo\/image\/","url":"https:\/\/www.lraloeverashop.eu\/wp-content\/uploads\/2022\/09\/cropped-Lr-Aloe-Vera-Shop.jpg","contentUrl":"https:\/\/www.lraloeverashop.eu\/wp-content\/uploads\/2022\/09\/cropped-Lr-Aloe-Vera-Shop.jpg","width":228,"height":76,"caption":"Boutique Lr Aloe Vera"},"image":{"@id":"https:\/\/www.lraloeverashop.eu\/fr\/#\/schema\/logo\/image\/"},"sameAs":["https:\/\/www.facebook.com\/lraloeverashop.eu","https:\/\/x.com\/natur__kosmetik","https:\/\/www.youtube.com\/channel\/UC5oN7BJ8nfYb8RpVtjwDEBA","https:\/\/www.instagram.com\/lrbeautyeu\/"],"description":"La boutique LR Aloe Vera est votre destination de confiance pour les produits de sant\u00e9 et de beaut\u00e9 haut de gamme LR, fabriqu\u00e9s en Allemagne. Nous proposons des soins de la peau, des compl\u00e9ments nutritionnels et des solutions anti-\u00e2ge \u00e0 l'aloe vera de haute qualit\u00e9, \u00e9labor\u00e9s \u00e0 partir d'ingr\u00e9dients purs et valid\u00e9s par la recherche scientifique. D\u00e9couvrez des soins naturels qui r\u00e9g\u00e9n\u00e8rent, prot\u00e8gent et revitalisent votre peau, et profitez d'offres mensuelles exclusives sur nos produits LR Aloe Vera les plus vendus.\n\nCommencez d\u00e8s aujourd'hui votre parcours vers des soins naturels et constatez la diff\u00e9rence.","email":"info@lraloeverashop.eu","telephone":"+49 17670609653","legalName":"Lr Aloe Vera Shop","foundingDate":"2018-04-21","numberOfEmployees":{"@type":"QuantitativeValue","minValue":"1","maxValue":"10"}}]},"product_price_amount":"245.99","product_price_currency":"EUR","og_availability":"instock","product_availability":"instock","product_retailer_item_id":"81113-1FR","product_condition":"new"},"taxonomy_info":{"product_cat":[{"value":463,"label":"\u00c9conomisez sur les ensembles"},{"value":446,"label":"Relaxation"},{"value":464,"label":"Sp\u00e9cialistes"}]},"featured_image_src_large":["https:\/\/www.lraloeverashop.eu\/wp-content\/uploads\/2022\/10\/Night-Master-Set-1024x1024.jpg",1024,1024,true],"author_info":[],"comment_info":0,"_links":{"self":[{"href":"https:\/\/www.lraloeverashop.eu\/fr\/wp-json\/wp\/v2\/product\/9510","targetHints":{"allow":["GET"]}}],"collection":[{"href":"https:\/\/www.lraloeverashop.eu\/fr\/wp-json\/wp\/v2\/product"}],"about":[{"href":"https:\/\/www.lraloeverashop.eu\/fr\/wp-json\/wp\/v2\/types\/product"}],"replies":[{"embeddable":true,"href":"https:\/\/www.lraloeverashop.eu\/fr\/wp-json\/wp\/v2\/comments?post=9510"}],"wp:featuredmedia":[{"embeddable":true,"href":"https:\/\/www.lraloeverashop.eu\/fr\/wp-json\/wp\/v2\/media\/5784"}],"wp:attachment":[{"href":"https:\/\/www.lraloeverashop.eu\/fr\/wp-json\/wp\/v2\/media?parent=9510"}],"wp:term":[{"taxonomy":"product_brand","embeddable":true,"href":"https:\/\/www.lraloeverashop.eu\/fr\/wp-json\/wp\/v2\/product_brand?post=9510"},{"taxonomy":"product_cat","embeddable":true,"href":"https:\/\/www.lraloeverashop.eu\/fr\/wp-json\/wp\/v2\/product_cat?post=9510"},{"taxonomy":"product_tag","embeddable":true,"href":"https:\/\/www.lraloeverashop.eu\/fr\/wp-json\/wp\/v2\/product_tag?post=9510"}],"curies":[{"name":"wp","href":"https:\/\/api.w.org\/{rel}","templated":true}]}}