{"id":9485,"date":"2022-10-14T09:47:51","date_gmt":"2022-10-14T07:47:51","guid":{"rendered":"https:\/\/www.lraloeverashop.eu\/product\/cbd-gelules-cannaloe\/"},"modified":"2026-02-02T19:39:38","modified_gmt":"2026-02-02T18:39:38","slug":"cbd-gelules-cannaloe","status":"publish","type":"product","link":"https:\/\/www.lraloeverashop.eu\/fr\/produit\/cbd-gelules-cannaloe\/","title":{"rendered":"CBD Gelules Cannaloe Set 3 Pi\u00e8ces"},"content":{"rendered":"<h2><img loading=\"lazy\" decoding=\"async\" class=\"alignright size-full wp-image-2911\" src=\"https:\/\/www.lraloeverashop.eu\/wp-content\/uploads\/2022\/10\/CBD-medicine-for-Cannaloe.jpg\" alt=\"Real CBD for Cannaloe\" width=\"1536\" height=\"512\" srcset=\"https:\/\/www.lraloeverashop.eu\/wp-content\/uploads\/2022\/10\/CBD-medicine-for-Cannaloe.jpg 1536w, https:\/\/www.lraloeverashop.eu\/wp-content\/uploads\/2022\/10\/CBD-medicine-for-Cannaloe-600x200.jpg 600w, https:\/\/www.lraloeverashop.eu\/wp-content\/uploads\/2022\/10\/CBD-medicine-for-Cannaloe-300x100.jpg 300w, https:\/\/www.lraloeverashop.eu\/wp-content\/uploads\/2022\/10\/CBD-medicine-for-Cannaloe-1024x341.jpg 1024w, https:\/\/www.lraloeverashop.eu\/wp-content\/uploads\/2022\/10\/CBD-medicine-for-Cannaloe-768x256.jpg 768w\" sizes=\"auto, (max-width: 1536px) 100vw, 1536px\" \/><\/h2>\n<p>&nbsp;<\/p>\n<h2><strong><span style=\"font-size: 16pt; color: #000000;\">CBD Gelules<\/span><\/strong><\/h2>\n<p><span style=\"font-size: 14pt;\"><strong>CBD Gelules &#8211; G\u00e9lule CBD recommand\u00e9e pour une utilisation \u00e0 long terme<\/strong><\/span><\/p>\n<p>Le CBD Gelules CannAloe conjugue le spectre complet des cannabino\u00efdes, tels que le CBD ou le CBD-A, de la plante du cannabis avec de <a href=\"https:\/\/www.lraloeverashop.eu\/fr\/produit\/gel-a-boire-aloe-vera-immune-plus\/\">l&rsquo;aloe vera<\/a> de premi\u00e8re qualit\u00e9. Le Lr CBD G\u00e9lules constitue une symbiose innovante de principes actifs naturels issus d&rsquo;une tradition s\u00e9culaire : les cannabino\u00efdes de la plante de cannabis, l&rsquo;aloe vera, le curcuma et l&rsquo;encens.<\/p>\n<p>En outre, il est enrichi en vitamines C, D3 et K2 ainsi qu&rsquo;en min\u00e9raux (calcium, zinc et mangan\u00e8se). Le conditionnement pratique en g\u00e9lules assure un m\u00e9tabolisme efficace. Comme il n&rsquo;y a pas d&rsquo;effet d&rsquo;accoutumance, le Lr CBD Gelules CannAloe est recommand\u00e9 pour une utilisation \u00e0 long terme.<\/p>\n<p>&nbsp;<\/p>\n<h3><span style=\"font-size: 16pt; color: #000000;\"><strong>C\u2019est quoi le Lr Lifetakt CannAloe ?<\/strong><\/span><\/h3>\n<p>LR CannAloe est un compl\u00e9ment alimentaire. Il associe le spectre complet des cannabino\u00efdes, tels que le CBD et le CBD-A, de la plante de cannabis \u00e0 aloe vera et \u00e0 d&rsquo;autres ingr\u00e9dients traditionnels et dont les vertus sont scientifiquement prouv\u00e9es, tels que le curcuma, l&rsquo;encens, les vitamines et les min\u00e9raux.<\/p>\n<p><img loading=\"lazy\" decoding=\"async\" class=\"alignright wp-image-2910\" src=\"https:\/\/www.lraloeverashop.eu\/wp-content\/uploads\/2022\/10\/Cannabis-Plant.jpg\" alt=\"Cannabis plant\" width=\"449\" height=\"329\" srcset=\"https:\/\/www.lraloeverashop.eu\/wp-content\/uploads\/2022\/10\/Cannabis-Plant.jpg 1024w, https:\/\/www.lraloeverashop.eu\/wp-content\/uploads\/2022\/10\/Cannabis-Plant-600x439.jpg 600w, https:\/\/www.lraloeverashop.eu\/wp-content\/uploads\/2022\/10\/Cannabis-Plant-300x219.jpg 300w, https:\/\/www.lraloeverashop.eu\/wp-content\/uploads\/2022\/10\/Cannabis-Plant-768x562.jpg 768w\" sizes=\"auto, (max-width: 449px) 100vw, 449px\" \/><\/p>\n<p>&nbsp;<\/p>\n<h4><span style=\"font-size: 16pt; color: #000000;\"><strong><br \/>\nQuelle est la signification des cannabinoids, CBD et CBD-A ?<\/strong><\/span><\/h4>\n<p>Le CBD et le CBD-A appartiennent au groupe des cannabino\u00efdes, lesquels produisent divers effets sur le corps humain. Le chanvre utilis\u00e9 dans le LR LIFETAKT CANNALOE n&rsquo;est pas enivrant, ne rend pas d\u00e9pendant et n&rsquo;est pas soumis \u00e0 la loi sur les stup\u00e9fiants (BTMG).<\/p>\n<h4><span style=\"font-size: 16pt; color: #000000;\"><strong><br \/>\nLe terme THC est souvent associ\u00e9 aux cannabino\u00efdes. Qu&rsquo;est-ce que cela signifie ?<\/strong><\/span><\/h4>\n<p>Le THC (t\u00e9trahydrocannabinol) est une substance psychoactive que l&rsquo;on trouve en plus grande quantit\u00e9 dans les plantes de cannabis femelles et qui fait \u00e9galement partie des cannabino\u00efdes. On lui attribue la majeure partie de l&rsquo;effet toxique.<\/p>\n<p>&nbsp;<\/p>\n<h3><span style=\"font-size: 16pt; color: #000000;\"><strong>Est-ce un produit l\u00e9gal ?<\/strong><\/span><\/h3>\n<p>Il est crucial pour un produit l\u00e9gal que la teneur en THC soit inf\u00e9rieure \u00e0 la limite l\u00e9gale de 0,2 %. Je ne m&rsquo;appuierais pas ici sur les informations du fabricant, mais n&rsquo;utiliserais que des produits fabriqu\u00e9s en Allemagne. Ceux-ci sont soumis aux r\u00e9glementations et contr\u00f4les l\u00e9gaux les plus stricts. Cela signifie la s\u00e9curit\u00e9. Et au fait, le permis de conduire n&rsquo;est pas en danger.<\/p>\n<p>Le chanvre utilis\u00e9 dans les CBD Gelules est obtenu \u00e0 partir de chanvre industriel certifi\u00e9 par l&rsquo;UE, le Cannabis Sativa, et l&rsquo;ingr\u00e9dient toxique THC a \u00e9t\u00e9 en grande partie extrait.<\/p>\n<p><strong>Pourquoi n&rsquo;est-il pas possible de mentionner \u00ab\u00a0sans THC\u00a0\u00bb ou \u00ab\u00a0sans hallucinog\u00e8nes\u00a0\u00bb sur l&#8217;emballage?<\/strong><br \/>\nLe produit est un produit naturel qui est soumis \u00e0 des exigences r\u00e9glementaires. Une all\u00e9gation correspondante n&rsquo;est donc pas autoris\u00e9e. Du fait qu&rsquo;il s&rsquo;agit d&rsquo;un produit \u00e0 spectre complet, tous les cannabino\u00efdes naturels proviennent de la plante de cannabis.<\/p>\n<p>&nbsp;<\/p>\n<h4><span style=\"font-size: 16pt; color: #000000;\"><strong>Quel est le proc\u00e9d\u00e9 de fabrication du CBD G\u00e9lules ?<\/strong><\/span><\/h4>\n<p>La plante de cannabis est cultiv\u00e9e en plein air et doit d&rsquo;abord \u00eatre broy\u00e9e apr\u00e8s la r\u00e9colte. Pour pouvoir broyer finement les fleurs et les feuilles de la plante de cannabis et obtenir un produit de cannabis homog\u00e8ne, le produit est s\u00e9ch\u00e9.<\/p>\n<p>Ce proc\u00e9d\u00e9 de s\u00e9chage est effectu\u00e9 en douceur, selon des directives strictes, afin d&rsquo;\u00e9viter que les cannabino\u00efdes ne se transforment en sous-produits ind\u00e9sirables (par exemple, le THC).<\/p>\n<p>La mouture extr\u00eamement fine rev\u00eat \u00e9galement une grande importance, car chaque plante diff\u00e8re et renferme \u00e9galement des quantit\u00e9s diff\u00e9rentes de principes actifs. On obtient ainsi une teneur \u00e9quilibr\u00e9e en ingr\u00e9dients et en principes actifs.<\/p>\n<p>&nbsp;<\/p>\n<h2><span style=\"font-size: 16pt; color: #000000;\"><strong>Qu&rsquo;est-ce qui rend la CBD Gelules Lr CannAloe si sp\u00e9ciale?<\/strong><\/span><\/h2>\n<p>LR CannAloe repose sur un m\u00e9lange d&rsquo;ingr\u00e9dients actifs compos\u00e9 de poudre de chanvre, de curcuma, d&rsquo;encens, d&rsquo;aloe vera en plus de min\u00e9raux et de <a href=\"https:\/\/www.lraloeverashop.eu\/fr\/produit\/vita-active-fruits-rouges-vitamines\/\">vitamines<\/a>.<\/p>\n<p>Gr\u00e2ce \u00e0 la pr\u00e9sentation sous forme de capsule, les ingr\u00e9dients se pr\u00eatent \u00e0 une pr\u00e9paration plus efficace et plus s\u00e9lective par l&rsquo;organisme, c&rsquo;est pourquoi une faible concentration des ingr\u00e9dients est suffisante. Une grande concentration du substrat, constitu\u00e9 d&rsquo;huile de soja, est utilis\u00e9e pour maintenir l&rsquo;homog\u00e9n\u00e9it\u00e9 de la capsule.<\/p>\n<ul>\n<li>La vitamine C que renferme le Lifetakt <a href=\"https:\/\/www.lraloeverashop.eu\/fr\/produit\/lr-cannaloe-cbd-gelules\/\">CannAloe CBD<\/a> m\u00e9dical apporte une aide au m\u00e9tabolisme \u00e9nerg\u00e9tique normal, \u00e0 la fonction psychologique normale, au fonctionnement normal du syst\u00e8me immunitaire et \u00e0 la protection des cellules contre le stress oxydatif.<\/li>\n<li>La vitamine D pr\u00e9sente dans le CannAloe apporte une am\u00e9lioration du fonctionnement du syst\u00e8me immunitaire, du maintien d&rsquo;une ossature normale et d&rsquo;une fonction musculaire normale.<\/li>\n<li>La vitamine K contenue dans le Lr CannAloe aide \u00e0 maintenir des os normaux.<\/li>\n<li>Le mangan\u00e8se que contiennent les Pastilles CBD apporte une aide au m\u00e9tabolisme \u00e9nerg\u00e9tique normal, \u00e0 la protection des cellules contre le <a href=\"https:\/\/www.lraloeverashop.eu\/fr\/produit\/mind-master-boisson-rouge\/\">stress oxydatif<\/a> et au maintien d&rsquo;os normaux.<\/li>\n<li>Le zinc contenu dans les Comprim\u00e9s Lr CBD contribue au fonctionnement normal du <a href=\"https:\/\/www.lraloeverashop.eu\/fr\/produit\/colostrum-bovin-bio-liquide\/\">syst\u00e8me immunitaire<\/a>, \u00e0 la protection des cellules contre le stress oxydatif, \u00e0 la fonction cognitive normale et au maintien de la sant\u00e9 des os.<\/li>\n<\/ul>\n<p>&nbsp;<\/p>\n<h3><span style=\"font-size: 16pt; color: #000000;\"><strong>Comment utiliser Lr CannAloe CBD G\u00e9lules<\/strong><\/span><\/h3>\n<p>Personnes jusqu&rsquo;\u00e0 45 kg de poids corporel: 1 capsule par jour, \u00e0 partir de 45 kg de poids corporel: 2 capsules par jour, avaler enti\u00e8res avec un peu de liquide. Pack mensuel pratique (60 g\u00e9lules).<\/p>\n<p><strong>Remarque:<\/strong> l&rsquo;apport journalier sp\u00e9cifi\u00e9 et recommand\u00e9 ne doit pas \u00eatre d\u00e9pass\u00e9. Les compl\u00e9ments alimentaires ne remplacent pas une alimentation vari\u00e9e et \u00e9quilibr\u00e9e, ce qui est important en conjonction avec un mode de vie sain.<\/p>\n<p><strong>Gardez le produit hors de la port\u00e9e des jeunes enfants. Conserver au sec et \u00e0 temp\u00e9rature ambiante. <\/strong><\/p>\n<p><span style=\"color: #ff0000;\"><strong>Ne convient pas aux femmes enceintes, aux femmes qui allaitent, aux enfants et aux adolescents.\u00a0<\/strong><\/span><\/p>\n<p>&nbsp;<\/p>\n<h4><span style=\"color: #000000;\"><strong><span style=\"font-size: 16pt;\">Huile de CBD ou CBD Gelules<\/span><\/strong><\/span><\/h4>\n<p>Faire le bon choix ici n&rsquo;est pas toujours facile pour le consommateur. \u00c0 premi\u00e8re vue, l&rsquo;huile semble \u00eatre un bon choix. Cependant, il pr\u00e9sente des inconv\u00e9nients cruciaux. Les huiles sont mal absorb\u00e9es par la digestion, c&rsquo;est pourquoi les fabricants recommandent de laisser les gouttes dans la bouche pendant un certain temps afin que le CBD puisse \u00eatre absorb\u00e9 par les muqueuses.<\/p>\n<p>Le go\u00fbt, que la plupart des gens trouvent extr\u00eamement d\u00e9sagr\u00e9able, signifie que l&rsquo;huile de CBD ne reste souvent pas assez longtemps dans la bouche\/sous la langue et qu&rsquo;une partie de son potentiel est donc perdue. De plus, comme la teneur en CBD des huiles \u00e0 spectre complet peut fluctuer, le dosage est difficile.<\/p>\n<p>Des scientifiques isra\u00e9liens ont mis au point un proc\u00e9d\u00e9 pour une pr\u00e9paration \u00e0 spectre complet soluble dans l&rsquo;eau.<br \/>\nLe r\u00e9sultat : une poudre de CBD \u00e0 spectre complet sous forme de capsule. Les avantages sont \u00e9normes biodisponibilit\u00e9 et absorption optimales, dosage pr\u00e9cis et la g\u00e9lule est insipide.<\/p>\n<p>Curcuma et encens &#8211; la symbiose parfaite<br \/>\nL&rsquo;exp\u00e9rience a montr\u00e9 que le CBD Gelules en combinaison avec le curcuma et l&rsquo;encens atteint un effet anti-inflammatoire et analg\u00e9sique significativement plus \u00e9lev\u00e9.<\/p>\n<p>&nbsp;<\/p>\n","protected":false},"excerpt":{"rendered":"<ul>\n<li>Combinaison d&rsquo;ingr\u00e9dients naturels avec une tradition s\u00e9culaire<\/li>\n<li>Le spectre complet des cannabino\u00efdes, l&rsquo;aloe vera, du curcuma et de l&rsquo;encens<\/li>\n<li>Enrichi en min\u00e9raux et vitamines<\/li>\n<li>recommand\u00e9 pour une utilisation \u00e0 long terme<\/li>\n<li>Sans s&rsquo;habituer, n&rsquo;est pas addictif<\/li>\n<li>Sans gluten et sans lactose<\/li>\n<li>Quantit\u00e9: 3 x 60 gelules<\/li>\n<\/ul>\n<p style=\"text-align: left;\"><span style=\"color: #ff0000;\"><a style=\"color: #ff0000;\" href=\"https:\/\/shop.lrworld.com\/openpao?PHP=0vFlt7jT938BEnBI3a6e9w%3D%3D\"><span style=\"font-size: 14pt;\"><strong>Inscrivez-vous et \u00e9conomisez 35% sur chaque commande<\/strong><\/span><\/a><\/span><\/p>\n","protected":false},"featured_media":5382,"comment_status":"open","ping_status":"closed","template":"","meta":{"_kad_blocks_custom_css":"","_kad_blocks_head_custom_js":"","_kad_blocks_body_custom_js":"","_kad_blocks_footer_custom_js":"","_kadence_starter_templates_imported_post":false,"_kad_post_transparent":"default","_kad_post_title":"","_kad_post_layout":"default","_kad_post_sidebar_id":"","_kad_post_content_style":"default","_kad_post_vertical_padding":"default","_kad_post_feature":"","_kad_post_feature_position":"","_kad_post_header":false,"_kad_post_footer":false,"_kad_post_classname":""},"product_brand":[],"product_cat":[482,463,416,410,446,464],"product_tag":[644],"class_list":{"0":"post-9485","1":"product","2":"type-product","3":"status-publish","4":"has-post-thumbnail","6":"product_cat-cannaloe-fr","7":"product_cat-economisez-sur-les-ensembles","8":"product_cat-os-articulations-et-muscles","9":"product_cat-produits-speciaux","10":"product_cat-relaxation-fr","11":"product_cat-specialistes","12":"product_tag-douleurs-articulaires","14":"first","15":"instock","16":"taxable","17":"shipping-taxable","18":"purchasable","19":"product-type-simple","20":"entry","21":"content-bg","22":"loop-entry"},"yoast_head":"<!-- This site is optimized with the Yoast SEO Premium plugin v27.3 (Yoast SEO v27.3) - https:\/\/yoast.com\/product\/yoast-seo-premium-wordpress\/ -->\n<title>CBD Gelules recommand\u00e9e pour une utilisation \u00e0 long terme<\/title>\n<meta name=\"description\" content=\"CBD Gelules ou Huile de CBD?L&#039;exp\u00e9rience a montr\u00e9 que le G\u00e9lule CBD ont effet anti-inflammatoire et analg\u00e9sique significativement plus \u00e9lev\u00e9\" \/>\n<meta name=\"robots\" content=\"index, follow, max-snippet:-1, max-image-preview:large, max-video-preview:-1\" \/>\n<link rel=\"canonical\" href=\"https:\/\/www.lraloeverashop.eu\/fr\/produit\/cbd-gelules-cannaloe\/\" \/>\n<meta property=\"og:locale\" content=\"fr_FR\" \/>\n<meta property=\"og:type\" content=\"article\" \/>\n<meta property=\"og:title\" content=\"CBD Gelules Cannaloe Set 3 Pi\u00e8ces\" \/>\n<meta property=\"og:description\" content=\"CBD Gelules ou Huile de CBD?L&#039;exp\u00e9rience a montr\u00e9 que le G\u00e9lule CBD ont effet anti-inflammatoire et analg\u00e9sique significativement plus \u00e9lev\u00e9\" \/>\n<meta property=\"og:url\" content=\"https:\/\/www.lraloeverashop.eu\/fr\/produit\/cbd-gelules-cannaloe\/\" \/>\n<meta property=\"og:site_name\" content=\"Boutique Lr Aloe Vera\" \/>\n<meta property=\"article:publisher\" content=\"https:\/\/www.facebook.com\/lraloeverashop.eu\" \/>\n<meta property=\"article:modified_time\" content=\"2026-02-02T18:39:38+00:00\" \/>\n<meta property=\"og:image\" content=\"https:\/\/www.lraloeverashop.eu\/wp-content\/uploads\/2022\/10\/CBD-Tablets-CBD-Capsule-3-Pieces.jpg\" \/>\n\t<meta property=\"og:image:width\" content=\"1200\" \/>\n\t<meta property=\"og:image:height\" content=\"1200\" \/>\n\t<meta property=\"og:image:type\" content=\"image\/jpeg\" \/>\n<meta name=\"twitter:card\" content=\"summary_large_image\" \/>\n<meta name=\"twitter:site\" content=\"@natur__kosmetik\" \/>\n<script type=\"application\/ld+json\" class=\"yoast-schema-graph\">{\"@context\":\"https:\\\/\\\/schema.org\",\"@graph\":[{\"@type\":[\"WebPage\",\"ItemPage\"],\"@id\":\"https:\\\/\\\/www.lraloeverashop.eu\\\/fr\\\/produit\\\/cbd-gelules-cannaloe\\\/\",\"url\":\"https:\\\/\\\/www.lraloeverashop.eu\\\/fr\\\/produit\\\/cbd-gelules-cannaloe\\\/\",\"name\":\"CBD Gelules recommand\u00e9e pour une utilisation \u00e0 long terme\",\"isPartOf\":{\"@id\":\"https:\\\/\\\/www.lraloeverashop.eu\\\/fr\\\/#website\"},\"primaryImageOfPage\":{\"@id\":\"https:\\\/\\\/www.lraloeverashop.eu\\\/fr\\\/produit\\\/cbd-gelules-cannaloe\\\/#primaryimage\"},\"image\":{\"@id\":\"https:\\\/\\\/www.lraloeverashop.eu\\\/fr\\\/produit\\\/cbd-gelules-cannaloe\\\/#primaryimage\"},\"thumbnailUrl\":\"https:\\\/\\\/www.lraloeverashop.eu\\\/wp-content\\\/uploads\\\/2022\\\/10\\\/CBD-Tablets-CBD-Capsule-3-Pieces.jpg\",\"datePublished\":\"2022-10-14T07:47:51+00:00\",\"dateModified\":\"2026-02-02T18:39:38+00:00\",\"description\":\"CBD Gelules ou Huile de CBD?L'exp\u00e9rience a montr\u00e9 que le G\u00e9lule CBD ont effet anti-inflammatoire et analg\u00e9sique significativement plus \u00e9lev\u00e9\",\"breadcrumb\":{\"@id\":\"https:\\\/\\\/www.lraloeverashop.eu\\\/fr\\\/produit\\\/cbd-gelules-cannaloe\\\/#breadcrumb\"},\"inLanguage\":\"fr-FR\",\"potentialAction\":[{\"@type\":\"ReadAction\",\"target\":[\"https:\\\/\\\/www.lraloeverashop.eu\\\/fr\\\/produit\\\/cbd-gelules-cannaloe\\\/\"]}]},{\"@type\":\"ImageObject\",\"inLanguage\":\"fr-FR\",\"@id\":\"https:\\\/\\\/www.lraloeverashop.eu\\\/fr\\\/produit\\\/cbd-gelules-cannaloe\\\/#primaryimage\",\"url\":\"https:\\\/\\\/www.lraloeverashop.eu\\\/wp-content\\\/uploads\\\/2022\\\/10\\\/CBD-Tablets-CBD-Capsule-3-Pieces.jpg\",\"contentUrl\":\"https:\\\/\\\/www.lraloeverashop.eu\\\/wp-content\\\/uploads\\\/2022\\\/10\\\/CBD-Tablets-CBD-Capsule-3-Pieces.jpg\",\"width\":1200,\"height\":1200,\"caption\":\"Comprim\u00e9s CBD - Capsule CBD 3 Pi\u00e8ces pack d'\u00e9conomies\"},{\"@type\":\"BreadcrumbList\",\"@id\":\"https:\\\/\\\/www.lraloeverashop.eu\\\/fr\\\/produit\\\/cbd-gelules-cannaloe\\\/#breadcrumb\",\"itemListElement\":[{\"@type\":\"ListItem\",\"position\":1,\"name\":\"Home\",\"item\":\"https:\\\/\\\/www.lraloeverashop.eu\\\/fr\\\/\"},{\"@type\":\"ListItem\",\"position\":2,\"name\":\"Boutique\",\"item\":\"https:\\\/\\\/www.lraloeverashop.eu\\\/fr\\\/boutique\\\/\"},{\"@type\":\"ListItem\",\"position\":3,\"name\":\"CBD Gelules Cannaloe Set 3 Pi\u00e8ces\"}]},{\"@type\":\"WebSite\",\"@id\":\"https:\\\/\\\/www.lraloeverashop.eu\\\/fr\\\/#website\",\"url\":\"https:\\\/\\\/www.lraloeverashop.eu\\\/fr\\\/\",\"name\":\"Boutique Lr Aloe Vera\",\"description\":\"High Quality Lr Aloe Vera Gel, Aloe Vera Cream and Shampoo\",\"publisher\":{\"@id\":\"https:\\\/\\\/www.lraloeverashop.eu\\\/fr\\\/#organization\"},\"potentialAction\":[{\"@type\":\"SearchAction\",\"target\":{\"@type\":\"EntryPoint\",\"urlTemplate\":\"https:\\\/\\\/www.lraloeverashop.eu\\\/fr\\\/?s={search_term_string}\"},\"query-input\":{\"@type\":\"PropertyValueSpecification\",\"valueRequired\":true,\"valueName\":\"search_term_string\"}}],\"inLanguage\":\"fr-FR\"},{\"@type\":\"Organization\",\"@id\":\"https:\\\/\\\/www.lraloeverashop.eu\\\/fr\\\/#organization\",\"name\":\"Boutique Lr Aloe Vera\",\"alternateName\":\"LR\",\"url\":\"https:\\\/\\\/www.lraloeverashop.eu\\\/fr\\\/\",\"logo\":{\"@type\":\"ImageObject\",\"inLanguage\":\"fr-FR\",\"@id\":\"https:\\\/\\\/www.lraloeverashop.eu\\\/fr\\\/#\\\/schema\\\/logo\\\/image\\\/\",\"url\":\"https:\\\/\\\/www.lraloeverashop.eu\\\/wp-content\\\/uploads\\\/2022\\\/09\\\/cropped-Lr-Aloe-Vera-Shop.jpg\",\"contentUrl\":\"https:\\\/\\\/www.lraloeverashop.eu\\\/wp-content\\\/uploads\\\/2022\\\/09\\\/cropped-Lr-Aloe-Vera-Shop.jpg\",\"width\":228,\"height\":76,\"caption\":\"Boutique Lr Aloe Vera\"},\"image\":{\"@id\":\"https:\\\/\\\/www.lraloeverashop.eu\\\/fr\\\/#\\\/schema\\\/logo\\\/image\\\/\"},\"sameAs\":[\"https:\\\/\\\/www.facebook.com\\\/lraloeverashop.eu\",\"https:\\\/\\\/x.com\\\/natur__kosmetik\",\"https:\\\/\\\/www.youtube.com\\\/channel\\\/UC5oN7BJ8nfYb8RpVtjwDEBA\",\"https:\\\/\\\/www.instagram.com\\\/lrbeautyeu\\\/\"]}]}<\/script>\n<meta property=\"product:price:amount\" content=\"310.59\" \/>\n<meta property=\"product:price:currency\" content=\"EUR\" \/>\n<meta property=\"og:availability\" content=\"instock\" \/>\n<meta property=\"product:availability\" content=\"instock\" \/>\n<meta property=\"product:retailer_item_id\" content=\"81093-1FR\" \/>\n<meta property=\"product:condition\" content=\"new\" \/>\n<!-- \/ Yoast SEO Premium plugin. -->","yoast_head_json":{"title":"CBD Gelules recommand\u00e9e pour une utilisation \u00e0 long terme","description":"CBD Gelules ou Huile de CBD?L'exp\u00e9rience a montr\u00e9 que le G\u00e9lule CBD ont effet anti-inflammatoire et analg\u00e9sique significativement plus \u00e9lev\u00e9","robots":{"index":"index","follow":"follow","max-snippet":"max-snippet:-1","max-image-preview":"max-image-preview:large","max-video-preview":"max-video-preview:-1"},"canonical":"https:\/\/www.lraloeverashop.eu\/fr\/produit\/cbd-gelules-cannaloe\/","og_locale":"fr_FR","og_type":"article","og_title":"CBD Gelules Cannaloe Set 3 Pi\u00e8ces","og_description":"CBD Gelules ou Huile de CBD?L'exp\u00e9rience a montr\u00e9 que le G\u00e9lule CBD ont effet anti-inflammatoire et analg\u00e9sique significativement plus \u00e9lev\u00e9","og_url":"https:\/\/www.lraloeverashop.eu\/fr\/produit\/cbd-gelules-cannaloe\/","og_site_name":"Boutique Lr Aloe Vera","article_publisher":"https:\/\/www.facebook.com\/lraloeverashop.eu","article_modified_time":"2026-02-02T18:39:38+00:00","og_image":[{"width":1200,"height":1200,"url":"https:\/\/www.lraloeverashop.eu\/wp-content\/uploads\/2022\/10\/CBD-Tablets-CBD-Capsule-3-Pieces.jpg","type":"image\/jpeg"}],"twitter_card":"summary_large_image","twitter_site":"@natur__kosmetik","schema":{"@context":"https:\/\/schema.org","@graph":[{"@type":["WebPage","ItemPage"],"@id":"https:\/\/www.lraloeverashop.eu\/fr\/produit\/cbd-gelules-cannaloe\/","url":"https:\/\/www.lraloeverashop.eu\/fr\/produit\/cbd-gelules-cannaloe\/","name":"CBD Gelules recommand\u00e9e pour une utilisation \u00e0 long terme","isPartOf":{"@id":"https:\/\/www.lraloeverashop.eu\/fr\/#website"},"primaryImageOfPage":{"@id":"https:\/\/www.lraloeverashop.eu\/fr\/produit\/cbd-gelules-cannaloe\/#primaryimage"},"image":{"@id":"https:\/\/www.lraloeverashop.eu\/fr\/produit\/cbd-gelules-cannaloe\/#primaryimage"},"thumbnailUrl":"https:\/\/www.lraloeverashop.eu\/wp-content\/uploads\/2022\/10\/CBD-Tablets-CBD-Capsule-3-Pieces.jpg","datePublished":"2022-10-14T07:47:51+00:00","dateModified":"2026-02-02T18:39:38+00:00","description":"CBD Gelules ou Huile de CBD?L'exp\u00e9rience a montr\u00e9 que le G\u00e9lule CBD ont effet anti-inflammatoire et analg\u00e9sique significativement plus \u00e9lev\u00e9","breadcrumb":{"@id":"https:\/\/www.lraloeverashop.eu\/fr\/produit\/cbd-gelules-cannaloe\/#breadcrumb"},"inLanguage":"fr-FR","potentialAction":[{"@type":"ReadAction","target":["https:\/\/www.lraloeverashop.eu\/fr\/produit\/cbd-gelules-cannaloe\/"]}]},{"@type":"ImageObject","inLanguage":"fr-FR","@id":"https:\/\/www.lraloeverashop.eu\/fr\/produit\/cbd-gelules-cannaloe\/#primaryimage","url":"https:\/\/www.lraloeverashop.eu\/wp-content\/uploads\/2022\/10\/CBD-Tablets-CBD-Capsule-3-Pieces.jpg","contentUrl":"https:\/\/www.lraloeverashop.eu\/wp-content\/uploads\/2022\/10\/CBD-Tablets-CBD-Capsule-3-Pieces.jpg","width":1200,"height":1200,"caption":"Comprim\u00e9s CBD - Capsule CBD 3 Pi\u00e8ces pack d'\u00e9conomies"},{"@type":"BreadcrumbList","@id":"https:\/\/www.lraloeverashop.eu\/fr\/produit\/cbd-gelules-cannaloe\/#breadcrumb","itemListElement":[{"@type":"ListItem","position":1,"name":"Home","item":"https:\/\/www.lraloeverashop.eu\/fr\/"},{"@type":"ListItem","position":2,"name":"Boutique","item":"https:\/\/www.lraloeverashop.eu\/fr\/boutique\/"},{"@type":"ListItem","position":3,"name":"CBD Gelules Cannaloe Set 3 Pi\u00e8ces"}]},{"@type":"WebSite","@id":"https:\/\/www.lraloeverashop.eu\/fr\/#website","url":"https:\/\/www.lraloeverashop.eu\/fr\/","name":"Boutique Lr Aloe Vera","description":"High Quality Lr Aloe Vera Gel, Aloe Vera Cream and Shampoo","publisher":{"@id":"https:\/\/www.lraloeverashop.eu\/fr\/#organization"},"potentialAction":[{"@type":"SearchAction","target":{"@type":"EntryPoint","urlTemplate":"https:\/\/www.lraloeverashop.eu\/fr\/?s={search_term_string}"},"query-input":{"@type":"PropertyValueSpecification","valueRequired":true,"valueName":"search_term_string"}}],"inLanguage":"fr-FR"},{"@type":"Organization","@id":"https:\/\/www.lraloeverashop.eu\/fr\/#organization","name":"Boutique Lr Aloe Vera","alternateName":"LR","url":"https:\/\/www.lraloeverashop.eu\/fr\/","logo":{"@type":"ImageObject","inLanguage":"fr-FR","@id":"https:\/\/www.lraloeverashop.eu\/fr\/#\/schema\/logo\/image\/","url":"https:\/\/www.lraloeverashop.eu\/wp-content\/uploads\/2022\/09\/cropped-Lr-Aloe-Vera-Shop.jpg","contentUrl":"https:\/\/www.lraloeverashop.eu\/wp-content\/uploads\/2022\/09\/cropped-Lr-Aloe-Vera-Shop.jpg","width":228,"height":76,"caption":"Boutique Lr Aloe Vera"},"image":{"@id":"https:\/\/www.lraloeverashop.eu\/fr\/#\/schema\/logo\/image\/"},"sameAs":["https:\/\/www.facebook.com\/lraloeverashop.eu","https:\/\/x.com\/natur__kosmetik","https:\/\/www.youtube.com\/channel\/UC5oN7BJ8nfYb8RpVtjwDEBA","https:\/\/www.instagram.com\/lrbeautyeu\/"]}]},"product_price_amount":"310.59","product_price_currency":"EUR","og_availability":"instock","product_availability":"instock","product_retailer_item_id":"81093-1FR","product_condition":"new"},"taxonomy_info":{"product_cat":[{"value":482,"label":"CannAloe"},{"value":463,"label":"\u00c9conomisez sur les ensembles"},{"value":416,"label":"Os, Articulations et Muscles"},{"value":410,"label":"Produits Speciaux"},{"value":446,"label":"Relaxation"},{"value":464,"label":"Sp\u00e9cialistes"}],"product_tag":[{"value":644,"label":"Douleurs articulaires"}]},"featured_image_src_large":["https:\/\/www.lraloeverashop.eu\/wp-content\/uploads\/2022\/10\/CBD-Tablets-CBD-Capsule-3-Pieces-1024x1024.jpg",1024,1024,true],"author_info":[],"comment_info":0,"_links":{"self":[{"href":"https:\/\/www.lraloeverashop.eu\/fr\/wp-json\/wp\/v2\/product\/9485","targetHints":{"allow":["GET"]}}],"collection":[{"href":"https:\/\/www.lraloeverashop.eu\/fr\/wp-json\/wp\/v2\/product"}],"about":[{"href":"https:\/\/www.lraloeverashop.eu\/fr\/wp-json\/wp\/v2\/types\/product"}],"replies":[{"embeddable":true,"href":"https:\/\/www.lraloeverashop.eu\/fr\/wp-json\/wp\/v2\/comments?post=9485"}],"wp:featuredmedia":[{"embeddable":true,"href":"https:\/\/www.lraloeverashop.eu\/fr\/wp-json\/wp\/v2\/media\/5382"}],"wp:attachment":[{"href":"https:\/\/www.lraloeverashop.eu\/fr\/wp-json\/wp\/v2\/media?parent=9485"}],"wp:term":[{"taxonomy":"product_brand","embeddable":true,"href":"https:\/\/www.lraloeverashop.eu\/fr\/wp-json\/wp\/v2\/product_brand?post=9485"},{"taxonomy":"product_cat","embeddable":true,"href":"https:\/\/www.lraloeverashop.eu\/fr\/wp-json\/wp\/v2\/product_cat?post=9485"},{"taxonomy":"product_tag","embeddable":true,"href":"https:\/\/www.lraloeverashop.eu\/fr\/wp-json\/wp\/v2\/product_tag?post=9485"}],"curies":[{"name":"wp","href":"https:\/\/api.w.org\/{rel}","templated":true}]}}