{"id":9449,"date":"2022-10-14T10:33:03","date_gmt":"2022-10-14T08:33:03","guid":{"rendered":"https:\/\/www.lraloeverashop.eu\/product\/fiber-boost-boisson-en-poudre\/"},"modified":"2026-02-02T19:39:12","modified_gmt":"2026-02-02T18:39:12","slug":"fiber-boost-boisson-en-poudre","status":"publish","type":"product","link":"https:\/\/www.lraloeverashop.eu\/fr\/produit\/fiber-boost-boisson-en-poudre\/","title":{"rendered":"Fiber Boost Boisson en Poudre"},"content":{"rendered":"<h2><span style=\"font-size: 16pt;\"><strong>Fiber Boost Boisson en Poudre<\/strong><\/span><\/h2>\n<p><span style=\"font-size: 14pt;\"><strong>Fiber Boost Boisson en Poudre &#8211; Le compl\u00e9ment alimentaire riche en fibres pour le corps<\/strong><\/span><\/p>\n<p>Le quotidien chaotique s&#8217;accompagne d&#8217;une alimentation non \u00e9quilibr\u00e9e qui inclut souvent une quantit\u00e9 trop faible de fibres alimentaires*. <a href=\"https:\/\/www.lraloeverashop.eu\/fr\/produit\/fiber-boost-boisson-en-poudre-set\/\">Fiber Boost<\/a> aide le corps avec sa teneur en fibres alimentaires provenant de 3 sources de fibres diff\u00e9rentes et est ainsi encore meilleur.<\/p>\n<p>Chacun le sait : quelques heures apr\u00e8s le petit-d\u00e9jeuner ou le d\u00e9jeuner, voil\u00e0 que l&#8217;estomac se manifeste &#8211; mais le prochain <a href=\"https:\/\/www.lraloeverashop.eu\/fr\/produit\/figu-active-shake-de-chocolat-cremeux\/\">repas<\/a> n&#8217;est que dans plusieurs heures. Nous nous jetons sur des en-cas tr\u00e8s caloriques. Tournez-vous plut\u00f4t vers Fiber Boost, le <a href=\"https:\/\/www.lraloeverashop.eu\/fr\/substitut-de-repas-figu-active-le-regime-amaigrissant-intelligent\/\">compl\u00e9ment alimentaire<\/a> peu calorique et riche en fibres alimentaires.<\/p>\n<p>Fiber Boost Boisson en Poudre n&#8217;aide pas seulement d\u00e8s la premi\u00e8re sensation de faim. Il nous apporte \u00e9galement des fibres alimentaires et fournit en outre au corps l&#8217; oligo\u00e9l\u00e9ment important qu&#8217;est le chrome <a href=\"https:\/\/www.lraloeverashop.eu\/fr\/produit\/figu-active-shake-fraise-banane\/\">pour un m\u00e9tabolisme<\/a> r\u00e9gul\u00e91 et une glyc\u00e9mie stable2.<\/p>\n<p>La <a href=\"https:\/\/www.lraloeverashop.eu\/fr\/produit\/soupe-de-patate-douce-figu-active\/\">substance v\u00e9g\u00e9tale<\/a> naturelle Stevia apporte un go\u00fbt sucr\u00e9 \u2013 sans sucre ajout\u00e9 ni calories ajout\u00e9es.<\/p>\n<p><sup>1<\/sup>\u00a0Le chrome contribue \u00e0 un m\u00e9tabolisme normal des macro\u00e9l\u00e9ments.<br \/>\n<sup>2<\/sup>\u00a0Le chrome contribue au maintien d&#8217;un <a href=\"https:\/\/fr.wikipedia.org\/wiki\/Glyc%C3%A9mie\">taux normal de glyc\u00e9mie<\/a>.<\/p>\n<p>*69 pour cent des hommes et 75 pour cent des femmes n&#8217;atteignent pas la valeur de r\u00e9f\u00e9rence en fibres alimentaires de 30 grammes par jour donn\u00e9e par la DGE. 2008. Max Rubner-Institut, Bundesforschungsinstitut f\u00fcr Ern\u00e4hrung und Lebensmittel (institut de recherche f\u00e9d\u00e9ral pour l&#8217;alimentation et les aliments).<\/p>\n<p>&nbsp;<\/p>\n<h3><strong><span style=\"font-size: 16pt;\">Comment utiliser\u00a0<\/span><\/strong><\/h3>\n<p>Prenez quotidiennement une portion pr\u00e9par\u00e9e de Fiber Boost Boisson en Poudre. Il est recommand\u00e9 de la prendre entre deux repas.<\/p>\n<p><strong>Pr\u00e9paration :<\/strong>\u00a0diluez deux mesurettes remplies \u00e0 ras (une mesurette = env. 3,5 g) dans 200 ml de lait \u00e9cr\u00e9m\u00e9 sans lactose (1,5 % de mati\u00e8res grasses) ou dans de l\u2019eau pour une consommation imm\u00e9diate. Utilisez pour cela un verre d\u2019au moins 300 ml. Nous recommandons pour cela une pr\u00e9paration au shaker LR.<\/p>\n<p><strong>Remarque :<\/strong> vous devez absolument veiller \u00e0 boire suffisamment. La dose journali\u00e8re conseill\u00e9e de Fiber Boost Boisson en Poudre ne doit pas \u00eatre d\u00e9pass\u00e9e. Les compl\u00e9ments alimentaires ne remplacent pas une <a href=\"https:\/\/www.lraloeverashop.eu\/fr\/categorie-produit\/supplements-dietetiques\/\">alimentation vari\u00e9e<\/a> et \u00e9quilibr\u00e9e qui est aussi importante qu\u2019un mode de vie sain. Ranger le produit hors de port\u00e9e des jeunes enfants. Ranger le produit bien ferm\u00e9, \u00e0 temp\u00e9rature ambiante et au sec. Bien refermer apr\u00e8s ouverture.<\/p>\n<p>&nbsp;<\/p>\n<h4><span style=\"font-size: 16pt;\"><strong>Le saviez-vous?<\/strong><\/span><\/h4>\n<p><strong>Indication importante :<\/strong> si lors de la pr\u00e9paration, vous ne suivez pas les instructions de l\u2019emballage, les valeurs nutritionnelles de la portion pr\u00e9par\u00e9e en sont modifi\u00e9es. Pour une efficacit\u00e9 totale, ayez recours \u00e0 Fiber Boost Boisson en Poudre si vous respectez, lors de la pr\u00e9paration, les instructions donn\u00e9es par LR sur l\u2019emballage du produit..<\/p>\n","protected":false},"excerpt":{"rendered":"<ul>\n<li>Fibres alimentaires contre les fringales<\/li>\n<li>Pour le bien-\u00eatre g\u00e9n\u00e9ral au quotidien<\/li>\n<li>Pour se sentir bien dans son corps<\/li>\n<li>Peu calorique avec le go\u00fbt sucr\u00e9 naturel provenant de la st\u00e9via<\/li>\n<li>Riche en fibres alimentaires provenant de 3 sources diff\u00e9rentes<\/li>\n<li>Avec du chrome, oligo\u00e9l\u00e9ment important<\/li>\n<li>Quantit\u00e9: 210g<\/li>\n<\/ul>\n<p style=\"text-align: left;\"><span style=\"color: #ff0000;\"><a style=\"color: #ff0000;\" href=\"https:\/\/shop.lrworld.com\/openpao?PHP=0vFlt7jT938BEnBI3a6e9w%3D%3D\"><span style=\"font-size: 14pt;\"><strong>Inscrivez-vous et \u00e9conomisez 35% sur chaque commande<\/strong><\/span><\/a><\/span><\/p>\n","protected":false},"featured_media":5436,"comment_status":"open","ping_status":"closed","template":"","meta":{"_kad_blocks_custom_css":"","_kad_blocks_head_custom_js":"","_kad_blocks_body_custom_js":"","_kad_blocks_footer_custom_js":"","_kadence_starter_templates_imported_post":false,"_kad_post_transparent":"default","_kad_post_title":"","_kad_post_layout":"default","_kad_post_sidebar_id":"","_kad_post_content_style":"default","_kad_post_vertical_padding":"default","_kad_post_feature":"","_kad_post_feature_position":"","_kad_post_header":false,"_kad_post_footer":false,"_kad_post_classname":""},"product_brand":[],"product_cat":[339,434,464,333],"product_tag":[583],"class_list":{"0":"post-9449","1":"product","2":"type-product","3":"status-publish","4":"has-post-thumbnail","6":"product_cat-compagnon-de-regime","7":"product_cat-intestins-digestion","8":"product_cat-specialistes","9":"product_cat-supplements-dietetiques","10":"product_tag-diete","12":"first","13":"instock","14":"taxable","15":"shipping-taxable","16":"purchasable","17":"product-type-simple","18":"entry","19":"content-bg","20":"loop-entry"},"yoast_head":"<!-- This site is optimized with the Yoast SEO Premium plugin v27.5 (Yoast SEO v27.5) - https:\/\/yoast.com\/product\/yoast-seo-premium-wordpress\/ -->\n<title>Fiber Boost Boisson en Poudre riche en fibres pour le corps<\/title>\n<meta name=\"description\" content=\"Fiber Boost Boisson en Poudre aide le corps avec sa teneur en fibres alimentaires provenant de 3 sources de fibres diff\u00e9rentes et est ainsi encore meilleur\" \/>\n<meta name=\"robots\" content=\"index, follow, max-snippet:-1, max-image-preview:large, max-video-preview:-1\" \/>\n<link rel=\"canonical\" href=\"https:\/\/www.lraloeverashop.eu\/fr\/produit\/fiber-boost-boisson-en-poudre\/\" \/>\n<meta property=\"og:locale\" content=\"fr_FR\" \/>\n<meta property=\"og:type\" content=\"article\" \/>\n<meta property=\"og:title\" content=\"Fiber Boost Boisson en Poudre\" \/>\n<meta property=\"og:description\" content=\"Fiber Boost Boisson en Poudre aide le corps avec sa teneur en fibres alimentaires provenant de 3 sources de fibres diff\u00e9rentes et est ainsi encore meilleur\" \/>\n<meta property=\"og:url\" content=\"https:\/\/www.lraloeverashop.eu\/fr\/produit\/fiber-boost-boisson-en-poudre\/\" \/>\n<meta property=\"og:site_name\" content=\"Boutique Lr Aloe Vera\" \/>\n<meta property=\"article:publisher\" content=\"https:\/\/www.facebook.com\/lraloeverashop.eu\" \/>\n<meta property=\"article:modified_time\" content=\"2026-02-02T18:39:12+00:00\" \/>\n<meta property=\"og:image\" content=\"https:\/\/www.lraloeverashop.eu\/wp-content\/uploads\/2022\/10\/Fiber-Boost-Drink-Powder-Supplement.jpg\" \/>\n\t<meta property=\"og:image:width\" content=\"1200\" \/>\n\t<meta property=\"og:image:height\" content=\"1200\" \/>\n\t<meta property=\"og:image:type\" content=\"image\/jpeg\" \/>\n<meta name=\"twitter:card\" content=\"summary_large_image\" \/>\n<meta name=\"twitter:site\" content=\"@natur__kosmetik\" \/>\n<script type=\"application\/ld+json\" class=\"yoast-schema-graph\">{\"@context\":\"https:\\\/\\\/schema.org\",\"@graph\":[{\"@type\":[\"WebPage\",\"ItemPage\"],\"@id\":\"https:\\\/\\\/www.lraloeverashop.eu\\\/fr\\\/produit\\\/fiber-boost-boisson-en-poudre\\\/\",\"url\":\"https:\\\/\\\/www.lraloeverashop.eu\\\/fr\\\/produit\\\/fiber-boost-boisson-en-poudre\\\/\",\"name\":\"Fiber Boost Boisson en Poudre riche en fibres pour le corps\",\"isPartOf\":{\"@id\":\"https:\\\/\\\/www.lraloeverashop.eu\\\/fr\\\/#website\"},\"primaryImageOfPage\":{\"@id\":\"https:\\\/\\\/www.lraloeverashop.eu\\\/fr\\\/produit\\\/fiber-boost-boisson-en-poudre\\\/#primaryimage\"},\"image\":{\"@id\":\"https:\\\/\\\/www.lraloeverashop.eu\\\/fr\\\/produit\\\/fiber-boost-boisson-en-poudre\\\/#primaryimage\"},\"thumbnailUrl\":\"https:\\\/\\\/www.lraloeverashop.eu\\\/wp-content\\\/uploads\\\/2022\\\/10\\\/Fiber-Boost-Drink-Powder-Supplement.jpg\",\"datePublished\":\"2022-10-14T08:33:03+00:00\",\"dateModified\":\"2026-02-02T18:39:12+00:00\",\"description\":\"Fiber Boost Boisson en Poudre aide le corps avec sa teneur en fibres alimentaires provenant de 3 sources de fibres diff\u00e9rentes et est ainsi encore meilleur\",\"breadcrumb\":{\"@id\":\"https:\\\/\\\/www.lraloeverashop.eu\\\/fr\\\/produit\\\/fiber-boost-boisson-en-poudre\\\/#breadcrumb\"},\"inLanguage\":\"fr-FR\",\"potentialAction\":[{\"@type\":\"ReadAction\",\"target\":[\"https:\\\/\\\/www.lraloeverashop.eu\\\/fr\\\/produit\\\/fiber-boost-boisson-en-poudre\\\/\"]}]},{\"@type\":\"ImageObject\",\"inLanguage\":\"fr-FR\",\"@id\":\"https:\\\/\\\/www.lraloeverashop.eu\\\/fr\\\/produit\\\/fiber-boost-boisson-en-poudre\\\/#primaryimage\",\"url\":\"https:\\\/\\\/www.lraloeverashop.eu\\\/wp-content\\\/uploads\\\/2022\\\/10\\\/Fiber-Boost-Drink-Powder-Supplement.jpg\",\"contentUrl\":\"https:\\\/\\\/www.lraloeverashop.eu\\\/wp-content\\\/uploads\\\/2022\\\/10\\\/Fiber-Boost-Drink-Powder-Supplement.jpg\",\"width\":1200,\"height\":1200,\"caption\":\"Fiber Boost Suppl\u00e9ment de boisson en poudre\"},{\"@type\":\"BreadcrumbList\",\"@id\":\"https:\\\/\\\/www.lraloeverashop.eu\\\/fr\\\/produit\\\/fiber-boost-boisson-en-poudre\\\/#breadcrumb\",\"itemListElement\":[{\"@type\":\"ListItem\",\"position\":1,\"name\":\"Home\",\"item\":\"https:\\\/\\\/www.lraloeverashop.eu\\\/fr\\\/home\\\/\"},{\"@type\":\"ListItem\",\"position\":2,\"name\":\"Boutique\",\"item\":\"https:\\\/\\\/www.lraloeverashop.eu\\\/fr\\\/boutique\\\/\"},{\"@type\":\"ListItem\",\"position\":3,\"name\":\"Fiber Boost Boisson en Poudre\"}]},{\"@type\":\"WebSite\",\"@id\":\"https:\\\/\\\/www.lraloeverashop.eu\\\/fr\\\/#website\",\"url\":\"https:\\\/\\\/www.lraloeverashop.eu\\\/fr\\\/\",\"name\":\"Boutique Lr Aloe Vera\",\"description\":\"High Quality Lr Aloe Vera Gel, Aloe Vera Cream and Shampoo\",\"publisher\":{\"@id\":\"https:\\\/\\\/www.lraloeverashop.eu\\\/fr\\\/#organization\"},\"alternateName\":\"LR\",\"potentialAction\":[{\"@type\":\"SearchAction\",\"target\":{\"@type\":\"EntryPoint\",\"urlTemplate\":\"https:\\\/\\\/www.lraloeverashop.eu\\\/fr\\\/?s={search_term_string}\"},\"query-input\":{\"@type\":\"PropertyValueSpecification\",\"valueRequired\":true,\"valueName\":\"search_term_string\"}}],\"inLanguage\":\"fr-FR\"},{\"@type\":\"Organization\",\"@id\":\"https:\\\/\\\/www.lraloeverashop.eu\\\/fr\\\/#organization\",\"name\":\"Boutique Lr Aloe Vera\",\"alternateName\":\"LR\",\"url\":\"https:\\\/\\\/www.lraloeverashop.eu\\\/fr\\\/\",\"logo\":{\"@type\":\"ImageObject\",\"inLanguage\":\"fr-FR\",\"@id\":\"https:\\\/\\\/www.lraloeverashop.eu\\\/fr\\\/#\\\/schema\\\/logo\\\/image\\\/\",\"url\":\"https:\\\/\\\/www.lraloeverashop.eu\\\/wp-content\\\/uploads\\\/2022\\\/09\\\/cropped-Lr-Aloe-Vera-Shop.jpg\",\"contentUrl\":\"https:\\\/\\\/www.lraloeverashop.eu\\\/wp-content\\\/uploads\\\/2022\\\/09\\\/cropped-Lr-Aloe-Vera-Shop.jpg\",\"width\":228,\"height\":76,\"caption\":\"Boutique Lr Aloe Vera\"},\"image\":{\"@id\":\"https:\\\/\\\/www.lraloeverashop.eu\\\/fr\\\/#\\\/schema\\\/logo\\\/image\\\/\"},\"sameAs\":[\"https:\\\/\\\/www.facebook.com\\\/lraloeverashop.eu\",\"https:\\\/\\\/x.com\\\/natur__kosmetik\",\"https:\\\/\\\/www.youtube.com\\\/channel\\\/UC5oN7BJ8nfYb8RpVtjwDEBA\",\"https:\\\/\\\/www.instagram.com\\\/lrbeautyeu\\\/\"],\"description\":\"La boutique LR Aloe Vera est votre destination de confiance pour les produits de sant\u00e9 et de beaut\u00e9 haut de gamme LR, fabriqu\u00e9s en Allemagne. Nous proposons des soins de la peau, des compl\u00e9ments nutritionnels et des solutions anti-\u00e2ge \u00e0 l'aloe vera de haute qualit\u00e9, \u00e9labor\u00e9s \u00e0 partir d'ingr\u00e9dients purs et valid\u00e9s par la recherche scientifique. D\u00e9couvrez des soins naturels qui r\u00e9g\u00e9n\u00e8rent, prot\u00e8gent et revitalisent votre peau, et profitez d'offres mensuelles exclusives sur nos produits LR Aloe Vera les plus vendus.\\n\\nCommencez d\u00e8s aujourd'hui votre parcours vers des soins naturels et constatez la diff\u00e9rence.\",\"email\":\"info@lraloeverashop.eu\",\"telephone\":\"+49 17670609653\",\"legalName\":\"Lr Aloe Vera Shop\",\"foundingDate\":\"2018-04-21\",\"numberOfEmployees\":{\"@type\":\"QuantitativeValue\",\"minValue\":\"1\",\"maxValue\":\"10\"}}]}<\/script>\n<meta property=\"product:price:amount\" content=\"31.39\" \/>\n<meta property=\"product:price:currency\" content=\"EUR\" \/>\n<meta property=\"og:availability\" content=\"instock\" \/>\n<meta property=\"product:availability\" content=\"instock\" \/>\n<meta property=\"product:retailer_item_id\" content=\"80630-499FR\" \/>\n<meta property=\"product:condition\" content=\"new\" \/>\n<!-- \/ Yoast SEO Premium plugin. -->","yoast_head_json":{"title":"Fiber Boost Boisson en Poudre riche en fibres pour le corps","description":"Fiber Boost Boisson en Poudre aide le corps avec sa teneur en fibres alimentaires provenant de 3 sources de fibres diff\u00e9rentes et est ainsi encore meilleur","robots":{"index":"index","follow":"follow","max-snippet":"max-snippet:-1","max-image-preview":"max-image-preview:large","max-video-preview":"max-video-preview:-1"},"canonical":"https:\/\/www.lraloeverashop.eu\/fr\/produit\/fiber-boost-boisson-en-poudre\/","og_locale":"fr_FR","og_type":"article","og_title":"Fiber Boost Boisson en Poudre","og_description":"Fiber Boost Boisson en Poudre aide le corps avec sa teneur en fibres alimentaires provenant de 3 sources de fibres diff\u00e9rentes et est ainsi encore meilleur","og_url":"https:\/\/www.lraloeverashop.eu\/fr\/produit\/fiber-boost-boisson-en-poudre\/","og_site_name":"Boutique Lr Aloe Vera","article_publisher":"https:\/\/www.facebook.com\/lraloeverashop.eu","article_modified_time":"2026-02-02T18:39:12+00:00","og_image":[{"width":1200,"height":1200,"url":"https:\/\/www.lraloeverashop.eu\/wp-content\/uploads\/2022\/10\/Fiber-Boost-Drink-Powder-Supplement.jpg","type":"image\/jpeg"}],"twitter_card":"summary_large_image","twitter_site":"@natur__kosmetik","schema":{"@context":"https:\/\/schema.org","@graph":[{"@type":["WebPage","ItemPage"],"@id":"https:\/\/www.lraloeverashop.eu\/fr\/produit\/fiber-boost-boisson-en-poudre\/","url":"https:\/\/www.lraloeverashop.eu\/fr\/produit\/fiber-boost-boisson-en-poudre\/","name":"Fiber Boost Boisson en Poudre riche en fibres pour le corps","isPartOf":{"@id":"https:\/\/www.lraloeverashop.eu\/fr\/#website"},"primaryImageOfPage":{"@id":"https:\/\/www.lraloeverashop.eu\/fr\/produit\/fiber-boost-boisson-en-poudre\/#primaryimage"},"image":{"@id":"https:\/\/www.lraloeverashop.eu\/fr\/produit\/fiber-boost-boisson-en-poudre\/#primaryimage"},"thumbnailUrl":"https:\/\/www.lraloeverashop.eu\/wp-content\/uploads\/2022\/10\/Fiber-Boost-Drink-Powder-Supplement.jpg","datePublished":"2022-10-14T08:33:03+00:00","dateModified":"2026-02-02T18:39:12+00:00","description":"Fiber Boost Boisson en Poudre aide le corps avec sa teneur en fibres alimentaires provenant de 3 sources de fibres diff\u00e9rentes et est ainsi encore meilleur","breadcrumb":{"@id":"https:\/\/www.lraloeverashop.eu\/fr\/produit\/fiber-boost-boisson-en-poudre\/#breadcrumb"},"inLanguage":"fr-FR","potentialAction":[{"@type":"ReadAction","target":["https:\/\/www.lraloeverashop.eu\/fr\/produit\/fiber-boost-boisson-en-poudre\/"]}]},{"@type":"ImageObject","inLanguage":"fr-FR","@id":"https:\/\/www.lraloeverashop.eu\/fr\/produit\/fiber-boost-boisson-en-poudre\/#primaryimage","url":"https:\/\/www.lraloeverashop.eu\/wp-content\/uploads\/2022\/10\/Fiber-Boost-Drink-Powder-Supplement.jpg","contentUrl":"https:\/\/www.lraloeverashop.eu\/wp-content\/uploads\/2022\/10\/Fiber-Boost-Drink-Powder-Supplement.jpg","width":1200,"height":1200,"caption":"Fiber Boost Suppl\u00e9ment de boisson en poudre"},{"@type":"BreadcrumbList","@id":"https:\/\/www.lraloeverashop.eu\/fr\/produit\/fiber-boost-boisson-en-poudre\/#breadcrumb","itemListElement":[{"@type":"ListItem","position":1,"name":"Home","item":"https:\/\/www.lraloeverashop.eu\/fr\/home\/"},{"@type":"ListItem","position":2,"name":"Boutique","item":"https:\/\/www.lraloeverashop.eu\/fr\/boutique\/"},{"@type":"ListItem","position":3,"name":"Fiber Boost Boisson en Poudre"}]},{"@type":"WebSite","@id":"https:\/\/www.lraloeverashop.eu\/fr\/#website","url":"https:\/\/www.lraloeverashop.eu\/fr\/","name":"Boutique Lr Aloe Vera","description":"High Quality Lr Aloe Vera Gel, Aloe Vera Cream and Shampoo","publisher":{"@id":"https:\/\/www.lraloeverashop.eu\/fr\/#organization"},"alternateName":"LR","potentialAction":[{"@type":"SearchAction","target":{"@type":"EntryPoint","urlTemplate":"https:\/\/www.lraloeverashop.eu\/fr\/?s={search_term_string}"},"query-input":{"@type":"PropertyValueSpecification","valueRequired":true,"valueName":"search_term_string"}}],"inLanguage":"fr-FR"},{"@type":"Organization","@id":"https:\/\/www.lraloeverashop.eu\/fr\/#organization","name":"Boutique Lr Aloe Vera","alternateName":"LR","url":"https:\/\/www.lraloeverashop.eu\/fr\/","logo":{"@type":"ImageObject","inLanguage":"fr-FR","@id":"https:\/\/www.lraloeverashop.eu\/fr\/#\/schema\/logo\/image\/","url":"https:\/\/www.lraloeverashop.eu\/wp-content\/uploads\/2022\/09\/cropped-Lr-Aloe-Vera-Shop.jpg","contentUrl":"https:\/\/www.lraloeverashop.eu\/wp-content\/uploads\/2022\/09\/cropped-Lr-Aloe-Vera-Shop.jpg","width":228,"height":76,"caption":"Boutique Lr Aloe Vera"},"image":{"@id":"https:\/\/www.lraloeverashop.eu\/fr\/#\/schema\/logo\/image\/"},"sameAs":["https:\/\/www.facebook.com\/lraloeverashop.eu","https:\/\/x.com\/natur__kosmetik","https:\/\/www.youtube.com\/channel\/UC5oN7BJ8nfYb8RpVtjwDEBA","https:\/\/www.instagram.com\/lrbeautyeu\/"],"description":"La boutique LR Aloe Vera est votre destination de confiance pour les produits de sant\u00e9 et de beaut\u00e9 haut de gamme LR, fabriqu\u00e9s en Allemagne. Nous proposons des soins de la peau, des compl\u00e9ments nutritionnels et des solutions anti-\u00e2ge \u00e0 l'aloe vera de haute qualit\u00e9, \u00e9labor\u00e9s \u00e0 partir d'ingr\u00e9dients purs et valid\u00e9s par la recherche scientifique. D\u00e9couvrez des soins naturels qui r\u00e9g\u00e9n\u00e8rent, prot\u00e8gent et revitalisent votre peau, et profitez d'offres mensuelles exclusives sur nos produits LR Aloe Vera les plus vendus.\n\nCommencez d\u00e8s aujourd'hui votre parcours vers des soins naturels et constatez la diff\u00e9rence.","email":"info@lraloeverashop.eu","telephone":"+49 17670609653","legalName":"Lr Aloe Vera Shop","foundingDate":"2018-04-21","numberOfEmployees":{"@type":"QuantitativeValue","minValue":"1","maxValue":"10"}}]},"product_price_amount":"31.39","product_price_currency":"EUR","og_availability":"instock","product_availability":"instock","product_retailer_item_id":"80630-499FR","product_condition":"new"},"taxonomy_info":{"product_cat":[{"value":339,"label":"Compagnon de r\u00e9gime"},{"value":434,"label":"Intestins &amp; Digestion"},{"value":464,"label":"Sp\u00e9cialistes"},{"value":333,"label":"Substitut de repas"}],"product_tag":[{"value":583,"label":"Di\u00e8te"}]},"featured_image_src_large":["https:\/\/www.lraloeverashop.eu\/wp-content\/uploads\/2022\/10\/Fiber-Boost-Drink-Powder-Supplement-1024x1024.jpg",1024,1024,true],"author_info":[],"comment_info":0,"_links":{"self":[{"href":"https:\/\/www.lraloeverashop.eu\/fr\/wp-json\/wp\/v2\/product\/9449","targetHints":{"allow":["GET"]}}],"collection":[{"href":"https:\/\/www.lraloeverashop.eu\/fr\/wp-json\/wp\/v2\/product"}],"about":[{"href":"https:\/\/www.lraloeverashop.eu\/fr\/wp-json\/wp\/v2\/types\/product"}],"replies":[{"embeddable":true,"href":"https:\/\/www.lraloeverashop.eu\/fr\/wp-json\/wp\/v2\/comments?post=9449"}],"wp:featuredmedia":[{"embeddable":true,"href":"https:\/\/www.lraloeverashop.eu\/fr\/wp-json\/wp\/v2\/media\/5436"}],"wp:attachment":[{"href":"https:\/\/www.lraloeverashop.eu\/fr\/wp-json\/wp\/v2\/media?parent=9449"}],"wp:term":[{"taxonomy":"product_brand","embeddable":true,"href":"https:\/\/www.lraloeverashop.eu\/fr\/wp-json\/wp\/v2\/product_brand?post=9449"},{"taxonomy":"product_cat","embeddable":true,"href":"https:\/\/www.lraloeverashop.eu\/fr\/wp-json\/wp\/v2\/product_cat?post=9449"},{"taxonomy":"product_tag","embeddable":true,"href":"https:\/\/www.lraloeverashop.eu\/fr\/wp-json\/wp\/v2\/product_tag?post=9449"}],"curies":[{"name":"wp","href":"https:\/\/api.w.org\/{rel}","templated":true}]}}