{"id":9425,"date":"2022-10-14T11:15:49","date_gmt":"2022-10-14T09:15:49","guid":{"rendered":"https:\/\/www.lraloeverashop.eu\/product\/woman-phyto-gelules-pour-la-menopause\/"},"modified":"2026-02-02T19:38:15","modified_gmt":"2026-02-02T18:38:15","slug":"woman-phyto-gelules-pour-la-menopause","status":"publish","type":"product","link":"https:\/\/www.lraloeverashop.eu\/fr\/produit\/woman-phyto-gelules-pour-la-menopause\/","title":{"rendered":"G\u00e9lules M\u00e9nopause Phyto Activ"},"content":{"rendered":"<h2><span style=\"font-size: 16pt;\"><strong>G\u00e9lules M\u00e9nopause Phyto Activ<\/strong><\/span><\/h2>\n<p><span style=\"font-size: 14pt;\"><strong>G\u00e9lules M\u00e9nopause Phyto Activ &#8211; Rem\u00e8de Naturel M\u00e9nopause Pendant La P\u00e9riode Climat\u00e9rique<\/strong><\/span><\/p>\n<p>G\u00e9lules M\u00e9nopause Phyto Activ &#8211; Aide naturelle pendant la p\u00e9riode climat\u00e9rique. Il contient du magn\u00e9sium, du calcium, de la <a href=\"https:\/\/fr.wikipedia.org\/wiki\/Chol%C3%A9calcif%C3%A9rol\">vitamine D3<\/a>, qui aide \u00e0 stocker le calcium dans la masse osseuse. Avec extrait de tr\u00e8fle rouge. Uniquement des Alpes! Sans lactose et sans gluten.<\/p>\n<p>G\u00e9lules M\u00e9nopause Phyto Activ suppriment les sympt\u00f4mes de la m\u00e9nopause:<\/p>\n<ul>\n<li>Bouff\u00e9es de chaleur, transpiration, irritabilit\u00e9, nervosit\u00e9, fatigue, troubles<\/li>\n<li>du sommeil, maux de t\u00eate, tensions mammaires\u2026 ..<\/li>\n<li>Pr\u00e9vention de l&rsquo;ost\u00e9oporose!<\/li>\n<li>Pr\u00e9vention cardiovasculaire!<\/li>\n<li>R\u00e9duit la pression art\u00e9rielle!<\/li>\n<li>R\u00e9duit le cholest\u00e9rol!<\/li>\n<\/ul>\n<p><strong>Posologie recommand\u00e9e:<\/strong> Prendre 1 comprime m\u00e9nopause 3 fois par jour avant ou apr\u00e8s un repas.<\/p>\n<p>3 comprimes m\u00e9nopause contiennent 250 mg d&rsquo;extrait de tr\u00e8fle rouge, \u00e9quivalent \u00e0 50 mg d&rsquo;isoflavones de tr\u00e8fle rouge, des substances de type phytoestrog\u00e8ne, mais sur une base naturelle.<\/p>\n<p>Il est id\u00e9al d&rsquo;utiliser ce suppl\u00e9ment de m\u00e9nopause avec <a href=\"https:\/\/www.lraloeverashop.eu\/fr\/produit\/gel-a-boire-aloe-vera-freedom\/\">Gel \u00e0 Boire Aloe Vera Freedom<\/a>, qui peut affiner le syst\u00e8me hormonal f\u00e9minin et, gr\u00e2ce \u00e0 la synergie, l&rsquo;effet pr\u00e9ventif et th\u00e9rapeutique se multiplie.<br \/>\nLes isoflavones (phytoestrog\u00e8nes) sont des mol\u00e9cules de type \u0153strog\u00e8ne et agissent comme antioxydants dans les plantes libres. Ils assurent une protection cellulaire constructive. Ils prot\u00e8gent les vaisseaux sanguins de l&rsquo;ath\u00e9roscl\u00e9rose.<\/p>\n<p><span style=\"color: #ff0000;\"><strong>Attention:<\/strong> <\/span>M\u00eame des contraceptifs hormonaux mal utilis\u00e9s ou un traitement avec des pr\u00e9parations hormonales synth\u00e9tiques peuvent bien s\u00fbr contribuer \u00e0 perturber le rapport hormonal sexuel optimal!<\/p>\n<p>&nbsp;<\/p>\n<h3><span style=\"font-size: 16pt;\"><strong>Qui devrait prendre les G\u00e9lules M\u00e9nopause Phyto Activ?<\/strong><\/span><\/h3>\n<p>Le Phyto suppl\u00e9ment M\u00e9nopause doit \u00eatre utilis\u00e9 principalement par les femmes d&rsquo;\u00e2ge pr\u00e9m\u00e9nopausique qui souhaitent profiter des prochaines ann\u00e9es de la maturit\u00e9 adulte et pr\u00e9venir les <a href=\"https:\/\/www.lraloeverashop.eu\/fr\/produit\/pro-12-plus-gelules-offre-limitee\/\">complications de sant\u00e9<\/a>. En outre, les femmes fertiles qui d\u00e9veloppent des probl\u00e8mes de sant\u00e9 domin\u00e9s par les \u0153strog\u00e8nes.<\/p>\n<p>Les femmes enceintes et allaitantes doivent consulter leur m\u00e9decin pour une \u00e9ventuelle utilisation. Les femmes qui en ont surmont\u00e9 ou en traversant de tombes<\/p>\n<p>les maladies li\u00e9es \u00e0 la transition, elles doivent prendre ce produit r\u00e9guli\u00e8rement, \u00e9ventuellement avec un traitement pharmacologique et d&rsquo;autres rem\u00e8des naturels, tels que: Gel Aloe Vera, Reishi, <a href=\"https:\/\/www.lraloeverashop.eu\/fr\/produit\/vita-active-fruits-rouges-vitamines\/\">Vita Aktiv Vitamines<\/a> etc.<\/p>\n<p>Nous ne recommandons pas l&rsquo;utilisation du Phyto suppl\u00e9ment pour m\u00e9nopause chez les adolescents dont les isoflavones en plus grandes quantit\u00e9s peuvent affaiblir le <a href=\"https:\/\/www.lraloeverashop.eu\/fr\/produit\/colostrum-bovin-bio-liquide\/\">syst\u00e8me immunitaire<\/a>. En particulier, les m\u00e8res qui pr\u00e9sagent des nourrissons pour les pr\u00e9parations pour les nourrissons doivent s&rsquo;assurer qu&rsquo;ils ne sont pas fabriqu\u00e9s \u00e0 partir de soja.<\/p>\n<p>Bien s\u00fbr, il est id\u00e9al de prendre\u00a0G\u00e9lules M\u00e9nopause Phyto Activ avec du gel d&rsquo;Aloe Vera, car l&rsquo;alo\u00e8s lui-m\u00eame peut r\u00e9gler le syst\u00e8me hormonal f\u00e9minin. En raison de la synergie, l&rsquo;effet pr\u00e9ventif et th\u00e9rapeutique est multipli\u00e9.<\/p>\n<p>&nbsp;<\/p>\n<h3><span style=\"font-size: 16pt;\"><strong>Comment utiliser G\u00e9lules<\/strong><\/span><\/h3>\n<p><strong>Conseil d\u2019utilisation: <\/strong>Prendre 3 fois par jour 1 capsule avec une boisson.<\/p>\n<p>La dose journali\u00e8re conseill\u00e9e ne doit pas \u00eatre d\u00e9pass\u00e9e. Les compl\u00e9ments alimentaires ne doivent pas \u00eatre pris en remplacement d\u2019une alimentation \u00e9quilibr\u00e9e et vari\u00e9e. Ranger le produit hors de port\u00e9e des jeunes enfants. \u00c0 conserver dans un endroit frais et sec.<br \/>\nCe produit est uniquement destin\u00e9 aux femmes !<\/p>\n<p>&nbsp;<\/p>\n<h4><span style=\"font-size: 16pt;\"><strong>Questions fr\u00e9quemment pos\u00e9es<\/strong><\/span><\/h4>\n<p><strong>Que peut-on faire pour ses os ?<\/strong><br \/>\nBouger et faire du sport r\u00e9guli\u00e8rement renforce la musculature du squelette et sont extr\u00eamement importants pour d\u00e9velopper et conserver une structure osseuse stable. Courir, faire du v\u00e9lo, nager ou s\u2019entra\u00eener de fa\u00e7on cibl\u00e9e sollicite les <a href=\"https:\/\/www.lraloeverashop.eu\/fr\/produit\/active-freedom-gelules-set\/\">os<\/a>, ce qui entra\u00eene la constitution d\u2019une plus grande substance osseuse.<br \/>\nNous devons veiller, en hiver tout particuli\u00e8rement, \u00e0 \u00ab prendre \u00bb un peu de soleil au moins une fois par jour. Car le soleil aide le corps \u00e0 constituer de la vitamine D qui joue notamment un r\u00f4le dans de nombreux processus hormonaux.<\/p>\n<p><strong>Comment l\u2019alimentation peut-elle aider \u00e0 favoriser le bien-\u00eatre f\u00e9minin ?<\/strong><br \/>\nUne alimentation v\u00e9g\u00e9tale saine et vari\u00e9e rev\u00eat une grande importance : les fruits, les l\u00e9gumes, les fruits \u00e0 coque et les produits \u00e0 base de bl\u00e9 complet contiennent, outre les vitamines, substances min\u00e9rales et oligo\u00e9l\u00e9ments n\u00e9cessaires, des substances v\u00e9g\u00e9tales secondaires qui emp\u00eachent un vieillissement pr\u00e9coce.<\/p>\n","protected":false},"excerpt":{"rendered":"<ul>\n<li>Pour le bien-\u00eatre du corps f\u00e9minin<\/li>\n<li>Avec du calcium et de la vitamine D pour maintenir la sant\u00e9 des os<\/li>\n<li>Contient de l&rsquo;extrait de tr\u00e8fle rouge<\/li>\n<li>Sans lactose et sans gluten<\/li>\n<li>Produit fabriqu\u00e9 en Allemagne<\/li>\n<li>Quantit\u00e9: 90 G\u00e9lules<\/li>\n<\/ul>\n<p style=\"text-align: left;\"><span style=\"color: #ff0000;\"><a style=\"color: #ff0000;\" href=\"https:\/\/shop.lrworld.com\/openpao?PHP=0vFlt7jT938BEnBI3a6e9w%3D%3D\"><span style=\"font-size: 14pt;\"><strong>Inscrivez-vous et \u00e9conomisez 35% sur chaque commande<\/strong><\/span><\/a><\/span><\/p>\n","protected":false},"featured_media":5676,"comment_status":"open","ping_status":"closed","template":"","meta":{"_kad_blocks_custom_css":"","_kad_blocks_head_custom_js":"","_kad_blocks_body_custom_js":"","_kad_blocks_footer_custom_js":"","_kadence_starter_templates_imported_post":false,"_kad_post_transparent":"default","_kad_post_title":"","_kad_post_layout":"default","_kad_post_sidebar_id":"","_kad_post_content_style":"default","_kad_post_vertical_padding":"default","_kad_post_feature":"","_kad_post_feature_position":"","_kad_post_header":false,"_kad_post_footer":false,"_kad_post_classname":""},"product_brand":[],"product_cat":[428,464],"product_tag":[],"class_list":{"0":"post-9425","1":"product","2":"type-product","3":"status-publish","4":"has-post-thumbnail","6":"product_cat-equilibre-hormonal","7":"product_cat-specialistes","9":"first","10":"instock","11":"taxable","12":"shipping-taxable","13":"purchasable","14":"product-type-simple","15":"entry","16":"content-bg","17":"loop-entry"},"yoast_head":"<!-- This site is optimized with the Yoast SEO Premium plugin v27.3 (Yoast SEO v27.3) - https:\/\/yoast.com\/product\/yoast-seo-premium-wordpress\/ -->\n<title>G\u00e9lules M\u00e9nopause Phyto Activ pour le bien-\u00eatre du corps f\u00e9minin<\/title>\n<meta name=\"description\" content=\"G\u00e9lules M\u00e9nopause Phyto Activ contient du magn\u00e9sium, du calcium, de la vitamine D3, qui aide \u00e0 stocker le calcium dans la masse osseuse.\" \/>\n<meta name=\"robots\" content=\"index, follow, max-snippet:-1, max-image-preview:large, max-video-preview:-1\" \/>\n<link rel=\"canonical\" href=\"https:\/\/www.lraloeverashop.eu\/fr\/produit\/woman-phyto-gelules-pour-la-menopause\/\" \/>\n<meta property=\"og:locale\" content=\"fr_FR\" \/>\n<meta property=\"og:type\" content=\"article\" \/>\n<meta property=\"og:title\" content=\"G\u00e9lules M\u00e9nopause Phyto Activ\" \/>\n<meta property=\"og:description\" content=\"G\u00e9lules M\u00e9nopause Phyto Activ contient du magn\u00e9sium, du calcium, de la vitamine D3, qui aide \u00e0 stocker le calcium dans la masse osseuse.\" \/>\n<meta property=\"og:url\" content=\"https:\/\/www.lraloeverashop.eu\/fr\/produit\/woman-phyto-gelules-pour-la-menopause\/\" \/>\n<meta property=\"og:site_name\" content=\"Boutique Lr Aloe Vera\" \/>\n<meta property=\"article:publisher\" content=\"https:\/\/www.facebook.com\/lraloeverashop.eu\" \/>\n<meta property=\"article:modified_time\" content=\"2026-02-02T18:38:15+00:00\" \/>\n<meta property=\"og:image\" content=\"https:\/\/www.lraloeverashop.eu\/wp-content\/uploads\/2022\/10\/Lr-Woman-Phyto-Active-Capsules.jpg\" \/>\n\t<meta property=\"og:image:width\" content=\"1200\" \/>\n\t<meta property=\"og:image:height\" content=\"1200\" \/>\n\t<meta property=\"og:image:type\" content=\"image\/jpeg\" \/>\n<meta name=\"twitter:card\" content=\"summary_large_image\" \/>\n<meta name=\"twitter:site\" content=\"@natur__kosmetik\" \/>\n<script type=\"application\/ld+json\" class=\"yoast-schema-graph\">{\"@context\":\"https:\\\/\\\/schema.org\",\"@graph\":[{\"@type\":[\"WebPage\",\"ItemPage\"],\"@id\":\"https:\\\/\\\/www.lraloeverashop.eu\\\/fr\\\/produit\\\/woman-phyto-gelules-pour-la-menopause\\\/\",\"url\":\"https:\\\/\\\/www.lraloeverashop.eu\\\/fr\\\/produit\\\/woman-phyto-gelules-pour-la-menopause\\\/\",\"name\":\"G\u00e9lules M\u00e9nopause Phyto Activ pour le bien-\u00eatre du corps f\u00e9minin\",\"isPartOf\":{\"@id\":\"https:\\\/\\\/www.lraloeverashop.eu\\\/fr\\\/#website\"},\"primaryImageOfPage\":{\"@id\":\"https:\\\/\\\/www.lraloeverashop.eu\\\/fr\\\/produit\\\/woman-phyto-gelules-pour-la-menopause\\\/#primaryimage\"},\"image\":{\"@id\":\"https:\\\/\\\/www.lraloeverashop.eu\\\/fr\\\/produit\\\/woman-phyto-gelules-pour-la-menopause\\\/#primaryimage\"},\"thumbnailUrl\":\"https:\\\/\\\/www.lraloeverashop.eu\\\/wp-content\\\/uploads\\\/2022\\\/10\\\/Lr-Woman-Phyto-Active-Capsules.jpg\",\"datePublished\":\"2022-10-14T09:15:49+00:00\",\"dateModified\":\"2026-02-02T18:38:15+00:00\",\"description\":\"G\u00e9lules M\u00e9nopause Phyto Activ contient du magn\u00e9sium, du calcium, de la vitamine D3, qui aide \u00e0 stocker le calcium dans la masse osseuse.\",\"breadcrumb\":{\"@id\":\"https:\\\/\\\/www.lraloeverashop.eu\\\/fr\\\/produit\\\/woman-phyto-gelules-pour-la-menopause\\\/#breadcrumb\"},\"inLanguage\":\"fr-FR\",\"potentialAction\":[{\"@type\":\"ReadAction\",\"target\":[\"https:\\\/\\\/www.lraloeverashop.eu\\\/fr\\\/produit\\\/woman-phyto-gelules-pour-la-menopause\\\/\"]}]},{\"@type\":\"ImageObject\",\"inLanguage\":\"fr-FR\",\"@id\":\"https:\\\/\\\/www.lraloeverashop.eu\\\/fr\\\/produit\\\/woman-phyto-gelules-pour-la-menopause\\\/#primaryimage\",\"url\":\"https:\\\/\\\/www.lraloeverashop.eu\\\/wp-content\\\/uploads\\\/2022\\\/10\\\/Lr-Woman-Phyto-Active-Capsules.jpg\",\"contentUrl\":\"https:\\\/\\\/www.lraloeverashop.eu\\\/wp-content\\\/uploads\\\/2022\\\/10\\\/Lr-Woman-Phyto-Active-Capsules.jpg\",\"width\":1200,\"height\":1200,\"caption\":\"Woman Phyto Activ G\u00e9lules pour la m\u00e9nopause\"},{\"@type\":\"BreadcrumbList\",\"@id\":\"https:\\\/\\\/www.lraloeverashop.eu\\\/fr\\\/produit\\\/woman-phyto-gelules-pour-la-menopause\\\/#breadcrumb\",\"itemListElement\":[{\"@type\":\"ListItem\",\"position\":1,\"name\":\"Home\",\"item\":\"https:\\\/\\\/www.lraloeverashop.eu\\\/fr\\\/\"},{\"@type\":\"ListItem\",\"position\":2,\"name\":\"Boutique\",\"item\":\"https:\\\/\\\/www.lraloeverashop.eu\\\/fr\\\/boutique\\\/\"},{\"@type\":\"ListItem\",\"position\":3,\"name\":\"G\u00e9lules M\u00e9nopause Phyto Activ\"}]},{\"@type\":\"WebSite\",\"@id\":\"https:\\\/\\\/www.lraloeverashop.eu\\\/fr\\\/#website\",\"url\":\"https:\\\/\\\/www.lraloeverashop.eu\\\/fr\\\/\",\"name\":\"Boutique Lr Aloe Vera\",\"description\":\"High Quality Lr Aloe Vera Gel, Aloe Vera Cream and Shampoo\",\"publisher\":{\"@id\":\"https:\\\/\\\/www.lraloeverashop.eu\\\/fr\\\/#organization\"},\"potentialAction\":[{\"@type\":\"SearchAction\",\"target\":{\"@type\":\"EntryPoint\",\"urlTemplate\":\"https:\\\/\\\/www.lraloeverashop.eu\\\/fr\\\/?s={search_term_string}\"},\"query-input\":{\"@type\":\"PropertyValueSpecification\",\"valueRequired\":true,\"valueName\":\"search_term_string\"}}],\"inLanguage\":\"fr-FR\"},{\"@type\":\"Organization\",\"@id\":\"https:\\\/\\\/www.lraloeverashop.eu\\\/fr\\\/#organization\",\"name\":\"Boutique Lr Aloe Vera\",\"alternateName\":\"LR\",\"url\":\"https:\\\/\\\/www.lraloeverashop.eu\\\/fr\\\/\",\"logo\":{\"@type\":\"ImageObject\",\"inLanguage\":\"fr-FR\",\"@id\":\"https:\\\/\\\/www.lraloeverashop.eu\\\/fr\\\/#\\\/schema\\\/logo\\\/image\\\/\",\"url\":\"https:\\\/\\\/www.lraloeverashop.eu\\\/wp-content\\\/uploads\\\/2022\\\/09\\\/cropped-Lr-Aloe-Vera-Shop.jpg\",\"contentUrl\":\"https:\\\/\\\/www.lraloeverashop.eu\\\/wp-content\\\/uploads\\\/2022\\\/09\\\/cropped-Lr-Aloe-Vera-Shop.jpg\",\"width\":228,\"height\":76,\"caption\":\"Boutique Lr Aloe Vera\"},\"image\":{\"@id\":\"https:\\\/\\\/www.lraloeverashop.eu\\\/fr\\\/#\\\/schema\\\/logo\\\/image\\\/\"},\"sameAs\":[\"https:\\\/\\\/www.facebook.com\\\/lraloeverashop.eu\",\"https:\\\/\\\/x.com\\\/natur__kosmetik\",\"https:\\\/\\\/www.youtube.com\\\/channel\\\/UC5oN7BJ8nfYb8RpVtjwDEBA\",\"https:\\\/\\\/www.instagram.com\\\/lrbeautyeu\\\/\"]}]}<\/script>\n<meta property=\"product:price:amount\" content=\"36.99\" \/>\n<meta property=\"product:price:currency\" content=\"EUR\" \/>\n<meta property=\"og:availability\" content=\"instock\" \/>\n<meta property=\"product:availability\" content=\"instock\" \/>\n<meta property=\"product:retailer_item_id\" content=\"80332-401FR\" \/>\n<meta property=\"product:condition\" content=\"new\" \/>\n<!-- \/ Yoast SEO Premium plugin. -->","yoast_head_json":{"title":"G\u00e9lules M\u00e9nopause Phyto Activ pour le bien-\u00eatre du corps f\u00e9minin","description":"G\u00e9lules M\u00e9nopause Phyto Activ contient du magn\u00e9sium, du calcium, de la vitamine D3, qui aide \u00e0 stocker le calcium dans la masse osseuse.","robots":{"index":"index","follow":"follow","max-snippet":"max-snippet:-1","max-image-preview":"max-image-preview:large","max-video-preview":"max-video-preview:-1"},"canonical":"https:\/\/www.lraloeverashop.eu\/fr\/produit\/woman-phyto-gelules-pour-la-menopause\/","og_locale":"fr_FR","og_type":"article","og_title":"G\u00e9lules M\u00e9nopause Phyto Activ","og_description":"G\u00e9lules M\u00e9nopause Phyto Activ contient du magn\u00e9sium, du calcium, de la vitamine D3, qui aide \u00e0 stocker le calcium dans la masse osseuse.","og_url":"https:\/\/www.lraloeverashop.eu\/fr\/produit\/woman-phyto-gelules-pour-la-menopause\/","og_site_name":"Boutique Lr Aloe Vera","article_publisher":"https:\/\/www.facebook.com\/lraloeverashop.eu","article_modified_time":"2026-02-02T18:38:15+00:00","og_image":[{"width":1200,"height":1200,"url":"https:\/\/www.lraloeverashop.eu\/wp-content\/uploads\/2022\/10\/Lr-Woman-Phyto-Active-Capsules.jpg","type":"image\/jpeg"}],"twitter_card":"summary_large_image","twitter_site":"@natur__kosmetik","schema":{"@context":"https:\/\/schema.org","@graph":[{"@type":["WebPage","ItemPage"],"@id":"https:\/\/www.lraloeverashop.eu\/fr\/produit\/woman-phyto-gelules-pour-la-menopause\/","url":"https:\/\/www.lraloeverashop.eu\/fr\/produit\/woman-phyto-gelules-pour-la-menopause\/","name":"G\u00e9lules M\u00e9nopause Phyto Activ pour le bien-\u00eatre du corps f\u00e9minin","isPartOf":{"@id":"https:\/\/www.lraloeverashop.eu\/fr\/#website"},"primaryImageOfPage":{"@id":"https:\/\/www.lraloeverashop.eu\/fr\/produit\/woman-phyto-gelules-pour-la-menopause\/#primaryimage"},"image":{"@id":"https:\/\/www.lraloeverashop.eu\/fr\/produit\/woman-phyto-gelules-pour-la-menopause\/#primaryimage"},"thumbnailUrl":"https:\/\/www.lraloeverashop.eu\/wp-content\/uploads\/2022\/10\/Lr-Woman-Phyto-Active-Capsules.jpg","datePublished":"2022-10-14T09:15:49+00:00","dateModified":"2026-02-02T18:38:15+00:00","description":"G\u00e9lules M\u00e9nopause Phyto Activ contient du magn\u00e9sium, du calcium, de la vitamine D3, qui aide \u00e0 stocker le calcium dans la masse osseuse.","breadcrumb":{"@id":"https:\/\/www.lraloeverashop.eu\/fr\/produit\/woman-phyto-gelules-pour-la-menopause\/#breadcrumb"},"inLanguage":"fr-FR","potentialAction":[{"@type":"ReadAction","target":["https:\/\/www.lraloeverashop.eu\/fr\/produit\/woman-phyto-gelules-pour-la-menopause\/"]}]},{"@type":"ImageObject","inLanguage":"fr-FR","@id":"https:\/\/www.lraloeverashop.eu\/fr\/produit\/woman-phyto-gelules-pour-la-menopause\/#primaryimage","url":"https:\/\/www.lraloeverashop.eu\/wp-content\/uploads\/2022\/10\/Lr-Woman-Phyto-Active-Capsules.jpg","contentUrl":"https:\/\/www.lraloeverashop.eu\/wp-content\/uploads\/2022\/10\/Lr-Woman-Phyto-Active-Capsules.jpg","width":1200,"height":1200,"caption":"Woman Phyto Activ G\u00e9lules pour la m\u00e9nopause"},{"@type":"BreadcrumbList","@id":"https:\/\/www.lraloeverashop.eu\/fr\/produit\/woman-phyto-gelules-pour-la-menopause\/#breadcrumb","itemListElement":[{"@type":"ListItem","position":1,"name":"Home","item":"https:\/\/www.lraloeverashop.eu\/fr\/"},{"@type":"ListItem","position":2,"name":"Boutique","item":"https:\/\/www.lraloeverashop.eu\/fr\/boutique\/"},{"@type":"ListItem","position":3,"name":"G\u00e9lules M\u00e9nopause Phyto Activ"}]},{"@type":"WebSite","@id":"https:\/\/www.lraloeverashop.eu\/fr\/#website","url":"https:\/\/www.lraloeverashop.eu\/fr\/","name":"Boutique Lr Aloe Vera","description":"High Quality Lr Aloe Vera Gel, Aloe Vera Cream and Shampoo","publisher":{"@id":"https:\/\/www.lraloeverashop.eu\/fr\/#organization"},"potentialAction":[{"@type":"SearchAction","target":{"@type":"EntryPoint","urlTemplate":"https:\/\/www.lraloeverashop.eu\/fr\/?s={search_term_string}"},"query-input":{"@type":"PropertyValueSpecification","valueRequired":true,"valueName":"search_term_string"}}],"inLanguage":"fr-FR"},{"@type":"Organization","@id":"https:\/\/www.lraloeverashop.eu\/fr\/#organization","name":"Boutique Lr Aloe Vera","alternateName":"LR","url":"https:\/\/www.lraloeverashop.eu\/fr\/","logo":{"@type":"ImageObject","inLanguage":"fr-FR","@id":"https:\/\/www.lraloeverashop.eu\/fr\/#\/schema\/logo\/image\/","url":"https:\/\/www.lraloeverashop.eu\/wp-content\/uploads\/2022\/09\/cropped-Lr-Aloe-Vera-Shop.jpg","contentUrl":"https:\/\/www.lraloeverashop.eu\/wp-content\/uploads\/2022\/09\/cropped-Lr-Aloe-Vera-Shop.jpg","width":228,"height":76,"caption":"Boutique Lr Aloe Vera"},"image":{"@id":"https:\/\/www.lraloeverashop.eu\/fr\/#\/schema\/logo\/image\/"},"sameAs":["https:\/\/www.facebook.com\/lraloeverashop.eu","https:\/\/x.com\/natur__kosmetik","https:\/\/www.youtube.com\/channel\/UC5oN7BJ8nfYb8RpVtjwDEBA","https:\/\/www.instagram.com\/lrbeautyeu\/"]}]},"product_price_amount":"36.99","product_price_currency":"EUR","og_availability":"instock","product_availability":"instock","product_retailer_item_id":"80332-401FR","product_condition":"new"},"taxonomy_info":{"product_cat":[{"value":428,"label":"\u00c9quilibre Hormonal"},{"value":464,"label":"Sp\u00e9cialistes"}]},"featured_image_src_large":["https:\/\/www.lraloeverashop.eu\/wp-content\/uploads\/2022\/10\/Lr-Woman-Phyto-Active-Capsules-1024x1024.jpg",1024,1024,true],"author_info":[],"comment_info":0,"_links":{"self":[{"href":"https:\/\/www.lraloeverashop.eu\/fr\/wp-json\/wp\/v2\/product\/9425","targetHints":{"allow":["GET"]}}],"collection":[{"href":"https:\/\/www.lraloeverashop.eu\/fr\/wp-json\/wp\/v2\/product"}],"about":[{"href":"https:\/\/www.lraloeverashop.eu\/fr\/wp-json\/wp\/v2\/types\/product"}],"replies":[{"embeddable":true,"href":"https:\/\/www.lraloeverashop.eu\/fr\/wp-json\/wp\/v2\/comments?post=9425"}],"wp:featuredmedia":[{"embeddable":true,"href":"https:\/\/www.lraloeverashop.eu\/fr\/wp-json\/wp\/v2\/media\/5676"}],"wp:attachment":[{"href":"https:\/\/www.lraloeverashop.eu\/fr\/wp-json\/wp\/v2\/media?parent=9425"}],"wp:term":[{"taxonomy":"product_brand","embeddable":true,"href":"https:\/\/www.lraloeverashop.eu\/fr\/wp-json\/wp\/v2\/product_brand?post=9425"},{"taxonomy":"product_cat","embeddable":true,"href":"https:\/\/www.lraloeverashop.eu\/fr\/wp-json\/wp\/v2\/product_cat?post=9425"},{"taxonomy":"product_tag","embeddable":true,"href":"https:\/\/www.lraloeverashop.eu\/fr\/wp-json\/wp\/v2\/product_tag?post=9425"}],"curies":[{"name":"wp","href":"https:\/\/api.w.org\/{rel}","templated":true}]}}