{"id":9377,"date":"2022-10-15T08:29:04","date_gmt":"2022-10-15T06:29:04","guid":{"rendered":"https:\/\/www.lraloeverashop.eu\/product\/active-freedom-gelules-set-2-pieces\/"},"modified":"2026-04-18T21:54:31","modified_gmt":"2026-04-18T19:54:31","slug":"active-freedom-gelules-set-2-pieces","status":"publish","type":"product","link":"https:\/\/www.lraloeverashop.eu\/fr\/produit\/active-freedom-gelules-set-2-pieces\/","title":{"rendered":"Active Freedom G\u00e9lules Set de 2 pi\u00e8ces"},"content":{"rendered":"<h2><span style=\"font-size: 16pt;\"><strong>Active Freedom G\u00e9lules Set de 2 Pi\u00e8ces<\/strong><\/span><\/h2>\n<p><span style=\"font-size: 14pt;\"><strong>Active Freedom G\u00e9lules Set de 2 Pi\u00e8ces \u2013 Meilleur support pour le syst\u00e8me musculo-squelettique<\/strong><\/span><\/p>\n<p>Des cartilages, des os et des muscles sains sont essentiels pour les articulations et donc pour un appareil locomoteur intact. Un apport suffisant en micronutriments est donc \u00e9l\u00e9mentaire. De plus, l&#8217;\u00e2ge peut entra\u00eener une d\u00e9gradation des tissus cartilagineux et musculaires.<\/p>\n<p>Les micronutriments contenus dans les g\u00e9lules Active Freedom soutiennent de mani\u00e8re cibl\u00e9e et efficace une vie quotidienne active :<\/p>\n<p>Active Freedom G\u00e9lules Set de 2 Pi\u00e8ces fournissent des <a href=\"https:\/\/www.lraloeverashop.eu\/fr\/produit\/cistus-incanus-gelules\/\">antioxydants<\/a> comme m\u00e9canisme de protection contre les radicaux libres, qui peuvent par exemple se former lors d&#8217;efforts importants. (1)<\/p>\n<p>G\u00e9lules Set de 2 pi\u00e8ces maintiennent une structure osseuse et une formation de tissu conjonctif normales. Dans ce contexte, la vitamine D aide \u00e0 l&#8217;absorption du calcium et du phosphore, qui sont \u00e9galement importants pour la sant\u00e9 des os, et participe au maintien du taux de calcium dans le sang. (2,3,4,5)<\/p>\n<p>Les capsules Active Freedom soutiennent la force musculaire et contiennent du sulfate de glucosamine et du sulfate de chondro\u00eftine, les \u00e9l\u00e9ments de base du cartilage et des tissus articulaires. (6)<\/p>\n<p>Nos articulations du genou et de la hanche, en particulier, sont fortement sollicit\u00e9es, car elles supportent le poids de <a href=\"https:\/\/www.lraloeverashop.eu\/fr\/produit\/colostrum-gelules-set-2-pieces\/\">notre corps<\/a>, amortissent les secousses ou les chocs et doivent n\u00e9anmoins r\u00e9agir avec souplesse. Le liquide synovial, un film protecteur lisse et \u00e9lastique, recouvre nos surfaces articulaires et agit, entre autres, comme un coussin entre les articulations.<\/p>\n<p>&nbsp;<\/p>\n<p>(1) Le mangan\u00e8se et la <a href=\"https:\/\/www.lraloeverashop.eu\/fr\/produit\/cistus-incanus-lr-gelules-set-2-pieces\/\">vitamine E<\/a> contribuent \u00e0 prot\u00e9ger les cellules contre le stress oxydatif.<br \/>\n(2) Le mangan\u00e8se et la vitamine D contribuent au maintien d&#8217;une ossature normale.<br \/>\n(3) Le mangan\u00e8se contribue \u00e0 la formation d&#8217;un tissu conjonctif normal.<br \/>\n(4) La vitamine D contribue \u00e0 une absorption\/utilisation normale du calcium et du phosphore.<br \/>\n(5) La vitamine D contribue \u00e0 un taux normal de calcium dans le sang.<br \/>\n(6) La vitamine D contribue au maintien d&#8217;une <a href=\"https:\/\/www.lraloeverashop.eu\/fr\/produit\/boisson-freedom-aloe-vera-offre-limitee\/\">fonction musculaire<\/a> normale.<\/p>\n<p>&nbsp;<\/p>\n<h3><span style=\"font-size: 16pt;\"><strong>Comment utiliser<\/strong><\/span><\/h3>\n<p>Prendre Active Freedom G\u00e9lules Set de 2 pi\u00e8ces 2 fois par jour une capsule avec un verre d\u2019eau avant ou apr\u00e8s un repas<\/p>\n<p>La dose journali\u00e8re conseill\u00e9e ne doit pas \u00eatre d\u00e9pass\u00e9e. Les compl\u00e9ments alimentaires ne remplacent pas une <a href=\"https:\/\/www.lraloeverashop.eu\/fr\/produit\/reishi-gelules\/\">alimentation vari\u00e9e<\/a> et \u00e9quilibr\u00e9e qui est aussi importante qu\u2019un mode de vie sain. Ne doit pas \u00eatre pris en cas d\u2019allergies connues au sulfate de chondroitine et de glucosamine. Ranger le produit hors de port\u00e9e des jeunes enfants. Ne convient pas en cas d\u2019allergie aux crustac\u00e9s.<\/p>\n<p>&nbsp;<\/p>\n","protected":false},"excerpt":{"rendered":"<ul>\n<li><span style=\"color: #ff0000;\"><strong>Offre limit\u00e9e<\/strong><\/span><\/li>\n<li>Fournit des antioxydants comme m\u00e9canisme de protection contre les radicaux libres (1)<\/li>\n<li>Maintient une structure osseuse normale et la formation de tissus conjonctifs (2,3)<\/li>\n<li>Soutient la force musculaire<\/li>\n<li>Contient du sulfate de glucosamine et du sulfate de chondro\u00eftine, les \u00e9l\u00e9ments de base du cartilage et des tissus articulaires.<\/li>\n<li>Contenu : 2 x 60 g\u00e9lules<\/li>\n<\/ul>\n<p style=\"text-align: left;\"><span style=\"color: #ff0000;\"><a style=\"color: #ff0000;\" href=\"https:\/\/shop.lrworld.com\/openpao?PHP=0vFlt7jT938BEnBI3a6e9w%3D%3D\"><span style=\"font-size: 14pt;\"><strong>Inscrivez-vous et \u00e9conomisez 35% sur chaque commande<\/strong><\/span><\/a><\/span><\/p>\n","protected":false},"featured_media":5490,"comment_status":"open","ping_status":"closed","template":"","meta":{"_kad_blocks_custom_css":"","_kad_blocks_head_custom_js":"","_kad_blocks_body_custom_js":"","_kad_blocks_footer_custom_js":"","_kadence_starter_templates_imported_post":false,"_kad_post_transparent":"default","_kad_post_title":"","_kad_post_layout":"default","_kad_post_sidebar_id":"","_kad_post_content_style":"default","_kad_post_vertical_padding":"default","_kad_post_feature":"","_kad_post_feature_position":"","_kad_post_header":false,"_kad_post_footer":false,"_kad_post_classname":""},"product_brand":[],"product_cat":[416,351,464],"product_tag":[644],"class_list":{"0":"post-9377","1":"product","2":"type-product","3":"status-publish","4":"has-post-thumbnail","6":"product_cat-os-articulations-et-muscles","7":"product_cat-soldes","8":"product_cat-specialistes","9":"product_tag-douleurs-articulaires","11":"first","12":"outofstock","13":"sale","14":"taxable","15":"shipping-taxable","16":"purchasable","17":"product-type-simple","18":"entry","19":"content-bg","20":"loop-entry"},"yoast_head":"<!-- This site is optimized with the Yoast SEO Premium plugin v27.4 (Yoast SEO v27.4) - https:\/\/yoast.com\/product\/yoast-seo-premium-wordpress\/ -->\n<title>Active Freedom g\u00e9lules set de 2 pi\u00e8ces Pour le cartilage<\/title>\n<meta name=\"description\" content=\"Active Freedom G\u00e9lules Set de 2 pi\u00e8ces Fournit des antioxydants et maintient une structure osseuse normale et la formation de tissus conjonctifs\" \/>\n<meta name=\"robots\" content=\"index, follow, max-snippet:-1, max-image-preview:large, max-video-preview:-1\" \/>\n<link rel=\"canonical\" href=\"https:\/\/www.lraloeverashop.eu\/fr\/produit\/active-freedom-gelules-set-2-pieces\/\" \/>\n<meta property=\"og:locale\" content=\"fr_FR\" \/>\n<meta property=\"og:type\" content=\"article\" \/>\n<meta property=\"og:title\" content=\"Active Freedom G\u00e9lules Set de 2 pi\u00e8ces\" \/>\n<meta property=\"og:description\" content=\"Active Freedom G\u00e9lules Set de 2 pi\u00e8ces Fournit des antioxydants et maintient une structure osseuse normale et la formation de tissus conjonctifs\" \/>\n<meta property=\"og:url\" content=\"https:\/\/www.lraloeverashop.eu\/fr\/produit\/active-freedom-gelules-set-2-pieces\/\" \/>\n<meta property=\"og:site_name\" content=\"Boutique Lr Aloe Vera\" \/>\n<meta property=\"article:publisher\" content=\"https:\/\/www.facebook.com\/lraloeverashop.eu\" \/>\n<meta property=\"article:modified_time\" content=\"2026-04-18T19:54:31+00:00\" \/>\n<meta property=\"og:image\" content=\"https:\/\/www.lraloeverashop.eu\/wp-content\/uploads\/2022\/10\/Freedom-Capsules-double-Set.jpg\" \/>\n\t<meta property=\"og:image:width\" content=\"1200\" \/>\n\t<meta property=\"og:image:height\" content=\"1200\" \/>\n\t<meta property=\"og:image:type\" content=\"image\/jpeg\" \/>\n<meta name=\"twitter:card\" content=\"summary_large_image\" \/>\n<meta name=\"twitter:site\" content=\"@natur__kosmetik\" \/>\n<script type=\"application\/ld+json\" class=\"yoast-schema-graph\">{\"@context\":\"https:\\\/\\\/schema.org\",\"@graph\":[{\"@type\":[\"WebPage\",\"ItemPage\"],\"@id\":\"https:\\\/\\\/www.lraloeverashop.eu\\\/fr\\\/produit\\\/active-freedom-gelules-set-2-pieces\\\/\",\"url\":\"https:\\\/\\\/www.lraloeverashop.eu\\\/fr\\\/produit\\\/active-freedom-gelules-set-2-pieces\\\/\",\"name\":\"Active Freedom g\u00e9lules set de 2 pi\u00e8ces Pour le cartilage\",\"isPartOf\":{\"@id\":\"https:\\\/\\\/www.lraloeverashop.eu\\\/fr\\\/#website\"},\"primaryImageOfPage\":{\"@id\":\"https:\\\/\\\/www.lraloeverashop.eu\\\/fr\\\/produit\\\/active-freedom-gelules-set-2-pieces\\\/#primaryimage\"},\"image\":{\"@id\":\"https:\\\/\\\/www.lraloeverashop.eu\\\/fr\\\/produit\\\/active-freedom-gelules-set-2-pieces\\\/#primaryimage\"},\"thumbnailUrl\":\"https:\\\/\\\/www.lraloeverashop.eu\\\/wp-content\\\/uploads\\\/2022\\\/10\\\/Freedom-Capsules-double-Set.jpg\",\"datePublished\":\"2022-10-15T06:29:04+00:00\",\"dateModified\":\"2026-04-18T19:54:31+00:00\",\"description\":\"Active Freedom G\u00e9lules Set de 2 pi\u00e8ces Fournit des antioxydants et maintient une structure osseuse normale et la formation de tissus conjonctifs\",\"breadcrumb\":{\"@id\":\"https:\\\/\\\/www.lraloeverashop.eu\\\/fr\\\/produit\\\/active-freedom-gelules-set-2-pieces\\\/#breadcrumb\"},\"inLanguage\":\"fr-FR\",\"potentialAction\":[{\"@type\":\"ReadAction\",\"target\":[\"https:\\\/\\\/www.lraloeverashop.eu\\\/fr\\\/produit\\\/active-freedom-gelules-set-2-pieces\\\/\"]}]},{\"@type\":\"ImageObject\",\"inLanguage\":\"fr-FR\",\"@id\":\"https:\\\/\\\/www.lraloeverashop.eu\\\/fr\\\/produit\\\/active-freedom-gelules-set-2-pieces\\\/#primaryimage\",\"url\":\"https:\\\/\\\/www.lraloeverashop.eu\\\/wp-content\\\/uploads\\\/2022\\\/10\\\/Freedom-Capsules-double-Set.jpg\",\"contentUrl\":\"https:\\\/\\\/www.lraloeverashop.eu\\\/wp-content\\\/uploads\\\/2022\\\/10\\\/Freedom-Capsules-double-Set.jpg\",\"width\":1200,\"height\":1200,\"caption\":\"Freedom g\u00e9lules double Set\"},{\"@type\":\"BreadcrumbList\",\"@id\":\"https:\\\/\\\/www.lraloeverashop.eu\\\/fr\\\/produit\\\/active-freedom-gelules-set-2-pieces\\\/#breadcrumb\",\"itemListElement\":[{\"@type\":\"ListItem\",\"position\":1,\"name\":\"Home\",\"item\":\"https:\\\/\\\/www.lraloeverashop.eu\\\/fr\\\/\"},{\"@type\":\"ListItem\",\"position\":2,\"name\":\"Boutique\",\"item\":\"https:\\\/\\\/www.lraloeverashop.eu\\\/fr\\\/boutique\\\/\"},{\"@type\":\"ListItem\",\"position\":3,\"name\":\"Active Freedom G\u00e9lules Set de 2 pi\u00e8ces\"}]},{\"@type\":\"WebSite\",\"@id\":\"https:\\\/\\\/www.lraloeverashop.eu\\\/fr\\\/#website\",\"url\":\"https:\\\/\\\/www.lraloeverashop.eu\\\/fr\\\/\",\"name\":\"Boutique Lr Aloe Vera\",\"description\":\"High Quality Lr Aloe Vera Gel, Aloe Vera Cream and Shampoo\",\"publisher\":{\"@id\":\"https:\\\/\\\/www.lraloeverashop.eu\\\/fr\\\/#organization\"},\"alternateName\":\"LR\",\"potentialAction\":[{\"@type\":\"SearchAction\",\"target\":{\"@type\":\"EntryPoint\",\"urlTemplate\":\"https:\\\/\\\/www.lraloeverashop.eu\\\/fr\\\/?s={search_term_string}\"},\"query-input\":{\"@type\":\"PropertyValueSpecification\",\"valueRequired\":true,\"valueName\":\"search_term_string\"}}],\"inLanguage\":\"fr-FR\"},{\"@type\":\"Organization\",\"@id\":\"https:\\\/\\\/www.lraloeverashop.eu\\\/fr\\\/#organization\",\"name\":\"Boutique Lr Aloe Vera\",\"alternateName\":\"LR\",\"url\":\"https:\\\/\\\/www.lraloeverashop.eu\\\/fr\\\/\",\"logo\":{\"@type\":\"ImageObject\",\"inLanguage\":\"fr-FR\",\"@id\":\"https:\\\/\\\/www.lraloeverashop.eu\\\/fr\\\/#\\\/schema\\\/logo\\\/image\\\/\",\"url\":\"https:\\\/\\\/www.lraloeverashop.eu\\\/wp-content\\\/uploads\\\/2022\\\/09\\\/cropped-Lr-Aloe-Vera-Shop.jpg\",\"contentUrl\":\"https:\\\/\\\/www.lraloeverashop.eu\\\/wp-content\\\/uploads\\\/2022\\\/09\\\/cropped-Lr-Aloe-Vera-Shop.jpg\",\"width\":228,\"height\":76,\"caption\":\"Boutique Lr Aloe Vera\"},\"image\":{\"@id\":\"https:\\\/\\\/www.lraloeverashop.eu\\\/fr\\\/#\\\/schema\\\/logo\\\/image\\\/\"},\"sameAs\":[\"https:\\\/\\\/www.facebook.com\\\/lraloeverashop.eu\",\"https:\\\/\\\/x.com\\\/natur__kosmetik\",\"https:\\\/\\\/www.youtube.com\\\/channel\\\/UC5oN7BJ8nfYb8RpVtjwDEBA\",\"https:\\\/\\\/www.instagram.com\\\/lrbeautyeu\\\/\"],\"description\":\"La boutique LR Aloe Vera est votre destination de confiance pour les produits de sant\u00e9 et de beaut\u00e9 haut de gamme LR, fabriqu\u00e9s en Allemagne. Nous proposons des soins de la peau, des compl\u00e9ments nutritionnels et des solutions anti-\u00e2ge \u00e0 l'aloe vera de haute qualit\u00e9, \u00e9labor\u00e9s \u00e0 partir d'ingr\u00e9dients purs et valid\u00e9s par la recherche scientifique. D\u00e9couvrez des soins naturels qui r\u00e9g\u00e9n\u00e8rent, prot\u00e8gent et revitalisent votre peau, et profitez d'offres mensuelles exclusives sur nos produits LR Aloe Vera les plus vendus.\\n\\nCommencez d\u00e8s aujourd'hui votre parcours vers des soins naturels et constatez la diff\u00e9rence.\",\"email\":\"info@lraloeverashop.eu\",\"telephone\":\"+49 17670609653\",\"legalName\":\"Lr Aloe Vera Shop\",\"foundingDate\":\"2018-04-21\",\"numberOfEmployees\":{\"@type\":\"QuantitativeValue\",\"minValue\":\"1\",\"maxValue\":\"10\"}}]}<\/script>\n<meta property=\"product:price:amount\" content=\"52.99\" \/>\n<meta property=\"product:price:currency\" content=\"EUR\" \/>\n<meta property=\"og:availability\" content=\"out of stock\" \/>\n<meta property=\"product:availability\" content=\"out of stock\" \/>\n<meta property=\"product:retailer_item_id\" content=\"80191-1FR\" \/>\n<meta property=\"product:condition\" content=\"new\" \/>\n<!-- \/ Yoast SEO Premium plugin. -->","yoast_head_json":{"title":"Active Freedom g\u00e9lules set de 2 pi\u00e8ces Pour le cartilage","description":"Active Freedom G\u00e9lules Set de 2 pi\u00e8ces Fournit des antioxydants et maintient une structure osseuse normale et la formation de tissus conjonctifs","robots":{"index":"index","follow":"follow","max-snippet":"max-snippet:-1","max-image-preview":"max-image-preview:large","max-video-preview":"max-video-preview:-1"},"canonical":"https:\/\/www.lraloeverashop.eu\/fr\/produit\/active-freedom-gelules-set-2-pieces\/","og_locale":"fr_FR","og_type":"article","og_title":"Active Freedom G\u00e9lules Set de 2 pi\u00e8ces","og_description":"Active Freedom G\u00e9lules Set de 2 pi\u00e8ces Fournit des antioxydants et maintient une structure osseuse normale et la formation de tissus conjonctifs","og_url":"https:\/\/www.lraloeverashop.eu\/fr\/produit\/active-freedom-gelules-set-2-pieces\/","og_site_name":"Boutique Lr Aloe Vera","article_publisher":"https:\/\/www.facebook.com\/lraloeverashop.eu","article_modified_time":"2026-04-18T19:54:31+00:00","og_image":[{"width":1200,"height":1200,"url":"https:\/\/www.lraloeverashop.eu\/wp-content\/uploads\/2022\/10\/Freedom-Capsules-double-Set.jpg","type":"image\/jpeg"}],"twitter_card":"summary_large_image","twitter_site":"@natur__kosmetik","schema":{"@context":"https:\/\/schema.org","@graph":[{"@type":["WebPage","ItemPage"],"@id":"https:\/\/www.lraloeverashop.eu\/fr\/produit\/active-freedom-gelules-set-2-pieces\/","url":"https:\/\/www.lraloeverashop.eu\/fr\/produit\/active-freedom-gelules-set-2-pieces\/","name":"Active Freedom g\u00e9lules set de 2 pi\u00e8ces Pour le cartilage","isPartOf":{"@id":"https:\/\/www.lraloeverashop.eu\/fr\/#website"},"primaryImageOfPage":{"@id":"https:\/\/www.lraloeverashop.eu\/fr\/produit\/active-freedom-gelules-set-2-pieces\/#primaryimage"},"image":{"@id":"https:\/\/www.lraloeverashop.eu\/fr\/produit\/active-freedom-gelules-set-2-pieces\/#primaryimage"},"thumbnailUrl":"https:\/\/www.lraloeverashop.eu\/wp-content\/uploads\/2022\/10\/Freedom-Capsules-double-Set.jpg","datePublished":"2022-10-15T06:29:04+00:00","dateModified":"2026-04-18T19:54:31+00:00","description":"Active Freedom G\u00e9lules Set de 2 pi\u00e8ces Fournit des antioxydants et maintient une structure osseuse normale et la formation de tissus conjonctifs","breadcrumb":{"@id":"https:\/\/www.lraloeverashop.eu\/fr\/produit\/active-freedom-gelules-set-2-pieces\/#breadcrumb"},"inLanguage":"fr-FR","potentialAction":[{"@type":"ReadAction","target":["https:\/\/www.lraloeverashop.eu\/fr\/produit\/active-freedom-gelules-set-2-pieces\/"]}]},{"@type":"ImageObject","inLanguage":"fr-FR","@id":"https:\/\/www.lraloeverashop.eu\/fr\/produit\/active-freedom-gelules-set-2-pieces\/#primaryimage","url":"https:\/\/www.lraloeverashop.eu\/wp-content\/uploads\/2022\/10\/Freedom-Capsules-double-Set.jpg","contentUrl":"https:\/\/www.lraloeverashop.eu\/wp-content\/uploads\/2022\/10\/Freedom-Capsules-double-Set.jpg","width":1200,"height":1200,"caption":"Freedom g\u00e9lules double Set"},{"@type":"BreadcrumbList","@id":"https:\/\/www.lraloeverashop.eu\/fr\/produit\/active-freedom-gelules-set-2-pieces\/#breadcrumb","itemListElement":[{"@type":"ListItem","position":1,"name":"Home","item":"https:\/\/www.lraloeverashop.eu\/fr\/"},{"@type":"ListItem","position":2,"name":"Boutique","item":"https:\/\/www.lraloeverashop.eu\/fr\/boutique\/"},{"@type":"ListItem","position":3,"name":"Active Freedom G\u00e9lules Set de 2 pi\u00e8ces"}]},{"@type":"WebSite","@id":"https:\/\/www.lraloeverashop.eu\/fr\/#website","url":"https:\/\/www.lraloeverashop.eu\/fr\/","name":"Boutique Lr Aloe Vera","description":"High Quality Lr Aloe Vera Gel, Aloe Vera Cream and Shampoo","publisher":{"@id":"https:\/\/www.lraloeverashop.eu\/fr\/#organization"},"alternateName":"LR","potentialAction":[{"@type":"SearchAction","target":{"@type":"EntryPoint","urlTemplate":"https:\/\/www.lraloeverashop.eu\/fr\/?s={search_term_string}"},"query-input":{"@type":"PropertyValueSpecification","valueRequired":true,"valueName":"search_term_string"}}],"inLanguage":"fr-FR"},{"@type":"Organization","@id":"https:\/\/www.lraloeverashop.eu\/fr\/#organization","name":"Boutique Lr Aloe Vera","alternateName":"LR","url":"https:\/\/www.lraloeverashop.eu\/fr\/","logo":{"@type":"ImageObject","inLanguage":"fr-FR","@id":"https:\/\/www.lraloeverashop.eu\/fr\/#\/schema\/logo\/image\/","url":"https:\/\/www.lraloeverashop.eu\/wp-content\/uploads\/2022\/09\/cropped-Lr-Aloe-Vera-Shop.jpg","contentUrl":"https:\/\/www.lraloeverashop.eu\/wp-content\/uploads\/2022\/09\/cropped-Lr-Aloe-Vera-Shop.jpg","width":228,"height":76,"caption":"Boutique Lr Aloe Vera"},"image":{"@id":"https:\/\/www.lraloeverashop.eu\/fr\/#\/schema\/logo\/image\/"},"sameAs":["https:\/\/www.facebook.com\/lraloeverashop.eu","https:\/\/x.com\/natur__kosmetik","https:\/\/www.youtube.com\/channel\/UC5oN7BJ8nfYb8RpVtjwDEBA","https:\/\/www.instagram.com\/lrbeautyeu\/"],"description":"La boutique LR Aloe Vera est votre destination de confiance pour les produits de sant\u00e9 et de beaut\u00e9 haut de gamme LR, fabriqu\u00e9s en Allemagne. Nous proposons des soins de la peau, des compl\u00e9ments nutritionnels et des solutions anti-\u00e2ge \u00e0 l'aloe vera de haute qualit\u00e9, \u00e9labor\u00e9s \u00e0 partir d'ingr\u00e9dients purs et valid\u00e9s par la recherche scientifique. D\u00e9couvrez des soins naturels qui r\u00e9g\u00e9n\u00e8rent, prot\u00e8gent et revitalisent votre peau, et profitez d'offres mensuelles exclusives sur nos produits LR Aloe Vera les plus vendus.\n\nCommencez d\u00e8s aujourd'hui votre parcours vers des soins naturels et constatez la diff\u00e9rence.","email":"info@lraloeverashop.eu","telephone":"+49 17670609653","legalName":"Lr Aloe Vera Shop","foundingDate":"2018-04-21","numberOfEmployees":{"@type":"QuantitativeValue","minValue":"1","maxValue":"10"}}]},"product_price_amount":"52.99","product_price_currency":"EUR","og_availability":"out of stock","product_availability":"out of stock","product_retailer_item_id":"80191-1FR","product_condition":"new"},"taxonomy_info":{"product_cat":[{"value":416,"label":"Os, Articulations et Muscles"},{"value":351,"label":"Soldes"},{"value":464,"label":"Sp\u00e9cialistes"}],"product_tag":[{"value":644,"label":"Douleurs articulaires"}]},"featured_image_src_large":["https:\/\/www.lraloeverashop.eu\/wp-content\/uploads\/2022\/10\/Freedom-Capsules-double-Set-1024x1024.jpg",1024,1024,true],"author_info":[],"comment_info":0,"_links":{"self":[{"href":"https:\/\/www.lraloeverashop.eu\/fr\/wp-json\/wp\/v2\/product\/9377","targetHints":{"allow":["GET"]}}],"collection":[{"href":"https:\/\/www.lraloeverashop.eu\/fr\/wp-json\/wp\/v2\/product"}],"about":[{"href":"https:\/\/www.lraloeverashop.eu\/fr\/wp-json\/wp\/v2\/types\/product"}],"replies":[{"embeddable":true,"href":"https:\/\/www.lraloeverashop.eu\/fr\/wp-json\/wp\/v2\/comments?post=9377"}],"wp:featuredmedia":[{"embeddable":true,"href":"https:\/\/www.lraloeverashop.eu\/fr\/wp-json\/wp\/v2\/media\/5490"}],"wp:attachment":[{"href":"https:\/\/www.lraloeverashop.eu\/fr\/wp-json\/wp\/v2\/media?parent=9377"}],"wp:term":[{"taxonomy":"product_brand","embeddable":true,"href":"https:\/\/www.lraloeverashop.eu\/fr\/wp-json\/wp\/v2\/product_brand?post=9377"},{"taxonomy":"product_cat","embeddable":true,"href":"https:\/\/www.lraloeverashop.eu\/fr\/wp-json\/wp\/v2\/product_cat?post=9377"},{"taxonomy":"product_tag","embeddable":true,"href":"https:\/\/www.lraloeverashop.eu\/fr\/wp-json\/wp\/v2\/product_tag?post=9377"}],"curies":[{"name":"wp","href":"https:\/\/api.w.org\/{rel}","templated":true}]}}