{"id":9349,"date":"2022-10-15T12:43:38","date_gmt":"2022-10-15T10:43:38","guid":{"rendered":"https:\/\/www.lraloeverashop.eu\/product\/proteine-en-poudre-vanille\/"},"modified":"2026-02-02T19:34:52","modified_gmt":"2026-02-02T18:34:52","slug":"proteine-en-poudre-vanille","status":"publish","type":"product","link":"https:\/\/www.lraloeverashop.eu\/fr\/produit\/proteine-en-poudre-vanille\/","title":{"rendered":"Prot\u00e9ine en Poudre Vanille"},"content":{"rendered":"<h2><span style=\"font-size: 16pt;\"><strong>Prot\u00e9ine en Poudre Vanille<\/strong><\/span><\/h2>\n<p><span style=\"font-size: 14pt;\"><strong>Prot\u00e9ine en Poudre Vanille de 5 sources diff\u00e9rentes<\/strong><\/span><\/p>\n<p>Prot\u00e9ine en Poudre Vanille favorise efficacement la pr\u00e9servation et l&rsquo;augmentation de la masse musculaire. Contribue au m\u00e9tabolisme normal des prot\u00e9ines, avec des prot\u00e9ines de 5 sources diff\u00e9rentes, le magn\u00e9sium et la vitamine B6.<\/p>\n<p>Scientifiquement prouv\u00e9 par l&rsquo;EFSA (Autorit\u00e9 europ\u00e9enne de s\u00e9curit\u00e9 des aliments):<\/p>\n<p>1. Les prot\u00e9ines contribuent \u00e0 la pr\u00e9servation et \u00e0 l&rsquo;augmentation de la masse musculaire<br \/>\n2. Le magn\u00e9sium contribue \u00e0 la synth\u00e8se normale des prot\u00e9ines et \u00e0 la fonction musculaire normale<br \/>\n3. La vitamine B6 contribue au fonctionnement normal du m\u00e9tabolisme des <a href=\"https:\/\/www.lraloeverashop.eu\/fr\/produit\/boisson-en-poudre-protein-power-vanille\/\">prot\u00e9ines<\/a> et du glucog\u00e8ne<\/p>\n<h3><span style=\"font-size: 16pt;\"><strong>Comment utiliser<\/strong><\/span><\/h3>\n<p><strong>Conseil d\u2019utilisation<\/strong> : d\u00e9layez une mesurette remplie \u00e0 ras 12,5 g de Prot\u00e9ine en Poudre Vanille dans 125 ml de lait \u00e9cr\u00e9m\u00e9 (1,5 % de mati\u00e8res grasses) ou dans 100 ml d\u2019eau. Nous recommandons une pr\u00e9paration avec du lait ainsi qu\u2019une consommation le soir. Nous recommandons \u00e9galement une pr\u00e9paration au shaker LR.<br \/>\nVeillez imp\u00e9rativement \u00e0 un mode de vie sain et \u00e0 une <a href=\"https:\/\/www.lraloeverashop.eu\/fr\/substitut-de-repas-figu-active-le-regime-amaigrissant-intelligent\/\">alimentation \u00e9quilibr\u00e9e<\/a> et diversifi\u00e9e. Des traces de gluten et delupin ne sont pas \u00e0 exclure.<\/p>\n<p>Secouer la bo\u00eete de Prot\u00e9ine en Poudre Vanille avant usage. Le volume de remplissage est impos\u00e9 par des contraintes techniques. Conserver dans un endroit frais et sec, \u00e0 consommer rapidement apr\u00e8s l\u2019ouverture.<\/p>\n<p>&nbsp;<\/p>\n<h4><span style=\"font-size: 16pt;\"><strong>Le saviez-vous?<\/strong><\/span><\/h4>\n<p>On a peine \u00e0 le croire et pourtant, les muscles jouent un r\u00f4le important dans le br\u00fblage des graisses. Plus on en a, mieux c\u2019est. Lorsque l\u2019on fait du sport mais \u00e9galement lorsque l\u2019on fait un <a href=\"https:\/\/www.lraloeverashop.eu\/fr\/produit\/figu-active-shake-saveur-vanille\/\">r\u00e9gime<\/a>, il faut faire particuli\u00e8rement attention \u00e0 ses muscles. Car les muscles ont besoin de beaucoup d\u2019\u00e9nergie. Et c\u2019est le cas lorsque l\u2019on perd du poids!<\/p>\n<p>Le m\u00e9lange sp\u00e9cial de 5 composants prot\u00e9iniques est unique sur le march\u00e9. Il soutient le corps dans l\u2019absorption et l\u2019assimilation des pr\u00e9cieuses prot\u00e9ines.<\/p>\n<p>Avec Prot\u00e9ine en Poudre Vanille, vous consommez un produit de tr\u00e8s grande qualit\u00e9. Le produit est d\u00e9velopp\u00e9 avec d\u2019\u00e9minents chercheurs en alimentation et en prenant en compte les recherches scientifiques actuelles sur l\u2019alimentation.<\/p>\n<p>Prot\u00e9ine est Made in Germany : de l\u2019extraction des mati\u00e8res premi\u00e8res jusqu\u2019au remplissage dans la bouteille, chaque \u00e9tape de fabrication s\u2019accompagne de contr\u00f4les selon la norme de qualit\u00e9 LR.<\/p>\n","protected":false},"excerpt":{"rendered":"<ul>\n<li>Boisson prot\u00e9in\u00e9e pour le soutien de la masse musculaire<\/li>\n<li>Contient des prot\u00e9ines et des nutriments pr\u00e9cieux qui aident \u00e0 pr\u00e9server et \u00e0 augmenter la masse musculaire 1<\/li>\n<li>Avec 80% de prot\u00e9ines de 5 sources diff\u00e9rentes<\/li>\n<li>Avec du magn\u00e9sium et de la vitamine B6<\/li>\n<li>Quantit\u00e9: 3 x 375 g<\/li>\n<\/ul>\n<p style=\"text-align: left;\"><span style=\"color: #ff0000;\"><a style=\"color: #ff0000;\" href=\"https:\/\/shop.lrworld.com\/openpao?PHP=0vFlt7jT938BEnBI3a6e9w%3D%3D\"><span style=\"font-size: 14pt;\"><strong>Inscrivez-vous et \u00e9conomisez 35% sur chaque commande<\/strong><\/span><\/a><\/span><\/p>\n","protected":false},"featured_media":5700,"comment_status":"open","ping_status":"closed","template":"","meta":{"_kad_blocks_custom_css":"","_kad_blocks_head_custom_js":"","_kad_blocks_body_custom_js":"","_kad_blocks_footer_custom_js":"","_kadence_starter_templates_imported_post":false,"_kad_post_transparent":"default","_kad_post_title":"","_kad_post_layout":"default","_kad_post_sidebar_id":"","_kad_post_content_style":"default","_kad_post_vertical_padding":"default","_kad_post_feature":"","_kad_post_feature_position":"","_kad_post_header":false,"_kad_post_footer":false,"_kad_post_classname":""},"product_brand":[],"product_cat":[339,463,416,464,333],"product_tag":[583],"class_list":{"0":"post-9349","1":"product","2":"type-product","3":"status-publish","4":"has-post-thumbnail","6":"product_cat-compagnon-de-regime","7":"product_cat-economisez-sur-les-ensembles","8":"product_cat-os-articulations-et-muscles","9":"product_cat-specialistes","10":"product_cat-supplements-dietetiques","11":"product_tag-diete","13":"first","14":"outofstock","15":"taxable","16":"shipping-taxable","17":"purchasable","18":"product-type-simple","19":"entry","20":"content-bg","21":"loop-entry"},"yoast_head":"<!-- This site is optimized with the Yoast SEO Premium plugin v27.3 (Yoast SEO v27.3) - https:\/\/yoast.com\/product\/yoast-seo-premium-wordpress\/ -->\n<title>Prot\u00e9ine en Poudre Vanille pour le soutien de la masse musculaire<\/title>\n<meta name=\"description\" content=\"Prot\u00e9ine en Poudre Vanille avec 80% de prot\u00e9ines de 5 sources diff\u00e9rentes. Avec du magn\u00e9sium et de la vitamine B6. aident \u00e0 augmenter la masse musculaire\" \/>\n<meta name=\"robots\" content=\"index, follow, max-snippet:-1, max-image-preview:large, max-video-preview:-1\" \/>\n<link rel=\"canonical\" href=\"https:\/\/www.lraloeverashop.eu\/fr\/produit\/proteine-en-poudre-vanille\/\" \/>\n<meta property=\"og:locale\" content=\"fr_FR\" \/>\n<meta property=\"og:type\" content=\"article\" \/>\n<meta property=\"og:title\" content=\"Prot\u00e9ine en Poudre Vanille\" \/>\n<meta property=\"og:description\" content=\"Prot\u00e9ine en Poudre Vanille avec 80% de prot\u00e9ines de 5 sources diff\u00e9rentes. Avec du magn\u00e9sium et de la vitamine B6. aident \u00e0 augmenter la masse musculaire\" \/>\n<meta property=\"og:url\" content=\"https:\/\/www.lraloeverashop.eu\/fr\/produit\/proteine-en-poudre-vanille\/\" \/>\n<meta property=\"og:site_name\" content=\"Boutique Lr Aloe Vera\" \/>\n<meta property=\"article:publisher\" content=\"https:\/\/www.facebook.com\/lraloeverashop.eu\" \/>\n<meta property=\"article:modified_time\" content=\"2026-02-02T18:34:52+00:00\" \/>\n<meta property=\"og:image\" content=\"https:\/\/www.lraloeverashop.eu\/wp-content\/uploads\/2022\/10\/Muscle-Protein-Drink-Set-3pcs.jpg\" \/>\n\t<meta property=\"og:image:width\" content=\"1200\" \/>\n\t<meta property=\"og:image:height\" content=\"1200\" \/>\n\t<meta property=\"og:image:type\" content=\"image\/jpeg\" \/>\n<meta name=\"twitter:card\" content=\"summary_large_image\" \/>\n<meta name=\"twitter:site\" content=\"@natur__kosmetik\" \/>\n<script type=\"application\/ld+json\" class=\"yoast-schema-graph\">{\"@context\":\"https:\\\/\\\/schema.org\",\"@graph\":[{\"@type\":[\"WebPage\",\"ItemPage\"],\"@id\":\"https:\\\/\\\/www.lraloeverashop.eu\\\/fr\\\/produit\\\/proteine-en-poudre-vanille\\\/\",\"url\":\"https:\\\/\\\/www.lraloeverashop.eu\\\/fr\\\/produit\\\/proteine-en-poudre-vanille\\\/\",\"name\":\"Prot\u00e9ine en Poudre Vanille pour le soutien de la masse musculaire\",\"isPartOf\":{\"@id\":\"https:\\\/\\\/www.lraloeverashop.eu\\\/fr\\\/#website\"},\"primaryImageOfPage\":{\"@id\":\"https:\\\/\\\/www.lraloeverashop.eu\\\/fr\\\/produit\\\/proteine-en-poudre-vanille\\\/#primaryimage\"},\"image\":{\"@id\":\"https:\\\/\\\/www.lraloeverashop.eu\\\/fr\\\/produit\\\/proteine-en-poudre-vanille\\\/#primaryimage\"},\"thumbnailUrl\":\"https:\\\/\\\/www.lraloeverashop.eu\\\/wp-content\\\/uploads\\\/2022\\\/10\\\/Muscle-Protein-Drink-Set-3pcs.jpg\",\"datePublished\":\"2022-10-15T10:43:38+00:00\",\"dateModified\":\"2026-02-02T18:34:52+00:00\",\"description\":\"Prot\u00e9ine en Poudre Vanille avec 80% de prot\u00e9ines de 5 sources diff\u00e9rentes. Avec du magn\u00e9sium et de la vitamine B6. aident \u00e0 augmenter la masse musculaire\",\"breadcrumb\":{\"@id\":\"https:\\\/\\\/www.lraloeverashop.eu\\\/fr\\\/produit\\\/proteine-en-poudre-vanille\\\/#breadcrumb\"},\"inLanguage\":\"fr-FR\",\"potentialAction\":[{\"@type\":\"ReadAction\",\"target\":[\"https:\\\/\\\/www.lraloeverashop.eu\\\/fr\\\/produit\\\/proteine-en-poudre-vanille\\\/\"]}]},{\"@type\":\"ImageObject\",\"inLanguage\":\"fr-FR\",\"@id\":\"https:\\\/\\\/www.lraloeverashop.eu\\\/fr\\\/produit\\\/proteine-en-poudre-vanille\\\/#primaryimage\",\"url\":\"https:\\\/\\\/www.lraloeverashop.eu\\\/wp-content\\\/uploads\\\/2022\\\/10\\\/Muscle-Protein-Drink-Set-3pcs.jpg\",\"contentUrl\":\"https:\\\/\\\/www.lraloeverashop.eu\\\/wp-content\\\/uploads\\\/2022\\\/10\\\/Muscle-Protein-Drink-Set-3pcs.jpg\",\"width\":1200,\"height\":1200,\"caption\":\"Boisson prot\u00e9in\u00e9e musculaire Set 3 pi\u00e8ces\"},{\"@type\":\"BreadcrumbList\",\"@id\":\"https:\\\/\\\/www.lraloeverashop.eu\\\/fr\\\/produit\\\/proteine-en-poudre-vanille\\\/#breadcrumb\",\"itemListElement\":[{\"@type\":\"ListItem\",\"position\":1,\"name\":\"Home\",\"item\":\"https:\\\/\\\/www.lraloeverashop.eu\\\/fr\\\/\"},{\"@type\":\"ListItem\",\"position\":2,\"name\":\"Boutique\",\"item\":\"https:\\\/\\\/www.lraloeverashop.eu\\\/fr\\\/boutique\\\/\"},{\"@type\":\"ListItem\",\"position\":3,\"name\":\"Prot\u00e9ine en Poudre Vanille\"}]},{\"@type\":\"WebSite\",\"@id\":\"https:\\\/\\\/www.lraloeverashop.eu\\\/fr\\\/#website\",\"url\":\"https:\\\/\\\/www.lraloeverashop.eu\\\/fr\\\/\",\"name\":\"Boutique Lr Aloe Vera\",\"description\":\"High Quality Lr Aloe Vera Gel, Aloe Vera Cream and Shampoo\",\"publisher\":{\"@id\":\"https:\\\/\\\/www.lraloeverashop.eu\\\/fr\\\/#organization\"},\"potentialAction\":[{\"@type\":\"SearchAction\",\"target\":{\"@type\":\"EntryPoint\",\"urlTemplate\":\"https:\\\/\\\/www.lraloeverashop.eu\\\/fr\\\/?s={search_term_string}\"},\"query-input\":{\"@type\":\"PropertyValueSpecification\",\"valueRequired\":true,\"valueName\":\"search_term_string\"}}],\"inLanguage\":\"fr-FR\"},{\"@type\":\"Organization\",\"@id\":\"https:\\\/\\\/www.lraloeverashop.eu\\\/fr\\\/#organization\",\"name\":\"Boutique Lr Aloe Vera\",\"alternateName\":\"LR\",\"url\":\"https:\\\/\\\/www.lraloeverashop.eu\\\/fr\\\/\",\"logo\":{\"@type\":\"ImageObject\",\"inLanguage\":\"fr-FR\",\"@id\":\"https:\\\/\\\/www.lraloeverashop.eu\\\/fr\\\/#\\\/schema\\\/logo\\\/image\\\/\",\"url\":\"https:\\\/\\\/www.lraloeverashop.eu\\\/wp-content\\\/uploads\\\/2022\\\/09\\\/cropped-Lr-Aloe-Vera-Shop.jpg\",\"contentUrl\":\"https:\\\/\\\/www.lraloeverashop.eu\\\/wp-content\\\/uploads\\\/2022\\\/09\\\/cropped-Lr-Aloe-Vera-Shop.jpg\",\"width\":228,\"height\":76,\"caption\":\"Boutique Lr Aloe Vera\"},\"image\":{\"@id\":\"https:\\\/\\\/www.lraloeverashop.eu\\\/fr\\\/#\\\/schema\\\/logo\\\/image\\\/\"},\"sameAs\":[\"https:\\\/\\\/www.facebook.com\\\/lraloeverashop.eu\",\"https:\\\/\\\/x.com\\\/natur__kosmetik\",\"https:\\\/\\\/www.youtube.com\\\/channel\\\/UC5oN7BJ8nfYb8RpVtjwDEBA\",\"https:\\\/\\\/www.instagram.com\\\/lrbeautyeu\\\/\"]}]}<\/script>\n<meta property=\"product:price:amount\" content=\"131.89\" \/>\n<meta property=\"product:price:currency\" content=\"EUR\" \/>\n<meta property=\"og:availability\" content=\"out of stock\" \/>\n<meta property=\"product:availability\" content=\"out of stock\" \/>\n<meta property=\"product:retailer_item_id\" content=\"80561-401FR\" \/>\n<meta property=\"product:condition\" content=\"new\" \/>\n<!-- \/ Yoast SEO Premium plugin. -->","yoast_head_json":{"title":"Prot\u00e9ine en Poudre Vanille pour le soutien de la masse musculaire","description":"Prot\u00e9ine en Poudre Vanille avec 80% de prot\u00e9ines de 5 sources diff\u00e9rentes. Avec du magn\u00e9sium et de la vitamine B6. aident \u00e0 augmenter la masse musculaire","robots":{"index":"index","follow":"follow","max-snippet":"max-snippet:-1","max-image-preview":"max-image-preview:large","max-video-preview":"max-video-preview:-1"},"canonical":"https:\/\/www.lraloeverashop.eu\/fr\/produit\/proteine-en-poudre-vanille\/","og_locale":"fr_FR","og_type":"article","og_title":"Prot\u00e9ine en Poudre Vanille","og_description":"Prot\u00e9ine en Poudre Vanille avec 80% de prot\u00e9ines de 5 sources diff\u00e9rentes. Avec du magn\u00e9sium et de la vitamine B6. aident \u00e0 augmenter la masse musculaire","og_url":"https:\/\/www.lraloeverashop.eu\/fr\/produit\/proteine-en-poudre-vanille\/","og_site_name":"Boutique Lr Aloe Vera","article_publisher":"https:\/\/www.facebook.com\/lraloeverashop.eu","article_modified_time":"2026-02-02T18:34:52+00:00","og_image":[{"width":1200,"height":1200,"url":"https:\/\/www.lraloeverashop.eu\/wp-content\/uploads\/2022\/10\/Muscle-Protein-Drink-Set-3pcs.jpg","type":"image\/jpeg"}],"twitter_card":"summary_large_image","twitter_site":"@natur__kosmetik","schema":{"@context":"https:\/\/schema.org","@graph":[{"@type":["WebPage","ItemPage"],"@id":"https:\/\/www.lraloeverashop.eu\/fr\/produit\/proteine-en-poudre-vanille\/","url":"https:\/\/www.lraloeverashop.eu\/fr\/produit\/proteine-en-poudre-vanille\/","name":"Prot\u00e9ine en Poudre Vanille pour le soutien de la masse musculaire","isPartOf":{"@id":"https:\/\/www.lraloeverashop.eu\/fr\/#website"},"primaryImageOfPage":{"@id":"https:\/\/www.lraloeverashop.eu\/fr\/produit\/proteine-en-poudre-vanille\/#primaryimage"},"image":{"@id":"https:\/\/www.lraloeverashop.eu\/fr\/produit\/proteine-en-poudre-vanille\/#primaryimage"},"thumbnailUrl":"https:\/\/www.lraloeverashop.eu\/wp-content\/uploads\/2022\/10\/Muscle-Protein-Drink-Set-3pcs.jpg","datePublished":"2022-10-15T10:43:38+00:00","dateModified":"2026-02-02T18:34:52+00:00","description":"Prot\u00e9ine en Poudre Vanille avec 80% de prot\u00e9ines de 5 sources diff\u00e9rentes. Avec du magn\u00e9sium et de la vitamine B6. aident \u00e0 augmenter la masse musculaire","breadcrumb":{"@id":"https:\/\/www.lraloeverashop.eu\/fr\/produit\/proteine-en-poudre-vanille\/#breadcrumb"},"inLanguage":"fr-FR","potentialAction":[{"@type":"ReadAction","target":["https:\/\/www.lraloeverashop.eu\/fr\/produit\/proteine-en-poudre-vanille\/"]}]},{"@type":"ImageObject","inLanguage":"fr-FR","@id":"https:\/\/www.lraloeverashop.eu\/fr\/produit\/proteine-en-poudre-vanille\/#primaryimage","url":"https:\/\/www.lraloeverashop.eu\/wp-content\/uploads\/2022\/10\/Muscle-Protein-Drink-Set-3pcs.jpg","contentUrl":"https:\/\/www.lraloeverashop.eu\/wp-content\/uploads\/2022\/10\/Muscle-Protein-Drink-Set-3pcs.jpg","width":1200,"height":1200,"caption":"Boisson prot\u00e9in\u00e9e musculaire Set 3 pi\u00e8ces"},{"@type":"BreadcrumbList","@id":"https:\/\/www.lraloeverashop.eu\/fr\/produit\/proteine-en-poudre-vanille\/#breadcrumb","itemListElement":[{"@type":"ListItem","position":1,"name":"Home","item":"https:\/\/www.lraloeverashop.eu\/fr\/"},{"@type":"ListItem","position":2,"name":"Boutique","item":"https:\/\/www.lraloeverashop.eu\/fr\/boutique\/"},{"@type":"ListItem","position":3,"name":"Prot\u00e9ine en Poudre Vanille"}]},{"@type":"WebSite","@id":"https:\/\/www.lraloeverashop.eu\/fr\/#website","url":"https:\/\/www.lraloeverashop.eu\/fr\/","name":"Boutique Lr Aloe Vera","description":"High Quality Lr Aloe Vera Gel, Aloe Vera Cream and Shampoo","publisher":{"@id":"https:\/\/www.lraloeverashop.eu\/fr\/#organization"},"potentialAction":[{"@type":"SearchAction","target":{"@type":"EntryPoint","urlTemplate":"https:\/\/www.lraloeverashop.eu\/fr\/?s={search_term_string}"},"query-input":{"@type":"PropertyValueSpecification","valueRequired":true,"valueName":"search_term_string"}}],"inLanguage":"fr-FR"},{"@type":"Organization","@id":"https:\/\/www.lraloeverashop.eu\/fr\/#organization","name":"Boutique Lr Aloe Vera","alternateName":"LR","url":"https:\/\/www.lraloeverashop.eu\/fr\/","logo":{"@type":"ImageObject","inLanguage":"fr-FR","@id":"https:\/\/www.lraloeverashop.eu\/fr\/#\/schema\/logo\/image\/","url":"https:\/\/www.lraloeverashop.eu\/wp-content\/uploads\/2022\/09\/cropped-Lr-Aloe-Vera-Shop.jpg","contentUrl":"https:\/\/www.lraloeverashop.eu\/wp-content\/uploads\/2022\/09\/cropped-Lr-Aloe-Vera-Shop.jpg","width":228,"height":76,"caption":"Boutique Lr Aloe Vera"},"image":{"@id":"https:\/\/www.lraloeverashop.eu\/fr\/#\/schema\/logo\/image\/"},"sameAs":["https:\/\/www.facebook.com\/lraloeverashop.eu","https:\/\/x.com\/natur__kosmetik","https:\/\/www.youtube.com\/channel\/UC5oN7BJ8nfYb8RpVtjwDEBA","https:\/\/www.instagram.com\/lrbeautyeu\/"]}]},"product_price_amount":"131.89","product_price_currency":"EUR","og_availability":"out of stock","product_availability":"out of stock","product_retailer_item_id":"80561-401FR","product_condition":"new"},"taxonomy_info":{"product_cat":[{"value":339,"label":"Compagnon de r\u00e9gime"},{"value":463,"label":"\u00c9conomisez sur les ensembles"},{"value":416,"label":"Os, Articulations et Muscles"},{"value":464,"label":"Sp\u00e9cialistes"},{"value":333,"label":"Substitut de repas"}],"product_tag":[{"value":583,"label":"Di\u00e8te"}]},"featured_image_src_large":["https:\/\/www.lraloeverashop.eu\/wp-content\/uploads\/2022\/10\/Muscle-Protein-Drink-Set-3pcs-1024x1024.jpg",1024,1024,true],"author_info":[],"comment_info":0,"_links":{"self":[{"href":"https:\/\/www.lraloeverashop.eu\/fr\/wp-json\/wp\/v2\/product\/9349","targetHints":{"allow":["GET"]}}],"collection":[{"href":"https:\/\/www.lraloeverashop.eu\/fr\/wp-json\/wp\/v2\/product"}],"about":[{"href":"https:\/\/www.lraloeverashop.eu\/fr\/wp-json\/wp\/v2\/types\/product"}],"replies":[{"embeddable":true,"href":"https:\/\/www.lraloeverashop.eu\/fr\/wp-json\/wp\/v2\/comments?post=9349"}],"wp:featuredmedia":[{"embeddable":true,"href":"https:\/\/www.lraloeverashop.eu\/fr\/wp-json\/wp\/v2\/media\/5700"}],"wp:attachment":[{"href":"https:\/\/www.lraloeverashop.eu\/fr\/wp-json\/wp\/v2\/media?parent=9349"}],"wp:term":[{"taxonomy":"product_brand","embeddable":true,"href":"https:\/\/www.lraloeverashop.eu\/fr\/wp-json\/wp\/v2\/product_brand?post=9349"},{"taxonomy":"product_cat","embeddable":true,"href":"https:\/\/www.lraloeverashop.eu\/fr\/wp-json\/wp\/v2\/product_cat?post=9349"},{"taxonomy":"product_tag","embeddable":true,"href":"https:\/\/www.lraloeverashop.eu\/fr\/wp-json\/wp\/v2\/product_tag?post=9349"}],"curies":[{"name":"wp","href":"https:\/\/api.w.org\/{rel}","templated":true}]}}