{"id":9321,"date":"2022-10-15T12:59:08","date_gmt":"2022-10-15T10:59:08","guid":{"rendered":"https:\/\/www.lraloeverashop.eu\/product\/lr-elixir-de-beaute\/"},"modified":"2026-04-18T20:36:19","modified_gmt":"2026-04-18T18:36:19","slug":"lr-elixir-de-beaute","status":"publish","type":"product","link":"https:\/\/www.lraloeverashop.eu\/fr\/produit\/lr-elixir-de-beaute\/","title":{"rendered":"Lr Elixir de Beaut\u00e9"},"content":{"rendered":"<h2><span style=\"font-size: 16pt;\"><strong>Lr Elixir de Beaut\u00e9<\/strong><\/span><\/h2>\n<p><span style=\"font-size: 14pt;\"><strong>Lr Elixir de Beaut\u00e9 &#8211; Buvez la potion magique de la beaut\u00e9<\/strong><\/span><\/p>\n<p style=\"text-align: left;\">Le produit r\u00e9volutionnaire 5 en1 Lr Elixir de Beaut\u00e9 r\u00e9pond \u00e0 vos 5 souhaits en mati\u00e8re de beaut\u00e9 : avoir l\u2019air plus jeune, une peau saine, un corps ferme, des <a href=\"https:\/\/www.lraloeverashop.eu\/fr\/produit\/aloe-vera-nutri-repair-shampoing\/\">cheveux vigoureux<\/a> et des ongles forts!<span style=\"font-size: 12px;\"><sup>1-4<\/sup><\/span> Une seule dose par jour suffit pour qu\u2019un double complexe unique active en profondeur les processus de beaut\u00e9 dans votre corps et vous prot\u00e8ge des principales causes du vieillissement \u2013 pour un r\u00e9sultat visiblement plus jeune de la t\u00eate aux pieds et \u00e0 tout \u00e2ge.<span style=\"font-size: 14px;\"><sup>1-4<\/sup><\/span>.<\/p>\n<p>&nbsp;<\/p>\n<h3 style=\"text-align: left;\"><span style=\"font-size: 16pt;\"><strong>1.<\/strong> Lr Elixir de Beaut\u00e9 &#8211; Avoir L&rsquo;Airs Plus Jeune Avec Moins De Rides<\/span><\/h3>\n<p>&#8211; R\u00e9duction des rides gr\u00e2ce \u00e0 la <a href=\"https:\/\/www.lraloeverashop.eu\/fr\/produit\/vita-active-fruits-rouges-vitamines\/\">vitamine C<\/a> et les peptides de collag\u00e8ne agissant en profondeur<span style=\"font-size: 14px;\"><sup>6<\/sup><\/span><br \/>\n&#8211; 15 % d\u2019\u00e9lasticit\u00e9 de la peau en plus gr\u00e2ce aux efficaces peptides de collag\u00e8ne<span style=\"font-size: 14px;\"><sup>7<\/sup><\/span><br \/>\n&#8211; Le gel d\u2019Aloe Vera, l\u2019extrait de fleurs d\u2019oranger, d\u2019orpin rose et de th\u00e9 vert prot\u00e8gent des principales causes du vieillissement, telles que par ex. les UV<\/p>\n<p>&nbsp;<\/p>\n<h4 style=\"text-align: left;\"><span style=\"font-size: 16pt;\"><strong>2<\/strong>. <strong>Grain De Peau et en Bonne Sant\u00e9 Sans Irritations<\/strong><\/span><\/h4>\n<p>&#8211; Meilleur fonctionnement et pigmentation de la peau assur\u00e9s par la forteconcentration de vitamines A, E, de thiamine, de riboflavine, de niacine, de vitamine B6, de biotine, de vitamine B12, C ainsi que de zinc comme oligo\u00e9l\u00e9ment essentiel<span style=\"font-size: 14px;\"><sup>1<\/sup><\/span><\/p>\n<p>&nbsp;<\/p>\n<h2 style=\"text-align: left;\"><span style=\"font-size: 16pt;\"><strong>3. Un Corps Plus Ferme Avec Moins De Cellulite<\/strong><\/span><\/h2>\n<p>&#8211; Les peptides de collag\u00e8ne densifient la peau et r\u00e9duisent de fa\u00e7on av\u00e9r\u00e9e la cellulite<span style=\"font-size: 14px;\"><sup>8<\/sup><\/span><br \/>\n&#8211; Le cuivre<span style=\"font-size: 14px;\"><sup>2<\/sup><\/span> et le <a href=\"https:\/\/www.lraloeverashop.eu\/fr\/produit\/set-pour-cheveux-corps-aloe-vera\/\">gel d\u2019Aloe vera<\/a> renforcent le tissu conjonctif<\/p>\n<p>&nbsp;<\/p>\n<h3 style=\"text-align: left;\"><span style=\"font-size: 16pt;\"><strong>4. Cheveux \u00c9pais et Brillants<\/strong><\/span><\/h3>\n<p>&#8211; La biotine renforce les cheveux et les <a href=\"https:\/\/www.lraloeverashop.eu\/fr\/elixir-beaute-boisson-naturell-pour-une-apparence-jeune\/\">r\u00e9g\u00e9n\u00e8re de l\u2019int\u00e9rieur<\/a><span style=\"font-size: 14px;\"><sup>3<\/sup><\/span><br \/>\n&#8211; Le cuivre garantit une pigmentation normale des cheveux et conf\u00e8re une brillance saine<span style=\"font-size: 14px;\"><sup>3<\/sup><\/span><\/p>\n<p>&nbsp;<\/p>\n<h4 style=\"text-align: left;\"><span style=\"font-size: 16pt;\"><strong>5. Des Ongles Forts et Sains<\/strong><\/span><\/h4>\n<p>&#8211; Les peptides de collag\u00e8ne acc\u00e9l\u00e8rent de fa\u00e7on av\u00e9r\u00e9e la croissance des ongles. Les ongles sont jusqu\u2019\u00e0 42 % moins ab\u00eem\u00e9s<span style=\"font-size: 14px;\"><sup>9<\/sup><\/span><br \/>\n&#8211; Le zinc renforce les ongles<span style=\"font-size: 14px;\"><sup>4<\/sup><\/span><\/p>\n<p><span style=\"font-size: 16pt;\"><strong>Lr Elixir de Beaut\u00e9 Unique sur le march\u00e9: Double Complex<\/strong><\/span><\/p>\n<p><strong><span style=\"font-size: 14pt;\">Le complexe actif<\/span><\/strong><\/p>\n<p>Le complexe actif active les processus de beaut\u00e9 et combat les <a href=\"https:\/\/www.lraloeverashop.eu\/fr\/produit\/zeitgard-pro-accessoire-anti-age\/\">signes de l&rsquo;\u00e2ge<\/a>.<span style=\"font-size: 14px;\"><sup>1-5<\/sup><\/span>. Il allie les ingr\u00e9dients de beaut\u00e9 les plus connus et les plus importants \u00e0 des taux de concentration \u00e9lev\u00e9s :<\/p>\n<p>&#8211; 2,5g Peptides de Collagene<br \/>\n&#8211; 50 mg D&rsquo;ACide Hyaluronic<br \/>\n&#8211; Cuivre<br \/>\n&#8211; Zinc<\/p>\n<p>9 Vitamines Hautement Concentr\u00e9es: 100% Vitamine E, de thiamine, de riboflavine, de niacine, de vitamine B6, de biotine, de vitamine B12, de vitamine C par dose quotidienne* et 75% de vitamine A par <a href=\"https:\/\/www.lraloeverashop.eu\/fr\/produit\/lr-elixir-de-beaute-set\/\">dose quotidienne<\/a>*<\/p>\n<p>&nbsp;<\/p>\n<p><strong><span style=\"font-size: 14pt;\">Le complexe pr\u00e9ventif<\/span><\/strong><\/p>\n<p>Le complexe pr\u00e9ventif prot\u00e8ge de l&rsquo;int\u00e9rieur contre les influences ext\u00e9rieures et pr\u00e9vient les <a href=\"https:\/\/www.lraloeverashop.eu\/fr\/produit\/zeitgard-pro-set-de-soin-de-la-peau\/\">signes de l&rsquo;\u00e2ge<\/a>. Un savant m\u00e9lange de complexe actif et de ce que la nature a de meilleur:<\/p>\n<p>&#8211; 20 % Gel d&rsquo;Aloe Vera<br \/>\n&#8211; Extrait de Fleur d&rsquo;orange<br \/>\n&#8211; Extrait de Myrtille<br \/>\n&#8211; Extrait d&rsquo;orpin rose<br \/>\n&#8211; Extrait de th\u00e9 vert<\/p>\n<p>&nbsp;<\/p>\n<h2><strong><span style=\"font-size: 16pt;\">Comment utiliser Lr Elixir de Beaut\u00e9<\/span><\/strong>.<\/h2>\n<p><strong>Conseil de consommation:<\/strong> Une ampoule \u00e0 boire par jour. Veuillez secouer avant utilisation.<\/p>\n<p><strong>Remarque:<\/strong> La dose quotidienne recommand\u00e9e ne doit pas \u00eatre depass\u00e9e. Les compl\u00e9ments alimentaires ne peuvent pas se substituer \u00e0 une alimentation vari\u00e9e et \u00e9quilibr\u00e9e et \u00e0 un mode de vie sain. Gardez hors de port\u00e9e des enfants en bas \u00e2ge. Contient de la caf\u00e9ine. D\u00e9conseill\u00e9 aux enfants et aux femmes enceintes (teneur en caf\u00e9ine de 0,8mg par 25ml).<\/p>\n<p><strong>Informations de stockage:<\/strong> Conserver au sec et \u00e0 temp\u00e9rature ambiante, ne pas laisser au soleil.<\/p>\n<p>*La valeur de r\u00e9f\u00e9rence pour l\u2019apport journalier selon le r\u00e9glement sur l\u2019information alimentaire<\/p>\n<p>**Pas de valeurs de r\u00e9f\u00e9rence pour l\u2019apport journalier disponible.<\/p>\n<p>&nbsp;<\/p>\n<p><span style=\"font-size: 14px;\"><sup>1<\/sup><\/span> La biotine, le zinc, la vitamine A, la riboflavine et la niacine contribuent \u00e0 maintenir une peau normale. Le cuivre contribue au maintien d\u2019une pigmentation normale de la peau. La vitamine C contribue \u00e0 une formation normale de collag\u00e8ne pour un bon fonctionnement de la peau.<br \/>\n<span style=\"font-size: 14px;\"><sup>2<\/sup><\/span> Le cuivre contribue au maintien de <a href=\"https:\/\/www.lraloeverashop.eu\/fr\/produit\/woman-phyto-gelules-pour-la-menopause\/\">tissus conjonctifs<\/a> normaux.<br \/>\n<span style=\"font-size: 14px;\"><sup>3<\/sup><\/span> La biotine et le zinc contribuent au maintien de cheveux normaux. Le cuivre contribue au maintien d\u2019une pigmentation normale des cheveux.<br \/>\n<span style=\"font-size: 14px;\"><sup>4<\/sup><\/span> Le zinc contribue au maintien d\u2019ongles normaux.<br \/>\n<span style=\"font-size: 14px;\"><sup>5<\/sup><\/span> La vitamine E contribue \u00e0 prot\u00e9ger les cellules contre le stress oxydant. La thiamine contribue \u00e0 un m\u00e9tabolisme \u00e9nerg\u00e9tique normal. Les vitamines B6 et B12 contribuent \u00e0 la diminution de la fatigue et de la sensation d\u2019\u00e9puisement. * De la quantit\u00e9 de r\u00e9f\u00e9rence pour l\u2019apport quotidien.<br \/>\n<span style=\"font-size: 14px;\"><sup>6<\/sup><\/span> Proksch et al., 2014, Skin Pharmacol Physiol; 27: 113-119. R\u00e9duction significative des rides et augmentation de la concentration de collag\u00e8ne dans la peau apr\u00e8s 4 semaines d&rsquo;utilisation. Mesur\u00e9 sur 100 femmes entre 45 et 65 ans.<br \/>\n<span style=\"font-size: 14px;\"><sup>7<\/sup><\/span> Proksch et al., 2014, Skin Pharmacol Physiol; 27:47-55. 15 % d\u2019\u00e9lasticit\u00e9 de la peau en plus apr\u00e8s 4 semaines d\u2019utilisation. Mesur\u00e9 sur 69 femmes \u00e2g\u00e9es de 35 \u00e0 55 ans.<br \/>\n<span style=\"font-size: 14px;\"><sup>8<\/sup><\/span> Schunck et al., 2015, Journal of Medicinal Food; 18 (12): 1340-1348. R\u00e9duction significative de la cellulite apr\u00e8s seulement 3 mois et augmentation significative de la densit\u00e9 de la peau apr\u00e8s 6 mois d\u2019utilisation. Mesur\u00e9 sur 105 femmes \u00e2g\u00e9es de 18 \u00e0 50 ans.<br \/>\n<span style=\"font-size: 14px;\"><sup>9<\/sup><\/span> Hexsel et al., 2017, Journal of Cosmetic Dermatology; 1-7. R\u00e9duction significative des ongles ab\u00eem\u00e9s apr\u00e8s 2 mois d\u2019utilisation et augmentation de la croissance des ongles apr\u00e8s 3 mois d\u2019utilisation. Mesur\u00e9 sur 25 femmes \u00e2g\u00e9es de 18 \u00e0 50 ans.<\/p>\n<p>* La valeur de r\u00e9f\u00e9rence pour l&rsquo;apport journalier conform\u00e9ment au r\u00e8glement sur l&rsquo;information sur les denr\u00e9es alimentaires.<\/p>\n","protected":false},"excerpt":{"rendered":"<ul>\n<li>Innovation<\/li>\n<li>Double complexe actif &amp; pr\u00e9ventif<\/li>\n<li>R\u00e9pond \u00e0 5 objectifs beaut\u00e9: une apparence plus jeune, une peau saine et purifi\u00e9e, un corps plus ferme, des cheveux et des ongles plus r\u00e9sistants<\/li>\n<li>Avec une action active et pr\u00e9ventive<\/li>\n<li>Sans \u00e9dulcorants, colorants artificiel, lactose ni gluten<\/li>\n<li>Contient 30 ampulas x 25 ml chacun<\/li>\n<\/ul>\n<p style=\"text-align: left;\"><span style=\"color: #ff0000;\"><a style=\"color: #ff0000;\" href=\"https:\/\/shop.lrworld.com\/openpao?PHP=0vFlt7jT938BEnBI3a6e9w%3D%3D\"><span style=\"font-size: 14pt;\"><strong>Inscrivez-vous et \u00e9conomisez 35% sur chaque commande<\/strong><\/span><\/a><\/span><\/p>\n","protected":false},"featured_media":30443,"comment_status":"open","ping_status":"closed","template":"","meta":{"_kad_blocks_custom_css":"","_kad_blocks_head_custom_js":"","_kad_blocks_body_custom_js":"","_kad_blocks_footer_custom_js":"","_kadence_starter_templates_imported_post":false,"_kad_post_transparent":"default","_kad_post_title":"","_kad_post_layout":"default","_kad_post_sidebar_id":"","_kad_post_content_style":"default","_kad_post_vertical_padding":"default","_kad_post_feature":"","_kad_post_feature_position":"","_kad_post_header":false,"_kad_post_footer":false,"_kad_post_classname":""},"product_brand":[],"product_cat":[476,470,410,464],"product_tag":[],"class_list":{"0":"post-9321","1":"product","2":"type-product","3":"status-publish","4":"has-post-thumbnail","6":"product_cat-coup-de-beaute","7":"product_cat-la-beaute-de-linterieur","8":"product_cat-produits-speciaux","9":"product_cat-specialistes","11":"first","12":"instock","13":"taxable","14":"shipping-taxable","15":"purchasable","16":"product-type-simple","17":"entry","18":"content-bg","19":"loop-entry"},"yoast_head":"<!-- This site is optimized with the Yoast SEO Premium plugin v27.4 (Yoast SEO v27.4) - https:\/\/yoast.com\/product\/yoast-seo-premium-wordpress\/ -->\n<title>Lr Elixir de Beaut\u00e9 - La seule chose dont une femme a besoin<\/title>\n<meta name=\"description\" content=\"Lr Elixir de Beaut\u00e9 soutient une apparence jeune avec moins de rides, un corps ferme avec moins de cellulite, des cheveux brillants et ongles forts et sains\" \/>\n<meta name=\"robots\" content=\"index, follow, max-snippet:-1, max-image-preview:large, max-video-preview:-1\" \/>\n<link rel=\"canonical\" href=\"https:\/\/www.lraloeverashop.eu\/fr\/produit\/lr-elixir-de-beaute\/\" \/>\n<meta property=\"og:locale\" content=\"fr_FR\" \/>\n<meta property=\"og:type\" content=\"article\" \/>\n<meta property=\"og:title\" content=\"Lr Elixir de Beaut\u00e9\" \/>\n<meta property=\"og:description\" content=\"Lr Elixir de Beaut\u00e9 soutient une apparence jeune avec moins de rides, un corps ferme avec moins de cellulite, des cheveux brillants et ongles forts et sains\" \/>\n<meta property=\"og:url\" content=\"https:\/\/www.lraloeverashop.eu\/fr\/produit\/lr-elixir-de-beaute\/\" \/>\n<meta property=\"og:site_name\" content=\"Boutique Lr Aloe Vera\" \/>\n<meta property=\"article:publisher\" content=\"https:\/\/www.facebook.com\/lraloeverashop.eu\" \/>\n<meta property=\"article:modified_time\" content=\"2026-04-18T18:36:19+00:00\" \/>\n<meta property=\"og:image\" content=\"https:\/\/www.lraloeverashop.eu\/wp-content\/uploads\/2026\/04\/Lr-Natural-Beauty-Elixir-Drink.jpeg\" \/>\n\t<meta property=\"og:image:width\" content=\"1200\" \/>\n\t<meta property=\"og:image:height\" content=\"1200\" \/>\n\t<meta property=\"og:image:type\" content=\"image\/jpeg\" \/>\n<meta name=\"twitter:card\" content=\"summary_large_image\" \/>\n<meta name=\"twitter:site\" content=\"@natur__kosmetik\" \/>\n<script type=\"application\/ld+json\" class=\"yoast-schema-graph\">{\"@context\":\"https:\\\/\\\/schema.org\",\"@graph\":[{\"@type\":[\"WebPage\",\"ItemPage\"],\"@id\":\"https:\\\/\\\/www.lraloeverashop.eu\\\/fr\\\/produit\\\/lr-elixir-de-beaute\\\/\",\"url\":\"https:\\\/\\\/www.lraloeverashop.eu\\\/fr\\\/produit\\\/lr-elixir-de-beaute\\\/\",\"name\":\"Lr Elixir de Beaut\u00e9 - La seule chose dont une femme a besoin\",\"isPartOf\":{\"@id\":\"https:\\\/\\\/www.lraloeverashop.eu\\\/fr\\\/#website\"},\"primaryImageOfPage\":{\"@id\":\"https:\\\/\\\/www.lraloeverashop.eu\\\/fr\\\/produit\\\/lr-elixir-de-beaute\\\/#primaryimage\"},\"image\":{\"@id\":\"https:\\\/\\\/www.lraloeverashop.eu\\\/fr\\\/produit\\\/lr-elixir-de-beaute\\\/#primaryimage\"},\"thumbnailUrl\":\"https:\\\/\\\/www.lraloeverashop.eu\\\/wp-content\\\/uploads\\\/2026\\\/04\\\/Lr-Natural-Beauty-Elixir-Drink.jpeg\",\"datePublished\":\"2022-10-15T10:59:08+00:00\",\"dateModified\":\"2026-04-18T18:36:19+00:00\",\"description\":\"Lr Elixir de Beaut\u00e9 soutient une apparence jeune avec moins de rides, un corps ferme avec moins de cellulite, des cheveux brillants et ongles forts et sains\",\"breadcrumb\":{\"@id\":\"https:\\\/\\\/www.lraloeverashop.eu\\\/fr\\\/produit\\\/lr-elixir-de-beaute\\\/#breadcrumb\"},\"inLanguage\":\"fr-FR\",\"potentialAction\":[{\"@type\":\"ReadAction\",\"target\":[\"https:\\\/\\\/www.lraloeverashop.eu\\\/fr\\\/produit\\\/lr-elixir-de-beaute\\\/\"]}]},{\"@type\":\"ImageObject\",\"inLanguage\":\"fr-FR\",\"@id\":\"https:\\\/\\\/www.lraloeverashop.eu\\\/fr\\\/produit\\\/lr-elixir-de-beaute\\\/#primaryimage\",\"url\":\"https:\\\/\\\/www.lraloeverashop.eu\\\/wp-content\\\/uploads\\\/2026\\\/04\\\/Lr-Natural-Beauty-Elixir-Drink.jpeg\",\"contentUrl\":\"https:\\\/\\\/www.lraloeverashop.eu\\\/wp-content\\\/uploads\\\/2026\\\/04\\\/Lr-Natural-Beauty-Elixir-Drink.jpeg\",\"width\":1200,\"height\":1200,\"caption\":\"Lr \u00c9lixir de beaut\u00e9 naturel pour un look jeune avec moins de rides\"},{\"@type\":\"BreadcrumbList\",\"@id\":\"https:\\\/\\\/www.lraloeverashop.eu\\\/fr\\\/produit\\\/lr-elixir-de-beaute\\\/#breadcrumb\",\"itemListElement\":[{\"@type\":\"ListItem\",\"position\":1,\"name\":\"Home\",\"item\":\"https:\\\/\\\/www.lraloeverashop.eu\\\/fr\\\/\"},{\"@type\":\"ListItem\",\"position\":2,\"name\":\"Boutique\",\"item\":\"https:\\\/\\\/www.lraloeverashop.eu\\\/fr\\\/boutique\\\/\"},{\"@type\":\"ListItem\",\"position\":3,\"name\":\"Lr Elixir de Beaut\u00e9\"}]},{\"@type\":\"WebSite\",\"@id\":\"https:\\\/\\\/www.lraloeverashop.eu\\\/fr\\\/#website\",\"url\":\"https:\\\/\\\/www.lraloeverashop.eu\\\/fr\\\/\",\"name\":\"Boutique Lr Aloe Vera\",\"description\":\"High Quality Lr Aloe Vera Gel, Aloe Vera Cream and Shampoo\",\"publisher\":{\"@id\":\"https:\\\/\\\/www.lraloeverashop.eu\\\/fr\\\/#organization\"},\"potentialAction\":[{\"@type\":\"SearchAction\",\"target\":{\"@type\":\"EntryPoint\",\"urlTemplate\":\"https:\\\/\\\/www.lraloeverashop.eu\\\/fr\\\/?s={search_term_string}\"},\"query-input\":{\"@type\":\"PropertyValueSpecification\",\"valueRequired\":true,\"valueName\":\"search_term_string\"}}],\"inLanguage\":\"fr-FR\"},{\"@type\":\"Organization\",\"@id\":\"https:\\\/\\\/www.lraloeverashop.eu\\\/fr\\\/#organization\",\"name\":\"Boutique Lr Aloe Vera\",\"alternateName\":\"LR\",\"url\":\"https:\\\/\\\/www.lraloeverashop.eu\\\/fr\\\/\",\"logo\":{\"@type\":\"ImageObject\",\"inLanguage\":\"fr-FR\",\"@id\":\"https:\\\/\\\/www.lraloeverashop.eu\\\/fr\\\/#\\\/schema\\\/logo\\\/image\\\/\",\"url\":\"https:\\\/\\\/www.lraloeverashop.eu\\\/wp-content\\\/uploads\\\/2022\\\/09\\\/cropped-Lr-Aloe-Vera-Shop.jpg\",\"contentUrl\":\"https:\\\/\\\/www.lraloeverashop.eu\\\/wp-content\\\/uploads\\\/2022\\\/09\\\/cropped-Lr-Aloe-Vera-Shop.jpg\",\"width\":228,\"height\":76,\"caption\":\"Boutique Lr Aloe Vera\"},\"image\":{\"@id\":\"https:\\\/\\\/www.lraloeverashop.eu\\\/fr\\\/#\\\/schema\\\/logo\\\/image\\\/\"},\"sameAs\":[\"https:\\\/\\\/www.facebook.com\\\/lraloeverashop.eu\",\"https:\\\/\\\/x.com\\\/natur__kosmetik\",\"https:\\\/\\\/www.youtube.com\\\/channel\\\/UC5oN7BJ8nfYb8RpVtjwDEBA\",\"https:\\\/\\\/www.instagram.com\\\/lrbeautyeu\\\/\"],\"description\":\"La boutique LR Aloe Vera est votre destination de confiance pour les produits de sant\u00e9 et de beaut\u00e9 haut de gamme LR, fabriqu\u00e9s en Allemagne. Nous proposons des soins de la peau, des compl\u00e9ments nutritionnels et des solutions anti-\u00e2ge \u00e0 l'aloe vera de haute qualit\u00e9, \u00e9labor\u00e9s \u00e0 partir d'ingr\u00e9dients purs et valid\u00e9s par la recherche scientifique. D\u00e9couvrez des soins naturels qui r\u00e9g\u00e9n\u00e8rent, prot\u00e8gent et revitalisent votre peau, et profitez d'offres mensuelles exclusives sur nos produits LR Aloe Vera les plus vendus.\\n\\nCommencez d\u00e8s aujourd'hui votre parcours vers des soins naturels et constatez la diff\u00e9rence.\",\"email\":\"info@lraloeverashop.eu\",\"telephone\":\"+49 17670609653\",\"legalName\":\"Lr Aloe Vera Shop\",\"foundingDate\":\"2018-04-21\",\"numberOfEmployees\":{\"@type\":\"QuantitativeValue\",\"minValue\":\"1\",\"maxValue\":\"10\"}}]}<\/script>\n<meta property=\"product:price:amount\" content=\"172.99\" \/>\n<meta property=\"product:price:currency\" content=\"EUR\" \/>\n<meta property=\"og:availability\" content=\"instock\" \/>\n<meta property=\"product:availability\" content=\"instock\" \/>\n<meta property=\"product:retailer_item_id\" content=\"81140-1FR\" \/>\n<meta property=\"product:condition\" content=\"new\" \/>\n<!-- \/ Yoast SEO Premium plugin. -->","yoast_head_json":{"title":"Lr Elixir de Beaut\u00e9 - La seule chose dont une femme a besoin","description":"Lr Elixir de Beaut\u00e9 soutient une apparence jeune avec moins de rides, un corps ferme avec moins de cellulite, des cheveux brillants et ongles forts et sains","robots":{"index":"index","follow":"follow","max-snippet":"max-snippet:-1","max-image-preview":"max-image-preview:large","max-video-preview":"max-video-preview:-1"},"canonical":"https:\/\/www.lraloeverashop.eu\/fr\/produit\/lr-elixir-de-beaute\/","og_locale":"fr_FR","og_type":"article","og_title":"Lr Elixir de Beaut\u00e9","og_description":"Lr Elixir de Beaut\u00e9 soutient une apparence jeune avec moins de rides, un corps ferme avec moins de cellulite, des cheveux brillants et ongles forts et sains","og_url":"https:\/\/www.lraloeverashop.eu\/fr\/produit\/lr-elixir-de-beaute\/","og_site_name":"Boutique Lr Aloe Vera","article_publisher":"https:\/\/www.facebook.com\/lraloeverashop.eu","article_modified_time":"2026-04-18T18:36:19+00:00","og_image":[{"width":1200,"height":1200,"url":"https:\/\/www.lraloeverashop.eu\/wp-content\/uploads\/2026\/04\/Lr-Natural-Beauty-Elixir-Drink.jpeg","type":"image\/jpeg"}],"twitter_card":"summary_large_image","twitter_site":"@natur__kosmetik","schema":{"@context":"https:\/\/schema.org","@graph":[{"@type":["WebPage","ItemPage"],"@id":"https:\/\/www.lraloeverashop.eu\/fr\/produit\/lr-elixir-de-beaute\/","url":"https:\/\/www.lraloeverashop.eu\/fr\/produit\/lr-elixir-de-beaute\/","name":"Lr Elixir de Beaut\u00e9 - La seule chose dont une femme a besoin","isPartOf":{"@id":"https:\/\/www.lraloeverashop.eu\/fr\/#website"},"primaryImageOfPage":{"@id":"https:\/\/www.lraloeverashop.eu\/fr\/produit\/lr-elixir-de-beaute\/#primaryimage"},"image":{"@id":"https:\/\/www.lraloeverashop.eu\/fr\/produit\/lr-elixir-de-beaute\/#primaryimage"},"thumbnailUrl":"https:\/\/www.lraloeverashop.eu\/wp-content\/uploads\/2026\/04\/Lr-Natural-Beauty-Elixir-Drink.jpeg","datePublished":"2022-10-15T10:59:08+00:00","dateModified":"2026-04-18T18:36:19+00:00","description":"Lr Elixir de Beaut\u00e9 soutient une apparence jeune avec moins de rides, un corps ferme avec moins de cellulite, des cheveux brillants et ongles forts et sains","breadcrumb":{"@id":"https:\/\/www.lraloeverashop.eu\/fr\/produit\/lr-elixir-de-beaute\/#breadcrumb"},"inLanguage":"fr-FR","potentialAction":[{"@type":"ReadAction","target":["https:\/\/www.lraloeverashop.eu\/fr\/produit\/lr-elixir-de-beaute\/"]}]},{"@type":"ImageObject","inLanguage":"fr-FR","@id":"https:\/\/www.lraloeverashop.eu\/fr\/produit\/lr-elixir-de-beaute\/#primaryimage","url":"https:\/\/www.lraloeverashop.eu\/wp-content\/uploads\/2026\/04\/Lr-Natural-Beauty-Elixir-Drink.jpeg","contentUrl":"https:\/\/www.lraloeverashop.eu\/wp-content\/uploads\/2026\/04\/Lr-Natural-Beauty-Elixir-Drink.jpeg","width":1200,"height":1200,"caption":"Lr \u00c9lixir de beaut\u00e9 naturel pour un look jeune avec moins de rides"},{"@type":"BreadcrumbList","@id":"https:\/\/www.lraloeverashop.eu\/fr\/produit\/lr-elixir-de-beaute\/#breadcrumb","itemListElement":[{"@type":"ListItem","position":1,"name":"Home","item":"https:\/\/www.lraloeverashop.eu\/fr\/"},{"@type":"ListItem","position":2,"name":"Boutique","item":"https:\/\/www.lraloeverashop.eu\/fr\/boutique\/"},{"@type":"ListItem","position":3,"name":"Lr Elixir de Beaut\u00e9"}]},{"@type":"WebSite","@id":"https:\/\/www.lraloeverashop.eu\/fr\/#website","url":"https:\/\/www.lraloeverashop.eu\/fr\/","name":"Boutique Lr Aloe Vera","description":"High Quality Lr Aloe Vera Gel, Aloe Vera Cream and Shampoo","publisher":{"@id":"https:\/\/www.lraloeverashop.eu\/fr\/#organization"},"potentialAction":[{"@type":"SearchAction","target":{"@type":"EntryPoint","urlTemplate":"https:\/\/www.lraloeverashop.eu\/fr\/?s={search_term_string}"},"query-input":{"@type":"PropertyValueSpecification","valueRequired":true,"valueName":"search_term_string"}}],"inLanguage":"fr-FR"},{"@type":"Organization","@id":"https:\/\/www.lraloeverashop.eu\/fr\/#organization","name":"Boutique Lr Aloe Vera","alternateName":"LR","url":"https:\/\/www.lraloeverashop.eu\/fr\/","logo":{"@type":"ImageObject","inLanguage":"fr-FR","@id":"https:\/\/www.lraloeverashop.eu\/fr\/#\/schema\/logo\/image\/","url":"https:\/\/www.lraloeverashop.eu\/wp-content\/uploads\/2022\/09\/cropped-Lr-Aloe-Vera-Shop.jpg","contentUrl":"https:\/\/www.lraloeverashop.eu\/wp-content\/uploads\/2022\/09\/cropped-Lr-Aloe-Vera-Shop.jpg","width":228,"height":76,"caption":"Boutique Lr Aloe Vera"},"image":{"@id":"https:\/\/www.lraloeverashop.eu\/fr\/#\/schema\/logo\/image\/"},"sameAs":["https:\/\/www.facebook.com\/lraloeverashop.eu","https:\/\/x.com\/natur__kosmetik","https:\/\/www.youtube.com\/channel\/UC5oN7BJ8nfYb8RpVtjwDEBA","https:\/\/www.instagram.com\/lrbeautyeu\/"],"description":"La boutique LR Aloe Vera est votre destination de confiance pour les produits de sant\u00e9 et de beaut\u00e9 haut de gamme LR, fabriqu\u00e9s en Allemagne. Nous proposons des soins de la peau, des compl\u00e9ments nutritionnels et des solutions anti-\u00e2ge \u00e0 l'aloe vera de haute qualit\u00e9, \u00e9labor\u00e9s \u00e0 partir d'ingr\u00e9dients purs et valid\u00e9s par la recherche scientifique. D\u00e9couvrez des soins naturels qui r\u00e9g\u00e9n\u00e8rent, prot\u00e8gent et revitalisent votre peau, et profitez d'offres mensuelles exclusives sur nos produits LR Aloe Vera les plus vendus.\n\nCommencez d\u00e8s aujourd'hui votre parcours vers des soins naturels et constatez la diff\u00e9rence.","email":"info@lraloeverashop.eu","telephone":"+49 17670609653","legalName":"Lr Aloe Vera Shop","foundingDate":"2018-04-21","numberOfEmployees":{"@type":"QuantitativeValue","minValue":"1","maxValue":"10"}}]},"product_price_amount":"172.99","product_price_currency":"EUR","og_availability":"instock","product_availability":"instock","product_retailer_item_id":"81140-1FR","product_condition":"new"},"taxonomy_info":{"product_cat":[{"value":476,"label":"Coup de beaut\u00e9"},{"value":470,"label":"La beaut\u00e9 de l&#039;int\u00e9rieur"},{"value":410,"label":"Produits Speciaux"},{"value":464,"label":"Sp\u00e9cialistes"}]},"featured_image_src_large":["https:\/\/www.lraloeverashop.eu\/wp-content\/uploads\/2026\/04\/Lr-Natural-Beauty-Elixir-Drink-1024x1024.jpeg",1024,1024,true],"author_info":[],"comment_info":0,"_links":{"self":[{"href":"https:\/\/www.lraloeverashop.eu\/fr\/wp-json\/wp\/v2\/product\/9321","targetHints":{"allow":["GET"]}}],"collection":[{"href":"https:\/\/www.lraloeverashop.eu\/fr\/wp-json\/wp\/v2\/product"}],"about":[{"href":"https:\/\/www.lraloeverashop.eu\/fr\/wp-json\/wp\/v2\/types\/product"}],"replies":[{"embeddable":true,"href":"https:\/\/www.lraloeverashop.eu\/fr\/wp-json\/wp\/v2\/comments?post=9321"}],"wp:featuredmedia":[{"embeddable":true,"href":"https:\/\/www.lraloeverashop.eu\/fr\/wp-json\/wp\/v2\/media\/30443"}],"wp:attachment":[{"href":"https:\/\/www.lraloeverashop.eu\/fr\/wp-json\/wp\/v2\/media?parent=9321"}],"wp:term":[{"taxonomy":"product_brand","embeddable":true,"href":"https:\/\/www.lraloeverashop.eu\/fr\/wp-json\/wp\/v2\/product_brand?post=9321"},{"taxonomy":"product_cat","embeddable":true,"href":"https:\/\/www.lraloeverashop.eu\/fr\/wp-json\/wp\/v2\/product_cat?post=9321"},{"taxonomy":"product_tag","embeddable":true,"href":"https:\/\/www.lraloeverashop.eu\/fr\/wp-json\/wp\/v2\/product_tag?post=9321"}],"curies":[{"name":"wp","href":"https:\/\/api.w.org\/{rel}","templated":true}]}}