{"id":9294,"date":"2022-10-15T13:49:48","date_gmt":"2022-10-15T11:49:48","guid":{"rendered":"https:\/\/www.lraloeverashop.eu\/product\/box-hommes-5en1\/"},"modified":"2026-04-18T20:45:07","modified_gmt":"2026-04-18T18:45:07","slug":"box-hommes-5en1","status":"publish","type":"product","link":"https:\/\/www.lraloeverashop.eu\/fr\/produit\/box-hommes-5en1\/","title":{"rendered":"Box Hommes 5en1"},"content":{"rendered":"<h2><strong><span style=\"font-size: 16pt;\">Box Hommes 5en1<\/span><\/strong><\/h2>\n<p><span style=\"font-size: 14pt;\"><strong>Box Hommes 5en1 &#8211; tout-en-un dont votre corps a besoin<\/strong><\/span><\/p>\n<p>Box Hommes 5en1 contient le pouvoir concentr\u00e9 d&#8217;actifs s\u00e9lectionn\u00e9s issus de la nature et du monde de la science, sp\u00e9cifiquement adapt\u00e9s aux <a href=\"https:\/\/www.lraloeverashop.eu\/fr\/produit\/box-beaute-homme-5en1\/\">besoins des hommes<\/a>.<\/p>\n<p>Le complexe actif active les cinq processus de construction de la masculinit\u00e9 pure dans le corps :<br \/>\nun m\u00e9lange innovant d&#8217;ingr\u00e9dients puissants vous fournit des \u00e9l\u00e9ments essentiels tels que le collag\u00e8ne et la L-arginine.<\/p>\n<p>Avec cinq boosters min\u00e9raux efficaces \u2013 zinc, cuivre, magn\u00e9sium, mangan\u00e8se et s\u00e9l\u00e9nium \u2013 et 10 vitamines concentr\u00e9es pour :<\/p>\n<p><strong>1. \u00c9NERGIE PURE : <\/strong>Box Hommes 5en1 augmente votre \u00e9nergie et soutient votre <a href=\"https:\/\/www.lraloeverashop.eu\/fr\/produit\/mind-master-poudre-avec-guarana\/\">m\u00e9tabolisme \u00e9nerg\u00e9tique<\/a> pour plus de puissance tout au long de la journ\u00e9e.<sup>1,2<\/sup><\/p>\n<p><strong>2. PEAU SAINE : <\/strong>Renforce la structure de la peau et <a href=\"https:\/\/www.lraloeverashop.eu\/fr\/produit\/platinum-creme-anti-age-pour-hommes\/\">pr\u00e9vient les rides<\/a> avec des nutriments pr\u00e9cieux tels que la biotine, le zinc et le cuivre.<sup>3<\/sup><\/p>\n<p><strong>3. CHEVEUX \u00c9PAIS : <\/strong>Les principes actifs efficaces vont directement \u00e0 la racine du cheveu de l&#8217;int\u00e9rieur et lui apportent les nutriments dont il a besoin. La <a href=\"https:\/\/www.lraloeverashop.eu\/fr\/produit\/aloe-vera-nutri-repair-shampoing\/\">structure du cheveu<\/a> appara\u00eet nourrie pour plus de brillance et d&#8217;\u00e9paisseur.<sup>4<\/sup><\/p>\n<p><strong>4. MUSCLES ATTRACTIFS : <\/strong>Box Hommes 5en1 favorise la formation de <a href=\"https:\/\/www.lraloeverashop.eu\/fr\/produit\/boisson-en-poudre-protein-power-vanille\/\">prot\u00e9ines<\/a> et la croissance musculaire.<sup>1,5<\/sup><\/p>\n<p><strong>5. FORTE PUISSANCE : <\/strong>Box Beaut\u00e9 Homme 5en1 Encourage la formation naturelle de testost\u00e9rone et influence positivement la masculinit\u00e9.<sup>6<\/sup><\/p>\n<p>Le double complex hautement efficace de Box Hommes 5en1 5en1 comprend tout ce dont un homme a besoin : Des ingr\u00e9dients puissants bas\u00e9s sur la science et la nature.<\/p>\n<p>&nbsp;<\/p>\n<h3><strong><span style=\"font-size: 16pt;\">COMPLEX Actif en Box Beaut\u00e9 Homme 5en1<\/span><\/strong><\/h3>\n<p>Active cinq processus importants du corps masculin gr\u00e2ce \u00e0 une combinaison innovante d&#8217;ingr\u00e9dients:<\/p>\n<p>\u2022 Collag\u00e8ne et L-arginine<br \/>\n\u2022 5 min\u00e9raux efficaces tels que le zinc, le cuivre, le magn\u00e9sium, le mangan\u00e8se et le s\u00e9l\u00e9nium<br \/>\n\u2022 10 vitamines en haute concentration<\/p>\n<p>&nbsp;<\/p>\n<h3><span style=\"font-size: 16pt;\">COMPLEX Pr\u00e9ventif<\/span><\/h3>\n<p>Protection et pr\u00e9vention gr\u00e2ce \u00e0 une association hautement efficace d&#8217;ingr\u00e9dients naturels de Box Hommes 5en1 :<\/p>\n<p>\u2022 Extrait de poivre noir<br \/>\n\u2022 Caf\u00e9ine du th\u00e9 vert<br \/>\n\u2022 Cassis<br \/>\n\u2022 Orange sanguine<\/p>\n<p>&nbsp;<\/p>\n<p>LR a d\u00e9velopp\u00e9 un autre excellent produit pour beaut\u00e9 hommes : Lr Box Hommes 5en1. Le m\u00e9tabolisme du corps masculin a ses propres qualit\u00e9s distinctives.<\/p>\n<p>C&#8217;est pourquoi Box Hommes 5en1 combine des ingr\u00e9dients issus de la science et de la nature, qui visent les besoins des hommes. Une solution pratique et simple qui s&#8217;int\u00e8gre facilement et durablement dans la vie de tous les jours.<\/p>\n<p>1. La thiamine, la vitamine B6, la vitamine B12 et le magn\u00e9sium contribuent \u00e0 un m\u00e9tabolisme \u00e9nerg\u00e9tique normal.<\/p>\n<p>2. La vitamine B6, la vitamine B12 et le magn\u00e9sium aident \u00e0 r\u00e9duire la fatigue et l&#8217;\u00e9puisement.<\/p>\n<p>3. La riboflavine, la vitamine A, la niacine, la biotine et le zinc aident \u00e0 maintenir une peau normale. La vitamine C contribue \u00e0 la formation normale de collag\u00e8ne pour un fonctionnement normal de la peau.<\/p>\n<p>4. La biotine et le zinc aident \u00e0 maintenir des cheveux normaux. La vitamine E, la <a href=\"https:\/\/www.lraloeverashop.eu\/fr\/produit\/vita-active-fruits-rouges-vitamines\/\">vitamine C<\/a>, le s\u00e9l\u00e9nium et le zinc aident \u00e0 prot\u00e9ger les cellules du stress oxydatif. Le cuivre aide \u00e0 maintenir une pigmentation normale des cheveux.<\/p>\n<p>5. Le magn\u00e9sium aide \u00e0 maintenir une musculature normale. La vitamine D aide \u00e0 maintenir une fonction musculaire normale. Le zinc contribue \u00e0 la synth\u00e8se normale des prot\u00e9ines.<\/p>\n<p>6. Le zinc aide \u00e0 maintenir des niveaux normaux de testost\u00e9rone dans le sang. Le s\u00e9l\u00e9nium contribue \u00e0 la formation normale des spermatozo\u00efdes. Le zinc contribue \u00e0 une fertilit\u00e9 normale et \u00e0 une reproduction normale.<\/p>\n<p>&nbsp;<\/p>\n<h4><strong><span style=\"font-size: 16pt;\">Comment utiliser<\/span><\/strong><\/h4>\n<p>Une ampoule de Box Hommes 5en1 par jour. Veuillez agiter avant utilisation. Ne pas d\u00e9passer la dose journali\u00e8re recommand\u00e9e. Les compl\u00e9ments alimentaires ne se substituent pas \u00e0 une alimentation vari\u00e9e et \u00e9quilibr\u00e9e et \u00e0 un mode de vie sain. Gardez le produit hors de port\u00e9e des jeunes enfants. Contient de la caf\u00e9ine.<\/p>\n<p><strong>Conseil de stockage :<\/strong> prot\u00e9ger des rayons directs du soleil. Conserver dans un endroit sec \u00e0 temp\u00e9rature ambiante.<\/p>\n<p>&nbsp;<\/p>\n","protected":false},"excerpt":{"rendered":"<ul>\n<li>La nouvelle solution tout-en-un en Set avec double complexe<\/li>\n<li>Couvre 5 besoins fondamentaux : plus d\u2019\u00e9nergie, une peau saine, des cheveux \u00e9pais, des muscles attrayants et une forte puissance<\/li>\n<li>Active et fournit une protection pr\u00e9ventive<\/li>\n<li>Sans sucre, colorants artificiels, lactose et gluten<\/li>\n<li>Contient 30 shots x 25 ml chacun<\/li>\n<\/ul>\n<p style=\"text-align: left;\"><span style=\"color: #ff0000;\"><a style=\"color: #ff0000;\" href=\"https:\/\/shop.lrworld.com\/openpao?PHP=0vFlt7jT938BEnBI3a6e9w%3D%3D\"><span style=\"font-size: 14pt;\"><strong>Inscrivez-vous et \u00e9conomisez 35% sur chaque commande<\/strong><\/span><\/a><\/span><\/p>\n","protected":false},"featured_media":30429,"comment_status":"open","ping_status":"closed","template":"","meta":{"_kad_blocks_custom_css":"","_kad_blocks_head_custom_js":"","_kad_blocks_body_custom_js":"","_kad_blocks_footer_custom_js":"","_kadence_starter_templates_imported_post":false,"_kad_post_transparent":"default","_kad_post_title":"","_kad_post_layout":"default","_kad_post_sidebar_id":"","_kad_post_content_style":"default","_kad_post_vertical_padding":"default","_kad_post_feature":"","_kad_post_feature_position":"","_kad_post_header":false,"_kad_post_footer":false,"_kad_post_classname":""},"product_brand":[],"product_cat":[476,470,410,464],"product_tag":[],"class_list":{"0":"post-9294","1":"product","2":"type-product","3":"status-publish","4":"has-post-thumbnail","6":"product_cat-coup-de-beaute","7":"product_cat-la-beaute-de-linterieur","8":"product_cat-produits-speciaux","9":"product_cat-specialistes","11":"first","12":"instock","13":"taxable","14":"shipping-taxable","15":"purchasable","16":"product-type-simple","17":"entry","18":"content-bg","19":"loop-entry"},"yoast_head":"<!-- This site is optimized with the Yoast SEO Premium plugin v27.5 (Yoast SEO v27.5) - https:\/\/yoast.com\/product\/yoast-seo-premium-wordpress\/ -->\n<title>Box Hommes 5en1 - tout-en-un dont votre corps a besoin<\/title>\n<meta name=\"description\" content=\"Box Hommes 5en1 pour plus d\u2019\u00e9nergie, une peau saine, des cheveux \u00e9pais, des muscles attrayants et une forte puissance. Sans sucre, lactose et gluten\" \/>\n<meta name=\"robots\" content=\"index, follow, max-snippet:-1, max-image-preview:large, max-video-preview:-1\" \/>\n<link rel=\"canonical\" href=\"https:\/\/www.lraloeverashop.eu\/fr\/produit\/box-hommes-5en1\/\" \/>\n<meta property=\"og:locale\" content=\"fr_FR\" \/>\n<meta property=\"og:type\" content=\"article\" \/>\n<meta property=\"og:title\" content=\"Box Hommes 5en1\" \/>\n<meta property=\"og:description\" content=\"Box Hommes 5en1 pour plus d\u2019\u00e9nergie, une peau saine, des cheveux \u00e9pais, des muscles attrayants et une forte puissance. Sans sucre, lactose et gluten\" \/>\n<meta property=\"og:url\" content=\"https:\/\/www.lraloeverashop.eu\/fr\/produit\/box-hommes-5en1\/\" \/>\n<meta property=\"og:site_name\" content=\"Boutique Lr Aloe Vera\" \/>\n<meta property=\"article:publisher\" content=\"https:\/\/www.facebook.com\/lraloeverashop.eu\" \/>\n<meta property=\"article:modified_time\" content=\"2026-04-18T18:45:07+00:00\" \/>\n<meta property=\"og:image\" content=\"https:\/\/www.lraloeverashop.eu\/wp-content\/uploads\/2026\/04\/Lr-5in1-Mens-Shot-with-collagen.jpeg\" \/>\n\t<meta property=\"og:image:width\" content=\"1200\" \/>\n\t<meta property=\"og:image:height\" content=\"1200\" \/>\n\t<meta property=\"og:image:type\" content=\"image\/jpeg\" \/>\n<meta name=\"twitter:card\" content=\"summary_large_image\" \/>\n<meta name=\"twitter:site\" content=\"@natur__kosmetik\" \/>\n<script type=\"application\/ld+json\" class=\"yoast-schema-graph\">{\"@context\":\"https:\\\/\\\/schema.org\",\"@graph\":[{\"@type\":[\"WebPage\",\"ItemPage\"],\"@id\":\"https:\\\/\\\/www.lraloeverashop.eu\\\/fr\\\/produit\\\/box-hommes-5en1\\\/\",\"url\":\"https:\\\/\\\/www.lraloeverashop.eu\\\/fr\\\/produit\\\/box-hommes-5en1\\\/\",\"name\":\"Box Hommes 5en1 - tout-en-un dont votre corps a besoin\",\"isPartOf\":{\"@id\":\"https:\\\/\\\/www.lraloeverashop.eu\\\/fr\\\/#website\"},\"primaryImageOfPage\":{\"@id\":\"https:\\\/\\\/www.lraloeverashop.eu\\\/fr\\\/produit\\\/box-hommes-5en1\\\/#primaryimage\"},\"image\":{\"@id\":\"https:\\\/\\\/www.lraloeverashop.eu\\\/fr\\\/produit\\\/box-hommes-5en1\\\/#primaryimage\"},\"thumbnailUrl\":\"https:\\\/\\\/www.lraloeverashop.eu\\\/wp-content\\\/uploads\\\/2026\\\/04\\\/Lr-5in1-Mens-Shot-with-collagen.jpeg\",\"datePublished\":\"2022-10-15T11:49:48+00:00\",\"dateModified\":\"2026-04-18T18:45:07+00:00\",\"description\":\"Box Hommes 5en1 pour plus d\u2019\u00e9nergie, une peau saine, des cheveux \u00e9pais, des muscles attrayants et une forte puissance. Sans sucre, lactose et gluten\",\"breadcrumb\":{\"@id\":\"https:\\\/\\\/www.lraloeverashop.eu\\\/fr\\\/produit\\\/box-hommes-5en1\\\/#breadcrumb\"},\"inLanguage\":\"fr-FR\",\"potentialAction\":[{\"@type\":\"ReadAction\",\"target\":[\"https:\\\/\\\/www.lraloeverashop.eu\\\/fr\\\/produit\\\/box-hommes-5en1\\\/\"]}]},{\"@type\":\"ImageObject\",\"inLanguage\":\"fr-FR\",\"@id\":\"https:\\\/\\\/www.lraloeverashop.eu\\\/fr\\\/produit\\\/box-hommes-5en1\\\/#primaryimage\",\"url\":\"https:\\\/\\\/www.lraloeverashop.eu\\\/wp-content\\\/uploads\\\/2026\\\/04\\\/Lr-5in1-Mens-Shot-with-collagen.jpeg\",\"contentUrl\":\"https:\\\/\\\/www.lraloeverashop.eu\\\/wp-content\\\/uploads\\\/2026\\\/04\\\/Lr-5in1-Mens-Shot-with-collagen.jpeg\",\"width\":1200,\"height\":1200,\"caption\":\"Lr 5in1 Men's Shot with collagen\"},{\"@type\":\"BreadcrumbList\",\"@id\":\"https:\\\/\\\/www.lraloeverashop.eu\\\/fr\\\/produit\\\/box-hommes-5en1\\\/#breadcrumb\",\"itemListElement\":[{\"@type\":\"ListItem\",\"position\":1,\"name\":\"Home\",\"item\":\"https:\\\/\\\/www.lraloeverashop.eu\\\/fr\\\/home\\\/\"},{\"@type\":\"ListItem\",\"position\":2,\"name\":\"Boutique\",\"item\":\"https:\\\/\\\/www.lraloeverashop.eu\\\/fr\\\/boutique\\\/\"},{\"@type\":\"ListItem\",\"position\":3,\"name\":\"Box Hommes 5en1\"}]},{\"@type\":\"WebSite\",\"@id\":\"https:\\\/\\\/www.lraloeverashop.eu\\\/fr\\\/#website\",\"url\":\"https:\\\/\\\/www.lraloeverashop.eu\\\/fr\\\/\",\"name\":\"Boutique Lr Aloe Vera\",\"description\":\"High Quality Lr Aloe Vera Gel, Aloe Vera Cream and Shampoo\",\"publisher\":{\"@id\":\"https:\\\/\\\/www.lraloeverashop.eu\\\/fr\\\/#organization\"},\"alternateName\":\"LR\",\"potentialAction\":[{\"@type\":\"SearchAction\",\"target\":{\"@type\":\"EntryPoint\",\"urlTemplate\":\"https:\\\/\\\/www.lraloeverashop.eu\\\/fr\\\/?s={search_term_string}\"},\"query-input\":{\"@type\":\"PropertyValueSpecification\",\"valueRequired\":true,\"valueName\":\"search_term_string\"}}],\"inLanguage\":\"fr-FR\"},{\"@type\":\"Organization\",\"@id\":\"https:\\\/\\\/www.lraloeverashop.eu\\\/fr\\\/#organization\",\"name\":\"Boutique Lr Aloe Vera\",\"alternateName\":\"LR\",\"url\":\"https:\\\/\\\/www.lraloeverashop.eu\\\/fr\\\/\",\"logo\":{\"@type\":\"ImageObject\",\"inLanguage\":\"fr-FR\",\"@id\":\"https:\\\/\\\/www.lraloeverashop.eu\\\/fr\\\/#\\\/schema\\\/logo\\\/image\\\/\",\"url\":\"https:\\\/\\\/www.lraloeverashop.eu\\\/wp-content\\\/uploads\\\/2022\\\/09\\\/cropped-Lr-Aloe-Vera-Shop.jpg\",\"contentUrl\":\"https:\\\/\\\/www.lraloeverashop.eu\\\/wp-content\\\/uploads\\\/2022\\\/09\\\/cropped-Lr-Aloe-Vera-Shop.jpg\",\"width\":228,\"height\":76,\"caption\":\"Boutique Lr Aloe Vera\"},\"image\":{\"@id\":\"https:\\\/\\\/www.lraloeverashop.eu\\\/fr\\\/#\\\/schema\\\/logo\\\/image\\\/\"},\"sameAs\":[\"https:\\\/\\\/www.facebook.com\\\/lraloeverashop.eu\",\"https:\\\/\\\/x.com\\\/natur__kosmetik\",\"https:\\\/\\\/www.youtube.com\\\/channel\\\/UC5oN7BJ8nfYb8RpVtjwDEBA\",\"https:\\\/\\\/www.instagram.com\\\/lrbeautyeu\\\/\"],\"description\":\"La boutique LR Aloe Vera est votre destination de confiance pour les produits de sant\u00e9 et de beaut\u00e9 haut de gamme LR, fabriqu\u00e9s en Allemagne. Nous proposons des soins de la peau, des compl\u00e9ments nutritionnels et des solutions anti-\u00e2ge \u00e0 l'aloe vera de haute qualit\u00e9, \u00e9labor\u00e9s \u00e0 partir d'ingr\u00e9dients purs et valid\u00e9s par la recherche scientifique. D\u00e9couvrez des soins naturels qui r\u00e9g\u00e9n\u00e8rent, prot\u00e8gent et revitalisent votre peau, et profitez d'offres mensuelles exclusives sur nos produits LR Aloe Vera les plus vendus.\\n\\nCommencez d\u00e8s aujourd'hui votre parcours vers des soins naturels et constatez la diff\u00e9rence.\",\"email\":\"info@lraloeverashop.eu\",\"telephone\":\"+49 17670609653\",\"legalName\":\"Lr Aloe Vera Shop\",\"foundingDate\":\"2018-04-21\",\"numberOfEmployees\":{\"@type\":\"QuantitativeValue\",\"minValue\":\"1\",\"maxValue\":\"10\"}}]}<\/script>\n<meta property=\"product:price:amount\" content=\"172.99\" \/>\n<meta property=\"product:price:currency\" content=\"EUR\" \/>\n<meta property=\"og:availability\" content=\"instock\" \/>\n<meta property=\"product:availability\" content=\"instock\" \/>\n<meta property=\"product:retailer_item_id\" content=\"81170-1FR\" \/>\n<meta property=\"product:condition\" content=\"new\" \/>\n<!-- \/ Yoast SEO Premium plugin. -->","yoast_head_json":{"title":"Box Hommes 5en1 - tout-en-un dont votre corps a besoin","description":"Box Hommes 5en1 pour plus d\u2019\u00e9nergie, une peau saine, des cheveux \u00e9pais, des muscles attrayants et une forte puissance. Sans sucre, lactose et gluten","robots":{"index":"index","follow":"follow","max-snippet":"max-snippet:-1","max-image-preview":"max-image-preview:large","max-video-preview":"max-video-preview:-1"},"canonical":"https:\/\/www.lraloeverashop.eu\/fr\/produit\/box-hommes-5en1\/","og_locale":"fr_FR","og_type":"article","og_title":"Box Hommes 5en1","og_description":"Box Hommes 5en1 pour plus d\u2019\u00e9nergie, une peau saine, des cheveux \u00e9pais, des muscles attrayants et une forte puissance. Sans sucre, lactose et gluten","og_url":"https:\/\/www.lraloeverashop.eu\/fr\/produit\/box-hommes-5en1\/","og_site_name":"Boutique Lr Aloe Vera","article_publisher":"https:\/\/www.facebook.com\/lraloeverashop.eu","article_modified_time":"2026-04-18T18:45:07+00:00","og_image":[{"width":1200,"height":1200,"url":"https:\/\/www.lraloeverashop.eu\/wp-content\/uploads\/2026\/04\/Lr-5in1-Mens-Shot-with-collagen.jpeg","type":"image\/jpeg"}],"twitter_card":"summary_large_image","twitter_site":"@natur__kosmetik","schema":{"@context":"https:\/\/schema.org","@graph":[{"@type":["WebPage","ItemPage"],"@id":"https:\/\/www.lraloeverashop.eu\/fr\/produit\/box-hommes-5en1\/","url":"https:\/\/www.lraloeverashop.eu\/fr\/produit\/box-hommes-5en1\/","name":"Box Hommes 5en1 - tout-en-un dont votre corps a besoin","isPartOf":{"@id":"https:\/\/www.lraloeverashop.eu\/fr\/#website"},"primaryImageOfPage":{"@id":"https:\/\/www.lraloeverashop.eu\/fr\/produit\/box-hommes-5en1\/#primaryimage"},"image":{"@id":"https:\/\/www.lraloeverashop.eu\/fr\/produit\/box-hommes-5en1\/#primaryimage"},"thumbnailUrl":"https:\/\/www.lraloeverashop.eu\/wp-content\/uploads\/2026\/04\/Lr-5in1-Mens-Shot-with-collagen.jpeg","datePublished":"2022-10-15T11:49:48+00:00","dateModified":"2026-04-18T18:45:07+00:00","description":"Box Hommes 5en1 pour plus d\u2019\u00e9nergie, une peau saine, des cheveux \u00e9pais, des muscles attrayants et une forte puissance. Sans sucre, lactose et gluten","breadcrumb":{"@id":"https:\/\/www.lraloeverashop.eu\/fr\/produit\/box-hommes-5en1\/#breadcrumb"},"inLanguage":"fr-FR","potentialAction":[{"@type":"ReadAction","target":["https:\/\/www.lraloeverashop.eu\/fr\/produit\/box-hommes-5en1\/"]}]},{"@type":"ImageObject","inLanguage":"fr-FR","@id":"https:\/\/www.lraloeverashop.eu\/fr\/produit\/box-hommes-5en1\/#primaryimage","url":"https:\/\/www.lraloeverashop.eu\/wp-content\/uploads\/2026\/04\/Lr-5in1-Mens-Shot-with-collagen.jpeg","contentUrl":"https:\/\/www.lraloeverashop.eu\/wp-content\/uploads\/2026\/04\/Lr-5in1-Mens-Shot-with-collagen.jpeg","width":1200,"height":1200,"caption":"Lr 5in1 Men's Shot with collagen"},{"@type":"BreadcrumbList","@id":"https:\/\/www.lraloeverashop.eu\/fr\/produit\/box-hommes-5en1\/#breadcrumb","itemListElement":[{"@type":"ListItem","position":1,"name":"Home","item":"https:\/\/www.lraloeverashop.eu\/fr\/home\/"},{"@type":"ListItem","position":2,"name":"Boutique","item":"https:\/\/www.lraloeverashop.eu\/fr\/boutique\/"},{"@type":"ListItem","position":3,"name":"Box Hommes 5en1"}]},{"@type":"WebSite","@id":"https:\/\/www.lraloeverashop.eu\/fr\/#website","url":"https:\/\/www.lraloeverashop.eu\/fr\/","name":"Boutique Lr Aloe Vera","description":"High Quality Lr Aloe Vera Gel, Aloe Vera Cream and Shampoo","publisher":{"@id":"https:\/\/www.lraloeverashop.eu\/fr\/#organization"},"alternateName":"LR","potentialAction":[{"@type":"SearchAction","target":{"@type":"EntryPoint","urlTemplate":"https:\/\/www.lraloeverashop.eu\/fr\/?s={search_term_string}"},"query-input":{"@type":"PropertyValueSpecification","valueRequired":true,"valueName":"search_term_string"}}],"inLanguage":"fr-FR"},{"@type":"Organization","@id":"https:\/\/www.lraloeverashop.eu\/fr\/#organization","name":"Boutique Lr Aloe Vera","alternateName":"LR","url":"https:\/\/www.lraloeverashop.eu\/fr\/","logo":{"@type":"ImageObject","inLanguage":"fr-FR","@id":"https:\/\/www.lraloeverashop.eu\/fr\/#\/schema\/logo\/image\/","url":"https:\/\/www.lraloeverashop.eu\/wp-content\/uploads\/2022\/09\/cropped-Lr-Aloe-Vera-Shop.jpg","contentUrl":"https:\/\/www.lraloeverashop.eu\/wp-content\/uploads\/2022\/09\/cropped-Lr-Aloe-Vera-Shop.jpg","width":228,"height":76,"caption":"Boutique Lr Aloe Vera"},"image":{"@id":"https:\/\/www.lraloeverashop.eu\/fr\/#\/schema\/logo\/image\/"},"sameAs":["https:\/\/www.facebook.com\/lraloeverashop.eu","https:\/\/x.com\/natur__kosmetik","https:\/\/www.youtube.com\/channel\/UC5oN7BJ8nfYb8RpVtjwDEBA","https:\/\/www.instagram.com\/lrbeautyeu\/"],"description":"La boutique LR Aloe Vera est votre destination de confiance pour les produits de sant\u00e9 et de beaut\u00e9 haut de gamme LR, fabriqu\u00e9s en Allemagne. Nous proposons des soins de la peau, des compl\u00e9ments nutritionnels et des solutions anti-\u00e2ge \u00e0 l'aloe vera de haute qualit\u00e9, \u00e9labor\u00e9s \u00e0 partir d'ingr\u00e9dients purs et valid\u00e9s par la recherche scientifique. D\u00e9couvrez des soins naturels qui r\u00e9g\u00e9n\u00e8rent, prot\u00e8gent et revitalisent votre peau, et profitez d'offres mensuelles exclusives sur nos produits LR Aloe Vera les plus vendus.\n\nCommencez d\u00e8s aujourd'hui votre parcours vers des soins naturels et constatez la diff\u00e9rence.","email":"info@lraloeverashop.eu","telephone":"+49 17670609653","legalName":"Lr Aloe Vera Shop","foundingDate":"2018-04-21","numberOfEmployees":{"@type":"QuantitativeValue","minValue":"1","maxValue":"10"}}]},"product_price_amount":"172.99","product_price_currency":"EUR","og_availability":"instock","product_availability":"instock","product_retailer_item_id":"81170-1FR","product_condition":"new"},"taxonomy_info":{"product_cat":[{"value":476,"label":"Coup de beaut\u00e9"},{"value":470,"label":"La beaut\u00e9 de l&#039;int\u00e9rieur"},{"value":410,"label":"Produits Speciaux"},{"value":464,"label":"Sp\u00e9cialistes"}]},"featured_image_src_large":["https:\/\/www.lraloeverashop.eu\/wp-content\/uploads\/2026\/04\/Lr-5in1-Mens-Shot-with-collagen-1024x1024.jpeg",1024,1024,true],"author_info":[],"comment_info":0,"_links":{"self":[{"href":"https:\/\/www.lraloeverashop.eu\/fr\/wp-json\/wp\/v2\/product\/9294","targetHints":{"allow":["GET"]}}],"collection":[{"href":"https:\/\/www.lraloeverashop.eu\/fr\/wp-json\/wp\/v2\/product"}],"about":[{"href":"https:\/\/www.lraloeverashop.eu\/fr\/wp-json\/wp\/v2\/types\/product"}],"replies":[{"embeddable":true,"href":"https:\/\/www.lraloeverashop.eu\/fr\/wp-json\/wp\/v2\/comments?post=9294"}],"wp:featuredmedia":[{"embeddable":true,"href":"https:\/\/www.lraloeverashop.eu\/fr\/wp-json\/wp\/v2\/media\/30429"}],"wp:attachment":[{"href":"https:\/\/www.lraloeverashop.eu\/fr\/wp-json\/wp\/v2\/media?parent=9294"}],"wp:term":[{"taxonomy":"product_brand","embeddable":true,"href":"https:\/\/www.lraloeverashop.eu\/fr\/wp-json\/wp\/v2\/product_brand?post=9294"},{"taxonomy":"product_cat","embeddable":true,"href":"https:\/\/www.lraloeverashop.eu\/fr\/wp-json\/wp\/v2\/product_cat?post=9294"},{"taxonomy":"product_tag","embeddable":true,"href":"https:\/\/www.lraloeverashop.eu\/fr\/wp-json\/wp\/v2\/product_tag?post=9294"}],"curies":[{"name":"wp","href":"https:\/\/api.w.org\/{rel}","templated":true}]}}