{"id":9274,"date":"2022-10-15T14:07:29","date_gmt":"2022-10-15T12:07:29","guid":{"rendered":"https:\/\/www.lraloeverashop.eu\/product\/box-beaute-homme-5en1\/"},"modified":"2026-04-10T16:09:48","modified_gmt":"2026-04-10T14:09:48","slug":"box-beaute-homme-5en1","status":"publish","type":"product","link":"https:\/\/www.lraloeverashop.eu\/fr\/produit\/box-beaute-homme-5en1\/","title":{"rendered":"Box Beaut\u00e9 Homme 5en1 Set"},"content":{"rendered":"<h2><strong><span style=\"font-size: 16pt;\">Box Beaut\u00e9 Homme 5en1 Set<\/span><\/strong><\/h2>\n<p><span style=\"font-size: 14pt;\"><strong>Box Beaut\u00e9 Homme 5en1 Set Au Double Complexe Haute Efficacit\u00e9<\/strong><\/span><\/p>\n<p>Box Beaut\u00e9 Homme 5en1 Set contient le pouvoir concentr\u00e9 d&rsquo;actifs s\u00e9lectionn\u00e9s issus de la nature et du monde de la science, sp\u00e9cifiquement adapt\u00e9s aux besoins des hommes.<\/p>\n<p>Le complexe actif active les cinq processus de construction de la masculinit\u00e9 pure dans le corps :<br \/>\nun m\u00e9lange innovant d&rsquo;ingr\u00e9dients puissants vous fournit des \u00e9l\u00e9ments essentiels tels que le collag\u00e8ne et la L-arginine.<\/p>\n<p>Avec cinq boosters min\u00e9raux efficaces \u2013 zinc, cuivre, magn\u00e9sium, mangan\u00e8se et s\u00e9l\u00e9nium \u2013 et 10 vitamines concentr\u00e9es pour :<\/p>\n<p><strong>1. \u00c9NERGIE PURE : <\/strong>Box Beaut\u00e9 Homme 5en1 Set augmente votre \u00e9nergie et soutient votre m\u00e9tabolisme \u00e9nerg\u00e9tique pour plus de puissance tout au long de la journ\u00e9e.<sup>1,2<\/sup><\/p>\n<p><strong>2. PEAU SAINE : <\/strong>Renforce la structure de la peau et pr\u00e9vient les rides avec des nutriments pr\u00e9cieux tels que la biotine, le zinc et le cuivre.<sup>3<\/sup><\/p>\n<p><strong>3. CHEVEUX \u00c9PAIS : <\/strong>Les principes actifs efficaces vont directement \u00e0 la racine du <a href=\"https:\/\/www.lraloeverashop.eu\/fr\/produit\/aloe-vera-nutri-repair-shampoing\/\">cheveu<\/a> de l&rsquo;int\u00e9rieur et lui apportent les nutriments dont il a besoin. La structure du cheveu appara\u00eet nourrie pour plus de brillance et d&rsquo;\u00e9paisseur.<sup>4<\/sup><\/p>\n<p><strong>4. MUSCLES ATTRACTIFS : <\/strong>Box Beaut\u00e9 Homme 5en1 set favorise la formation de prot\u00e9ines et la croissance musculaire.<sup>1,5<\/sup><\/p>\n<p><strong>5. FORTE PUISSANCE : <\/strong>Box Beaut\u00e9 Homme 5en1 Set Encourage la formation naturelle de testost\u00e9rone et influence positivement la masculinit\u00e9.<sup>6<\/sup><\/p>\n<p>Le double complex hautement efficace de Box Beaut\u00e9 Homme 5en1 Set comprend tout ce dont un homme a besoin : Des ingr\u00e9dients puissants bas\u00e9s sur la science et la nature.<\/p>\n<p>&nbsp;<\/p>\n<h3><strong><span style=\"font-size: 16pt;\">COMPLEX Actif en Box Beaut\u00e9 Homme 5en1<\/span><\/strong><\/h3>\n<p>Active cinq processus importants du <a href=\"https:\/\/www.lraloeverashop.eu\/fr\/produit\/box-hommes-5en1\/\">corps masculin<\/a> gr\u00e2ce \u00e0 une combinaison innovante d&rsquo;ingr\u00e9dients:<\/p>\n<p>\u2022 Collag\u00e8ne et L-arginine<br \/>\n\u2022 5 min\u00e9raux efficaces tels que le zinc, le cuivre, le magn\u00e9sium, le mangan\u00e8se et le s\u00e9l\u00e9nium<br \/>\n\u2022 10 vitamines en haute concentration<\/p>\n<p>&nbsp;<\/p>\n<h3><span style=\"font-size: 16pt;\">COMPLEX Pr\u00e9ventif<\/span><\/h3>\n<p>Protection et pr\u00e9vention gr\u00e2ce \u00e0 une association hautement efficace d&rsquo;ingr\u00e9dients naturels de Box Homme 5en1 :<\/p>\n<p>\u2022 Extrait de poivre noir<br \/>\n\u2022 Caf\u00e9ine du th\u00e9 vert<br \/>\n\u2022 Cassis<br \/>\n\u2022 Orange sanguine<\/p>\n<p>&nbsp;<\/p>\n<p>LR a d\u00e9velopp\u00e9 un autre excellent produit pour <a href=\"https:\/\/www.lraloeverashop.eu\/fr\/produit\/platinum-creme-anti-age-pour-hommes\/\">beaut\u00e9 hommes<\/a> : Lr Box Beaut\u00e9 Homme 5en1. Le m\u00e9tabolisme du corps masculin a ses propres qualit\u00e9s distinctives.<\/p>\n<p>C&rsquo;est pourquoi Box Beaut\u00e9 Homme 5en1 combine des ingr\u00e9dients issus de la science et de la nature, qui visent les besoins des hommes. Une solution pratique et simple qui s&rsquo;int\u00e8gre facilement et durablement dans la vie de tous les jours.<\/p>\n<p>1. La thiamine, la vitamine B6, la vitamine B12 et le magn\u00e9sium contribuent \u00e0 un <a href=\"https:\/\/www.lraloeverashop.eu\/fr\/produit\/mind-master-poudre-avec-guarana\/\">m\u00e9tabolisme \u00e9nerg\u00e9tique<\/a> normal.<\/p>\n<p>2. La vitamine B6, la vitamine B12 et le magn\u00e9sium aident \u00e0 r\u00e9duire la fatigue et l&rsquo;\u00e9puisement.<\/p>\n<p>3. La riboflavine, la vitamine A, la niacine, la biotine et le zinc aident \u00e0 maintenir une peau normale. La vitamine C contribue \u00e0 la formation normale de collag\u00e8ne pour un fonctionnement normal de la peau.<\/p>\n<p>4. La biotine et le zinc aident \u00e0 maintenir des <a href=\"https:\/\/www.lraloeverashop.eu\/fr\/produit\/aloe-vera-baume-coiffant-pour-cheveux-et-barbe\/\">cheveux normaux<\/a>. La vitamine E, la vitamine C, le s\u00e9l\u00e9nium et le zinc aident \u00e0 prot\u00e9ger les cellules du stress oxydatif. Le cuivre aide \u00e0 maintenir une pigmentation normale des cheveux.<\/p>\n<p>5. Le magn\u00e9sium aide \u00e0 maintenir une musculature normale. La vitamine D aide \u00e0 maintenir une fonction musculaire normale. Le zinc contribue \u00e0 la synth\u00e8se normale des prot\u00e9ines.<\/p>\n<p>6. Le zinc aide \u00e0 maintenir des niveaux normaux de testost\u00e9rone dans le sang. Le s\u00e9l\u00e9nium contribue \u00e0 la formation normale des spermatozo\u00efdes. Le zinc contribue \u00e0 une fertilit\u00e9 normale et \u00e0 une reproduction normale.<\/p>\n<p>&nbsp;<\/p>\n<h4><strong><span style=\"font-size: 16pt;\">Comment utiliser<\/span><\/strong><\/h4>\n<p>Une ampoule de Box Beaut\u00e9 Homme 5en1 par jour. Veuillez agiter avant utilisation. Ne pas d\u00e9passer la dose journali\u00e8re recommand\u00e9e. Les compl\u00e9ments alimentaires ne se substituent pas \u00e0 une alimentation vari\u00e9e et \u00e9quilibr\u00e9e et \u00e0 un mode de vie sain. Gardez le produit hors de port\u00e9e des jeunes enfants. Contient de la caf\u00e9ine. D\u00e9conseill\u00e9 aux enfants et aux femmes enceintes (teneur en caf\u00e9ine 7,5 mg pour 25 ml).<\/p>\n<p><strong>Conseil de stockage :<\/strong> prot\u00e9ger des rayons directs du soleil. Conserver dans un endroit sec \u00e0 temp\u00e9rature ambiante.<\/p>\n<p>&nbsp;<\/p>\n","protected":false},"excerpt":{"rendered":"<ul>\n<li>La nouvelle solution tout-en-un en Set avec double complexe<\/li>\n<li>Couvre 5 besoins fondamentaux : plus d\u2019\u00e9nergie, une peau saine, des cheveux \u00e9pais, des muscles attrayants et une forte puissance<\/li>\n<li>Active et fournit une protection pr\u00e9ventive<\/li>\n<li>Sans sucre, colorants artificiels, lactose et gluten<\/li>\n<li>Contient 3 x 30 shots x 25 ml chacun<\/li>\n<\/ul>\n<p style=\"text-align: left;\"><span style=\"color: #ff0000;\"><a style=\"color: #ff0000;\" href=\"https:\/\/shop.lrworld.com\/openpao?PHP=0vFlt7jT938BEnBI3a6e9w%3D%3D\"><span style=\"font-size: 14pt;\"><strong>Inscrivez-vous et \u00e9conomisez 35% sur chaque commande<\/strong><\/span><\/a><\/span><\/p>\n","protected":false},"featured_media":5280,"comment_status":"open","ping_status":"closed","template":"","meta":{"_kad_blocks_custom_css":"","_kad_blocks_head_custom_js":"","_kad_blocks_body_custom_js":"","_kad_blocks_footer_custom_js":"","_kadence_starter_templates_imported_post":false,"_kad_post_transparent":"default","_kad_post_title":"","_kad_post_layout":"default","_kad_post_sidebar_id":"","_kad_post_content_style":"default","_kad_post_vertical_padding":"default","_kad_post_feature":"","_kad_post_feature_position":"","_kad_post_header":false,"_kad_post_footer":false,"_kad_post_classname":""},"product_brand":[],"product_cat":[476,463,470,410,464],"product_tag":[],"class_list":{"0":"post-9274","1":"product","2":"type-product","3":"status-publish","4":"has-post-thumbnail","6":"product_cat-coup-de-beaute","7":"product_cat-economisez-sur-les-ensembles","8":"product_cat-la-beaute-de-linterieur","9":"product_cat-produits-speciaux","10":"product_cat-specialistes","12":"first","13":"instock","14":"taxable","15":"shipping-taxable","16":"purchasable","17":"product-type-simple","18":"entry","19":"content-bg","20":"loop-entry"},"yoast_head":"<!-- This site is optimized with the Yoast SEO Premium plugin v27.3 (Yoast SEO v27.3) - https:\/\/yoast.com\/product\/yoast-seo-premium-wordpress\/ -->\n<title>Box Beaut\u00e9 Homme 5en1 Set au double complexe haute efficacit\u00e9<\/title>\n<meta name=\"description\" content=\"Box Beaut\u00e9 Homme Set Couvre 5 besoins fondamentaux : plus d\u2019\u00e9nergie, une peau saine, des cheveux \u00e9pais, des muscles attrayants et une forte\" \/>\n<meta name=\"robots\" content=\"index, follow, max-snippet:-1, max-image-preview:large, max-video-preview:-1\" \/>\n<link rel=\"canonical\" href=\"https:\/\/www.lraloeverashop.eu\/fr\/produit\/box-beaute-homme-5en1\/\" \/>\n<meta property=\"og:locale\" content=\"fr_FR\" \/>\n<meta property=\"og:type\" content=\"article\" \/>\n<meta property=\"og:title\" content=\"Box Beaut\u00e9 Homme 5en1 Set\" \/>\n<meta property=\"og:description\" content=\"Box Beaut\u00e9 Homme Set Couvre 5 besoins fondamentaux : plus d\u2019\u00e9nergie, une peau saine, des cheveux \u00e9pais, des muscles attrayants et une forte\" \/>\n<meta property=\"og:url\" content=\"https:\/\/www.lraloeverashop.eu\/fr\/produit\/box-beaute-homme-5en1\/\" \/>\n<meta property=\"og:site_name\" content=\"Boutique Lr Aloe Vera\" \/>\n<meta property=\"article:publisher\" content=\"https:\/\/www.facebook.com\/lraloeverashop.eu\" \/>\n<meta property=\"article:modified_time\" content=\"2026-04-10T14:09:48+00:00\" \/>\n<meta property=\"og:image\" content=\"https:\/\/www.lraloeverashop.eu\/wp-content\/uploads\/2022\/10\/5-in-1-Men-Beauty-Shot-3-Pieces-Set.jpg\" \/>\n\t<meta property=\"og:image:width\" content=\"1200\" \/>\n\t<meta property=\"og:image:height\" content=\"1200\" \/>\n\t<meta property=\"og:image:type\" content=\"image\/jpeg\" \/>\n<meta name=\"twitter:card\" content=\"summary_large_image\" \/>\n<meta name=\"twitter:site\" content=\"@natur__kosmetik\" \/>\n<script type=\"application\/ld+json\" class=\"yoast-schema-graph\">{\"@context\":\"https:\\\/\\\/schema.org\",\"@graph\":[{\"@type\":[\"WebPage\",\"ItemPage\"],\"@id\":\"https:\\\/\\\/www.lraloeverashop.eu\\\/fr\\\/produit\\\/box-beaute-homme-5en1\\\/\",\"url\":\"https:\\\/\\\/www.lraloeverashop.eu\\\/fr\\\/produit\\\/box-beaute-homme-5en1\\\/\",\"name\":\"Box Beaut\u00e9 Homme 5en1 Set au double complexe haute efficacit\u00e9\",\"isPartOf\":{\"@id\":\"https:\\\/\\\/www.lraloeverashop.eu\\\/fr\\\/#website\"},\"primaryImageOfPage\":{\"@id\":\"https:\\\/\\\/www.lraloeverashop.eu\\\/fr\\\/produit\\\/box-beaute-homme-5en1\\\/#primaryimage\"},\"image\":{\"@id\":\"https:\\\/\\\/www.lraloeverashop.eu\\\/fr\\\/produit\\\/box-beaute-homme-5en1\\\/#primaryimage\"},\"thumbnailUrl\":\"https:\\\/\\\/www.lraloeverashop.eu\\\/wp-content\\\/uploads\\\/2022\\\/10\\\/5-in-1-Men-Beauty-Shot-3-Pieces-Set.jpg\",\"datePublished\":\"2022-10-15T12:07:29+00:00\",\"dateModified\":\"2026-04-10T14:09:48+00:00\",\"description\":\"Box Beaut\u00e9 Homme Set Couvre 5 besoins fondamentaux : plus d\u2019\u00e9nergie, une peau saine, des cheveux \u00e9pais, des muscles attrayants et une forte\",\"breadcrumb\":{\"@id\":\"https:\\\/\\\/www.lraloeverashop.eu\\\/fr\\\/produit\\\/box-beaute-homme-5en1\\\/#breadcrumb\"},\"inLanguage\":\"fr-FR\",\"potentialAction\":[{\"@type\":\"ReadAction\",\"target\":[\"https:\\\/\\\/www.lraloeverashop.eu\\\/fr\\\/produit\\\/box-beaute-homme-5en1\\\/\"]}]},{\"@type\":\"ImageObject\",\"inLanguage\":\"fr-FR\",\"@id\":\"https:\\\/\\\/www.lraloeverashop.eu\\\/fr\\\/produit\\\/box-beaute-homme-5en1\\\/#primaryimage\",\"url\":\"https:\\\/\\\/www.lraloeverashop.eu\\\/wp-content\\\/uploads\\\/2022\\\/10\\\/5-in-1-Men-Beauty-Shot-3-Pieces-Set.jpg\",\"contentUrl\":\"https:\\\/\\\/www.lraloeverashop.eu\\\/wp-content\\\/uploads\\\/2022\\\/10\\\/5-in-1-Men-Beauty-Shot-3-Pieces-Set.jpg\",\"width\":1200,\"height\":1200,\"caption\":\"Box Beaut\u00e9 Homme 5en1 Set 3 Pieces Set\"},{\"@type\":\"BreadcrumbList\",\"@id\":\"https:\\\/\\\/www.lraloeverashop.eu\\\/fr\\\/produit\\\/box-beaute-homme-5en1\\\/#breadcrumb\",\"itemListElement\":[{\"@type\":\"ListItem\",\"position\":1,\"name\":\"Home\",\"item\":\"https:\\\/\\\/www.lraloeverashop.eu\\\/fr\\\/\"},{\"@type\":\"ListItem\",\"position\":2,\"name\":\"Boutique\",\"item\":\"https:\\\/\\\/www.lraloeverashop.eu\\\/fr\\\/boutique\\\/\"},{\"@type\":\"ListItem\",\"position\":3,\"name\":\"Box Beaut\u00e9 Homme 5en1 Set\"}]},{\"@type\":\"WebSite\",\"@id\":\"https:\\\/\\\/www.lraloeverashop.eu\\\/fr\\\/#website\",\"url\":\"https:\\\/\\\/www.lraloeverashop.eu\\\/fr\\\/\",\"name\":\"Boutique Lr Aloe Vera\",\"description\":\"High Quality Lr Aloe Vera Gel, Aloe Vera Cream and Shampoo\",\"publisher\":{\"@id\":\"https:\\\/\\\/www.lraloeverashop.eu\\\/fr\\\/#organization\"},\"potentialAction\":[{\"@type\":\"SearchAction\",\"target\":{\"@type\":\"EntryPoint\",\"urlTemplate\":\"https:\\\/\\\/www.lraloeverashop.eu\\\/fr\\\/?s={search_term_string}\"},\"query-input\":{\"@type\":\"PropertyValueSpecification\",\"valueRequired\":true,\"valueName\":\"search_term_string\"}}],\"inLanguage\":\"fr-FR\"},{\"@type\":\"Organization\",\"@id\":\"https:\\\/\\\/www.lraloeverashop.eu\\\/fr\\\/#organization\",\"name\":\"Boutique Lr Aloe Vera\",\"alternateName\":\"LR\",\"url\":\"https:\\\/\\\/www.lraloeverashop.eu\\\/fr\\\/\",\"logo\":{\"@type\":\"ImageObject\",\"inLanguage\":\"fr-FR\",\"@id\":\"https:\\\/\\\/www.lraloeverashop.eu\\\/fr\\\/#\\\/schema\\\/logo\\\/image\\\/\",\"url\":\"https:\\\/\\\/www.lraloeverashop.eu\\\/wp-content\\\/uploads\\\/2022\\\/09\\\/cropped-Lr-Aloe-Vera-Shop.jpg\",\"contentUrl\":\"https:\\\/\\\/www.lraloeverashop.eu\\\/wp-content\\\/uploads\\\/2022\\\/09\\\/cropped-Lr-Aloe-Vera-Shop.jpg\",\"width\":228,\"height\":76,\"caption\":\"Boutique Lr Aloe Vera\"},\"image\":{\"@id\":\"https:\\\/\\\/www.lraloeverashop.eu\\\/fr\\\/#\\\/schema\\\/logo\\\/image\\\/\"},\"sameAs\":[\"https:\\\/\\\/www.facebook.com\\\/lraloeverashop.eu\",\"https:\\\/\\\/x.com\\\/natur__kosmetik\",\"https:\\\/\\\/www.youtube.com\\\/channel\\\/UC5oN7BJ8nfYb8RpVtjwDEBA\",\"https:\\\/\\\/www.instagram.com\\\/lrbeautyeu\\\/\"]}]}<\/script>\n<meta property=\"product:price:amount\" content=\"501.99\" \/>\n<meta property=\"product:price:currency\" content=\"EUR\" \/>\n<meta property=\"og:availability\" content=\"instock\" \/>\n<meta property=\"product:availability\" content=\"instock\" \/>\n<meta property=\"product:retailer_item_id\" content=\"81023-1FR\" \/>\n<meta property=\"product:condition\" content=\"new\" \/>\n<!-- \/ Yoast SEO Premium plugin. -->","yoast_head_json":{"title":"Box Beaut\u00e9 Homme 5en1 Set au double complexe haute efficacit\u00e9","description":"Box Beaut\u00e9 Homme Set Couvre 5 besoins fondamentaux : plus d\u2019\u00e9nergie, une peau saine, des cheveux \u00e9pais, des muscles attrayants et une forte","robots":{"index":"index","follow":"follow","max-snippet":"max-snippet:-1","max-image-preview":"max-image-preview:large","max-video-preview":"max-video-preview:-1"},"canonical":"https:\/\/www.lraloeverashop.eu\/fr\/produit\/box-beaute-homme-5en1\/","og_locale":"fr_FR","og_type":"article","og_title":"Box Beaut\u00e9 Homme 5en1 Set","og_description":"Box Beaut\u00e9 Homme Set Couvre 5 besoins fondamentaux : plus d\u2019\u00e9nergie, une peau saine, des cheveux \u00e9pais, des muscles attrayants et une forte","og_url":"https:\/\/www.lraloeverashop.eu\/fr\/produit\/box-beaute-homme-5en1\/","og_site_name":"Boutique Lr Aloe Vera","article_publisher":"https:\/\/www.facebook.com\/lraloeverashop.eu","article_modified_time":"2026-04-10T14:09:48+00:00","og_image":[{"width":1200,"height":1200,"url":"https:\/\/www.lraloeverashop.eu\/wp-content\/uploads\/2022\/10\/5-in-1-Men-Beauty-Shot-3-Pieces-Set.jpg","type":"image\/jpeg"}],"twitter_card":"summary_large_image","twitter_site":"@natur__kosmetik","schema":{"@context":"https:\/\/schema.org","@graph":[{"@type":["WebPage","ItemPage"],"@id":"https:\/\/www.lraloeverashop.eu\/fr\/produit\/box-beaute-homme-5en1\/","url":"https:\/\/www.lraloeverashop.eu\/fr\/produit\/box-beaute-homme-5en1\/","name":"Box Beaut\u00e9 Homme 5en1 Set au double complexe haute efficacit\u00e9","isPartOf":{"@id":"https:\/\/www.lraloeverashop.eu\/fr\/#website"},"primaryImageOfPage":{"@id":"https:\/\/www.lraloeverashop.eu\/fr\/produit\/box-beaute-homme-5en1\/#primaryimage"},"image":{"@id":"https:\/\/www.lraloeverashop.eu\/fr\/produit\/box-beaute-homme-5en1\/#primaryimage"},"thumbnailUrl":"https:\/\/www.lraloeverashop.eu\/wp-content\/uploads\/2022\/10\/5-in-1-Men-Beauty-Shot-3-Pieces-Set.jpg","datePublished":"2022-10-15T12:07:29+00:00","dateModified":"2026-04-10T14:09:48+00:00","description":"Box Beaut\u00e9 Homme Set Couvre 5 besoins fondamentaux : plus d\u2019\u00e9nergie, une peau saine, des cheveux \u00e9pais, des muscles attrayants et une forte","breadcrumb":{"@id":"https:\/\/www.lraloeverashop.eu\/fr\/produit\/box-beaute-homme-5en1\/#breadcrumb"},"inLanguage":"fr-FR","potentialAction":[{"@type":"ReadAction","target":["https:\/\/www.lraloeverashop.eu\/fr\/produit\/box-beaute-homme-5en1\/"]}]},{"@type":"ImageObject","inLanguage":"fr-FR","@id":"https:\/\/www.lraloeverashop.eu\/fr\/produit\/box-beaute-homme-5en1\/#primaryimage","url":"https:\/\/www.lraloeverashop.eu\/wp-content\/uploads\/2022\/10\/5-in-1-Men-Beauty-Shot-3-Pieces-Set.jpg","contentUrl":"https:\/\/www.lraloeverashop.eu\/wp-content\/uploads\/2022\/10\/5-in-1-Men-Beauty-Shot-3-Pieces-Set.jpg","width":1200,"height":1200,"caption":"Box Beaut\u00e9 Homme 5en1 Set 3 Pieces Set"},{"@type":"BreadcrumbList","@id":"https:\/\/www.lraloeverashop.eu\/fr\/produit\/box-beaute-homme-5en1\/#breadcrumb","itemListElement":[{"@type":"ListItem","position":1,"name":"Home","item":"https:\/\/www.lraloeverashop.eu\/fr\/"},{"@type":"ListItem","position":2,"name":"Boutique","item":"https:\/\/www.lraloeverashop.eu\/fr\/boutique\/"},{"@type":"ListItem","position":3,"name":"Box Beaut\u00e9 Homme 5en1 Set"}]},{"@type":"WebSite","@id":"https:\/\/www.lraloeverashop.eu\/fr\/#website","url":"https:\/\/www.lraloeverashop.eu\/fr\/","name":"Boutique Lr Aloe Vera","description":"High Quality Lr Aloe Vera Gel, Aloe Vera Cream and Shampoo","publisher":{"@id":"https:\/\/www.lraloeverashop.eu\/fr\/#organization"},"potentialAction":[{"@type":"SearchAction","target":{"@type":"EntryPoint","urlTemplate":"https:\/\/www.lraloeverashop.eu\/fr\/?s={search_term_string}"},"query-input":{"@type":"PropertyValueSpecification","valueRequired":true,"valueName":"search_term_string"}}],"inLanguage":"fr-FR"},{"@type":"Organization","@id":"https:\/\/www.lraloeverashop.eu\/fr\/#organization","name":"Boutique Lr Aloe Vera","alternateName":"LR","url":"https:\/\/www.lraloeverashop.eu\/fr\/","logo":{"@type":"ImageObject","inLanguage":"fr-FR","@id":"https:\/\/www.lraloeverashop.eu\/fr\/#\/schema\/logo\/image\/","url":"https:\/\/www.lraloeverashop.eu\/wp-content\/uploads\/2022\/09\/cropped-Lr-Aloe-Vera-Shop.jpg","contentUrl":"https:\/\/www.lraloeverashop.eu\/wp-content\/uploads\/2022\/09\/cropped-Lr-Aloe-Vera-Shop.jpg","width":228,"height":76,"caption":"Boutique Lr Aloe Vera"},"image":{"@id":"https:\/\/www.lraloeverashop.eu\/fr\/#\/schema\/logo\/image\/"},"sameAs":["https:\/\/www.facebook.com\/lraloeverashop.eu","https:\/\/x.com\/natur__kosmetik","https:\/\/www.youtube.com\/channel\/UC5oN7BJ8nfYb8RpVtjwDEBA","https:\/\/www.instagram.com\/lrbeautyeu\/"]}]},"product_price_amount":"501.99","product_price_currency":"EUR","og_availability":"instock","product_availability":"instock","product_retailer_item_id":"81023-1FR","product_condition":"new"},"taxonomy_info":{"product_cat":[{"value":476,"label":"Coup de beaut\u00e9"},{"value":463,"label":"\u00c9conomisez sur les ensembles"},{"value":470,"label":"La beaut\u00e9 de l&#039;int\u00e9rieur"},{"value":410,"label":"Produits Speciaux"},{"value":464,"label":"Sp\u00e9cialistes"}]},"featured_image_src_large":["https:\/\/www.lraloeverashop.eu\/wp-content\/uploads\/2022\/10\/5-in-1-Men-Beauty-Shot-3-Pieces-Set-1024x1024.jpg",1024,1024,true],"author_info":[],"comment_info":0,"_links":{"self":[{"href":"https:\/\/www.lraloeverashop.eu\/fr\/wp-json\/wp\/v2\/product\/9274","targetHints":{"allow":["GET"]}}],"collection":[{"href":"https:\/\/www.lraloeverashop.eu\/fr\/wp-json\/wp\/v2\/product"}],"about":[{"href":"https:\/\/www.lraloeverashop.eu\/fr\/wp-json\/wp\/v2\/types\/product"}],"replies":[{"embeddable":true,"href":"https:\/\/www.lraloeverashop.eu\/fr\/wp-json\/wp\/v2\/comments?post=9274"}],"wp:featuredmedia":[{"embeddable":true,"href":"https:\/\/www.lraloeverashop.eu\/fr\/wp-json\/wp\/v2\/media\/5280"}],"wp:attachment":[{"href":"https:\/\/www.lraloeverashop.eu\/fr\/wp-json\/wp\/v2\/media?parent=9274"}],"wp:term":[{"taxonomy":"product_brand","embeddable":true,"href":"https:\/\/www.lraloeverashop.eu\/fr\/wp-json\/wp\/v2\/product_brand?post=9274"},{"taxonomy":"product_cat","embeddable":true,"href":"https:\/\/www.lraloeverashop.eu\/fr\/wp-json\/wp\/v2\/product_cat?post=9274"},{"taxonomy":"product_tag","embeddable":true,"href":"https:\/\/www.lraloeverashop.eu\/fr\/wp-json\/wp\/v2\/product_tag?post=9274"}],"curies":[{"name":"wp","href":"https:\/\/api.w.org\/{rel}","templated":true}]}}