{"id":9214,"date":"2022-10-15T20:05:46","date_gmt":"2022-10-15T18:05:46","guid":{"rendered":"https:\/\/www.lraloeverashop.eu\/product\/figu-active-shake-de-chocolat-cremeux\/"},"modified":"2026-04-18T21:36:09","modified_gmt":"2026-04-18T19:36:09","slug":"figu-active-shake-de-chocolat-cremeux","status":"publish","type":"product","link":"https:\/\/www.lraloeverashop.eu\/fr\/produit\/figu-active-shake-de-chocolat-cremeux\/","title":{"rendered":"Shake Minceur au Chocolat Figu Active"},"content":{"rendered":"<h2><strong><span style=\"font-size: 16pt;\">Shake Minceur au Chocolat Figu Active<\/span><\/strong><\/h2>\n<p><span style=\"font-size: 14pt;\"><strong>Shake Minceur au Chocolat Cr\u00e9meux avec seulement 218 calories par portion<\/strong><\/span><\/p>\n<p>Vous voulez perdre vos kilos superflus avec plaisir ? D\u00e9sormais, vous n&rsquo;avez plus d&rsquo;excuses, car nous allons sucrer votre r\u00e9gime. Le Shake Minceur au Chocolat est le d\u00e9licieux <a href=\"https:\/\/www.lraloeverashop.eu\/fr\/substitut-de-repas-figu-active-le-regime-amaigrissant-intelligent\/\">substitut de repas<\/a> pour tous ceux qui ont la dent sucr\u00e9e et aiment le go\u00fbt du chocolat.<\/p>\n<p>Le Shake de Perte de Poids Chocolat Cr\u00e9meux pour tous les amateurs de chocolat remplace un repas et vous apporte en m\u00eame temps un m\u00e9lange \u00e9quilibr\u00e9 de vitamines et de min\u00e9raux. Gr\u00e2ce \u00e0 leur teneur \u00e9lev\u00e9e en <a href=\"https:\/\/www.lraloeverashop.eu\/fr\/produit\/substitut-de-repas-berry-dream\/\">fibres<\/a>, les graines de lin et les enveloppes de psyllium d\u00e9clenchent un long sentiment de sati\u00e9t\u00e9. En outre, leur teneur \u00e9lev\u00e9e en prot\u00e9ines vous aide \u00e0 renforcer vos muscles\u00b9.<\/p>\n<p>&nbsp;<\/p>\n<h3><span style=\"font-size: 16pt;\"><strong><a href=\"https:\/\/www.lraloeverashop.eu\/wp-content\/uploads\/2024\/09\/weight-loss-diet-review-300x300.jpeg\"><img loading=\"lazy\" decoding=\"async\" class=\"alignleft wp-image-16349 size-medium\" src=\"https:\/\/www.lraloeverashop.eu\/wp-content\/uploads\/2024\/09\/weight-loss-diet-review-300x300.jpeg\" alt=\"Avis sur le r\u00e9gime amaigrissant\" width=\"300\" height=\"300\" srcset=\"https:\/\/www.lraloeverashop.eu\/wp-content\/uploads\/2024\/09\/weight-loss-diet-review-300x300.jpeg 300w, https:\/\/www.lraloeverashop.eu\/wp-content\/uploads\/2024\/09\/weight-loss-diet-review-1024x1024.jpeg 1024w, https:\/\/www.lraloeverashop.eu\/wp-content\/uploads\/2024\/09\/weight-loss-diet-review-150x150.jpeg 150w, https:\/\/www.lraloeverashop.eu\/wp-content\/uploads\/2024\/09\/weight-loss-diet-review-768x768.jpeg 768w, https:\/\/www.lraloeverashop.eu\/wp-content\/uploads\/2024\/09\/weight-loss-diet-review-600x600.jpeg 600w, https:\/\/www.lraloeverashop.eu\/wp-content\/uploads\/2024\/09\/weight-loss-diet-review-100x100.jpeg 100w, https:\/\/www.lraloeverashop.eu\/wp-content\/uploads\/2024\/09\/weight-loss-diet-review.jpeg 1200w\" sizes=\"auto, (max-width: 300px) 100vw, 300px\" \/><\/a>Et voici comment cela fonctionne:<\/strong><\/span><\/h3>\n<p>Remplacez rapidement et facilement un ou deux repas par jour avec le Shake de Perte de Poids Chocolat Cr\u00e9meux &#8211; pour le petit-d\u00e9jeuner, le d\u00e9jeuner ou le d\u00eener.\u00b2<\/p>\n<p>Vous avez besoin de vari\u00e9t\u00e9 pendant votre r\u00e9gime ?<\/p>\n<p>Pas de probl\u00e8me ! Essayez nos autres d\u00e9licieux shakes : Figu Active Shake Minceur Au Caf\u00e9, <a href=\"https:\/\/www.lraloeverashop.eu\/fr\/produit\/figu-active-shake-saveur-vanille\/\">Shake de perte de poids saveur vanille<\/a> ou Figu Active Shake saveur fraise. Il y en a pour tous les go\u00fbts.<\/p>\n<p>Qu&rsquo;il s&rsquo;agisse de perdre du poids, de maintenir son poids ou simplement de gagner du temps.<\/p>\n<p>&nbsp;<\/p>\n<p>&nbsp;<\/p>\n<p><a href=\"https:\/\/www.lraloeverashop.eu\/wp-content\/uploads\/2024\/09\/man-weight-loss-before-and-after-300x300.jpeg\"><img loading=\"lazy\" decoding=\"async\" class=\"alignleft wp-image-16356 size-medium\" src=\"https:\/\/www.lraloeverashop.eu\/wp-content\/uploads\/2024\/09\/man-weight-loss-before-and-after-300x300.jpeg\" alt=\"R\u00e9gime amaigrissant avant et apr\u00e8s\" width=\"300\" height=\"300\" srcset=\"https:\/\/www.lraloeverashop.eu\/wp-content\/uploads\/2024\/09\/man-weight-loss-before-and-after-300x300.jpeg 300w, https:\/\/www.lraloeverashop.eu\/wp-content\/uploads\/2024\/09\/man-weight-loss-before-and-after-1024x1024.jpeg 1024w, https:\/\/www.lraloeverashop.eu\/wp-content\/uploads\/2024\/09\/man-weight-loss-before-and-after-150x150.jpeg 150w, https:\/\/www.lraloeverashop.eu\/wp-content\/uploads\/2024\/09\/man-weight-loss-before-and-after-768x768.jpeg 768w, https:\/\/www.lraloeverashop.eu\/wp-content\/uploads\/2024\/09\/man-weight-loss-before-and-after-600x600.jpeg 600w, https:\/\/www.lraloeverashop.eu\/wp-content\/uploads\/2024\/09\/man-weight-loss-before-and-after-100x100.jpeg 100w, https:\/\/www.lraloeverashop.eu\/wp-content\/uploads\/2024\/09\/man-weight-loss-before-and-after.jpeg 1200w\" sizes=\"auto, (max-width: 300px) 100vw, 300px\" \/><\/a>Notre shake au caf\u00e9 pour la perte de poids est irr\u00e9sistiblement d\u00e9licieux, remplace un repas complet et contient de nombreux ingr\u00e9dients naturels pr\u00e9cieux. Le shake est un repas sain avec un \u00e9quilibre parfait entre la r\u00e9duction des calories et l&rsquo;apport de tous les <a href=\"https:\/\/www.lraloeverashop.eu\/fr\/produit\/figu-active-soupe-de-legumes-au-curry-india\/\">nutriments<\/a> dont le corps a besoin.<\/p>\n<p>Le Shake Minceur au Chocolat contient de l&rsquo;inuline. L&rsquo;inuline ayant un effet stimulant sur la fonction intestinale et la flore intestinale, un apport accru peut entra\u00eener des troubles digestifs (flatulences, diarrh\u00e9es). Les personnes ayant un <strong><a href=\"https:\/\/www.lraloeverashop.eu\/fr\/produit\/pro-12-plus-probiotiques\/\">tractus gastro-intestinal sensible<\/a><\/strong> doivent consulter leur m\u00e9decin avant de consommer le produit.<\/p>\n<p>Une teneur \u00e9lev\u00e9e en fibres alimentaires pr\u00e9cieuses et un m\u00e9lange soigneusement s\u00e9lectionn\u00e9 de prot\u00e9ines v\u00e9g\u00e9tales vous soutiennent naturellement dans votre alimentation.<\/p>\n<p>&nbsp;<\/p>\n<p>&nbsp;<\/p>\n<p>1. Les prot\u00e9ines aident \u00e0 maintenir la masse musculaire. Les prot\u00e9ines contribuent \u00e0 l&rsquo;augmentation de la masse musculaire.<\/p>\n<p>2. Remplacer l&rsquo;un des repas quotidiens d&rsquo;un r\u00e9gime hypocalorique par un tel substitut de repas aide \u00e0 maintenir le poids apr\u00e8s la perte de poids.<\/p>\n<p>3. Remplacer deux des repas quotidiens dans le cadre d&rsquo;un r\u00e9gime hypocalorique par un tel substitut de repas vous aidera \u00e0 perdre du poids.<\/p>\n<p>&nbsp;<\/p>\n<h4><span style=\"font-size: 16pt;\"><strong>Comment Pr\u00e9parer<\/strong><\/span><\/h4>\n<p>M\u00e9langez 3 c. \u00c0 table 28 g de Shake Minceur au Chocolat dans 300 ml de lait sans lactose (1,5% de mati\u00e8re grasse), faible en gras, dans un grand verre d\u2019une capacit\u00e9 d\u2019au moins 350 ml. Il est \u00e9galement recommand\u00e9 d\u2019utiliser le Shaker LR. Laissez reposer un peu, remuez encore et votre petit d\u00e9jeuner, d\u00e9jeuner ou d\u00eener est pr\u00eat! A consommer imm\u00e9diatement apr\u00e8s la pr\u00e9paration.<\/p>\n<p>Assurez-vous de boire beaucoup de liquides pendant votre r\u00e9gime. Buvez de pr\u00e9f\u00e9rence 2 \u00e0 3 litres de <a href=\"https:\/\/www.lraloeverashop.eu\/fr\/produit\/tisane-pour-maigrir\/\">th\u00e9 sans calories<\/a> ou sans sucre. Le produit ne remplit sa fonction que dans le cadre d\u2019un <a href=\"https:\/\/www.lraloeverashop.eu\/fr\/produit\/soupe-minceur-tomate-mediterranee\/\">r\u00e9gime hypocalorique<\/a> ou hypocalorique. Assurer une alimentation riche et \u00e9quilibr\u00e9e et un mode de vie sain. Votre r\u00e9gime devrait inclure d\u2019autres aliments.<\/p>\n<p>Le repas pr\u00e9par\u00e9 contient tous les nutriments n\u00e9cessaires en quantit\u00e9 suffisante. Shake Minceur au Chocolat contient des sucres naturels.<\/p>\n<p><strong>Observez les instructions pour la pr\u00e9paration.<\/strong><\/p>\n<p>Agitez l\u2019emballage avant utilisation. Le volume de remplissage du produit est sujet \u00e0 des variations de nature technique. Conserver dans un endroit frais et sec et consommer peu de temps apr\u00e8s l\u2019ouverture.<\/p>\n<p>Conseil important: Si vous ne suivez pas les instructions de pr\u00e9paration, la valeur nutritionnelle du repas pr\u00e9par\u00e9 change. Cela peut affecter le r\u00e9sultat de votre r\u00e9gime alimentaire. L\u2019utilisation des <a href=\"https:\/\/www.lraloeverashop.eu\/fr\/categorie-produit\/supplements-dietetiques\/\">Produits Figu Active<\/a> devient plus efficace lorsque les instructions sur l\u2019emballage sont suivies.<\/p>\n","protected":false},"excerpt":{"rendered":"<ul>\n<li>Shake cr\u00e9meux au go\u00fbt de chocolat<\/li>\n<li>Chaque portion remplace un repas complet<\/li>\n<li>Pour perdre et maintenir son poids<\/li>\n<li>Avec seulement 218 calories par portion<\/li>\n<li>100% v\u00e9g\u00e9talien avec uniquement des ar\u00f4mes naturels<\/li>\n<li>Teneur \u00e9lev\u00e9e en fibres et en prot\u00e9ines<\/li>\n<li>Sans gluten, lactose et exhausteurs de go\u00fbt<\/li>\n<li>Quantit\u00e9 : 496g<\/li>\n<\/ul>\n<p style=\"text-align: left;\"><span style=\"color: #ff0000;\"><a style=\"color: #ff0000;\" href=\"https:\/\/shop.lrworld.com\/openpao?PHP=0vFlt7jT938BEnBI3a6e9w%3D%3D\"><span style=\"font-size: 14pt;\"><strong>Inscrivez-vous et \u00e9conomisez 35% sur chaque commande<\/strong><\/span><\/a><\/span><\/p>\n","protected":false},"featured_media":9763,"comment_status":"open","ping_status":"closed","template":"","meta":{"_kad_blocks_custom_css":"","_kad_blocks_head_custom_js":"","_kad_blocks_body_custom_js":"","_kad_blocks_footer_custom_js":"","_kadence_starter_templates_imported_post":false,"_kad_post_transparent":"default","_kad_post_title":"","_kad_post_layout":"default","_kad_post_sidebar_id":"","_kad_post_content_style":"default","_kad_post_vertical_padding":"default","_kad_post_feature":"","_kad_post_feature_position":"","_kad_post_header":false,"_kad_post_footer":false,"_kad_post_classname":""},"product_brand":[],"product_cat":[309,333],"product_tag":[583],"class_list":{"0":"post-9214","1":"product","2":"type-product","3":"status-publish","4":"has-post-thumbnail","6":"product_cat-body-mission-frappes","7":"product_cat-supplements-dietetiques","8":"product_tag-diete","10":"first","11":"instock","12":"taxable","13":"shipping-taxable","14":"purchasable","15":"product-type-simple","16":"entry","17":"content-bg","18":"loop-entry"},"yoast_head":"<!-- This site is optimized with the Yoast SEO Premium plugin v27.4 (Yoast SEO v27.4) - https:\/\/yoast.com\/product\/yoast-seo-premium-wordpress\/ -->\n<title>Shake Minceur au Chocolat avec seulement 218 kcal par portion<\/title>\n<meta name=\"description\" content=\"Vous voulez perdre vos kilos superflus avec plaisir? Chaque portion de Figu Active Shake Minceur au Chocolat remplace un repas complet. 100% v\u00e9g\u00e9talien.\" \/>\n<meta name=\"robots\" content=\"index, follow, max-snippet:-1, max-image-preview:large, max-video-preview:-1\" \/>\n<link rel=\"canonical\" href=\"https:\/\/www.lraloeverashop.eu\/fr\/produit\/figu-active-shake-de-chocolat-cremeux\/\" \/>\n<meta property=\"og:locale\" content=\"fr_FR\" \/>\n<meta property=\"og:type\" content=\"article\" \/>\n<meta property=\"og:title\" content=\"Shake Minceur au Chocolat Figu Active\" \/>\n<meta property=\"og:description\" content=\"Vous voulez perdre vos kilos superflus avec plaisir? Chaque portion de Figu Active Shake Minceur au Chocolat remplace un repas complet. 100% v\u00e9g\u00e9talien.\" \/>\n<meta property=\"og:url\" content=\"https:\/\/www.lraloeverashop.eu\/fr\/produit\/figu-active-shake-de-chocolat-cremeux\/\" \/>\n<meta property=\"og:site_name\" content=\"Boutique Lr Aloe Vera\" \/>\n<meta property=\"article:publisher\" content=\"https:\/\/www.facebook.com\/lraloeverashop.eu\" \/>\n<meta property=\"article:modified_time\" content=\"2026-04-18T19:36:09+00:00\" \/>\n<meta property=\"og:image\" content=\"https:\/\/www.lraloeverashop.eu\/wp-content\/uploads\/2023\/01\/Figuactive-Weight-Loss-Shake-Chocolate.jpg\" \/>\n\t<meta property=\"og:image:width\" content=\"1200\" \/>\n\t<meta property=\"og:image:height\" content=\"1200\" \/>\n\t<meta property=\"og:image:type\" content=\"image\/jpeg\" \/>\n<meta name=\"twitter:card\" content=\"summary_large_image\" \/>\n<meta name=\"twitter:site\" content=\"@natur__kosmetik\" \/>\n<script type=\"application\/ld+json\" class=\"yoast-schema-graph\">{\"@context\":\"https:\\\/\\\/schema.org\",\"@graph\":[{\"@type\":[\"WebPage\",\"ItemPage\"],\"@id\":\"https:\\\/\\\/www.lraloeverashop.eu\\\/fr\\\/produit\\\/figu-active-shake-de-chocolat-cremeux\\\/\",\"url\":\"https:\\\/\\\/www.lraloeverashop.eu\\\/fr\\\/produit\\\/figu-active-shake-de-chocolat-cremeux\\\/\",\"name\":\"Shake Minceur au Chocolat avec seulement 218 kcal par portion\",\"isPartOf\":{\"@id\":\"https:\\\/\\\/www.lraloeverashop.eu\\\/fr\\\/#website\"},\"primaryImageOfPage\":{\"@id\":\"https:\\\/\\\/www.lraloeverashop.eu\\\/fr\\\/produit\\\/figu-active-shake-de-chocolat-cremeux\\\/#primaryimage\"},\"image\":{\"@id\":\"https:\\\/\\\/www.lraloeverashop.eu\\\/fr\\\/produit\\\/figu-active-shake-de-chocolat-cremeux\\\/#primaryimage\"},\"thumbnailUrl\":\"https:\\\/\\\/www.lraloeverashop.eu\\\/wp-content\\\/uploads\\\/2023\\\/01\\\/Figuactive-Weight-Loss-Shake-Chocolate.jpg\",\"datePublished\":\"2022-10-15T18:05:46+00:00\",\"dateModified\":\"2026-04-18T19:36:09+00:00\",\"description\":\"Vous voulez perdre vos kilos superflus avec plaisir? Chaque portion de Figu Active Shake Minceur au Chocolat remplace un repas complet. 100% v\u00e9g\u00e9talien.\",\"breadcrumb\":{\"@id\":\"https:\\\/\\\/www.lraloeverashop.eu\\\/fr\\\/produit\\\/figu-active-shake-de-chocolat-cremeux\\\/#breadcrumb\"},\"inLanguage\":\"fr-FR\",\"potentialAction\":[{\"@type\":\"ReadAction\",\"target\":[\"https:\\\/\\\/www.lraloeverashop.eu\\\/fr\\\/produit\\\/figu-active-shake-de-chocolat-cremeux\\\/\"]}]},{\"@type\":\"ImageObject\",\"inLanguage\":\"fr-FR\",\"@id\":\"https:\\\/\\\/www.lraloeverashop.eu\\\/fr\\\/produit\\\/figu-active-shake-de-chocolat-cremeux\\\/#primaryimage\",\"url\":\"https:\\\/\\\/www.lraloeverashop.eu\\\/wp-content\\\/uploads\\\/2023\\\/01\\\/Figuactive-Weight-Loss-Shake-Chocolate.jpg\",\"contentUrl\":\"https:\\\/\\\/www.lraloeverashop.eu\\\/wp-content\\\/uploads\\\/2023\\\/01\\\/Figuactive-Weight-Loss-Shake-Chocolate.jpg\",\"width\":1200,\"height\":1200,\"caption\":\"FiguActive shake au chocolat\"},{\"@type\":\"BreadcrumbList\",\"@id\":\"https:\\\/\\\/www.lraloeverashop.eu\\\/fr\\\/produit\\\/figu-active-shake-de-chocolat-cremeux\\\/#breadcrumb\",\"itemListElement\":[{\"@type\":\"ListItem\",\"position\":1,\"name\":\"Home\",\"item\":\"https:\\\/\\\/www.lraloeverashop.eu\\\/fr\\\/\"},{\"@type\":\"ListItem\",\"position\":2,\"name\":\"Boutique\",\"item\":\"https:\\\/\\\/www.lraloeverashop.eu\\\/fr\\\/boutique\\\/\"},{\"@type\":\"ListItem\",\"position\":3,\"name\":\"Shake Minceur au Chocolat Figu Active\"}]},{\"@type\":\"WebSite\",\"@id\":\"https:\\\/\\\/www.lraloeverashop.eu\\\/fr\\\/#website\",\"url\":\"https:\\\/\\\/www.lraloeverashop.eu\\\/fr\\\/\",\"name\":\"Boutique Lr Aloe Vera\",\"description\":\"High Quality Lr Aloe Vera Gel, Aloe Vera Cream and Shampoo\",\"publisher\":{\"@id\":\"https:\\\/\\\/www.lraloeverashop.eu\\\/fr\\\/#organization\"},\"potentialAction\":[{\"@type\":\"SearchAction\",\"target\":{\"@type\":\"EntryPoint\",\"urlTemplate\":\"https:\\\/\\\/www.lraloeverashop.eu\\\/fr\\\/?s={search_term_string}\"},\"query-input\":{\"@type\":\"PropertyValueSpecification\",\"valueRequired\":true,\"valueName\":\"search_term_string\"}}],\"inLanguage\":\"fr-FR\"},{\"@type\":\"Organization\",\"@id\":\"https:\\\/\\\/www.lraloeverashop.eu\\\/fr\\\/#organization\",\"name\":\"Boutique Lr Aloe Vera\",\"alternateName\":\"LR\",\"url\":\"https:\\\/\\\/www.lraloeverashop.eu\\\/fr\\\/\",\"logo\":{\"@type\":\"ImageObject\",\"inLanguage\":\"fr-FR\",\"@id\":\"https:\\\/\\\/www.lraloeverashop.eu\\\/fr\\\/#\\\/schema\\\/logo\\\/image\\\/\",\"url\":\"https:\\\/\\\/www.lraloeverashop.eu\\\/wp-content\\\/uploads\\\/2022\\\/09\\\/cropped-Lr-Aloe-Vera-Shop.jpg\",\"contentUrl\":\"https:\\\/\\\/www.lraloeverashop.eu\\\/wp-content\\\/uploads\\\/2022\\\/09\\\/cropped-Lr-Aloe-Vera-Shop.jpg\",\"width\":228,\"height\":76,\"caption\":\"Boutique Lr Aloe Vera\"},\"image\":{\"@id\":\"https:\\\/\\\/www.lraloeverashop.eu\\\/fr\\\/#\\\/schema\\\/logo\\\/image\\\/\"},\"sameAs\":[\"https:\\\/\\\/www.facebook.com\\\/lraloeverashop.eu\",\"https:\\\/\\\/x.com\\\/natur__kosmetik\",\"https:\\\/\\\/www.youtube.com\\\/channel\\\/UC5oN7BJ8nfYb8RpVtjwDEBA\",\"https:\\\/\\\/www.instagram.com\\\/lrbeautyeu\\\/\"],\"description\":\"La boutique LR Aloe Vera est votre destination de confiance pour les produits de sant\u00e9 et de beaut\u00e9 haut de gamme LR, fabriqu\u00e9s en Allemagne. Nous proposons des soins de la peau, des compl\u00e9ments nutritionnels et des solutions anti-\u00e2ge \u00e0 l'aloe vera de haute qualit\u00e9, \u00e9labor\u00e9s \u00e0 partir d'ingr\u00e9dients purs et valid\u00e9s par la recherche scientifique. D\u00e9couvrez des soins naturels qui r\u00e9g\u00e9n\u00e8rent, prot\u00e8gent et revitalisent votre peau, et profitez d'offres mensuelles exclusives sur nos produits LR Aloe Vera les plus vendus.\\n\\nCommencez d\u00e8s aujourd'hui votre parcours vers des soins naturels et constatez la diff\u00e9rence.\",\"email\":\"info@lraloeverashop.eu\",\"telephone\":\"+49 17670609653\",\"legalName\":\"Lr Aloe Vera Shop\",\"foundingDate\":\"2018-04-21\",\"numberOfEmployees\":{\"@type\":\"QuantitativeValue\",\"minValue\":\"1\",\"maxValue\":\"10\"}}]}<\/script>\n<meta property=\"product:price:amount\" content=\"48.59\" \/>\n<meta property=\"product:price:currency\" content=\"EUR\" \/>\n<meta property=\"og:availability\" content=\"instock\" \/>\n<meta property=\"product:availability\" content=\"instock\" \/>\n<meta property=\"product:retailer_item_id\" content=\"81243-1FR\" \/>\n<meta property=\"product:condition\" content=\"new\" \/>\n<!-- \/ Yoast SEO Premium plugin. -->","yoast_head_json":{"title":"Shake Minceur au Chocolat avec seulement 218 kcal par portion","description":"Vous voulez perdre vos kilos superflus avec plaisir? Chaque portion de Figu Active Shake Minceur au Chocolat remplace un repas complet. 100% v\u00e9g\u00e9talien.","robots":{"index":"index","follow":"follow","max-snippet":"max-snippet:-1","max-image-preview":"max-image-preview:large","max-video-preview":"max-video-preview:-1"},"canonical":"https:\/\/www.lraloeverashop.eu\/fr\/produit\/figu-active-shake-de-chocolat-cremeux\/","og_locale":"fr_FR","og_type":"article","og_title":"Shake Minceur au Chocolat Figu Active","og_description":"Vous voulez perdre vos kilos superflus avec plaisir? Chaque portion de Figu Active Shake Minceur au Chocolat remplace un repas complet. 100% v\u00e9g\u00e9talien.","og_url":"https:\/\/www.lraloeverashop.eu\/fr\/produit\/figu-active-shake-de-chocolat-cremeux\/","og_site_name":"Boutique Lr Aloe Vera","article_publisher":"https:\/\/www.facebook.com\/lraloeverashop.eu","article_modified_time":"2026-04-18T19:36:09+00:00","og_image":[{"width":1200,"height":1200,"url":"https:\/\/www.lraloeverashop.eu\/wp-content\/uploads\/2023\/01\/Figuactive-Weight-Loss-Shake-Chocolate.jpg","type":"image\/jpeg"}],"twitter_card":"summary_large_image","twitter_site":"@natur__kosmetik","schema":{"@context":"https:\/\/schema.org","@graph":[{"@type":["WebPage","ItemPage"],"@id":"https:\/\/www.lraloeverashop.eu\/fr\/produit\/figu-active-shake-de-chocolat-cremeux\/","url":"https:\/\/www.lraloeverashop.eu\/fr\/produit\/figu-active-shake-de-chocolat-cremeux\/","name":"Shake Minceur au Chocolat avec seulement 218 kcal par portion","isPartOf":{"@id":"https:\/\/www.lraloeverashop.eu\/fr\/#website"},"primaryImageOfPage":{"@id":"https:\/\/www.lraloeverashop.eu\/fr\/produit\/figu-active-shake-de-chocolat-cremeux\/#primaryimage"},"image":{"@id":"https:\/\/www.lraloeverashop.eu\/fr\/produit\/figu-active-shake-de-chocolat-cremeux\/#primaryimage"},"thumbnailUrl":"https:\/\/www.lraloeverashop.eu\/wp-content\/uploads\/2023\/01\/Figuactive-Weight-Loss-Shake-Chocolate.jpg","datePublished":"2022-10-15T18:05:46+00:00","dateModified":"2026-04-18T19:36:09+00:00","description":"Vous voulez perdre vos kilos superflus avec plaisir? Chaque portion de Figu Active Shake Minceur au Chocolat remplace un repas complet. 100% v\u00e9g\u00e9talien.","breadcrumb":{"@id":"https:\/\/www.lraloeverashop.eu\/fr\/produit\/figu-active-shake-de-chocolat-cremeux\/#breadcrumb"},"inLanguage":"fr-FR","potentialAction":[{"@type":"ReadAction","target":["https:\/\/www.lraloeverashop.eu\/fr\/produit\/figu-active-shake-de-chocolat-cremeux\/"]}]},{"@type":"ImageObject","inLanguage":"fr-FR","@id":"https:\/\/www.lraloeverashop.eu\/fr\/produit\/figu-active-shake-de-chocolat-cremeux\/#primaryimage","url":"https:\/\/www.lraloeverashop.eu\/wp-content\/uploads\/2023\/01\/Figuactive-Weight-Loss-Shake-Chocolate.jpg","contentUrl":"https:\/\/www.lraloeverashop.eu\/wp-content\/uploads\/2023\/01\/Figuactive-Weight-Loss-Shake-Chocolate.jpg","width":1200,"height":1200,"caption":"FiguActive shake au chocolat"},{"@type":"BreadcrumbList","@id":"https:\/\/www.lraloeverashop.eu\/fr\/produit\/figu-active-shake-de-chocolat-cremeux\/#breadcrumb","itemListElement":[{"@type":"ListItem","position":1,"name":"Home","item":"https:\/\/www.lraloeverashop.eu\/fr\/"},{"@type":"ListItem","position":2,"name":"Boutique","item":"https:\/\/www.lraloeverashop.eu\/fr\/boutique\/"},{"@type":"ListItem","position":3,"name":"Shake Minceur au Chocolat Figu Active"}]},{"@type":"WebSite","@id":"https:\/\/www.lraloeverashop.eu\/fr\/#website","url":"https:\/\/www.lraloeverashop.eu\/fr\/","name":"Boutique Lr Aloe Vera","description":"High Quality Lr Aloe Vera Gel, Aloe Vera Cream and Shampoo","publisher":{"@id":"https:\/\/www.lraloeverashop.eu\/fr\/#organization"},"potentialAction":[{"@type":"SearchAction","target":{"@type":"EntryPoint","urlTemplate":"https:\/\/www.lraloeverashop.eu\/fr\/?s={search_term_string}"},"query-input":{"@type":"PropertyValueSpecification","valueRequired":true,"valueName":"search_term_string"}}],"inLanguage":"fr-FR"},{"@type":"Organization","@id":"https:\/\/www.lraloeverashop.eu\/fr\/#organization","name":"Boutique Lr Aloe Vera","alternateName":"LR","url":"https:\/\/www.lraloeverashop.eu\/fr\/","logo":{"@type":"ImageObject","inLanguage":"fr-FR","@id":"https:\/\/www.lraloeverashop.eu\/fr\/#\/schema\/logo\/image\/","url":"https:\/\/www.lraloeverashop.eu\/wp-content\/uploads\/2022\/09\/cropped-Lr-Aloe-Vera-Shop.jpg","contentUrl":"https:\/\/www.lraloeverashop.eu\/wp-content\/uploads\/2022\/09\/cropped-Lr-Aloe-Vera-Shop.jpg","width":228,"height":76,"caption":"Boutique Lr Aloe Vera"},"image":{"@id":"https:\/\/www.lraloeverashop.eu\/fr\/#\/schema\/logo\/image\/"},"sameAs":["https:\/\/www.facebook.com\/lraloeverashop.eu","https:\/\/x.com\/natur__kosmetik","https:\/\/www.youtube.com\/channel\/UC5oN7BJ8nfYb8RpVtjwDEBA","https:\/\/www.instagram.com\/lrbeautyeu\/"],"description":"La boutique LR Aloe Vera est votre destination de confiance pour les produits de sant\u00e9 et de beaut\u00e9 haut de gamme LR, fabriqu\u00e9s en Allemagne. Nous proposons des soins de la peau, des compl\u00e9ments nutritionnels et des solutions anti-\u00e2ge \u00e0 l'aloe vera de haute qualit\u00e9, \u00e9labor\u00e9s \u00e0 partir d'ingr\u00e9dients purs et valid\u00e9s par la recherche scientifique. D\u00e9couvrez des soins naturels qui r\u00e9g\u00e9n\u00e8rent, prot\u00e8gent et revitalisent votre peau, et profitez d'offres mensuelles exclusives sur nos produits LR Aloe Vera les plus vendus.\n\nCommencez d\u00e8s aujourd'hui votre parcours vers des soins naturels et constatez la diff\u00e9rence.","email":"info@lraloeverashop.eu","telephone":"+49 17670609653","legalName":"Lr Aloe Vera Shop","foundingDate":"2018-04-21","numberOfEmployees":{"@type":"QuantitativeValue","minValue":"1","maxValue":"10"}}]},"product_price_amount":"48.59","product_price_currency":"EUR","og_availability":"instock","product_availability":"instock","product_retailer_item_id":"81243-1FR","product_condition":"new"},"taxonomy_info":{"product_cat":[{"value":309,"label":"Frapp\u00e9s"},{"value":333,"label":"Substitut de repas"}],"product_tag":[{"value":583,"label":"Di\u00e8te"}]},"featured_image_src_large":["https:\/\/www.lraloeverashop.eu\/wp-content\/uploads\/2023\/01\/Figuactive-Weight-Loss-Shake-Chocolate-1024x1024.jpg",1024,1024,true],"author_info":[],"comment_info":0,"_links":{"self":[{"href":"https:\/\/www.lraloeverashop.eu\/fr\/wp-json\/wp\/v2\/product\/9214","targetHints":{"allow":["GET"]}}],"collection":[{"href":"https:\/\/www.lraloeverashop.eu\/fr\/wp-json\/wp\/v2\/product"}],"about":[{"href":"https:\/\/www.lraloeverashop.eu\/fr\/wp-json\/wp\/v2\/types\/product"}],"replies":[{"embeddable":true,"href":"https:\/\/www.lraloeverashop.eu\/fr\/wp-json\/wp\/v2\/comments?post=9214"}],"wp:featuredmedia":[{"embeddable":true,"href":"https:\/\/www.lraloeverashop.eu\/fr\/wp-json\/wp\/v2\/media\/9763"}],"wp:attachment":[{"href":"https:\/\/www.lraloeverashop.eu\/fr\/wp-json\/wp\/v2\/media?parent=9214"}],"wp:term":[{"taxonomy":"product_brand","embeddable":true,"href":"https:\/\/www.lraloeverashop.eu\/fr\/wp-json\/wp\/v2\/product_brand?post=9214"},{"taxonomy":"product_cat","embeddable":true,"href":"https:\/\/www.lraloeverashop.eu\/fr\/wp-json\/wp\/v2\/product_cat?post=9214"},{"taxonomy":"product_tag","embeddable":true,"href":"https:\/\/www.lraloeverashop.eu\/fr\/wp-json\/wp\/v2\/product_tag?post=9214"}],"curies":[{"name":"wp","href":"https:\/\/api.w.org\/{rel}","templated":true}]}}