{"id":9178,"date":"2022-10-15T20:36:59","date_gmt":"2022-10-15T18:36:59","guid":{"rendered":"https:\/\/www.lraloeverashop.eu\/product\/figu-active-shake-saveur-vanille\/"},"modified":"2026-02-02T19:32:10","modified_gmt":"2026-02-02T18:32:10","slug":"figu-active-shake-saveur-vanille","status":"publish","type":"product","link":"https:\/\/www.lraloeverashop.eu\/fr\/produit\/figu-active-shake-saveur-vanille\/","title":{"rendered":"Shake Minceur Figu Active Vanille"},"content":{"rendered":"<h2><span style=\"font-size: 16pt;\"><strong>Shake Minceur Figu Active Vanille<\/strong><\/span><\/h2>\n<p><span style=\"font-size: 14pt;\"><strong>Shake Minceur Figu Active Vanille &#8211; Plaisir cr\u00e9meux avec de vraies gousses de vanille aromatiques<\/strong><\/span><\/p>\n<p>Qu&rsquo;il s&rsquo;agisse de perdre du poids, de maintenir son poids ou simplement de gagner du temps. Notre Shake Minceur Figu Active Vanille est irr\u00e9sistiblement d\u00e9licieux, <strong><a href=\"https:\/\/www.lraloeverashop.eu\/fr\/produit\/figu-active-shake-fraise-banane\/\">remplace un repas complet<\/a><\/strong> et contient de nombreux ingr\u00e9dients naturels pr\u00e9cieux. Le shake est un repas sain avec un \u00e9quilibre parfait entre la r\u00e9duction des calories et l&rsquo;apport de tous les nutriments dont le corps a besoin.<\/p>\n<p>Ce Shake Minceur Vanille contient de l&rsquo;inuline. L&rsquo;inuline ayant un effet stimulant sur la <strong><a href=\"https:\/\/www.lraloeverashop.eu\/fr\/produit\/pro-12-plus-probiotiques\/\">fonction intestinale<\/a><\/strong> et la flore intestinale, un apport accru peut entra\u00eener des troubles digestifs (flatulences, diarrh\u00e9es). Les personnes ayant un tractus <a href=\"https:\/\/www.lraloeverashop.eu\/fr\/produit\/pro-12-plus-gelules-offre-limitee\/\">gastro-intestinal<\/a> sensible doivent consulter leur m\u00e9decin avant de consommer le produit.<\/p>\n<p>Des <a href=\"https:\/\/www.lraloeverashop.eu\/fr\/produit\/soupe-minceur-tomate-mediterranee\/\">repas<\/a> particuli\u00e8rement d\u00e9licieux, vari\u00e9s et 100% v\u00e9g\u00e9taliens aux saveurs naturelles assurent une grande vari\u00e9t\u00e9 dans le menu. Une teneur \u00e9lev\u00e9e en fibres alimentaires pr\u00e9cieuses et un m\u00e9lange soigneusement s\u00e9lectionn\u00e9 de <strong><a href=\"https:\/\/www.lraloeverashop.eu\/fr\/produit\/boisson-en-poudre-protein-power-vanille\/\">prot\u00e9ines<\/a><\/strong> v\u00e9g\u00e9tales vous soutiennent naturellement dans votre alimentation.<\/p>\n<p>Vous aurez m\u00e9lang\u00e9 ce <strong><a href=\"https:\/\/www.lraloeverashop.eu\/fr\/produit\/figu-active-shake-de-chocolat-cremeux\/\">d\u00e9licieux shake<\/a><\/strong> en un tournemain. Il remplace le petit-d\u00e9jeuner ou le d\u00eener en apportant tous les nutriments importants tels que les vitamines, les min\u00e9raux et les oligo\u00e9l\u00e9ments. Vous gagnez ainsi du temps et consommez automatiquement moins de calories ! Adieu le comptage des calories !<\/p>\n<p>Les <strong><a href=\"https:\/\/www.lraloeverashop.eu\/fr\/categorie-produit\/supplements-dietetiques\/\">Produits Figu Active<\/a><\/strong> rendent votre programme minceur plus vari\u00e9, plus simple et plus \u00e9quilibr\u00e9. Buvez le d\u00e9licieux Shake Figu Active selon vos envies le matin, \u00e0 midi ou le soir \u00e0 la place d&rsquo;un repas \u00ab normal \u00bb. \u00c0 vous de choisir !<\/p>\n<p>Utiliser Shake Minceur Figu Active Vanille aussi longtemps que vous le souhaitez : gr\u00e2ce \u00e0 son association de nutriments con\u00e7ue par des professionnels, Figu Active est un <strong><a href=\"https:\/\/www.lraloeverashop.eu\/fr\/produit\/soupe-de-patate-douce-figu-active\/\">substitut de repas<\/a><\/strong> malin sur le long terme \u00e9galement.<\/p>\n<p>&nbsp;<\/p>\n<h3><span style=\"font-size: 16pt;\"><strong><a href=\"https:\/\/www.lraloeverashop.eu\/wp-content\/uploads\/2024\/09\/weight-loss-diet-review-300x300.jpeg\"><img loading=\"lazy\" decoding=\"async\" class=\"alignleft wp-image-16349 size-medium\" src=\"https:\/\/www.lraloeverashop.eu\/wp-content\/uploads\/2024\/09\/weight-loss-diet-review-300x300.jpeg\" alt=\"Avis sur le r\u00e9gime amaigrissant\" width=\"300\" height=\"300\" srcset=\"https:\/\/www.lraloeverashop.eu\/wp-content\/uploads\/2024\/09\/weight-loss-diet-review-300x300.jpeg 300w, https:\/\/www.lraloeverashop.eu\/wp-content\/uploads\/2024\/09\/weight-loss-diet-review-1024x1024.jpeg 1024w, https:\/\/www.lraloeverashop.eu\/wp-content\/uploads\/2024\/09\/weight-loss-diet-review-150x150.jpeg 150w, https:\/\/www.lraloeverashop.eu\/wp-content\/uploads\/2024\/09\/weight-loss-diet-review-768x768.jpeg 768w, https:\/\/www.lraloeverashop.eu\/wp-content\/uploads\/2024\/09\/weight-loss-diet-review-600x600.jpeg 600w, https:\/\/www.lraloeverashop.eu\/wp-content\/uploads\/2024\/09\/weight-loss-diet-review-100x100.jpeg 100w, https:\/\/www.lraloeverashop.eu\/wp-content\/uploads\/2024\/09\/weight-loss-diet-review.jpeg 1200w\" sizes=\"auto, (max-width: 300px) 100vw, 300px\" \/><\/a>Comment utiliser <\/strong><\/span><\/h3>\n<p>Shake Minceur Figu Active Vanille vous aide \u00e0 perdre du poids et \u00e0 conserver le poids atteint.\u00b9\u00b2<\/p>\n<p><strong>Conseil d\u2019utilisation :<\/strong> d\u00e9layez 3 cuill\u00e8res \u00e0 soupe dans 300 ml de lait \u00e9cr\u00e9m\u00e9, sans lactose (1,5 % de mati\u00e8re grasse). Utilisez pour cela un verre d\u2019au moins 300 ml. Nous recommandons \u00e9galement une pr\u00e9paration au shaker LR. Apr\u00e8s avoir laiss\u00e9 bri\u00e8vement gonfler, remuer \u00e0 nouveau et consommer en remplacement de votre petit-d\u00e9jeuner, d\u00e9jeuner ou d\u00eener. \u00c0 consommer tout de suite apr\u00e8s pr\u00e9paration.<\/p>\n<p>Dans le cadre d\u2019une alimentation faible en calories, veillez imp\u00e9rativement \u00e0 boire suffisamment. Par jour, 2 \u00e0 3 litres de liquide exempt de calories, de pr\u00e9f\u00e9rence de l\u2019eau min\u00e9rale ou du <strong><a href=\"https:\/\/www.lraloeverashop.eu\/fr\/produit\/tisane-pour-maigrir\/\">th\u00e9 non-sucr\u00e9<\/a><\/strong>, sont n\u00e9cessaires.<\/p>\n<p>&nbsp;<\/p>\n<p>&nbsp;<\/p>\n<p><a href=\"https:\/\/www.lraloeverashop.eu\/wp-content\/uploads\/2024\/09\/man-weight-loss-before-and-after-300x300.jpeg\"><img loading=\"lazy\" decoding=\"async\" class=\"alignleft wp-image-16356 size-medium\" src=\"https:\/\/www.lraloeverashop.eu\/wp-content\/uploads\/2024\/09\/man-weight-loss-before-and-after-300x300.jpeg\" alt=\"R\u00e9gime amaigrissant avant et apr\u00e8s\" width=\"300\" height=\"300\" srcset=\"https:\/\/www.lraloeverashop.eu\/wp-content\/uploads\/2024\/09\/man-weight-loss-before-and-after-300x300.jpeg 300w, https:\/\/www.lraloeverashop.eu\/wp-content\/uploads\/2024\/09\/man-weight-loss-before-and-after-1024x1024.jpeg 1024w, https:\/\/www.lraloeverashop.eu\/wp-content\/uploads\/2024\/09\/man-weight-loss-before-and-after-150x150.jpeg 150w, https:\/\/www.lraloeverashop.eu\/wp-content\/uploads\/2024\/09\/man-weight-loss-before-and-after-768x768.jpeg 768w, https:\/\/www.lraloeverashop.eu\/wp-content\/uploads\/2024\/09\/man-weight-loss-before-and-after-600x600.jpeg 600w, https:\/\/www.lraloeverashop.eu\/wp-content\/uploads\/2024\/09\/man-weight-loss-before-and-after-100x100.jpeg 100w, https:\/\/www.lraloeverashop.eu\/wp-content\/uploads\/2024\/09\/man-weight-loss-before-and-after.jpeg 1200w\" sizes=\"auto, (max-width: 300px) 100vw, 300px\" \/><\/a>Le produit n\u2019atteint son but vis\u00e9 que dans le cadre d\u2019une alimentation faible en calories. Veillez imp\u00e9rativement \u00e0 un mode de vie sain et \u00e0 une alimentation \u00e9quilibr\u00e9e et diversifi\u00e9e.<\/p>\n<p>D\u2019autres aliments doivent faire partie de cette alimentation. Le repas contient tous les nutriments n\u00e9cessaires en quantit\u00e9 suffisante.<\/p>\n<p>Shake Minceur Figu Active Vanille contient du sucre naturellement pr\u00e9sent. Le repas pr\u00e9par\u00e9 contient du sucre issu de lait sans lactose. Les instructions de pr\u00e9paration doivent \u00eatre respect\u00e9es. \u00c9tant donn\u00e9 que ce shake est un produit naturel, il peut contenir des morceaux de noyaux, de pierre et de coquilles.<\/p>\n<p>Secouer la bo\u00eete de Shake Minceur Figu Active Vanille avant usage. Le volume de remplissage est impos\u00e9 par des contraintes techniques.<\/p>\n<p>&nbsp;<\/p>\n<p>Conserver \u00e0 un endroit frais et sec, consommer rapidement apr\u00e8s l\u2019ouverture.<\/p>\n<p>1. Le remplacement de deux des principaux repas quotidiens par ce genre de repas de substitution dans le cadre d\u2019une d\u2019alimentation peu calorique permet la perte de poids.<\/p>\n<p>2. Le remplacement de l\u2019un des <strong><a href=\"https:\/\/www.lraloeverashop.eu\/fr\/substitut-de-repas-figu-active-le-regime-amaigrissant-intelligent\/\">repas quotidiens<\/a><\/strong> par ce genre de repas de substitution dans le cadre d\u2019une d\u2019alimentation peu calorique permet de maintenir la ligne apr\u00e8s une perte de poids.<\/p>\n","protected":false},"excerpt":{"rendered":"<ul>\n<li>Shake cr\u00e9meux au go\u00fbt de vanille<\/li>\n<li>Chaque portion remplace un repas complet<\/li>\n<li>Pour perdre et maintenir son poids<\/li>\n<li>Favorise la perte de poids avec seulement 216 calories par portion<\/li>\n<li>100% v\u00e9g\u00e9talien, \u00e9dulcor\u00e9 avec de la st\u00e9via<\/li>\n<li>Teneur \u00e9lev\u00e9e en fibres et en prot\u00e9ines<\/li>\n<li>Sans gluten, lactose et colorants artificiels<\/li>\n<li>Quantit\u00e9 : 496g<\/li>\n<\/ul>\n<p style=\"text-align: left;\"><span style=\"color: #ff0000;\"><a style=\"color: #ff0000;\" href=\"https:\/\/shop.lrworld.com\/openpao?PHP=0vFlt7jT938BEnBI3a6e9w%3D%3D\"><span style=\"font-size: 14pt;\"><strong>Inscrivez-vous et \u00e9conomisez 35% sur chaque commande<\/strong><\/span><\/a><\/span><\/p>\n","protected":false},"featured_media":9742,"comment_status":"open","ping_status":"closed","template":"","meta":{"_kad_blocks_custom_css":"","_kad_blocks_head_custom_js":"","_kad_blocks_body_custom_js":"","_kad_blocks_footer_custom_js":"","_kadence_starter_templates_imported_post":false,"_kad_post_transparent":"default","_kad_post_title":"","_kad_post_layout":"default","_kad_post_sidebar_id":"","_kad_post_content_style":"default","_kad_post_vertical_padding":"default","_kad_post_feature":"","_kad_post_feature_position":"","_kad_post_header":false,"_kad_post_footer":false,"_kad_post_classname":""},"product_brand":[],"product_cat":[309,333],"product_tag":[583],"class_list":{"0":"post-9178","1":"product","2":"type-product","3":"status-publish","4":"has-post-thumbnail","6":"product_cat-body-mission-frappes","7":"product_cat-supplements-dietetiques","8":"product_tag-diete","10":"first","11":"instock","12":"taxable","13":"shipping-taxable","14":"purchasable","15":"product-type-simple","16":"entry","17":"content-bg","18":"loop-entry"},"yoast_head":"<!-- This site is optimized with the Yoast SEO Premium plugin v27.4 (Yoast SEO v27.4) - https:\/\/yoast.com\/product\/yoast-seo-premium-wordpress\/ -->\n<title>Shake Minceur Figu Active Vanille - Adieu le comptage des calories<\/title>\n<meta name=\"description\" content=\"Shake Minceur Figu Active Vanille vous aide \u00e0 perdre du poids et \u00e0 conserver le poids atteint. Sans lactose et sans gluten. Seulement 216 kcal par portion\" \/>\n<meta name=\"robots\" content=\"index, follow, max-snippet:-1, max-image-preview:large, max-video-preview:-1\" \/>\n<link rel=\"canonical\" href=\"https:\/\/www.lraloeverashop.eu\/fr\/produit\/figu-active-shake-saveur-vanille\/\" \/>\n<meta property=\"og:locale\" content=\"fr_FR\" \/>\n<meta property=\"og:type\" content=\"article\" \/>\n<meta property=\"og:title\" content=\"Shake Minceur Figu Active Vanille\" \/>\n<meta property=\"og:description\" content=\"Shake Minceur Figu Active Vanille vous aide \u00e0 perdre du poids et \u00e0 conserver le poids atteint. Sans lactose et sans gluten. Seulement 216 kcal par portion\" \/>\n<meta property=\"og:url\" content=\"https:\/\/www.lraloeverashop.eu\/fr\/produit\/figu-active-shake-saveur-vanille\/\" \/>\n<meta property=\"og:site_name\" content=\"Boutique Lr Aloe Vera\" \/>\n<meta property=\"article:publisher\" content=\"https:\/\/www.facebook.com\/lraloeverashop.eu\" \/>\n<meta property=\"article:modified_time\" content=\"2026-02-02T18:32:10+00:00\" \/>\n<meta property=\"og:image\" content=\"https:\/\/www.lraloeverashop.eu\/wp-content\/uploads\/2023\/01\/FiguActive-Shake-Vanilla.jpg\" \/>\n\t<meta property=\"og:image:width\" content=\"1200\" \/>\n\t<meta property=\"og:image:height\" content=\"1200\" \/>\n\t<meta property=\"og:image:type\" content=\"image\/jpeg\" \/>\n<meta name=\"twitter:card\" content=\"summary_large_image\" \/>\n<meta name=\"twitter:site\" content=\"@natur__kosmetik\" \/>\n<script type=\"application\/ld+json\" class=\"yoast-schema-graph\">{\"@context\":\"https:\\\/\\\/schema.org\",\"@graph\":[{\"@type\":[\"WebPage\",\"ItemPage\"],\"@id\":\"https:\\\/\\\/www.lraloeverashop.eu\\\/fr\\\/produit\\\/figu-active-shake-saveur-vanille\\\/\",\"url\":\"https:\\\/\\\/www.lraloeverashop.eu\\\/fr\\\/produit\\\/figu-active-shake-saveur-vanille\\\/\",\"name\":\"Shake Minceur Figu Active Vanille - Adieu le comptage des calories\",\"isPartOf\":{\"@id\":\"https:\\\/\\\/www.lraloeverashop.eu\\\/fr\\\/#website\"},\"primaryImageOfPage\":{\"@id\":\"https:\\\/\\\/www.lraloeverashop.eu\\\/fr\\\/produit\\\/figu-active-shake-saveur-vanille\\\/#primaryimage\"},\"image\":{\"@id\":\"https:\\\/\\\/www.lraloeverashop.eu\\\/fr\\\/produit\\\/figu-active-shake-saveur-vanille\\\/#primaryimage\"},\"thumbnailUrl\":\"https:\\\/\\\/www.lraloeverashop.eu\\\/wp-content\\\/uploads\\\/2023\\\/01\\\/FiguActive-Shake-Vanilla.jpg\",\"datePublished\":\"2022-10-15T18:36:59+00:00\",\"dateModified\":\"2026-02-02T18:32:10+00:00\",\"description\":\"Shake Minceur Figu Active Vanille vous aide \u00e0 perdre du poids et \u00e0 conserver le poids atteint. Sans lactose et sans gluten. Seulement 216 kcal par portion\",\"breadcrumb\":{\"@id\":\"https:\\\/\\\/www.lraloeverashop.eu\\\/fr\\\/produit\\\/figu-active-shake-saveur-vanille\\\/#breadcrumb\"},\"inLanguage\":\"fr-FR\",\"potentialAction\":[{\"@type\":\"ReadAction\",\"target\":[\"https:\\\/\\\/www.lraloeverashop.eu\\\/fr\\\/produit\\\/figu-active-shake-saveur-vanille\\\/\"]}]},{\"@type\":\"ImageObject\",\"inLanguage\":\"fr-FR\",\"@id\":\"https:\\\/\\\/www.lraloeverashop.eu\\\/fr\\\/produit\\\/figu-active-shake-saveur-vanille\\\/#primaryimage\",\"url\":\"https:\\\/\\\/www.lraloeverashop.eu\\\/wp-content\\\/uploads\\\/2023\\\/01\\\/FiguActive-Shake-Vanilla.jpg\",\"contentUrl\":\"https:\\\/\\\/www.lraloeverashop.eu\\\/wp-content\\\/uploads\\\/2023\\\/01\\\/FiguActive-Shake-Vanilla.jpg\",\"width\":1200,\"height\":1200,\"caption\":\"Shake Minceur Figu Active Vanille remplace un repas entier\"},{\"@type\":\"BreadcrumbList\",\"@id\":\"https:\\\/\\\/www.lraloeverashop.eu\\\/fr\\\/produit\\\/figu-active-shake-saveur-vanille\\\/#breadcrumb\",\"itemListElement\":[{\"@type\":\"ListItem\",\"position\":1,\"name\":\"Home\",\"item\":\"https:\\\/\\\/www.lraloeverashop.eu\\\/fr\\\/\"},{\"@type\":\"ListItem\",\"position\":2,\"name\":\"Boutique\",\"item\":\"https:\\\/\\\/www.lraloeverashop.eu\\\/fr\\\/boutique\\\/\"},{\"@type\":\"ListItem\",\"position\":3,\"name\":\"Shake Minceur Figu Active Vanille\"}]},{\"@type\":\"WebSite\",\"@id\":\"https:\\\/\\\/www.lraloeverashop.eu\\\/fr\\\/#website\",\"url\":\"https:\\\/\\\/www.lraloeverashop.eu\\\/fr\\\/\",\"name\":\"Boutique Lr Aloe Vera\",\"description\":\"High Quality Lr Aloe Vera Gel, Aloe Vera Cream and Shampoo\",\"publisher\":{\"@id\":\"https:\\\/\\\/www.lraloeverashop.eu\\\/fr\\\/#organization\"},\"potentialAction\":[{\"@type\":\"SearchAction\",\"target\":{\"@type\":\"EntryPoint\",\"urlTemplate\":\"https:\\\/\\\/www.lraloeverashop.eu\\\/fr\\\/?s={search_term_string}\"},\"query-input\":{\"@type\":\"PropertyValueSpecification\",\"valueRequired\":true,\"valueName\":\"search_term_string\"}}],\"inLanguage\":\"fr-FR\"},{\"@type\":\"Organization\",\"@id\":\"https:\\\/\\\/www.lraloeverashop.eu\\\/fr\\\/#organization\",\"name\":\"Boutique Lr Aloe Vera\",\"alternateName\":\"LR\",\"url\":\"https:\\\/\\\/www.lraloeverashop.eu\\\/fr\\\/\",\"logo\":{\"@type\":\"ImageObject\",\"inLanguage\":\"fr-FR\",\"@id\":\"https:\\\/\\\/www.lraloeverashop.eu\\\/fr\\\/#\\\/schema\\\/logo\\\/image\\\/\",\"url\":\"https:\\\/\\\/www.lraloeverashop.eu\\\/wp-content\\\/uploads\\\/2022\\\/09\\\/cropped-Lr-Aloe-Vera-Shop.jpg\",\"contentUrl\":\"https:\\\/\\\/www.lraloeverashop.eu\\\/wp-content\\\/uploads\\\/2022\\\/09\\\/cropped-Lr-Aloe-Vera-Shop.jpg\",\"width\":228,\"height\":76,\"caption\":\"Boutique Lr Aloe Vera\"},\"image\":{\"@id\":\"https:\\\/\\\/www.lraloeverashop.eu\\\/fr\\\/#\\\/schema\\\/logo\\\/image\\\/\"},\"sameAs\":[\"https:\\\/\\\/www.facebook.com\\\/lraloeverashop.eu\",\"https:\\\/\\\/x.com\\\/natur__kosmetik\",\"https:\\\/\\\/www.youtube.com\\\/channel\\\/UC5oN7BJ8nfYb8RpVtjwDEBA\",\"https:\\\/\\\/www.instagram.com\\\/lrbeautyeu\\\/\"],\"description\":\"La boutique LR Aloe Vera est votre destination de confiance pour les produits de sant\u00e9 et de beaut\u00e9 haut de gamme LR, fabriqu\u00e9s en Allemagne. Nous proposons des soins de la peau, des compl\u00e9ments nutritionnels et des solutions anti-\u00e2ge \u00e0 l'aloe vera de haute qualit\u00e9, \u00e9labor\u00e9s \u00e0 partir d'ingr\u00e9dients purs et valid\u00e9s par la recherche scientifique. D\u00e9couvrez des soins naturels qui r\u00e9g\u00e9n\u00e8rent, prot\u00e8gent et revitalisent votre peau, et profitez d'offres mensuelles exclusives sur nos produits LR Aloe Vera les plus vendus.\\n\\nCommencez d\u00e8s aujourd'hui votre parcours vers des soins naturels et constatez la diff\u00e9rence.\",\"email\":\"info@lraloeverashop.eu\",\"telephone\":\"+49 17670609653\",\"legalName\":\"Lr Aloe Vera Shop\",\"foundingDate\":\"2018-04-21\",\"numberOfEmployees\":{\"@type\":\"QuantitativeValue\",\"minValue\":\"1\",\"maxValue\":\"10\"}}]}<\/script>\n<meta property=\"product:price:amount\" content=\"48.59\" \/>\n<meta property=\"product:price:currency\" content=\"EUR\" \/>\n<meta property=\"og:availability\" content=\"instock\" \/>\n<meta property=\"product:availability\" content=\"instock\" \/>\n<meta property=\"product:retailer_item_id\" content=\"81240-1FR\" \/>\n<meta property=\"product:condition\" content=\"new\" \/>\n<!-- \/ Yoast SEO Premium plugin. -->","yoast_head_json":{"title":"Shake Minceur Figu Active Vanille - Adieu le comptage des calories","description":"Shake Minceur Figu Active Vanille vous aide \u00e0 perdre du poids et \u00e0 conserver le poids atteint. Sans lactose et sans gluten. Seulement 216 kcal par portion","robots":{"index":"index","follow":"follow","max-snippet":"max-snippet:-1","max-image-preview":"max-image-preview:large","max-video-preview":"max-video-preview:-1"},"canonical":"https:\/\/www.lraloeverashop.eu\/fr\/produit\/figu-active-shake-saveur-vanille\/","og_locale":"fr_FR","og_type":"article","og_title":"Shake Minceur Figu Active Vanille","og_description":"Shake Minceur Figu Active Vanille vous aide \u00e0 perdre du poids et \u00e0 conserver le poids atteint. Sans lactose et sans gluten. Seulement 216 kcal par portion","og_url":"https:\/\/www.lraloeverashop.eu\/fr\/produit\/figu-active-shake-saveur-vanille\/","og_site_name":"Boutique Lr Aloe Vera","article_publisher":"https:\/\/www.facebook.com\/lraloeverashop.eu","article_modified_time":"2026-02-02T18:32:10+00:00","og_image":[{"width":1200,"height":1200,"url":"https:\/\/www.lraloeverashop.eu\/wp-content\/uploads\/2023\/01\/FiguActive-Shake-Vanilla.jpg","type":"image\/jpeg"}],"twitter_card":"summary_large_image","twitter_site":"@natur__kosmetik","schema":{"@context":"https:\/\/schema.org","@graph":[{"@type":["WebPage","ItemPage"],"@id":"https:\/\/www.lraloeverashop.eu\/fr\/produit\/figu-active-shake-saveur-vanille\/","url":"https:\/\/www.lraloeverashop.eu\/fr\/produit\/figu-active-shake-saveur-vanille\/","name":"Shake Minceur Figu Active Vanille - Adieu le comptage des calories","isPartOf":{"@id":"https:\/\/www.lraloeverashop.eu\/fr\/#website"},"primaryImageOfPage":{"@id":"https:\/\/www.lraloeverashop.eu\/fr\/produit\/figu-active-shake-saveur-vanille\/#primaryimage"},"image":{"@id":"https:\/\/www.lraloeverashop.eu\/fr\/produit\/figu-active-shake-saveur-vanille\/#primaryimage"},"thumbnailUrl":"https:\/\/www.lraloeverashop.eu\/wp-content\/uploads\/2023\/01\/FiguActive-Shake-Vanilla.jpg","datePublished":"2022-10-15T18:36:59+00:00","dateModified":"2026-02-02T18:32:10+00:00","description":"Shake Minceur Figu Active Vanille vous aide \u00e0 perdre du poids et \u00e0 conserver le poids atteint. Sans lactose et sans gluten. Seulement 216 kcal par portion","breadcrumb":{"@id":"https:\/\/www.lraloeverashop.eu\/fr\/produit\/figu-active-shake-saveur-vanille\/#breadcrumb"},"inLanguage":"fr-FR","potentialAction":[{"@type":"ReadAction","target":["https:\/\/www.lraloeverashop.eu\/fr\/produit\/figu-active-shake-saveur-vanille\/"]}]},{"@type":"ImageObject","inLanguage":"fr-FR","@id":"https:\/\/www.lraloeverashop.eu\/fr\/produit\/figu-active-shake-saveur-vanille\/#primaryimage","url":"https:\/\/www.lraloeverashop.eu\/wp-content\/uploads\/2023\/01\/FiguActive-Shake-Vanilla.jpg","contentUrl":"https:\/\/www.lraloeverashop.eu\/wp-content\/uploads\/2023\/01\/FiguActive-Shake-Vanilla.jpg","width":1200,"height":1200,"caption":"Shake Minceur Figu Active Vanille remplace un repas entier"},{"@type":"BreadcrumbList","@id":"https:\/\/www.lraloeverashop.eu\/fr\/produit\/figu-active-shake-saveur-vanille\/#breadcrumb","itemListElement":[{"@type":"ListItem","position":1,"name":"Home","item":"https:\/\/www.lraloeverashop.eu\/fr\/"},{"@type":"ListItem","position":2,"name":"Boutique","item":"https:\/\/www.lraloeverashop.eu\/fr\/boutique\/"},{"@type":"ListItem","position":3,"name":"Shake Minceur Figu Active Vanille"}]},{"@type":"WebSite","@id":"https:\/\/www.lraloeverashop.eu\/fr\/#website","url":"https:\/\/www.lraloeverashop.eu\/fr\/","name":"Boutique Lr Aloe Vera","description":"High Quality Lr Aloe Vera Gel, Aloe Vera Cream and Shampoo","publisher":{"@id":"https:\/\/www.lraloeverashop.eu\/fr\/#organization"},"potentialAction":[{"@type":"SearchAction","target":{"@type":"EntryPoint","urlTemplate":"https:\/\/www.lraloeverashop.eu\/fr\/?s={search_term_string}"},"query-input":{"@type":"PropertyValueSpecification","valueRequired":true,"valueName":"search_term_string"}}],"inLanguage":"fr-FR"},{"@type":"Organization","@id":"https:\/\/www.lraloeverashop.eu\/fr\/#organization","name":"Boutique Lr Aloe Vera","alternateName":"LR","url":"https:\/\/www.lraloeverashop.eu\/fr\/","logo":{"@type":"ImageObject","inLanguage":"fr-FR","@id":"https:\/\/www.lraloeverashop.eu\/fr\/#\/schema\/logo\/image\/","url":"https:\/\/www.lraloeverashop.eu\/wp-content\/uploads\/2022\/09\/cropped-Lr-Aloe-Vera-Shop.jpg","contentUrl":"https:\/\/www.lraloeverashop.eu\/wp-content\/uploads\/2022\/09\/cropped-Lr-Aloe-Vera-Shop.jpg","width":228,"height":76,"caption":"Boutique Lr Aloe Vera"},"image":{"@id":"https:\/\/www.lraloeverashop.eu\/fr\/#\/schema\/logo\/image\/"},"sameAs":["https:\/\/www.facebook.com\/lraloeverashop.eu","https:\/\/x.com\/natur__kosmetik","https:\/\/www.youtube.com\/channel\/UC5oN7BJ8nfYb8RpVtjwDEBA","https:\/\/www.instagram.com\/lrbeautyeu\/"],"description":"La boutique LR Aloe Vera est votre destination de confiance pour les produits de sant\u00e9 et de beaut\u00e9 haut de gamme LR, fabriqu\u00e9s en Allemagne. Nous proposons des soins de la peau, des compl\u00e9ments nutritionnels et des solutions anti-\u00e2ge \u00e0 l'aloe vera de haute qualit\u00e9, \u00e9labor\u00e9s \u00e0 partir d'ingr\u00e9dients purs et valid\u00e9s par la recherche scientifique. D\u00e9couvrez des soins naturels qui r\u00e9g\u00e9n\u00e8rent, prot\u00e8gent et revitalisent votre peau, et profitez d'offres mensuelles exclusives sur nos produits LR Aloe Vera les plus vendus.\n\nCommencez d\u00e8s aujourd'hui votre parcours vers des soins naturels et constatez la diff\u00e9rence.","email":"info@lraloeverashop.eu","telephone":"+49 17670609653","legalName":"Lr Aloe Vera Shop","foundingDate":"2018-04-21","numberOfEmployees":{"@type":"QuantitativeValue","minValue":"1","maxValue":"10"}}]},"product_price_amount":"48.59","product_price_currency":"EUR","og_availability":"instock","product_availability":"instock","product_retailer_item_id":"81240-1FR","product_condition":"new"},"taxonomy_info":{"product_cat":[{"value":309,"label":"Frapp\u00e9s"},{"value":333,"label":"Substitut de repas"}],"product_tag":[{"value":583,"label":"Di\u00e8te"}]},"featured_image_src_large":["https:\/\/www.lraloeverashop.eu\/wp-content\/uploads\/2023\/01\/FiguActive-Shake-Vanilla-1024x1024.jpg",1024,1024,true],"author_info":[],"comment_info":0,"_links":{"self":[{"href":"https:\/\/www.lraloeverashop.eu\/fr\/wp-json\/wp\/v2\/product\/9178","targetHints":{"allow":["GET"]}}],"collection":[{"href":"https:\/\/www.lraloeverashop.eu\/fr\/wp-json\/wp\/v2\/product"}],"about":[{"href":"https:\/\/www.lraloeverashop.eu\/fr\/wp-json\/wp\/v2\/types\/product"}],"replies":[{"embeddable":true,"href":"https:\/\/www.lraloeverashop.eu\/fr\/wp-json\/wp\/v2\/comments?post=9178"}],"wp:featuredmedia":[{"embeddable":true,"href":"https:\/\/www.lraloeverashop.eu\/fr\/wp-json\/wp\/v2\/media\/9742"}],"wp:attachment":[{"href":"https:\/\/www.lraloeverashop.eu\/fr\/wp-json\/wp\/v2\/media?parent=9178"}],"wp:term":[{"taxonomy":"product_brand","embeddable":true,"href":"https:\/\/www.lraloeverashop.eu\/fr\/wp-json\/wp\/v2\/product_brand?post=9178"},{"taxonomy":"product_cat","embeddable":true,"href":"https:\/\/www.lraloeverashop.eu\/fr\/wp-json\/wp\/v2\/product_cat?post=9178"},{"taxonomy":"product_tag","embeddable":true,"href":"https:\/\/www.lraloeverashop.eu\/fr\/wp-json\/wp\/v2\/product_tag?post=9178"}],"curies":[{"name":"wp","href":"https:\/\/api.w.org\/{rel}","templated":true}]}}