{"id":9166,"date":"2022-10-15T20:46:47","date_gmt":"2022-10-15T18:46:47","guid":{"rendered":"https:\/\/www.lraloeverashop.eu\/product\/figu-active-soupe-pommes-de-terre-auberge\/"},"modified":"2026-02-02T19:31:50","modified_gmt":"2026-02-02T18:31:50","slug":"figu-active-soupe-pommes-de-terre-auberge","status":"publish","type":"product","link":"https:\/\/www.lraloeverashop.eu\/fr\/produit\/figu-active-soupe-pommes-de-terre-auberge\/","title":{"rendered":"Soupe de L\u00e9gumes Figu Active"},"content":{"rendered":"<h2><span style=\"font-size: 16pt;\"><strong>Soupe de L\u00e9gumes Figu Active Yummy Veggie<\/strong><\/span><\/h2>\n<p><span style=\"font-size: 14pt;\"><strong>Soupe de L\u00e9gumes Figu Active Yummy Veggie avec saveur riche et d\u00e9licieuse!<\/strong><\/span><\/p>\n<p>Une soupe de l\u00e9gumes merveilleusement cr\u00e9meuse avec du brocoli, des pommes de terre et des poireaux apporte de la puissance dans votre vie quotidienne\u00a0! Il <strong><a href=\"https:\/\/www.lraloeverashop.eu\/fr\/produit\/figu-active-soupe-de-legumes-au-curry-india\/\">remplace un repas<\/a><\/strong> complet et vous aide \u00e0 perdre du poids ou \u00e0 maintenir votre poids.<\/p>\n<p>Les soupes Figu Active sont des <strong><a href=\"https:\/\/www.lraloeverashop.eu\/fr\/substitut-de-repas-figu-active-le-regime-amaigrissant-intelligent\/\">substituts de repas<\/a><\/strong> qui apportent \u00e0 votre corps les nutriments essentiels dont il a besoin : vitamines, min\u00e9raux, oligo\u00e9l\u00e9ments et acides amin\u00e9s. Un r\u00e9gime incluant les produits Figu Active, \u00e0 l&rsquo;instar de la LR LIFETAKT, est donc simple et efficace. Les Soupes Figu Active sont particuli\u00e8rement appr\u00e9ci\u00e9es le soir, lorsque vous souhaitez manger un repas chaud.<\/p>\n<p>Cette <strong><a href=\"https:\/\/www.lraloeverashop.eu\/fr\/produit\/soupe-minceur-tomate-mediterranee\/\">soupe minceur<\/a><\/strong> contient de l&rsquo;inuline. L&rsquo;inuline ayant un effet stimulant sur la fonction intestinale et la <a href=\"https:\/\/www.lraloeverashop.eu\/fr\/produit\/pro-12-plus-probiotiques\/\">flore intestinale<\/a>, un apport accru peut entra\u00eener des troubles digestifs (flatulences, diarrh\u00e9es). Les personnes ayant un tractus <a href=\"https:\/\/www.lraloeverashop.eu\/fr\/produit\/pro-12-plus-gelules-offre-limitee\/\">gastro-intestinal<\/a> sensible doivent consulter leur m\u00e9decin avant de consommer le produit.<\/p>\n<p>Des repas particuli\u00e8rement d\u00e9licieux, vari\u00e9s et 100% v\u00e9g\u00e9taliens aux saveurs naturelles assurent une grande vari\u00e9t\u00e9 dans le menu. Une teneur \u00e9lev\u00e9e en fibres alimentaires pr\u00e9cieuses et un m\u00e9lange soigneusement s\u00e9lectionn\u00e9 de <strong><a href=\"https:\/\/www.lraloeverashop.eu\/fr\/produit\/figu-active-flocons-canneberge-croquante\/\">prot\u00e9ines v\u00e9g\u00e9tales<\/a><\/strong> vous soutiennent naturellement dans votre alimentation.<\/p>\n<p>&nbsp;<\/p>\n<h3><span style=\"font-size: 16pt;\"><strong><a href=\"https:\/\/www.lraloeverashop.eu\/wp-content\/uploads\/2024\/09\/weight-loss-diet-review-300x300.jpeg\"><img loading=\"lazy\" decoding=\"async\" class=\"alignleft wp-image-16349 size-medium\" src=\"https:\/\/www.lraloeverashop.eu\/wp-content\/uploads\/2024\/09\/weight-loss-diet-review-300x300.jpeg\" alt=\"Avis sur le r\u00e9gime amaigrissant\" width=\"300\" height=\"300\" srcset=\"https:\/\/www.lraloeverashop.eu\/wp-content\/uploads\/2024\/09\/weight-loss-diet-review-300x300.jpeg 300w, https:\/\/www.lraloeverashop.eu\/wp-content\/uploads\/2024\/09\/weight-loss-diet-review-1024x1024.jpeg 1024w, https:\/\/www.lraloeverashop.eu\/wp-content\/uploads\/2024\/09\/weight-loss-diet-review-150x150.jpeg 150w, https:\/\/www.lraloeverashop.eu\/wp-content\/uploads\/2024\/09\/weight-loss-diet-review-768x768.jpeg 768w, https:\/\/www.lraloeverashop.eu\/wp-content\/uploads\/2024\/09\/weight-loss-diet-review-600x600.jpeg 600w, https:\/\/www.lraloeverashop.eu\/wp-content\/uploads\/2024\/09\/weight-loss-diet-review-100x100.jpeg 100w, https:\/\/www.lraloeverashop.eu\/wp-content\/uploads\/2024\/09\/weight-loss-diet-review.jpeg 1200w\" sizes=\"auto, (max-width: 300px) 100vw, 300px\" \/><\/a>Comment pr\u00e9parer <\/strong><\/span><\/h3>\n<p>M\u00e9langez au fouet 7 cuill\u00e8res \u00e0 Soupe de L\u00e9gumes Figu Active bomb\u00e9es dans 350 ml d\u2019eau chaude avec un fouet &#8211; c&rsquo;est fait\u00a0!. Prenez pour cela un r\u00e9cipient assez grand, un saladier de 350 ml est trop petit. Apr\u00e8s avoir laiss\u00e9 bri\u00e8vement gonfler, remuer \u00e0 nouveau et consommer en remplacement de votre d\u00e9jeuner ou d\u00eener.<\/p>\n<p>Dans le cadre d\u2019une alimentation faible en calories, veillez imp\u00e9rativement \u00e0 boire suffisamment. Par jour, 2 \u00e0 3 litres de liquide exempt de calories, de pr\u00e9f\u00e9rence de l\u2019eau min\u00e9rale ou du <a href=\"https:\/\/www.lraloeverashop.eu\/fr\/produit\/tisane-pour-maigrir\/\"><strong>th\u00e9 non-sucr\u00e9<\/strong><\/a>, sont n\u00e9cessaires.<\/p>\n<p>Le produit n\u2019atteint son but vis\u00e9 que dans le cadre d\u2019une alimentation faible en calories.<\/p>\n<p>&nbsp;<\/p>\n<p>Veillez imp\u00e9rativement \u00e0 un mode de vie sain et \u00e0 une <strong><a href=\"https:\/\/www.lraloeverashop.eu\/fr\/produit\/soupe-de-patate-douce-figu-active\/\">alimentation \u00e9quilibr\u00e9e<\/a><\/strong> et diversifi\u00e9e. D\u2019autres aliments doivent faire partie de cette alimentation. Le repas contient tous les nutriments n\u00e9cessaires en quantit\u00e9 suffisante.<\/p>\n<p>&nbsp;<\/p>\n<p><a href=\"https:\/\/www.lraloeverashop.eu\/wp-content\/uploads\/2024\/09\/man-weight-loss-before-and-after-300x300.jpeg\"><img loading=\"lazy\" decoding=\"async\" class=\"alignleft wp-image-16356 size-medium\" src=\"https:\/\/www.lraloeverashop.eu\/wp-content\/uploads\/2024\/09\/man-weight-loss-before-and-after-300x300.jpeg\" alt=\"R\u00e9gime amaigrissant avant et apr\u00e8s\" width=\"300\" height=\"300\" srcset=\"https:\/\/www.lraloeverashop.eu\/wp-content\/uploads\/2024\/09\/man-weight-loss-before-and-after-300x300.jpeg 300w, https:\/\/www.lraloeverashop.eu\/wp-content\/uploads\/2024\/09\/man-weight-loss-before-and-after-1024x1024.jpeg 1024w, https:\/\/www.lraloeverashop.eu\/wp-content\/uploads\/2024\/09\/man-weight-loss-before-and-after-150x150.jpeg 150w, https:\/\/www.lraloeverashop.eu\/wp-content\/uploads\/2024\/09\/man-weight-loss-before-and-after-768x768.jpeg 768w, https:\/\/www.lraloeverashop.eu\/wp-content\/uploads\/2024\/09\/man-weight-loss-before-and-after-600x600.jpeg 600w, https:\/\/www.lraloeverashop.eu\/wp-content\/uploads\/2024\/09\/man-weight-loss-before-and-after-100x100.jpeg 100w, https:\/\/www.lraloeverashop.eu\/wp-content\/uploads\/2024\/09\/man-weight-loss-before-and-after.jpeg 1200w\" sizes=\"auto, (max-width: 300px) 100vw, 300px\" \/><\/a> Les instructions de pr\u00e9paration de Soupe de L\u00e9gumes Figu Active doivent \u00eatre respect\u00e9es.<\/p>\n<p>Secouer la bo\u00eete de Soupe de L\u00e9gumes Figu Active avant usage. Le volume de remplissage est impos\u00e9 par des contraintes techniques. Conserver \u00e0 un endroit frais et sec, consommer rapidement apr\u00e8s l\u2019ouverture.<\/p>\n<p>1. Le remplacement de deux repas principaux quotidiens par ce genre de <a href=\"https:\/\/www.lraloeverashop.eu\/fr\/produit\/figu-active-shake-saveur-vanille\/\"><strong>repas de substitution<\/strong><\/a> dans le cadre d\u2019une d\u2019alimentation peu calorique permet la perte de poids.<\/p>\n<p>2. Le remplacement de l\u2019un des repas quotidiens par ce genre de repas de substitution dans le cadre d\u2019une d\u2019alimentation peu calorique permet de maintenir la ligne apr\u00e8s une perte de poids.<\/p>\n","protected":false},"excerpt":{"rendered":"<ul>\n<li>Soupe minceur aux l\u00e9gumes<\/li>\n<li>Chaque portion remplace un repas complet<\/li>\n<li>Pour perdre du poids et maintenir son poids<\/li>\n<li>100% v\u00e9g\u00e9talien, \u00e9dulcor\u00e9 avec de la st\u00e9via, uniquement des ar\u00f4mes naturels<\/li>\n<li>Teneur \u00e9lev\u00e9e en fibres et en prot\u00e9ines de pois, de soja et de f\u00e8ves<\/li>\n<li>Sans gluten, lactose etcolorants artificiels<\/li>\n<li>Quantit\u00e9 : 488g<\/li>\n<\/ul>\n<p style=\"text-align: left;\"><span style=\"color: #ff0000;\"><a style=\"color: #ff0000;\" href=\"https:\/\/shop.lrworld.com\/openpao?PHP=0vFlt7jT938BEnBI3a6e9w%3D%3D\"><span style=\"font-size: 14pt;\"><strong>Inscrivez-vous et \u00e9conomisez 35% sur chaque commande<\/strong><\/span><\/a><\/span><\/p>\n","protected":false},"featured_media":9749,"comment_status":"open","ping_status":"closed","template":"","meta":{"_kad_blocks_custom_css":"","_kad_blocks_head_custom_js":"","_kad_blocks_body_custom_js":"","_kad_blocks_footer_custom_js":"","_kadence_starter_templates_imported_post":false,"_kad_post_transparent":"default","_kad_post_title":"","_kad_post_layout":"default","_kad_post_sidebar_id":"","_kad_post_content_style":"default","_kad_post_vertical_padding":"default","_kad_post_feature":"","_kad_post_feature_position":"","_kad_post_header":false,"_kad_post_footer":false,"_kad_post_classname":""},"product_brand":[],"product_cat":[303,333],"product_tag":[583],"class_list":{"0":"post-9166","1":"product","2":"type-product","3":"status-publish","4":"has-post-thumbnail","6":"product_cat-body-mission-soupes","7":"product_cat-supplements-dietetiques","8":"product_tag-diete","10":"first","11":"instock","12":"taxable","13":"shipping-taxable","14":"purchasable","15":"product-type-simple","16":"entry","17":"content-bg","18":"loop-entry"},"yoast_head":"<!-- This site is optimized with the Yoast SEO Premium plugin v27.3 (Yoast SEO v27.3) - https:\/\/yoast.com\/product\/yoast-seo-premium-wordpress\/ -->\n<title>Soupe de L\u00e9gumes Figu Active Yummy Veggie riche et d\u00e9licieuse!<\/title>\n<meta name=\"description\" content=\"Soupe de L\u00e9gumes Figu Active Yummy Veggie remplace un repas complet. Soupe minceur aux l\u00e9gumes pour perdre du poids et maintenir son poids.\" \/>\n<meta name=\"robots\" content=\"index, follow, max-snippet:-1, max-image-preview:large, max-video-preview:-1\" \/>\n<link rel=\"canonical\" href=\"https:\/\/www.lraloeverashop.eu\/fr\/produit\/figu-active-soupe-pommes-de-terre-auberge\/\" \/>\n<meta property=\"og:locale\" content=\"fr_FR\" \/>\n<meta property=\"og:type\" content=\"article\" \/>\n<meta property=\"og:title\" content=\"Soupe de L\u00e9gumes Figu Active\" \/>\n<meta property=\"og:description\" content=\"Soupe de L\u00e9gumes Figu Active Yummy Veggie remplace un repas complet. Soupe minceur aux l\u00e9gumes pour perdre du poids et maintenir son poids.\" \/>\n<meta property=\"og:url\" content=\"https:\/\/www.lraloeverashop.eu\/fr\/produit\/figu-active-soupe-pommes-de-terre-auberge\/\" \/>\n<meta property=\"og:site_name\" content=\"Boutique Lr Aloe Vera\" \/>\n<meta property=\"article:publisher\" content=\"https:\/\/www.facebook.com\/lraloeverashop.eu\" \/>\n<meta property=\"article:modified_time\" content=\"2026-02-02T18:31:50+00:00\" \/>\n<meta property=\"og:image\" content=\"https:\/\/www.lraloeverashop.eu\/wp-content\/uploads\/2023\/01\/FiguActive-vegetable-soup.jpg\" \/>\n\t<meta property=\"og:image:width\" content=\"1200\" \/>\n\t<meta property=\"og:image:height\" content=\"1200\" \/>\n\t<meta property=\"og:image:type\" content=\"image\/jpeg\" \/>\n<meta name=\"twitter:card\" content=\"summary_large_image\" \/>\n<meta name=\"twitter:site\" content=\"@natur__kosmetik\" \/>\n<script type=\"application\/ld+json\" class=\"yoast-schema-graph\">{\"@context\":\"https:\\\/\\\/schema.org\",\"@graph\":[{\"@type\":[\"WebPage\",\"ItemPage\"],\"@id\":\"https:\\\/\\\/www.lraloeverashop.eu\\\/fr\\\/produit\\\/figu-active-soupe-pommes-de-terre-auberge\\\/\",\"url\":\"https:\\\/\\\/www.lraloeverashop.eu\\\/fr\\\/produit\\\/figu-active-soupe-pommes-de-terre-auberge\\\/\",\"name\":\"Soupe de L\u00e9gumes Figu Active Yummy Veggie riche et d\u00e9licieuse!\",\"isPartOf\":{\"@id\":\"https:\\\/\\\/www.lraloeverashop.eu\\\/fr\\\/#website\"},\"primaryImageOfPage\":{\"@id\":\"https:\\\/\\\/www.lraloeverashop.eu\\\/fr\\\/produit\\\/figu-active-soupe-pommes-de-terre-auberge\\\/#primaryimage\"},\"image\":{\"@id\":\"https:\\\/\\\/www.lraloeverashop.eu\\\/fr\\\/produit\\\/figu-active-soupe-pommes-de-terre-auberge\\\/#primaryimage\"},\"thumbnailUrl\":\"https:\\\/\\\/www.lraloeverashop.eu\\\/wp-content\\\/uploads\\\/2023\\\/01\\\/FiguActive-vegetable-soup.jpg\",\"datePublished\":\"2022-10-15T18:46:47+00:00\",\"dateModified\":\"2026-02-02T18:31:50+00:00\",\"description\":\"Soupe de L\u00e9gumes Figu Active Yummy Veggie remplace un repas complet. Soupe minceur aux l\u00e9gumes pour perdre du poids et maintenir son poids.\",\"breadcrumb\":{\"@id\":\"https:\\\/\\\/www.lraloeverashop.eu\\\/fr\\\/produit\\\/figu-active-soupe-pommes-de-terre-auberge\\\/#breadcrumb\"},\"inLanguage\":\"fr-FR\",\"potentialAction\":[{\"@type\":\"ReadAction\",\"target\":[\"https:\\\/\\\/www.lraloeverashop.eu\\\/fr\\\/produit\\\/figu-active-soupe-pommes-de-terre-auberge\\\/\"]}]},{\"@type\":\"ImageObject\",\"inLanguage\":\"fr-FR\",\"@id\":\"https:\\\/\\\/www.lraloeverashop.eu\\\/fr\\\/produit\\\/figu-active-soupe-pommes-de-terre-auberge\\\/#primaryimage\",\"url\":\"https:\\\/\\\/www.lraloeverashop.eu\\\/wp-content\\\/uploads\\\/2023\\\/01\\\/FiguActive-vegetable-soup.jpg\",\"contentUrl\":\"https:\\\/\\\/www.lraloeverashop.eu\\\/wp-content\\\/uploads\\\/2023\\\/01\\\/FiguActive-vegetable-soup.jpg\",\"width\":1200,\"height\":1200,\"caption\":\"FiguActive soupe aux l\u00e9gumes\"},{\"@type\":\"BreadcrumbList\",\"@id\":\"https:\\\/\\\/www.lraloeverashop.eu\\\/fr\\\/produit\\\/figu-active-soupe-pommes-de-terre-auberge\\\/#breadcrumb\",\"itemListElement\":[{\"@type\":\"ListItem\",\"position\":1,\"name\":\"Home\",\"item\":\"https:\\\/\\\/www.lraloeverashop.eu\\\/fr\\\/\"},{\"@type\":\"ListItem\",\"position\":2,\"name\":\"Boutique\",\"item\":\"https:\\\/\\\/www.lraloeverashop.eu\\\/fr\\\/boutique\\\/\"},{\"@type\":\"ListItem\",\"position\":3,\"name\":\"Soupe de L\u00e9gumes Figu Active\"}]},{\"@type\":\"WebSite\",\"@id\":\"https:\\\/\\\/www.lraloeverashop.eu\\\/fr\\\/#website\",\"url\":\"https:\\\/\\\/www.lraloeverashop.eu\\\/fr\\\/\",\"name\":\"Boutique Lr Aloe Vera\",\"description\":\"High Quality Lr Aloe Vera Gel, Aloe Vera Cream and Shampoo\",\"publisher\":{\"@id\":\"https:\\\/\\\/www.lraloeverashop.eu\\\/fr\\\/#organization\"},\"potentialAction\":[{\"@type\":\"SearchAction\",\"target\":{\"@type\":\"EntryPoint\",\"urlTemplate\":\"https:\\\/\\\/www.lraloeverashop.eu\\\/fr\\\/?s={search_term_string}\"},\"query-input\":{\"@type\":\"PropertyValueSpecification\",\"valueRequired\":true,\"valueName\":\"search_term_string\"}}],\"inLanguage\":\"fr-FR\"},{\"@type\":\"Organization\",\"@id\":\"https:\\\/\\\/www.lraloeverashop.eu\\\/fr\\\/#organization\",\"name\":\"Boutique Lr Aloe Vera\",\"alternateName\":\"LR\",\"url\":\"https:\\\/\\\/www.lraloeverashop.eu\\\/fr\\\/\",\"logo\":{\"@type\":\"ImageObject\",\"inLanguage\":\"fr-FR\",\"@id\":\"https:\\\/\\\/www.lraloeverashop.eu\\\/fr\\\/#\\\/schema\\\/logo\\\/image\\\/\",\"url\":\"https:\\\/\\\/www.lraloeverashop.eu\\\/wp-content\\\/uploads\\\/2022\\\/09\\\/cropped-Lr-Aloe-Vera-Shop.jpg\",\"contentUrl\":\"https:\\\/\\\/www.lraloeverashop.eu\\\/wp-content\\\/uploads\\\/2022\\\/09\\\/cropped-Lr-Aloe-Vera-Shop.jpg\",\"width\":228,\"height\":76,\"caption\":\"Boutique Lr Aloe Vera\"},\"image\":{\"@id\":\"https:\\\/\\\/www.lraloeverashop.eu\\\/fr\\\/#\\\/schema\\\/logo\\\/image\\\/\"},\"sameAs\":[\"https:\\\/\\\/www.facebook.com\\\/lraloeverashop.eu\",\"https:\\\/\\\/x.com\\\/natur__kosmetik\",\"https:\\\/\\\/www.youtube.com\\\/channel\\\/UC5oN7BJ8nfYb8RpVtjwDEBA\",\"https:\\\/\\\/www.instagram.com\\\/lrbeautyeu\\\/\"]}]}<\/script>\n<meta property=\"product:price:amount\" content=\"48.59\" \/>\n<meta property=\"product:price:currency\" content=\"EUR\" \/>\n<meta property=\"og:availability\" content=\"instock\" \/>\n<meta property=\"product:availability\" content=\"instock\" \/>\n<meta property=\"product:retailer_item_id\" content=\"81246-1FR\" \/>\n<meta property=\"product:condition\" content=\"new\" \/>\n<!-- \/ Yoast SEO Premium plugin. -->","yoast_head_json":{"title":"Soupe de L\u00e9gumes Figu Active Yummy Veggie riche et d\u00e9licieuse!","description":"Soupe de L\u00e9gumes Figu Active Yummy Veggie remplace un repas complet. Soupe minceur aux l\u00e9gumes pour perdre du poids et maintenir son poids.","robots":{"index":"index","follow":"follow","max-snippet":"max-snippet:-1","max-image-preview":"max-image-preview:large","max-video-preview":"max-video-preview:-1"},"canonical":"https:\/\/www.lraloeverashop.eu\/fr\/produit\/figu-active-soupe-pommes-de-terre-auberge\/","og_locale":"fr_FR","og_type":"article","og_title":"Soupe de L\u00e9gumes Figu Active","og_description":"Soupe de L\u00e9gumes Figu Active Yummy Veggie remplace un repas complet. Soupe minceur aux l\u00e9gumes pour perdre du poids et maintenir son poids.","og_url":"https:\/\/www.lraloeverashop.eu\/fr\/produit\/figu-active-soupe-pommes-de-terre-auberge\/","og_site_name":"Boutique Lr Aloe Vera","article_publisher":"https:\/\/www.facebook.com\/lraloeverashop.eu","article_modified_time":"2026-02-02T18:31:50+00:00","og_image":[{"width":1200,"height":1200,"url":"https:\/\/www.lraloeverashop.eu\/wp-content\/uploads\/2023\/01\/FiguActive-vegetable-soup.jpg","type":"image\/jpeg"}],"twitter_card":"summary_large_image","twitter_site":"@natur__kosmetik","schema":{"@context":"https:\/\/schema.org","@graph":[{"@type":["WebPage","ItemPage"],"@id":"https:\/\/www.lraloeverashop.eu\/fr\/produit\/figu-active-soupe-pommes-de-terre-auberge\/","url":"https:\/\/www.lraloeverashop.eu\/fr\/produit\/figu-active-soupe-pommes-de-terre-auberge\/","name":"Soupe de L\u00e9gumes Figu Active Yummy Veggie riche et d\u00e9licieuse!","isPartOf":{"@id":"https:\/\/www.lraloeverashop.eu\/fr\/#website"},"primaryImageOfPage":{"@id":"https:\/\/www.lraloeverashop.eu\/fr\/produit\/figu-active-soupe-pommes-de-terre-auberge\/#primaryimage"},"image":{"@id":"https:\/\/www.lraloeverashop.eu\/fr\/produit\/figu-active-soupe-pommes-de-terre-auberge\/#primaryimage"},"thumbnailUrl":"https:\/\/www.lraloeverashop.eu\/wp-content\/uploads\/2023\/01\/FiguActive-vegetable-soup.jpg","datePublished":"2022-10-15T18:46:47+00:00","dateModified":"2026-02-02T18:31:50+00:00","description":"Soupe de L\u00e9gumes Figu Active Yummy Veggie remplace un repas complet. Soupe minceur aux l\u00e9gumes pour perdre du poids et maintenir son poids.","breadcrumb":{"@id":"https:\/\/www.lraloeverashop.eu\/fr\/produit\/figu-active-soupe-pommes-de-terre-auberge\/#breadcrumb"},"inLanguage":"fr-FR","potentialAction":[{"@type":"ReadAction","target":["https:\/\/www.lraloeverashop.eu\/fr\/produit\/figu-active-soupe-pommes-de-terre-auberge\/"]}]},{"@type":"ImageObject","inLanguage":"fr-FR","@id":"https:\/\/www.lraloeverashop.eu\/fr\/produit\/figu-active-soupe-pommes-de-terre-auberge\/#primaryimage","url":"https:\/\/www.lraloeverashop.eu\/wp-content\/uploads\/2023\/01\/FiguActive-vegetable-soup.jpg","contentUrl":"https:\/\/www.lraloeverashop.eu\/wp-content\/uploads\/2023\/01\/FiguActive-vegetable-soup.jpg","width":1200,"height":1200,"caption":"FiguActive soupe aux l\u00e9gumes"},{"@type":"BreadcrumbList","@id":"https:\/\/www.lraloeverashop.eu\/fr\/produit\/figu-active-soupe-pommes-de-terre-auberge\/#breadcrumb","itemListElement":[{"@type":"ListItem","position":1,"name":"Home","item":"https:\/\/www.lraloeverashop.eu\/fr\/"},{"@type":"ListItem","position":2,"name":"Boutique","item":"https:\/\/www.lraloeverashop.eu\/fr\/boutique\/"},{"@type":"ListItem","position":3,"name":"Soupe de L\u00e9gumes Figu Active"}]},{"@type":"WebSite","@id":"https:\/\/www.lraloeverashop.eu\/fr\/#website","url":"https:\/\/www.lraloeverashop.eu\/fr\/","name":"Boutique Lr Aloe Vera","description":"High Quality Lr Aloe Vera Gel, Aloe Vera Cream and Shampoo","publisher":{"@id":"https:\/\/www.lraloeverashop.eu\/fr\/#organization"},"potentialAction":[{"@type":"SearchAction","target":{"@type":"EntryPoint","urlTemplate":"https:\/\/www.lraloeverashop.eu\/fr\/?s={search_term_string}"},"query-input":{"@type":"PropertyValueSpecification","valueRequired":true,"valueName":"search_term_string"}}],"inLanguage":"fr-FR"},{"@type":"Organization","@id":"https:\/\/www.lraloeverashop.eu\/fr\/#organization","name":"Boutique Lr Aloe Vera","alternateName":"LR","url":"https:\/\/www.lraloeverashop.eu\/fr\/","logo":{"@type":"ImageObject","inLanguage":"fr-FR","@id":"https:\/\/www.lraloeverashop.eu\/fr\/#\/schema\/logo\/image\/","url":"https:\/\/www.lraloeverashop.eu\/wp-content\/uploads\/2022\/09\/cropped-Lr-Aloe-Vera-Shop.jpg","contentUrl":"https:\/\/www.lraloeverashop.eu\/wp-content\/uploads\/2022\/09\/cropped-Lr-Aloe-Vera-Shop.jpg","width":228,"height":76,"caption":"Boutique Lr Aloe Vera"},"image":{"@id":"https:\/\/www.lraloeverashop.eu\/fr\/#\/schema\/logo\/image\/"},"sameAs":["https:\/\/www.facebook.com\/lraloeverashop.eu","https:\/\/x.com\/natur__kosmetik","https:\/\/www.youtube.com\/channel\/UC5oN7BJ8nfYb8RpVtjwDEBA","https:\/\/www.instagram.com\/lrbeautyeu\/"]}]},"product_price_amount":"48.59","product_price_currency":"EUR","og_availability":"instock","product_availability":"instock","product_retailer_item_id":"81246-1FR","product_condition":"new"},"taxonomy_info":{"product_cat":[{"value":303,"label":"Soupes"},{"value":333,"label":"Substitut de repas"}],"product_tag":[{"value":583,"label":"Di\u00e8te"}]},"featured_image_src_large":["https:\/\/www.lraloeverashop.eu\/wp-content\/uploads\/2023\/01\/FiguActive-vegetable-soup-1024x1024.jpg",1024,1024,true],"author_info":[],"comment_info":0,"_links":{"self":[{"href":"https:\/\/www.lraloeverashop.eu\/fr\/wp-json\/wp\/v2\/product\/9166","targetHints":{"allow":["GET"]}}],"collection":[{"href":"https:\/\/www.lraloeverashop.eu\/fr\/wp-json\/wp\/v2\/product"}],"about":[{"href":"https:\/\/www.lraloeverashop.eu\/fr\/wp-json\/wp\/v2\/types\/product"}],"replies":[{"embeddable":true,"href":"https:\/\/www.lraloeverashop.eu\/fr\/wp-json\/wp\/v2\/comments?post=9166"}],"wp:featuredmedia":[{"embeddable":true,"href":"https:\/\/www.lraloeverashop.eu\/fr\/wp-json\/wp\/v2\/media\/9749"}],"wp:attachment":[{"href":"https:\/\/www.lraloeverashop.eu\/fr\/wp-json\/wp\/v2\/media?parent=9166"}],"wp:term":[{"taxonomy":"product_brand","embeddable":true,"href":"https:\/\/www.lraloeverashop.eu\/fr\/wp-json\/wp\/v2\/product_brand?post=9166"},{"taxonomy":"product_cat","embeddable":true,"href":"https:\/\/www.lraloeverashop.eu\/fr\/wp-json\/wp\/v2\/product_cat?post=9166"},{"taxonomy":"product_tag","embeddable":true,"href":"https:\/\/www.lraloeverashop.eu\/fr\/wp-json\/wp\/v2\/product_tag?post=9166"}],"curies":[{"name":"wp","href":"https:\/\/api.w.org\/{rel}","templated":true}]}}