{"id":9154,"date":"2022-10-15T20:54:19","date_gmt":"2022-10-15T18:54:19","guid":{"rendered":"https:\/\/www.lraloeverashop.eu\/product\/soupe-minceur-tomate-mediterranee\/"},"modified":"2026-02-02T19:31:36","modified_gmt":"2026-02-02T18:31:36","slug":"soupe-minceur-tomate-mediterranee","status":"publish","type":"product","link":"https:\/\/www.lraloeverashop.eu\/fr\/produit\/soupe-minceur-tomate-mediterranee\/","title":{"rendered":"Soupe Minceur Tomate M\u00e9diterran\u00e9e"},"content":{"rendered":"<h2><span style=\"font-size: 16pt;\"><strong>Soupe Minceur Tomate M\u00e9diterran\u00e9e<\/strong><\/span><\/h2>\n<p><span style=\"font-size: 14pt;\"><strong>Soupe Minceur Tomate M\u00e9diterran\u00e9e &#8211; Meilleur Support Pour Perdre Du Poids<\/strong><\/span><\/p>\n<p>Vous arrive-t-il souvent le soir de manger trop car vous avez envie d&rsquo;un repas chaud et qu&rsquo;une simple salade ne vous suffit pas? Aucun probl\u00e8me, avec <strong><a href=\"https:\/\/www.lraloeverashop.eu\/fr\/produit\/figu-active-soupe-de-legumes-au-curry-india\/\">Figu Active<\/a><\/strong>, vous n&rsquo;avez pas \u00e0 renoncer \u00e0 un repas chaud, uniquement au surplus de calories. Les d\u00e9licieuses <strong><a href=\"https:\/\/www.lraloeverashop.eu\/fr\/produit\/soupe-de-patate-douce-figu-active\/\">Soupes Figu Active<\/a><\/strong> vous rassasient, vous apportent ce dont votre organisme a besoin et remplacent tr\u00e8s simplement un repas complet.<\/p>\n<p>Cette soupe minceur contient de l&rsquo;inuline. L&rsquo;inuline ayant un effet stimulant sur la fonction intestinale et la flore intestinale, un apport accru peut entra\u00eener des troubles digestifs (flatulences, diarrh\u00e9e). Les personnes ayant un <a href=\"https:\/\/www.lraloeverashop.eu\/fr\/produit\/pro-12-plus-probiotiques\/\">tractus gastro-intestinal<\/a> sensible doivent consulter leur m\u00e9decin avant de consommer le produit.<\/p>\n<p>La Soupe Minceur Tomate M\u00e9diterran\u00e9e Figu Active \u00e0 la tomate \u00ab M\u00e9diterran\u00e9e \u00bb a un go\u00fbt savoureux de tomate et remplace un repas \u00ab normal \u00bb tout en vous apportant l&rsquo;ensemble des nutriments importants. Vous pouvez agr\u00e9menter la soupe de l\u00e9gumes frais \u00e0 faible apport calorique, comme des tomates ou du poireau, et faire de chaque soupe un repas d\u00e9licieux et individuel.<\/p>\n<p>&nbsp;<\/p>\n<h3><strong><span style=\"font-size: 16pt;\"><a href=\"https:\/\/www.lraloeverashop.eu\/wp-content\/uploads\/2024\/09\/weight-loss-diet-review-300x300.jpeg\"><img loading=\"lazy\" decoding=\"async\" class=\"alignleft wp-image-16349 size-medium\" src=\"https:\/\/www.lraloeverashop.eu\/wp-content\/uploads\/2024\/09\/weight-loss-diet-review-300x300.jpeg\" alt=\"Avis sur le r\u00e9gime amaigrissant\" width=\"300\" height=\"300\" srcset=\"https:\/\/www.lraloeverashop.eu\/wp-content\/uploads\/2024\/09\/weight-loss-diet-review-300x300.jpeg 300w, https:\/\/www.lraloeverashop.eu\/wp-content\/uploads\/2024\/09\/weight-loss-diet-review-1024x1024.jpeg 1024w, https:\/\/www.lraloeverashop.eu\/wp-content\/uploads\/2024\/09\/weight-loss-diet-review-150x150.jpeg 150w, https:\/\/www.lraloeverashop.eu\/wp-content\/uploads\/2024\/09\/weight-loss-diet-review-768x768.jpeg 768w, https:\/\/www.lraloeverashop.eu\/wp-content\/uploads\/2024\/09\/weight-loss-diet-review-600x600.jpeg 600w, https:\/\/www.lraloeverashop.eu\/wp-content\/uploads\/2024\/09\/weight-loss-diet-review-100x100.jpeg 100w, https:\/\/www.lraloeverashop.eu\/wp-content\/uploads\/2024\/09\/weight-loss-diet-review.jpeg 1200w\" sizes=\"auto, (max-width: 300px) 100vw, 300px\" \/><\/a>Comment pr\u00e9parer la soupe<\/span><\/strong><\/h3>\n<p>M\u00e9langez au fouet 7 cuill\u00e8res \u00e0 Soupe Minceur Tomate M\u00e9diterran\u00e9e bomb\u00e9es dans 350 ml d\u2019eau chaude. Prenez pour cela un r\u00e9cipient assez grand, un saladier de 350 ml est trop petit. Apr\u00e8s avoir laiss\u00e9 bri\u00e8vement gonfler, remuer \u00e0 nouveau et consommer en <strong><a href=\"https:\/\/www.lraloeverashop.eu\/fr\/produit\/figu-active-soupe-pommes-de-terre-auberge\/\">remplacement<\/a><\/strong> de votre d\u00e9jeuner ou d\u00eener.<\/p>\n<p>Dans le cadre d\u2019une alimentation faible en calories, veillez imp\u00e9rativement \u00e0 boire suffisamment. Par jour, 2 \u00e0 3 litres de liquide exempt de calories, de pr\u00e9f\u00e9rence de l\u2019eau min\u00e9rale ou du <a href=\"https:\/\/www.lraloeverashop.eu\/fr\/produit\/tisane-pour-maigrir\/\">th\u00e9<\/a> non-sucr\u00e9, sont n\u00e9cessaires. Le produit n\u2019atteint son but vis\u00e9 que dans le cadre d\u2019une alimentation faible en calories. Veillez imp\u00e9rativement \u00e0 un mode de vie sain et \u00e0 une <strong><a href=\"https:\/\/www.lraloeverashop.eu\/fr\/substitut-de-repas-figu-active-le-regime-amaigrissant-intelligent\/\">alimentation \u00e9quilibr\u00e9e<\/a><\/strong> et diversifi\u00e9e.<\/p>\n<p>&nbsp;<\/p>\n<p>&nbsp;<\/p>\n<p><a style=\"transition-property: all; outline: 0px;\" href=\"https:\/\/www.lraloeverashop.eu\/wp-content\/uploads\/2024\/09\/man-weight-loss-before-and-after-300x300.jpeg\"><img loading=\"lazy\" decoding=\"async\" class=\"alignleft wp-image-16356 size-medium\" style=\"margin-right: var(--global-md-spacing);\" src=\"https:\/\/www.lraloeverashop.eu\/wp-content\/uploads\/2024\/09\/man-weight-loss-before-and-after-300x300.jpeg\" alt=\"R\u00e9gime amaigrissant avant et apr\u00e8s\" width=\"300\" height=\"300\" srcset=\"https:\/\/www.lraloeverashop.eu\/wp-content\/uploads\/2024\/09\/man-weight-loss-before-and-after-300x300.jpeg 300w, https:\/\/www.lraloeverashop.eu\/wp-content\/uploads\/2024\/09\/man-weight-loss-before-and-after-1024x1024.jpeg 1024w, https:\/\/www.lraloeverashop.eu\/wp-content\/uploads\/2024\/09\/man-weight-loss-before-and-after-150x150.jpeg 150w, https:\/\/www.lraloeverashop.eu\/wp-content\/uploads\/2024\/09\/man-weight-loss-before-and-after-768x768.jpeg 768w, https:\/\/www.lraloeverashop.eu\/wp-content\/uploads\/2024\/09\/man-weight-loss-before-and-after-600x600.jpeg 600w, https:\/\/www.lraloeverashop.eu\/wp-content\/uploads\/2024\/09\/man-weight-loss-before-and-after-100x100.jpeg 100w, https:\/\/www.lraloeverashop.eu\/wp-content\/uploads\/2024\/09\/man-weight-loss-before-and-after.jpeg 1200w\" sizes=\"auto, (max-width: 300px) 100vw, 300px\" \/><\/a>D\u2019autres aliments doivent faire partie de cette alimentation. Le repas contient tous les nutriments n\u00e9cessaires en quantit\u00e9 suffisante. Les instructions de pr\u00e9paration doivent \u00eatre respect\u00e9es.<\/p>\n<h3><\/h3>\n<p>Secouer la bo\u00eete de Soupe Minceur Tomate M\u00e9diterran\u00e9e avant usage. Le volume de remplissage est impos\u00e9 par des contraintes techniques. Conserver \u00e0 un endroit frais et sec, consommer rapidement apr\u00e8s l\u2019ouverture.<\/p>\n<p>1. Le remplacement de deux repas principaux quotidiens par ce genre de <a href=\"https:\/\/www.lraloeverashop.eu\/fr\/produit\/figu-active-flocons-canneberge-croquante\/\">repas de substitution<\/a> dans le cadre d\u2019une d\u2019alimentation peu calorique permet la perte de poids..<\/p>\n<p>2. Le remplacement de l\u2019un des <a href=\"https:\/\/www.lraloeverashop.eu\/fr\/produit\/fibres-alimentaires-fiber-boost\/\">repas<\/a> quotidiens par ce genre de repas de substitution dans le cadre d\u2019une d\u2019alimentation peu calorique permet de maintenir la ligne apr\u00e8s une perte de poids.<\/p>\n","protected":false},"excerpt":{"rendered":"<ul>\n<li>Soupe amaigrissante au go\u00fbt de tomate<\/li>\n<li>Chaque portion remplace un repas complet<\/li>\n<li>Pour perdre du poids et maintenir son poids<\/li>\n<li>100% v\u00e9g\u00e9talien, \u00e9dulcor\u00e9 avec de la st\u00e9via<\/li>\n<li>Teneur \u00e9lev\u00e9e en fibres<\/li>\n<li>Riche en prot\u00e9ines de pois, de soja et de f\u00e8ves<\/li>\n<li>Sans gluten, lactose, huile de palme, colorants artificiels et exhausteurs de go\u00fbt<\/li>\n<li>Quantit\u00e9 : 488g<\/li>\n<\/ul>\n<p style=\"text-align: left;\"><span style=\"color: #ff0000;\"><a style=\"color: #ff0000;\" href=\"https:\/\/shop.lrworld.com\/openpao?PHP=0vFlt7jT938BEnBI3a6e9w%3D%3D\"><span style=\"font-size: 14pt;\"><strong>Inscrivez-vous et \u00e9conomisez 35% sur chaque commande<\/strong><\/span><\/a><\/span><\/p>\n","protected":false},"featured_media":9777,"comment_status":"open","ping_status":"closed","template":"","meta":{"_kad_blocks_custom_css":"","_kad_blocks_head_custom_js":"","_kad_blocks_body_custom_js":"","_kad_blocks_footer_custom_js":"","_kadence_starter_templates_imported_post":false,"_kad_post_transparent":"default","_kad_post_title":"","_kad_post_layout":"default","_kad_post_sidebar_id":"","_kad_post_content_style":"default","_kad_post_vertical_padding":"default","_kad_post_feature":"","_kad_post_feature_position":"","_kad_post_header":false,"_kad_post_footer":false,"_kad_post_classname":""},"product_brand":[],"product_cat":[303,333],"product_tag":[583],"class_list":{"0":"post-9154","1":"product","2":"type-product","3":"status-publish","4":"has-post-thumbnail","6":"product_cat-body-mission-soupes","7":"product_cat-supplements-dietetiques","8":"product_tag-diete","10":"first","11":"instock","12":"taxable","13":"shipping-taxable","14":"purchasable","15":"product-type-simple","16":"entry","17":"content-bg","18":"loop-entry"},"yoast_head":"<!-- This site is optimized with the Yoast SEO Premium plugin v27.4 (Yoast SEO v27.4) - https:\/\/yoast.com\/product\/yoast-seo-premium-wordpress\/ -->\n<title>Soupe Minceur Tomate M\u00e9diterran\u00e9e pour Perdre Du Poids<\/title>\n<meta name=\"description\" content=\"Soupe Minceur Tomate M\u00e9diterran\u00e9e riche en prot\u00e9ines de pois, de soja et de f\u00e8ves. Au go\u00fbt de tomate. Chaque portion remplace un repas complet\" \/>\n<meta name=\"robots\" content=\"index, follow, max-snippet:-1, max-image-preview:large, max-video-preview:-1\" \/>\n<link rel=\"canonical\" href=\"https:\/\/www.lraloeverashop.eu\/fr\/produit\/soupe-minceur-tomate-mediterranee\/\" \/>\n<meta property=\"og:locale\" content=\"fr_FR\" \/>\n<meta property=\"og:type\" content=\"article\" \/>\n<meta property=\"og:title\" content=\"Soupe Minceur Tomate M\u00e9diterran\u00e9e\" \/>\n<meta property=\"og:description\" content=\"Soupe Minceur Tomate M\u00e9diterran\u00e9e riche en prot\u00e9ines de pois, de soja et de f\u00e8ves. Au go\u00fbt de tomate. Chaque portion remplace un repas complet\" \/>\n<meta property=\"og:url\" content=\"https:\/\/www.lraloeverashop.eu\/fr\/produit\/soupe-minceur-tomate-mediterranee\/\" \/>\n<meta property=\"og:site_name\" content=\"Boutique Lr Aloe Vera\" \/>\n<meta property=\"article:publisher\" content=\"https:\/\/www.facebook.com\/lraloeverashop.eu\" \/>\n<meta property=\"article:modified_time\" content=\"2026-02-02T18:31:36+00:00\" \/>\n<meta property=\"og:image\" content=\"https:\/\/www.lraloeverashop.eu\/wp-content\/uploads\/2023\/01\/Figuactive-Weight-Loss-Soup-Tomato-Mediterranee.jpg\" \/>\n\t<meta property=\"og:image:width\" content=\"1200\" \/>\n\t<meta property=\"og:image:height\" content=\"1200\" \/>\n\t<meta property=\"og:image:type\" content=\"image\/jpeg\" \/>\n<meta name=\"twitter:card\" content=\"summary_large_image\" \/>\n<meta name=\"twitter:site\" content=\"@natur__kosmetik\" \/>\n<script type=\"application\/ld+json\" class=\"yoast-schema-graph\">{\"@context\":\"https:\\\/\\\/schema.org\",\"@graph\":[{\"@type\":[\"WebPage\",\"ItemPage\"],\"@id\":\"https:\\\/\\\/www.lraloeverashop.eu\\\/fr\\\/produit\\\/soupe-minceur-tomate-mediterranee\\\/\",\"url\":\"https:\\\/\\\/www.lraloeverashop.eu\\\/fr\\\/produit\\\/soupe-minceur-tomate-mediterranee\\\/\",\"name\":\"Soupe Minceur Tomate M\u00e9diterran\u00e9e pour Perdre Du Poids\",\"isPartOf\":{\"@id\":\"https:\\\/\\\/www.lraloeverashop.eu\\\/fr\\\/#website\"},\"primaryImageOfPage\":{\"@id\":\"https:\\\/\\\/www.lraloeverashop.eu\\\/fr\\\/produit\\\/soupe-minceur-tomate-mediterranee\\\/#primaryimage\"},\"image\":{\"@id\":\"https:\\\/\\\/www.lraloeverashop.eu\\\/fr\\\/produit\\\/soupe-minceur-tomate-mediterranee\\\/#primaryimage\"},\"thumbnailUrl\":\"https:\\\/\\\/www.lraloeverashop.eu\\\/wp-content\\\/uploads\\\/2023\\\/01\\\/Figuactive-Weight-Loss-Soup-Tomato-Mediterranee.jpg\",\"datePublished\":\"2022-10-15T18:54:19+00:00\",\"dateModified\":\"2026-02-02T18:31:36+00:00\",\"description\":\"Soupe Minceur Tomate M\u00e9diterran\u00e9e riche en prot\u00e9ines de pois, de soja et de f\u00e8ves. Au go\u00fbt de tomate. Chaque portion remplace un repas complet\",\"breadcrumb\":{\"@id\":\"https:\\\/\\\/www.lraloeverashop.eu\\\/fr\\\/produit\\\/soupe-minceur-tomate-mediterranee\\\/#breadcrumb\"},\"inLanguage\":\"fr-FR\",\"potentialAction\":[{\"@type\":\"ReadAction\",\"target\":[\"https:\\\/\\\/www.lraloeverashop.eu\\\/fr\\\/produit\\\/soupe-minceur-tomate-mediterranee\\\/\"]}]},{\"@type\":\"ImageObject\",\"inLanguage\":\"fr-FR\",\"@id\":\"https:\\\/\\\/www.lraloeverashop.eu\\\/fr\\\/produit\\\/soupe-minceur-tomate-mediterranee\\\/#primaryimage\",\"url\":\"https:\\\/\\\/www.lraloeverashop.eu\\\/wp-content\\\/uploads\\\/2023\\\/01\\\/Figuactive-Weight-Loss-Soup-Tomato-Mediterranee.jpg\",\"contentUrl\":\"https:\\\/\\\/www.lraloeverashop.eu\\\/wp-content\\\/uploads\\\/2023\\\/01\\\/Figuactive-Weight-Loss-Soup-Tomato-Mediterranee.jpg\",\"width\":1200,\"height\":1200,\"caption\":\"Soupe Minceur Tomate M\u00e9diterran\u00e9e\"},{\"@type\":\"BreadcrumbList\",\"@id\":\"https:\\\/\\\/www.lraloeverashop.eu\\\/fr\\\/produit\\\/soupe-minceur-tomate-mediterranee\\\/#breadcrumb\",\"itemListElement\":[{\"@type\":\"ListItem\",\"position\":1,\"name\":\"Home\",\"item\":\"https:\\\/\\\/www.lraloeverashop.eu\\\/fr\\\/\"},{\"@type\":\"ListItem\",\"position\":2,\"name\":\"Boutique\",\"item\":\"https:\\\/\\\/www.lraloeverashop.eu\\\/fr\\\/boutique\\\/\"},{\"@type\":\"ListItem\",\"position\":3,\"name\":\"Soupe Minceur Tomate M\u00e9diterran\u00e9e\"}]},{\"@type\":\"WebSite\",\"@id\":\"https:\\\/\\\/www.lraloeverashop.eu\\\/fr\\\/#website\",\"url\":\"https:\\\/\\\/www.lraloeverashop.eu\\\/fr\\\/\",\"name\":\"Boutique Lr Aloe Vera\",\"description\":\"High Quality Lr Aloe Vera Gel, Aloe Vera Cream and Shampoo\",\"publisher\":{\"@id\":\"https:\\\/\\\/www.lraloeverashop.eu\\\/fr\\\/#organization\"},\"potentialAction\":[{\"@type\":\"SearchAction\",\"target\":{\"@type\":\"EntryPoint\",\"urlTemplate\":\"https:\\\/\\\/www.lraloeverashop.eu\\\/fr\\\/?s={search_term_string}\"},\"query-input\":{\"@type\":\"PropertyValueSpecification\",\"valueRequired\":true,\"valueName\":\"search_term_string\"}}],\"inLanguage\":\"fr-FR\"},{\"@type\":\"Organization\",\"@id\":\"https:\\\/\\\/www.lraloeverashop.eu\\\/fr\\\/#organization\",\"name\":\"Boutique Lr Aloe Vera\",\"alternateName\":\"LR\",\"url\":\"https:\\\/\\\/www.lraloeverashop.eu\\\/fr\\\/\",\"logo\":{\"@type\":\"ImageObject\",\"inLanguage\":\"fr-FR\",\"@id\":\"https:\\\/\\\/www.lraloeverashop.eu\\\/fr\\\/#\\\/schema\\\/logo\\\/image\\\/\",\"url\":\"https:\\\/\\\/www.lraloeverashop.eu\\\/wp-content\\\/uploads\\\/2022\\\/09\\\/cropped-Lr-Aloe-Vera-Shop.jpg\",\"contentUrl\":\"https:\\\/\\\/www.lraloeverashop.eu\\\/wp-content\\\/uploads\\\/2022\\\/09\\\/cropped-Lr-Aloe-Vera-Shop.jpg\",\"width\":228,\"height\":76,\"caption\":\"Boutique Lr Aloe Vera\"},\"image\":{\"@id\":\"https:\\\/\\\/www.lraloeverashop.eu\\\/fr\\\/#\\\/schema\\\/logo\\\/image\\\/\"},\"sameAs\":[\"https:\\\/\\\/www.facebook.com\\\/lraloeverashop.eu\",\"https:\\\/\\\/x.com\\\/natur__kosmetik\",\"https:\\\/\\\/www.youtube.com\\\/channel\\\/UC5oN7BJ8nfYb8RpVtjwDEBA\",\"https:\\\/\\\/www.instagram.com\\\/lrbeautyeu\\\/\"],\"description\":\"La boutique LR Aloe Vera est votre destination de confiance pour les produits de sant\u00e9 et de beaut\u00e9 haut de gamme LR, fabriqu\u00e9s en Allemagne. Nous proposons des soins de la peau, des compl\u00e9ments nutritionnels et des solutions anti-\u00e2ge \u00e0 l'aloe vera de haute qualit\u00e9, \u00e9labor\u00e9s \u00e0 partir d'ingr\u00e9dients purs et valid\u00e9s par la recherche scientifique. D\u00e9couvrez des soins naturels qui r\u00e9g\u00e9n\u00e8rent, prot\u00e8gent et revitalisent votre peau, et profitez d'offres mensuelles exclusives sur nos produits LR Aloe Vera les plus vendus.\\n\\nCommencez d\u00e8s aujourd'hui votre parcours vers des soins naturels et constatez la diff\u00e9rence.\",\"email\":\"info@lraloeverashop.eu\",\"telephone\":\"+49 17670609653\",\"legalName\":\"Lr Aloe Vera Shop\",\"foundingDate\":\"2018-04-21\",\"numberOfEmployees\":{\"@type\":\"QuantitativeValue\",\"minValue\":\"1\",\"maxValue\":\"10\"}}]}<\/script>\n<meta property=\"product:price:amount\" content=\"48.59\" \/>\n<meta property=\"product:price:currency\" content=\"EUR\" \/>\n<meta property=\"og:availability\" content=\"instock\" \/>\n<meta property=\"product:availability\" content=\"instock\" \/>\n<meta property=\"product:retailer_item_id\" content=\"81244-1FR\" \/>\n<meta property=\"product:condition\" content=\"new\" \/>\n<!-- \/ Yoast SEO Premium plugin. -->","yoast_head_json":{"title":"Soupe Minceur Tomate M\u00e9diterran\u00e9e pour Perdre Du Poids","description":"Soupe Minceur Tomate M\u00e9diterran\u00e9e riche en prot\u00e9ines de pois, de soja et de f\u00e8ves. Au go\u00fbt de tomate. Chaque portion remplace un repas complet","robots":{"index":"index","follow":"follow","max-snippet":"max-snippet:-1","max-image-preview":"max-image-preview:large","max-video-preview":"max-video-preview:-1"},"canonical":"https:\/\/www.lraloeverashop.eu\/fr\/produit\/soupe-minceur-tomate-mediterranee\/","og_locale":"fr_FR","og_type":"article","og_title":"Soupe Minceur Tomate M\u00e9diterran\u00e9e","og_description":"Soupe Minceur Tomate M\u00e9diterran\u00e9e riche en prot\u00e9ines de pois, de soja et de f\u00e8ves. Au go\u00fbt de tomate. Chaque portion remplace un repas complet","og_url":"https:\/\/www.lraloeverashop.eu\/fr\/produit\/soupe-minceur-tomate-mediterranee\/","og_site_name":"Boutique Lr Aloe Vera","article_publisher":"https:\/\/www.facebook.com\/lraloeverashop.eu","article_modified_time":"2026-02-02T18:31:36+00:00","og_image":[{"width":1200,"height":1200,"url":"https:\/\/www.lraloeverashop.eu\/wp-content\/uploads\/2023\/01\/Figuactive-Weight-Loss-Soup-Tomato-Mediterranee.jpg","type":"image\/jpeg"}],"twitter_card":"summary_large_image","twitter_site":"@natur__kosmetik","schema":{"@context":"https:\/\/schema.org","@graph":[{"@type":["WebPage","ItemPage"],"@id":"https:\/\/www.lraloeverashop.eu\/fr\/produit\/soupe-minceur-tomate-mediterranee\/","url":"https:\/\/www.lraloeverashop.eu\/fr\/produit\/soupe-minceur-tomate-mediterranee\/","name":"Soupe Minceur Tomate M\u00e9diterran\u00e9e pour Perdre Du Poids","isPartOf":{"@id":"https:\/\/www.lraloeverashop.eu\/fr\/#website"},"primaryImageOfPage":{"@id":"https:\/\/www.lraloeverashop.eu\/fr\/produit\/soupe-minceur-tomate-mediterranee\/#primaryimage"},"image":{"@id":"https:\/\/www.lraloeverashop.eu\/fr\/produit\/soupe-minceur-tomate-mediterranee\/#primaryimage"},"thumbnailUrl":"https:\/\/www.lraloeverashop.eu\/wp-content\/uploads\/2023\/01\/Figuactive-Weight-Loss-Soup-Tomato-Mediterranee.jpg","datePublished":"2022-10-15T18:54:19+00:00","dateModified":"2026-02-02T18:31:36+00:00","description":"Soupe Minceur Tomate M\u00e9diterran\u00e9e riche en prot\u00e9ines de pois, de soja et de f\u00e8ves. Au go\u00fbt de tomate. Chaque portion remplace un repas complet","breadcrumb":{"@id":"https:\/\/www.lraloeverashop.eu\/fr\/produit\/soupe-minceur-tomate-mediterranee\/#breadcrumb"},"inLanguage":"fr-FR","potentialAction":[{"@type":"ReadAction","target":["https:\/\/www.lraloeverashop.eu\/fr\/produit\/soupe-minceur-tomate-mediterranee\/"]}]},{"@type":"ImageObject","inLanguage":"fr-FR","@id":"https:\/\/www.lraloeverashop.eu\/fr\/produit\/soupe-minceur-tomate-mediterranee\/#primaryimage","url":"https:\/\/www.lraloeverashop.eu\/wp-content\/uploads\/2023\/01\/Figuactive-Weight-Loss-Soup-Tomato-Mediterranee.jpg","contentUrl":"https:\/\/www.lraloeverashop.eu\/wp-content\/uploads\/2023\/01\/Figuactive-Weight-Loss-Soup-Tomato-Mediterranee.jpg","width":1200,"height":1200,"caption":"Soupe Minceur Tomate M\u00e9diterran\u00e9e"},{"@type":"BreadcrumbList","@id":"https:\/\/www.lraloeverashop.eu\/fr\/produit\/soupe-minceur-tomate-mediterranee\/#breadcrumb","itemListElement":[{"@type":"ListItem","position":1,"name":"Home","item":"https:\/\/www.lraloeverashop.eu\/fr\/"},{"@type":"ListItem","position":2,"name":"Boutique","item":"https:\/\/www.lraloeverashop.eu\/fr\/boutique\/"},{"@type":"ListItem","position":3,"name":"Soupe Minceur Tomate M\u00e9diterran\u00e9e"}]},{"@type":"WebSite","@id":"https:\/\/www.lraloeverashop.eu\/fr\/#website","url":"https:\/\/www.lraloeverashop.eu\/fr\/","name":"Boutique Lr Aloe Vera","description":"High Quality Lr Aloe Vera Gel, Aloe Vera Cream and Shampoo","publisher":{"@id":"https:\/\/www.lraloeverashop.eu\/fr\/#organization"},"potentialAction":[{"@type":"SearchAction","target":{"@type":"EntryPoint","urlTemplate":"https:\/\/www.lraloeverashop.eu\/fr\/?s={search_term_string}"},"query-input":{"@type":"PropertyValueSpecification","valueRequired":true,"valueName":"search_term_string"}}],"inLanguage":"fr-FR"},{"@type":"Organization","@id":"https:\/\/www.lraloeverashop.eu\/fr\/#organization","name":"Boutique Lr Aloe Vera","alternateName":"LR","url":"https:\/\/www.lraloeverashop.eu\/fr\/","logo":{"@type":"ImageObject","inLanguage":"fr-FR","@id":"https:\/\/www.lraloeverashop.eu\/fr\/#\/schema\/logo\/image\/","url":"https:\/\/www.lraloeverashop.eu\/wp-content\/uploads\/2022\/09\/cropped-Lr-Aloe-Vera-Shop.jpg","contentUrl":"https:\/\/www.lraloeverashop.eu\/wp-content\/uploads\/2022\/09\/cropped-Lr-Aloe-Vera-Shop.jpg","width":228,"height":76,"caption":"Boutique Lr Aloe Vera"},"image":{"@id":"https:\/\/www.lraloeverashop.eu\/fr\/#\/schema\/logo\/image\/"},"sameAs":["https:\/\/www.facebook.com\/lraloeverashop.eu","https:\/\/x.com\/natur__kosmetik","https:\/\/www.youtube.com\/channel\/UC5oN7BJ8nfYb8RpVtjwDEBA","https:\/\/www.instagram.com\/lrbeautyeu\/"],"description":"La boutique LR Aloe Vera est votre destination de confiance pour les produits de sant\u00e9 et de beaut\u00e9 haut de gamme LR, fabriqu\u00e9s en Allemagne. Nous proposons des soins de la peau, des compl\u00e9ments nutritionnels et des solutions anti-\u00e2ge \u00e0 l'aloe vera de haute qualit\u00e9, \u00e9labor\u00e9s \u00e0 partir d'ingr\u00e9dients purs et valid\u00e9s par la recherche scientifique. D\u00e9couvrez des soins naturels qui r\u00e9g\u00e9n\u00e8rent, prot\u00e8gent et revitalisent votre peau, et profitez d'offres mensuelles exclusives sur nos produits LR Aloe Vera les plus vendus.\n\nCommencez d\u00e8s aujourd'hui votre parcours vers des soins naturels et constatez la diff\u00e9rence.","email":"info@lraloeverashop.eu","telephone":"+49 17670609653","legalName":"Lr Aloe Vera Shop","foundingDate":"2018-04-21","numberOfEmployees":{"@type":"QuantitativeValue","minValue":"1","maxValue":"10"}}]},"product_price_amount":"48.59","product_price_currency":"EUR","og_availability":"instock","product_availability":"instock","product_retailer_item_id":"81244-1FR","product_condition":"new"},"taxonomy_info":{"product_cat":[{"value":303,"label":"Soupes"},{"value":333,"label":"Substitut de repas"}],"product_tag":[{"value":583,"label":"Di\u00e8te"}]},"featured_image_src_large":["https:\/\/www.lraloeverashop.eu\/wp-content\/uploads\/2023\/01\/Figuactive-Weight-Loss-Soup-Tomato-Mediterranee-1024x1024.jpg",1024,1024,true],"author_info":[],"comment_info":0,"_links":{"self":[{"href":"https:\/\/www.lraloeverashop.eu\/fr\/wp-json\/wp\/v2\/product\/9154","targetHints":{"allow":["GET"]}}],"collection":[{"href":"https:\/\/www.lraloeverashop.eu\/fr\/wp-json\/wp\/v2\/product"}],"about":[{"href":"https:\/\/www.lraloeverashop.eu\/fr\/wp-json\/wp\/v2\/types\/product"}],"replies":[{"embeddable":true,"href":"https:\/\/www.lraloeverashop.eu\/fr\/wp-json\/wp\/v2\/comments?post=9154"}],"wp:featuredmedia":[{"embeddable":true,"href":"https:\/\/www.lraloeverashop.eu\/fr\/wp-json\/wp\/v2\/media\/9777"}],"wp:attachment":[{"href":"https:\/\/www.lraloeverashop.eu\/fr\/wp-json\/wp\/v2\/media?parent=9154"}],"wp:term":[{"taxonomy":"product_brand","embeddable":true,"href":"https:\/\/www.lraloeverashop.eu\/fr\/wp-json\/wp\/v2\/product_brand?post=9154"},{"taxonomy":"product_cat","embeddable":true,"href":"https:\/\/www.lraloeverashop.eu\/fr\/wp-json\/wp\/v2\/product_cat?post=9154"},{"taxonomy":"product_tag","embeddable":true,"href":"https:\/\/www.lraloeverashop.eu\/fr\/wp-json\/wp\/v2\/product_tag?post=9154"}],"curies":[{"name":"wp","href":"https:\/\/api.w.org\/{rel}","templated":true}]}}